{"id":44144,"date":"2017-10-20T14:47:17","date_gmt":"2017-10-20T12:47:17","guid":{"rendered":"https:\/\/sen-shop.com\/collections\/uncategorized\/liberosan-plus-za-zglobove-ligamente\/"},"modified":"2022-06-01T00:08:03","modified_gmt":"2022-05-31T22:08:03","slug":"kolagen-plus-za-zglobove-ligamente","status":"publish","type":"product","link":"https:\/\/sen-shop.com\/hr\/collections\/prehrambeni-dodaci\/problemi-s-kostima\/kolagen-plus-za-zglobove-ligamente\/","title":{"rendered":"Kolagen plus, za zglobove, ligamente"},"content":{"rendered":"<p>[vc_row][vc_column][vc_column_text css=&#8221;.vc_custom_1625570750546{padding-top: 30px !important;padding-right: 30px !important;padding-bottom: 30px !important;padding-left: 30px !important;background-color: #c9db95 !important;}&#8221;]<br \/>\n<strong>Zglobovi,<\/strong> hrskavice i <strong>kosti<\/strong> s vremenom su izlo\u017eeni prirodnom tro\u0161enju, pa su im svakodnevno potrebne hranjive tvari. Zglobovi su posebice optere\u0107eni kod ljudi s prekomjernom tjelesnom te\u017einom, starijih osoba i sporta\u0161a.<\/p>\n<p><strong>Kolagen<\/strong> u prahu sadr\u017ei visoku koncentraciju osnovnih blokova od kojih se sastoji protein, esencijalnih aminokiselina koje tijelo ne mo\u017ee sintetizirati samo. Potro\u0161nja kolagena <strong>inhibira proces starenja, pobolj\u0161ava teksturu ko\u017ee i \u0161titi zglobove.<\/strong> Kapsule tako\u0111er sadr\u017ee <strong>kalcij i magnezij, vitalne blokove od kojih se sastoje kosti i zubi,<\/strong> te vitamin C, koji \u0161titi tijelo od oslobo\u0111enih radikala.<\/p>\n<p>[\/vc_column_text][\/vc_column][\/vc_row][vc_row][vc_column][vc_column_text css=&#8221;.vc_custom_1650622220067{padding-top: 30px !important;padding-right: 30px !important;padding-bottom: 30px !important;padding-left: 30px !important;background-color: #ededed !important;}&#8221;]- Liberosan kapsule sadr\u017ee kolagen (hidrolizat \u017eelatine) koji se vrlo dobro apsorbira u tijelu.<\/p>\n<p>&#8211; Dvije kapsule dva puta dnevno, prije obroka.<\/p>\n<p>&#8211; Magnezij i kalcij su potrebni za odr\u017eavanje zdravih kostiju i zuba.[\/vc_column_text][\/vc_column][\/vc_row][vc_row][vc_column][vc_column_text]<strong>Poreme\u0107aj sinteze kolagena<\/strong> ne o\u010dituje se samo u lo\u0161em funkcioniranju mi\u0161i\u0107no-ko\u0161tanog sustava (uko\u010denost, periartikularna bol), ve\u0107 i unutar tkiva i organa gdje kolagen i sli\u010dne tvari imaju strate\u0161ke funkcije. Najopasniji za na\u0161e zdravlje su <strong>poreme\u0107aji imunolo\u0161kog sustava.<\/strong> Kolagen igra va\u017enu ulogu u imunolo\u0161koj obrani \u2013 ograni\u010dava prodor i \u0161irenje patogena, mikroorganizama i stanica raka.<\/p>\n<p><strong>Proteini kolagena<\/strong> povoljno utje\u010du na cjelokupnu <strong>regeneraciju mi\u0161i\u0107no-ko\u0161tanog sustava,<\/strong> poput ja\u010danja tetiva, mi\u0161i\u0107a i zglobova koji se preoptere\u0107uju prekomjernim radom ili fizi\u010dkim naporom. <strong>Kolagen<\/strong> je stoga <strong>pogodan za profesionalne sporta\u0161e<\/strong> i sve one koji \u017eive aktivnim stilom \u017eivota, <strong>za osobe koje su iscrpljene raznim fizi\u010dkim naporima<\/strong> te <strong>za osobe u fazi rehabilitacije<\/strong> nakon raznih ozljeda. Tako\u0111er je vrlo preporu\u010dljiv i koristan tijekom razdoblja intenzivnog rasta <strong>i za tinejd\u017eere<\/strong>.[\/vc_column_text][\/vc_column][\/vc_row]<\/p>\n","protected":false},"excerpt":{"rendered":"<p><strong>Liberosan kapsule<\/strong> sadr\u017ee lako apsorbiraju\u0107i <strong>kolagen<\/strong> (hidrolizat \u017eelatine) s dodatkom <strong>kalcija, magnezija i vitamina C.<\/strong> Kolagen odr\u017eava i podr\u017eava zdrave kosti, zglobove, nokte i folikule kose. Tijekom godina tijelo gubi sposobnost obnavljanja kolagena, zbog \u010dega ga je potrebno nadoknaditi.<\/p>\n<ul>\n<li>pobolj\u0161ava i pomla\u0111uje ko\u017eu, nokte i kosu<\/li>\n<li>obnavlja kosti i zglobove<\/li>\n<li>sprje\u010dava osteoporozu i artritis<\/li>\n<li>ubrzava oporavak od operacija i ozljeda<\/li>\n<li>kolagen, kalcij, magnezij i vitamin C<\/li>\n<\/ul>\n<p>Istro\u0161enost zglobova obi\u010dno je genetska, ali mo\u017ee biti uzrokovana i prekomjernom te\u017einom, prekomjernom upotrebom, ozljedama zglobova i odre\u0111enim bolestima. Unos kolagena pobolj\u0161ava i sprje\u010dava daljnje tro\u0161enje i ozljede zglobova.<\/p>\n","protected":false},"featured_media":58856,"comment_status":"open","ping_status":"closed","template":"","meta":{"inline_featured_image":false},"product_cat":[423,403,444,446],"product_tag":[409,412,414,408,413,375,407,399,442],"class_list":["post-44144","product","type-product","status-publish","has-post-thumbnail","hentry","product_cat-crni-petak","product_cat-prehrambeni-dodaci","product_cat-problemi-s-kostima","product_cat-problemi-s-kostima-zglobovima-i-misicima","product_tag-analizator-sastava-tijela","product_tag-analizator-sastava-tjelesne-mase","product_tag-analizator-tanita","product_tag-analizator-tijela","product_tag-bc-601","product_tag-biljni","product_tag-pametna-vaga","product_tag-prirodno","product_tag-stres"],"acf":[],"yoast_head":"<!-- This site is optimized with the Yoast SEO plugin v19.13 - https:\/\/yoast.com\/wordpress\/plugins\/seo\/ -->\n<title>Liberosan plus, za zglobove, ligamente<\/title>\n<meta name=\"description\" content=\"Liberosan plus, za zglobove, ligamente\" \/>\n<meta name=\"robots\" content=\"index, follow, max-snippet:-1, max-image-preview:large, max-video-preview:-1\" \/>\n<link rel=\"canonical\" href=\"https:\/\/sen-shop.com\/hr\/collections\/prehrambeni-dodaci\/problemi-s-kostima\/kolagen-plus-za-zglobove-ligamente\/\" \/>\n<meta property=\"og:locale\" content=\"hr_HR\" \/>\n<meta property=\"og:type\" content=\"article\" \/>\n<meta property=\"og:title\" content=\"Liberosan plus, za zglobove, ligamente\" \/>\n<meta property=\"og:description\" content=\"Liberosan plus, za zglobove, ligamente\" \/>\n<meta property=\"og:url\" content=\"https:\/\/sen-shop.com\/hr\/collections\/prehrambeni-dodaci\/problemi-s-kostima\/kolagen-plus-za-zglobove-ligamente\/\" \/>\n<meta property=\"og:site_name\" content=\"SEN Shop\" \/>\n<meta property=\"article:publisher\" content=\"https:\/\/www.facebook.com\/Senshopslovenija\" \/>\n<meta property=\"article:modified_time\" content=\"2022-05-31T22:08:03+00:00\" \/>\n<meta property=\"og:image\" content=\"https:\/\/sen-shop.com\/wp-content\/uploads\/2018\/04\/header_logo.png\" \/>\n\t<meta property=\"og:image:width\" content=\"138\" \/>\n\t<meta property=\"og:image:height\" content=\"70\" \/>\n\t<meta property=\"og:image:type\" content=\"image\/png\" \/>\n<meta name=\"twitter:card\" content=\"summary_large_image\" \/>\n<meta name=\"twitter:label1\" content=\"Est. reading time\" \/>\n\t<meta name=\"twitter:data1\" content=\"2 minutes\" \/>\n<script type=\"application\/ld+json\" class=\"yoast-schema-graph\">{\"@context\":\"https:\/\/schema.org\",\"@graph\":[{\"@type\":\"WebPage\",\"@id\":\"https:\/\/sen-shop.com\/hr\/collections\/prehrambeni-dodaci\/problemi-s-kostima\/kolagen-plus-za-zglobove-ligamente\/\",\"url\":\"https:\/\/sen-shop.com\/hr\/collections\/prehrambeni-dodaci\/problemi-s-kostima\/kolagen-plus-za-zglobove-ligamente\/\",\"name\":\"Liberosan plus, za zglobove, ligamente\",\"isPartOf\":{\"@id\":\"https:\/\/sen-shop.com\/hr\/#website\"},\"datePublished\":\"2017-10-20T12:47:17+00:00\",\"dateModified\":\"2022-05-31T22:08:03+00:00\",\"description\":\"Liberosan plus, za zglobove, ligamente\",\"breadcrumb\":{\"@id\":\"https:\/\/sen-shop.com\/hr\/collections\/prehrambeni-dodaci\/problemi-s-kostima\/kolagen-plus-za-zglobove-ligamente\/#breadcrumb\"},\"inLanguage\":\"hr-HR\",\"potentialAction\":[{\"@type\":\"ReadAction\",\"target\":[\"https:\/\/sen-shop.com\/hr\/collections\/prehrambeni-dodaci\/problemi-s-kostima\/kolagen-plus-za-zglobove-ligamente\/\"]}]},{\"@type\":\"BreadcrumbList\",\"@id\":\"https:\/\/sen-shop.com\/hr\/collections\/prehrambeni-dodaci\/problemi-s-kostima\/kolagen-plus-za-zglobove-ligamente\/#breadcrumb\",\"itemListElement\":[{\"@type\":\"ListItem\",\"position\":1,\"name\":\"Home\",\"item\":\"https:\/\/sen-shop.com\/hr\/\"},{\"@type\":\"ListItem\",\"position\":2,\"name\":\"Kolagen plus, za zglobove, ligamente\"}]},{\"@type\":\"WebSite\",\"@id\":\"https:\/\/sen-shop.com\/hr\/#website\",\"url\":\"https:\/\/sen-shop.com\/hr\/\",\"name\":\"SEN Shop\",\"description\":\"Slovensko, Ekolo\u0161ko, Naravno\",\"publisher\":{\"@id\":\"https:\/\/sen-shop.com\/hr\/#organization\"},\"potentialAction\":[{\"@type\":\"SearchAction\",\"target\":{\"@type\":\"EntryPoint\",\"urlTemplate\":\"https:\/\/sen-shop.com\/hr\/?s={search_term_string}\"},\"query-input\":\"required name=search_term_string\"}],\"inLanguage\":\"hr-HR\"},{\"@type\":\"Organization\",\"@id\":\"https:\/\/sen-shop.com\/hr\/#organization\",\"name\":\"Mind trade d.o.o\",\"url\":\"https:\/\/sen-shop.com\/hr\/\",\"logo\":{\"@type\":\"ImageObject\",\"inLanguage\":\"hr-HR\",\"@id\":\"https:\/\/sen-shop.com\/hr\/#\/schema\/logo\/image\/\",\"url\":\"https:\/\/sen-shop.com\/wp-content\/uploads\/2018\/05\/header_logo.png\",\"contentUrl\":\"https:\/\/sen-shop.com\/wp-content\/uploads\/2018\/05\/header_logo.png\",\"width\":138,\"height\":70,\"caption\":\"Mind trade d.o.o\"},\"image\":{\"@id\":\"https:\/\/sen-shop.com\/hr\/#\/schema\/logo\/image\/\"},\"sameAs\":[\"https:\/\/www.instagram.com\/senslovenija\/\",\"https:\/\/www.facebook.com\/Senshopslovenija\"]}]}<\/script>\n<!-- \/ Yoast SEO plugin. -->","yoast_head_json":{"title":"Liberosan plus, za zglobove, ligamente","description":"Liberosan plus, za zglobove, ligamente","robots":{"index":"index","follow":"follow","max-snippet":"max-snippet:-1","max-image-preview":"max-image-preview:large","max-video-preview":"max-video-preview:-1"},"canonical":"https:\/\/sen-shop.com\/hr\/collections\/prehrambeni-dodaci\/problemi-s-kostima\/kolagen-plus-za-zglobove-ligamente\/","og_locale":"hr_HR","og_type":"article","og_title":"Liberosan plus, za zglobove, ligamente","og_description":"Liberosan plus, za zglobove, ligamente","og_url":"https:\/\/sen-shop.com\/hr\/collections\/prehrambeni-dodaci\/problemi-s-kostima\/kolagen-plus-za-zglobove-ligamente\/","og_site_name":"SEN Shop","article_publisher":"https:\/\/www.facebook.com\/Senshopslovenija","article_modified_time":"2022-05-31T22:08:03+00:00","og_image":[{"width":138,"height":70,"url":"https:\/\/sen-shop.com\/wp-content\/uploads\/2018\/04\/header_logo.png","type":"image\/png"}],"twitter_card":"summary_large_image","twitter_misc":{"Est. reading time":"2 minutes"},"schema":{"@context":"https:\/\/schema.org","@graph":[{"@type":"WebPage","@id":"https:\/\/sen-shop.com\/hr\/collections\/prehrambeni-dodaci\/problemi-s-kostima\/kolagen-plus-za-zglobove-ligamente\/","url":"https:\/\/sen-shop.com\/hr\/collections\/prehrambeni-dodaci\/problemi-s-kostima\/kolagen-plus-za-zglobove-ligamente\/","name":"Liberosan plus, za zglobove, ligamente","isPartOf":{"@id":"https:\/\/sen-shop.com\/hr\/#website"},"datePublished":"2017-10-20T12:47:17+00:00","dateModified":"2022-05-31T22:08:03+00:00","description":"Liberosan plus, za zglobove, ligamente","breadcrumb":{"@id":"https:\/\/sen-shop.com\/hr\/collections\/prehrambeni-dodaci\/problemi-s-kostima\/kolagen-plus-za-zglobove-ligamente\/#breadcrumb"},"inLanguage":"hr-HR","potentialAction":[{"@type":"ReadAction","target":["https:\/\/sen-shop.com\/hr\/collections\/prehrambeni-dodaci\/problemi-s-kostima\/kolagen-plus-za-zglobove-ligamente\/"]}]},{"@type":"BreadcrumbList","@id":"https:\/\/sen-shop.com\/hr\/collections\/prehrambeni-dodaci\/problemi-s-kostima\/kolagen-plus-za-zglobove-ligamente\/#breadcrumb","itemListElement":[{"@type":"ListItem","position":1,"name":"Home","item":"https:\/\/sen-shop.com\/hr\/"},{"@type":"ListItem","position":2,"name":"Kolagen plus, za zglobove, ligamente"}]},{"@type":"WebSite","@id":"https:\/\/sen-shop.com\/hr\/#website","url":"https:\/\/sen-shop.com\/hr\/","name":"SEN Shop","description":"Slovensko, Ekolo\u0161ko, Naravno","publisher":{"@id":"https:\/\/sen-shop.com\/hr\/#organization"},"potentialAction":[{"@type":"SearchAction","target":{"@type":"EntryPoint","urlTemplate":"https:\/\/sen-shop.com\/hr\/?s={search_term_string}"},"query-input":"required name=search_term_string"}],"inLanguage":"hr-HR"},{"@type":"Organization","@id":"https:\/\/sen-shop.com\/hr\/#organization","name":"Mind trade d.o.o","url":"https:\/\/sen-shop.com\/hr\/","logo":{"@type":"ImageObject","inLanguage":"hr-HR","@id":"https:\/\/sen-shop.com\/hr\/#\/schema\/logo\/image\/","url":"https:\/\/sen-shop.com\/wp-content\/uploads\/2018\/05\/header_logo.png","contentUrl":"https:\/\/sen-shop.com\/wp-content\/uploads\/2018\/05\/header_logo.png","width":138,"height":70,"caption":"Mind trade d.o.o"},"image":{"@id":"https:\/\/sen-shop.com\/hr\/#\/schema\/logo\/image\/"},"sameAs":["https:\/\/www.instagram.com\/senslovenija\/","https:\/\/www.facebook.com\/Senshopslovenija"]}]}},"_links":{"self":[{"href":"https:\/\/sen-shop.com\/hr\/wp-json\/wp\/v2\/product\/44144","targetHints":{"allow":["GET"]}}],"collection":[{"href":"https:\/\/sen-shop.com\/hr\/wp-json\/wp\/v2\/product"}],"about":[{"href":"https:\/\/sen-shop.com\/hr\/wp-json\/wp\/v2\/types\/product"}],"replies":[{"embeddable":true,"href":"https:\/\/sen-shop.com\/hr\/wp-json\/wp\/v2\/comments?post=44144"}],"wp:featuredmedia":[{"embeddable":true,"href":"https:\/\/sen-shop.com\/hr\/wp-json\/wp\/v2\/media\/58856"}],"wp:attachment":[{"href":"https:\/\/sen-shop.com\/hr\/wp-json\/wp\/v2\/media?parent=44144"}],"wp:term":[{"taxonomy":"product_cat","embeddable":true,"href":"https:\/\/sen-shop.com\/hr\/wp-json\/wp\/v2\/product_cat?post=44144"},{"taxonomy":"product_tag","embeddable":true,"href":"https:\/\/sen-shop.com\/hr\/wp-json\/wp\/v2\/product_tag?post=44144"}],"curies":[{"name":"wp","href":"https:\/\/api.w.org\/{rel}","templated":true}]}}