{"id":44137,"date":"2021-12-02T10:13:05","date_gmt":"2021-12-02T09:13:05","guid":{"rendered":"https:\/\/sen-shop.com\/collections\/uncategorized\/paket-zima\/"},"modified":"2021-12-03T11:08:25","modified_gmt":"2021-12-03T10:08:25","slug":"paket-zima","status":"publish","type":"product","link":"https:\/\/sen-shop.com\/hr\/collections\/poklon-paketi\/paket-zima\/","title":{"rendered":"Paket &#8211; zima"},"content":{"rendered":"","protected":false},"excerpt":{"rendered":"<p>Zimski paket idealan je poklon za sve. Sastoji se od proizvoda za zimske tegobe. Poklonite svojim najdra\u017eima paket koji, \u0107e im dobro poslu\u017eiti!<\/p>\n<p>Paket sadr\u017ei:<\/p>\n<ul>\n<li>Zemagel<\/li>\n<li>Mati\u010dna mlje\u010d<\/li>\n<li>Balzam za nos<\/li>\n<\/ul>\n<p>Prilikom kupnje paketa dobit \u0107ete i <strong>besplatno darovno ambala\u017eo.<\/strong><\/p>\n","protected":false},"featured_media":57091,"comment_status":"open","ping_status":"closed","template":"","meta":{"inline_featured_image":false},"product_cat":[1241],"product_tag":[],"class_list":["post-44137","product","type-product","status-publish","has-post-thumbnail","hentry","product_cat-poklon-paketi"],"acf":[],"yoast_head":"<!-- This site is optimized with the Yoast SEO plugin v19.13 - https:\/\/yoast.com\/wordpress\/plugins\/seo\/ -->\n<title>Paket - zima - SEN Shop<\/title>\n<meta name=\"robots\" content=\"index, follow, max-snippet:-1, max-image-preview:large, max-video-preview:-1\" \/>\n<link rel=\"canonical\" href=\"https:\/\/sen-shop.com\/hr\/collections\/poklon-paketi\/paket-zima\/\" \/>\n<meta property=\"og:locale\" content=\"hr_HR\" \/>\n<meta property=\"og:type\" content=\"article\" \/>\n<meta property=\"og:title\" content=\"Paket - zima - SEN Shop\" \/>\n<meta property=\"og:description\" content=\"Zimski paket idealan je poklon za sve. Sastoji se od proizvoda za zimske tegobe. Poklonite svojim najdra\u017eima paket koji, \u0107e im dobro poslu\u017eiti!  Paket sadr\u017ei:   Zemagel  Mati\u010dna mlje\u010d  Balzam za nos  Prilikom kupnje paketa dobit \u0107ete i besplatno darovno ambala\u017eo.\" \/>\n<meta property=\"og:url\" content=\"https:\/\/sen-shop.com\/hr\/collections\/poklon-paketi\/paket-zima\/\" \/>\n<meta property=\"og:site_name\" content=\"SEN Shop\" \/>\n<meta property=\"article:publisher\" content=\"https:\/\/www.facebook.com\/Senshopslovenija\" \/>\n<meta property=\"article:modified_time\" content=\"2021-12-03T10:08:25+00:00\" \/>\n<meta property=\"og:image\" content=\"https:\/\/sen-shop.com\/wp-content\/uploads\/2021\/12\/slo.jpg\" \/>\n\t<meta property=\"og:image:width\" content=\"1080\" \/>\n\t<meta property=\"og:image:height\" content=\"1080\" \/>\n\t<meta property=\"og:image:type\" content=\"image\/jpeg\" \/>\n<meta name=\"twitter:card\" content=\"summary_large_image\" \/>\n<script type=\"application\/ld+json\" class=\"yoast-schema-graph\">{\"@context\":\"https:\/\/schema.org\",\"@graph\":[{\"@type\":\"WebPage\",\"@id\":\"https:\/\/sen-shop.com\/hr\/collections\/poklon-paketi\/paket-zima\/\",\"url\":\"https:\/\/sen-shop.com\/hr\/collections\/poklon-paketi\/paket-zima\/\",\"name\":\"Paket - zima - SEN Shop\",\"isPartOf\":{\"@id\":\"https:\/\/sen-shop.com\/hr\/#website\"},\"datePublished\":\"2021-12-02T09:13:05+00:00\",\"dateModified\":\"2021-12-03T10:08:25+00:00\",\"breadcrumb\":{\"@id\":\"https:\/\/sen-shop.com\/hr\/collections\/poklon-paketi\/paket-zima\/#breadcrumb\"},\"inLanguage\":\"hr-HR\",\"potentialAction\":[{\"@type\":\"ReadAction\",\"target\":[\"https:\/\/sen-shop.com\/hr\/collections\/poklon-paketi\/paket-zima\/\"]}]},{\"@type\":\"BreadcrumbList\",\"@id\":\"https:\/\/sen-shop.com\/hr\/collections\/poklon-paketi\/paket-zima\/#breadcrumb\",\"itemListElement\":[{\"@type\":\"ListItem\",\"position\":1,\"name\":\"Home\",\"item\":\"https:\/\/sen-shop.com\/hr\/\"},{\"@type\":\"ListItem\",\"position\":2,\"name\":\"Paket &#8211; zima\"}]},{\"@type\":\"WebSite\",\"@id\":\"https:\/\/sen-shop.com\/hr\/#website\",\"url\":\"https:\/\/sen-shop.com\/hr\/\",\"name\":\"SEN Shop\",\"description\":\"Slovensko, Ekolo\u0161ko, Naravno\",\"publisher\":{\"@id\":\"https:\/\/sen-shop.com\/hr\/#organization\"},\"potentialAction\":[{\"@type\":\"SearchAction\",\"target\":{\"@type\":\"EntryPoint\",\"urlTemplate\":\"https:\/\/sen-shop.com\/hr\/?s={search_term_string}\"},\"query-input\":\"required name=search_term_string\"}],\"inLanguage\":\"hr-HR\"},{\"@type\":\"Organization\",\"@id\":\"https:\/\/sen-shop.com\/hr\/#organization\",\"name\":\"Mind trade d.o.o\",\"url\":\"https:\/\/sen-shop.com\/hr\/\",\"logo\":{\"@type\":\"ImageObject\",\"inLanguage\":\"hr-HR\",\"@id\":\"https:\/\/sen-shop.com\/hr\/#\/schema\/logo\/image\/\",\"url\":\"https:\/\/sen-shop.com\/wp-content\/uploads\/2018\/05\/header_logo.png\",\"contentUrl\":\"https:\/\/sen-shop.com\/wp-content\/uploads\/2018\/05\/header_logo.png\",\"width\":138,\"height\":70,\"caption\":\"Mind trade d.o.o\"},\"image\":{\"@id\":\"https:\/\/sen-shop.com\/hr\/#\/schema\/logo\/image\/\"},\"sameAs\":[\"https:\/\/www.instagram.com\/senslovenija\/\",\"https:\/\/www.facebook.com\/Senshopslovenija\"]}]}<\/script>\n<!-- \/ Yoast SEO plugin. -->","yoast_head_json":{"title":"Paket - zima - SEN Shop","robots":{"index":"index","follow":"follow","max-snippet":"max-snippet:-1","max-image-preview":"max-image-preview:large","max-video-preview":"max-video-preview:-1"},"canonical":"https:\/\/sen-shop.com\/hr\/collections\/poklon-paketi\/paket-zima\/","og_locale":"hr_HR","og_type":"article","og_title":"Paket - zima - SEN Shop","og_description":"Zimski paket idealan je poklon za sve. Sastoji se od proizvoda za zimske tegobe. Poklonite svojim najdra\u017eima paket koji, \u0107e im dobro poslu\u017eiti!  Paket sadr\u017ei:   Zemagel  Mati\u010dna mlje\u010d  Balzam za nos  Prilikom kupnje paketa dobit \u0107ete i besplatno darovno ambala\u017eo.","og_url":"https:\/\/sen-shop.com\/hr\/collections\/poklon-paketi\/paket-zima\/","og_site_name":"SEN Shop","article_publisher":"https:\/\/www.facebook.com\/Senshopslovenija","article_modified_time":"2021-12-03T10:08:25+00:00","og_image":[{"width":1080,"height":1080,"url":"https:\/\/sen-shop.com\/wp-content\/uploads\/2021\/12\/slo.jpg","type":"image\/jpeg"}],"twitter_card":"summary_large_image","schema":{"@context":"https:\/\/schema.org","@graph":[{"@type":"WebPage","@id":"https:\/\/sen-shop.com\/hr\/collections\/poklon-paketi\/paket-zima\/","url":"https:\/\/sen-shop.com\/hr\/collections\/poklon-paketi\/paket-zima\/","name":"Paket - zima - SEN Shop","isPartOf":{"@id":"https:\/\/sen-shop.com\/hr\/#website"},"datePublished":"2021-12-02T09:13:05+00:00","dateModified":"2021-12-03T10:08:25+00:00","breadcrumb":{"@id":"https:\/\/sen-shop.com\/hr\/collections\/poklon-paketi\/paket-zima\/#breadcrumb"},"inLanguage":"hr-HR","potentialAction":[{"@type":"ReadAction","target":["https:\/\/sen-shop.com\/hr\/collections\/poklon-paketi\/paket-zima\/"]}]},{"@type":"BreadcrumbList","@id":"https:\/\/sen-shop.com\/hr\/collections\/poklon-paketi\/paket-zima\/#breadcrumb","itemListElement":[{"@type":"ListItem","position":1,"name":"Home","item":"https:\/\/sen-shop.com\/hr\/"},{"@type":"ListItem","position":2,"name":"Paket &#8211; zima"}]},{"@type":"WebSite","@id":"https:\/\/sen-shop.com\/hr\/#website","url":"https:\/\/sen-shop.com\/hr\/","name":"SEN Shop","description":"Slovensko, Ekolo\u0161ko, Naravno","publisher":{"@id":"https:\/\/sen-shop.com\/hr\/#organization"},"potentialAction":[{"@type":"SearchAction","target":{"@type":"EntryPoint","urlTemplate":"https:\/\/sen-shop.com\/hr\/?s={search_term_string}"},"query-input":"required name=search_term_string"}],"inLanguage":"hr-HR"},{"@type":"Organization","@id":"https:\/\/sen-shop.com\/hr\/#organization","name":"Mind trade d.o.o","url":"https:\/\/sen-shop.com\/hr\/","logo":{"@type":"ImageObject","inLanguage":"hr-HR","@id":"https:\/\/sen-shop.com\/hr\/#\/schema\/logo\/image\/","url":"https:\/\/sen-shop.com\/wp-content\/uploads\/2018\/05\/header_logo.png","contentUrl":"https:\/\/sen-shop.com\/wp-content\/uploads\/2018\/05\/header_logo.png","width":138,"height":70,"caption":"Mind trade d.o.o"},"image":{"@id":"https:\/\/sen-shop.com\/hr\/#\/schema\/logo\/image\/"},"sameAs":["https:\/\/www.instagram.com\/senslovenija\/","https:\/\/www.facebook.com\/Senshopslovenija"]}]}},"_links":{"self":[{"href":"https:\/\/sen-shop.com\/hr\/wp-json\/wp\/v2\/product\/44137","targetHints":{"allow":["GET"]}}],"collection":[{"href":"https:\/\/sen-shop.com\/hr\/wp-json\/wp\/v2\/product"}],"about":[{"href":"https:\/\/sen-shop.com\/hr\/wp-json\/wp\/v2\/types\/product"}],"replies":[{"embeddable":true,"href":"https:\/\/sen-shop.com\/hr\/wp-json\/wp\/v2\/comments?post=44137"}],"wp:featuredmedia":[{"embeddable":true,"href":"https:\/\/sen-shop.com\/hr\/wp-json\/wp\/v2\/media\/57091"}],"wp:attachment":[{"href":"https:\/\/sen-shop.com\/hr\/wp-json\/wp\/v2\/media?parent=44137"}],"wp:term":[{"taxonomy":"product_cat","embeddable":true,"href":"https:\/\/sen-shop.com\/hr\/wp-json\/wp\/v2\/product_cat?post=44137"},{"taxonomy":"product_tag","embeddable":true,"href":"https:\/\/sen-shop.com\/hr\/wp-json\/wp\/v2\/product_tag?post=44137"}],"curies":[{"name":"wp","href":"https:\/\/api.w.org\/{rel}","templated":true}]}}