{"id":44133,"date":"2019-03-01T13:49:27","date_gmt":"2019-03-01T12:49:27","guid":{"rendered":"https:\/\/sen-shop.com\/collections\/uncategorized\/paket-za-sportase\/"},"modified":"2022-03-24T11:46:56","modified_gmt":"2022-03-24T10:46:56","slug":"paket-za-sportase","status":"publish","type":"product","link":"https:\/\/sen-shop.com\/hr\/collections\/poklon-paketi\/paket-za-sportase\/","title":{"rendered":"Paket &#8211; za sporta\u0161e"},"content":{"rendered":"<h4>Proizvodi za sporta\u0161e.<\/h4>\n<p>Izvrstan poklon za sve koji pate od bolova uslijed tjelesne aktivnosti.<\/p>\n","protected":false},"excerpt":{"rendered":"<p>\u017delite li sporta\u0161a obdariti korisnim i kvalitetnim proizvodima?<\/p>\n<p>Paket sadr\u017ei 100 % prirodne proizvode:<\/p>\n<ul>\n<li>Magnezijevo ulje<\/li>\n<li>Muscle gel<\/li>\n<li>Magnezij kapsule<\/li>\n<\/ul>\n<p>Prilikom kupnje paketa dobit \u0107ete i besplatno darovno ambala\u017eo.<\/p>\n<p>&nbsp;<\/p>\n<p>Proizvodi za sporta\u0161e<\/p>\n<p>Izvrstan poklon za sve koji pate od bolova uslijed tjelesne aktivnosti.<\/p>\n","protected":false},"featured_media":57067,"comment_status":"closed","ping_status":"closed","template":"","meta":{"inline_featured_image":false},"product_cat":[1241],"product_tag":[1243,1245],"class_list":["post-44133","product","type-product","status-publish","has-post-thumbnail","hentry","product_cat-poklon-paketi","product_tag-darilni-paket-hr","product_tag-poslovni-darilni-paket-hr","product_shipping_class-paketi-hr"],"acf":[],"yoast_head":"<!-- This site is optimized with the Yoast SEO plugin v19.13 - https:\/\/yoast.com\/wordpress\/plugins\/seo\/ -->\n<title>Paket - za sporta\u0161e - SEN Shop<\/title>\n<meta name=\"robots\" content=\"index, follow, max-snippet:-1, max-image-preview:large, max-video-preview:-1\" \/>\n<link rel=\"canonical\" href=\"https:\/\/sen-shop.com\/hr\/collections\/poklon-paketi\/paket-za-sportase\/\" \/>\n<meta property=\"og:locale\" content=\"hr_HR\" \/>\n<meta property=\"og:type\" content=\"article\" \/>\n<meta property=\"og:title\" content=\"Paket - za sporta\u0161e - SEN Shop\" \/>\n<meta property=\"og:description\" content=\"\u017delite li sporta\u0161a obdariti korisnim i kvalitetnim proizvodima?  Paket sadr\u017ei 100 % prirodne proizvode:   Magnezijevo ulje  Muscle gel  Magnezij kapsule  Prilikom kupnje paketa dobit \u0107ete i besplatno darovno ambala\u017eo.  &nbsp;  Proizvodi za sporta\u0161e  Izvrstan poklon za sve koji pate od bolova uslijed tjelesne aktivnosti.\" \/>\n<meta property=\"og:url\" content=\"https:\/\/sen-shop.com\/hr\/collections\/poklon-paketi\/paket-za-sportase\/\" \/>\n<meta property=\"og:site_name\" content=\"SEN Shop\" \/>\n<meta property=\"article:publisher\" content=\"https:\/\/www.facebook.com\/Senshopslovenija\" \/>\n<meta property=\"article:modified_time\" content=\"2022-03-24T10:46:56+00:00\" \/>\n<meta property=\"og:image\" content=\"https:\/\/sen-shop.com\/wp-content\/uploads\/2019\/03\/za-spornike-slohr.jpg\" \/>\n\t<meta property=\"og:image:width\" content=\"1080\" \/>\n\t<meta property=\"og:image:height\" content=\"1080\" \/>\n\t<meta property=\"og:image:type\" content=\"image\/jpeg\" \/>\n<meta name=\"twitter:card\" content=\"summary_large_image\" \/>\n<script type=\"application\/ld+json\" class=\"yoast-schema-graph\">{\"@context\":\"https:\/\/schema.org\",\"@graph\":[{\"@type\":\"WebPage\",\"@id\":\"https:\/\/sen-shop.com\/hr\/collections\/poklon-paketi\/paket-za-sportase\/\",\"url\":\"https:\/\/sen-shop.com\/hr\/collections\/poklon-paketi\/paket-za-sportase\/\",\"name\":\"Paket - za sporta\u0161e - SEN Shop\",\"isPartOf\":{\"@id\":\"https:\/\/sen-shop.com\/hr\/#website\"},\"datePublished\":\"2019-03-01T12:49:27+00:00\",\"dateModified\":\"2022-03-24T10:46:56+00:00\",\"breadcrumb\":{\"@id\":\"https:\/\/sen-shop.com\/hr\/collections\/poklon-paketi\/paket-za-sportase\/#breadcrumb\"},\"inLanguage\":\"hr-HR\",\"potentialAction\":[{\"@type\":\"ReadAction\",\"target\":[\"https:\/\/sen-shop.com\/hr\/collections\/poklon-paketi\/paket-za-sportase\/\"]}]},{\"@type\":\"BreadcrumbList\",\"@id\":\"https:\/\/sen-shop.com\/hr\/collections\/poklon-paketi\/paket-za-sportase\/#breadcrumb\",\"itemListElement\":[{\"@type\":\"ListItem\",\"position\":1,\"name\":\"Home\",\"item\":\"https:\/\/sen-shop.com\/hr\/\"},{\"@type\":\"ListItem\",\"position\":2,\"name\":\"Paket &#8211; za sporta\u0161e\"}]},{\"@type\":\"WebSite\",\"@id\":\"https:\/\/sen-shop.com\/hr\/#website\",\"url\":\"https:\/\/sen-shop.com\/hr\/\",\"name\":\"SEN Shop\",\"description\":\"Slovensko, Ekolo\u0161ko, Naravno\",\"publisher\":{\"@id\":\"https:\/\/sen-shop.com\/hr\/#organization\"},\"potentialAction\":[{\"@type\":\"SearchAction\",\"target\":{\"@type\":\"EntryPoint\",\"urlTemplate\":\"https:\/\/sen-shop.com\/hr\/?s={search_term_string}\"},\"query-input\":\"required name=search_term_string\"}],\"inLanguage\":\"hr-HR\"},{\"@type\":\"Organization\",\"@id\":\"https:\/\/sen-shop.com\/hr\/#organization\",\"name\":\"Mind trade d.o.o\",\"url\":\"https:\/\/sen-shop.com\/hr\/\",\"logo\":{\"@type\":\"ImageObject\",\"inLanguage\":\"hr-HR\",\"@id\":\"https:\/\/sen-shop.com\/hr\/#\/schema\/logo\/image\/\",\"url\":\"https:\/\/sen-shop.com\/wp-content\/uploads\/2018\/05\/header_logo.png\",\"contentUrl\":\"https:\/\/sen-shop.com\/wp-content\/uploads\/2018\/05\/header_logo.png\",\"width\":138,\"height\":70,\"caption\":\"Mind trade d.o.o\"},\"image\":{\"@id\":\"https:\/\/sen-shop.com\/hr\/#\/schema\/logo\/image\/\"},\"sameAs\":[\"https:\/\/www.instagram.com\/senslovenija\/\",\"https:\/\/www.facebook.com\/Senshopslovenija\"]}]}<\/script>\n<!-- \/ Yoast SEO plugin. -->","yoast_head_json":{"title":"Paket - za sporta\u0161e - SEN Shop","robots":{"index":"index","follow":"follow","max-snippet":"max-snippet:-1","max-image-preview":"max-image-preview:large","max-video-preview":"max-video-preview:-1"},"canonical":"https:\/\/sen-shop.com\/hr\/collections\/poklon-paketi\/paket-za-sportase\/","og_locale":"hr_HR","og_type":"article","og_title":"Paket - za sporta\u0161e - SEN Shop","og_description":"\u017delite li sporta\u0161a obdariti korisnim i kvalitetnim proizvodima?  Paket sadr\u017ei 100 % prirodne proizvode:   Magnezijevo ulje  Muscle gel  Magnezij kapsule  Prilikom kupnje paketa dobit \u0107ete i besplatno darovno ambala\u017eo.  &nbsp;  Proizvodi za sporta\u0161e  Izvrstan poklon za sve koji pate od bolova uslijed tjelesne aktivnosti.","og_url":"https:\/\/sen-shop.com\/hr\/collections\/poklon-paketi\/paket-za-sportase\/","og_site_name":"SEN Shop","article_publisher":"https:\/\/www.facebook.com\/Senshopslovenija","article_modified_time":"2022-03-24T10:46:56+00:00","og_image":[{"width":1080,"height":1080,"url":"https:\/\/sen-shop.com\/wp-content\/uploads\/2019\/03\/za-spornike-slohr.jpg","type":"image\/jpeg"}],"twitter_card":"summary_large_image","schema":{"@context":"https:\/\/schema.org","@graph":[{"@type":"WebPage","@id":"https:\/\/sen-shop.com\/hr\/collections\/poklon-paketi\/paket-za-sportase\/","url":"https:\/\/sen-shop.com\/hr\/collections\/poklon-paketi\/paket-za-sportase\/","name":"Paket - za sporta\u0161e - SEN Shop","isPartOf":{"@id":"https:\/\/sen-shop.com\/hr\/#website"},"datePublished":"2019-03-01T12:49:27+00:00","dateModified":"2022-03-24T10:46:56+00:00","breadcrumb":{"@id":"https:\/\/sen-shop.com\/hr\/collections\/poklon-paketi\/paket-za-sportase\/#breadcrumb"},"inLanguage":"hr-HR","potentialAction":[{"@type":"ReadAction","target":["https:\/\/sen-shop.com\/hr\/collections\/poklon-paketi\/paket-za-sportase\/"]}]},{"@type":"BreadcrumbList","@id":"https:\/\/sen-shop.com\/hr\/collections\/poklon-paketi\/paket-za-sportase\/#breadcrumb","itemListElement":[{"@type":"ListItem","position":1,"name":"Home","item":"https:\/\/sen-shop.com\/hr\/"},{"@type":"ListItem","position":2,"name":"Paket &#8211; za sporta\u0161e"}]},{"@type":"WebSite","@id":"https:\/\/sen-shop.com\/hr\/#website","url":"https:\/\/sen-shop.com\/hr\/","name":"SEN Shop","description":"Slovensko, Ekolo\u0161ko, Naravno","publisher":{"@id":"https:\/\/sen-shop.com\/hr\/#organization"},"potentialAction":[{"@type":"SearchAction","target":{"@type":"EntryPoint","urlTemplate":"https:\/\/sen-shop.com\/hr\/?s={search_term_string}"},"query-input":"required name=search_term_string"}],"inLanguage":"hr-HR"},{"@type":"Organization","@id":"https:\/\/sen-shop.com\/hr\/#organization","name":"Mind trade d.o.o","url":"https:\/\/sen-shop.com\/hr\/","logo":{"@type":"ImageObject","inLanguage":"hr-HR","@id":"https:\/\/sen-shop.com\/hr\/#\/schema\/logo\/image\/","url":"https:\/\/sen-shop.com\/wp-content\/uploads\/2018\/05\/header_logo.png","contentUrl":"https:\/\/sen-shop.com\/wp-content\/uploads\/2018\/05\/header_logo.png","width":138,"height":70,"caption":"Mind trade d.o.o"},"image":{"@id":"https:\/\/sen-shop.com\/hr\/#\/schema\/logo\/image\/"},"sameAs":["https:\/\/www.instagram.com\/senslovenija\/","https:\/\/www.facebook.com\/Senshopslovenija"]}]}},"_links":{"self":[{"href":"https:\/\/sen-shop.com\/hr\/wp-json\/wp\/v2\/product\/44133","targetHints":{"allow":["GET"]}}],"collection":[{"href":"https:\/\/sen-shop.com\/hr\/wp-json\/wp\/v2\/product"}],"about":[{"href":"https:\/\/sen-shop.com\/hr\/wp-json\/wp\/v2\/types\/product"}],"replies":[{"embeddable":true,"href":"https:\/\/sen-shop.com\/hr\/wp-json\/wp\/v2\/comments?post=44133"}],"wp:featuredmedia":[{"embeddable":true,"href":"https:\/\/sen-shop.com\/hr\/wp-json\/wp\/v2\/media\/57067"}],"wp:attachment":[{"href":"https:\/\/sen-shop.com\/hr\/wp-json\/wp\/v2\/media?parent=44133"}],"wp:term":[{"taxonomy":"product_cat","embeddable":true,"href":"https:\/\/sen-shop.com\/hr\/wp-json\/wp\/v2\/product_cat?post=44133"},{"taxonomy":"product_tag","embeddable":true,"href":"https:\/\/sen-shop.com\/hr\/wp-json\/wp\/v2\/product_tag?post=44133"}],"curies":[{"name":"wp","href":"https:\/\/api.w.org\/{rel}","templated":true}]}}