{"id":44132,"date":"2019-03-01T13:46:58","date_gmt":"2019-03-01T12:46:58","guid":{"rendered":"https:\/\/sen-shop.com\/collections\/uncategorized\/paket-100-prirodno\/"},"modified":"2019-03-01T13:46:58","modified_gmt":"2019-03-01T12:46:58","slug":"paket-100-prirodno","status":"publish","type":"product","link":"https:\/\/sen-shop.com\/hr\/collections\/nekategorizirano-hr\/paket-100-prirodno\/","title":{"rendered":"Paket &#8211; 100% prirodno"},"content":{"rendered":"","protected":false},"excerpt":{"rendered":"<p>\u017delite li rodbinu ili poslovne partnere obdariti 100% prirodnim proizvodima?<\/p>\n<p>Paket sadr\u017ei:<\/p>\n<ul>\n<li>100 % prirodni \u0161ampon<\/li>\n<li>100 % prirodni gel za tu\u0161iranje<\/li>\n<li>100 % prirodni balzam za nos<\/li>\n<\/ul>\n<p>Prilikom kupnje paketa dobit \u0107ete i besplatno darovno ambala\u017eo.<\/p>\n<p>&nbsp;<\/p>\n<p>100% prirodni proizvodi u poklon paketu za va\u0161u rodbinu u posebnoj prigodi ili kao poklon poslovnim partnerima u znak zahvalnosti.<\/p>\n<p>Paket sadr\u017ei 100% prirodni \u0161ampon za sve tipove kose, koji brine o brojnim tegobama na va\u0161em tjemenu. Kao dopuna \u0161amponu, poklon paket uklju\u010duje i gel za tu\u0161iranje koji je tako\u0111er 100% prirodan.<\/p>\n<p>Balzam za nos od potpuno prirodnih sastojaka koja poma\u017ee kod prehlade i nate\u010denog nosa uslijed prehlade.<\/p>\n","protected":false},"featured_media":0,"comment_status":"closed","ping_status":"closed","template":"","meta":{"inline_featured_image":false},"product_cat":[810,1241],"product_tag":[1243,1245],"class_list":["post-44132","product","type-product","status-publish","hentry","product_cat-nekategorizirano-hr","product_cat-poklon-paketi","product_tag-darilni-paket-hr","product_tag-poslovni-darilni-paket-hr","product_shipping_class-paketi-hr"],"acf":[],"yoast_head":"<!-- This site is optimized with the Yoast SEO plugin v19.13 - https:\/\/yoast.com\/wordpress\/plugins\/seo\/ -->\n<title>Paket - 100% prirodno - SEN Shop<\/title>\n<meta name=\"robots\" content=\"index, follow, max-snippet:-1, max-image-preview:large, max-video-preview:-1\" \/>\n<link rel=\"canonical\" href=\"https:\/\/sen-shop.com\/hr\/collections\/nekategorizirano-hr\/paket-100-prirodno\/\" \/>\n<meta property=\"og:locale\" content=\"hr_HR\" \/>\n<meta property=\"og:type\" content=\"article\" \/>\n<meta property=\"og:title\" content=\"Paket - 100% prirodno - SEN Shop\" \/>\n<meta property=\"og:description\" content=\"\u017delite li rodbinu ili poslovne partnere obdariti 100% prirodnim proizvodima?  Paket sadr\u017ei:   100 % prirodni \u0161ampon  100 % prirodni gel za tu\u0161iranje  100 % prirodni balzam za nos  Prilikom kupnje paketa dobit \u0107ete i besplatno darovno ambala\u017eo.  &nbsp;  100% prirodni proizvodi u poklon paketu za va\u0161u rodbinu u posebnoj prigodi ili kao poklon poslovnim partnerima u znak zahvalnosti.  Paket sadr\u017ei 100% prirodni \u0161ampon za sve tipove kose, koji brine o brojnim tegobama na va\u0161em tjemenu. Kao dopuna \u0161amponu, poklon paket uklju\u010duje i gel za tu\u0161iranje koji je tako\u0111er 100% prirodan.  Balzam za nos od potpuno prirodnih sastojaka koja poma\u017ee kod prehlade i nate\u010denog nosa uslijed prehlade.\" \/>\n<meta property=\"og:url\" content=\"https:\/\/sen-shop.com\/hr\/collections\/nekategorizirano-hr\/paket-100-prirodno\/\" \/>\n<meta property=\"og:site_name\" content=\"SEN Shop\" \/>\n<meta property=\"article:publisher\" content=\"https:\/\/www.facebook.com\/Senshopslovenija\" \/>\n<meta property=\"og:image\" content=\"https:\/\/sen-shop.com\/wp-content\/uploads\/2018\/04\/header_logo.png\" \/>\n\t<meta property=\"og:image:width\" content=\"138\" \/>\n\t<meta property=\"og:image:height\" content=\"70\" \/>\n\t<meta property=\"og:image:type\" content=\"image\/png\" \/>\n<meta name=\"twitter:card\" content=\"summary_large_image\" \/>\n<script type=\"application\/ld+json\" class=\"yoast-schema-graph\">{\"@context\":\"https:\/\/schema.org\",\"@graph\":[{\"@type\":\"WebPage\",\"@id\":\"https:\/\/sen-shop.com\/hr\/collections\/nekategorizirano-hr\/paket-100-prirodno\/\",\"url\":\"https:\/\/sen-shop.com\/hr\/collections\/nekategorizirano-hr\/paket-100-prirodno\/\",\"name\":\"Paket - 100% prirodno - SEN Shop\",\"isPartOf\":{\"@id\":\"https:\/\/sen-shop.com\/hr\/#website\"},\"datePublished\":\"2019-03-01T12:46:58+00:00\",\"dateModified\":\"2019-03-01T12:46:58+00:00\",\"breadcrumb\":{\"@id\":\"https:\/\/sen-shop.com\/hr\/collections\/nekategorizirano-hr\/paket-100-prirodno\/#breadcrumb\"},\"inLanguage\":\"hr-HR\",\"potentialAction\":[{\"@type\":\"ReadAction\",\"target\":[\"https:\/\/sen-shop.com\/hr\/collections\/nekategorizirano-hr\/paket-100-prirodno\/\"]}]},{\"@type\":\"BreadcrumbList\",\"@id\":\"https:\/\/sen-shop.com\/hr\/collections\/nekategorizirano-hr\/paket-100-prirodno\/#breadcrumb\",\"itemListElement\":[{\"@type\":\"ListItem\",\"position\":1,\"name\":\"Home\",\"item\":\"https:\/\/sen-shop.com\/hr\/\"},{\"@type\":\"ListItem\",\"position\":2,\"name\":\"Paket &#8211; 100% prirodno\"}]},{\"@type\":\"WebSite\",\"@id\":\"https:\/\/sen-shop.com\/hr\/#website\",\"url\":\"https:\/\/sen-shop.com\/hr\/\",\"name\":\"SEN Shop\",\"description\":\"Slovensko, Ekolo\u0161ko, Naravno\",\"publisher\":{\"@id\":\"https:\/\/sen-shop.com\/hr\/#organization\"},\"potentialAction\":[{\"@type\":\"SearchAction\",\"target\":{\"@type\":\"EntryPoint\",\"urlTemplate\":\"https:\/\/sen-shop.com\/hr\/?s={search_term_string}\"},\"query-input\":\"required name=search_term_string\"}],\"inLanguage\":\"hr-HR\"},{\"@type\":\"Organization\",\"@id\":\"https:\/\/sen-shop.com\/hr\/#organization\",\"name\":\"Mind trade d.o.o\",\"url\":\"https:\/\/sen-shop.com\/hr\/\",\"logo\":{\"@type\":\"ImageObject\",\"inLanguage\":\"hr-HR\",\"@id\":\"https:\/\/sen-shop.com\/hr\/#\/schema\/logo\/image\/\",\"url\":\"https:\/\/sen-shop.com\/wp-content\/uploads\/2018\/05\/header_logo.png\",\"contentUrl\":\"https:\/\/sen-shop.com\/wp-content\/uploads\/2018\/05\/header_logo.png\",\"width\":138,\"height\":70,\"caption\":\"Mind trade d.o.o\"},\"image\":{\"@id\":\"https:\/\/sen-shop.com\/hr\/#\/schema\/logo\/image\/\"},\"sameAs\":[\"https:\/\/www.instagram.com\/senslovenija\/\",\"https:\/\/www.facebook.com\/Senshopslovenija\"]}]}<\/script>\n<!-- \/ Yoast SEO plugin. -->","yoast_head_json":{"title":"Paket - 100% prirodno - SEN Shop","robots":{"index":"index","follow":"follow","max-snippet":"max-snippet:-1","max-image-preview":"max-image-preview:large","max-video-preview":"max-video-preview:-1"},"canonical":"https:\/\/sen-shop.com\/hr\/collections\/nekategorizirano-hr\/paket-100-prirodno\/","og_locale":"hr_HR","og_type":"article","og_title":"Paket - 100% prirodno - SEN Shop","og_description":"\u017delite li rodbinu ili poslovne partnere obdariti 100% prirodnim proizvodima?  Paket sadr\u017ei:   100 % prirodni \u0161ampon  100 % prirodni gel za tu\u0161iranje  100 % prirodni balzam za nos  Prilikom kupnje paketa dobit \u0107ete i besplatno darovno ambala\u017eo.  &nbsp;  100% prirodni proizvodi u poklon paketu za va\u0161u rodbinu u posebnoj prigodi ili kao poklon poslovnim partnerima u znak zahvalnosti.  Paket sadr\u017ei 100% prirodni \u0161ampon za sve tipove kose, koji brine o brojnim tegobama na va\u0161em tjemenu. Kao dopuna \u0161amponu, poklon paket uklju\u010duje i gel za tu\u0161iranje koji je tako\u0111er 100% prirodan.  Balzam za nos od potpuno prirodnih sastojaka koja poma\u017ee kod prehlade i nate\u010denog nosa uslijed prehlade.","og_url":"https:\/\/sen-shop.com\/hr\/collections\/nekategorizirano-hr\/paket-100-prirodno\/","og_site_name":"SEN Shop","article_publisher":"https:\/\/www.facebook.com\/Senshopslovenija","og_image":[{"width":138,"height":70,"url":"https:\/\/sen-shop.com\/wp-content\/uploads\/2018\/04\/header_logo.png","type":"image\/png"}],"twitter_card":"summary_large_image","schema":{"@context":"https:\/\/schema.org","@graph":[{"@type":"WebPage","@id":"https:\/\/sen-shop.com\/hr\/collections\/nekategorizirano-hr\/paket-100-prirodno\/","url":"https:\/\/sen-shop.com\/hr\/collections\/nekategorizirano-hr\/paket-100-prirodno\/","name":"Paket - 100% prirodno - SEN Shop","isPartOf":{"@id":"https:\/\/sen-shop.com\/hr\/#website"},"datePublished":"2019-03-01T12:46:58+00:00","dateModified":"2019-03-01T12:46:58+00:00","breadcrumb":{"@id":"https:\/\/sen-shop.com\/hr\/collections\/nekategorizirano-hr\/paket-100-prirodno\/#breadcrumb"},"inLanguage":"hr-HR","potentialAction":[{"@type":"ReadAction","target":["https:\/\/sen-shop.com\/hr\/collections\/nekategorizirano-hr\/paket-100-prirodno\/"]}]},{"@type":"BreadcrumbList","@id":"https:\/\/sen-shop.com\/hr\/collections\/nekategorizirano-hr\/paket-100-prirodno\/#breadcrumb","itemListElement":[{"@type":"ListItem","position":1,"name":"Home","item":"https:\/\/sen-shop.com\/hr\/"},{"@type":"ListItem","position":2,"name":"Paket &#8211; 100% prirodno"}]},{"@type":"WebSite","@id":"https:\/\/sen-shop.com\/hr\/#website","url":"https:\/\/sen-shop.com\/hr\/","name":"SEN Shop","description":"Slovensko, Ekolo\u0161ko, Naravno","publisher":{"@id":"https:\/\/sen-shop.com\/hr\/#organization"},"potentialAction":[{"@type":"SearchAction","target":{"@type":"EntryPoint","urlTemplate":"https:\/\/sen-shop.com\/hr\/?s={search_term_string}"},"query-input":"required name=search_term_string"}],"inLanguage":"hr-HR"},{"@type":"Organization","@id":"https:\/\/sen-shop.com\/hr\/#organization","name":"Mind trade d.o.o","url":"https:\/\/sen-shop.com\/hr\/","logo":{"@type":"ImageObject","inLanguage":"hr-HR","@id":"https:\/\/sen-shop.com\/hr\/#\/schema\/logo\/image\/","url":"https:\/\/sen-shop.com\/wp-content\/uploads\/2018\/05\/header_logo.png","contentUrl":"https:\/\/sen-shop.com\/wp-content\/uploads\/2018\/05\/header_logo.png","width":138,"height":70,"caption":"Mind trade d.o.o"},"image":{"@id":"https:\/\/sen-shop.com\/hr\/#\/schema\/logo\/image\/"},"sameAs":["https:\/\/www.instagram.com\/senslovenija\/","https:\/\/www.facebook.com\/Senshopslovenija"]}]}},"_links":{"self":[{"href":"https:\/\/sen-shop.com\/hr\/wp-json\/wp\/v2\/product\/44132","targetHints":{"allow":["GET"]}}],"collection":[{"href":"https:\/\/sen-shop.com\/hr\/wp-json\/wp\/v2\/product"}],"about":[{"href":"https:\/\/sen-shop.com\/hr\/wp-json\/wp\/v2\/types\/product"}],"replies":[{"embeddable":true,"href":"https:\/\/sen-shop.com\/hr\/wp-json\/wp\/v2\/comments?post=44132"}],"wp:attachment":[{"href":"https:\/\/sen-shop.com\/hr\/wp-json\/wp\/v2\/media?parent=44132"}],"wp:term":[{"taxonomy":"product_cat","embeddable":true,"href":"https:\/\/sen-shop.com\/hr\/wp-json\/wp\/v2\/product_cat?post=44132"},{"taxonomy":"product_tag","embeddable":true,"href":"https:\/\/sen-shop.com\/hr\/wp-json\/wp\/v2\/product_tag?post=44132"}],"curies":[{"name":"wp","href":"https:\/\/api.w.org\/{rel}","templated":true}]}}