{"id":43911,"date":"2017-10-28T15:39:18","date_gmt":"2021-12-02T08:39:11","guid":{"rendered":"https:\/\/sen-shop.com\/?post_type=product&#038;p=43911"},"modified":"2021-12-02T09:39:13","modified_gmt":"2021-12-02T08:39:13","slug":"cbd-kapi-6","status":"publish","type":"product","link":"https:\/\/sen-shop.com\/hr\/collections\/crni-petak\/cbd-kapi-6\/","title":{"rendered":"CBD kapi 6%"},"content":{"rendered":"<p>[vc_row][vc_column][vc_column_text css=&#8221;.vc_custom_1625572882301{padding-top: 30px !important;padding-right: 30px !important;padding-bottom: 30px !important;padding-left: 30px !important;background-color: #c9db95 !important;}&#8221;]<br \/>\n<strong>CBD kapi,<\/strong> ili ekstrakt konoplje, sadr\u017ee kanabinoide. CBD djelujte kao prekida\u010d koji <strong>aktivira na\u0161 vlastiti endokanabinoidni sustav, <\/strong>\u0161to omogu\u0107ava komunikaciju izme\u0111u stanica, tkiva i organa u na\u0161em tijelu. <strong>Regulira funkcije tijela <\/strong>kao \u0161to su apetit, <strong>san, reprodukcija, <\/strong>pam\u0107enje i obrana organizma. Istra\u017eivanja su pokazala da CBD mo\u017ee pomo\u0107i u smanjenju kroni\u010dne boli svojim utjecajem na aktivnost endokanabinoidnog receptora, \u0161to smanjuje upalu i interakciju s neurotransmiterima.<\/p>\n<p>Hladno pre\u0161ano <strong>BIO chia ulje bogat je izvor omega-3 <\/strong>masnih kiselina, antioksidanata i mineralnih kalija. Chia ulje tako\u0111er sadr\u017ei vlakna koja reguliraju probavni sustav.[\/vc_column_text][\/vc_column][\/vc_row][vc_row][vc_column][vc_column_text css=&#8221;.vc_custom_1625572898908{padding-top: 30px !important;padding-right: 30px !important;padding-bottom: 30px !important;padding-left: 30px !important;background-color: #ededed !important;}&#8221;]\ud83d\udc49 Jedna kap dnevno.[\/vc_column_text][\/vc_column][\/vc_row][vc_row][vc_column][vc_column_text]Ljudsko tijelo mo\u017ee samostalno proizvesti 6 razli\u010ditih <strong>endokanabinoida.<\/strong> Nazivaju se tako po kanabinoidima iz konoplje jer imaju jako sli\u010dnu kemijsku strukturu i slu\u017ee kao <strong>&#8220;me\u0111ustani\u010dni glasnici&#8221;. <\/strong>Na\u017ealost, u moderna se vremena \u010desto suo\u010davamo s <strong>nedostatkom endokanabinoida <\/strong>koji uzrokuje <strong>zaga\u0111enje, starenje, lo\u0161a prehrana, <\/strong>lijekovi i agresivno lije\u010denje.<\/p>\n<p>Koja je razlika izme\u0111u THC-a i CBD-a? THC je dobro poznat zbog svog psihoaktivnog djelovanja, jer utje\u010de na funkcioniranje mozga i zbog toga se tvari koje sadr\u017ee visoku razinu THC-a smatraju drogama. S druge strane <strong>CBD nema psihoaktivna djelovanja <\/strong>nego samo pozitivni u\u010dinak na na\u0161 opioidni sustav koji je odgovoran za umanjenje osje\u0107aja boli.<\/p>\n<p>CDB kapi napravljene su od pro\u010di\u0161\u0107enog premium ekstrakta koji sadr\u017ei samo kanabinoide, bez drugih ne\u010disto\u0107a.[\/vc_column_text][\/vc_column][\/vc_row]<\/p>\n","protected":false},"excerpt":{"rendered":"<p><strong>CBD<\/strong> je skra\u0107enica za kanabidiol i po sastavu je <strong>sli\u010dan<\/strong> <strong>endokanabinoidima iz na\u0161eg tijela.<\/strong> Mo\u017ee se lako apsorbirati u na\u0161 sustav i <strong>poma\u017ee ga izlije\u010diti.<\/strong> CBD ulje je prou\u010davano zbog svoje uloge u ubla\u017eavanju simptoma mnogih uobi\u010dajenih zdravstvenih problema, uklju\u010duju\u0107i <strong>bol, anksioznost,<\/strong> akne, <strong>depresiju<\/strong> i bolesti srca. Najja\u010di <strong>znanstveni dokaz<\/strong> je njegova <strong>u\u010dinkovitost<\/strong> u lije\u010denju nekih od najokrutnijih dje\u010djih epilepsijskih sindroma, kao \u0161to su Dravet sindrom i Lennox-Gastaut sindrom (LGS).<\/p>\n<ul>\n<li>poma\u017ee kod problema sa spavanjem, memorijom, problema s ko\u017eom<\/li>\n<li>olak\u0161ava bol, gr\u010deve, regulira funkciju stanica<\/li>\n<li>poma\u017ee kod neurolo\u0161kih problema<\/li>\n<li>poma\u017ee u smanjivanju anksioznosti i depresije<\/li>\n<li>poma\u017ee kod epilepsije<\/li>\n<li>s BIO chia uljem, bogatim izvorom omege 3<\/li>\n<\/ul>\n<p>CBD kapi ne izazivaju ovisnost i ne sadr\u017ee THC.<\/p>\n","protected":false},"featured_media":0,"comment_status":"open","ping_status":"closed","template":"","meta":{"inline_featured_image":false},"product_cat":[1239,423,810],"product_tag":[375,1240,442],"class_list":["post-43911","product","type-product","status-publish","hentry","product_cat-cbd-kapi-6","product_cat-crni-petak","product_cat-nekategorizirano-hr","product_tag-biljni","product_tag-cbd-kapi-6","product_tag-stres"],"acf":[],"yoast_head":"<!-- This site is optimized with the Yoast SEO plugin v19.13 - https:\/\/yoast.com\/wordpress\/plugins\/seo\/ -->\n<title>CBD kapi 6%<\/title>\n<meta name=\"description\" content=\"CBD kapi 6%\" \/>\n<meta name=\"robots\" content=\"index, follow, max-snippet:-1, max-image-preview:large, max-video-preview:-1\" \/>\n<link rel=\"canonical\" href=\"https:\/\/sen-shop.com\/hr\/collections\/crni-petak\/cbd-kapi-6\/\" \/>\n<meta property=\"og:locale\" content=\"hr_HR\" \/>\n<meta property=\"og:type\" content=\"article\" \/>\n<meta property=\"og:title\" content=\"CBD kapi 6%\" \/>\n<meta property=\"og:description\" content=\"CBD kapi 6%\" \/>\n<meta property=\"og:url\" content=\"https:\/\/sen-shop.com\/hr\/collections\/crni-petak\/cbd-kapi-6\/\" \/>\n<meta property=\"og:site_name\" content=\"SEN Shop\" \/>\n<meta property=\"article:publisher\" content=\"https:\/\/www.facebook.com\/Senshopslovenija\" \/>\n<meta property=\"article:modified_time\" content=\"2021-12-02T08:39:13+00:00\" \/>\n<meta property=\"og:image\" content=\"https:\/\/sen-shop.com\/wp-content\/uploads\/2018\/04\/header_logo.png\" \/>\n\t<meta property=\"og:image:width\" content=\"138\" \/>\n\t<meta property=\"og:image:height\" content=\"70\" \/>\n\t<meta property=\"og:image:type\" content=\"image\/png\" \/>\n<meta name=\"twitter:card\" content=\"summary_large_image\" \/>\n<meta name=\"twitter:label1\" content=\"Est. reading time\" \/>\n\t<meta name=\"twitter:data1\" content=\"2 minutes\" \/>\n<script type=\"application\/ld+json\" class=\"yoast-schema-graph\">{\"@context\":\"https:\/\/schema.org\",\"@graph\":[{\"@type\":\"WebPage\",\"@id\":\"https:\/\/sen-shop.com\/hr\/collections\/crni-petak\/cbd-kapi-6\/\",\"url\":\"https:\/\/sen-shop.com\/hr\/collections\/crni-petak\/cbd-kapi-6\/\",\"name\":\"CBD kapi 6%\",\"isPartOf\":{\"@id\":\"https:\/\/sen-shop.com\/hr\/#website\"},\"datePublished\":\"2021-12-02T08:39:11+00:00\",\"dateModified\":\"2021-12-02T08:39:13+00:00\",\"description\":\"CBD kapi 6%\",\"breadcrumb\":{\"@id\":\"https:\/\/sen-shop.com\/hr\/collections\/crni-petak\/cbd-kapi-6\/#breadcrumb\"},\"inLanguage\":\"hr-HR\",\"potentialAction\":[{\"@type\":\"ReadAction\",\"target\":[\"https:\/\/sen-shop.com\/hr\/collections\/crni-petak\/cbd-kapi-6\/\"]}]},{\"@type\":\"BreadcrumbList\",\"@id\":\"https:\/\/sen-shop.com\/hr\/collections\/crni-petak\/cbd-kapi-6\/#breadcrumb\",\"itemListElement\":[{\"@type\":\"ListItem\",\"position\":1,\"name\":\"Home\",\"item\":\"https:\/\/sen-shop.com\/hr\/\"},{\"@type\":\"ListItem\",\"position\":2,\"name\":\"CBD kapi 6%\"}]},{\"@type\":\"WebSite\",\"@id\":\"https:\/\/sen-shop.com\/hr\/#website\",\"url\":\"https:\/\/sen-shop.com\/hr\/\",\"name\":\"SEN Shop\",\"description\":\"Slovensko, Ekolo\u0161ko, Naravno\",\"publisher\":{\"@id\":\"https:\/\/sen-shop.com\/hr\/#organization\"},\"potentialAction\":[{\"@type\":\"SearchAction\",\"target\":{\"@type\":\"EntryPoint\",\"urlTemplate\":\"https:\/\/sen-shop.com\/hr\/?s={search_term_string}\"},\"query-input\":\"required name=search_term_string\"}],\"inLanguage\":\"hr-HR\"},{\"@type\":\"Organization\",\"@id\":\"https:\/\/sen-shop.com\/hr\/#organization\",\"name\":\"Mind trade d.o.o\",\"url\":\"https:\/\/sen-shop.com\/hr\/\",\"logo\":{\"@type\":\"ImageObject\",\"inLanguage\":\"hr-HR\",\"@id\":\"https:\/\/sen-shop.com\/hr\/#\/schema\/logo\/image\/\",\"url\":\"https:\/\/sen-shop.com\/wp-content\/uploads\/2018\/05\/header_logo.png\",\"contentUrl\":\"https:\/\/sen-shop.com\/wp-content\/uploads\/2018\/05\/header_logo.png\",\"width\":138,\"height\":70,\"caption\":\"Mind trade d.o.o\"},\"image\":{\"@id\":\"https:\/\/sen-shop.com\/hr\/#\/schema\/logo\/image\/\"},\"sameAs\":[\"https:\/\/www.instagram.com\/senslovenija\/\",\"https:\/\/www.facebook.com\/Senshopslovenija\"]}]}<\/script>\n<!-- \/ Yoast SEO plugin. -->","yoast_head_json":{"title":"CBD kapi 6%","description":"CBD kapi 6%","robots":{"index":"index","follow":"follow","max-snippet":"max-snippet:-1","max-image-preview":"max-image-preview:large","max-video-preview":"max-video-preview:-1"},"canonical":"https:\/\/sen-shop.com\/hr\/collections\/crni-petak\/cbd-kapi-6\/","og_locale":"hr_HR","og_type":"article","og_title":"CBD kapi 6%","og_description":"CBD kapi 6%","og_url":"https:\/\/sen-shop.com\/hr\/collections\/crni-petak\/cbd-kapi-6\/","og_site_name":"SEN Shop","article_publisher":"https:\/\/www.facebook.com\/Senshopslovenija","article_modified_time":"2021-12-02T08:39:13+00:00","og_image":[{"width":138,"height":70,"url":"https:\/\/sen-shop.com\/wp-content\/uploads\/2018\/04\/header_logo.png","type":"image\/png"}],"twitter_card":"summary_large_image","twitter_misc":{"Est. reading time":"2 minutes"},"schema":{"@context":"https:\/\/schema.org","@graph":[{"@type":"WebPage","@id":"https:\/\/sen-shop.com\/hr\/collections\/crni-petak\/cbd-kapi-6\/","url":"https:\/\/sen-shop.com\/hr\/collections\/crni-petak\/cbd-kapi-6\/","name":"CBD kapi 6%","isPartOf":{"@id":"https:\/\/sen-shop.com\/hr\/#website"},"datePublished":"2021-12-02T08:39:11+00:00","dateModified":"2021-12-02T08:39:13+00:00","description":"CBD kapi 6%","breadcrumb":{"@id":"https:\/\/sen-shop.com\/hr\/collections\/crni-petak\/cbd-kapi-6\/#breadcrumb"},"inLanguage":"hr-HR","potentialAction":[{"@type":"ReadAction","target":["https:\/\/sen-shop.com\/hr\/collections\/crni-petak\/cbd-kapi-6\/"]}]},{"@type":"BreadcrumbList","@id":"https:\/\/sen-shop.com\/hr\/collections\/crni-petak\/cbd-kapi-6\/#breadcrumb","itemListElement":[{"@type":"ListItem","position":1,"name":"Home","item":"https:\/\/sen-shop.com\/hr\/"},{"@type":"ListItem","position":2,"name":"CBD kapi 6%"}]},{"@type":"WebSite","@id":"https:\/\/sen-shop.com\/hr\/#website","url":"https:\/\/sen-shop.com\/hr\/","name":"SEN Shop","description":"Slovensko, Ekolo\u0161ko, Naravno","publisher":{"@id":"https:\/\/sen-shop.com\/hr\/#organization"},"potentialAction":[{"@type":"SearchAction","target":{"@type":"EntryPoint","urlTemplate":"https:\/\/sen-shop.com\/hr\/?s={search_term_string}"},"query-input":"required name=search_term_string"}],"inLanguage":"hr-HR"},{"@type":"Organization","@id":"https:\/\/sen-shop.com\/hr\/#organization","name":"Mind trade d.o.o","url":"https:\/\/sen-shop.com\/hr\/","logo":{"@type":"ImageObject","inLanguage":"hr-HR","@id":"https:\/\/sen-shop.com\/hr\/#\/schema\/logo\/image\/","url":"https:\/\/sen-shop.com\/wp-content\/uploads\/2018\/05\/header_logo.png","contentUrl":"https:\/\/sen-shop.com\/wp-content\/uploads\/2018\/05\/header_logo.png","width":138,"height":70,"caption":"Mind trade d.o.o"},"image":{"@id":"https:\/\/sen-shop.com\/hr\/#\/schema\/logo\/image\/"},"sameAs":["https:\/\/www.instagram.com\/senslovenija\/","https:\/\/www.facebook.com\/Senshopslovenija"]}]}},"_links":{"self":[{"href":"https:\/\/sen-shop.com\/hr\/wp-json\/wp\/v2\/product\/43911","targetHints":{"allow":["GET"]}}],"collection":[{"href":"https:\/\/sen-shop.com\/hr\/wp-json\/wp\/v2\/product"}],"about":[{"href":"https:\/\/sen-shop.com\/hr\/wp-json\/wp\/v2\/types\/product"}],"replies":[{"embeddable":true,"href":"https:\/\/sen-shop.com\/hr\/wp-json\/wp\/v2\/comments?post=43911"}],"wp:attachment":[{"href":"https:\/\/sen-shop.com\/hr\/wp-json\/wp\/v2\/media?parent=43911"}],"wp:term":[{"taxonomy":"product_cat","embeddable":true,"href":"https:\/\/sen-shop.com\/hr\/wp-json\/wp\/v2\/product_cat?post=43911"},{"taxonomy":"product_tag","embeddable":true,"href":"https:\/\/sen-shop.com\/hr\/wp-json\/wp\/v2\/product_tag?post=43911"}],"curies":[{"name":"wp","href":"https:\/\/api.w.org\/{rel}","templated":true}]}}