{"id":43180,"date":"2017-05-20T00:06:22","date_gmt":"2021-11-26T08:26:35","guid":{"rendered":"https:\/\/sen-shop.com\/?post_type=product&#038;p=43180"},"modified":"2021-11-30T10:33:07","modified_gmt":"2021-11-30T09:33:07","slug":"prodol-plus-krema","status":"publish","type":"product","link":"https:\/\/sen-shop.com\/hr\/collections\/osobna-njega-cat\/njega-tijela\/prodol-plus-krema\/","title":{"rendered":"Prodol plus krema"},"content":{"rendered":"<p>[vc_row][vc_column][vc_column_text css=&#8221;.vc_custom_1625132086817{padding-top: 30px !important;padding-right: 30px !important;padding-bottom: 30px !important;padding-left: 30px !important;background-color: #c9db95 !important;}&#8221;]<br \/>\n<strong>Kora vrbe <\/strong>koristi se za <strong>tretiranje <\/strong>boli,<strong> glavobolja i upalnih stanja. <\/strong>Smanjuje upalne procese kod reumatoidnog artritisa, osteoporoze, artritisa kukova i koljena.<\/p>\n<p><strong>Hamamelis smanjuje upalu i bol kod artritisa i reumatizma.<\/strong> Poma\u017ee kod kroni\u010dnog reumatizma, artritisa, gihta, bolova u le\u0111ima, neuralgije i lumbaga. Posebno je <strong>u\u010dinkovita za bolove u kukovima, koljenima i donjem dijelu le\u0111a<\/strong>. Blagotvorno djeluje na pokretljivost koljena i na op\u0107e stanje organizma.<\/p>\n<p><strong>Zimzelen (gaulterija)<\/strong> se koristi u medicini za <strong>ubla\u017eavanje respiratornih, zglobnih i mi\u0161i\u0107nih problema.<\/strong> U\u010dinkovita je za ubla\u017eavanje reumatskih bolesti, gihta, i\u0161ijasa, uko\u010denosti uzrokovanom dobi i <strong>bolova u mi\u0161i\u0107ima<\/strong>.<\/p>\n<p><strong>Arnika<\/strong> se u narodnoj medicini koristi za <strong>tretiranje <\/strong>rana, kvrga, modrica, <strong>bolova u mi\u0161i\u0107ima i reume. <\/strong>Proizvodi od arnike tako\u0111er <strong>poma\u017eu <\/strong>u <strong>tretiranju artritisa, <\/strong>tromboze, uboda insekata i upala sluznice, posebice u ustima ili grlu.<\/p>\n<p><strong>Eukaliptus<\/strong> je poznat po <strong>sna\u017enim antisepti\u010dkim i antireumatskim svojstvima, <\/strong>a naj\u010de\u0161\u0107e ga se mo\u017ee prona\u0107i u proizvodima za masa\u017ee i <strong>obnavljanje mi\u0161i\u0107a, zglobova i ligamenata.<\/strong><\/p>\n<p><strong>Eteri\u010dno ulje \u010dajevca <\/strong>je blagi <strong>dezinficijens <\/strong>i ima zacjeljuju\u0107a svojstva na ranjenu ko\u017eu.[\/vc_column_text][\/vc_column][\/vc_row][vc_row][vc_column][vc_column_text css=&#8221;.vc_custom_1625132112879{padding-top: 30px !important;padding-right: 30px !important;padding-bottom: 30px !important;padding-left: 30px !important;background-color: #ededed !important;}&#8221;]<br \/>\n\ud83d\udc49 Dva puta dnevno utrljati kremu na bolna podru\u010dja zglobova i le\u0111a.<\/p>\n<p>\ud83d\udc49 Nije pogodna za trudnice i djecu mla\u0111u od 12 godina.<\/p>\n<p>\ud83d\udc49 Samo za vanjsku upotrebu, ne nanositi na sluznicu ili ranjenu ko\u017eu.<\/p>\n<p>[\/vc_column_text][\/vc_column][\/vc_row][vc_row][vc_column][vc_column_text]<strong>Za dugotrajne bolove u le\u0111ima i zglobovima preporu\u010dujemo Prodol plus kremu u kombinaciji s kora vrbe + bosvelija + kopriva kapsulama.<\/strong><\/p>\n<p>Proizvod je certificiran od strane Aromacert\u00ae, koji jam\u010di visoku razinu kvalitete prema strogim kriterijima aromaterapije kao \u0161to su: prirodnost, autenti\u010dnost i \u010disto\u0107a sastojaka. Proizvod je 100% veganski i nije testiran na \u017eivotinjama.[\/vc_column_text][\/vc_column][\/vc_row]<\/p>\n","protected":false},"excerpt":{"rendered":"<p>Prodol plus krema <strong>odmah ubla\u017eava bolove u le\u0111ima, donjem dijelu le\u0111a i zglobovima <\/strong>zahvaljuju\u0107i pa\u017eljivo odabranom sastavu prirodnih aktivnih sastojaka.<\/p>\n<ul>\n<li>ubla\u017eava bolove u le\u0111ima i zglobovima<\/li>\n<li>ubla\u017eava glavobolje i upalna stanja<\/li>\n<li>poma\u017ee u pokretljivosti zglobova i ubla\u017eava probleme s kretanjem<\/li>\n<li>s eteri\u010dnim uljima BIO \u010dajevca, eukaliptusa i zimzelena (gaulterije) te ekstraktima vrbe, arnike i hamamelisa.<\/li>\n<\/ul>\n<p>Djelotvorna je za <strong>ubla\u017eavanje bolova uzrokovanih reumom, artritisom, <\/strong>i\u0161ijasom i <strong>raznim drugim <\/strong>bolestima i <strong>bolovima.<\/strong><\/p>\n","protected":false},"featured_media":31801,"comment_status":"open","ping_status":"closed","template":"","meta":{"inline_featured_image":false},"product_cat":[419,418,424,421],"product_tag":[375,381,385,386,384,387,383,388,389,391,392,394,395,382,396,422,398,399,376,377,390,379,378],"class_list":["post-43180","product","type-product","status-publish","has-post-thumbnail","hentry","product_cat-njega-tijela","product_cat-osobna-njega-cat","product_cat-osobna-njega-hr","product_cat-zglobovi-i-misici","product_tag-biljni","product_tag-biljni-gel","product_tag-bio-hr","product_tag-bio-kozmetika-hr","product_tag-bolova-u-rukama","product_tag-bolovi-u-desnoj-ruci","product_tag-bolovi-u-ledima","product_tag-bolovi-u-lijevoj-ruci","product_tag-bolovi-u-nogama-navece","product_tag-ekoloska-kozmetika-hr","product_tag-isias-hr","product_tag-krema-za-kosti","product_tag-misici-i-kosti","product_tag-misici-i-zglobovi","product_tag-njega","product_tag-opustanje-misica","product_tag-pomoc-kod-glavobolje","product_tag-prirodno","product_tag-repelent","product_tag-ruzmarin","product_tag-zdravlje","product_tag-zdravo","product_tag-zemagel","yith_product_brand-aromacert","yith_product_brand-eko-hr","yith_product_brand-ni-testirano-na-zivali-hr","yith_product_brand-vegan-hr"],"acf":[],"yoast_head":"<!-- This site is optimized with the Yoast SEO plugin v19.13 - https:\/\/yoast.com\/wordpress\/plugins\/seo\/ -->\n<title>Prodol plus krema<\/title>\n<meta name=\"description\" content=\"Prodol plus krema\" \/>\n<meta name=\"robots\" content=\"index, follow, max-snippet:-1, max-image-preview:large, max-video-preview:-1\" \/>\n<link rel=\"canonical\" href=\"https:\/\/sen-shop.com\/hr\/collections\/osobna-njega-cat\/njega-tijela\/prodol-plus-krema\/\" \/>\n<meta property=\"og:locale\" content=\"hr_HR\" \/>\n<meta property=\"og:type\" content=\"article\" \/>\n<meta property=\"og:title\" content=\"Prodol plus krema\" \/>\n<meta property=\"og:description\" content=\"Prodol plus krema\" \/>\n<meta property=\"og:url\" content=\"https:\/\/sen-shop.com\/hr\/collections\/osobna-njega-cat\/njega-tijela\/prodol-plus-krema\/\" \/>\n<meta property=\"og:site_name\" content=\"SEN Shop\" \/>\n<meta property=\"article:publisher\" content=\"https:\/\/www.facebook.com\/Senshopslovenija\" \/>\n<meta property=\"article:modified_time\" content=\"2021-11-30T09:33:07+00:00\" \/>\n<meta property=\"og:image\" content=\"https:\/\/sen-shop.com\/wp-content\/uploads\/2021\/08\/Prodol-krema-proti-bolecinam.jpg\" \/>\n\t<meta property=\"og:image:width\" content=\"800\" \/>\n\t<meta property=\"og:image:height\" content=\"1000\" \/>\n\t<meta property=\"og:image:type\" content=\"image\/jpeg\" \/>\n<meta name=\"twitter:card\" content=\"summary_large_image\" \/>\n<meta name=\"twitter:label1\" content=\"Est. reading time\" \/>\n\t<meta name=\"twitter:data1\" content=\"2 minutes\" \/>\n<script type=\"application\/ld+json\" class=\"yoast-schema-graph\">{\"@context\":\"https:\/\/schema.org\",\"@graph\":[{\"@type\":\"WebPage\",\"@id\":\"https:\/\/sen-shop.com\/hr\/collections\/osobna-njega-cat\/njega-tijela\/prodol-plus-krema\/\",\"url\":\"https:\/\/sen-shop.com\/hr\/collections\/osobna-njega-cat\/njega-tijela\/prodol-plus-krema\/\",\"name\":\"Prodol plus krema\",\"isPartOf\":{\"@id\":\"https:\/\/sen-shop.com\/hr\/#website\"},\"datePublished\":\"2021-11-26T08:26:35+00:00\",\"dateModified\":\"2021-11-30T09:33:07+00:00\",\"description\":\"Prodol plus krema\",\"breadcrumb\":{\"@id\":\"https:\/\/sen-shop.com\/hr\/collections\/osobna-njega-cat\/njega-tijela\/prodol-plus-krema\/#breadcrumb\"},\"inLanguage\":\"hr-HR\",\"potentialAction\":[{\"@type\":\"ReadAction\",\"target\":[\"https:\/\/sen-shop.com\/hr\/collections\/osobna-njega-cat\/njega-tijela\/prodol-plus-krema\/\"]}]},{\"@type\":\"BreadcrumbList\",\"@id\":\"https:\/\/sen-shop.com\/hr\/collections\/osobna-njega-cat\/njega-tijela\/prodol-plus-krema\/#breadcrumb\",\"itemListElement\":[{\"@type\":\"ListItem\",\"position\":1,\"name\":\"Home\",\"item\":\"https:\/\/sen-shop.com\/hr\/\"},{\"@type\":\"ListItem\",\"position\":2,\"name\":\"Prodol plus krema\"}]},{\"@type\":\"WebSite\",\"@id\":\"https:\/\/sen-shop.com\/hr\/#website\",\"url\":\"https:\/\/sen-shop.com\/hr\/\",\"name\":\"SEN Shop\",\"description\":\"Slovensko, Ekolo\u0161ko, Naravno\",\"publisher\":{\"@id\":\"https:\/\/sen-shop.com\/hr\/#organization\"},\"potentialAction\":[{\"@type\":\"SearchAction\",\"target\":{\"@type\":\"EntryPoint\",\"urlTemplate\":\"https:\/\/sen-shop.com\/hr\/?s={search_term_string}\"},\"query-input\":\"required name=search_term_string\"}],\"inLanguage\":\"hr-HR\"},{\"@type\":\"Organization\",\"@id\":\"https:\/\/sen-shop.com\/hr\/#organization\",\"name\":\"Mind trade d.o.o\",\"url\":\"https:\/\/sen-shop.com\/hr\/\",\"logo\":{\"@type\":\"ImageObject\",\"inLanguage\":\"hr-HR\",\"@id\":\"https:\/\/sen-shop.com\/hr\/#\/schema\/logo\/image\/\",\"url\":\"https:\/\/sen-shop.com\/wp-content\/uploads\/2018\/05\/header_logo.png\",\"contentUrl\":\"https:\/\/sen-shop.com\/wp-content\/uploads\/2018\/05\/header_logo.png\",\"width\":138,\"height\":70,\"caption\":\"Mind trade d.o.o\"},\"image\":{\"@id\":\"https:\/\/sen-shop.com\/hr\/#\/schema\/logo\/image\/\"},\"sameAs\":[\"https:\/\/www.instagram.com\/senslovenija\/\",\"https:\/\/www.facebook.com\/Senshopslovenija\"]}]}<\/script>\n<!-- \/ Yoast SEO plugin. -->","yoast_head_json":{"title":"Prodol plus krema","description":"Prodol plus krema","robots":{"index":"index","follow":"follow","max-snippet":"max-snippet:-1","max-image-preview":"max-image-preview:large","max-video-preview":"max-video-preview:-1"},"canonical":"https:\/\/sen-shop.com\/hr\/collections\/osobna-njega-cat\/njega-tijela\/prodol-plus-krema\/","og_locale":"hr_HR","og_type":"article","og_title":"Prodol plus krema","og_description":"Prodol plus krema","og_url":"https:\/\/sen-shop.com\/hr\/collections\/osobna-njega-cat\/njega-tijela\/prodol-plus-krema\/","og_site_name":"SEN Shop","article_publisher":"https:\/\/www.facebook.com\/Senshopslovenija","article_modified_time":"2021-11-30T09:33:07+00:00","og_image":[{"width":800,"height":1000,"url":"https:\/\/sen-shop.com\/wp-content\/uploads\/2021\/08\/Prodol-krema-proti-bolecinam.jpg","type":"image\/jpeg"}],"twitter_card":"summary_large_image","twitter_misc":{"Est. reading time":"2 minutes"},"schema":{"@context":"https:\/\/schema.org","@graph":[{"@type":"WebPage","@id":"https:\/\/sen-shop.com\/hr\/collections\/osobna-njega-cat\/njega-tijela\/prodol-plus-krema\/","url":"https:\/\/sen-shop.com\/hr\/collections\/osobna-njega-cat\/njega-tijela\/prodol-plus-krema\/","name":"Prodol plus krema","isPartOf":{"@id":"https:\/\/sen-shop.com\/hr\/#website"},"datePublished":"2021-11-26T08:26:35+00:00","dateModified":"2021-11-30T09:33:07+00:00","description":"Prodol plus krema","breadcrumb":{"@id":"https:\/\/sen-shop.com\/hr\/collections\/osobna-njega-cat\/njega-tijela\/prodol-plus-krema\/#breadcrumb"},"inLanguage":"hr-HR","potentialAction":[{"@type":"ReadAction","target":["https:\/\/sen-shop.com\/hr\/collections\/osobna-njega-cat\/njega-tijela\/prodol-plus-krema\/"]}]},{"@type":"BreadcrumbList","@id":"https:\/\/sen-shop.com\/hr\/collections\/osobna-njega-cat\/njega-tijela\/prodol-plus-krema\/#breadcrumb","itemListElement":[{"@type":"ListItem","position":1,"name":"Home","item":"https:\/\/sen-shop.com\/hr\/"},{"@type":"ListItem","position":2,"name":"Prodol plus krema"}]},{"@type":"WebSite","@id":"https:\/\/sen-shop.com\/hr\/#website","url":"https:\/\/sen-shop.com\/hr\/","name":"SEN Shop","description":"Slovensko, Ekolo\u0161ko, Naravno","publisher":{"@id":"https:\/\/sen-shop.com\/hr\/#organization"},"potentialAction":[{"@type":"SearchAction","target":{"@type":"EntryPoint","urlTemplate":"https:\/\/sen-shop.com\/hr\/?s={search_term_string}"},"query-input":"required name=search_term_string"}],"inLanguage":"hr-HR"},{"@type":"Organization","@id":"https:\/\/sen-shop.com\/hr\/#organization","name":"Mind trade d.o.o","url":"https:\/\/sen-shop.com\/hr\/","logo":{"@type":"ImageObject","inLanguage":"hr-HR","@id":"https:\/\/sen-shop.com\/hr\/#\/schema\/logo\/image\/","url":"https:\/\/sen-shop.com\/wp-content\/uploads\/2018\/05\/header_logo.png","contentUrl":"https:\/\/sen-shop.com\/wp-content\/uploads\/2018\/05\/header_logo.png","width":138,"height":70,"caption":"Mind trade d.o.o"},"image":{"@id":"https:\/\/sen-shop.com\/hr\/#\/schema\/logo\/image\/"},"sameAs":["https:\/\/www.instagram.com\/senslovenija\/","https:\/\/www.facebook.com\/Senshopslovenija"]}]}},"_links":{"self":[{"href":"https:\/\/sen-shop.com\/hr\/wp-json\/wp\/v2\/product\/43180","targetHints":{"allow":["GET"]}}],"collection":[{"href":"https:\/\/sen-shop.com\/hr\/wp-json\/wp\/v2\/product"}],"about":[{"href":"https:\/\/sen-shop.com\/hr\/wp-json\/wp\/v2\/types\/product"}],"replies":[{"embeddable":true,"href":"https:\/\/sen-shop.com\/hr\/wp-json\/wp\/v2\/comments?post=43180"}],"wp:featuredmedia":[{"embeddable":true,"href":"https:\/\/sen-shop.com\/hr\/wp-json\/wp\/v2\/media\/31801"}],"wp:attachment":[{"href":"https:\/\/sen-shop.com\/hr\/wp-json\/wp\/v2\/media?parent=43180"}],"wp:term":[{"taxonomy":"product_cat","embeddable":true,"href":"https:\/\/sen-shop.com\/hr\/wp-json\/wp\/v2\/product_cat?post=43180"},{"taxonomy":"product_tag","embeddable":true,"href":"https:\/\/sen-shop.com\/hr\/wp-json\/wp\/v2\/product_tag?post=43180"}],"curies":[{"name":"wp","href":"https:\/\/api.w.org\/{rel}","templated":true}]}}