{"id":43065,"date":"2016-09-16T01:22:05","date_gmt":"2021-11-25T09:47:46","guid":{"rendered":"https:\/\/sen-shop.com\/?post_type=product&#038;p=43065"},"modified":"2021-11-25T13:45:21","modified_gmt":"2021-11-25T12:45:21","slug":"visenamjensko-prirodno-sredstvo-za-ciscenje","status":"publish","type":"product","link":"https:\/\/sen-shop.com\/hr\/collections\/osobna-njega-cat\/visenamjensko-prirodno-sredstvo-za-ciscenje\/","title":{"rendered":"Vi\u0161enamjensko prirodno sredstvo za \u010di\u0161\u0107enje"},"content":{"rendered":"<p>[vc_row][vc_column][vc_column_text css=&#8221;.vc_custom_1625129931562{padding-top: 30px !important;padding-right: 30px !important;padding-bottom: 30px !important;padding-left: 30px !important;background-color: #c9db95 !important;}&#8221;]<br \/>\nZahvaljuju\u0107i sadr\u017eaju etanola (60%) i eteri\u010dnim uljima (BIO \u010dajevac, limunska trava, eukaliptus i naran\u010da), vi\u0161enamjensko sredstvo za \u010di\u0161\u0107enje ima <strong>dezinfekcijski<\/strong> i <strong>aromaterapijski u\u010dinak<\/strong>. Nakon \u010di\u0161\u0107enja sobe \u0107e biti ne samo \u010diste nego i <strong>ugodno namirisane prirodnim eteri\u010dnim uljima.<\/strong> Zahvaljuju\u0107i svom potpuno prirodnom sastavu, sredstvo za \u010di\u0161\u0107enje ima mnoge prednosti u odnosu na komercijalna (toksi\u010dna) sredstva za \u010di\u0161\u0107enje. <strong>Pogodan je za kori\u0161tenje u podru\u010djima gdje se kre\u0107u bebe, djeca i ku\u0107ni ljubimci.<\/strong> Kako je dezinficijens, ali nije otrovan, <strong>prikladan je za \u010di\u0161\u0107enje igra\u010daka, stoli\u0107a za presvla\u010denje, kreveti\u0107a, predmeta i prostora u kojima \u017eive ku\u0107ni ljubimci<\/strong> (le\u017eaji za pse i ma\u010dke, kavezi za \u017eivotinje itd.).<\/p>\n<p>Sredstvo za \u010di\u0161\u0107enje mo\u017ee se koristiti i u kuhinji jer <strong>savr\u0161eno uklanja masne naslage <\/strong>zahvaljuju\u0107i sadr\u017eaju etanola u kombinaciji sa surfaktantom dobivenim iz kokosovog ulja i \u0161e\u0107era. Tako\u0111er sadr\u017ei i limunsku kiselinu, \u0161to ga \u010dini pogodnim za <strong>uklanjanje kamenca. <\/strong>Sredstvo za \u010di\u0161\u0107enje nije korozivno i mo\u017ee se koristiti bez rukavica.<\/p>\n<p>[\/vc_column_text][\/vc_column][\/vc_row][vc_row][vc_column][vc_column_text css=&#8221;.vc_custom_1625129946025{padding-top: 30px !important;padding-right: 30px !important;padding-bottom: 30px !important;padding-left: 30px !important;}&#8221;]\ud83d\udc49 Poprskati sredstvo za \u010di\u0161\u0107enje na \u017eeljeno podru\u010dje, istrljati spu\u017evom i isprati vodom.<\/p>\n<p>\ud83d\udc49 Za uklanjanje kamenca, nanijeti sredstvo za \u010di\u0161\u0107enje na povr\u0161inu, pri\u010dekati 3 minute, nakon toga isprati vodom i prebrisati krpom.<\/p>\n<p>\ud83d\udc49 Kod \u010di\u0161\u0107enja podova preporu\u010dujemo razrijediti sredstvo za \u010di\u0161\u0107enje vodom.[\/vc_column_text][\/vc_column][\/vc_row][vc_row][vc_column][vc_column_text]Vi\u0161enamjensko prirodno sredstvo za \u010di\u0161\u0107enje u\u010dinkovito \u010disti i nje\u017eno dezinficira sve vrste povr\u0161ina.<br \/>\nMo\u017ee se koristiti za\/na:<br \/>\n\u2022 kuhinju (kuhinjska radna povr\u0161ina, ormari\u0107i, sudoper, stol, itd.)<br \/>\n\u2022 kupaonu (umivaonik, WC, instalacije, kada, itd.)<br \/>\n\u2022 spava\u0107u sobu (okvir kreveta, no\u0107ni ormari\u0107i, itd.)<br \/>\n\u2022 ured (stol, tipkovnica, stolice)<br \/>\n\u2022 dje\u010dju sobu (oprema i igra\u010dke)<br \/>\n\u2022 druga podru\u010dja (podovi, prostor za ku\u0107ne ljubimce, kavezi. itd.).[\/vc_column_text][\/vc_column][\/vc_row]<\/p>\n","protected":false},"excerpt":{"rendered":"<p><strong>Trebali bi koristiti proizvode za \u010di\u0161\u0107enje koji su prihvatljivi za zdravlje i okoli\u0161. <\/strong>Vi\u0161enamjensko prirodno sredstvo za \u010di\u0161\u0107enje napravljeno je isklju\u010divo od obnovljivih biljnih izvora, u potpunosti je biorazgradivo i prihvatljivo za okoli\u0161.<\/p>\n<ul>\n<li>60% alkohola za u\u010dinkovito dezinficiranje povr\u0161ina<\/li>\n<li>odli\u010dno za \u010di\u0161\u0107enje prljav\u0161tine i uklanjanje kamenca<\/li>\n<li>odli\u010dno za uklanjanje masno\u0107e<\/li>\n<li>prirodan sastav prihvatljiv za zdravlje i okoli\u0161<\/li>\n<li>s eteri\u010dnim uljima BIO \u010dajevca, limunske trave, eukaliptusa i naran\u010de<\/li>\n<\/ul>\n<p>Sredstvo za \u010di\u0161\u0107enje 100% je prirodno te se stoga mo\u017ee koristiti \u010dak i bez rukavica. Pogodno je za \u010di\u0161\u0107enje i dezinfekciju povr\u0161ina gdje se igraju djeca ili spavaju ku\u0107ni ljubimci.<\/p>\n","protected":false},"featured_media":31811,"comment_status":"open","ping_status":"closed","template":"","meta":{"inline_featured_image":false},"product_cat":[810,418],"product_tag":[375,1226,1225],"class_list":["post-43065","product","type-product","status-publish","has-post-thumbnail","hentry","product_cat-nekategorizirano-hr","product_cat-osobna-njega-cat","product_tag-biljni","product_tag-razkuzevanje-hr","product_tag-razkuzilo-hr","yith_product_brand-eko-hr","yith_product_brand-ni-testirano-na-zivali-hr"],"acf":[],"yoast_head":"<!-- This site is optimized with the Yoast SEO plugin v19.13 - https:\/\/yoast.com\/wordpress\/plugins\/seo\/ -->\n<title>Vi\u0161enamjensko prirodno sredstvo za \u010di\u0161\u0107enje<\/title>\n<meta name=\"description\" content=\"Vi\u0161enamjensko prirodno sredstvo za \u010di\u0161\u0107enje\" \/>\n<meta name=\"robots\" content=\"index, follow, max-snippet:-1, max-image-preview:large, max-video-preview:-1\" \/>\n<link rel=\"canonical\" href=\"https:\/\/sen-shop.com\/hr\/collections\/osobna-njega-cat\/visenamjensko-prirodno-sredstvo-za-ciscenje\/\" \/>\n<meta property=\"og:locale\" content=\"hr_HR\" \/>\n<meta property=\"og:type\" content=\"article\" \/>\n<meta property=\"og:title\" content=\"Vi\u0161enamjensko prirodno sredstvo za \u010di\u0161\u0107enje\" \/>\n<meta property=\"og:description\" content=\"Vi\u0161enamjensko prirodno sredstvo za \u010di\u0161\u0107enje\" \/>\n<meta property=\"og:url\" content=\"https:\/\/sen-shop.com\/hr\/collections\/osobna-njega-cat\/visenamjensko-prirodno-sredstvo-za-ciscenje\/\" \/>\n<meta property=\"og:site_name\" content=\"SEN Shop\" \/>\n<meta property=\"article:publisher\" content=\"https:\/\/www.facebook.com\/Senshopslovenija\" \/>\n<meta property=\"article:modified_time\" content=\"2021-11-25T12:45:21+00:00\" \/>\n<meta property=\"og:image\" content=\"https:\/\/sen-shop.com\/wp-content\/uploads\/2016\/09\/cistilo-z-zelenjem-vektor.png\" \/>\n\t<meta property=\"og:image:width\" content=\"1199\" \/>\n\t<meta property=\"og:image:height\" content=\"1371\" \/>\n\t<meta property=\"og:image:type\" content=\"image\/png\" \/>\n<meta name=\"twitter:card\" content=\"summary_large_image\" \/>\n<meta name=\"twitter:label1\" content=\"Est. reading time\" \/>\n\t<meta name=\"twitter:data1\" content=\"2 minutes\" \/>\n<script type=\"application\/ld+json\" class=\"yoast-schema-graph\">{\"@context\":\"https:\/\/schema.org\",\"@graph\":[{\"@type\":\"WebPage\",\"@id\":\"https:\/\/sen-shop.com\/hr\/collections\/osobna-njega-cat\/visenamjensko-prirodno-sredstvo-za-ciscenje\/\",\"url\":\"https:\/\/sen-shop.com\/hr\/collections\/osobna-njega-cat\/visenamjensko-prirodno-sredstvo-za-ciscenje\/\",\"name\":\"Vi\u0161enamjensko prirodno sredstvo za \u010di\u0161\u0107enje\",\"isPartOf\":{\"@id\":\"https:\/\/sen-shop.com\/hr\/#website\"},\"datePublished\":\"2021-11-25T09:47:46+00:00\",\"dateModified\":\"2021-11-25T12:45:21+00:00\",\"description\":\"Vi\u0161enamjensko prirodno sredstvo za \u010di\u0161\u0107enje\",\"breadcrumb\":{\"@id\":\"https:\/\/sen-shop.com\/hr\/collections\/osobna-njega-cat\/visenamjensko-prirodno-sredstvo-za-ciscenje\/#breadcrumb\"},\"inLanguage\":\"hr-HR\",\"potentialAction\":[{\"@type\":\"ReadAction\",\"target\":[\"https:\/\/sen-shop.com\/hr\/collections\/osobna-njega-cat\/visenamjensko-prirodno-sredstvo-za-ciscenje\/\"]}]},{\"@type\":\"BreadcrumbList\",\"@id\":\"https:\/\/sen-shop.com\/hr\/collections\/osobna-njega-cat\/visenamjensko-prirodno-sredstvo-za-ciscenje\/#breadcrumb\",\"itemListElement\":[{\"@type\":\"ListItem\",\"position\":1,\"name\":\"Home\",\"item\":\"https:\/\/sen-shop.com\/hr\/\"},{\"@type\":\"ListItem\",\"position\":2,\"name\":\"Vi\u0161enamjensko prirodno sredstvo za \u010di\u0161\u0107enje\"}]},{\"@type\":\"WebSite\",\"@id\":\"https:\/\/sen-shop.com\/hr\/#website\",\"url\":\"https:\/\/sen-shop.com\/hr\/\",\"name\":\"SEN Shop\",\"description\":\"Slovensko, Ekolo\u0161ko, Naravno\",\"publisher\":{\"@id\":\"https:\/\/sen-shop.com\/hr\/#organization\"},\"potentialAction\":[{\"@type\":\"SearchAction\",\"target\":{\"@type\":\"EntryPoint\",\"urlTemplate\":\"https:\/\/sen-shop.com\/hr\/?s={search_term_string}\"},\"query-input\":\"required name=search_term_string\"}],\"inLanguage\":\"hr-HR\"},{\"@type\":\"Organization\",\"@id\":\"https:\/\/sen-shop.com\/hr\/#organization\",\"name\":\"Mind trade d.o.o\",\"url\":\"https:\/\/sen-shop.com\/hr\/\",\"logo\":{\"@type\":\"ImageObject\",\"inLanguage\":\"hr-HR\",\"@id\":\"https:\/\/sen-shop.com\/hr\/#\/schema\/logo\/image\/\",\"url\":\"https:\/\/sen-shop.com\/wp-content\/uploads\/2018\/05\/header_logo.png\",\"contentUrl\":\"https:\/\/sen-shop.com\/wp-content\/uploads\/2018\/05\/header_logo.png\",\"width\":138,\"height\":70,\"caption\":\"Mind trade d.o.o\"},\"image\":{\"@id\":\"https:\/\/sen-shop.com\/hr\/#\/schema\/logo\/image\/\"},\"sameAs\":[\"https:\/\/www.instagram.com\/senslovenija\/\",\"https:\/\/www.facebook.com\/Senshopslovenija\"]}]}<\/script>\n<!-- \/ Yoast SEO plugin. -->","yoast_head_json":{"title":"Vi\u0161enamjensko prirodno sredstvo za \u010di\u0161\u0107enje","description":"Vi\u0161enamjensko prirodno sredstvo za \u010di\u0161\u0107enje","robots":{"index":"index","follow":"follow","max-snippet":"max-snippet:-1","max-image-preview":"max-image-preview:large","max-video-preview":"max-video-preview:-1"},"canonical":"https:\/\/sen-shop.com\/hr\/collections\/osobna-njega-cat\/visenamjensko-prirodno-sredstvo-za-ciscenje\/","og_locale":"hr_HR","og_type":"article","og_title":"Vi\u0161enamjensko prirodno sredstvo za \u010di\u0161\u0107enje","og_description":"Vi\u0161enamjensko prirodno sredstvo za \u010di\u0161\u0107enje","og_url":"https:\/\/sen-shop.com\/hr\/collections\/osobna-njega-cat\/visenamjensko-prirodno-sredstvo-za-ciscenje\/","og_site_name":"SEN Shop","article_publisher":"https:\/\/www.facebook.com\/Senshopslovenija","article_modified_time":"2021-11-25T12:45:21+00:00","og_image":[{"width":1199,"height":1371,"url":"https:\/\/sen-shop.com\/wp-content\/uploads\/2016\/09\/cistilo-z-zelenjem-vektor.png","type":"image\/png"}],"twitter_card":"summary_large_image","twitter_misc":{"Est. reading time":"2 minutes"},"schema":{"@context":"https:\/\/schema.org","@graph":[{"@type":"WebPage","@id":"https:\/\/sen-shop.com\/hr\/collections\/osobna-njega-cat\/visenamjensko-prirodno-sredstvo-za-ciscenje\/","url":"https:\/\/sen-shop.com\/hr\/collections\/osobna-njega-cat\/visenamjensko-prirodno-sredstvo-za-ciscenje\/","name":"Vi\u0161enamjensko prirodno sredstvo za \u010di\u0161\u0107enje","isPartOf":{"@id":"https:\/\/sen-shop.com\/hr\/#website"},"datePublished":"2021-11-25T09:47:46+00:00","dateModified":"2021-11-25T12:45:21+00:00","description":"Vi\u0161enamjensko prirodno sredstvo za \u010di\u0161\u0107enje","breadcrumb":{"@id":"https:\/\/sen-shop.com\/hr\/collections\/osobna-njega-cat\/visenamjensko-prirodno-sredstvo-za-ciscenje\/#breadcrumb"},"inLanguage":"hr-HR","potentialAction":[{"@type":"ReadAction","target":["https:\/\/sen-shop.com\/hr\/collections\/osobna-njega-cat\/visenamjensko-prirodno-sredstvo-za-ciscenje\/"]}]},{"@type":"BreadcrumbList","@id":"https:\/\/sen-shop.com\/hr\/collections\/osobna-njega-cat\/visenamjensko-prirodno-sredstvo-za-ciscenje\/#breadcrumb","itemListElement":[{"@type":"ListItem","position":1,"name":"Home","item":"https:\/\/sen-shop.com\/hr\/"},{"@type":"ListItem","position":2,"name":"Vi\u0161enamjensko prirodno sredstvo za \u010di\u0161\u0107enje"}]},{"@type":"WebSite","@id":"https:\/\/sen-shop.com\/hr\/#website","url":"https:\/\/sen-shop.com\/hr\/","name":"SEN Shop","description":"Slovensko, Ekolo\u0161ko, Naravno","publisher":{"@id":"https:\/\/sen-shop.com\/hr\/#organization"},"potentialAction":[{"@type":"SearchAction","target":{"@type":"EntryPoint","urlTemplate":"https:\/\/sen-shop.com\/hr\/?s={search_term_string}"},"query-input":"required name=search_term_string"}],"inLanguage":"hr-HR"},{"@type":"Organization","@id":"https:\/\/sen-shop.com\/hr\/#organization","name":"Mind trade d.o.o","url":"https:\/\/sen-shop.com\/hr\/","logo":{"@type":"ImageObject","inLanguage":"hr-HR","@id":"https:\/\/sen-shop.com\/hr\/#\/schema\/logo\/image\/","url":"https:\/\/sen-shop.com\/wp-content\/uploads\/2018\/05\/header_logo.png","contentUrl":"https:\/\/sen-shop.com\/wp-content\/uploads\/2018\/05\/header_logo.png","width":138,"height":70,"caption":"Mind trade d.o.o"},"image":{"@id":"https:\/\/sen-shop.com\/hr\/#\/schema\/logo\/image\/"},"sameAs":["https:\/\/www.instagram.com\/senslovenija\/","https:\/\/www.facebook.com\/Senshopslovenija"]}]}},"_links":{"self":[{"href":"https:\/\/sen-shop.com\/hr\/wp-json\/wp\/v2\/product\/43065","targetHints":{"allow":["GET"]}}],"collection":[{"href":"https:\/\/sen-shop.com\/hr\/wp-json\/wp\/v2\/product"}],"about":[{"href":"https:\/\/sen-shop.com\/hr\/wp-json\/wp\/v2\/types\/product"}],"replies":[{"embeddable":true,"href":"https:\/\/sen-shop.com\/hr\/wp-json\/wp\/v2\/comments?post=43065"}],"wp:featuredmedia":[{"embeddable":true,"href":"https:\/\/sen-shop.com\/hr\/wp-json\/wp\/v2\/media\/31811"}],"wp:attachment":[{"href":"https:\/\/sen-shop.com\/hr\/wp-json\/wp\/v2\/media?parent=43065"}],"wp:term":[{"taxonomy":"product_cat","embeddable":true,"href":"https:\/\/sen-shop.com\/hr\/wp-json\/wp\/v2\/product_cat?post=43065"},{"taxonomy":"product_tag","embeddable":true,"href":"https:\/\/sen-shop.com\/hr\/wp-json\/wp\/v2\/product_tag?post=43065"}],"curies":[{"name":"wp","href":"https:\/\/api.w.org\/{rel}","templated":true}]}}