{"id":43046,"date":"2016-09-16T01:08:02","date_gmt":"2016-09-15T23:08:02","guid":{"rendered":"https:\/\/sen-shop.com\/collections\/uncategorized\/maslac-za-tijelo\/"},"modified":"2021-11-25T09:47:29","modified_gmt":"2021-11-25T08:47:29","slug":"maslac-za-tijelo","status":"publish","type":"product","link":"https:\/\/sen-shop.com\/hr\/collections\/osobna-njega-cat\/njega-tijela\/maslac-za-tijelo\/","title":{"rendered":"Maslac za tijelo"},"content":{"rendered":"<p>[vc_row][vc_column][vc_column_text css=&#8221;.vc_custom_1625133982203{padding-top: 30px !important;padding-right: 30px !important;padding-bottom: 30px !important;padding-left: 30px !important;background-color: #c9db95 !important;}&#8221;]<br \/>\n<strong>Shea maslac zagla\u0111uje grubu ko\u017eu<\/strong> i vra\u0107a joj prirodnu vla\u017enost. Umiruje nadra\u017eenu ko\u017eu, djeluje protuupalno i hidratizira, te <strong>blagotvorno djeluje na o\u017eiljke, opekline i osipe.<\/strong> Vrlo je u\u010dinkovit u obnavljanju stanica ko\u017ee, smiruje manje upale i <strong>poma\u017ee u zacjeljivanju o\u017eiljaka.<\/strong><\/p>\n<p><strong>Ulje jojobe<\/strong> poprili\u010dno je sli\u010dno sebumu, \u0161to ga \u010dini pogodnim za sve tipove ko\u017ee; osjetljivu, suhu ko\u017eu, masnu i sklonu aknama.<strong> Inhibira starenje<\/strong> i <strong>smanjuje pojavu prvih bora,<\/strong> njeguje i vla\u017ei ko\u017eu, ima protuupalna svojstva pa je stoga pogodan i za <strong>njegu o\u0161te\u0107ene<\/strong> ili<strong> upaljene ko\u017ee.<\/strong><\/p>\n<p><strong>Maslac manga<\/strong> ima izvrsna hidratantna svojstva, <strong>poti\u010de zacjeljivanje rana<\/strong> i <strong>regeneraciju ko\u017ee.<\/strong> Umiruje, vla\u017ei, \u0161titi, pove\u0107ava elasti\u010dnost i <strong>smanjuje propadanje stanica ko\u017ee. <\/strong>Mango ima za\u0161titni u\u010dinak od UV zra\u010denja. <strong>Mnogi dermatolozi preporu\u010duju maslac od manga za borbu protiv bora.<\/strong><\/p>\n<p><strong>Vitamini A, C i E inhibiraju starenje ko\u017ee<\/strong> i <strong>degeneraciju ko\u017ee <\/strong>zahvaljuju\u0107i svom antioksidativnom djelovanju.<\/p>\n<p><strong>Eteri\u010dno ulje \u010dajevca <\/strong>pobolj\u0161ava cirkulaciju krvi u ko\u017ei i smanjuje pojavu ko\u017enih izraslina.[\/vc_column_text][\/vc_column][\/vc_row][vc_row][vc_column][vc_column_text css=&#8221;.vc_custom_1625133433399{padding-top: 30px !important;padding-right: 30px !important;padding-bottom: 30px !important;padding-left: 30px !important;background-color: #EDEDED !important;}&#8221;]<br \/>\n\ud83d\udc49 Nanijeti maslac na \u017eeljene dijelove tijela nekoliko puta dnevno<\/p>\n<p>\ud83d\udc49 Maslac se mo\u017ee koristiti i za nadra\u017eene dijelove grudi tijekom dojenja, nadra\u017eenu ko\u017eu ispod pelena i kao njeguju\u0107i preparat nakon tetova\u017ee.[\/vc_column_text][\/vc_column][\/vc_row][vc_row][vc_column][vc_column_text]<br \/>\nBrzo debljanje mo\u017ee uzrokovati pukotine u vezivnom tkivu, koje su poznate kao strije. <strong>Elasti\u010dnost ko\u017ee mo\u017ee se pove\u0107ati pravilnom prehranom i dodatnom njegom ko\u017ee.<\/strong> Formula maslaca za tijelo za osjetljivu ko\u017eu sadr\u017ei bogatu kombinaciju maslaca i drugih prirodnih sastojaka koji hidratiziraju ko\u017eu i sprje\u010davaju nastanak strija.<\/p>\n<p>Naju\u010destaliji uzroci problema sa suhom ko\u017eom su hormonalna neravnote\u017ea, uzimanje lijekova, kori\u0161tenje sinteti\u010dkih kozmeti\u010dkih proizvoda ili bolesti poput psorijaze i dermatitisa. Problemi s ko\u017eom mogu se tako\u0111er pojaviti zbog svakodnevnog izlaganja vanjskim utjecajima. Ljeti sunce o\u0161te\u0107uje ko\u017eu, dok je zimi isu\u0161uje prebivanje u grijanom zatvorenom prostoru. Maslac za tijelo \u0161titi i njeguje osjetljivu ko\u017eu i pru\u017ea joj prirodnu za\u0161titu tijekom svih godi\u0161njih doba.<\/p>\n<p><strong>Ne smijemo zaboraviti da sve \u0161to stavljamo na na\u0161u ko\u017eu zavr\u0161i u na\u0161im organima, stoga je va\u017eno koristiti samo prirodne maslace za tijelo, kreme i losione, posebice kod trudnica, beba i djece.<\/strong><\/p>\n<p>Proizvod je certificiran od strane Aromacert\u00ae, koji jam\u010di visoku razinu kvalitete prema strogim kriterijima aromaterapije kao \u0161to su: prirodnost, autenti\u010dnost i \u010disto\u0107a sastojaka. Proizvod je 100% veganski i nije testiran na \u017eivotinjama.[\/vc_column_text][\/vc_column][\/vc_row]<\/p>\n","protected":false},"excerpt":{"rendered":"<p>Maslac za tijelo sa svojom bogatom mje\u0161avinom hranjivih sastojaka <strong>vla\u017ei<\/strong> i <strong>\u0161titi suhu, osjetljivu i nje\u017enu ko\u017eu<\/strong>. Zbog pomno odabranih vrhunskih prirodnih sastojaka prikladan je za trudnice, djecu i bebe.<\/p>\n<ul>\n<li>njeguje i hidratizira ko\u017eu<\/li>\n<li>umiruje nadra\u017eenu, o\u0161te\u0107enu i ope\u010denu ko\u017eu<\/li>\n<li>poma\u017ee u sprje\u010davanju nastanka strija<\/li>\n<li>odli\u010dan za njegu nakon tetova\u017ea<\/li>\n<li>prikladan za bebe i malu djecu<\/li>\n<\/ul>\n<p>Bogata mje\u0161avina BIO shea maslaca i maslaca od manga, BIO ulja jojobe, vitamina A, C i E i BIO ulja \u010dajevca koji <strong>njeguju <\/strong>i <strong>\u0161tite sva osjetljiva podru\u010dja.<\/strong><\/p>\n","protected":false},"featured_media":25943,"comment_status":"open","ping_status":"closed","template":"","meta":{"inline_featured_image":false},"product_cat":[423,420,419,436,418],"product_tag":[1223,375,381,1224,382,376,377,379],"class_list":["post-43046","product","type-product","status-publish","has-post-thumbnail","hentry","product_cat-crni-petak","product_cat-njega-nogu","product_cat-njega-tijela","product_cat-osobna-njega-hr-2","product_cat-osobna-njega-cat","product_tag-atopijski-dermatitis-hr","product_tag-biljni","product_tag-biljni-gel","product_tag-krema-za-strije-hr","product_tag-misici-i-zglobovi","product_tag-repelent","product_tag-ruzmarin","product_tag-zdravo"],"acf":[],"yoast_head":"<!-- This site is optimized with the Yoast SEO plugin v19.13 - https:\/\/yoast.com\/wordpress\/plugins\/seo\/ -->\n<title>Naravno karitejevo maslo za telo proti strijam, suhi ko\u017ei. Naravna kozmetika.<\/title>\n<meta name=\"description\" content=\"Naravna kozmetika. Maslo za telo je primerno predvsem za suho in ob\u010dutljivo ko\u017eo ter strije. Karitejevo maslo gladi ko\u017eo in ji vra\u010da vla\u017enost.\" \/>\n<meta name=\"robots\" content=\"index, follow, max-snippet:-1, max-image-preview:large, max-video-preview:-1\" \/>\n<link rel=\"canonical\" href=\"https:\/\/sen-shop.com\/hr\/collections\/osobna-njega-cat\/njega-tijela\/maslac-za-tijelo\/\" \/>\n<meta property=\"og:locale\" content=\"hr_HR\" \/>\n<meta property=\"og:type\" content=\"article\" \/>\n<meta property=\"og:title\" content=\"Naravno karitejevo maslo za telo proti strijam, suhi ko\u017ei. Naravna kozmetika.\" \/>\n<meta property=\"og:description\" content=\"Naravna kozmetika. Maslo za telo je primerno predvsem za suho in ob\u010dutljivo ko\u017eo ter strije. Karitejevo maslo gladi ko\u017eo in ji vra\u010da vla\u017enost.\" \/>\n<meta property=\"og:url\" content=\"https:\/\/sen-shop.com\/hr\/collections\/osobna-njega-cat\/njega-tijela\/maslac-za-tijelo\/\" \/>\n<meta property=\"og:site_name\" content=\"SEN Shop\" \/>\n<meta property=\"article:publisher\" content=\"https:\/\/www.facebook.com\/Senshopslovenija\" \/>\n<meta property=\"article:modified_time\" content=\"2021-11-25T08:47:29+00:00\" \/>\n<meta property=\"og:image\" content=\"https:\/\/sen-shop.com\/wp-content\/uploads\/2018\/04\/header_logo.png\" \/>\n\t<meta property=\"og:image:width\" content=\"138\" \/>\n\t<meta property=\"og:image:height\" content=\"70\" \/>\n\t<meta property=\"og:image:type\" content=\"image\/png\" \/>\n<meta name=\"twitter:card\" content=\"summary_large_image\" \/>\n<meta name=\"twitter:label1\" content=\"Est. reading time\" \/>\n\t<meta name=\"twitter:data1\" content=\"3 minutes\" \/>\n<script type=\"application\/ld+json\" class=\"yoast-schema-graph\">{\"@context\":\"https:\/\/schema.org\",\"@graph\":[{\"@type\":\"WebPage\",\"@id\":\"https:\/\/sen-shop.com\/hr\/collections\/osobna-njega-cat\/njega-tijela\/maslac-za-tijelo\/\",\"url\":\"https:\/\/sen-shop.com\/hr\/collections\/osobna-njega-cat\/njega-tijela\/maslac-za-tijelo\/\",\"name\":\"Naravno karitejevo maslo za telo proti strijam, suhi ko\u017ei. Naravna kozmetika.\",\"isPartOf\":{\"@id\":\"https:\/\/sen-shop.com\/hr\/#website\"},\"datePublished\":\"2016-09-15T23:08:02+00:00\",\"dateModified\":\"2021-11-25T08:47:29+00:00\",\"description\":\"Naravna kozmetika. Maslo za telo je primerno predvsem za suho in ob\u010dutljivo ko\u017eo ter strije. Karitejevo maslo gladi ko\u017eo in ji vra\u010da vla\u017enost.\",\"breadcrumb\":{\"@id\":\"https:\/\/sen-shop.com\/hr\/collections\/osobna-njega-cat\/njega-tijela\/maslac-za-tijelo\/#breadcrumb\"},\"inLanguage\":\"hr-HR\",\"potentialAction\":[{\"@type\":\"ReadAction\",\"target\":[\"https:\/\/sen-shop.com\/hr\/collections\/osobna-njega-cat\/njega-tijela\/maslac-za-tijelo\/\"]}]},{\"@type\":\"BreadcrumbList\",\"@id\":\"https:\/\/sen-shop.com\/hr\/collections\/osobna-njega-cat\/njega-tijela\/maslac-za-tijelo\/#breadcrumb\",\"itemListElement\":[{\"@type\":\"ListItem\",\"position\":1,\"name\":\"Home\",\"item\":\"https:\/\/sen-shop.com\/hr\/\"},{\"@type\":\"ListItem\",\"position\":2,\"name\":\"Maslac za tijelo\"}]},{\"@type\":\"WebSite\",\"@id\":\"https:\/\/sen-shop.com\/hr\/#website\",\"url\":\"https:\/\/sen-shop.com\/hr\/\",\"name\":\"SEN Shop\",\"description\":\"Slovensko, Ekolo\u0161ko, Naravno\",\"publisher\":{\"@id\":\"https:\/\/sen-shop.com\/hr\/#organization\"},\"potentialAction\":[{\"@type\":\"SearchAction\",\"target\":{\"@type\":\"EntryPoint\",\"urlTemplate\":\"https:\/\/sen-shop.com\/hr\/?s={search_term_string}\"},\"query-input\":\"required name=search_term_string\"}],\"inLanguage\":\"hr-HR\"},{\"@type\":\"Organization\",\"@id\":\"https:\/\/sen-shop.com\/hr\/#organization\",\"name\":\"Mind trade d.o.o\",\"url\":\"https:\/\/sen-shop.com\/hr\/\",\"logo\":{\"@type\":\"ImageObject\",\"inLanguage\":\"hr-HR\",\"@id\":\"https:\/\/sen-shop.com\/hr\/#\/schema\/logo\/image\/\",\"url\":\"https:\/\/sen-shop.com\/wp-content\/uploads\/2018\/05\/header_logo.png\",\"contentUrl\":\"https:\/\/sen-shop.com\/wp-content\/uploads\/2018\/05\/header_logo.png\",\"width\":138,\"height\":70,\"caption\":\"Mind trade d.o.o\"},\"image\":{\"@id\":\"https:\/\/sen-shop.com\/hr\/#\/schema\/logo\/image\/\"},\"sameAs\":[\"https:\/\/www.instagram.com\/senslovenija\/\",\"https:\/\/www.facebook.com\/Senshopslovenija\"]}]}<\/script>\n<!-- \/ Yoast SEO plugin. -->","yoast_head_json":{"title":"Naravno karitejevo maslo za telo proti strijam, suhi ko\u017ei. Naravna kozmetika.","description":"Naravna kozmetika. Maslo za telo je primerno predvsem za suho in ob\u010dutljivo ko\u017eo ter strije. Karitejevo maslo gladi ko\u017eo in ji vra\u010da vla\u017enost.","robots":{"index":"index","follow":"follow","max-snippet":"max-snippet:-1","max-image-preview":"max-image-preview:large","max-video-preview":"max-video-preview:-1"},"canonical":"https:\/\/sen-shop.com\/hr\/collections\/osobna-njega-cat\/njega-tijela\/maslac-za-tijelo\/","og_locale":"hr_HR","og_type":"article","og_title":"Naravno karitejevo maslo za telo proti strijam, suhi ko\u017ei. Naravna kozmetika.","og_description":"Naravna kozmetika. Maslo za telo je primerno predvsem za suho in ob\u010dutljivo ko\u017eo ter strije. Karitejevo maslo gladi ko\u017eo in ji vra\u010da vla\u017enost.","og_url":"https:\/\/sen-shop.com\/hr\/collections\/osobna-njega-cat\/njega-tijela\/maslac-za-tijelo\/","og_site_name":"SEN Shop","article_publisher":"https:\/\/www.facebook.com\/Senshopslovenija","article_modified_time":"2021-11-25T08:47:29+00:00","og_image":[{"width":138,"height":70,"url":"https:\/\/sen-shop.com\/wp-content\/uploads\/2018\/04\/header_logo.png","type":"image\/png"}],"twitter_card":"summary_large_image","twitter_misc":{"Est. reading time":"3 minutes"},"schema":{"@context":"https:\/\/schema.org","@graph":[{"@type":"WebPage","@id":"https:\/\/sen-shop.com\/hr\/collections\/osobna-njega-cat\/njega-tijela\/maslac-za-tijelo\/","url":"https:\/\/sen-shop.com\/hr\/collections\/osobna-njega-cat\/njega-tijela\/maslac-za-tijelo\/","name":"Naravno karitejevo maslo za telo proti strijam, suhi ko\u017ei. Naravna kozmetika.","isPartOf":{"@id":"https:\/\/sen-shop.com\/hr\/#website"},"datePublished":"2016-09-15T23:08:02+00:00","dateModified":"2021-11-25T08:47:29+00:00","description":"Naravna kozmetika. Maslo za telo je primerno predvsem za suho in ob\u010dutljivo ko\u017eo ter strije. Karitejevo maslo gladi ko\u017eo in ji vra\u010da vla\u017enost.","breadcrumb":{"@id":"https:\/\/sen-shop.com\/hr\/collections\/osobna-njega-cat\/njega-tijela\/maslac-za-tijelo\/#breadcrumb"},"inLanguage":"hr-HR","potentialAction":[{"@type":"ReadAction","target":["https:\/\/sen-shop.com\/hr\/collections\/osobna-njega-cat\/njega-tijela\/maslac-za-tijelo\/"]}]},{"@type":"BreadcrumbList","@id":"https:\/\/sen-shop.com\/hr\/collections\/osobna-njega-cat\/njega-tijela\/maslac-za-tijelo\/#breadcrumb","itemListElement":[{"@type":"ListItem","position":1,"name":"Home","item":"https:\/\/sen-shop.com\/hr\/"},{"@type":"ListItem","position":2,"name":"Maslac za tijelo"}]},{"@type":"WebSite","@id":"https:\/\/sen-shop.com\/hr\/#website","url":"https:\/\/sen-shop.com\/hr\/","name":"SEN Shop","description":"Slovensko, Ekolo\u0161ko, Naravno","publisher":{"@id":"https:\/\/sen-shop.com\/hr\/#organization"},"potentialAction":[{"@type":"SearchAction","target":{"@type":"EntryPoint","urlTemplate":"https:\/\/sen-shop.com\/hr\/?s={search_term_string}"},"query-input":"required name=search_term_string"}],"inLanguage":"hr-HR"},{"@type":"Organization","@id":"https:\/\/sen-shop.com\/hr\/#organization","name":"Mind trade d.o.o","url":"https:\/\/sen-shop.com\/hr\/","logo":{"@type":"ImageObject","inLanguage":"hr-HR","@id":"https:\/\/sen-shop.com\/hr\/#\/schema\/logo\/image\/","url":"https:\/\/sen-shop.com\/wp-content\/uploads\/2018\/05\/header_logo.png","contentUrl":"https:\/\/sen-shop.com\/wp-content\/uploads\/2018\/05\/header_logo.png","width":138,"height":70,"caption":"Mind trade d.o.o"},"image":{"@id":"https:\/\/sen-shop.com\/hr\/#\/schema\/logo\/image\/"},"sameAs":["https:\/\/www.instagram.com\/senslovenija\/","https:\/\/www.facebook.com\/Senshopslovenija"]}]}},"_links":{"self":[{"href":"https:\/\/sen-shop.com\/hr\/wp-json\/wp\/v2\/product\/43046","targetHints":{"allow":["GET"]}}],"collection":[{"href":"https:\/\/sen-shop.com\/hr\/wp-json\/wp\/v2\/product"}],"about":[{"href":"https:\/\/sen-shop.com\/hr\/wp-json\/wp\/v2\/types\/product"}],"replies":[{"embeddable":true,"href":"https:\/\/sen-shop.com\/hr\/wp-json\/wp\/v2\/comments?post=43046"}],"wp:featuredmedia":[{"embeddable":true,"href":"https:\/\/sen-shop.com\/hr\/wp-json\/wp\/v2\/media\/25943"}],"wp:attachment":[{"href":"https:\/\/sen-shop.com\/hr\/wp-json\/wp\/v2\/media?parent=43046"}],"wp:term":[{"taxonomy":"product_cat","embeddable":true,"href":"https:\/\/sen-shop.com\/hr\/wp-json\/wp\/v2\/product_cat?post=43046"},{"taxonomy":"product_tag","embeddable":true,"href":"https:\/\/sen-shop.com\/hr\/wp-json\/wp\/v2\/product_tag?post=43046"}],"curies":[{"name":"wp","href":"https:\/\/api.w.org\/{rel}","templated":true}]}}