{"id":42894,"date":"2017-05-18T01:04:14","date_gmt":"2017-05-17T23:04:14","guid":{"rendered":"https:\/\/sen-shop.com\/collections\/uncategorized\/bio-balzam-za-umorna-stopala-s-divljim-kestenom\/"},"modified":"2022-11-01T23:00:59","modified_gmt":"2022-11-01T22:00:59","slug":"bio-balzam-za-umorna-stopala-s-divljim-kestenom","status":"publish","type":"product","link":"https:\/\/sen-shop.com\/hr\/collections\/osobna-njega-cat\/njega-nogu\/bio-balzam-za-umorna-stopala-s-divljim-kestenom\/","title":{"rendered":"BIO balzam za umorna stopala s divljim kestenom"},"content":{"rendered":"<p>[vc_row][vc_column][vc_column_text css=&#8221;.vc_custom_1625129307907{padding-top: 30px !important;padding-right: 30px !important;padding-bottom: 30px !important;padding-left: 30px !important;background-color: #c9db95 !important;}&#8221;]<br \/>\n<strong>Sjemenke divljeg kestena <\/strong>sadr\u017ee mje\u0161avinu triterpenskih saponina poznatih kao escin. Escin je aktivni sastojak za koji se pokazalo da <strong>poma\u017ee protiv celulita<\/strong>, opeklina od sunca i pro\u0161irenih kapilara <strong>ja\u010danjem stijenki krvnih \u017eila.<\/strong> Escin pove\u0107ava tonus venskih stijenki, a istovremeno smanjuje lomljivost i propusnost kapilara, <strong>minimizira edem nogu,<\/strong> pove\u0107ava cirkulaciju krvi i pobolj\u0161ava metabolizam. Brojna klini\u010dka istra\u017eivanja dokazale su pobolj\u0161anje simptoma pro\u0161irenih vena, tako\u0111er poznatih kao venska insuficijencija u medicinskoj zajednici. Tako\u0111er poma\u017eu <strong>smanjiti oticanje i ubrzati zacjeljivanje modrica<\/strong> uzrokovanih udarcima, infuzijama i injekcijama.<\/p>\n<p>Flavonoidi su biljni pigmenti koji se nalaze u li\u0161\u0107u crvene loze &#8211; daju \u017eutu, crvenu i plavu boju cvije\u0107u, plodovima i rje\u0111e li\u0161\u0107u. Tako\u0111er \u0161tite biljke od mikroba i insekata.<\/p>\n<p><strong>Medicinsko istra\u017eivanje<\/strong> pokazalo je da <strong>li\u0161\u0107e crvene vinove loze pobolj\u0161ava mikrocirkulaciju ko\u017ee i smanjuje oticanje<\/strong> nogu. Poma\u017ee i kod umornih nogu i stopala. Flavonoidi su poznati kao prirodni diza\u010di biolo\u0161kih reakcija jer se pokazalo da imaju sposobnost prilago\u0111avanja reakcija organizama na alergene, viruse i karcinogene. Imaju antialergijska, protuupalna, antimikrobna i antikancerogena svojstva.&#8221;<\/p>\n<p>[\/vc_column_text][\/vc_column][\/vc_row][vc_row][vc_column][vc_column_text css=&#8221;.vc_custom_1625129329266{padding-top: 30px !important;padding-right: 30px !important;padding-bottom: 30px !important;padding-left: 30px !important;background-color: #ededed !important;}&#8221;]\ud83d\udc49 Nanijeti tanak sloj na zahva\u0107ena podru\u010dja nekoliko puta dnevno.<\/p>\n<p>\ud83d\udc49 Ne umasiravati na pro\u0161irene vene!<\/p>\n<p>[\/vc_column_text][\/vc_column][\/vc_row][vc_row][vc_column][vc_column_text]<strong>Te\u0161ke i ote\u010dene noge \u010desto su prvi znak problema s venama. <\/strong>Ote\u010dene noge mogu biti popra\u0107ene trncima i peckanjem. Jo\u0161 jedan uobi\u010dajeni problem kod dosta ljudi su nemirne noge. Neki imaju manje probleme, dok je drugima potrebna medicinska njega.<\/p>\n<p>Postoji nekoliko uzroka za oticanje (edem). Obi\u010dno se oticanje \u010de\u0161\u0107e javlja kod starijih osoba i kod \u017eena kao dio predmenstrualnog ciklusa ili u trudno\u0107i. Stopala tako\u0111er mogu oticati ako jedemo previ\u0161e slane hrane (koja uzrokuje zadr\u017eavanje vode u organizmu), ljeti ili ako du\u017ee sjedimo ili stojimo. Ote\u010dene noge \u010desto prati osje\u0107aj te\u017eine i umora. Uzroci ote\u010denih nogu stoga su razli\u010diti: <strong>bolesti vena, poreme\u0107ena limfna drena\u017ea, alergije, hormonalni poreme\u0107aji,<\/strong> a u nekim slu\u010dajevima i simptomi ozbiljnijih bolesti poput <strong>bolesti srca, jetre ili bubrega.<\/strong><\/p>\n<p>Proizvod je certificiran od strane Aromacert\u00ae, koji jam\u010di visoku razinu kvalitete prema strogim kriterijima aromaterapije kao \u0161to su: prirodnost, autenti\u010dnost i \u010disto\u0107a sastojaka. Proizvod je 100% veganski i nije testiran na \u017eivotinjama.[\/vc_column_text][\/vc_column][\/vc_row]<\/p>\n","protected":false},"excerpt":{"rendered":"<p>Sjedila\u010dki na\u010din \u017eivota, naporna tjelesna aktivnost i neuravnote\u017eena prehrana \u010desto mogu dovesti do brojnih ozljeda nogu. <strong>Ispucala ko\u017ea, te\u0161ke noge, pro\u0161irene vene<\/strong> i <strong>slaba cirkulacija<\/strong> samo su neki od problema s kojima se suo\u010davamo.<\/p>\n<ul>\n<li>smanjuje nate\u010denost i bolna stopala te promi\u010de cirkulaciju krvi<\/li>\n<li>pove\u0107ava elasti\u010dnost ko\u017ee i poma\u017ee u zacjeljivanju rana<\/li>\n<li>umiruje i podr\u017eava obnavljanje ko\u017ee<\/li>\n<\/ul>\n<p>Imate li nate\u010dene noge ili masnice na nogama? Pobolj\u0161ajte odmah izgled i zdravlje svojih nogu.<\/p>\n","protected":false},"featured_media":42896,"comment_status":"open","ping_status":"closed","template":"","meta":{"inline_featured_image":false},"product_cat":[420,418,424],"product_tag":[375,381,1220,1221,382,1219,376,379],"class_list":["post-42894","product","type-product","status-publish","has-post-thumbnail","hentry","product_cat-njega-nogu","product_cat-osobna-njega-cat","product_cat-osobna-njega-hr","product_tag-biljni","product_tag-biljni-gel","product_tag-divji-kostanj-krema-hr","product_tag-krcne-zile-hr","product_tag-misici-i-zglobovi","product_tag-nega-nog-hr","product_tag-repelent","product_tag-zdravo"],"acf":[],"yoast_head":"<!-- This site is optimized with the Yoast SEO plugin v19.13 - https:\/\/yoast.com\/wordpress\/plugins\/seo\/ -->\n<title>BIO balzam za umorna stopala s divljim kestenom<\/title>\n<meta name=\"description\" content=\"BIO balzam za umorna stopala s divljim kestenom\" \/>\n<meta name=\"robots\" content=\"index, follow, max-snippet:-1, max-image-preview:large, max-video-preview:-1\" \/>\n<link rel=\"canonical\" href=\"https:\/\/sen-shop.com\/hr\/collections\/osobna-njega-cat\/njega-nogu\/bio-balzam-za-umorna-stopala-s-divljim-kestenom\/\" \/>\n<meta property=\"og:locale\" content=\"hr_HR\" \/>\n<meta property=\"og:type\" content=\"article\" \/>\n<meta property=\"og:title\" content=\"BIO balzam za umorna stopala s divljim kestenom\" \/>\n<meta property=\"og:description\" content=\"BIO balzam za umorna stopala s divljim kestenom\" \/>\n<meta property=\"og:url\" content=\"https:\/\/sen-shop.com\/hr\/collections\/osobna-njega-cat\/njega-nogu\/bio-balzam-za-umorna-stopala-s-divljim-kestenom\/\" \/>\n<meta property=\"og:site_name\" content=\"SEN Shop\" \/>\n<meta property=\"article:publisher\" content=\"https:\/\/www.facebook.com\/Senshopslovenija\" \/>\n<meta property=\"article:modified_time\" content=\"2022-11-01T22:00:59+00:00\" \/>\n<meta property=\"og:image\" content=\"https:\/\/sen-shop.com\/wp-content\/uploads\/2017\/05\/balzam-za-noge-krcne-zile-nega-suhih-nog-sivka-rozmarin-karitejevo-maslo-mandljevo-olje-divji-kostanj-vinska-trta-rdece-vino.jpg\" \/>\n\t<meta property=\"og:image:width\" content=\"1000\" \/>\n\t<meta property=\"og:image:height\" content=\"1143\" \/>\n\t<meta property=\"og:image:type\" content=\"image\/jpeg\" \/>\n<meta name=\"twitter:card\" content=\"summary_large_image\" \/>\n<meta name=\"twitter:label1\" content=\"Est. reading time\" \/>\n\t<meta name=\"twitter:data1\" content=\"2 minutes\" \/>\n<script type=\"application\/ld+json\" class=\"yoast-schema-graph\">{\"@context\":\"https:\/\/schema.org\",\"@graph\":[{\"@type\":\"WebPage\",\"@id\":\"https:\/\/sen-shop.com\/hr\/collections\/osobna-njega-cat\/njega-nogu\/bio-balzam-za-umorna-stopala-s-divljim-kestenom\/\",\"url\":\"https:\/\/sen-shop.com\/hr\/collections\/osobna-njega-cat\/njega-nogu\/bio-balzam-za-umorna-stopala-s-divljim-kestenom\/\",\"name\":\"BIO balzam za umorna stopala s divljim kestenom\",\"isPartOf\":{\"@id\":\"https:\/\/sen-shop.com\/hr\/#website\"},\"datePublished\":\"2017-05-17T23:04:14+00:00\",\"dateModified\":\"2022-11-01T22:00:59+00:00\",\"description\":\"BIO balzam za umorna stopala s divljim kestenom\",\"breadcrumb\":{\"@id\":\"https:\/\/sen-shop.com\/hr\/collections\/osobna-njega-cat\/njega-nogu\/bio-balzam-za-umorna-stopala-s-divljim-kestenom\/#breadcrumb\"},\"inLanguage\":\"hr-HR\",\"potentialAction\":[{\"@type\":\"ReadAction\",\"target\":[\"https:\/\/sen-shop.com\/hr\/collections\/osobna-njega-cat\/njega-nogu\/bio-balzam-za-umorna-stopala-s-divljim-kestenom\/\"]}]},{\"@type\":\"BreadcrumbList\",\"@id\":\"https:\/\/sen-shop.com\/hr\/collections\/osobna-njega-cat\/njega-nogu\/bio-balzam-za-umorna-stopala-s-divljim-kestenom\/#breadcrumb\",\"itemListElement\":[{\"@type\":\"ListItem\",\"position\":1,\"name\":\"Home\",\"item\":\"https:\/\/sen-shop.com\/hr\/\"},{\"@type\":\"ListItem\",\"position\":2,\"name\":\"BIO balzam za umorna stopala s divljim kestenom\"}]},{\"@type\":\"WebSite\",\"@id\":\"https:\/\/sen-shop.com\/hr\/#website\",\"url\":\"https:\/\/sen-shop.com\/hr\/\",\"name\":\"SEN Shop\",\"description\":\"Slovensko, Ekolo\u0161ko, Naravno\",\"publisher\":{\"@id\":\"https:\/\/sen-shop.com\/hr\/#organization\"},\"potentialAction\":[{\"@type\":\"SearchAction\",\"target\":{\"@type\":\"EntryPoint\",\"urlTemplate\":\"https:\/\/sen-shop.com\/hr\/?s={search_term_string}\"},\"query-input\":\"required name=search_term_string\"}],\"inLanguage\":\"hr-HR\"},{\"@type\":\"Organization\",\"@id\":\"https:\/\/sen-shop.com\/hr\/#organization\",\"name\":\"Mind trade d.o.o\",\"url\":\"https:\/\/sen-shop.com\/hr\/\",\"logo\":{\"@type\":\"ImageObject\",\"inLanguage\":\"hr-HR\",\"@id\":\"https:\/\/sen-shop.com\/hr\/#\/schema\/logo\/image\/\",\"url\":\"https:\/\/sen-shop.com\/wp-content\/uploads\/2018\/05\/header_logo.png\",\"contentUrl\":\"https:\/\/sen-shop.com\/wp-content\/uploads\/2018\/05\/header_logo.png\",\"width\":138,\"height\":70,\"caption\":\"Mind trade d.o.o\"},\"image\":{\"@id\":\"https:\/\/sen-shop.com\/hr\/#\/schema\/logo\/image\/\"},\"sameAs\":[\"https:\/\/www.instagram.com\/senslovenija\/\",\"https:\/\/www.facebook.com\/Senshopslovenija\"]}]}<\/script>\n<!-- \/ Yoast SEO plugin. -->","yoast_head_json":{"title":"BIO balzam za umorna stopala s divljim kestenom","description":"BIO balzam za umorna stopala s divljim kestenom","robots":{"index":"index","follow":"follow","max-snippet":"max-snippet:-1","max-image-preview":"max-image-preview:large","max-video-preview":"max-video-preview:-1"},"canonical":"https:\/\/sen-shop.com\/hr\/collections\/osobna-njega-cat\/njega-nogu\/bio-balzam-za-umorna-stopala-s-divljim-kestenom\/","og_locale":"hr_HR","og_type":"article","og_title":"BIO balzam za umorna stopala s divljim kestenom","og_description":"BIO balzam za umorna stopala s divljim kestenom","og_url":"https:\/\/sen-shop.com\/hr\/collections\/osobna-njega-cat\/njega-nogu\/bio-balzam-za-umorna-stopala-s-divljim-kestenom\/","og_site_name":"SEN Shop","article_publisher":"https:\/\/www.facebook.com\/Senshopslovenija","article_modified_time":"2022-11-01T22:00:59+00:00","og_image":[{"width":1000,"height":1143,"url":"https:\/\/sen-shop.com\/wp-content\/uploads\/2017\/05\/balzam-za-noge-krcne-zile-nega-suhih-nog-sivka-rozmarin-karitejevo-maslo-mandljevo-olje-divji-kostanj-vinska-trta-rdece-vino.jpg","type":"image\/jpeg"}],"twitter_card":"summary_large_image","twitter_misc":{"Est. reading time":"2 minutes"},"schema":{"@context":"https:\/\/schema.org","@graph":[{"@type":"WebPage","@id":"https:\/\/sen-shop.com\/hr\/collections\/osobna-njega-cat\/njega-nogu\/bio-balzam-za-umorna-stopala-s-divljim-kestenom\/","url":"https:\/\/sen-shop.com\/hr\/collections\/osobna-njega-cat\/njega-nogu\/bio-balzam-za-umorna-stopala-s-divljim-kestenom\/","name":"BIO balzam za umorna stopala s divljim kestenom","isPartOf":{"@id":"https:\/\/sen-shop.com\/hr\/#website"},"datePublished":"2017-05-17T23:04:14+00:00","dateModified":"2022-11-01T22:00:59+00:00","description":"BIO balzam za umorna stopala s divljim kestenom","breadcrumb":{"@id":"https:\/\/sen-shop.com\/hr\/collections\/osobna-njega-cat\/njega-nogu\/bio-balzam-za-umorna-stopala-s-divljim-kestenom\/#breadcrumb"},"inLanguage":"hr-HR","potentialAction":[{"@type":"ReadAction","target":["https:\/\/sen-shop.com\/hr\/collections\/osobna-njega-cat\/njega-nogu\/bio-balzam-za-umorna-stopala-s-divljim-kestenom\/"]}]},{"@type":"BreadcrumbList","@id":"https:\/\/sen-shop.com\/hr\/collections\/osobna-njega-cat\/njega-nogu\/bio-balzam-za-umorna-stopala-s-divljim-kestenom\/#breadcrumb","itemListElement":[{"@type":"ListItem","position":1,"name":"Home","item":"https:\/\/sen-shop.com\/hr\/"},{"@type":"ListItem","position":2,"name":"BIO balzam za umorna stopala s divljim kestenom"}]},{"@type":"WebSite","@id":"https:\/\/sen-shop.com\/hr\/#website","url":"https:\/\/sen-shop.com\/hr\/","name":"SEN Shop","description":"Slovensko, Ekolo\u0161ko, Naravno","publisher":{"@id":"https:\/\/sen-shop.com\/hr\/#organization"},"potentialAction":[{"@type":"SearchAction","target":{"@type":"EntryPoint","urlTemplate":"https:\/\/sen-shop.com\/hr\/?s={search_term_string}"},"query-input":"required name=search_term_string"}],"inLanguage":"hr-HR"},{"@type":"Organization","@id":"https:\/\/sen-shop.com\/hr\/#organization","name":"Mind trade d.o.o","url":"https:\/\/sen-shop.com\/hr\/","logo":{"@type":"ImageObject","inLanguage":"hr-HR","@id":"https:\/\/sen-shop.com\/hr\/#\/schema\/logo\/image\/","url":"https:\/\/sen-shop.com\/wp-content\/uploads\/2018\/05\/header_logo.png","contentUrl":"https:\/\/sen-shop.com\/wp-content\/uploads\/2018\/05\/header_logo.png","width":138,"height":70,"caption":"Mind trade d.o.o"},"image":{"@id":"https:\/\/sen-shop.com\/hr\/#\/schema\/logo\/image\/"},"sameAs":["https:\/\/www.instagram.com\/senslovenija\/","https:\/\/www.facebook.com\/Senshopslovenija"]}]}},"_links":{"self":[{"href":"https:\/\/sen-shop.com\/hr\/wp-json\/wp\/v2\/product\/42894","targetHints":{"allow":["GET"]}}],"collection":[{"href":"https:\/\/sen-shop.com\/hr\/wp-json\/wp\/v2\/product"}],"about":[{"href":"https:\/\/sen-shop.com\/hr\/wp-json\/wp\/v2\/types\/product"}],"replies":[{"embeddable":true,"href":"https:\/\/sen-shop.com\/hr\/wp-json\/wp\/v2\/comments?post=42894"}],"wp:featuredmedia":[{"embeddable":true,"href":"https:\/\/sen-shop.com\/hr\/wp-json\/wp\/v2\/media\/42896"}],"wp:attachment":[{"href":"https:\/\/sen-shop.com\/hr\/wp-json\/wp\/v2\/media?parent=42894"}],"wp:term":[{"taxonomy":"product_cat","embeddable":true,"href":"https:\/\/sen-shop.com\/hr\/wp-json\/wp\/v2\/product_cat?post=42894"},{"taxonomy":"product_tag","embeddable":true,"href":"https:\/\/sen-shop.com\/hr\/wp-json\/wp\/v2\/product_tag?post=42894"}],"curies":[{"name":"wp","href":"https:\/\/api.w.org\/{rel}","templated":true}]}}