{"id":42882,"date":"2016-09-16T01:15:06","date_gmt":"2016-09-15T23:15:06","guid":{"rendered":"https:\/\/sen-shop.com\/collections\/uncategorized\/balzam-za-usne-s-medom\/"},"modified":"2022-12-08T12:17:50","modified_gmt":"2022-12-08T11:17:50","slug":"balzam-za-usne-s-medom","status":"publish","type":"product","link":"https:\/\/sen-shop.com\/hr\/collections\/osobna-njega-cat\/balzam-za-usne-s-medom\/","title":{"rendered":"Balzam za usne s medom"},"content":{"rendered":"<p>[vc_row][vc_column][vc_column_text css=&#8221;.vc_custom_1625052709801{padding-top: 30px !important;padding-right: 30px !important;padding-bottom: 30px !important;padding-left: 30px !important;background-color: #c9db95 !important;}&#8221;]<br \/>\n<strong>P\u010delinji vosak<\/strong>, vla\u017ei, \u0161titi od oslobo\u0111enih radikala i <strong>promi\u010de elasti\u010dnost usana<\/strong>. Poznat je po svom antisepti\u010dkom djelovanju te se zbog toga \u010desto <strong>koristi za u proizvodima za zacjeljivanje opekotina i rana<\/strong>.<\/p>\n<p><strong>Med <\/strong>ima antibakterijska svojstva i <strong>promi\u010de apsorpciju <\/strong>i zadr\u017eavanje vla\u017enosti usana. <strong>Dezinfekcijski i njeguju\u0107i u\u010dinak <\/strong>meda poznat je i znanstveno dokazan, te je to prirodan proizvod koji nema nuspojava poput nekih umjetnih sastojaka.<\/p>\n<p><strong>Kakao maslac <\/strong>vla\u017ei i njeguje usne, ja\u010da prirodnu obranu usana te <strong>poti\u010de obnavljanje usana.<\/strong><\/p>\n<p><strong>Ulje jojobe<\/strong> njeguje i vla\u017ei usne te ima protuupalna svojstva, \u0161to ga \u010dini <strong>pogodnim za njegu o\u0161te\u0107enih ili upaljenih usana.<\/strong><\/p>\n<p><strong>Ulje \u010dajevca<\/strong> ima izuzetna antibakterijska svojstva i <strong>jako antisepti\u010dko djelovanje.<\/strong><\/p>\n<p><strong>Paprena metvica <\/strong>je rashla\u0111uju\u0107i antiseptik i <strong>analgetik<\/strong>.<\/p>\n<p><strong>Vanilija<\/strong> umiruje nadra\u017eenu ko\u017eu.[\/vc_column_text][\/vc_column][\/vc_row][vc_row][vc_column][vc_column_text css=&#8221;.vc_custom_1625052725113{padding-top: 30px !important;padding-right: 30px !important;padding-bottom: 30px !important;padding-left: 30px !important;background-color: #ededed !important;}&#8221;]\ud83d\udc49 Nanijeti balzam za usne nekoliko puta na dan, po potrebi, \u010distim rukama.<br \/>\n[\/vc_column_text][\/vc_column][\/vc_row][vc_row][vc_column][vc_column_text]P\u010delinji vosak sastoji se od <strong>estera nezasi\u0107enih masnih kiselina s monovalentnim alifatskim masnim kiselinama<\/strong> koje \u010dine 70%. Ostali sastojci su <strong>oslobo\u0111ene masne kiseline<\/strong> (15%), <strong>alifatski ugljikovodici<\/strong> (15%), <strong>bojila, arome, minerali i vitamin A.<\/strong> Neki u vosak dodaju druge primjese (loj, mineralni, biljni vosak, itd.) koje p\u010dele odbacuju. Nadalje, la\u017ene voskove je vrlo te\u0161ko identificirati. Vosak se po\u010dinje topiti na 64 \u00baC i postaje plasti\u010dan i savitljiv na oko 35 \u00baC. 37 \u00baC je normalna temperatura ko\u0161nice koja omogu\u0107uje p\u010delama da oblikuju vosak. Na 25 \u00baC, vosak je vrlo jak i mo\u017ee dr\u017eati nekoliko kilograma meda, jer ga p\u010dele koriste za formiranje sa\u0107a u kojem skladi\u0161te med. Ako temperatura voska padne ispod 18 \u00baC, njegov okus postaje gorak. P\u010delinji vosak je tisu\u0107lje\u0107ima bio jedini vosak, ali danas postoji nekoliko vrsta voska, kao \u0161to su biljni vosak i sinteti\u010dki vosak. Na\u0161 proizvod sadr\u017ei samo prirodni p\u010delinji vosak.<\/p>\n<p>Proizvod je certificiran od strane Aromacert\u00ae, koji jam\u010di visoku razinu kvalitete prema strogim kriterijima aromaterapije kao \u0161to su: prirodnost, autenti\u010dnost i \u010disto\u0107a sastojaka. Proizvod je 100% veganski i nije testiran na \u017eivotinjama.[\/vc_column_text][\/vc_column][\/vc_row]<\/p>\n","protected":false},"excerpt":{"rendered":"<p>Pa\u017eljivo odabran hranjivi sastav balzama za usne namijenjen je izvrsnoj <strong>njezi<\/strong> i <strong>za\u0161tititi <\/strong>usana. Kombinacija <strong>p\u010delinjeg voska, ulja jojobe, kakao maslaca<\/strong> i <strong>meda<\/strong> poma\u017ee \u010dak i <strong>najosjetljivijim<\/strong> i <strong>raspucalim usnama<\/strong> na potpuno prirodan na\u010din.<\/p>\n<ul>\n<li>njeguje, vla\u017ei i \u0161titi usne<\/li>\n<li>umiruje nadra\u017eenost i crvenilo na usnama<\/li>\n<li>obnavlja ispucale usne, ubrzava zacjeljivanje<\/li>\n<\/ul>\n<p>Ulje \u010dajevca ima blago i djelotvorno antisepti\u010dko djelovanje na ranjene usne.<\/p>\n","protected":false},"featured_media":37546,"comment_status":"open","ping_status":"closed","template":"","meta":{"inline_featured_image":false},"product_cat":[423,1133,418],"product_tag":[375,381,382,1218,376,379],"class_list":["post-42882","product","type-product","status-publish","has-post-thumbnail","hentry","product_cat-crni-petak","product_cat-obraz-oci-ustnice-hr","product_cat-osobna-njega-cat","product_tag-biljni","product_tag-biljni-gel","product_tag-misici-i-zglobovi","product_tag-obraz-in-ustnice-hr","product_tag-repelent","product_tag-zdravo"],"acf":[],"yoast_head":"<!-- This site is optimized with the Yoast SEO plugin v19.13 - https:\/\/yoast.com\/wordpress\/plugins\/seo\/ -->\n<title>Naravni negovalni balzam za razpokane ustnice z medom. Sen Shop<\/title>\n<meta name=\"description\" content=\"Balzam za ustnice v kombinaciji \u010debeljega voska, jojobinega olja, kakavovega masla in medu poskrbi tudi za najbolj ob\u010dutljive in razpokane ustnice.\" \/>\n<meta name=\"robots\" content=\"index, follow, max-snippet:-1, max-image-preview:large, max-video-preview:-1\" \/>\n<link rel=\"canonical\" href=\"https:\/\/sen-shop.com\/hr\/collections\/osobna-njega-cat\/balzam-za-usne-s-medom\/\" \/>\n<meta property=\"og:locale\" content=\"hr_HR\" \/>\n<meta property=\"og:type\" content=\"article\" \/>\n<meta property=\"og:title\" content=\"Naravni negovalni balzam za razpokane ustnice z medom. Sen Shop\" \/>\n<meta property=\"og:description\" content=\"Balzam za ustnice v kombinaciji \u010debeljega voska, jojobinega olja, kakavovega masla in medu poskrbi tudi za najbolj ob\u010dutljive in razpokane ustnice.\" \/>\n<meta property=\"og:url\" content=\"https:\/\/sen-shop.com\/hr\/collections\/osobna-njega-cat\/balzam-za-usne-s-medom\/\" \/>\n<meta property=\"og:site_name\" content=\"SEN Shop\" \/>\n<meta property=\"article:publisher\" content=\"https:\/\/www.facebook.com\/Senshopslovenija\" \/>\n<meta property=\"article:modified_time\" content=\"2022-12-08T11:17:50+00:00\" \/>\n<meta property=\"og:image\" content=\"https:\/\/sen-shop.com\/wp-content\/uploads\/2018\/04\/header_logo.png\" \/>\n\t<meta property=\"og:image:width\" content=\"138\" \/>\n\t<meta property=\"og:image:height\" content=\"70\" \/>\n\t<meta property=\"og:image:type\" content=\"image\/png\" \/>\n<meta name=\"twitter:card\" content=\"summary_large_image\" \/>\n<meta name=\"twitter:label1\" content=\"Est. reading time\" \/>\n\t<meta name=\"twitter:data1\" content=\"2 minutes\" \/>\n<script type=\"application\/ld+json\" class=\"yoast-schema-graph\">{\"@context\":\"https:\/\/schema.org\",\"@graph\":[{\"@type\":\"WebPage\",\"@id\":\"https:\/\/sen-shop.com\/hr\/collections\/osobna-njega-cat\/balzam-za-usne-s-medom\/\",\"url\":\"https:\/\/sen-shop.com\/hr\/collections\/osobna-njega-cat\/balzam-za-usne-s-medom\/\",\"name\":\"Naravni negovalni balzam za razpokane ustnice z medom. Sen Shop\",\"isPartOf\":{\"@id\":\"https:\/\/sen-shop.com\/hr\/#website\"},\"datePublished\":\"2016-09-15T23:15:06+00:00\",\"dateModified\":\"2022-12-08T11:17:50+00:00\",\"description\":\"Balzam za ustnice v kombinaciji \u010debeljega voska, jojobinega olja, kakavovega masla in medu poskrbi tudi za najbolj ob\u010dutljive in razpokane ustnice.\",\"breadcrumb\":{\"@id\":\"https:\/\/sen-shop.com\/hr\/collections\/osobna-njega-cat\/balzam-za-usne-s-medom\/#breadcrumb\"},\"inLanguage\":\"hr-HR\",\"potentialAction\":[{\"@type\":\"ReadAction\",\"target\":[\"https:\/\/sen-shop.com\/hr\/collections\/osobna-njega-cat\/balzam-za-usne-s-medom\/\"]}]},{\"@type\":\"BreadcrumbList\",\"@id\":\"https:\/\/sen-shop.com\/hr\/collections\/osobna-njega-cat\/balzam-za-usne-s-medom\/#breadcrumb\",\"itemListElement\":[{\"@type\":\"ListItem\",\"position\":1,\"name\":\"Home\",\"item\":\"https:\/\/sen-shop.com\/hr\/\"},{\"@type\":\"ListItem\",\"position\":2,\"name\":\"Balzam za usne s medom\"}]},{\"@type\":\"WebSite\",\"@id\":\"https:\/\/sen-shop.com\/hr\/#website\",\"url\":\"https:\/\/sen-shop.com\/hr\/\",\"name\":\"SEN Shop\",\"description\":\"Slovensko, Ekolo\u0161ko, Naravno\",\"publisher\":{\"@id\":\"https:\/\/sen-shop.com\/hr\/#organization\"},\"potentialAction\":[{\"@type\":\"SearchAction\",\"target\":{\"@type\":\"EntryPoint\",\"urlTemplate\":\"https:\/\/sen-shop.com\/hr\/?s={search_term_string}\"},\"query-input\":\"required name=search_term_string\"}],\"inLanguage\":\"hr-HR\"},{\"@type\":\"Organization\",\"@id\":\"https:\/\/sen-shop.com\/hr\/#organization\",\"name\":\"Mind trade d.o.o\",\"url\":\"https:\/\/sen-shop.com\/hr\/\",\"logo\":{\"@type\":\"ImageObject\",\"inLanguage\":\"hr-HR\",\"@id\":\"https:\/\/sen-shop.com\/hr\/#\/schema\/logo\/image\/\",\"url\":\"https:\/\/sen-shop.com\/wp-content\/uploads\/2018\/05\/header_logo.png\",\"contentUrl\":\"https:\/\/sen-shop.com\/wp-content\/uploads\/2018\/05\/header_logo.png\",\"width\":138,\"height\":70,\"caption\":\"Mind trade d.o.o\"},\"image\":{\"@id\":\"https:\/\/sen-shop.com\/hr\/#\/schema\/logo\/image\/\"},\"sameAs\":[\"https:\/\/www.instagram.com\/senslovenija\/\",\"https:\/\/www.facebook.com\/Senshopslovenija\"]}]}<\/script>\n<!-- \/ Yoast SEO plugin. -->","yoast_head_json":{"title":"Naravni negovalni balzam za razpokane ustnice z medom. Sen Shop","description":"Balzam za ustnice v kombinaciji \u010debeljega voska, jojobinega olja, kakavovega masla in medu poskrbi tudi za najbolj ob\u010dutljive in razpokane ustnice.","robots":{"index":"index","follow":"follow","max-snippet":"max-snippet:-1","max-image-preview":"max-image-preview:large","max-video-preview":"max-video-preview:-1"},"canonical":"https:\/\/sen-shop.com\/hr\/collections\/osobna-njega-cat\/balzam-za-usne-s-medom\/","og_locale":"hr_HR","og_type":"article","og_title":"Naravni negovalni balzam za razpokane ustnice z medom. Sen Shop","og_description":"Balzam za ustnice v kombinaciji \u010debeljega voska, jojobinega olja, kakavovega masla in medu poskrbi tudi za najbolj ob\u010dutljive in razpokane ustnice.","og_url":"https:\/\/sen-shop.com\/hr\/collections\/osobna-njega-cat\/balzam-za-usne-s-medom\/","og_site_name":"SEN Shop","article_publisher":"https:\/\/www.facebook.com\/Senshopslovenija","article_modified_time":"2022-12-08T11:17:50+00:00","og_image":[{"width":138,"height":70,"url":"https:\/\/sen-shop.com\/wp-content\/uploads\/2018\/04\/header_logo.png","type":"image\/png"}],"twitter_card":"summary_large_image","twitter_misc":{"Est. reading time":"2 minutes"},"schema":{"@context":"https:\/\/schema.org","@graph":[{"@type":"WebPage","@id":"https:\/\/sen-shop.com\/hr\/collections\/osobna-njega-cat\/balzam-za-usne-s-medom\/","url":"https:\/\/sen-shop.com\/hr\/collections\/osobna-njega-cat\/balzam-za-usne-s-medom\/","name":"Naravni negovalni balzam za razpokane ustnice z medom. Sen Shop","isPartOf":{"@id":"https:\/\/sen-shop.com\/hr\/#website"},"datePublished":"2016-09-15T23:15:06+00:00","dateModified":"2022-12-08T11:17:50+00:00","description":"Balzam za ustnice v kombinaciji \u010debeljega voska, jojobinega olja, kakavovega masla in medu poskrbi tudi za najbolj ob\u010dutljive in razpokane ustnice.","breadcrumb":{"@id":"https:\/\/sen-shop.com\/hr\/collections\/osobna-njega-cat\/balzam-za-usne-s-medom\/#breadcrumb"},"inLanguage":"hr-HR","potentialAction":[{"@type":"ReadAction","target":["https:\/\/sen-shop.com\/hr\/collections\/osobna-njega-cat\/balzam-za-usne-s-medom\/"]}]},{"@type":"BreadcrumbList","@id":"https:\/\/sen-shop.com\/hr\/collections\/osobna-njega-cat\/balzam-za-usne-s-medom\/#breadcrumb","itemListElement":[{"@type":"ListItem","position":1,"name":"Home","item":"https:\/\/sen-shop.com\/hr\/"},{"@type":"ListItem","position":2,"name":"Balzam za usne s medom"}]},{"@type":"WebSite","@id":"https:\/\/sen-shop.com\/hr\/#website","url":"https:\/\/sen-shop.com\/hr\/","name":"SEN Shop","description":"Slovensko, Ekolo\u0161ko, Naravno","publisher":{"@id":"https:\/\/sen-shop.com\/hr\/#organization"},"potentialAction":[{"@type":"SearchAction","target":{"@type":"EntryPoint","urlTemplate":"https:\/\/sen-shop.com\/hr\/?s={search_term_string}"},"query-input":"required name=search_term_string"}],"inLanguage":"hr-HR"},{"@type":"Organization","@id":"https:\/\/sen-shop.com\/hr\/#organization","name":"Mind trade d.o.o","url":"https:\/\/sen-shop.com\/hr\/","logo":{"@type":"ImageObject","inLanguage":"hr-HR","@id":"https:\/\/sen-shop.com\/hr\/#\/schema\/logo\/image\/","url":"https:\/\/sen-shop.com\/wp-content\/uploads\/2018\/05\/header_logo.png","contentUrl":"https:\/\/sen-shop.com\/wp-content\/uploads\/2018\/05\/header_logo.png","width":138,"height":70,"caption":"Mind trade d.o.o"},"image":{"@id":"https:\/\/sen-shop.com\/hr\/#\/schema\/logo\/image\/"},"sameAs":["https:\/\/www.instagram.com\/senslovenija\/","https:\/\/www.facebook.com\/Senshopslovenija"]}]}},"_links":{"self":[{"href":"https:\/\/sen-shop.com\/hr\/wp-json\/wp\/v2\/product\/42882","targetHints":{"allow":["GET"]}}],"collection":[{"href":"https:\/\/sen-shop.com\/hr\/wp-json\/wp\/v2\/product"}],"about":[{"href":"https:\/\/sen-shop.com\/hr\/wp-json\/wp\/v2\/types\/product"}],"replies":[{"embeddable":true,"href":"https:\/\/sen-shop.com\/hr\/wp-json\/wp\/v2\/comments?post=42882"}],"wp:featuredmedia":[{"embeddable":true,"href":"https:\/\/sen-shop.com\/hr\/wp-json\/wp\/v2\/media\/37546"}],"wp:attachment":[{"href":"https:\/\/sen-shop.com\/hr\/wp-json\/wp\/v2\/media?parent=42882"}],"wp:term":[{"taxonomy":"product_cat","embeddable":true,"href":"https:\/\/sen-shop.com\/hr\/wp-json\/wp\/v2\/product_cat?post=42882"},{"taxonomy":"product_tag","embeddable":true,"href":"https:\/\/sen-shop.com\/hr\/wp-json\/wp\/v2\/product_tag?post=42882"}],"curies":[{"name":"wp","href":"https:\/\/api.w.org\/{rel}","templated":true}]}}