{"id":42275,"date":"2016-09-16T00:54:52","date_gmt":"2016-09-15T22:54:52","guid":{"rendered":"https:\/\/sen-shop.com\/collections\/uncategorized\/bio-hidratantna-krema-za-ruke-i-nokte\/"},"modified":"2021-11-22T14:25:13","modified_gmt":"2021-11-22T13:25:13","slug":"bio-hidratantna-krema-za-ruke-i-nokte","status":"publish","type":"product","link":"https:\/\/sen-shop.com\/hr\/collections\/osobna-njega-cat\/bio-hidratantna-krema-za-ruke-i-nokte\/","title":{"rendered":"BIO hidratantna krema za ruke i nokte"},"content":{"rendered":"<p>[vc_row][vc_column][vc_column_text css=&#8221;.vc_custom_1624966037542{padding-top: 30px !important;padding-right: 30px !important;padding-bottom: 30px !important;padding-left: 30px !important;background-color: #c9db95 !important;}&#8221;]<br \/>\n<strong>Shea maslac,<\/strong> bogat vitaminima A, E, alatoninom i trigliceridnim masnim kiselinama, idealan je <strong>za njegu suhe i zrele ko\u017ee.<\/strong> Sposoban je <strong>vezati vlagu iz zraka<\/strong> te stoga djeluje <strong>izrazito hidratantno na ko\u017eu, vra\u0107a elasti\u010dnost i gipkost<\/strong> te poma\u017ee u cirkulaciji kapilara. Nakon samo nekoliko dana kori\u0161tenja ko\u017ea je mek\u0161a i pomla\u0111ena. Tako\u0111er ima blagi antibakterijski u\u010dinak i poma\u017ee u obavljanju stanica ko\u017ee, smiruje manje upale ko\u017ee i <strong>poma\u017ee u zacjeljivanju o\u017eiljaka<\/strong>. <strong>Brzo se upija<\/strong> u ko\u017eu i ne ostavlja masne tragove.<\/p>\n<p><strong>Bademovo ulje <\/strong>zasi\u0107eno je mnogim mineralima, vitaminima i bitnim masnim kiselinama. Poma\u017ee u ja\u010danju nokti, \u010duva kutikule, <strong>umiruje ko\u017eu, poti\u010de obnavljanje ko\u017ee i \u0161titi ju od \u0161tetnih vanjskih utjecaja.<\/strong>[\/vc_column_text][\/vc_column][\/vc_row][vc_row][vc_column][vc_column_text css=&#8221;.vc_custom_1637587428048{padding-top: 30px !important;padding-right: 30px !important;padding-bottom: 30px !important;padding-left: 30px !important;background-color: #ededed !important;}&#8221;]<img decoding=\"async\" src=\"https:\/\/static.xx.fbcdn.net\/images\/emoji.php\/v9\/t51\/1\/16\/1f449.png\" alt=\"\ud83d\udc49\" \/> Utrljati kremu na ruke nekoliko puta dnevno.<\/p>\n<p><img decoding=\"async\" src=\"https:\/\/static.xx.fbcdn.net\/images\/emoji.php\/v9\/t51\/1\/16\/1f449.png\" alt=\"\ud83d\udc49\" \/> Prikladna za djecu zbog svoje nje\u017ene formule.<\/p>\n<p><img decoding=\"async\" src=\"https:\/\/static.xx.fbcdn.net\/images\/emoji.php\/v9\/t51\/1\/16\/1f449.png\" alt=\"\ud83d\udc49\" \/> Oboga\u0107ena certificiranim ekolo\u0161kim eteri\u010dnim uljima \u010dajevca, naran\u010de, cedra i certificiranim ekolo\u0161kim shea maslacem.[\/vc_column_text][\/vc_column][\/vc_row][vc_row][vc_column][vc_column_text]Porijeklom od ora\u0161astih plodova Afri\u010dkog stabla, shea maslac se ve\u0107 stolje\u0107ima tradicionalno koristi kao ulje za kuhanje, za\u0161titni vosak za njegu ko\u017ee i kose i kao baza za medicinske masti. Danas je on baza za sasvim prirodne terapeutske masti, kreme i losione zbog svojih <strong>antiupalnih, hidratantnih i lubrikantnih svojstava. <\/strong>Neka istra\u017eivanja pokazuju da shea maslac tako\u0111er <strong>ubla\u017eava o\u0161te\u0107enja ko\u017ee uzrokovana UV zra\u010denjem (o\u0161te\u0107enja zbog sunca).<\/strong><\/p>\n<p>Proizvod je certificiran od strane Aromacert\u00ae, koji jam\u010di visoku razinu kvalitete prema strogim kriterijima aromaterapije kao \u0161to su: prirodnost, autenti\u010dnost i \u010disto\u0107a sastojaka. Proizvod je 100% veganski i nije testiran na \u017eivotinjama.[\/vc_column_text][\/vc_column][\/vc_row]<\/p>\n","protected":false},"excerpt":{"rendered":"<p>100% PRIRODNA mje\u0161avina bogatih maslaca i eteri\u010dnih ulja <strong>hidratizira <\/strong>i <strong>njeguje ko\u017eu, nokte i kutikule <\/strong>(BIO shea maslac, bademovo ulje, BIO ulje naran\u010de) i ima blago antisepti\u010dko djelovanje (BIO ulje \u010dajevca, BIO ulje cedra). Krema za ruke se <strong>brzo upija <\/strong>u ko\u017eu i ne ostavlja masne tragove.<\/p>\n<ul>\n<li>njeguje, hidratizira, umiruje i osvje\u017eava ko\u017eu<\/li>\n<li>ima blago antisepti\u010dko djelovanje<\/li>\n<li>lije\u010di zanoktice i ja\u010da nokte<\/li>\n<\/ul>\n<p>Ova njeguju\u0107a i hidratantna krema posebice je pogodna za suhu i o\u0161te\u0107enu ko\u017eu jer joj vra\u0107a gipkost i elasti\u010dnost.<\/p>\n","protected":false},"featured_media":37867,"comment_status":"open","ping_status":"closed","template":"","meta":{"inline_featured_image":false},"product_cat":[1212,418,424],"product_tag":[375,381,382,1213,376,379],"class_list":["post-42275","product","type-product","status-publish","has-post-thumbnail","hentry","product_cat-nega-rok-hr","product_cat-osobna-njega-cat","product_cat-osobna-njega-hr","product_tag-biljni","product_tag-biljni-gel","product_tag-misici-i-zglobovi","product_tag-nega-rok-in-nohtov-hr","product_tag-repelent","product_tag-zdravo"],"acf":[],"yoast_head":"<!-- This site is optimized with the Yoast SEO plugin v19.13 - https:\/\/yoast.com\/wordpress\/plugins\/seo\/ -->\n<title>BIO hidratantna krema za ruke i nokte - SEN Shop<\/title>\n<meta name=\"robots\" content=\"index, follow, max-snippet:-1, max-image-preview:large, max-video-preview:-1\" \/>\n<link rel=\"canonical\" href=\"https:\/\/sen-shop.com\/hr\/collections\/osobna-njega-cat\/bio-hidratantna-krema-za-ruke-i-nokte\/\" \/>\n<meta property=\"og:locale\" content=\"hr_HR\" \/>\n<meta property=\"og:type\" content=\"article\" \/>\n<meta property=\"og:title\" content=\"BIO hidratantna krema za ruke i nokte - SEN Shop\" \/>\n<meta property=\"og:description\" content=\"100% PRIRODNA mje\u0161avina bogatih maslaca i eteri\u010dnih ulja hidratizira i njeguje ko\u017eu, nokte i kutikule (BIO shea maslac, bademovo ulje, BIO ulje naran\u010de) i ima blago antisepti\u010dko djelovanje (BIO ulje \u010dajevca, BIO ulje cedra). Krema za ruke se brzo upija u ko\u017eu i ne ostavlja masne tragove.   njeguje, hidratizira, umiruje i osvje\u017eava ko\u017eu  ima blago antisepti\u010dko djelovanje  lije\u010di zanoktice i ja\u010da nokte  Ova njeguju\u0107a i hidratantna krema posebice je pogodna za suhu i o\u0161te\u0107enu ko\u017eu jer joj vra\u0107a gipkost i elasti\u010dnost.\" \/>\n<meta property=\"og:url\" content=\"https:\/\/sen-shop.com\/hr\/collections\/osobna-njega-cat\/bio-hidratantna-krema-za-ruke-i-nokte\/\" \/>\n<meta property=\"og:site_name\" content=\"SEN Shop\" \/>\n<meta property=\"article:publisher\" content=\"https:\/\/www.facebook.com\/Senshopslovenija\" \/>\n<meta property=\"article:modified_time\" content=\"2021-11-22T13:25:13+00:00\" \/>\n<meta property=\"og:image\" content=\"https:\/\/sen-shop.com\/wp-content\/uploads\/2016\/09\/krema-za-roke_sl_hr.jpg\" \/>\n\t<meta property=\"og:image:width\" content=\"1225\" \/>\n\t<meta property=\"og:image:height\" content=\"1400\" \/>\n\t<meta property=\"og:image:type\" content=\"image\/jpeg\" \/>\n<meta name=\"twitter:card\" content=\"summary_large_image\" \/>\n<meta name=\"twitter:label1\" content=\"Est. reading time\" \/>\n\t<meta name=\"twitter:data1\" content=\"2 minutes\" \/>\n<script type=\"application\/ld+json\" class=\"yoast-schema-graph\">{\"@context\":\"https:\/\/schema.org\",\"@graph\":[{\"@type\":\"WebPage\",\"@id\":\"https:\/\/sen-shop.com\/hr\/collections\/osobna-njega-cat\/bio-hidratantna-krema-za-ruke-i-nokte\/\",\"url\":\"https:\/\/sen-shop.com\/hr\/collections\/osobna-njega-cat\/bio-hidratantna-krema-za-ruke-i-nokte\/\",\"name\":\"BIO hidratantna krema za ruke i nokte - SEN Shop\",\"isPartOf\":{\"@id\":\"https:\/\/sen-shop.com\/hr\/#website\"},\"datePublished\":\"2016-09-15T22:54:52+00:00\",\"dateModified\":\"2021-11-22T13:25:13+00:00\",\"breadcrumb\":{\"@id\":\"https:\/\/sen-shop.com\/hr\/collections\/osobna-njega-cat\/bio-hidratantna-krema-za-ruke-i-nokte\/#breadcrumb\"},\"inLanguage\":\"hr-HR\",\"potentialAction\":[{\"@type\":\"ReadAction\",\"target\":[\"https:\/\/sen-shop.com\/hr\/collections\/osobna-njega-cat\/bio-hidratantna-krema-za-ruke-i-nokte\/\"]}]},{\"@type\":\"BreadcrumbList\",\"@id\":\"https:\/\/sen-shop.com\/hr\/collections\/osobna-njega-cat\/bio-hidratantna-krema-za-ruke-i-nokte\/#breadcrumb\",\"itemListElement\":[{\"@type\":\"ListItem\",\"position\":1,\"name\":\"Home\",\"item\":\"https:\/\/sen-shop.com\/hr\/\"},{\"@type\":\"ListItem\",\"position\":2,\"name\":\"BIO hidratantna krema za ruke i nokte\"}]},{\"@type\":\"WebSite\",\"@id\":\"https:\/\/sen-shop.com\/hr\/#website\",\"url\":\"https:\/\/sen-shop.com\/hr\/\",\"name\":\"SEN Shop\",\"description\":\"Slovensko, Ekolo\u0161ko, Naravno\",\"publisher\":{\"@id\":\"https:\/\/sen-shop.com\/hr\/#organization\"},\"potentialAction\":[{\"@type\":\"SearchAction\",\"target\":{\"@type\":\"EntryPoint\",\"urlTemplate\":\"https:\/\/sen-shop.com\/hr\/?s={search_term_string}\"},\"query-input\":\"required name=search_term_string\"}],\"inLanguage\":\"hr-HR\"},{\"@type\":\"Organization\",\"@id\":\"https:\/\/sen-shop.com\/hr\/#organization\",\"name\":\"Mind trade d.o.o\",\"url\":\"https:\/\/sen-shop.com\/hr\/\",\"logo\":{\"@type\":\"ImageObject\",\"inLanguage\":\"hr-HR\",\"@id\":\"https:\/\/sen-shop.com\/hr\/#\/schema\/logo\/image\/\",\"url\":\"https:\/\/sen-shop.com\/wp-content\/uploads\/2018\/05\/header_logo.png\",\"contentUrl\":\"https:\/\/sen-shop.com\/wp-content\/uploads\/2018\/05\/header_logo.png\",\"width\":138,\"height\":70,\"caption\":\"Mind trade d.o.o\"},\"image\":{\"@id\":\"https:\/\/sen-shop.com\/hr\/#\/schema\/logo\/image\/\"},\"sameAs\":[\"https:\/\/www.instagram.com\/senslovenija\/\",\"https:\/\/www.facebook.com\/Senshopslovenija\"]}]}<\/script>\n<!-- \/ Yoast SEO plugin. -->","yoast_head_json":{"title":"BIO hidratantna krema za ruke i nokte - SEN Shop","robots":{"index":"index","follow":"follow","max-snippet":"max-snippet:-1","max-image-preview":"max-image-preview:large","max-video-preview":"max-video-preview:-1"},"canonical":"https:\/\/sen-shop.com\/hr\/collections\/osobna-njega-cat\/bio-hidratantna-krema-za-ruke-i-nokte\/","og_locale":"hr_HR","og_type":"article","og_title":"BIO hidratantna krema za ruke i nokte - SEN Shop","og_description":"100% PRIRODNA mje\u0161avina bogatih maslaca i eteri\u010dnih ulja hidratizira i njeguje ko\u017eu, nokte i kutikule (BIO shea maslac, bademovo ulje, BIO ulje naran\u010de) i ima blago antisepti\u010dko djelovanje (BIO ulje \u010dajevca, BIO ulje cedra). Krema za ruke se brzo upija u ko\u017eu i ne ostavlja masne tragove.   njeguje, hidratizira, umiruje i osvje\u017eava ko\u017eu  ima blago antisepti\u010dko djelovanje  lije\u010di zanoktice i ja\u010da nokte  Ova njeguju\u0107a i hidratantna krema posebice je pogodna za suhu i o\u0161te\u0107enu ko\u017eu jer joj vra\u0107a gipkost i elasti\u010dnost.","og_url":"https:\/\/sen-shop.com\/hr\/collections\/osobna-njega-cat\/bio-hidratantna-krema-za-ruke-i-nokte\/","og_site_name":"SEN Shop","article_publisher":"https:\/\/www.facebook.com\/Senshopslovenija","article_modified_time":"2021-11-22T13:25:13+00:00","og_image":[{"width":1225,"height":1400,"url":"https:\/\/sen-shop.com\/wp-content\/uploads\/2016\/09\/krema-za-roke_sl_hr.jpg","type":"image\/jpeg"}],"twitter_card":"summary_large_image","twitter_misc":{"Est. reading time":"2 minutes"},"schema":{"@context":"https:\/\/schema.org","@graph":[{"@type":"WebPage","@id":"https:\/\/sen-shop.com\/hr\/collections\/osobna-njega-cat\/bio-hidratantna-krema-za-ruke-i-nokte\/","url":"https:\/\/sen-shop.com\/hr\/collections\/osobna-njega-cat\/bio-hidratantna-krema-za-ruke-i-nokte\/","name":"BIO hidratantna krema za ruke i nokte - SEN Shop","isPartOf":{"@id":"https:\/\/sen-shop.com\/hr\/#website"},"datePublished":"2016-09-15T22:54:52+00:00","dateModified":"2021-11-22T13:25:13+00:00","breadcrumb":{"@id":"https:\/\/sen-shop.com\/hr\/collections\/osobna-njega-cat\/bio-hidratantna-krema-za-ruke-i-nokte\/#breadcrumb"},"inLanguage":"hr-HR","potentialAction":[{"@type":"ReadAction","target":["https:\/\/sen-shop.com\/hr\/collections\/osobna-njega-cat\/bio-hidratantna-krema-za-ruke-i-nokte\/"]}]},{"@type":"BreadcrumbList","@id":"https:\/\/sen-shop.com\/hr\/collections\/osobna-njega-cat\/bio-hidratantna-krema-za-ruke-i-nokte\/#breadcrumb","itemListElement":[{"@type":"ListItem","position":1,"name":"Home","item":"https:\/\/sen-shop.com\/hr\/"},{"@type":"ListItem","position":2,"name":"BIO hidratantna krema za ruke i nokte"}]},{"@type":"WebSite","@id":"https:\/\/sen-shop.com\/hr\/#website","url":"https:\/\/sen-shop.com\/hr\/","name":"SEN Shop","description":"Slovensko, Ekolo\u0161ko, Naravno","publisher":{"@id":"https:\/\/sen-shop.com\/hr\/#organization"},"potentialAction":[{"@type":"SearchAction","target":{"@type":"EntryPoint","urlTemplate":"https:\/\/sen-shop.com\/hr\/?s={search_term_string}"},"query-input":"required name=search_term_string"}],"inLanguage":"hr-HR"},{"@type":"Organization","@id":"https:\/\/sen-shop.com\/hr\/#organization","name":"Mind trade d.o.o","url":"https:\/\/sen-shop.com\/hr\/","logo":{"@type":"ImageObject","inLanguage":"hr-HR","@id":"https:\/\/sen-shop.com\/hr\/#\/schema\/logo\/image\/","url":"https:\/\/sen-shop.com\/wp-content\/uploads\/2018\/05\/header_logo.png","contentUrl":"https:\/\/sen-shop.com\/wp-content\/uploads\/2018\/05\/header_logo.png","width":138,"height":70,"caption":"Mind trade d.o.o"},"image":{"@id":"https:\/\/sen-shop.com\/hr\/#\/schema\/logo\/image\/"},"sameAs":["https:\/\/www.instagram.com\/senslovenija\/","https:\/\/www.facebook.com\/Senshopslovenija"]}]}},"_links":{"self":[{"href":"https:\/\/sen-shop.com\/hr\/wp-json\/wp\/v2\/product\/42275","targetHints":{"allow":["GET"]}}],"collection":[{"href":"https:\/\/sen-shop.com\/hr\/wp-json\/wp\/v2\/product"}],"about":[{"href":"https:\/\/sen-shop.com\/hr\/wp-json\/wp\/v2\/types\/product"}],"replies":[{"embeddable":true,"href":"https:\/\/sen-shop.com\/hr\/wp-json\/wp\/v2\/comments?post=42275"}],"wp:featuredmedia":[{"embeddable":true,"href":"https:\/\/sen-shop.com\/hr\/wp-json\/wp\/v2\/media\/37867"}],"wp:attachment":[{"href":"https:\/\/sen-shop.com\/hr\/wp-json\/wp\/v2\/media?parent=42275"}],"wp:term":[{"taxonomy":"product_cat","embeddable":true,"href":"https:\/\/sen-shop.com\/hr\/wp-json\/wp\/v2\/product_cat?post=42275"},{"taxonomy":"product_tag","embeddable":true,"href":"https:\/\/sen-shop.com\/hr\/wp-json\/wp\/v2\/product_tag?post=42275"}],"curies":[{"name":"wp","href":"https:\/\/api.w.org\/{rel}","templated":true}]}}