{"id":39012,"date":"2016-09-16T00:56:52","date_gmt":"2016-09-15T22:56:52","guid":{"rendered":"https:\/\/sen-shop.com\/collections\/uncategorized\/q10-krema-za-lice-i-vrat\/"},"modified":"2022-11-01T23:01:00","modified_gmt":"2022-11-01T22:01:00","slug":"q10-krema-za-lice-i-vrat","status":"publish","type":"product","link":"https:\/\/sen-shop.com\/hr\/collections\/osobna-njega-cat\/q10-krema-za-lice-i-vrat\/","title":{"rendered":"Q10 krema za lice i vrat"},"content":{"rendered":"<p>[vc_row][vc_column][vc_column_text css=&#8221;.vc_custom_1624965745182{padding-top: 30px !important;padding-right: 30px !important;padding-bottom: 30px !important;padding-left: 30px !important;background-color: #c9db95 !important;}&#8221;]<br \/>\n<strong>Koenzim Q10<\/strong> je jedan od najva\u017enijih faktora stani\u010dnog disanja. Sna\u017ean je antioksidans koji <strong>\u0161titi ko\u017eu <\/strong>od \u0161tetnih oslobo\u0111enih radikala.<\/p>\n<p><strong>Hijaluronska kiselina<\/strong> ve\u017ee na sebe velike koli\u010dine vode. <strong>Odr\u017eava elasti\u010dnost ko\u017ee i hidrataciju. <\/strong>Tijekom godina, koli\u010dina hijaluronske kiseline opada, \u0161to je jedan od glavnih razloga starenja ko\u017ee. I sun\u010deve zrake mogu dugoro\u010dno utjecati na opadanje koli\u010dine hijaluronske kiseline, \u0161to mo\u017ee uzrokovati starenje ko\u017ee.<\/p>\n<p><strong>Vitamin A<\/strong> se pokazao kao u\u010dinkovit u sprje\u010davanju <strong>naborane, suhe i ispucale ko\u017ee.<\/strong><\/p>\n<p><strong>Vitamin E<\/strong> \u0161titi stani\u010dne membrane, <strong>pobolj\u0161ava elasti\u010dnost ko\u017ee, <\/strong>djeluje kao hidratantna krema, <strong>djeluje protiv bora i smanjuje edeme <\/strong>uzrokovane UV zrakama.[\/vc_column_text][\/vc_column][\/vc_row][vc_row][vc_column][vc_column_text css=&#8221;.vc_custom_1624965726998{padding-top: 30px !important;padding-right: 30px !important;padding-bottom: 30px !important;padding-left: 30px !important;background-color: #ededed !important;}&#8221;]<br \/>\n\ud83d\udc49 Pogodna za sve tipove ko\u017ee, posebice zrelu ko\u017eu. Zahvaljuju\u0107i izuzetno bogatoj mje\u0161avini aktivnih sastojaka, ima blagotvoran u\u010dinak na ko\u017eu, poti\u010de obnavljanje i pobolj\u0161ava teksturu ko\u017ee.<\/p>\n<p>\ud83d\udc49 Nanijeti Q10 kremu kru\u017enim pokretima na \u010distu ko\u017eu, na lice, posebice na podru\u010dja pojave bora.<\/p>\n<p>\ud83d\udc49 Tako\u0111er preporu\u010dujemo kori\u0161tenje kreme na podru\u010dju vrata i dekoltea.[\/vc_column_text][\/vc_column][\/vc_row][vc_row][vc_column][vc_column_text]<br \/>\n<strong>Starenje ko\u017ee <\/strong>je neizbje\u017ena posljedica koja se po\u010dinje pojavljivati nakon 20-te godine. Pojavljuju se <strong>bore, <\/strong>ko\u017ea postaje tanja, gubi elasti\u010dnost i mogu\u0107nost obavljanja. <strong>Starenje se ne mo\u017ee usporiti <\/strong>ili preokrenuti, ali <strong>mo\u017ee se ko\u017ei pru\u017eiti potrebna za\u0161tita. <\/strong>Proizvodi s hijaluronskom kiselinom poznati su po svojim svojstvima pru\u017eanja vla\u017enosti i za\u0161tite. <strong>Hijaluronska kiselina <\/strong>ve\u017ee na sebe velike koli\u010dine vode, \u0161to poma\u017ee u odr\u017eavanju <strong>elasti\u010dnosti ko\u017ee i hidratacije. <\/strong>Tijekom godina, koli\u010dina <strong>hijaluronske kiseline opada<\/strong>, \u0161to je jedan od glavnih razloga <strong>starenja ko\u017ee<\/strong>. Pretjerano izlaganje sun\u010devim zrakama mo\u017ee utjecati na br\u017ee starenje ko\u017ee, stoga poku\u0161ajte to izbjegavati. Vitamini A i E poma\u017eu u za\u0161titi ko\u017ee od UV zraka te se stoga \u010desto dodaju u proizvode za za\u0161titu od sunca.[\/vc_column_text][\/vc_column][\/vc_row]<\/p>\n","protected":false},"excerpt":{"rendered":"<p><strong>Q10 Krema za lice <\/strong>namijenjena je za svakodnevno kori\u0161tenje na licu, vratu i dekolteu. Zahvaljuju\u0107i svojoj <strong>ekstremno bogatoj mje\u0161avini aktivnih sastojaka, pogodna je za sve tipove ko\u017ee, <\/strong>posebice za zrelu ko\u017eu. Za jo\u0161 bolji u\u010dinak, dodali smo <strong>hijaluronsku kiselinu, <\/strong>vitamine A i E, zajedno s koenzimom Q10.<\/p>\n<ul>\n<li>sprje\u010dava i umiruje bore<\/li>\n<li>pobolj\u0161ava elasti\u010dnost ko\u017ee<\/li>\n<li>regulira vla\u017enost ko\u017ee<\/li>\n<li>odr\u017eava zdravlje i glatko\u0107u ko\u017ee<\/li>\n<\/ul>\n<p>Q10 krema za lice njeguje, vla\u017ei, obnavlja i <strong>pobolj\u0161ava strukturu ko\u017ee. <\/strong>Svakodnevna upotreba pomo\u0107i \u0107e u odr\u017eavanju zdrave i glatke ko\u017ee.<\/p>\n","protected":false},"featured_media":37189,"comment_status":"open","ping_status":"closed","template":"","meta":{"inline_featured_image":false},"product_cat":[423,1133,418],"product_tag":[381,382,1218,451,376,379],"class_list":["post-39012","product","type-product","status-publish","has-post-thumbnail","hentry","product_cat-crni-petak","product_cat-obraz-oci-ustnice-hr","product_cat-osobna-njega-cat","product_tag-biljni-gel","product_tag-misici-i-zglobovi","product_tag-obraz-in-ustnice-hr","product_tag-q10-hr","product_tag-repelent","product_tag-zdravo"],"acf":[],"yoast_head":"<!-- This site is optimized with the Yoast SEO plugin v19.13 - https:\/\/yoast.com\/wordpress\/plugins\/seo\/ -->\n<title>Krema za obraz, predel vratu in dekolteja s Q10 - Sen Shop<\/title>\n<meta name=\"description\" content=\"Krema za obraz s Hialuronsko kislino, koencimom Q10 in vitaminoma A in E. Poskusi kakovostno naravno kremo za nego obraza s Slovenskim poreklom!\" \/>\n<meta name=\"robots\" content=\"index, follow, max-snippet:-1, max-image-preview:large, max-video-preview:-1\" \/>\n<link rel=\"canonical\" href=\"https:\/\/sen-shop.com\/hr\/collections\/osobna-njega-cat\/q10-krema-za-lice-i-vrat\/\" \/>\n<meta property=\"og:locale\" content=\"hr_HR\" \/>\n<meta property=\"og:type\" content=\"article\" \/>\n<meta property=\"og:title\" content=\"Krema za obraz, predel vratu in dekolteja s Q10 - Sen Shop\" \/>\n<meta property=\"og:description\" content=\"Krema za obraz s Hialuronsko kislino, koencimom Q10 in vitaminoma A in E. Poskusi kakovostno naravno kremo za nego obraza s Slovenskim poreklom!\" \/>\n<meta property=\"og:url\" content=\"https:\/\/sen-shop.com\/hr\/collections\/osobna-njega-cat\/q10-krema-za-lice-i-vrat\/\" \/>\n<meta property=\"og:site_name\" content=\"SEN Shop\" \/>\n<meta property=\"article:publisher\" content=\"https:\/\/www.facebook.com\/Senshopslovenija\" \/>\n<meta property=\"article:modified_time\" content=\"2022-11-01T22:01:00+00:00\" \/>\n<meta property=\"og:image\" content=\"https:\/\/sen-shop.com\/wp-content\/uploads\/2016\/09\/Q10-krema_sl_hr.jpg\" \/>\n\t<meta property=\"og:image:width\" content=\"1050\" \/>\n\t<meta property=\"og:image:height\" content=\"1200\" \/>\n\t<meta property=\"og:image:type\" content=\"image\/jpeg\" \/>\n<meta name=\"twitter:card\" content=\"summary_large_image\" \/>\n<meta name=\"twitter:label1\" content=\"Est. reading time\" \/>\n\t<meta name=\"twitter:data1\" content=\"2 minutes\" \/>\n<script type=\"application\/ld+json\" class=\"yoast-schema-graph\">{\"@context\":\"https:\/\/schema.org\",\"@graph\":[{\"@type\":\"WebPage\",\"@id\":\"https:\/\/sen-shop.com\/hr\/collections\/osobna-njega-cat\/q10-krema-za-lice-i-vrat\/\",\"url\":\"https:\/\/sen-shop.com\/hr\/collections\/osobna-njega-cat\/q10-krema-za-lice-i-vrat\/\",\"name\":\"Krema za obraz, predel vratu in dekolteja s Q10 - Sen Shop\",\"isPartOf\":{\"@id\":\"https:\/\/sen-shop.com\/hr\/#website\"},\"datePublished\":\"2016-09-15T22:56:52+00:00\",\"dateModified\":\"2022-11-01T22:01:00+00:00\",\"description\":\"Krema za obraz s Hialuronsko kislino, koencimom Q10 in vitaminoma A in E. Poskusi kakovostno naravno kremo za nego obraza s Slovenskim poreklom!\",\"breadcrumb\":{\"@id\":\"https:\/\/sen-shop.com\/hr\/collections\/osobna-njega-cat\/q10-krema-za-lice-i-vrat\/#breadcrumb\"},\"inLanguage\":\"hr-HR\",\"potentialAction\":[{\"@type\":\"ReadAction\",\"target\":[\"https:\/\/sen-shop.com\/hr\/collections\/osobna-njega-cat\/q10-krema-za-lice-i-vrat\/\"]}]},{\"@type\":\"BreadcrumbList\",\"@id\":\"https:\/\/sen-shop.com\/hr\/collections\/osobna-njega-cat\/q10-krema-za-lice-i-vrat\/#breadcrumb\",\"itemListElement\":[{\"@type\":\"ListItem\",\"position\":1,\"name\":\"Home\",\"item\":\"https:\/\/sen-shop.com\/hr\/\"},{\"@type\":\"ListItem\",\"position\":2,\"name\":\"Q10 krema za lice i vrat\"}]},{\"@type\":\"WebSite\",\"@id\":\"https:\/\/sen-shop.com\/hr\/#website\",\"url\":\"https:\/\/sen-shop.com\/hr\/\",\"name\":\"SEN Shop\",\"description\":\"Slovensko, Ekolo\u0161ko, Naravno\",\"publisher\":{\"@id\":\"https:\/\/sen-shop.com\/hr\/#organization\"},\"potentialAction\":[{\"@type\":\"SearchAction\",\"target\":{\"@type\":\"EntryPoint\",\"urlTemplate\":\"https:\/\/sen-shop.com\/hr\/?s={search_term_string}\"},\"query-input\":\"required name=search_term_string\"}],\"inLanguage\":\"hr-HR\"},{\"@type\":\"Organization\",\"@id\":\"https:\/\/sen-shop.com\/hr\/#organization\",\"name\":\"Mind trade d.o.o\",\"url\":\"https:\/\/sen-shop.com\/hr\/\",\"logo\":{\"@type\":\"ImageObject\",\"inLanguage\":\"hr-HR\",\"@id\":\"https:\/\/sen-shop.com\/hr\/#\/schema\/logo\/image\/\",\"url\":\"https:\/\/sen-shop.com\/wp-content\/uploads\/2018\/05\/header_logo.png\",\"contentUrl\":\"https:\/\/sen-shop.com\/wp-content\/uploads\/2018\/05\/header_logo.png\",\"width\":138,\"height\":70,\"caption\":\"Mind trade d.o.o\"},\"image\":{\"@id\":\"https:\/\/sen-shop.com\/hr\/#\/schema\/logo\/image\/\"},\"sameAs\":[\"https:\/\/www.instagram.com\/senslovenija\/\",\"https:\/\/www.facebook.com\/Senshopslovenija\"]}]}<\/script>\n<!-- \/ Yoast SEO plugin. -->","yoast_head_json":{"title":"Krema za obraz, predel vratu in dekolteja s Q10 - Sen Shop","description":"Krema za obraz s Hialuronsko kislino, koencimom Q10 in vitaminoma A in E. Poskusi kakovostno naravno kremo za nego obraza s Slovenskim poreklom!","robots":{"index":"index","follow":"follow","max-snippet":"max-snippet:-1","max-image-preview":"max-image-preview:large","max-video-preview":"max-video-preview:-1"},"canonical":"https:\/\/sen-shop.com\/hr\/collections\/osobna-njega-cat\/q10-krema-za-lice-i-vrat\/","og_locale":"hr_HR","og_type":"article","og_title":"Krema za obraz, predel vratu in dekolteja s Q10 - Sen Shop","og_description":"Krema za obraz s Hialuronsko kislino, koencimom Q10 in vitaminoma A in E. Poskusi kakovostno naravno kremo za nego obraza s Slovenskim poreklom!","og_url":"https:\/\/sen-shop.com\/hr\/collections\/osobna-njega-cat\/q10-krema-za-lice-i-vrat\/","og_site_name":"SEN Shop","article_publisher":"https:\/\/www.facebook.com\/Senshopslovenija","article_modified_time":"2022-11-01T22:01:00+00:00","og_image":[{"width":1050,"height":1200,"url":"https:\/\/sen-shop.com\/wp-content\/uploads\/2016\/09\/Q10-krema_sl_hr.jpg","type":"image\/jpeg"}],"twitter_card":"summary_large_image","twitter_misc":{"Est. reading time":"2 minutes"},"schema":{"@context":"https:\/\/schema.org","@graph":[{"@type":"WebPage","@id":"https:\/\/sen-shop.com\/hr\/collections\/osobna-njega-cat\/q10-krema-za-lice-i-vrat\/","url":"https:\/\/sen-shop.com\/hr\/collections\/osobna-njega-cat\/q10-krema-za-lice-i-vrat\/","name":"Krema za obraz, predel vratu in dekolteja s Q10 - Sen Shop","isPartOf":{"@id":"https:\/\/sen-shop.com\/hr\/#website"},"datePublished":"2016-09-15T22:56:52+00:00","dateModified":"2022-11-01T22:01:00+00:00","description":"Krema za obraz s Hialuronsko kislino, koencimom Q10 in vitaminoma A in E. Poskusi kakovostno naravno kremo za nego obraza s Slovenskim poreklom!","breadcrumb":{"@id":"https:\/\/sen-shop.com\/hr\/collections\/osobna-njega-cat\/q10-krema-za-lice-i-vrat\/#breadcrumb"},"inLanguage":"hr-HR","potentialAction":[{"@type":"ReadAction","target":["https:\/\/sen-shop.com\/hr\/collections\/osobna-njega-cat\/q10-krema-za-lice-i-vrat\/"]}]},{"@type":"BreadcrumbList","@id":"https:\/\/sen-shop.com\/hr\/collections\/osobna-njega-cat\/q10-krema-za-lice-i-vrat\/#breadcrumb","itemListElement":[{"@type":"ListItem","position":1,"name":"Home","item":"https:\/\/sen-shop.com\/hr\/"},{"@type":"ListItem","position":2,"name":"Q10 krema za lice i vrat"}]},{"@type":"WebSite","@id":"https:\/\/sen-shop.com\/hr\/#website","url":"https:\/\/sen-shop.com\/hr\/","name":"SEN Shop","description":"Slovensko, Ekolo\u0161ko, Naravno","publisher":{"@id":"https:\/\/sen-shop.com\/hr\/#organization"},"potentialAction":[{"@type":"SearchAction","target":{"@type":"EntryPoint","urlTemplate":"https:\/\/sen-shop.com\/hr\/?s={search_term_string}"},"query-input":"required name=search_term_string"}],"inLanguage":"hr-HR"},{"@type":"Organization","@id":"https:\/\/sen-shop.com\/hr\/#organization","name":"Mind trade d.o.o","url":"https:\/\/sen-shop.com\/hr\/","logo":{"@type":"ImageObject","inLanguage":"hr-HR","@id":"https:\/\/sen-shop.com\/hr\/#\/schema\/logo\/image\/","url":"https:\/\/sen-shop.com\/wp-content\/uploads\/2018\/05\/header_logo.png","contentUrl":"https:\/\/sen-shop.com\/wp-content\/uploads\/2018\/05\/header_logo.png","width":138,"height":70,"caption":"Mind trade d.o.o"},"image":{"@id":"https:\/\/sen-shop.com\/hr\/#\/schema\/logo\/image\/"},"sameAs":["https:\/\/www.instagram.com\/senslovenija\/","https:\/\/www.facebook.com\/Senshopslovenija"]}]}},"_links":{"self":[{"href":"https:\/\/sen-shop.com\/hr\/wp-json\/wp\/v2\/product\/39012","targetHints":{"allow":["GET"]}}],"collection":[{"href":"https:\/\/sen-shop.com\/hr\/wp-json\/wp\/v2\/product"}],"about":[{"href":"https:\/\/sen-shop.com\/hr\/wp-json\/wp\/v2\/types\/product"}],"replies":[{"embeddable":true,"href":"https:\/\/sen-shop.com\/hr\/wp-json\/wp\/v2\/comments?post=39012"}],"wp:featuredmedia":[{"embeddable":true,"href":"https:\/\/sen-shop.com\/hr\/wp-json\/wp\/v2\/media\/37189"}],"wp:attachment":[{"href":"https:\/\/sen-shop.com\/hr\/wp-json\/wp\/v2\/media?parent=39012"}],"wp:term":[{"taxonomy":"product_cat","embeddable":true,"href":"https:\/\/sen-shop.com\/hr\/wp-json\/wp\/v2\/product_cat?post=39012"},{"taxonomy":"product_tag","embeddable":true,"href":"https:\/\/sen-shop.com\/hr\/wp-json\/wp\/v2\/product_tag?post=39012"}],"curies":[{"name":"wp","href":"https:\/\/api.w.org\/{rel}","templated":true}]}}