{"id":37687,"date":"2016-09-16T01:13:33","date_gmt":"2016-09-15T23:13:33","guid":{"rendered":"https:\/\/sen-shop.com\/collections\/uncategorized\/balzam-za-nos\/"},"modified":"2022-12-08T12:16:46","modified_gmt":"2022-12-08T11:16:46","slug":"balzam-za-nos","status":"publish","type":"product","link":"https:\/\/sen-shop.com\/hr\/collections\/osobna-njega-cat\/balzam-za-nos\/","title":{"rendered":"Balzam za nos"},"content":{"rendered":"<p>[vc_row][vc_column][vc_column_text css=&#8221;.vc_custom_1634637195347{padding-top: 30px !important;padding-right: 30px !important;padding-bottom: 30px !important;padding-left: 30px !important;background-color: #c9db95 !important;}&#8221;]<br \/>\nZbog visoke koncentracije prirodnih eteri\u010dnih ulja, mast za nos uglavnom je namijenjen za lije\u010denje <strong>prehlada, za\u010depljenosti nosa, glavobolje<\/strong> te <strong>njegu upaljene i ispucale ko\u017ee oko nosa.<\/strong><\/p>\n<p><strong>Shea maslac<\/strong> smiruje nadra\u017eenu ko\u017eu, ima protuupalna i hidratantna svojstva te ubla\u017eava manje upale.<br \/>\n<strong>Ulje jojobe<\/strong> njeguje i vla\u017ei ko\u017eu, ima protuupalna svojstva i prikladno je za njegu <strong>o\u0161te\u0107ene<\/strong> ili <strong>upaljene ko\u017ee. <\/strong><br \/>\n<strong>Maslac od manga<\/strong> ima izvrsna hidratantna svojstva, <strong>poti\u010de zacjeljivanje rana<\/strong> i <strong>regeneraciju ko\u017ee.<\/strong> Umiruje, vla\u017ei i \u0161titi ko\u017eu.<br \/>\n<strong>Ulje \u010dajevca <\/strong>ima izvrsna antibakterijska svojstva i sna\u017eno antisepti\u010dko djelovanje.<br \/>\n<strong>Mentol<\/strong> djeluje rashla\u0111uju\u0107e i osvje\u017eavaju\u0107e. <strong>Kamfor<\/strong> se u farmaciji uglavnom koristi u omek\u0161avaju\u0107im mastima i u <strong>pripravcima za ubla\u017eavanje respiratornih tegoba. Eteri\u010dno ulje eukaliptusa<\/strong> poznato je po sna\u017enim sedativnim, antibakterijskim i <strong>dezinfekcijskim svojstvima.<\/strong> Poma\u017ee u ubla\u017eavanju i sprje\u010davanju upala di\u0161nih puteva, mokra\u0107nih puteva i ko\u017ee.[\/vc_column_text][\/vc_column][\/vc_row][vc_row][vc_column][vc_column_text css=&#8221;.vc_custom_1634637306758{padding-top: 30px !important;padding-right: 30px !important;padding-bottom: 30px !important;padding-left: 30px !important;background-color: #ededed !important;}&#8221;]\ud83d\udc49 Nanijeti balzam u nosnice i oko nosa nekoliko puta dnevno.<\/p>\n<p>\ud83d\udc49 Za prehlade i glavobolje, utrljati balzam na sljepoo\u010dnice, potiljak i prsa (za bolje djelovanje koristite Zemagel).<\/p>\n<p>\ud83d\udc49 Kod inhalacije mo\u017eete dodati malu koli\u010dinu balzama u vru\u0107u vodu (za bolji u\u010dinak dodajte Biljne kapi).[\/vc_column_text][\/vc_column][\/vc_row][vc_row][vc_column][vc_column_text]Za\u010depljen nos problem koji se javlja zimi. Tijekom hladnih mjeseci \u010desto se borimo s prehladama, kihanjem, ka\u0161ljem i za\u010depljenim nosom. Stoga je va\u017eno zapo\u010deti lije\u010denje prehlade na prve znakove.<\/p>\n<p>Upala sinusa nastaje kao posljedica virusne prehlade, \u0161to dovodi do upale i o\u0161te\u0107enja sluznice sinusa, gdje se po\u010dinju razmno\u017eavati bakterije. <strong>Osim balzama, preporu\u010dujemo da pijete puno teku\u0107ine kako biste izbjegli infekcije sinusa. Hidratacija \u0107e va\u0161e sluznice u\u010diniti vla\u017enijima, a sluz \u0107e br\u017ee otjecati iz sinusa.<\/strong> Osim teku\u0107ine, uzimajte vi\u0161e vitamina C jer on ja\u010da imunolo\u0161ki sustav i koristan je u borbi protiv sinusnih infekcija. Tako\u0111er preporu\u010dujemo spavanje uzdignute glave i stavljanje toplih obloga na lice.<\/p>\n<p>Tipi\u010dni simptomi sinusitisa uklju\u010duju bol iznad i ispod o\u010diju, iscjedak koji se mo\u017ee vratiti u grlo, halitozu, zubobolju, glavobolju, grlobolju, ka\u0161alj i lo\u0161 zadah.<\/p>\n<p>Proizvod je certificiran od strane Aromacert\u00ae, koji jam\u010di visoku razinu kvalitete prema strogim kriterijima aromaterapije kao \u0161to su: prirodnost, autenti\u010dnost i \u010disto\u0107a sastojaka. Proizvod je 100% veganski i nije testiran na \u017eivotinjama.[\/vc_column_text][\/vc_column][\/vc_row]<\/p>\n","protected":false},"excerpt":{"rendered":"<p>Prirodno bilje i eteri\u010dna ulja masti za nos poma\u017eu <strong>otvaranju di\u0161nih puteva<\/strong> i olak\u0161avaju disanje. Pravilno disanje va\u017eno je za cirkulaciju krvi u mozgu, \u0161to utje\u010de na dobrobit i zdravlje svakog pojedinca.<\/p>\n<ul>\n<li>poma\u017ee kod za\u010depljenog nosa i sinusa te olak\u0161ava disanje<\/li>\n<li>blagotvorno djeluje kod prehlade, ima blagi antisepti\u010dki u\u010dinak<\/li>\n<li>njeguje i \u0161titi suhu, ispucalu ko\u017eu oko nosa<\/li>\n<\/ul>\n<p>Prirodni sastojci u masti tako\u0111er su korisne za njegu usana tijekom cijele godine.<\/p>\n","protected":false},"featured_media":37568,"comment_status":"open","ping_status":"closed","template":"","meta":{"inline_featured_image":false},"product_cat":[423,1133,418],"product_tag":[375,381,382,376,379],"class_list":["post-37687","product","type-product","status-publish","has-post-thumbnail","hentry","product_cat-crni-petak","product_cat-obraz-oci-ustnice-hr","product_cat-osobna-njega-cat","product_tag-biljni","product_tag-biljni-gel","product_tag-misici-i-zglobovi","product_tag-repelent","product_tag-zdravo"],"acf":[],"yoast_head":"<!-- This site is optimized with the Yoast SEO plugin v19.13 - https:\/\/yoast.com\/wordpress\/plugins\/seo\/ -->\n<title>Zama\u0161en nos? Vnetje sinusov? Naravno mazilo za nos odpre dihalne poti<\/title>\n<meta name=\"description\" content=\"Vas mu\u010di zama\u0161en nos ali vnetje sinusov?Mazilo za nos s pomo\u010djo naravnih zeli\u0161\u010d in eteri\u010dnih olj odpira dihalne poti ter s tem pripomore k la\u017ejemu dihanju.\" \/>\n<meta name=\"robots\" content=\"index, follow, max-snippet:-1, max-image-preview:large, max-video-preview:-1\" \/>\n<link rel=\"canonical\" href=\"https:\/\/sen-shop.com\/hr\/collections\/osobna-njega-cat\/balzam-za-nos\/\" \/>\n<meta property=\"og:locale\" content=\"hr_HR\" \/>\n<meta property=\"og:type\" content=\"article\" \/>\n<meta property=\"og:title\" content=\"Zama\u0161en nos? Vnetje sinusov? Naravno mazilo za nos odpre dihalne poti\" \/>\n<meta property=\"og:description\" content=\"Vas mu\u010di zama\u0161en nos ali vnetje sinusov?Mazilo za nos s pomo\u010djo naravnih zeli\u0161\u010d in eteri\u010dnih olj odpira dihalne poti ter s tem pripomore k la\u017ejemu dihanju.\" \/>\n<meta property=\"og:url\" content=\"https:\/\/sen-shop.com\/hr\/collections\/osobna-njega-cat\/balzam-za-nos\/\" \/>\n<meta property=\"og:site_name\" content=\"SEN Shop\" \/>\n<meta property=\"article:publisher\" content=\"https:\/\/www.facebook.com\/Senshopslovenija\" \/>\n<meta property=\"article:modified_time\" content=\"2022-12-08T11:16:46+00:00\" \/>\n<meta property=\"og:image\" content=\"https:\/\/sen-shop.com\/wp-content\/uploads\/2016\/09\/mazilo-za-nos_sl.jpg\" \/>\n\t<meta property=\"og:image:width\" content=\"1225\" \/>\n\t<meta property=\"og:image:height\" content=\"1400\" \/>\n\t<meta property=\"og:image:type\" content=\"image\/jpeg\" \/>\n<meta name=\"twitter:card\" content=\"summary_large_image\" \/>\n<meta name=\"twitter:label1\" content=\"Est. reading time\" \/>\n\t<meta name=\"twitter:data1\" content=\"2 minutes\" \/>\n<script type=\"application\/ld+json\" class=\"yoast-schema-graph\">{\"@context\":\"https:\/\/schema.org\",\"@graph\":[{\"@type\":\"WebPage\",\"@id\":\"https:\/\/sen-shop.com\/hr\/collections\/osobna-njega-cat\/balzam-za-nos\/\",\"url\":\"https:\/\/sen-shop.com\/hr\/collections\/osobna-njega-cat\/balzam-za-nos\/\",\"name\":\"Zama\u0161en nos? Vnetje sinusov? Naravno mazilo za nos odpre dihalne poti\",\"isPartOf\":{\"@id\":\"https:\/\/sen-shop.com\/hr\/#website\"},\"datePublished\":\"2016-09-15T23:13:33+00:00\",\"dateModified\":\"2022-12-08T11:16:46+00:00\",\"description\":\"Vas mu\u010di zama\u0161en nos ali vnetje sinusov?Mazilo za nos s pomo\u010djo naravnih zeli\u0161\u010d in eteri\u010dnih olj odpira dihalne poti ter s tem pripomore k la\u017ejemu dihanju.\",\"breadcrumb\":{\"@id\":\"https:\/\/sen-shop.com\/hr\/collections\/osobna-njega-cat\/balzam-za-nos\/#breadcrumb\"},\"inLanguage\":\"hr-HR\",\"potentialAction\":[{\"@type\":\"ReadAction\",\"target\":[\"https:\/\/sen-shop.com\/hr\/collections\/osobna-njega-cat\/balzam-za-nos\/\"]}]},{\"@type\":\"BreadcrumbList\",\"@id\":\"https:\/\/sen-shop.com\/hr\/collections\/osobna-njega-cat\/balzam-za-nos\/#breadcrumb\",\"itemListElement\":[{\"@type\":\"ListItem\",\"position\":1,\"name\":\"Home\",\"item\":\"https:\/\/sen-shop.com\/hr\/\"},{\"@type\":\"ListItem\",\"position\":2,\"name\":\"Balzam za nos\"}]},{\"@type\":\"WebSite\",\"@id\":\"https:\/\/sen-shop.com\/hr\/#website\",\"url\":\"https:\/\/sen-shop.com\/hr\/\",\"name\":\"SEN Shop\",\"description\":\"Slovensko, Ekolo\u0161ko, Naravno\",\"publisher\":{\"@id\":\"https:\/\/sen-shop.com\/hr\/#organization\"},\"potentialAction\":[{\"@type\":\"SearchAction\",\"target\":{\"@type\":\"EntryPoint\",\"urlTemplate\":\"https:\/\/sen-shop.com\/hr\/?s={search_term_string}\"},\"query-input\":\"required name=search_term_string\"}],\"inLanguage\":\"hr-HR\"},{\"@type\":\"Organization\",\"@id\":\"https:\/\/sen-shop.com\/hr\/#organization\",\"name\":\"Mind trade d.o.o\",\"url\":\"https:\/\/sen-shop.com\/hr\/\",\"logo\":{\"@type\":\"ImageObject\",\"inLanguage\":\"hr-HR\",\"@id\":\"https:\/\/sen-shop.com\/hr\/#\/schema\/logo\/image\/\",\"url\":\"https:\/\/sen-shop.com\/wp-content\/uploads\/2018\/05\/header_logo.png\",\"contentUrl\":\"https:\/\/sen-shop.com\/wp-content\/uploads\/2018\/05\/header_logo.png\",\"width\":138,\"height\":70,\"caption\":\"Mind trade d.o.o\"},\"image\":{\"@id\":\"https:\/\/sen-shop.com\/hr\/#\/schema\/logo\/image\/\"},\"sameAs\":[\"https:\/\/www.instagram.com\/senslovenija\/\",\"https:\/\/www.facebook.com\/Senshopslovenija\"]}]}<\/script>\n<!-- \/ Yoast SEO plugin. -->","yoast_head_json":{"title":"Zama\u0161en nos? Vnetje sinusov? Naravno mazilo za nos odpre dihalne poti","description":"Vas mu\u010di zama\u0161en nos ali vnetje sinusov?Mazilo za nos s pomo\u010djo naravnih zeli\u0161\u010d in eteri\u010dnih olj odpira dihalne poti ter s tem pripomore k la\u017ejemu dihanju.","robots":{"index":"index","follow":"follow","max-snippet":"max-snippet:-1","max-image-preview":"max-image-preview:large","max-video-preview":"max-video-preview:-1"},"canonical":"https:\/\/sen-shop.com\/hr\/collections\/osobna-njega-cat\/balzam-za-nos\/","og_locale":"hr_HR","og_type":"article","og_title":"Zama\u0161en nos? Vnetje sinusov? Naravno mazilo za nos odpre dihalne poti","og_description":"Vas mu\u010di zama\u0161en nos ali vnetje sinusov?Mazilo za nos s pomo\u010djo naravnih zeli\u0161\u010d in eteri\u010dnih olj odpira dihalne poti ter s tem pripomore k la\u017ejemu dihanju.","og_url":"https:\/\/sen-shop.com\/hr\/collections\/osobna-njega-cat\/balzam-za-nos\/","og_site_name":"SEN Shop","article_publisher":"https:\/\/www.facebook.com\/Senshopslovenija","article_modified_time":"2022-12-08T11:16:46+00:00","og_image":[{"width":1225,"height":1400,"url":"https:\/\/sen-shop.com\/wp-content\/uploads\/2016\/09\/mazilo-za-nos_sl.jpg","type":"image\/jpeg"}],"twitter_card":"summary_large_image","twitter_misc":{"Est. reading time":"2 minutes"},"schema":{"@context":"https:\/\/schema.org","@graph":[{"@type":"WebPage","@id":"https:\/\/sen-shop.com\/hr\/collections\/osobna-njega-cat\/balzam-za-nos\/","url":"https:\/\/sen-shop.com\/hr\/collections\/osobna-njega-cat\/balzam-za-nos\/","name":"Zama\u0161en nos? Vnetje sinusov? Naravno mazilo za nos odpre dihalne poti","isPartOf":{"@id":"https:\/\/sen-shop.com\/hr\/#website"},"datePublished":"2016-09-15T23:13:33+00:00","dateModified":"2022-12-08T11:16:46+00:00","description":"Vas mu\u010di zama\u0161en nos ali vnetje sinusov?Mazilo za nos s pomo\u010djo naravnih zeli\u0161\u010d in eteri\u010dnih olj odpira dihalne poti ter s tem pripomore k la\u017ejemu dihanju.","breadcrumb":{"@id":"https:\/\/sen-shop.com\/hr\/collections\/osobna-njega-cat\/balzam-za-nos\/#breadcrumb"},"inLanguage":"hr-HR","potentialAction":[{"@type":"ReadAction","target":["https:\/\/sen-shop.com\/hr\/collections\/osobna-njega-cat\/balzam-za-nos\/"]}]},{"@type":"BreadcrumbList","@id":"https:\/\/sen-shop.com\/hr\/collections\/osobna-njega-cat\/balzam-za-nos\/#breadcrumb","itemListElement":[{"@type":"ListItem","position":1,"name":"Home","item":"https:\/\/sen-shop.com\/hr\/"},{"@type":"ListItem","position":2,"name":"Balzam za nos"}]},{"@type":"WebSite","@id":"https:\/\/sen-shop.com\/hr\/#website","url":"https:\/\/sen-shop.com\/hr\/","name":"SEN Shop","description":"Slovensko, Ekolo\u0161ko, Naravno","publisher":{"@id":"https:\/\/sen-shop.com\/hr\/#organization"},"potentialAction":[{"@type":"SearchAction","target":{"@type":"EntryPoint","urlTemplate":"https:\/\/sen-shop.com\/hr\/?s={search_term_string}"},"query-input":"required name=search_term_string"}],"inLanguage":"hr-HR"},{"@type":"Organization","@id":"https:\/\/sen-shop.com\/hr\/#organization","name":"Mind trade d.o.o","url":"https:\/\/sen-shop.com\/hr\/","logo":{"@type":"ImageObject","inLanguage":"hr-HR","@id":"https:\/\/sen-shop.com\/hr\/#\/schema\/logo\/image\/","url":"https:\/\/sen-shop.com\/wp-content\/uploads\/2018\/05\/header_logo.png","contentUrl":"https:\/\/sen-shop.com\/wp-content\/uploads\/2018\/05\/header_logo.png","width":138,"height":70,"caption":"Mind trade d.o.o"},"image":{"@id":"https:\/\/sen-shop.com\/hr\/#\/schema\/logo\/image\/"},"sameAs":["https:\/\/www.instagram.com\/senslovenija\/","https:\/\/www.facebook.com\/Senshopslovenija"]}]}},"_links":{"self":[{"href":"https:\/\/sen-shop.com\/hr\/wp-json\/wp\/v2\/product\/37687","targetHints":{"allow":["GET"]}}],"collection":[{"href":"https:\/\/sen-shop.com\/hr\/wp-json\/wp\/v2\/product"}],"about":[{"href":"https:\/\/sen-shop.com\/hr\/wp-json\/wp\/v2\/types\/product"}],"replies":[{"embeddable":true,"href":"https:\/\/sen-shop.com\/hr\/wp-json\/wp\/v2\/comments?post=37687"}],"wp:featuredmedia":[{"embeddable":true,"href":"https:\/\/sen-shop.com\/hr\/wp-json\/wp\/v2\/media\/37568"}],"wp:attachment":[{"href":"https:\/\/sen-shop.com\/hr\/wp-json\/wp\/v2\/media?parent=37687"}],"wp:term":[{"taxonomy":"product_cat","embeddable":true,"href":"https:\/\/sen-shop.com\/hr\/wp-json\/wp\/v2\/product_cat?post=37687"},{"taxonomy":"product_tag","embeddable":true,"href":"https:\/\/sen-shop.com\/hr\/wp-json\/wp\/v2\/product_tag?post=37687"}],"curies":[{"name":"wp","href":"https:\/\/api.w.org\/{rel}","templated":true}]}}