{"id":31375,"date":"2021-08-10T13:44:49","date_gmt":"2021-08-10T11:44:49","guid":{"rendered":"https:\/\/www.sen-shop.com\/collections\/uncategorized\/poklon-uz-kupnju-uzorak-prodol\/"},"modified":"2021-08-16T12:23:48","modified_gmt":"2021-08-16T10:23:48","slug":"poklon-uz-kupnju-uzorak-prodol","status":"publish","type":"product","link":"https:\/\/sen-shop.com\/hr\/collections\/nekategorizirano-hr\/poklon-uz-kupnju-uzorak-prodol\/","title":{"rendered":"(Poklon uz kupnju) uzorak Prodol"},"content":{"rendered":"<p>Poklon uz kupnju<\/p>\n","protected":false},"excerpt":{"rendered":"<h4>Poklon uz kupnju \u2013 krema Prodol za zglobove 5ml<\/h4>\n<p>Za svaku kupnju iznad 5\u20ac, dobijate poklon kreme Prodol za mlijeko za bolove u zglobovima 5ml.<\/p>\n<p>SASTAV: Ekstrati kore vrbe, arnike i vra\u017eje kand\u017ee, prirodna esencijalna ulja BIO \u010dajevca, eukaliptusa i gaulterije.<\/p>\n<p><strong>Kako dodati poklon u ko\u0161aricu?<\/strong>\u00a0U ko\u0161arici, ispod slike s poklonom kliknite gumb\u00a0<a href=\"https:\/\/www.sen.hr\/kosarica\/\"><strong>DODAJ POKLON &gt;&gt;<\/strong><\/a><\/p>\n<p>&nbsp;<\/p>\n","protected":false},"featured_media":31372,"comment_status":"open","ping_status":"closed","template":"","meta":{"inline_featured_image":false},"product_cat":[810],"product_tag":[],"class_list":["post-31375","product","type-product","status-publish","has-post-thumbnail","hentry","product_cat-nekategorizirano-hr"],"acf":[],"yoast_head":"<!-- This site is optimized with the Yoast SEO plugin v19.13 - https:\/\/yoast.com\/wordpress\/plugins\/seo\/ -->\n<title>(Poklon uz kupnju) uzorak Prodol - SEN Shop<\/title>\n<meta name=\"robots\" content=\"index, follow, max-snippet:-1, max-image-preview:large, max-video-preview:-1\" \/>\n<link rel=\"canonical\" href=\"https:\/\/sen-shop.com\/hr\/collections\/nekategorizirano-hr\/poklon-uz-kupnju-uzorak-prodol\/\" \/>\n<meta property=\"og:locale\" content=\"hr_HR\" \/>\n<meta property=\"og:type\" content=\"article\" \/>\n<meta property=\"og:title\" content=\"(Poklon uz kupnju) uzorak Prodol - SEN Shop\" \/>\n<meta property=\"og:description\" content=\"Poklon uz kupnju \u2013 krema Prodol za zglobove 5ml Za svaku kupnju iznad 5\u20ac, dobijate poklon kreme Prodol za mlijeko za bolove u zglobovima 5ml.  SASTAV: Ekstrati kore vrbe, arnike i vra\u017eje kand\u017ee, prirodna esencijalna ulja BIO \u010dajevca, eukaliptusa i gaulterije.  Kako dodati poklon u ko\u0161aricu?\u00a0U ko\u0161arici, ispod slike s poklonom kliknite gumb\u00a0DODAJ POKLON &gt;&gt;  &nbsp;\" \/>\n<meta property=\"og:url\" content=\"https:\/\/sen-shop.com\/hr\/collections\/nekategorizirano-hr\/poklon-uz-kupnju-uzorak-prodol\/\" \/>\n<meta property=\"og:site_name\" content=\"SEN Shop\" \/>\n<meta property=\"article:publisher\" content=\"https:\/\/www.facebook.com\/Senshopslovenija\" \/>\n<meta property=\"article:modified_time\" content=\"2021-08-16T10:23:48+00:00\" \/>\n<meta property=\"og:image\" content=\"https:\/\/sen-shop.com\/wp-content\/uploads\/2021\/08\/darilo-prodol-vzorec-mini.png\" \/>\n\t<meta property=\"og:image:width\" content=\"700\" \/>\n\t<meta property=\"og:image:height\" content=\"800\" \/>\n\t<meta property=\"og:image:type\" content=\"image\/png\" \/>\n<meta name=\"twitter:card\" content=\"summary_large_image\" \/>\n<script type=\"application\/ld+json\" class=\"yoast-schema-graph\">{\"@context\":\"https:\/\/schema.org\",\"@graph\":[{\"@type\":\"WebPage\",\"@id\":\"https:\/\/sen-shop.com\/hr\/collections\/nekategorizirano-hr\/poklon-uz-kupnju-uzorak-prodol\/\",\"url\":\"https:\/\/sen-shop.com\/hr\/collections\/nekategorizirano-hr\/poklon-uz-kupnju-uzorak-prodol\/\",\"name\":\"(Poklon uz kupnju) uzorak Prodol - SEN Shop\",\"isPartOf\":{\"@id\":\"https:\/\/sen-shop.com\/hr\/#website\"},\"datePublished\":\"2021-08-10T11:44:49+00:00\",\"dateModified\":\"2021-08-16T10:23:48+00:00\",\"breadcrumb\":{\"@id\":\"https:\/\/sen-shop.com\/hr\/collections\/nekategorizirano-hr\/poklon-uz-kupnju-uzorak-prodol\/#breadcrumb\"},\"inLanguage\":\"hr-HR\",\"potentialAction\":[{\"@type\":\"ReadAction\",\"target\":[\"https:\/\/sen-shop.com\/hr\/collections\/nekategorizirano-hr\/poklon-uz-kupnju-uzorak-prodol\/\"]}]},{\"@type\":\"BreadcrumbList\",\"@id\":\"https:\/\/sen-shop.com\/hr\/collections\/nekategorizirano-hr\/poklon-uz-kupnju-uzorak-prodol\/#breadcrumb\",\"itemListElement\":[{\"@type\":\"ListItem\",\"position\":1,\"name\":\"Home\",\"item\":\"https:\/\/sen-shop.com\/hr\/\"},{\"@type\":\"ListItem\",\"position\":2,\"name\":\"(Poklon uz kupnju) uzorak Prodol\"}]},{\"@type\":\"WebSite\",\"@id\":\"https:\/\/sen-shop.com\/hr\/#website\",\"url\":\"https:\/\/sen-shop.com\/hr\/\",\"name\":\"SEN Shop\",\"description\":\"Slovensko, Ekolo\u0161ko, Naravno\",\"publisher\":{\"@id\":\"https:\/\/sen-shop.com\/hr\/#organization\"},\"potentialAction\":[{\"@type\":\"SearchAction\",\"target\":{\"@type\":\"EntryPoint\",\"urlTemplate\":\"https:\/\/sen-shop.com\/hr\/?s={search_term_string}\"},\"query-input\":\"required name=search_term_string\"}],\"inLanguage\":\"hr-HR\"},{\"@type\":\"Organization\",\"@id\":\"https:\/\/sen-shop.com\/hr\/#organization\",\"name\":\"Mind trade d.o.o\",\"url\":\"https:\/\/sen-shop.com\/hr\/\",\"logo\":{\"@type\":\"ImageObject\",\"inLanguage\":\"hr-HR\",\"@id\":\"https:\/\/sen-shop.com\/hr\/#\/schema\/logo\/image\/\",\"url\":\"https:\/\/sen-shop.com\/wp-content\/uploads\/2018\/05\/header_logo.png\",\"contentUrl\":\"https:\/\/sen-shop.com\/wp-content\/uploads\/2018\/05\/header_logo.png\",\"width\":138,\"height\":70,\"caption\":\"Mind trade d.o.o\"},\"image\":{\"@id\":\"https:\/\/sen-shop.com\/hr\/#\/schema\/logo\/image\/\"},\"sameAs\":[\"https:\/\/www.instagram.com\/senslovenija\/\",\"https:\/\/www.facebook.com\/Senshopslovenija\"]}]}<\/script>\n<!-- \/ Yoast SEO plugin. -->","yoast_head_json":{"title":"(Poklon uz kupnju) uzorak Prodol - SEN Shop","robots":{"index":"index","follow":"follow","max-snippet":"max-snippet:-1","max-image-preview":"max-image-preview:large","max-video-preview":"max-video-preview:-1"},"canonical":"https:\/\/sen-shop.com\/hr\/collections\/nekategorizirano-hr\/poklon-uz-kupnju-uzorak-prodol\/","og_locale":"hr_HR","og_type":"article","og_title":"(Poklon uz kupnju) uzorak Prodol - SEN Shop","og_description":"Poklon uz kupnju \u2013 krema Prodol za zglobove 5ml Za svaku kupnju iznad 5\u20ac, dobijate poklon kreme Prodol za mlijeko za bolove u zglobovima 5ml.  SASTAV: Ekstrati kore vrbe, arnike i vra\u017eje kand\u017ee, prirodna esencijalna ulja BIO \u010dajevca, eukaliptusa i gaulterije.  Kako dodati poklon u ko\u0161aricu?\u00a0U ko\u0161arici, ispod slike s poklonom kliknite gumb\u00a0DODAJ POKLON &gt;&gt;  &nbsp;","og_url":"https:\/\/sen-shop.com\/hr\/collections\/nekategorizirano-hr\/poklon-uz-kupnju-uzorak-prodol\/","og_site_name":"SEN Shop","article_publisher":"https:\/\/www.facebook.com\/Senshopslovenija","article_modified_time":"2021-08-16T10:23:48+00:00","og_image":[{"width":700,"height":800,"url":"https:\/\/sen-shop.com\/wp-content\/uploads\/2021\/08\/darilo-prodol-vzorec-mini.png","type":"image\/png"}],"twitter_card":"summary_large_image","schema":{"@context":"https:\/\/schema.org","@graph":[{"@type":"WebPage","@id":"https:\/\/sen-shop.com\/hr\/collections\/nekategorizirano-hr\/poklon-uz-kupnju-uzorak-prodol\/","url":"https:\/\/sen-shop.com\/hr\/collections\/nekategorizirano-hr\/poklon-uz-kupnju-uzorak-prodol\/","name":"(Poklon uz kupnju) uzorak Prodol - SEN Shop","isPartOf":{"@id":"https:\/\/sen-shop.com\/hr\/#website"},"datePublished":"2021-08-10T11:44:49+00:00","dateModified":"2021-08-16T10:23:48+00:00","breadcrumb":{"@id":"https:\/\/sen-shop.com\/hr\/collections\/nekategorizirano-hr\/poklon-uz-kupnju-uzorak-prodol\/#breadcrumb"},"inLanguage":"hr-HR","potentialAction":[{"@type":"ReadAction","target":["https:\/\/sen-shop.com\/hr\/collections\/nekategorizirano-hr\/poklon-uz-kupnju-uzorak-prodol\/"]}]},{"@type":"BreadcrumbList","@id":"https:\/\/sen-shop.com\/hr\/collections\/nekategorizirano-hr\/poklon-uz-kupnju-uzorak-prodol\/#breadcrumb","itemListElement":[{"@type":"ListItem","position":1,"name":"Home","item":"https:\/\/sen-shop.com\/hr\/"},{"@type":"ListItem","position":2,"name":"(Poklon uz kupnju) uzorak Prodol"}]},{"@type":"WebSite","@id":"https:\/\/sen-shop.com\/hr\/#website","url":"https:\/\/sen-shop.com\/hr\/","name":"SEN Shop","description":"Slovensko, Ekolo\u0161ko, Naravno","publisher":{"@id":"https:\/\/sen-shop.com\/hr\/#organization"},"potentialAction":[{"@type":"SearchAction","target":{"@type":"EntryPoint","urlTemplate":"https:\/\/sen-shop.com\/hr\/?s={search_term_string}"},"query-input":"required name=search_term_string"}],"inLanguage":"hr-HR"},{"@type":"Organization","@id":"https:\/\/sen-shop.com\/hr\/#organization","name":"Mind trade d.o.o","url":"https:\/\/sen-shop.com\/hr\/","logo":{"@type":"ImageObject","inLanguage":"hr-HR","@id":"https:\/\/sen-shop.com\/hr\/#\/schema\/logo\/image\/","url":"https:\/\/sen-shop.com\/wp-content\/uploads\/2018\/05\/header_logo.png","contentUrl":"https:\/\/sen-shop.com\/wp-content\/uploads\/2018\/05\/header_logo.png","width":138,"height":70,"caption":"Mind trade d.o.o"},"image":{"@id":"https:\/\/sen-shop.com\/hr\/#\/schema\/logo\/image\/"},"sameAs":["https:\/\/www.instagram.com\/senslovenija\/","https:\/\/www.facebook.com\/Senshopslovenija"]}]}},"_links":{"self":[{"href":"https:\/\/sen-shop.com\/hr\/wp-json\/wp\/v2\/product\/31375","targetHints":{"allow":["GET"]}}],"collection":[{"href":"https:\/\/sen-shop.com\/hr\/wp-json\/wp\/v2\/product"}],"about":[{"href":"https:\/\/sen-shop.com\/hr\/wp-json\/wp\/v2\/types\/product"}],"replies":[{"embeddable":true,"href":"https:\/\/sen-shop.com\/hr\/wp-json\/wp\/v2\/comments?post=31375"}],"wp:featuredmedia":[{"embeddable":true,"href":"https:\/\/sen-shop.com\/hr\/wp-json\/wp\/v2\/media\/31372"}],"wp:attachment":[{"href":"https:\/\/sen-shop.com\/hr\/wp-json\/wp\/v2\/media?parent=31375"}],"wp:term":[{"taxonomy":"product_cat","embeddable":true,"href":"https:\/\/sen-shop.com\/hr\/wp-json\/wp\/v2\/product_cat?post=31375"},{"taxonomy":"product_tag","embeddable":true,"href":"https:\/\/sen-shop.com\/hr\/wp-json\/wp\/v2\/product_tag?post=31375"}],"curies":[{"name":"wp","href":"https:\/\/api.w.org\/{rel}","templated":true}]}}