{"id":31288,"date":"2021-04-20T11:16:37","date_gmt":"2021-04-20T09:16:37","guid":{"rendered":"https:\/\/www.sen-shop.com\/collections\/uncategorized\/palmeto-africka-sljiva\/"},"modified":"2023-05-26T10:41:06","modified_gmt":"2023-05-26T08:41:06","slug":"africka-sljiva-palmeto-za-potporu-prostate","status":"publish","type":"product","link":"https:\/\/sen-shop.com\/hr\/collections\/prehrambeni-dodaci\/problemi-s-prostatom\/africka-sljiva-palmeto-za-potporu-prostate\/","title":{"rendered":"Afri\u010dka \u0161ljiva, palmeto za potporu prostate"},"content":{"rendered":"<p>[vc_row][vc_column][vc_single_image image=&#8221;54456&#8243; alignment=&#8221;center&#8221; css_animation=&#8221;bounceInLeft&#8221;][vc_column_text css=&#8221;.vc_custom_1646299582798{padding-top: 30px !important;padding-right: 30px !important;padding-bottom: 30px !important;padding-left: 30px !important;background-color: #c9db95 !important;}&#8221;]Ekstrakt <strong>sabal palme<\/strong> bogat je raznim masnim kiselinama, ali su od posebnog zna\u010daja njeni brojni fitosteroli i polisaharidi, koji <strong>povoljno utje\u010du na razinu mu\u0161kog spolnog hormona testosterona i hormonsku ravnote\u017eu<\/strong> u samom mu\u0161kom organizmu. <strong>Palmeto<\/strong> se uglavnom koristi za <strong>prevenciju<\/strong> i lije\u010denje mu\u0161kih tegoba kao \u0161to je <strong>pove\u0107anje prostate, <\/strong>ubla\u017eavanje raznih upala ili sprje\u010davanje <strong>razvoja urolo\u0161kih komplikacija.<\/strong><\/p>\n<p><a href=\"https:\/\/sen-shop.com\/wp-content\/uploads\/2021\/04\/afriska-sliva-drevo.jpg\"><img loading=\"lazy\" decoding=\"async\" class=\"wp-image-54434 alignright\" src=\"https:\/\/sen-shop.com\/wp-content\/uploads\/2021\/04\/afriska-sliva-drevo-300x209.jpg\" alt=\"\" width=\"600\" height=\"418\" srcset=\"https:\/\/sen-shop.com\/wp-content\/uploads\/2021\/04\/afriska-sliva-drevo-300x209.jpg 300w, https:\/\/sen-shop.com\/wp-content\/uploads\/2021\/04\/afriska-sliva-drevo-72x50.jpg 72w, https:\/\/sen-shop.com\/wp-content\/uploads\/2021\/04\/afriska-sliva-drevo-60x42.jpg 60w, https:\/\/sen-shop.com\/wp-content\/uploads\/2021\/04\/afriska-sliva-drevo-570x397.jpg 570w, https:\/\/sen-shop.com\/wp-content\/uploads\/2021\/04\/afriska-sliva-drevo.jpg 690w\" sizes=\"auto, (max-width: 600px) 100vw, 600px\" \/><\/a><\/p>\n<p>&nbsp;<\/p>\n<p>Drvo afri\u010dke \u0161ljive &#8211; <strong>kora afri\u010dke \u0161ljive<\/strong> koristi se za <strong>pobolj\u0161anje potencije<\/strong> i za <strong>lije\u010denje problema s mokra\u0107nim sustavom,<\/strong> koji su \u010desto uzrokovani benignom hiperplazijom prostate (pove\u0107anje veli\u010dine prostate). Problemi mogu biti razli\u010diti: prostata koja je nate\u010dena zbog pove\u0107anja pritiska na susjedni mjehur, prostatitis (akutna upala prostate) ili \u010dak rak prostate. Pozitivni u\u010dinci afri\u010dke \u0161ljive na izdr\u017eljivost mu\u0161karaca tako\u0111er su vrlo cijenjeni. Kora <strong>afri\u010dke \u0161ljive<\/strong> stoga je jedan od <strong>glavnih sastojaka prirodnih lijekova koji osiguravaju potenciju<\/strong> kod mu\u0161karaca. Tako\u0111er se koristi za <strong>ubla\u017eavanje simptoma pove\u0107ane prostate<\/strong> (benigna hiperplazija prostate, BPH).<\/p>\n<p>&nbsp;<\/p>\n<p><strong>Kopriva<\/strong> djeluje umiruju\u0107e na pove\u0107anu prostatu i <strong>poma\u017ee u pro\u010di\u0161\u0107avanju<\/strong> i mokrenju. Pozitivan u\u010dinak jo\u0161 je izra\u017eeniji u kombinaciji sa sabal palmom.<\/p>\n<p><strong>Sjemenke bundeve <\/strong>bogat su izvor kalcija, \u017eeljeza, magnezija, kalija, fosfora, cinka i esencijalnih masnih kiselina, koje djeluju blagotvorno na prostatu i imunolo\u0161ki sustav. Ekstrakt sjemenki bundeve <strong>pospje\u0161uje pra\u017enjenje mjehura, ja\u010da bubrege, \u0161titi prostatu i pru\u017ea dugotrajno olak\u0161anje<\/strong> od neugodnih simptoma.[\/vc_column_text][\/vc_column][\/vc_row][vc_row][vc_column][vc_column_text css=&#8221;.vc_custom_1634110397835{padding-top: 30px !important;padding-right: 30px !important;padding-bottom: 30px !important;padding-left: 30px !important;background-color: #ededed !important;}&#8221;]\ud83d\udc49 Za najbolje rezultate, kapsule sadr\u017ee to\u010dnu preporu\u010denu koli\u010dinu od pet aktivnih sastojaka.<\/p>\n<p>\ud83d\udc49 Primjetno pobolj\u0161anje bit \u0107e vidljivo ve\u0107 nakon 4 tjedna, no za bolji u\u010dinak preporu\u010duje se najmanje 6 mjeseci kori\u0161tenja.<\/p>\n<p>\ud83d\udc49 Samo jedna kapsula dnevno. Jedna bo\u010dica traje 1 mjesec.<\/p>\n<p>\ud83d\udc49 Preporu\u010deno i prikladno za redovito uzimanje tijekom duljeg razdoblja.[\/vc_column_text][\/vc_column][\/vc_row][vc_row][vc_column][vc_column_text css=&#8221;.vc_custom_1625565113347{background-color: #ffffff !important;}&#8221;]S boljom kontrolom mokra\u0107nog mjehura ste\u0107i \u0107ete<strong> vi\u0161e samopouzdanja<\/strong> i pomo\u0107i vam da imate <strong>bolje performanse u spava\u0107oj sobi.<br \/>\n<\/strong>Kapsule su sigurno i u\u010dinkovito prirodno rje\u0161enje za mu\u0161ke urolo\u0161ke probleme i probleme s prostatom. Zajedno s pravilnom prehranom, poma\u017eu u<strong> kontroli preaktivnog mokra\u0107nog mjehura<\/strong> i sprje\u010davaju infekcije mokra\u0107nog sustava uzrokovane problemima s prostatom.<\/p>\n<p><strong>Dobro spavajte,<\/strong> vjerujte svom tijelu, osje\u0107ajte se kao alfa mu\u017ejak i <strong>steknite povjerenje u spava\u0107oj sobi.<\/strong> Tako\u0111er su u\u010dinkovite u <strong>pobolj\u0161anju potencije.<\/strong>[\/vc_column_text][\/vc_column][\/vc_row]<\/p>\n","protected":false},"excerpt":{"rendered":"<p><strong>Premium proizvod za mu\u0161ke probleme. <\/strong>Stanite na kraj problemima s prostatom i <strong>povratite samopouzdanje <\/strong>u spava\u0107oj sobi.<\/p>\n<ul>\n<li>oja\u010dava mjehur i mokra\u0107ne putove<\/li>\n<li>ubla\u017euje probleme s pove\u0107anom prostatom<\/li>\n<li>sprje\u010dava pove\u0107anje prostate<\/li>\n<li>brine se da se mjehur temeljito isprazni<\/li>\n<li>smanjuje u\u010destalost no\u0107nog mokrenja<\/li>\n<li>ja\u010da bubrege<\/li>\n<\/ul>\n<p>Znate li da tre\u0107ina mu\u0161karaca nakon dobi od 65 godina ima problema s prostatom?<\/p>\n<p><strong>Pove\u0107ana prostata <\/strong>mo\u017ee <strong>dovesti do pada seksualne potencije.<\/strong><\/p>\n<p><strong>Ako vas zanima u\u010dinak afri\u010dke \u0161ljive nas mo\u017eete pozvati na broj\u00a0 +385 98 96 24 517 \u260e ili pi\u0161ite na info@sen.hr<\/strong><\/p>\n[banner_prehrana]\n","protected":false},"featured_media":27569,"comment_status":"open","ping_status":"closed","template":"","meta":{"inline_featured_image":false},"product_cat":[403,455],"product_tag":[],"class_list":["post-31288","product","type-product","status-publish","has-post-thumbnail","hentry","product_cat-prehrambeni-dodaci","product_cat-problemi-s-prostatom"],"acf":[],"yoast_head":"<!-- This site is optimized with the Yoast SEO plugin v19.13 - https:\/\/yoast.com\/wordpress\/plugins\/seo\/ -->\n<title>Afri\u010dka \u0161ljiva, palmeto za potporu prostate - SEN Shop<\/title>\n<meta name=\"robots\" content=\"index, follow, max-snippet:-1, max-image-preview:large, max-video-preview:-1\" \/>\n<link rel=\"canonical\" href=\"https:\/\/sen-shop.com\/hr\/collections\/prehrambeni-dodaci\/problemi-s-prostatom\/africka-sljiva-palmeto-za-potporu-prostate\/\" \/>\n<meta property=\"og:locale\" content=\"hr_HR\" \/>\n<meta property=\"og:type\" content=\"article\" \/>\n<meta property=\"og:title\" content=\"Afri\u010dka \u0161ljiva, palmeto za potporu prostate - SEN Shop\" \/>\n<meta property=\"og:description\" content=\"Premium proizvod za mu\u0161ke probleme. Stanite na kraj problemima s prostatom i povratite samopouzdanje u spava\u0107oj sobi.   oja\u010dava mjehur i mokra\u0107ne putove  ubla\u017euje probleme s pove\u0107anom prostatom  sprje\u010dava pove\u0107anje prostate  brine se da se mjehur temeljito isprazni  smanjuje u\u010destalost no\u0107nog mokrenja  ja\u010da bubrege  Znate li da tre\u0107ina mu\u0161karaca nakon dobi od 65 godina ima problema s prostatom?  Pove\u0107ana prostata mo\u017ee dovesti do pada seksualne potencije.  Ako vas zanima u\u010dinak afri\u010dke \u0161ljive nas mo\u017eete pozvati na broj\u00a0 +385 98 96 24 517 \u260e ili pi\u0161ite na info@sen.hr\" \/>\n<meta property=\"og:url\" content=\"https:\/\/sen-shop.com\/hr\/collections\/prehrambeni-dodaci\/problemi-s-prostatom\/africka-sljiva-palmeto-za-potporu-prostate\/\" \/>\n<meta property=\"og:site_name\" content=\"SEN Shop\" \/>\n<meta property=\"article:publisher\" content=\"https:\/\/www.facebook.com\/Senshopslovenija\" \/>\n<meta property=\"article:modified_time\" content=\"2023-05-26T08:41:06+00:00\" \/>\n<meta property=\"og:image\" content=\"https:\/\/sen-shop.com\/wp-content\/uploads\/2021\/04\/palmeto-afriska-sliva.jpg\" \/>\n\t<meta property=\"og:image:width\" content=\"1000\" \/>\n\t<meta property=\"og:image:height\" content=\"1000\" \/>\n\t<meta property=\"og:image:type\" content=\"image\/jpeg\" \/>\n<meta name=\"twitter:card\" content=\"summary_large_image\" \/>\n<meta name=\"twitter:label1\" content=\"Est. reading time\" \/>\n\t<meta name=\"twitter:data1\" content=\"3 minutes\" \/>\n<script type=\"application\/ld+json\" class=\"yoast-schema-graph\">{\"@context\":\"https:\/\/schema.org\",\"@graph\":[{\"@type\":\"WebPage\",\"@id\":\"https:\/\/sen-shop.com\/hr\/collections\/prehrambeni-dodaci\/problemi-s-prostatom\/africka-sljiva-palmeto-za-potporu-prostate\/\",\"url\":\"https:\/\/sen-shop.com\/hr\/collections\/prehrambeni-dodaci\/problemi-s-prostatom\/africka-sljiva-palmeto-za-potporu-prostate\/\",\"name\":\"Afri\u010dka \u0161ljiva, palmeto za potporu prostate - SEN Shop\",\"isPartOf\":{\"@id\":\"https:\/\/sen-shop.com\/hr\/#website\"},\"datePublished\":\"2021-04-20T09:16:37+00:00\",\"dateModified\":\"2023-05-26T08:41:06+00:00\",\"breadcrumb\":{\"@id\":\"https:\/\/sen-shop.com\/hr\/collections\/prehrambeni-dodaci\/problemi-s-prostatom\/africka-sljiva-palmeto-za-potporu-prostate\/#breadcrumb\"},\"inLanguage\":\"hr-HR\",\"potentialAction\":[{\"@type\":\"ReadAction\",\"target\":[\"https:\/\/sen-shop.com\/hr\/collections\/prehrambeni-dodaci\/problemi-s-prostatom\/africka-sljiva-palmeto-za-potporu-prostate\/\"]}]},{\"@type\":\"BreadcrumbList\",\"@id\":\"https:\/\/sen-shop.com\/hr\/collections\/prehrambeni-dodaci\/problemi-s-prostatom\/africka-sljiva-palmeto-za-potporu-prostate\/#breadcrumb\",\"itemListElement\":[{\"@type\":\"ListItem\",\"position\":1,\"name\":\"Home\",\"item\":\"https:\/\/sen-shop.com\/hr\/\"},{\"@type\":\"ListItem\",\"position\":2,\"name\":\"Afri\u010dka \u0161ljiva, palmeto za potporu prostate\"}]},{\"@type\":\"WebSite\",\"@id\":\"https:\/\/sen-shop.com\/hr\/#website\",\"url\":\"https:\/\/sen-shop.com\/hr\/\",\"name\":\"SEN Shop\",\"description\":\"Slovensko, Ekolo\u0161ko, Naravno\",\"publisher\":{\"@id\":\"https:\/\/sen-shop.com\/hr\/#organization\"},\"potentialAction\":[{\"@type\":\"SearchAction\",\"target\":{\"@type\":\"EntryPoint\",\"urlTemplate\":\"https:\/\/sen-shop.com\/hr\/?s={search_term_string}\"},\"query-input\":\"required name=search_term_string\"}],\"inLanguage\":\"hr-HR\"},{\"@type\":\"Organization\",\"@id\":\"https:\/\/sen-shop.com\/hr\/#organization\",\"name\":\"Mind trade d.o.o\",\"url\":\"https:\/\/sen-shop.com\/hr\/\",\"logo\":{\"@type\":\"ImageObject\",\"inLanguage\":\"hr-HR\",\"@id\":\"https:\/\/sen-shop.com\/hr\/#\/schema\/logo\/image\/\",\"url\":\"https:\/\/sen-shop.com\/wp-content\/uploads\/2018\/05\/header_logo.png\",\"contentUrl\":\"https:\/\/sen-shop.com\/wp-content\/uploads\/2018\/05\/header_logo.png\",\"width\":138,\"height\":70,\"caption\":\"Mind trade d.o.o\"},\"image\":{\"@id\":\"https:\/\/sen-shop.com\/hr\/#\/schema\/logo\/image\/\"},\"sameAs\":[\"https:\/\/www.instagram.com\/senslovenija\/\",\"https:\/\/www.facebook.com\/Senshopslovenija\"]}]}<\/script>\n<!-- \/ Yoast SEO plugin. -->","yoast_head_json":{"title":"Afri\u010dka \u0161ljiva, palmeto za potporu prostate - SEN Shop","robots":{"index":"index","follow":"follow","max-snippet":"max-snippet:-1","max-image-preview":"max-image-preview:large","max-video-preview":"max-video-preview:-1"},"canonical":"https:\/\/sen-shop.com\/hr\/collections\/prehrambeni-dodaci\/problemi-s-prostatom\/africka-sljiva-palmeto-za-potporu-prostate\/","og_locale":"hr_HR","og_type":"article","og_title":"Afri\u010dka \u0161ljiva, palmeto za potporu prostate - SEN Shop","og_description":"Premium proizvod za mu\u0161ke probleme. Stanite na kraj problemima s prostatom i povratite samopouzdanje u spava\u0107oj sobi.   oja\u010dava mjehur i mokra\u0107ne putove  ubla\u017euje probleme s pove\u0107anom prostatom  sprje\u010dava pove\u0107anje prostate  brine se da se mjehur temeljito isprazni  smanjuje u\u010destalost no\u0107nog mokrenja  ja\u010da bubrege  Znate li da tre\u0107ina mu\u0161karaca nakon dobi od 65 godina ima problema s prostatom?  Pove\u0107ana prostata mo\u017ee dovesti do pada seksualne potencije.  Ako vas zanima u\u010dinak afri\u010dke \u0161ljive nas mo\u017eete pozvati na broj\u00a0 +385 98 96 24 517 \u260e ili pi\u0161ite na info@sen.hr","og_url":"https:\/\/sen-shop.com\/hr\/collections\/prehrambeni-dodaci\/problemi-s-prostatom\/africka-sljiva-palmeto-za-potporu-prostate\/","og_site_name":"SEN Shop","article_publisher":"https:\/\/www.facebook.com\/Senshopslovenija","article_modified_time":"2023-05-26T08:41:06+00:00","og_image":[{"width":1000,"height":1000,"url":"https:\/\/sen-shop.com\/wp-content\/uploads\/2021\/04\/palmeto-afriska-sliva.jpg","type":"image\/jpeg"}],"twitter_card":"summary_large_image","twitter_misc":{"Est. reading time":"3 minutes"},"schema":{"@context":"https:\/\/schema.org","@graph":[{"@type":"WebPage","@id":"https:\/\/sen-shop.com\/hr\/collections\/prehrambeni-dodaci\/problemi-s-prostatom\/africka-sljiva-palmeto-za-potporu-prostate\/","url":"https:\/\/sen-shop.com\/hr\/collections\/prehrambeni-dodaci\/problemi-s-prostatom\/africka-sljiva-palmeto-za-potporu-prostate\/","name":"Afri\u010dka \u0161ljiva, palmeto za potporu prostate - SEN Shop","isPartOf":{"@id":"https:\/\/sen-shop.com\/hr\/#website"},"datePublished":"2021-04-20T09:16:37+00:00","dateModified":"2023-05-26T08:41:06+00:00","breadcrumb":{"@id":"https:\/\/sen-shop.com\/hr\/collections\/prehrambeni-dodaci\/problemi-s-prostatom\/africka-sljiva-palmeto-za-potporu-prostate\/#breadcrumb"},"inLanguage":"hr-HR","potentialAction":[{"@type":"ReadAction","target":["https:\/\/sen-shop.com\/hr\/collections\/prehrambeni-dodaci\/problemi-s-prostatom\/africka-sljiva-palmeto-za-potporu-prostate\/"]}]},{"@type":"BreadcrumbList","@id":"https:\/\/sen-shop.com\/hr\/collections\/prehrambeni-dodaci\/problemi-s-prostatom\/africka-sljiva-palmeto-za-potporu-prostate\/#breadcrumb","itemListElement":[{"@type":"ListItem","position":1,"name":"Home","item":"https:\/\/sen-shop.com\/hr\/"},{"@type":"ListItem","position":2,"name":"Afri\u010dka \u0161ljiva, palmeto za potporu prostate"}]},{"@type":"WebSite","@id":"https:\/\/sen-shop.com\/hr\/#website","url":"https:\/\/sen-shop.com\/hr\/","name":"SEN Shop","description":"Slovensko, Ekolo\u0161ko, Naravno","publisher":{"@id":"https:\/\/sen-shop.com\/hr\/#organization"},"potentialAction":[{"@type":"SearchAction","target":{"@type":"EntryPoint","urlTemplate":"https:\/\/sen-shop.com\/hr\/?s={search_term_string}"},"query-input":"required name=search_term_string"}],"inLanguage":"hr-HR"},{"@type":"Organization","@id":"https:\/\/sen-shop.com\/hr\/#organization","name":"Mind trade d.o.o","url":"https:\/\/sen-shop.com\/hr\/","logo":{"@type":"ImageObject","inLanguage":"hr-HR","@id":"https:\/\/sen-shop.com\/hr\/#\/schema\/logo\/image\/","url":"https:\/\/sen-shop.com\/wp-content\/uploads\/2018\/05\/header_logo.png","contentUrl":"https:\/\/sen-shop.com\/wp-content\/uploads\/2018\/05\/header_logo.png","width":138,"height":70,"caption":"Mind trade d.o.o"},"image":{"@id":"https:\/\/sen-shop.com\/hr\/#\/schema\/logo\/image\/"},"sameAs":["https:\/\/www.instagram.com\/senslovenija\/","https:\/\/www.facebook.com\/Senshopslovenija"]}]}},"_links":{"self":[{"href":"https:\/\/sen-shop.com\/hr\/wp-json\/wp\/v2\/product\/31288","targetHints":{"allow":["GET"]}}],"collection":[{"href":"https:\/\/sen-shop.com\/hr\/wp-json\/wp\/v2\/product"}],"about":[{"href":"https:\/\/sen-shop.com\/hr\/wp-json\/wp\/v2\/types\/product"}],"replies":[{"embeddable":true,"href":"https:\/\/sen-shop.com\/hr\/wp-json\/wp\/v2\/comments?post=31288"}],"wp:featuredmedia":[{"embeddable":true,"href":"https:\/\/sen-shop.com\/hr\/wp-json\/wp\/v2\/media\/27569"}],"wp:attachment":[{"href":"https:\/\/sen-shop.com\/hr\/wp-json\/wp\/v2\/media?parent=31288"}],"wp:term":[{"taxonomy":"product_cat","embeddable":true,"href":"https:\/\/sen-shop.com\/hr\/wp-json\/wp\/v2\/product_cat?post=31288"},{"taxonomy":"product_tag","embeddable":true,"href":"https:\/\/sen-shop.com\/hr\/wp-json\/wp\/v2\/product_tag?post=31288"}],"curies":[{"name":"wp","href":"https:\/\/api.w.org\/{rel}","templated":true}]}}