{"id":30382,"date":"2021-05-03T15:15:30","date_gmt":"2021-05-03T13:15:30","guid":{"rendered":"https:\/\/www.sen-shop.com\/collections\/uncategorized\/prebiotik-inulin-cesnjak\/"},"modified":"2022-02-03T10:17:43","modified_gmt":"2022-02-03T09:17:43","slug":"prebiotik-inulin-cesnjak","status":"publish","type":"product","link":"https:\/\/sen-shop.com\/hr\/collections\/prehrambeni-dodaci\/problemi-s-probavom\/prebiotik-inulin-cesnjak\/","title":{"rendered":"Prebiotik inulin, \u010de\u0161njak"},"content":{"rendered":"<p>[vc_row][vc_column][vc_column_text css=&#8221;.vc_custom_1643879308274{padding-top: 30px !important;padding-right: 30px !important;padding-bottom: 30px !important;padding-left: 30px !important;background-color: #c9db95 !important;}&#8221;]<\/p>\n<h4>Crvi\/gliste kod djece<\/h4>\n<p><strong>Tamni krugovi oko o\u010diju, kopanje nosa, nervoza, nemirno bacanje i okretanje tijekom spavanja, nestrpljivost, svrbe\u017e stra\u017enjice, umor, malaksalost \u2013 sve su to znakovi glista<\/strong>, koje se mogu pojaviti i kod djece i kod odraslih.<a href=\"https:\/\/sen-shop.com\/wp-content\/uploads\/2021\/05\/GLISTE-PRI-OTROCIH-11.png\"><img loading=\"lazy\" decoding=\"async\" class=\"size-medium wp-image-31119 alignright\" src=\"https:\/\/sen-shop.com\/wp-content\/uploads\/2021\/05\/GLISTE-PRI-OTROCIH-11-300x300.png\" alt=\"\" width=\"300\" height=\"300\" srcset=\"https:\/\/sen-shop.com\/wp-content\/uploads\/2021\/05\/GLISTE-PRI-OTROCIH-11-300x300.png 300w, https:\/\/sen-shop.com\/wp-content\/uploads\/2021\/05\/GLISTE-PRI-OTROCIH-11-427x427.png 427w, https:\/\/sen-shop.com\/wp-content\/uploads\/2021\/05\/GLISTE-PRI-OTROCIH-11-100x100.png 100w, https:\/\/sen-shop.com\/wp-content\/uploads\/2021\/05\/GLISTE-PRI-OTROCIH-11-570x570.png 570w, https:\/\/sen-shop.com\/wp-content\/uploads\/2021\/05\/GLISTE-PRI-OTROCIH-11-1024x1024.png 1024w, https:\/\/sen-shop.com\/wp-content\/uploads\/2021\/05\/GLISTE-PRI-OTROCIH-11-768x768.png 768w, https:\/\/sen-shop.com\/wp-content\/uploads\/2021\/05\/GLISTE-PRI-OTROCIH-11-575x575.png 575w, https:\/\/sen-shop.com\/wp-content\/uploads\/2021\/05\/GLISTE-PRI-OTROCIH-11-50x50.png 50w, https:\/\/sen-shop.com\/wp-content\/uploads\/2021\/05\/GLISTE-PRI-OTROCIH-11-60x60.png 60w, https:\/\/sen-shop.com\/wp-content\/uploads\/2021\/05\/GLISTE-PRI-OTROCIH-11.png 1080w\" sizes=\"auto, (max-width: 300px) 100vw, 300px\" \/><\/a><\/p>\n<p>Ljudi se zaraze unosom jaja iz tla, izravno i neizravno, primjerice ako jedu neoprano povr\u0107e ili piju kontaminiranu vodu.<\/p>\n<p>Iz progutanih jaja\u0161aca se u dvanaesniku izlije\u017eu li\u010dinke, koje se dvaput u\u010dahuruju na svom putu kroz gastrointestinalni trakt, a zatim odrastu u odrasle crve. Odrasli crvi \u017eive u donjem dijelu tankog i debelog crijeva.<\/p>\n<p>Jaja se rukama prenose na razne predmete koji se potom mogu koristiti za zarazu drugih.<\/p>\n<p>Izvan doma\u0107ina jaja ostaju infektivna do tri tjedna.<\/p>\n<p><strong>Dijete treba uzeti 1 kapsulu jednom dnevno. Kapsula se mo\u017ee lako otvoriti, a sadr\u017eaj umije\u0161ati u hranu ili pi\u0107e djeteta.<\/strong>[\/vc_column_text][\/vc_column][\/vc_row][vc_row][vc_column][vc_column_text css=&#8221;.vc_custom_1626856673857{padding-top: 30px !important;padding-right: 30px !important;padding-bottom: 30px !important;padding-left: 30px !important;background-color: #ededed !important;}&#8221;]<br \/>\n\ud83d\udc49 Za najbolje rezultate, preporu\u010deno za odrasle koristiti 4 mjeseca.<\/p>\n<p>\ud83d\udc49 Za najbolje rezultate, preporu\u010deno za djecu koristiti 2 mjeseca.<\/p>\n<p>\ud83d\udc49 Jedna bo\u010dica traje 1 mjesec.<\/p>\n<p>\ud83d\udc49 Kapsule sadr\u017ee prebiotik inulin koji \u0161titi i podr\u017eava zdravlje crijeva.[\/vc_column_text][\/vc_column][\/vc_row][vc_row][vc_column][vc_column_text css=&#8221;.vc_custom_1643879841826{padding-top: 0px !important;padding-right: 0px !important;padding-bottom: 0px !important;padding-left: 0px !important;background-color: #ffffff !important;}&#8221;]<strong>Inulin<\/strong> je polisaharid koji se nalazi kao rezervna hrana u raznim biljkama. Nekoliko klini\u010dkih studija pokazalo je da je vrlo <strong>mo\u0107an prebiotik<\/strong> jer poti\u010de rast zdravih probiotskih bakterija u crijevima. Inulin prolazi kroz \u017eeludac i tanko crijevo nepromijenjen i tako je u potpunosti dostupan bakterijskoj flori u debelom crijevu. Tamo <strong>selektivno poti\u010de rast bakterija rodova Bifidobacterium i Lactobacillus.<\/strong> Ove bakterije proizvode kratkolan\u010dane masne kiseline iz inulina, koje sni\u017eavaju pH sadr\u017eaj debelog crijeva. Masne kiseline va\u017ene su za osiguravanje optimalnog rada stanica koje obla\u017eu debelo crijevo te za dobru apsorpciju iona kalcija, magnezija i \u017eeljeza.<a href=\"https:\/\/sen-shop.com\/wp-content\/uploads\/2021\/05\/GLISTE-PRI-OTROCIH.jpg\"><img loading=\"lazy\" decoding=\"async\" class=\" wp-image-51851 alignleft\" src=\"https:\/\/sen-shop.com\/wp-content\/uploads\/2021\/05\/GLISTE-PRI-OTROCIH-300x300.jpg\" alt=\"\" width=\"361\" height=\"361\" srcset=\"https:\/\/sen-shop.com\/wp-content\/uploads\/2021\/05\/GLISTE-PRI-OTROCIH-300x300.jpg 300w, https:\/\/sen-shop.com\/wp-content\/uploads\/2021\/05\/GLISTE-PRI-OTROCIH-427x427.jpg 427w, https:\/\/sen-shop.com\/wp-content\/uploads\/2021\/05\/GLISTE-PRI-OTROCIH-100x100.jpg 100w, https:\/\/sen-shop.com\/wp-content\/uploads\/2021\/05\/GLISTE-PRI-OTROCIH-570x570.jpg 570w, https:\/\/sen-shop.com\/wp-content\/uploads\/2021\/05\/GLISTE-PRI-OTROCIH-1024x1024.jpg 1024w, https:\/\/sen-shop.com\/wp-content\/uploads\/2021\/05\/GLISTE-PRI-OTROCIH-768x768.jpg 768w, https:\/\/sen-shop.com\/wp-content\/uploads\/2021\/05\/GLISTE-PRI-OTROCIH-575x575.jpg 575w, https:\/\/sen-shop.com\/wp-content\/uploads\/2021\/05\/GLISTE-PRI-OTROCIH-50x50.jpg 50w, https:\/\/sen-shop.com\/wp-content\/uploads\/2021\/05\/GLISTE-PRI-OTROCIH-60x60.jpg 60w, https:\/\/sen-shop.com\/wp-content\/uploads\/2021\/05\/GLISTE-PRI-OTROCIH.jpg 1080w\" sizes=\"auto, (max-width: 361px) 100vw, 361px\" \/><\/a><\/p>\n<p><strong>\u010ce\u0161njak<\/strong> se od davnina smatra jednim od naju\u010dinkovitijih prirodnih lijekova protiv crijevnih parazita. Njegovo <strong>antibioti\u010dko djelovanje u\u010dinkovito je protiv bakterijskih, virusnih i gljivi\u010dnih infekcija.<\/strong> \u010ce\u0161njak sprje\u010dava truljenje u crijevima stimuliraju\u0107i proliferaciju bakterija mlije\u010dne kiseline, \u0161to zauzvrat <strong>poma\u017ee u ravnote\u017ei crijevne flore.<\/strong> <strong>\u010ce\u0161njak<\/strong> tako\u0111er djeluje kao za\u0161titnik od odre\u0111enih vrsta raka, te <strong>pro\u010di\u0161\u0107ava krv,<\/strong> zahvaljuju\u0107i svojim antioksidativnim svojstvima.<\/p>\n<p><strong>Papain<\/strong> je probavni enzim dobiven iz ploda papaje. Papain poma\u017ee tijelu da razgradi aminokiseline koje se unose hranom bogatom proteinima. <strong>Sprje\u010dava nakupljanje otrovnih tvari<\/strong> i razvoj problema koji nastaju zbog nepotpune razgradnje proteina. Papain se koristi za <strong>pobolj\u0161anje probave, lije\u010denje infekcija i proljeva.<\/strong> Kod osoba s kroni\u010dnom upalnom bole\u0161\u0107u crijeva <strong>pobolj\u0161ava zatvor i nadutost.<\/strong> Farmaceutski lijekovi koji sadr\u017ee papain imaju svojstva protiv raka, protiv limfoidne leukemije, protiv parazita, protiv tuberkuloze.<\/p>\n<p><strong>Mu\u0161katne sjemenke bundeve<\/strong> bogate su uljem i proteinima i <strong>klini\u010dki dokazano poma\u017eu u eliminaciji crijevnih parazita. <\/strong>Koriste se tako\u0111er i za<strong> lije\u010denje problema s prostatom. <\/strong>Sjemenke bundeve nisu nadra\u017euju\u0107e ni otrovne za sluznicu.[\/vc_column_text][\/vc_column][\/vc_row]<\/p>\n","protected":false},"excerpt":{"rendered":"<p>Prebiotici osiguravaju hranjive tvari za zdravu crijevnu floru i neophodna su potpora probioticima. \u010ce\u0161njak, papain i mu\u0161katna bundeva mogu vam pomo\u0107i da se rije\u0161ite crijevnih problema i oprostite se od problemati\u010dnih crijevnih parazita.<\/p>\n<p><strong><img decoding=\"async\" class=\"emoji\" role=\"img\" draggable=\"false\" src=\"https:\/\/s.w.org\/images\/core\/emoji\/13.0.1\/svg\/1f449.svg\" alt=\"\ud83d\udc49\" \/>\u00a0 za zdravu crijevnu floru<\/strong><\/p>\n<p><strong><img decoding=\"async\" class=\"emoji\" role=\"img\" draggable=\"false\" src=\"https:\/\/s.w.org\/images\/core\/emoji\/13.0.1\/svg\/1f449.svg\" alt=\"\ud83d\udc49\" \/>\u00a0 za za\u0161titu i prevenciju od crijevnih parazita<\/strong><\/p>\n<p><strong><img decoding=\"async\" class=\"emoji\" role=\"img\" draggable=\"false\" src=\"https:\/\/s.w.org\/images\/core\/emoji\/13.0.1\/svg\/1f449.svg\" alt=\"\ud83d\udc49\" \/>\u00a0 za smirivanje nadra\u017eenih crijeva<\/strong><\/p>\n<p><strong><img decoding=\"async\" class=\"emoji\" role=\"img\" draggable=\"false\" src=\"https:\/\/s.w.org\/images\/core\/emoji\/13.0.1\/svg\/1f449.svg\" alt=\"\ud83d\udc49\" \/>\u00a0 u\u010dinkovita podr\u0161ka dijetama i mr\u0161avljenju<\/strong><\/p>\n<p><strong><img decoding=\"async\" class=\"emoji\" role=\"img\" draggable=\"false\" src=\"https:\/\/s.w.org\/images\/core\/emoji\/13.0.1\/svg\/1f449.svg\" alt=\"\ud83d\udc49\" \/>\u00a0 sprje\u010dava crijevne plinove, gr\u010deve i proljev<\/strong><\/p>\n<p>Prikladno za djecu &#8211; <strong>Dje\u010dje gliste.<\/strong><\/p>\n<p>60 kapsula.<\/p>\n[banner_prehrana]\n","protected":false},"featured_media":28051,"comment_status":"open","ping_status":"closed","template":"","meta":{"inline_featured_image":false},"product_cat":[402,403,400],"product_tag":[800],"class_list":["post-30382","product","type-product","status-publish","has-post-thumbnail","hentry","product_cat-mrsavljenje","product_cat-prehrambeni-dodaci","product_cat-problemi-s-probavom","product_tag-bolecine-v-zelodcu-hr"],"acf":[],"yoast_head":"<!-- This site is optimized with the Yoast SEO plugin v19.13 - https:\/\/yoast.com\/wordpress\/plugins\/seo\/ -->\n<title>Prebiotik inulin, \u010de\u0161njak - SEN Shop<\/title>\n<meta name=\"robots\" content=\"index, follow, max-snippet:-1, max-image-preview:large, max-video-preview:-1\" \/>\n<link rel=\"canonical\" href=\"https:\/\/sen-shop.com\/hr\/collections\/prehrambeni-dodaci\/problemi-s-probavom\/prebiotik-inulin-cesnjak\/\" \/>\n<meta property=\"og:locale\" content=\"hr_HR\" \/>\n<meta property=\"og:type\" content=\"article\" \/>\n<meta property=\"og:title\" content=\"Prebiotik inulin, \u010de\u0161njak - SEN Shop\" \/>\n<meta property=\"og:description\" content=\"Prebiotici osiguravaju hranjive tvari za zdravu crijevnu floru i neophodna su potpora probioticima. \u010ce\u0161njak, papain i mu\u0161katna bundeva mogu vam pomo\u0107i da se rije\u0161ite crijevnih problema i oprostite se od problemati\u010dnih crijevnih parazita.  \u00a0 za zdravu crijevnu floru  \u00a0 za za\u0161titu i prevenciju od crijevnih parazita  \u00a0 za smirivanje nadra\u017eenih crijeva  \u00a0 u\u010dinkovita podr\u0161ka dijetama i mr\u0161avljenju  \u00a0 sprje\u010dava crijevne plinove, gr\u010deve i proljev  Prikladno za djecu - Dje\u010dje gliste.  60 kapsula.\" \/>\n<meta property=\"og:url\" content=\"https:\/\/sen-shop.com\/hr\/collections\/prehrambeni-dodaci\/problemi-s-probavom\/prebiotik-inulin-cesnjak\/\" \/>\n<meta property=\"og:site_name\" content=\"SEN Shop\" \/>\n<meta property=\"article:publisher\" content=\"https:\/\/www.facebook.com\/Senshopslovenija\" \/>\n<meta property=\"article:modified_time\" content=\"2022-02-03T09:17:43+00:00\" \/>\n<meta property=\"og:image\" content=\"https:\/\/sen-shop.com\/wp-content\/uploads\/2021\/05\/Inulin-cesen.jpg\" \/>\n\t<meta property=\"og:image:width\" content=\"1400\" \/>\n\t<meta property=\"og:image:height\" content=\"1400\" \/>\n\t<meta property=\"og:image:type\" content=\"image\/jpeg\" \/>\n<meta name=\"twitter:card\" content=\"summary_large_image\" \/>\n<meta name=\"twitter:label1\" content=\"Est. reading time\" \/>\n\t<meta name=\"twitter:data1\" content=\"3 minutes\" \/>\n<script type=\"application\/ld+json\" class=\"yoast-schema-graph\">{\"@context\":\"https:\/\/schema.org\",\"@graph\":[{\"@type\":\"WebPage\",\"@id\":\"https:\/\/sen-shop.com\/hr\/collections\/prehrambeni-dodaci\/problemi-s-probavom\/prebiotik-inulin-cesnjak\/\",\"url\":\"https:\/\/sen-shop.com\/hr\/collections\/prehrambeni-dodaci\/problemi-s-probavom\/prebiotik-inulin-cesnjak\/\",\"name\":\"Prebiotik inulin, \u010de\u0161njak - SEN Shop\",\"isPartOf\":{\"@id\":\"https:\/\/sen-shop.com\/hr\/#website\"},\"datePublished\":\"2021-05-03T13:15:30+00:00\",\"dateModified\":\"2022-02-03T09:17:43+00:00\",\"breadcrumb\":{\"@id\":\"https:\/\/sen-shop.com\/hr\/collections\/prehrambeni-dodaci\/problemi-s-probavom\/prebiotik-inulin-cesnjak\/#breadcrumb\"},\"inLanguage\":\"hr-HR\",\"potentialAction\":[{\"@type\":\"ReadAction\",\"target\":[\"https:\/\/sen-shop.com\/hr\/collections\/prehrambeni-dodaci\/problemi-s-probavom\/prebiotik-inulin-cesnjak\/\"]}]},{\"@type\":\"BreadcrumbList\",\"@id\":\"https:\/\/sen-shop.com\/hr\/collections\/prehrambeni-dodaci\/problemi-s-probavom\/prebiotik-inulin-cesnjak\/#breadcrumb\",\"itemListElement\":[{\"@type\":\"ListItem\",\"position\":1,\"name\":\"Home\",\"item\":\"https:\/\/sen-shop.com\/hr\/\"},{\"@type\":\"ListItem\",\"position\":2,\"name\":\"Prebiotik inulin, \u010de\u0161njak\"}]},{\"@type\":\"WebSite\",\"@id\":\"https:\/\/sen-shop.com\/hr\/#website\",\"url\":\"https:\/\/sen-shop.com\/hr\/\",\"name\":\"SEN Shop\",\"description\":\"Slovensko, Ekolo\u0161ko, Naravno\",\"publisher\":{\"@id\":\"https:\/\/sen-shop.com\/hr\/#organization\"},\"potentialAction\":[{\"@type\":\"SearchAction\",\"target\":{\"@type\":\"EntryPoint\",\"urlTemplate\":\"https:\/\/sen-shop.com\/hr\/?s={search_term_string}\"},\"query-input\":\"required name=search_term_string\"}],\"inLanguage\":\"hr-HR\"},{\"@type\":\"Organization\",\"@id\":\"https:\/\/sen-shop.com\/hr\/#organization\",\"name\":\"Mind trade d.o.o\",\"url\":\"https:\/\/sen-shop.com\/hr\/\",\"logo\":{\"@type\":\"ImageObject\",\"inLanguage\":\"hr-HR\",\"@id\":\"https:\/\/sen-shop.com\/hr\/#\/schema\/logo\/image\/\",\"url\":\"https:\/\/sen-shop.com\/wp-content\/uploads\/2018\/05\/header_logo.png\",\"contentUrl\":\"https:\/\/sen-shop.com\/wp-content\/uploads\/2018\/05\/header_logo.png\",\"width\":138,\"height\":70,\"caption\":\"Mind trade d.o.o\"},\"image\":{\"@id\":\"https:\/\/sen-shop.com\/hr\/#\/schema\/logo\/image\/\"},\"sameAs\":[\"https:\/\/www.instagram.com\/senslovenija\/\",\"https:\/\/www.facebook.com\/Senshopslovenija\"]}]}<\/script>\n<!-- \/ Yoast SEO plugin. -->","yoast_head_json":{"title":"Prebiotik inulin, \u010de\u0161njak - SEN Shop","robots":{"index":"index","follow":"follow","max-snippet":"max-snippet:-1","max-image-preview":"max-image-preview:large","max-video-preview":"max-video-preview:-1"},"canonical":"https:\/\/sen-shop.com\/hr\/collections\/prehrambeni-dodaci\/problemi-s-probavom\/prebiotik-inulin-cesnjak\/","og_locale":"hr_HR","og_type":"article","og_title":"Prebiotik inulin, \u010de\u0161njak - SEN Shop","og_description":"Prebiotici osiguravaju hranjive tvari za zdravu crijevnu floru i neophodna su potpora probioticima. \u010ce\u0161njak, papain i mu\u0161katna bundeva mogu vam pomo\u0107i da se rije\u0161ite crijevnih problema i oprostite se od problemati\u010dnih crijevnih parazita.  \u00a0 za zdravu crijevnu floru  \u00a0 za za\u0161titu i prevenciju od crijevnih parazita  \u00a0 za smirivanje nadra\u017eenih crijeva  \u00a0 u\u010dinkovita podr\u0161ka dijetama i mr\u0161avljenju  \u00a0 sprje\u010dava crijevne plinove, gr\u010deve i proljev  Prikladno za djecu - Dje\u010dje gliste.  60 kapsula.","og_url":"https:\/\/sen-shop.com\/hr\/collections\/prehrambeni-dodaci\/problemi-s-probavom\/prebiotik-inulin-cesnjak\/","og_site_name":"SEN Shop","article_publisher":"https:\/\/www.facebook.com\/Senshopslovenija","article_modified_time":"2022-02-03T09:17:43+00:00","og_image":[{"width":1400,"height":1400,"url":"https:\/\/sen-shop.com\/wp-content\/uploads\/2021\/05\/Inulin-cesen.jpg","type":"image\/jpeg"}],"twitter_card":"summary_large_image","twitter_misc":{"Est. reading time":"3 minutes"},"schema":{"@context":"https:\/\/schema.org","@graph":[{"@type":"WebPage","@id":"https:\/\/sen-shop.com\/hr\/collections\/prehrambeni-dodaci\/problemi-s-probavom\/prebiotik-inulin-cesnjak\/","url":"https:\/\/sen-shop.com\/hr\/collections\/prehrambeni-dodaci\/problemi-s-probavom\/prebiotik-inulin-cesnjak\/","name":"Prebiotik inulin, \u010de\u0161njak - SEN Shop","isPartOf":{"@id":"https:\/\/sen-shop.com\/hr\/#website"},"datePublished":"2021-05-03T13:15:30+00:00","dateModified":"2022-02-03T09:17:43+00:00","breadcrumb":{"@id":"https:\/\/sen-shop.com\/hr\/collections\/prehrambeni-dodaci\/problemi-s-probavom\/prebiotik-inulin-cesnjak\/#breadcrumb"},"inLanguage":"hr-HR","potentialAction":[{"@type":"ReadAction","target":["https:\/\/sen-shop.com\/hr\/collections\/prehrambeni-dodaci\/problemi-s-probavom\/prebiotik-inulin-cesnjak\/"]}]},{"@type":"BreadcrumbList","@id":"https:\/\/sen-shop.com\/hr\/collections\/prehrambeni-dodaci\/problemi-s-probavom\/prebiotik-inulin-cesnjak\/#breadcrumb","itemListElement":[{"@type":"ListItem","position":1,"name":"Home","item":"https:\/\/sen-shop.com\/hr\/"},{"@type":"ListItem","position":2,"name":"Prebiotik inulin, \u010de\u0161njak"}]},{"@type":"WebSite","@id":"https:\/\/sen-shop.com\/hr\/#website","url":"https:\/\/sen-shop.com\/hr\/","name":"SEN Shop","description":"Slovensko, Ekolo\u0161ko, Naravno","publisher":{"@id":"https:\/\/sen-shop.com\/hr\/#organization"},"potentialAction":[{"@type":"SearchAction","target":{"@type":"EntryPoint","urlTemplate":"https:\/\/sen-shop.com\/hr\/?s={search_term_string}"},"query-input":"required name=search_term_string"}],"inLanguage":"hr-HR"},{"@type":"Organization","@id":"https:\/\/sen-shop.com\/hr\/#organization","name":"Mind trade d.o.o","url":"https:\/\/sen-shop.com\/hr\/","logo":{"@type":"ImageObject","inLanguage":"hr-HR","@id":"https:\/\/sen-shop.com\/hr\/#\/schema\/logo\/image\/","url":"https:\/\/sen-shop.com\/wp-content\/uploads\/2018\/05\/header_logo.png","contentUrl":"https:\/\/sen-shop.com\/wp-content\/uploads\/2018\/05\/header_logo.png","width":138,"height":70,"caption":"Mind trade d.o.o"},"image":{"@id":"https:\/\/sen-shop.com\/hr\/#\/schema\/logo\/image\/"},"sameAs":["https:\/\/www.instagram.com\/senslovenija\/","https:\/\/www.facebook.com\/Senshopslovenija"]}]}},"_links":{"self":[{"href":"https:\/\/sen-shop.com\/hr\/wp-json\/wp\/v2\/product\/30382","targetHints":{"allow":["GET"]}}],"collection":[{"href":"https:\/\/sen-shop.com\/hr\/wp-json\/wp\/v2\/product"}],"about":[{"href":"https:\/\/sen-shop.com\/hr\/wp-json\/wp\/v2\/types\/product"}],"replies":[{"embeddable":true,"href":"https:\/\/sen-shop.com\/hr\/wp-json\/wp\/v2\/comments?post=30382"}],"wp:featuredmedia":[{"embeddable":true,"href":"https:\/\/sen-shop.com\/hr\/wp-json\/wp\/v2\/media\/28051"}],"wp:attachment":[{"href":"https:\/\/sen-shop.com\/hr\/wp-json\/wp\/v2\/media?parent=30382"}],"wp:term":[{"taxonomy":"product_cat","embeddable":true,"href":"https:\/\/sen-shop.com\/hr\/wp-json\/wp\/v2\/product_cat?post=30382"},{"taxonomy":"product_tag","embeddable":true,"href":"https:\/\/sen-shop.com\/hr\/wp-json\/wp\/v2\/product_tag?post=30382"}],"curies":[{"name":"wp","href":"https:\/\/api.w.org\/{rel}","templated":true}]}}