{"id":28680,"date":"2021-05-26T10:09:06","date_gmt":"2021-05-26T08:09:06","guid":{"rendered":"https:\/\/www.sen-shop.com\/?post_type=product&#038;p=28680"},"modified":"2023-03-28T14:41:03","modified_gmt":"2023-03-28T12:41:03","slug":"chitosan-l-karnitin-kapsule-2","status":"publish","type":"product","link":"https:\/\/sen-shop.com\/hr\/collections\/prehrambeni-dodaci\/detoksikacija\/chitosan-l-karnitin-kapsule-2\/","title":{"rendered":"Chitosan + L-karnitin kapsule"},"content":{"rendered":"<p>[vc_row][vc_column][vc_column_text css=&#8221;.vc_custom_1609844065884{padding-top: 5px !important;padding-right: 15px !important;padding-bottom: 5px !important;padding-left: 30px !important;background-color: #f2f0ef !important;}&#8221;]<\/p>\n<h3>Chitosan + L-karnitin<\/h3>\n<h4>Chitosan<\/h4>\n<p>Chitozan sni\u017eava lo\u0161i LDL kolesterol i podi\u017ee dobar HDL kolesterol.<\/p>\n<p>Hitosanske molekule su\u00a0<strong>pozitivno polarne<\/strong>.\u00a0 Stoga\u00a0<strong>privla\u010de negativne dijelove molekula i ve\u017eu masno\u0107u, lipide i \u017eu\u010d<\/strong>. Tako nastaju ve\u0107e polimerne tvari koje probavni sustav ne razgra\u0111uje. Hitosan djeluje i kao sredstvo za koagulaciju ostalih aktivnih tvari, probavnog otpada i vlakana,\u00a0<strong>ve\u017ee ih za sebe i eliminira ih iz tijela<\/strong>.<\/p>\n<h4>L-karnitin<\/h4>\n<p>Konzumiranje L-karnitina preporu\u010duje se neposredno\u00a0<strong>prije tjelesne aktivnosti kako bi se maksimalno iskoristila tjelesna mast za energiju.<\/strong><\/p>\n<p>Dodatak L-karnitina poma\u017ee u<strong>\u00a0sagorijevanju tjelesnih masti i utje\u010de na razinu kolesterola.<\/strong>[\/vc_column_text][vc_column_text]<\/p>\n<h3>Osim funkcije mr\u0161avljenja, chitosan poma\u017ee i u:<\/h3>\n<ul>\n<li>pospje\u0161uje zacjeljivanje \u010dira \/ rana<\/li>\n<li>inhibira stvaranje plaka i propadanje zuba<\/li>\n<li>poma\u017ee u sprje\u010davanju opstipacije<\/li>\n<li>poma\u017ee u regulaciji krvnog tlaka<\/li>\n<li>lije\u010di i sprije\u010dava sindrom iritabilnog crijeva<\/li>\n<li>djeluje antibakterijski i antifungalno<\/li>\n<\/ul>\n<p>[\/vc_column_text][\/vc_column][\/vc_row][vc_row][vc_column][vc_column_text]<br \/>\nDa biste na prirodan na\u010din umanjili osje\u0107aj gladi tijekom dijete, preporu\u010dujemo istodobno uzimanje na\u0161ih prirodnih Mate kapsula.<\/p>\n<p>Bez konzervansa, boja i laktoze. Pogodno i za dijabeti\u010dare.<\/p>\n<p>Hitosan + L-karnitin kapsule. Sadr\u017eaj u boci: 60 kapsula.<br \/>\n[\/vc_column_text][\/vc_column][\/vc_row][vc_row][vc_column][vc_btn title=&#8221;Dodaj u ko\u0161aricu&#8221; color=&#8221;info&#8221; size=&#8221;lg&#8221; align=&#8221;center&#8221; button_block=&#8221;true&#8221; link=&#8221;url:https%3A%2F%2Fwww.sen-shop.si%2Fhr%2Fcollections%2Fprehrambeni-dodaci%2Fmrsavljenje%2Fchitosan-l-karnitin-kapsule%2F|&#8221;][\/vc_column][\/vc_row][vc_row][vc_column]<div class=\"woocommerce \"><\/div>[\/vc_column][\/vc_row]<\/p>\n","protected":false},"excerpt":{"rendered":"<p><strong>Odli\u010dna kombinacija za vitku liniju!<\/strong><\/p>\n<p>Upotpunite va\u0161u dijetu s Chitosan + L-karnitin kapsulama. Prilago\u0111avanjem svojih prehrambenih navika i redovitim umjerenim kretanjem mo\u017eete posti\u0107i dugoro\u010dni uspjeh i odr\u017eati va\u0161e tijelo zdravim.<\/p>\n<p>L-karnitin pobolj\u0161ava apsorpciju kisika tijekom vje\u017ebanja. L-karnitin je sad dostupan u koncentriranom obliku prirodnih L-karnitinskih kapsula.<\/p>\n[banner_prehrana]\n","protected":false},"featured_media":27091,"comment_status":"open","ping_status":"closed","template":"","meta":{"inline_featured_image":false},"product_cat":[401,402,810],"product_tag":[452,463,638,482,453,454],"class_list":["post-28680","product","type-product","status-publish","has-post-thumbnail","hentry","product_cat-detoksikacija","product_cat-mrsavljenje","product_cat-nekategorizirano-hr","product_tag-dijeta","product_tag-hafesan","product_tag-hitosan","product_tag-l-karnitin","product_tag-mrsavljenje","product_tag-vitka-linija"],"acf":[],"yoast_head":"<!-- This site is optimized with the Yoast SEO plugin v19.13 - https:\/\/yoast.com\/wordpress\/plugins\/seo\/ -->\n<title>Chitosan + L-karnitin kapsule - SEN Shop<\/title>\n<meta name=\"robots\" content=\"index, follow, max-snippet:-1, max-image-preview:large, max-video-preview:-1\" \/>\n<link rel=\"canonical\" href=\"https:\/\/sen-shop.com\/hr\/collections\/prehrambeni-dodaci\/detoksikacija\/chitosan-l-karnitin-kapsule-2\/\" \/>\n<meta property=\"og:locale\" content=\"hr_HR\" \/>\n<meta property=\"og:type\" content=\"article\" \/>\n<meta property=\"og:title\" content=\"Chitosan + L-karnitin kapsule - SEN Shop\" \/>\n<meta property=\"og:description\" content=\"Odli\u010dna kombinacija za vitku liniju!  Upotpunite va\u0161u dijetu s Chitosan + L-karnitin kapsulama. Prilago\u0111avanjem svojih prehrambenih navika i redovitim umjerenim kretanjem mo\u017eete posti\u0107i dugoro\u010dni uspjeh i odr\u017eati va\u0161e tijelo zdravim.  L-karnitin pobolj\u0161ava apsorpciju kisika tijekom vje\u017ebanja. L-karnitin je sad dostupan u koncentriranom obliku prirodnih L-karnitinskih kapsula.\" \/>\n<meta property=\"og:url\" content=\"https:\/\/sen-shop.com\/hr\/collections\/prehrambeni-dodaci\/detoksikacija\/chitosan-l-karnitin-kapsule-2\/\" \/>\n<meta property=\"og:site_name\" content=\"SEN Shop\" \/>\n<meta property=\"article:publisher\" content=\"https:\/\/www.facebook.com\/Senshopslovenija\" \/>\n<meta property=\"article:modified_time\" content=\"2023-03-28T12:41:03+00:00\" \/>\n<meta property=\"og:image\" content=\"https:\/\/sen-shop.com\/wp-content\/uploads\/2021\/04\/hitozan.jpg\" \/>\n\t<meta property=\"og:image:width\" content=\"506\" \/>\n\t<meta property=\"og:image:height\" content=\"607\" \/>\n\t<meta property=\"og:image:type\" content=\"image\/jpeg\" \/>\n<meta name=\"twitter:card\" content=\"summary_large_image\" \/>\n<meta name=\"twitter:label1\" content=\"Est. reading time\" \/>\n\t<meta name=\"twitter:data1\" content=\"2 minutes\" \/>\n<script type=\"application\/ld+json\" class=\"yoast-schema-graph\">{\"@context\":\"https:\/\/schema.org\",\"@graph\":[{\"@type\":\"WebPage\",\"@id\":\"https:\/\/sen-shop.com\/hr\/collections\/prehrambeni-dodaci\/detoksikacija\/chitosan-l-karnitin-kapsule-2\/\",\"url\":\"https:\/\/sen-shop.com\/hr\/collections\/prehrambeni-dodaci\/detoksikacija\/chitosan-l-karnitin-kapsule-2\/\",\"name\":\"Chitosan + L-karnitin kapsule - SEN Shop\",\"isPartOf\":{\"@id\":\"https:\/\/sen-shop.com\/hr\/#website\"},\"datePublished\":\"2021-05-26T08:09:06+00:00\",\"dateModified\":\"2023-03-28T12:41:03+00:00\",\"breadcrumb\":{\"@id\":\"https:\/\/sen-shop.com\/hr\/collections\/prehrambeni-dodaci\/detoksikacija\/chitosan-l-karnitin-kapsule-2\/#breadcrumb\"},\"inLanguage\":\"hr-HR\",\"potentialAction\":[{\"@type\":\"ReadAction\",\"target\":[\"https:\/\/sen-shop.com\/hr\/collections\/prehrambeni-dodaci\/detoksikacija\/chitosan-l-karnitin-kapsule-2\/\"]}]},{\"@type\":\"BreadcrumbList\",\"@id\":\"https:\/\/sen-shop.com\/hr\/collections\/prehrambeni-dodaci\/detoksikacija\/chitosan-l-karnitin-kapsule-2\/#breadcrumb\",\"itemListElement\":[{\"@type\":\"ListItem\",\"position\":1,\"name\":\"Home\",\"item\":\"https:\/\/sen-shop.com\/hr\/\"},{\"@type\":\"ListItem\",\"position\":2,\"name\":\"Chitosan + L-karnitin kapsule\"}]},{\"@type\":\"WebSite\",\"@id\":\"https:\/\/sen-shop.com\/hr\/#website\",\"url\":\"https:\/\/sen-shop.com\/hr\/\",\"name\":\"SEN Shop\",\"description\":\"Slovensko, Ekolo\u0161ko, Naravno\",\"publisher\":{\"@id\":\"https:\/\/sen-shop.com\/hr\/#organization\"},\"potentialAction\":[{\"@type\":\"SearchAction\",\"target\":{\"@type\":\"EntryPoint\",\"urlTemplate\":\"https:\/\/sen-shop.com\/hr\/?s={search_term_string}\"},\"query-input\":\"required name=search_term_string\"}],\"inLanguage\":\"hr-HR\"},{\"@type\":\"Organization\",\"@id\":\"https:\/\/sen-shop.com\/hr\/#organization\",\"name\":\"Mind trade d.o.o\",\"url\":\"https:\/\/sen-shop.com\/hr\/\",\"logo\":{\"@type\":\"ImageObject\",\"inLanguage\":\"hr-HR\",\"@id\":\"https:\/\/sen-shop.com\/hr\/#\/schema\/logo\/image\/\",\"url\":\"https:\/\/sen-shop.com\/wp-content\/uploads\/2018\/05\/header_logo.png\",\"contentUrl\":\"https:\/\/sen-shop.com\/wp-content\/uploads\/2018\/05\/header_logo.png\",\"width\":138,\"height\":70,\"caption\":\"Mind trade d.o.o\"},\"image\":{\"@id\":\"https:\/\/sen-shop.com\/hr\/#\/schema\/logo\/image\/\"},\"sameAs\":[\"https:\/\/www.instagram.com\/senslovenija\/\",\"https:\/\/www.facebook.com\/Senshopslovenija\"]}]}<\/script>\n<!-- \/ Yoast SEO plugin. -->","yoast_head_json":{"title":"Chitosan + L-karnitin kapsule - SEN Shop","robots":{"index":"index","follow":"follow","max-snippet":"max-snippet:-1","max-image-preview":"max-image-preview:large","max-video-preview":"max-video-preview:-1"},"canonical":"https:\/\/sen-shop.com\/hr\/collections\/prehrambeni-dodaci\/detoksikacija\/chitosan-l-karnitin-kapsule-2\/","og_locale":"hr_HR","og_type":"article","og_title":"Chitosan + L-karnitin kapsule - SEN Shop","og_description":"Odli\u010dna kombinacija za vitku liniju!  Upotpunite va\u0161u dijetu s Chitosan + L-karnitin kapsulama. Prilago\u0111avanjem svojih prehrambenih navika i redovitim umjerenim kretanjem mo\u017eete posti\u0107i dugoro\u010dni uspjeh i odr\u017eati va\u0161e tijelo zdravim.  L-karnitin pobolj\u0161ava apsorpciju kisika tijekom vje\u017ebanja. L-karnitin je sad dostupan u koncentriranom obliku prirodnih L-karnitinskih kapsula.","og_url":"https:\/\/sen-shop.com\/hr\/collections\/prehrambeni-dodaci\/detoksikacija\/chitosan-l-karnitin-kapsule-2\/","og_site_name":"SEN Shop","article_publisher":"https:\/\/www.facebook.com\/Senshopslovenija","article_modified_time":"2023-03-28T12:41:03+00:00","og_image":[{"width":506,"height":607,"url":"https:\/\/sen-shop.com\/wp-content\/uploads\/2021\/04\/hitozan.jpg","type":"image\/jpeg"}],"twitter_card":"summary_large_image","twitter_misc":{"Est. reading time":"2 minutes"},"schema":{"@context":"https:\/\/schema.org","@graph":[{"@type":"WebPage","@id":"https:\/\/sen-shop.com\/hr\/collections\/prehrambeni-dodaci\/detoksikacija\/chitosan-l-karnitin-kapsule-2\/","url":"https:\/\/sen-shop.com\/hr\/collections\/prehrambeni-dodaci\/detoksikacija\/chitosan-l-karnitin-kapsule-2\/","name":"Chitosan + L-karnitin kapsule - SEN Shop","isPartOf":{"@id":"https:\/\/sen-shop.com\/hr\/#website"},"datePublished":"2021-05-26T08:09:06+00:00","dateModified":"2023-03-28T12:41:03+00:00","breadcrumb":{"@id":"https:\/\/sen-shop.com\/hr\/collections\/prehrambeni-dodaci\/detoksikacija\/chitosan-l-karnitin-kapsule-2\/#breadcrumb"},"inLanguage":"hr-HR","potentialAction":[{"@type":"ReadAction","target":["https:\/\/sen-shop.com\/hr\/collections\/prehrambeni-dodaci\/detoksikacija\/chitosan-l-karnitin-kapsule-2\/"]}]},{"@type":"BreadcrumbList","@id":"https:\/\/sen-shop.com\/hr\/collections\/prehrambeni-dodaci\/detoksikacija\/chitosan-l-karnitin-kapsule-2\/#breadcrumb","itemListElement":[{"@type":"ListItem","position":1,"name":"Home","item":"https:\/\/sen-shop.com\/hr\/"},{"@type":"ListItem","position":2,"name":"Chitosan + L-karnitin kapsule"}]},{"@type":"WebSite","@id":"https:\/\/sen-shop.com\/hr\/#website","url":"https:\/\/sen-shop.com\/hr\/","name":"SEN Shop","description":"Slovensko, Ekolo\u0161ko, Naravno","publisher":{"@id":"https:\/\/sen-shop.com\/hr\/#organization"},"potentialAction":[{"@type":"SearchAction","target":{"@type":"EntryPoint","urlTemplate":"https:\/\/sen-shop.com\/hr\/?s={search_term_string}"},"query-input":"required name=search_term_string"}],"inLanguage":"hr-HR"},{"@type":"Organization","@id":"https:\/\/sen-shop.com\/hr\/#organization","name":"Mind trade d.o.o","url":"https:\/\/sen-shop.com\/hr\/","logo":{"@type":"ImageObject","inLanguage":"hr-HR","@id":"https:\/\/sen-shop.com\/hr\/#\/schema\/logo\/image\/","url":"https:\/\/sen-shop.com\/wp-content\/uploads\/2018\/05\/header_logo.png","contentUrl":"https:\/\/sen-shop.com\/wp-content\/uploads\/2018\/05\/header_logo.png","width":138,"height":70,"caption":"Mind trade d.o.o"},"image":{"@id":"https:\/\/sen-shop.com\/hr\/#\/schema\/logo\/image\/"},"sameAs":["https:\/\/www.instagram.com\/senslovenija\/","https:\/\/www.facebook.com\/Senshopslovenija"]}]}},"_links":{"self":[{"href":"https:\/\/sen-shop.com\/hr\/wp-json\/wp\/v2\/product\/28680","targetHints":{"allow":["GET"]}}],"collection":[{"href":"https:\/\/sen-shop.com\/hr\/wp-json\/wp\/v2\/product"}],"about":[{"href":"https:\/\/sen-shop.com\/hr\/wp-json\/wp\/v2\/types\/product"}],"replies":[{"embeddable":true,"href":"https:\/\/sen-shop.com\/hr\/wp-json\/wp\/v2\/comments?post=28680"}],"wp:featuredmedia":[{"embeddable":true,"href":"https:\/\/sen-shop.com\/hr\/wp-json\/wp\/v2\/media\/27091"}],"wp:attachment":[{"href":"https:\/\/sen-shop.com\/hr\/wp-json\/wp\/v2\/media?parent=28680"}],"wp:term":[{"taxonomy":"product_cat","embeddable":true,"href":"https:\/\/sen-shop.com\/hr\/wp-json\/wp\/v2\/product_cat?post=28680"},{"taxonomy":"product_tag","embeddable":true,"href":"https:\/\/sen-shop.com\/hr\/wp-json\/wp\/v2\/product_tag?post=28680"}],"curies":[{"name":"wp","href":"https:\/\/api.w.org\/{rel}","templated":true}]}}