{"id":28678,"date":"2021-05-26T09:43:11","date_gmt":"2021-05-26T07:43:11","guid":{"rendered":"https:\/\/www.sen-shop.com\/?post_type=product&#038;p=28678"},"modified":"2023-03-28T14:40:47","modified_gmt":"2023-03-28T12:40:47","slug":"cimet-za-regulaciju-secera-u-krvi-2","status":"publish","type":"product","link":"https:\/\/sen-shop.com\/hr\/collections\/prehrambeni-dodaci\/cimet-za-regulaciju-secera-u-krvi-2\/","title":{"rendered":"Cimet, za regulaciju \u0161e\u0107era u krvi"},"content":{"rendered":"<h1><strong>Cimet, za regulaciju \u0161e\u0107era u krvi<\/strong><\/h1>\n<p>Znanstveno utemeljena saznanja o korisnim u\u010dincima cimeta nastala su unazad nekoliko godina. Saznanje dr. Almama Khana je pokazalo da svakodnevno uzimanje cimeta pozitivno utje\u010de na razinu \u0161e\u0107era u krvi, kao i na razinu mnogih masti u krvi, poput triglicerida i kolesterola. Cejlonski cimet pove\u0107ava osjetljivost inzulinskih receptora. Na ovaj na\u010din, va\u0161 inzulin ponovno razvija svoja svojstva i radi u\u010dinkovito i optimalno.<\/p>\n<h4><\/h4>\n<h4>\ud83c\udf3f Cimet i dijabetes<\/h4>\n<p>Kao rezultat mnogih analiza, sve vi\u0161e stru\u010dnjaka preporu\u010duje ljudima koji imaju <strong>dijabetes tipa II<\/strong> da uz hranu uzimaju dodatke cimeta, \u010dime \u0107e zna\u010dajno pobolj\u0161ati svoje zdravlje. Manje poznato je, da odre\u0111ene vrste cimeta sadr\u017ee jako puno kumarina. <strong>Kumarin<\/strong> nije \u0161tetan u malim koli\u010dinama, ali u velikim dozama mo\u017ee imati negativne u\u010dinke. Kada kupujete pripravke od cimeta, obratite pozornost na \u010dinjenicu da sadr\u017ee visokokvalitetni cimet koji sadr\u017ei minimalnu koli\u010dinu kumarina. Za proizvodnju Cimet kapsula koristimo samo najkvalitetniji ekstrakt <strong>cejlonskog cimeta<\/strong>. Sirovina prolazi kroz proces stroge kontrole kvalitete, gdje potvrdimo da je sadr\u017eaj kumarina ispod <strong>0,005%<\/strong> (\u0161to je prema stru\u010dnjacima zanemarivo).<\/p>\n<h4><\/h4>\n<h4>\ud83c\udf3f Kapsule tako\u0111er sadr\u017ee i vitamine C i E, cink i krom.<\/h4>\n<p>Vitamini C ,E i cink su antioksidanti koji \u0161tite tijelo od djelovanja \u0161tetnih radikala. Za dijabeti\u010dare je krom izuzetno va\u017ean jer doprinosi odr\u017eavanju normalne razine glukoze u krvi i prisutan je u metabolizmu makronutrijenata. Iz razloga \u0161to dijabeti\u010dari imaju pove\u0107anu potrebu za vitaminima C i E, cinkom i kromom, stru\u010dnjaci preporu\u010duju dodatni unos tih hranjivih sastojaka.<\/p>\n<p><strong>PREPORU\u010cENA DNEVNA KOLI\u010cINA<\/strong>: Jedna kapsula 2x dnevno, prije jela, s dovoljno teku\u0107ine.<\/p>\n<p><strong>SADR\u017dAJ:<\/strong> 60 kapsula, dovoljno za 30 dana.<br \/>\n<strong>Neto koli\u010dina:<\/strong> 28,0 g.<\/p>\n<p><strong>Sadr\u017eaj dvije kapsule:<\/strong> ekstrakt cimeta (10: 1) 100 mg (= 1000 mg cimeta u prahu), vitamin E 20 mg (167% PDU *), cink 15 mg (150% PDU *), krom 125 \u00b5g (313% PDU *) ), Ekstrakt acerola 480 mg, standardizirani prirodni vitamin C 100 mg (125% PDU *). (* PDU: Preporu\u010deni dnevni unos u kapsuli)<\/p>\n","protected":false},"excerpt":{"rendered":"<p><strong>Cimet<\/strong> poti\u010de djelovanje <strong>inzulinskih receptora<\/strong> i lu\u010denje inzulina. Rezultat toga je, da tijelo mo\u017ee bolje iskoristiti vlastiti inzulin.<\/p>\n<ul>\n<li>pogodno za regulaciju \u0161e\u0107era u krvi i stimulaciju inzulinskih receptora.<\/li>\n<li>za razliku od kuhinjskog cimeta, Hafesan kapsule ne sadr\u017ee (toksi\u010dni) KUMARIN jer je pro\u010di\u0161\u0107en.<\/li>\n<li>dodan KROM &#8211; krom je va\u017ean za normalan metabolizam glukoze.<\/li>\n<\/ul>\n<p><a href=\"https:\/\/www.sen.hr\/wp-content\/uploads\/2017\/10\/cimet-hr-banner-a.png\"><img loading=\"lazy\" decoding=\"async\" class=\"alignnone wp-image-17316 size-full\" src=\"https:\/\/www.sen.hr\/wp-content\/uploads\/2017\/10\/cimet-hr-banner-a.png\" alt=\"\" width=\"757\" height=\"120\" \/><\/a><\/p>\n<p><strong>PREPORU\u010cENA DNEVNA KOLI\u010cINA:<\/strong> Uzmite jednu kapsulu 2x dnevno, prije jela, s dovoljno teku\u0107ine.<\/p>\n<p><strong>SADR\u017dAJ:<\/strong> 60 kapsula, dovoljno za 30 dana.<\/p>\n<p>Naru\u010dite u kompletu i<strong> u\u0161tedite 25% + besplatna dostava \ud83d\udc49\ud83c\udffb <a href=\"https:\/\/www.sen.hr\/collections\/prehrambeni-dodaci\/srce-vene-i-hemoroidi\/cimet-za-regulaciju-secera-u-krvi-31-gratis\/\">Naru\u010dite: 3 + 1 GRATIS ovdje \ud83d\uded2<\/a><\/strong><\/p>\n[banner_prehrana]\n","protected":false},"featured_media":27115,"comment_status":"open","ping_status":"closed","template":"","meta":{"inline_featured_image":false},"product_cat":[403],"product_tag":[489,492,628,629,630,631,632,543,539,633,463,634,635,636,637,465],"class_list":["post-28678","product","type-product","status-publish","has-post-thumbnail","hentry","product_cat-prehrambeni-dodaci","product_tag-bio-produkt","product_tag-bio-proizvod","product_tag-cimet","product_tag-cimet-lijek","product_tag-cimet-za-regulaciju-secera","product_tag-dijabetes","product_tag-dijabeticari","product_tag-domace","product_tag-ekolosko","product_tag-gdje-kupiti-cimet-kapsule","product_tag-hafesan","product_tag-insulin","product_tag-kapsule-cimet","product_tag-kapsule-od-cimeta","product_tag-lijek-dijabetes","product_tag-zdravo-tijelo"],"acf":[],"yoast_head":"<!-- This site is optimized with the Yoast SEO plugin v19.13 - https:\/\/yoast.com\/wordpress\/plugins\/seo\/ -->\n<title>Cimet, za regulaciju \u0161e\u0107era u krvi - SEN Shop<\/title>\n<meta name=\"robots\" content=\"index, follow, max-snippet:-1, max-image-preview:large, max-video-preview:-1\" \/>\n<link rel=\"canonical\" href=\"https:\/\/sen-shop.com\/hr\/collections\/prehrambeni-dodaci\/cimet-za-regulaciju-secera-u-krvi-2\/\" \/>\n<meta property=\"og:locale\" content=\"hr_HR\" \/>\n<meta property=\"og:type\" content=\"article\" \/>\n<meta property=\"og:title\" content=\"Cimet, za regulaciju \u0161e\u0107era u krvi - SEN Shop\" \/>\n<meta property=\"og:description\" content=\"Cimet poti\u010de djelovanje inzulinskih receptora i lu\u010denje inzulina. Rezultat toga je, da tijelo mo\u017ee bolje iskoristiti vlastiti inzulin.   pogodno za regulaciju \u0161e\u0107era u krvi i stimulaciju inzulinskih receptora.  za razliku od kuhinjskog cimeta, Hafesan kapsule ne sadr\u017ee (toksi\u010dni) KUMARIN jer je pro\u010di\u0161\u0107en.  dodan KROM - krom je va\u017ean za normalan metabolizam glukoze.    PREPORU\u010cENA DNEVNA KOLI\u010cINA: Uzmite jednu kapsulu 2x dnevno, prije jela, s dovoljno teku\u0107ine.  SADR\u017dAJ: 60 kapsula, dovoljno za 30 dana.  Naru\u010dite u kompletu i u\u0161tedite 25% + besplatna dostava \ud83d\udc49\ud83c\udffb Naru\u010dite: 3 + 1 GRATIS ovdje \ud83d\uded2\" \/>\n<meta property=\"og:url\" content=\"https:\/\/sen-shop.com\/hr\/collections\/prehrambeni-dodaci\/cimet-za-regulaciju-secera-u-krvi-2\/\" \/>\n<meta property=\"og:site_name\" content=\"SEN Shop\" \/>\n<meta property=\"article:publisher\" content=\"https:\/\/www.facebook.com\/Senshopslovenija\" \/>\n<meta property=\"article:modified_time\" content=\"2023-03-28T12:40:47+00:00\" \/>\n<meta property=\"og:image\" content=\"https:\/\/sen-shop.com\/wp-content\/uploads\/2021\/04\/cimet.jpg\" \/>\n\t<meta property=\"og:image:width\" content=\"506\" \/>\n\t<meta property=\"og:image:height\" content=\"607\" \/>\n\t<meta property=\"og:image:type\" content=\"image\/jpeg\" \/>\n<meta name=\"twitter:card\" content=\"summary_large_image\" \/>\n<meta name=\"twitter:label1\" content=\"Est. reading time\" \/>\n\t<meta name=\"twitter:data1\" content=\"2 minutes\" \/>\n<script type=\"application\/ld+json\" class=\"yoast-schema-graph\">{\"@context\":\"https:\/\/schema.org\",\"@graph\":[{\"@type\":\"WebPage\",\"@id\":\"https:\/\/sen-shop.com\/hr\/collections\/prehrambeni-dodaci\/cimet-za-regulaciju-secera-u-krvi-2\/\",\"url\":\"https:\/\/sen-shop.com\/hr\/collections\/prehrambeni-dodaci\/cimet-za-regulaciju-secera-u-krvi-2\/\",\"name\":\"Cimet, za regulaciju \u0161e\u0107era u krvi - SEN Shop\",\"isPartOf\":{\"@id\":\"https:\/\/sen-shop.com\/hr\/#website\"},\"datePublished\":\"2021-05-26T07:43:11+00:00\",\"dateModified\":\"2023-03-28T12:40:47+00:00\",\"breadcrumb\":{\"@id\":\"https:\/\/sen-shop.com\/hr\/collections\/prehrambeni-dodaci\/cimet-za-regulaciju-secera-u-krvi-2\/#breadcrumb\"},\"inLanguage\":\"hr-HR\",\"potentialAction\":[{\"@type\":\"ReadAction\",\"target\":[\"https:\/\/sen-shop.com\/hr\/collections\/prehrambeni-dodaci\/cimet-za-regulaciju-secera-u-krvi-2\/\"]}]},{\"@type\":\"BreadcrumbList\",\"@id\":\"https:\/\/sen-shop.com\/hr\/collections\/prehrambeni-dodaci\/cimet-za-regulaciju-secera-u-krvi-2\/#breadcrumb\",\"itemListElement\":[{\"@type\":\"ListItem\",\"position\":1,\"name\":\"Home\",\"item\":\"https:\/\/sen-shop.com\/hr\/\"},{\"@type\":\"ListItem\",\"position\":2,\"name\":\"Cimet, za regulaciju \u0161e\u0107era u krvi\"}]},{\"@type\":\"WebSite\",\"@id\":\"https:\/\/sen-shop.com\/hr\/#website\",\"url\":\"https:\/\/sen-shop.com\/hr\/\",\"name\":\"SEN Shop\",\"description\":\"Slovensko, Ekolo\u0161ko, Naravno\",\"publisher\":{\"@id\":\"https:\/\/sen-shop.com\/hr\/#organization\"},\"potentialAction\":[{\"@type\":\"SearchAction\",\"target\":{\"@type\":\"EntryPoint\",\"urlTemplate\":\"https:\/\/sen-shop.com\/hr\/?s={search_term_string}\"},\"query-input\":\"required name=search_term_string\"}],\"inLanguage\":\"hr-HR\"},{\"@type\":\"Organization\",\"@id\":\"https:\/\/sen-shop.com\/hr\/#organization\",\"name\":\"Mind trade d.o.o\",\"url\":\"https:\/\/sen-shop.com\/hr\/\",\"logo\":{\"@type\":\"ImageObject\",\"inLanguage\":\"hr-HR\",\"@id\":\"https:\/\/sen-shop.com\/hr\/#\/schema\/logo\/image\/\",\"url\":\"https:\/\/sen-shop.com\/wp-content\/uploads\/2018\/05\/header_logo.png\",\"contentUrl\":\"https:\/\/sen-shop.com\/wp-content\/uploads\/2018\/05\/header_logo.png\",\"width\":138,\"height\":70,\"caption\":\"Mind trade d.o.o\"},\"image\":{\"@id\":\"https:\/\/sen-shop.com\/hr\/#\/schema\/logo\/image\/\"},\"sameAs\":[\"https:\/\/www.instagram.com\/senslovenija\/\",\"https:\/\/www.facebook.com\/Senshopslovenija\"]}]}<\/script>\n<!-- \/ Yoast SEO plugin. -->","yoast_head_json":{"title":"Cimet, za regulaciju \u0161e\u0107era u krvi - SEN Shop","robots":{"index":"index","follow":"follow","max-snippet":"max-snippet:-1","max-image-preview":"max-image-preview:large","max-video-preview":"max-video-preview:-1"},"canonical":"https:\/\/sen-shop.com\/hr\/collections\/prehrambeni-dodaci\/cimet-za-regulaciju-secera-u-krvi-2\/","og_locale":"hr_HR","og_type":"article","og_title":"Cimet, za regulaciju \u0161e\u0107era u krvi - SEN Shop","og_description":"Cimet poti\u010de djelovanje inzulinskih receptora i lu\u010denje inzulina. Rezultat toga je, da tijelo mo\u017ee bolje iskoristiti vlastiti inzulin.   pogodno za regulaciju \u0161e\u0107era u krvi i stimulaciju inzulinskih receptora.  za razliku od kuhinjskog cimeta, Hafesan kapsule ne sadr\u017ee (toksi\u010dni) KUMARIN jer je pro\u010di\u0161\u0107en.  dodan KROM - krom je va\u017ean za normalan metabolizam glukoze.    PREPORU\u010cENA DNEVNA KOLI\u010cINA: Uzmite jednu kapsulu 2x dnevno, prije jela, s dovoljno teku\u0107ine.  SADR\u017dAJ: 60 kapsula, dovoljno za 30 dana.  Naru\u010dite u kompletu i u\u0161tedite 25% + besplatna dostava \ud83d\udc49\ud83c\udffb Naru\u010dite: 3 + 1 GRATIS ovdje \ud83d\uded2","og_url":"https:\/\/sen-shop.com\/hr\/collections\/prehrambeni-dodaci\/cimet-za-regulaciju-secera-u-krvi-2\/","og_site_name":"SEN Shop","article_publisher":"https:\/\/www.facebook.com\/Senshopslovenija","article_modified_time":"2023-03-28T12:40:47+00:00","og_image":[{"width":506,"height":607,"url":"https:\/\/sen-shop.com\/wp-content\/uploads\/2021\/04\/cimet.jpg","type":"image\/jpeg"}],"twitter_card":"summary_large_image","twitter_misc":{"Est. reading time":"2 minutes"},"schema":{"@context":"https:\/\/schema.org","@graph":[{"@type":"WebPage","@id":"https:\/\/sen-shop.com\/hr\/collections\/prehrambeni-dodaci\/cimet-za-regulaciju-secera-u-krvi-2\/","url":"https:\/\/sen-shop.com\/hr\/collections\/prehrambeni-dodaci\/cimet-za-regulaciju-secera-u-krvi-2\/","name":"Cimet, za regulaciju \u0161e\u0107era u krvi - SEN Shop","isPartOf":{"@id":"https:\/\/sen-shop.com\/hr\/#website"},"datePublished":"2021-05-26T07:43:11+00:00","dateModified":"2023-03-28T12:40:47+00:00","breadcrumb":{"@id":"https:\/\/sen-shop.com\/hr\/collections\/prehrambeni-dodaci\/cimet-za-regulaciju-secera-u-krvi-2\/#breadcrumb"},"inLanguage":"hr-HR","potentialAction":[{"@type":"ReadAction","target":["https:\/\/sen-shop.com\/hr\/collections\/prehrambeni-dodaci\/cimet-za-regulaciju-secera-u-krvi-2\/"]}]},{"@type":"BreadcrumbList","@id":"https:\/\/sen-shop.com\/hr\/collections\/prehrambeni-dodaci\/cimet-za-regulaciju-secera-u-krvi-2\/#breadcrumb","itemListElement":[{"@type":"ListItem","position":1,"name":"Home","item":"https:\/\/sen-shop.com\/hr\/"},{"@type":"ListItem","position":2,"name":"Cimet, za regulaciju \u0161e\u0107era u krvi"}]},{"@type":"WebSite","@id":"https:\/\/sen-shop.com\/hr\/#website","url":"https:\/\/sen-shop.com\/hr\/","name":"SEN Shop","description":"Slovensko, Ekolo\u0161ko, Naravno","publisher":{"@id":"https:\/\/sen-shop.com\/hr\/#organization"},"potentialAction":[{"@type":"SearchAction","target":{"@type":"EntryPoint","urlTemplate":"https:\/\/sen-shop.com\/hr\/?s={search_term_string}"},"query-input":"required name=search_term_string"}],"inLanguage":"hr-HR"},{"@type":"Organization","@id":"https:\/\/sen-shop.com\/hr\/#organization","name":"Mind trade d.o.o","url":"https:\/\/sen-shop.com\/hr\/","logo":{"@type":"ImageObject","inLanguage":"hr-HR","@id":"https:\/\/sen-shop.com\/hr\/#\/schema\/logo\/image\/","url":"https:\/\/sen-shop.com\/wp-content\/uploads\/2018\/05\/header_logo.png","contentUrl":"https:\/\/sen-shop.com\/wp-content\/uploads\/2018\/05\/header_logo.png","width":138,"height":70,"caption":"Mind trade d.o.o"},"image":{"@id":"https:\/\/sen-shop.com\/hr\/#\/schema\/logo\/image\/"},"sameAs":["https:\/\/www.instagram.com\/senslovenija\/","https:\/\/www.facebook.com\/Senshopslovenija"]}]}},"_links":{"self":[{"href":"https:\/\/sen-shop.com\/hr\/wp-json\/wp\/v2\/product\/28678","targetHints":{"allow":["GET"]}}],"collection":[{"href":"https:\/\/sen-shop.com\/hr\/wp-json\/wp\/v2\/product"}],"about":[{"href":"https:\/\/sen-shop.com\/hr\/wp-json\/wp\/v2\/types\/product"}],"replies":[{"embeddable":true,"href":"https:\/\/sen-shop.com\/hr\/wp-json\/wp\/v2\/comments?post=28678"}],"wp:featuredmedia":[{"embeddable":true,"href":"https:\/\/sen-shop.com\/hr\/wp-json\/wp\/v2\/media\/27115"}],"wp:attachment":[{"href":"https:\/\/sen-shop.com\/hr\/wp-json\/wp\/v2\/media?parent=28678"}],"wp:term":[{"taxonomy":"product_cat","embeddable":true,"href":"https:\/\/sen-shop.com\/hr\/wp-json\/wp\/v2\/product_cat?post=28678"},{"taxonomy":"product_tag","embeddable":true,"href":"https:\/\/sen-shop.com\/hr\/wp-json\/wp\/v2\/product_tag?post=28678"}],"curies":[{"name":"wp","href":"https:\/\/api.w.org\/{rel}","templated":true}]}}