{"id":27643,"date":"2021-04-21T15:32:05","date_gmt":"2021-04-21T13:32:05","guid":{"rendered":"https:\/\/www.sen-shop.com\/?post_type=product&#038;p=27643"},"modified":"2021-08-16T12:23:34","modified_gmt":"2021-08-16T10:23:34","slug":"poklon-uz-kupnju-muscle-gel-masazni-gel","status":"publish","type":"product","link":"https:\/\/sen-shop.com\/hr\/collections\/nekategorizirano\/poklon-uz-kupnju-muscle-gel-masazni-gel\/","title":{"rendered":"(Poklon) Muscle gel"},"content":{"rendered":"<h4>Poklon uz kupnju &#8211; Muscle gel 5ml<\/h4>\n<p>Za svaku kupnju iznad 5\u20ac, dobijate poklon Muscle gel 5ml.<\/p>\n<p>Za vi\u0161e informacija o proizvodu, kliknite OVDJE.<\/p>\n","protected":false},"excerpt":{"rendered":"<p><strong>Poklon uz kupnju<\/strong><\/p>\n<p>Za svaku kupnju iznad 5 \u20ac vam poklanjamo 5ml Muscle gela.<\/p>\n<p><strong>SASTAV<\/strong>: prirodna esencijalna ulja BIO \u010dajevca, mente, ro\u017emarina, eukaliptusa, gaulterije i \u010dempresa. S ekstraktima vrbe i\u00a0<strong>kajenske paprike<\/strong>.<\/p>\n<p>Za vi\u0161e informacija o proizvodu, kliknite OVDJE.<\/p>\n<p><strong>Kako dodati poklon u ko\u0161aricu?<\/strong> U ko\u0161arici, ispod slike s poklonom kliknite gumb <strong><a href=\"https:\/\/www.sen.hr\/kosarica\/\">DODAJ POKLON &gt;&gt;<\/a><br \/>\n<\/strong><\/p>\n<p>&nbsp;<\/p>\n","protected":false},"featured_media":27644,"comment_status":"open","ping_status":"closed","template":"","meta":{"inline_featured_image":false},"product_cat":[810,170],"product_tag":[584,585],"class_list":["post-27643","product","type-product","status-publish","has-post-thumbnail","hentry","product_cat-nekategorizirano-hr","product_cat-nekategorizirano","product_tag-muscle-gel","product_tag-poklon"],"acf":[],"yoast_head":"<!-- This site is optimized with the Yoast SEO plugin v19.13 - https:\/\/yoast.com\/wordpress\/plugins\/seo\/ -->\n<title>(Poklon) Muscle gel - SEN Shop<\/title>\n<meta name=\"robots\" content=\"index, follow, max-snippet:-1, max-image-preview:large, max-video-preview:-1\" \/>\n<link rel=\"canonical\" href=\"https:\/\/sen-shop.com\/hr\/collections\/nekategorizirano\/poklon-uz-kupnju-muscle-gel-masazni-gel\/\" \/>\n<meta property=\"og:locale\" content=\"hr_HR\" \/>\n<meta property=\"og:type\" content=\"article\" \/>\n<meta property=\"og:title\" content=\"(Poklon) Muscle gel - SEN Shop\" \/>\n<meta property=\"og:description\" content=\"Poklon uz kupnju  Za svaku kupnju iznad 5 \u20ac vam poklanjamo 5ml Muscle gela.  SASTAV: prirodna esencijalna ulja BIO \u010dajevca, mente, ro\u017emarina, eukaliptusa, gaulterije i \u010dempresa. S ekstraktima vrbe i\u00a0kajenske paprike.  Za vi\u0161e informacija o proizvodu, kliknite OVDJE.  Kako dodati poklon u ko\u0161aricu? U ko\u0161arici, ispod slike s poklonom kliknite gumb DODAJ POKLON &gt;&gt;   &nbsp;\" \/>\n<meta property=\"og:url\" content=\"https:\/\/sen-shop.com\/hr\/collections\/nekategorizirano\/poklon-uz-kupnju-muscle-gel-masazni-gel\/\" \/>\n<meta property=\"og:site_name\" content=\"SEN Shop\" \/>\n<meta property=\"article:publisher\" content=\"https:\/\/www.facebook.com\/Senshopslovenija\" \/>\n<meta property=\"article:modified_time\" content=\"2021-08-16T10:23:34+00:00\" \/>\n<meta property=\"og:image\" content=\"https:\/\/sen-shop.com\/wp-content\/uploads\/2021\/04\/darilo-muscle-gel-1-1.png\" \/>\n\t<meta property=\"og:image:width\" content=\"700\" \/>\n\t<meta property=\"og:image:height\" content=\"800\" \/>\n\t<meta property=\"og:image:type\" content=\"image\/png\" \/>\n<meta name=\"twitter:card\" content=\"summary_large_image\" \/>\n<script type=\"application\/ld+json\" class=\"yoast-schema-graph\">{\"@context\":\"https:\/\/schema.org\",\"@graph\":[{\"@type\":\"WebPage\",\"@id\":\"https:\/\/sen-shop.com\/hr\/collections\/nekategorizirano\/poklon-uz-kupnju-muscle-gel-masazni-gel\/\",\"url\":\"https:\/\/sen-shop.com\/hr\/collections\/nekategorizirano\/poklon-uz-kupnju-muscle-gel-masazni-gel\/\",\"name\":\"(Poklon) Muscle gel - SEN Shop\",\"isPartOf\":{\"@id\":\"https:\/\/sen-shop.com\/hr\/#website\"},\"datePublished\":\"2021-04-21T13:32:05+00:00\",\"dateModified\":\"2021-08-16T10:23:34+00:00\",\"breadcrumb\":{\"@id\":\"https:\/\/sen-shop.com\/hr\/collections\/nekategorizirano\/poklon-uz-kupnju-muscle-gel-masazni-gel\/#breadcrumb\"},\"inLanguage\":\"hr-HR\",\"potentialAction\":[{\"@type\":\"ReadAction\",\"target\":[\"https:\/\/sen-shop.com\/hr\/collections\/nekategorizirano\/poklon-uz-kupnju-muscle-gel-masazni-gel\/\"]}]},{\"@type\":\"BreadcrumbList\",\"@id\":\"https:\/\/sen-shop.com\/hr\/collections\/nekategorizirano\/poklon-uz-kupnju-muscle-gel-masazni-gel\/#breadcrumb\",\"itemListElement\":[{\"@type\":\"ListItem\",\"position\":1,\"name\":\"Home\",\"item\":\"https:\/\/sen-shop.com\/hr\/\"},{\"@type\":\"ListItem\",\"position\":2,\"name\":\"(Poklon) Muscle gel\"}]},{\"@type\":\"WebSite\",\"@id\":\"https:\/\/sen-shop.com\/hr\/#website\",\"url\":\"https:\/\/sen-shop.com\/hr\/\",\"name\":\"SEN Shop\",\"description\":\"Slovensko, Ekolo\u0161ko, Naravno\",\"publisher\":{\"@id\":\"https:\/\/sen-shop.com\/hr\/#organization\"},\"potentialAction\":[{\"@type\":\"SearchAction\",\"target\":{\"@type\":\"EntryPoint\",\"urlTemplate\":\"https:\/\/sen-shop.com\/hr\/?s={search_term_string}\"},\"query-input\":\"required name=search_term_string\"}],\"inLanguage\":\"hr-HR\"},{\"@type\":\"Organization\",\"@id\":\"https:\/\/sen-shop.com\/hr\/#organization\",\"name\":\"Mind trade d.o.o\",\"url\":\"https:\/\/sen-shop.com\/hr\/\",\"logo\":{\"@type\":\"ImageObject\",\"inLanguage\":\"hr-HR\",\"@id\":\"https:\/\/sen-shop.com\/hr\/#\/schema\/logo\/image\/\",\"url\":\"https:\/\/sen-shop.com\/wp-content\/uploads\/2018\/05\/header_logo.png\",\"contentUrl\":\"https:\/\/sen-shop.com\/wp-content\/uploads\/2018\/05\/header_logo.png\",\"width\":138,\"height\":70,\"caption\":\"Mind trade d.o.o\"},\"image\":{\"@id\":\"https:\/\/sen-shop.com\/hr\/#\/schema\/logo\/image\/\"},\"sameAs\":[\"https:\/\/www.instagram.com\/senslovenija\/\",\"https:\/\/www.facebook.com\/Senshopslovenija\"]}]}<\/script>\n<!-- \/ Yoast SEO plugin. -->","yoast_head_json":{"title":"(Poklon) Muscle gel - SEN Shop","robots":{"index":"index","follow":"follow","max-snippet":"max-snippet:-1","max-image-preview":"max-image-preview:large","max-video-preview":"max-video-preview:-1"},"canonical":"https:\/\/sen-shop.com\/hr\/collections\/nekategorizirano\/poklon-uz-kupnju-muscle-gel-masazni-gel\/","og_locale":"hr_HR","og_type":"article","og_title":"(Poklon) Muscle gel - SEN Shop","og_description":"Poklon uz kupnju  Za svaku kupnju iznad 5 \u20ac vam poklanjamo 5ml Muscle gela.  SASTAV: prirodna esencijalna ulja BIO \u010dajevca, mente, ro\u017emarina, eukaliptusa, gaulterije i \u010dempresa. S ekstraktima vrbe i\u00a0kajenske paprike.  Za vi\u0161e informacija o proizvodu, kliknite OVDJE.  Kako dodati poklon u ko\u0161aricu? U ko\u0161arici, ispod slike s poklonom kliknite gumb DODAJ POKLON &gt;&gt;   &nbsp;","og_url":"https:\/\/sen-shop.com\/hr\/collections\/nekategorizirano\/poklon-uz-kupnju-muscle-gel-masazni-gel\/","og_site_name":"SEN Shop","article_publisher":"https:\/\/www.facebook.com\/Senshopslovenija","article_modified_time":"2021-08-16T10:23:34+00:00","og_image":[{"width":700,"height":800,"url":"https:\/\/sen-shop.com\/wp-content\/uploads\/2021\/04\/darilo-muscle-gel-1-1.png","type":"image\/png"}],"twitter_card":"summary_large_image","schema":{"@context":"https:\/\/schema.org","@graph":[{"@type":"WebPage","@id":"https:\/\/sen-shop.com\/hr\/collections\/nekategorizirano\/poklon-uz-kupnju-muscle-gel-masazni-gel\/","url":"https:\/\/sen-shop.com\/hr\/collections\/nekategorizirano\/poklon-uz-kupnju-muscle-gel-masazni-gel\/","name":"(Poklon) Muscle gel - SEN Shop","isPartOf":{"@id":"https:\/\/sen-shop.com\/hr\/#website"},"datePublished":"2021-04-21T13:32:05+00:00","dateModified":"2021-08-16T10:23:34+00:00","breadcrumb":{"@id":"https:\/\/sen-shop.com\/hr\/collections\/nekategorizirano\/poklon-uz-kupnju-muscle-gel-masazni-gel\/#breadcrumb"},"inLanguage":"hr-HR","potentialAction":[{"@type":"ReadAction","target":["https:\/\/sen-shop.com\/hr\/collections\/nekategorizirano\/poklon-uz-kupnju-muscle-gel-masazni-gel\/"]}]},{"@type":"BreadcrumbList","@id":"https:\/\/sen-shop.com\/hr\/collections\/nekategorizirano\/poklon-uz-kupnju-muscle-gel-masazni-gel\/#breadcrumb","itemListElement":[{"@type":"ListItem","position":1,"name":"Home","item":"https:\/\/sen-shop.com\/hr\/"},{"@type":"ListItem","position":2,"name":"(Poklon) Muscle gel"}]},{"@type":"WebSite","@id":"https:\/\/sen-shop.com\/hr\/#website","url":"https:\/\/sen-shop.com\/hr\/","name":"SEN Shop","description":"Slovensko, Ekolo\u0161ko, Naravno","publisher":{"@id":"https:\/\/sen-shop.com\/hr\/#organization"},"potentialAction":[{"@type":"SearchAction","target":{"@type":"EntryPoint","urlTemplate":"https:\/\/sen-shop.com\/hr\/?s={search_term_string}"},"query-input":"required name=search_term_string"}],"inLanguage":"hr-HR"},{"@type":"Organization","@id":"https:\/\/sen-shop.com\/hr\/#organization","name":"Mind trade d.o.o","url":"https:\/\/sen-shop.com\/hr\/","logo":{"@type":"ImageObject","inLanguage":"hr-HR","@id":"https:\/\/sen-shop.com\/hr\/#\/schema\/logo\/image\/","url":"https:\/\/sen-shop.com\/wp-content\/uploads\/2018\/05\/header_logo.png","contentUrl":"https:\/\/sen-shop.com\/wp-content\/uploads\/2018\/05\/header_logo.png","width":138,"height":70,"caption":"Mind trade d.o.o"},"image":{"@id":"https:\/\/sen-shop.com\/hr\/#\/schema\/logo\/image\/"},"sameAs":["https:\/\/www.instagram.com\/senslovenija\/","https:\/\/www.facebook.com\/Senshopslovenija"]}]}},"_links":{"self":[{"href":"https:\/\/sen-shop.com\/hr\/wp-json\/wp\/v2\/product\/27643","targetHints":{"allow":["GET"]}}],"collection":[{"href":"https:\/\/sen-shop.com\/hr\/wp-json\/wp\/v2\/product"}],"about":[{"href":"https:\/\/sen-shop.com\/hr\/wp-json\/wp\/v2\/types\/product"}],"replies":[{"embeddable":true,"href":"https:\/\/sen-shop.com\/hr\/wp-json\/wp\/v2\/comments?post=27643"}],"wp:featuredmedia":[{"embeddable":true,"href":"https:\/\/sen-shop.com\/hr\/wp-json\/wp\/v2\/media\/27644"}],"wp:attachment":[{"href":"https:\/\/sen-shop.com\/hr\/wp-json\/wp\/v2\/media?parent=27643"}],"wp:term":[{"taxonomy":"product_cat","embeddable":true,"href":"https:\/\/sen-shop.com\/hr\/wp-json\/wp\/v2\/product_cat?post=27643"},{"taxonomy":"product_tag","embeddable":true,"href":"https:\/\/sen-shop.com\/hr\/wp-json\/wp\/v2\/product_tag?post=27643"}],"curies":[{"name":"wp","href":"https:\/\/api.w.org\/{rel}","templated":true}]}}