{"id":27332,"date":"2021-04-16T09:57:19","date_gmt":"2021-04-16T07:57:19","guid":{"rendered":"https:\/\/www.sen-shop.com\/?post_type=product&#038;p=27332"},"modified":"2023-03-28T14:47:31","modified_gmt":"2023-03-28T12:47:31","slug":"palmeta-africka-sljiva-kopriva-bucine-sjemenke-kapsule-4-1-gratis","status":"publish","type":"product","link":"https:\/\/sen-shop.com\/hr\/collections\/akcija-hr\/palmeta-africka-sljiva-kopriva-bucine-sjemenke-kapsule-4-1-gratis\/","title":{"rendered":"Palmeta + Afri\u010dka \u0161ljiva 4 + 1"},"content":{"rendered":"<h2>Za prostatu<\/h2>\n<p>Bolest prostate je jedan od naj\u010de\u0161\u0107ih zdravstvenih problema mu\u0161karaca. Rizik za oboljenjem se pove\u0107ava sa starenjem i zato je potrebno pravodobno oti\u0107i na lije\u010dni\u010dke preglede i na vrijeme po\u010deti s terapijom ako je potrebna. Da bi se danas za\u0161titio mokra\u0107ni mjehur i prostata, sve vi\u0161e stru\u010dnjaka preporu\u010duje rano uzimanje <strong>biljnih alternativa<\/strong>, poput kombinacije Palmeta + afri\u010dke \u0161ljive + koprive kapsula s bu\u010dinim sjemenkama. Svaki sastojak ima neke prednosti, a zajedno pobolj\u0161avaju cjelokupno <strong>zdravlje reproduktivnih i mokra\u0107nih organa<\/strong>. Redovito uzimanje na\u0161ih kapsula omogu\u0107it \u0107e, da se va\u0161 <strong>mjehur temeljito isprazni<\/strong>, tako da ne morate dodatno ustajati no\u0107u.[\/vc_column_text][\/vc_column][\/vc_row][vc_row][vc_column][vc_column_text css=&#8221;.vc_custom_1615132955060{padding-top: 30px !important;padding-right: 30px !important;padding-bottom: 30px !important;padding-left: 30px !important;background-color: #c9db95 !important;}&#8221;]<\/p>\n<h2>Palmeta, afri\u010dka \u0161ljiva i ostali sastojci<\/h2>\n<p><strong>\ud83c\udf3f Palmeta<\/strong> se koristi za spre\u010davanje i lije\u010denje problema povezanih s mu\u0161karcem poput pove\u0107anja prostate i razli\u010ditih upala.<\/p>\n<p><strong>\ud83c\udf3f Afri\u010dka \u0161ljiva<\/strong> dobra je za potenciju.<\/p>\n<p><strong>\ud83c\udf3f Kopriva<\/strong> ima blagotvoran u\u010dinak i ubrzava izlu\u010divanje mokra\u0107e.<\/p>\n<p><strong>\ud83c\udf3f Bu\u010dine sjemenke<\/strong> poma\u017eu kod pra\u017enjenja mjehura, dobre su za bubrege, \u0161tite prostatu i poma\u017eu u smanjenju simptoma.[\/vc_column_text][\/vc_column][\/vc_row][vc_row][vc_column][vc_column_text css=&#8221;.vc_custom_1615133373446{padding-top: 30px !important;padding-right: 30px !important;padding-bottom: 30px !important;padding-left: 30px !important;background-color: #ededed !important;}&#8221;]Bez konzervansa, boja i laktoze. <strong>Pogodno i za dijabeti\u010dare.<\/strong><\/p>\n<p><strong>Samo jedna kapsula dnevno!<\/strong> Jedna kutija (30 kapsula) je dovoljna za cijeli mjesec.<\/p>\n<p>Ovaj se proizvod koristi za prevenciju i pomo\u0107 osobama sa lak\u0161im simptomima. U slu\u010daju te\u017eih problema, posjetite lije\u010dnika.<\/p>\n<p>&nbsp;<\/p>\n<p><strong>U PAKETU DOBIJATE 5 BO\u010cICA \u0160TO JE DOVOLJNO ZA 5 MJESECI<\/strong><\/p>\n<p>Ako \u017eelite naru\u010diti samo 1 kutiju, <a href=\"https:\/\/www.sen.hr\/collections\/prehrambeni-dodaci\/palmeta-africka-sljiva-kopriva-bucine-sjemenke-kapsule\/\">kliknite OVDJE.<\/a><\/p>\n<p>[\/vc_column_text][\/vc_column][\/vc_row][vc_row][vc_column][vc_column_text][\/vc_column_text][\/vc_column][\/vc_row]<\/p>\n","protected":false},"excerpt":{"rendered":"<h4>PAKET JE DOVOLJAN ZA 5 MJESECI<\/h4>\n<p>4 PLA\u0106ATE, 1 dobivate GRATIS<\/p>\n<p>Da bi se danas za\u0161titio mokra\u0107ni mjehur i prostata, sve vi\u0161e stru\u010dnjaka preporu\u010duje rano uzimanje biljnih alternativa, poput kombinacije Palmeta + afri\u010dke \u0161ljive + koprive kapsula s bu\u010dinim sjemenkama:<\/p>\n<ul>\n<li>za za\u0161titu mjehura i prostate<\/li>\n<li>za ja\u010danje mi\u0161i\u0107a mokra\u0107nog mjehura i ubrzanje izlu\u010divanja mokra\u0107e<\/li>\n<li>za njegu mokra\u0107nih i genitalnih organa iznutra<\/li>\n<li>za potenciju<\/li>\n<\/ul>\n<p><strong>PREPORU\u010cENA DNEVNA KOLI\u010cINA<\/strong>: Jedna kapsula dnevno, prije jela, s dovoljno teku\u0107ine.<\/p>\n<p><strong>SADR\u017dAJ JEDNE BOCE<\/strong>: 30 kapsula, u paketu dobijete 5 bo\u010dica<\/p>\n<p>+ BESPLATNA PO\u0160TARINA<\/p>\n","protected":false},"featured_media":28687,"comment_status":"open","ping_status":"closed","template":"","meta":{"inline_featured_image":false},"product_cat":[438],"product_tag":[494,496,545,399,456],"class_list":["post-27332","product","type-product","status-publish","has-post-thumbnail","hentry","product_cat-akcija-hr","product_tag-kopriva","product_tag-mjehur","product_tag-palmeta","product_tag-prirodno","product_tag-prostata"],"acf":[],"yoast_head":"<!-- This site is optimized with the Yoast SEO plugin v19.13 - https:\/\/yoast.com\/wordpress\/plugins\/seo\/ -->\n<title>Palmeta + Afri\u010dka \u0161ljiva 4 + 1 - SEN Shop<\/title>\n<meta name=\"robots\" content=\"index, follow, max-snippet:-1, max-image-preview:large, max-video-preview:-1\" \/>\n<link rel=\"canonical\" href=\"https:\/\/sen-shop.com\/hr\/collections\/akcija-hr\/palmeta-africka-sljiva-kopriva-bucine-sjemenke-kapsule-4-1-gratis\/\" \/>\n<meta property=\"og:locale\" content=\"hr_HR\" \/>\n<meta property=\"og:type\" content=\"article\" \/>\n<meta property=\"og:title\" content=\"Palmeta + Afri\u010dka \u0161ljiva 4 + 1 - SEN Shop\" \/>\n<meta property=\"og:description\" content=\"PAKET JE DOVOLJAN ZA 5 MJESECI 4 PLA\u0106ATE, 1 dobivate GRATIS  Da bi se danas za\u0161titio mokra\u0107ni mjehur i prostata, sve vi\u0161e stru\u010dnjaka preporu\u010duje rano uzimanje biljnih alternativa, poput kombinacije Palmeta + afri\u010dke \u0161ljive + koprive kapsula s bu\u010dinim sjemenkama:   za za\u0161titu mjehura i prostate  za ja\u010danje mi\u0161i\u0107a mokra\u0107nog mjehura i ubrzanje izlu\u010divanja mokra\u0107e  za njegu mokra\u0107nih i genitalnih organa iznutra  za potenciju  PREPORU\u010cENA DNEVNA KOLI\u010cINA: Jedna kapsula dnevno, prije jela, s dovoljno teku\u0107ine.  SADR\u017dAJ JEDNE BOCE: 30 kapsula, u paketu dobijete 5 bo\u010dica  + BESPLATNA PO\u0160TARINA\" \/>\n<meta property=\"og:url\" content=\"https:\/\/sen-shop.com\/hr\/collections\/akcija-hr\/palmeta-africka-sljiva-kopriva-bucine-sjemenke-kapsule-4-1-gratis\/\" \/>\n<meta property=\"og:site_name\" content=\"SEN Shop\" \/>\n<meta property=\"article:publisher\" content=\"https:\/\/www.facebook.com\/Senshopslovenija\" \/>\n<meta property=\"article:modified_time\" content=\"2023-03-28T12:47:31+00:00\" \/>\n<meta property=\"og:image\" content=\"https:\/\/sen-shop.com\/wp-content\/uploads\/2021\/04\/Kopija-izd.-4-1-gratis-africka-sliva-palmeta.png\" \/>\n\t<meta property=\"og:image:width\" content=\"1200\" \/>\n\t<meta property=\"og:image:height\" content=\"1200\" \/>\n\t<meta property=\"og:image:type\" content=\"image\/png\" \/>\n<meta name=\"twitter:card\" content=\"summary_large_image\" \/>\n<meta name=\"twitter:label1\" content=\"Est. reading time\" \/>\n\t<meta name=\"twitter:data1\" content=\"2 minutes\" \/>\n<script type=\"application\/ld+json\" class=\"yoast-schema-graph\">{\"@context\":\"https:\/\/schema.org\",\"@graph\":[{\"@type\":\"WebPage\",\"@id\":\"https:\/\/sen-shop.com\/hr\/collections\/akcija-hr\/palmeta-africka-sljiva-kopriva-bucine-sjemenke-kapsule-4-1-gratis\/\",\"url\":\"https:\/\/sen-shop.com\/hr\/collections\/akcija-hr\/palmeta-africka-sljiva-kopriva-bucine-sjemenke-kapsule-4-1-gratis\/\",\"name\":\"Palmeta + Afri\u010dka \u0161ljiva 4 + 1 - SEN Shop\",\"isPartOf\":{\"@id\":\"https:\/\/sen-shop.com\/hr\/#website\"},\"datePublished\":\"2021-04-16T07:57:19+00:00\",\"dateModified\":\"2023-03-28T12:47:31+00:00\",\"breadcrumb\":{\"@id\":\"https:\/\/sen-shop.com\/hr\/collections\/akcija-hr\/palmeta-africka-sljiva-kopriva-bucine-sjemenke-kapsule-4-1-gratis\/#breadcrumb\"},\"inLanguage\":\"hr-HR\",\"potentialAction\":[{\"@type\":\"ReadAction\",\"target\":[\"https:\/\/sen-shop.com\/hr\/collections\/akcija-hr\/palmeta-africka-sljiva-kopriva-bucine-sjemenke-kapsule-4-1-gratis\/\"]}]},{\"@type\":\"BreadcrumbList\",\"@id\":\"https:\/\/sen-shop.com\/hr\/collections\/akcija-hr\/palmeta-africka-sljiva-kopriva-bucine-sjemenke-kapsule-4-1-gratis\/#breadcrumb\",\"itemListElement\":[{\"@type\":\"ListItem\",\"position\":1,\"name\":\"Home\",\"item\":\"https:\/\/sen-shop.com\/hr\/\"},{\"@type\":\"ListItem\",\"position\":2,\"name\":\"Palmeta + Afri\u010dka \u0161ljiva 4 + 1\"}]},{\"@type\":\"WebSite\",\"@id\":\"https:\/\/sen-shop.com\/hr\/#website\",\"url\":\"https:\/\/sen-shop.com\/hr\/\",\"name\":\"SEN Shop\",\"description\":\"Slovensko, Ekolo\u0161ko, Naravno\",\"publisher\":{\"@id\":\"https:\/\/sen-shop.com\/hr\/#organization\"},\"potentialAction\":[{\"@type\":\"SearchAction\",\"target\":{\"@type\":\"EntryPoint\",\"urlTemplate\":\"https:\/\/sen-shop.com\/hr\/?s={search_term_string}\"},\"query-input\":\"required name=search_term_string\"}],\"inLanguage\":\"hr-HR\"},{\"@type\":\"Organization\",\"@id\":\"https:\/\/sen-shop.com\/hr\/#organization\",\"name\":\"Mind trade d.o.o\",\"url\":\"https:\/\/sen-shop.com\/hr\/\",\"logo\":{\"@type\":\"ImageObject\",\"inLanguage\":\"hr-HR\",\"@id\":\"https:\/\/sen-shop.com\/hr\/#\/schema\/logo\/image\/\",\"url\":\"https:\/\/sen-shop.com\/wp-content\/uploads\/2018\/05\/header_logo.png\",\"contentUrl\":\"https:\/\/sen-shop.com\/wp-content\/uploads\/2018\/05\/header_logo.png\",\"width\":138,\"height\":70,\"caption\":\"Mind trade d.o.o\"},\"image\":{\"@id\":\"https:\/\/sen-shop.com\/hr\/#\/schema\/logo\/image\/\"},\"sameAs\":[\"https:\/\/www.instagram.com\/senslovenija\/\",\"https:\/\/www.facebook.com\/Senshopslovenija\"]}]}<\/script>\n<!-- \/ Yoast SEO plugin. -->","yoast_head_json":{"title":"Palmeta + Afri\u010dka \u0161ljiva 4 + 1 - SEN Shop","robots":{"index":"index","follow":"follow","max-snippet":"max-snippet:-1","max-image-preview":"max-image-preview:large","max-video-preview":"max-video-preview:-1"},"canonical":"https:\/\/sen-shop.com\/hr\/collections\/akcija-hr\/palmeta-africka-sljiva-kopriva-bucine-sjemenke-kapsule-4-1-gratis\/","og_locale":"hr_HR","og_type":"article","og_title":"Palmeta + Afri\u010dka \u0161ljiva 4 + 1 - SEN Shop","og_description":"PAKET JE DOVOLJAN ZA 5 MJESECI 4 PLA\u0106ATE, 1 dobivate GRATIS  Da bi se danas za\u0161titio mokra\u0107ni mjehur i prostata, sve vi\u0161e stru\u010dnjaka preporu\u010duje rano uzimanje biljnih alternativa, poput kombinacije Palmeta + afri\u010dke \u0161ljive + koprive kapsula s bu\u010dinim sjemenkama:   za za\u0161titu mjehura i prostate  za ja\u010danje mi\u0161i\u0107a mokra\u0107nog mjehura i ubrzanje izlu\u010divanja mokra\u0107e  za njegu mokra\u0107nih i genitalnih organa iznutra  za potenciju  PREPORU\u010cENA DNEVNA KOLI\u010cINA: Jedna kapsula dnevno, prije jela, s dovoljno teku\u0107ine.  SADR\u017dAJ JEDNE BOCE: 30 kapsula, u paketu dobijete 5 bo\u010dica  + BESPLATNA PO\u0160TARINA","og_url":"https:\/\/sen-shop.com\/hr\/collections\/akcija-hr\/palmeta-africka-sljiva-kopriva-bucine-sjemenke-kapsule-4-1-gratis\/","og_site_name":"SEN Shop","article_publisher":"https:\/\/www.facebook.com\/Senshopslovenija","article_modified_time":"2023-03-28T12:47:31+00:00","og_image":[{"width":1200,"height":1200,"url":"https:\/\/sen-shop.com\/wp-content\/uploads\/2021\/04\/Kopija-izd.-4-1-gratis-africka-sliva-palmeta.png","type":"image\/png"}],"twitter_card":"summary_large_image","twitter_misc":{"Est. reading time":"2 minutes"},"schema":{"@context":"https:\/\/schema.org","@graph":[{"@type":"WebPage","@id":"https:\/\/sen-shop.com\/hr\/collections\/akcija-hr\/palmeta-africka-sljiva-kopriva-bucine-sjemenke-kapsule-4-1-gratis\/","url":"https:\/\/sen-shop.com\/hr\/collections\/akcija-hr\/palmeta-africka-sljiva-kopriva-bucine-sjemenke-kapsule-4-1-gratis\/","name":"Palmeta + Afri\u010dka \u0161ljiva 4 + 1 - SEN Shop","isPartOf":{"@id":"https:\/\/sen-shop.com\/hr\/#website"},"datePublished":"2021-04-16T07:57:19+00:00","dateModified":"2023-03-28T12:47:31+00:00","breadcrumb":{"@id":"https:\/\/sen-shop.com\/hr\/collections\/akcija-hr\/palmeta-africka-sljiva-kopriva-bucine-sjemenke-kapsule-4-1-gratis\/#breadcrumb"},"inLanguage":"hr-HR","potentialAction":[{"@type":"ReadAction","target":["https:\/\/sen-shop.com\/hr\/collections\/akcija-hr\/palmeta-africka-sljiva-kopriva-bucine-sjemenke-kapsule-4-1-gratis\/"]}]},{"@type":"BreadcrumbList","@id":"https:\/\/sen-shop.com\/hr\/collections\/akcija-hr\/palmeta-africka-sljiva-kopriva-bucine-sjemenke-kapsule-4-1-gratis\/#breadcrumb","itemListElement":[{"@type":"ListItem","position":1,"name":"Home","item":"https:\/\/sen-shop.com\/hr\/"},{"@type":"ListItem","position":2,"name":"Palmeta + Afri\u010dka \u0161ljiva 4 + 1"}]},{"@type":"WebSite","@id":"https:\/\/sen-shop.com\/hr\/#website","url":"https:\/\/sen-shop.com\/hr\/","name":"SEN Shop","description":"Slovensko, Ekolo\u0161ko, Naravno","publisher":{"@id":"https:\/\/sen-shop.com\/hr\/#organization"},"potentialAction":[{"@type":"SearchAction","target":{"@type":"EntryPoint","urlTemplate":"https:\/\/sen-shop.com\/hr\/?s={search_term_string}"},"query-input":"required name=search_term_string"}],"inLanguage":"hr-HR"},{"@type":"Organization","@id":"https:\/\/sen-shop.com\/hr\/#organization","name":"Mind trade d.o.o","url":"https:\/\/sen-shop.com\/hr\/","logo":{"@type":"ImageObject","inLanguage":"hr-HR","@id":"https:\/\/sen-shop.com\/hr\/#\/schema\/logo\/image\/","url":"https:\/\/sen-shop.com\/wp-content\/uploads\/2018\/05\/header_logo.png","contentUrl":"https:\/\/sen-shop.com\/wp-content\/uploads\/2018\/05\/header_logo.png","width":138,"height":70,"caption":"Mind trade d.o.o"},"image":{"@id":"https:\/\/sen-shop.com\/hr\/#\/schema\/logo\/image\/"},"sameAs":["https:\/\/www.instagram.com\/senslovenija\/","https:\/\/www.facebook.com\/Senshopslovenija"]}]}},"_links":{"self":[{"href":"https:\/\/sen-shop.com\/hr\/wp-json\/wp\/v2\/product\/27332","targetHints":{"allow":["GET"]}}],"collection":[{"href":"https:\/\/sen-shop.com\/hr\/wp-json\/wp\/v2\/product"}],"about":[{"href":"https:\/\/sen-shop.com\/hr\/wp-json\/wp\/v2\/types\/product"}],"replies":[{"embeddable":true,"href":"https:\/\/sen-shop.com\/hr\/wp-json\/wp\/v2\/comments?post=27332"}],"wp:featuredmedia":[{"embeddable":true,"href":"https:\/\/sen-shop.com\/hr\/wp-json\/wp\/v2\/media\/28687"}],"wp:attachment":[{"href":"https:\/\/sen-shop.com\/hr\/wp-json\/wp\/v2\/media?parent=27332"}],"wp:term":[{"taxonomy":"product_cat","embeddable":true,"href":"https:\/\/sen-shop.com\/hr\/wp-json\/wp\/v2\/product_cat?post=27332"},{"taxonomy":"product_tag","embeddable":true,"href":"https:\/\/sen-shop.com\/hr\/wp-json\/wp\/v2\/product_tag?post=27332"}],"curies":[{"name":"wp","href":"https:\/\/api.w.org\/{rel}","templated":true}]}}