{"id":27322,"date":"2021-04-16T09:44:23","date_gmt":"2021-04-16T07:44:23","guid":{"rendered":"https:\/\/www.sen-shop.com\/?post_type=product&#038;p=27322"},"modified":"2023-03-28T14:52:53","modified_gmt":"2023-03-28T12:52:53","slug":"cesnjak-4x-gratis-omega-3","status":"publish","type":"product","link":"https:\/\/sen-shop.com\/hr\/collections\/akcija-hr\/cesnjak-4x-gratis-omega-3\/","title":{"rendered":"\u010ce\u0161njak 4x + GRATIS Omega 3"},"content":{"rendered":"","protected":false},"excerpt":{"rendered":"<p>Paket je dovoljan za 8 mjeseci.<\/p>\n<p>\u010ce\u0161njak <strong>\u0161titi va\u0161e srce<\/strong>\u00a0i poma\u017ee vam da budete<strong>\u00a0sna\u017eni i aktivni<\/strong>. Osim toga, \u010de\u0161njak ima pozitivan u\u010dinak na razinu\u00a0<strong>kolesterola i triglicerida u krvi<\/strong>\u00a0te djeluje\u00a0<strong>protiv preranog starenja.<\/strong><\/p>\n<p>Omega 3 pozitivno djeluje na <strong>zdravlje srca, mozga, o\u010diju, zglobova i krvnih \u017eila.<\/strong><br \/>\nSprje\u010dava mo\u017edane\u00a0<strong>udare<\/strong>, regulira<strong>\u00a0krvni tlak i kolesterol<\/strong>, inhibira upalne procese.<\/p>\n<p><strong>PREPORU\u010cENA DNEVNA KOLI\u010cINA<\/strong>: 1 x kapsula \u010ce\u0161njaka i 2 x kapsula Omega 3<\/p>\n<p><strong>SADR\u017dAJ JEDNE BOCE<\/strong>: \u010ce\u0161njak &#8211; 60 kapsula, Omega 3 &#8211; 60 kapsula<\/p>\n<p>+ BESPLATNA PO\u0160TARINA<\/p>\n","protected":false},"featured_media":62020,"comment_status":"open","ping_status":"closed","template":"","meta":{"inline_featured_image":false},"product_cat":[438],"product_tag":[534,551,550],"class_list":["post-27322","product","type-product","status-publish","has-post-thumbnail","hentry","product_cat-akcija-hr","product_tag-cesnjak","product_tag-kolesterol","product_tag-omega-3"],"acf":[],"yoast_head":"<!-- This site is optimized with the Yoast SEO plugin v19.13 - https:\/\/yoast.com\/wordpress\/plugins\/seo\/ -->\n<title>\u010ce\u0161njak 4x + GRATIS Omega 3 - SEN Shop<\/title>\n<meta name=\"robots\" content=\"index, follow, max-snippet:-1, max-image-preview:large, max-video-preview:-1\" \/>\n<link rel=\"canonical\" href=\"https:\/\/sen-shop.com\/hr\/collections\/akcija-hr\/cesnjak-4x-gratis-omega-3\/\" \/>\n<meta property=\"og:locale\" content=\"hr_HR\" \/>\n<meta property=\"og:type\" content=\"article\" \/>\n<meta property=\"og:title\" content=\"\u010ce\u0161njak 4x + GRATIS Omega 3 - SEN Shop\" \/>\n<meta property=\"og:description\" content=\"Paket je dovoljan za 8 mjeseci.  \u010ce\u0161njak \u0161titi va\u0161e srce\u00a0i poma\u017ee vam da budete\u00a0sna\u017eni i aktivni. Osim toga, \u010de\u0161njak ima pozitivan u\u010dinak na razinu\u00a0kolesterola i triglicerida u krvi\u00a0te djeluje\u00a0protiv preranog starenja.  Omega 3 pozitivno djeluje na zdravlje srca, mozga, o\u010diju, zglobova i krvnih \u017eila. Sprje\u010dava mo\u017edane\u00a0udare, regulira\u00a0krvni tlak i kolesterol, inhibira upalne procese.  PREPORU\u010cENA DNEVNA KOLI\u010cINA: 1 x kapsula \u010ce\u0161njaka i 2 x kapsula Omega 3  SADR\u017dAJ JEDNE BOCE: \u010ce\u0161njak - 60 kapsula, Omega 3 - 60 kapsula  + BESPLATNA PO\u0160TARINA\" \/>\n<meta property=\"og:url\" content=\"https:\/\/sen-shop.com\/hr\/collections\/akcija-hr\/cesnjak-4x-gratis-omega-3\/\" \/>\n<meta property=\"og:site_name\" content=\"SEN Shop\" \/>\n<meta property=\"article:publisher\" content=\"https:\/\/www.facebook.com\/Senshopslovenija\" \/>\n<meta property=\"article:modified_time\" content=\"2023-03-28T12:52:53+00:00\" \/>\n<meta property=\"og:image\" content=\"https:\/\/sen-shop.com\/wp-content\/uploads\/2021\/04\/PAKETI-19.jpg\" \/>\n\t<meta property=\"og:image:width\" content=\"1080\" \/>\n\t<meta property=\"og:image:height\" content=\"1080\" \/>\n\t<meta property=\"og:image:type\" content=\"image\/jpeg\" \/>\n<meta name=\"twitter:card\" content=\"summary_large_image\" \/>\n<script type=\"application\/ld+json\" class=\"yoast-schema-graph\">{\"@context\":\"https:\/\/schema.org\",\"@graph\":[{\"@type\":\"WebPage\",\"@id\":\"https:\/\/sen-shop.com\/hr\/collections\/akcija-hr\/cesnjak-4x-gratis-omega-3\/\",\"url\":\"https:\/\/sen-shop.com\/hr\/collections\/akcija-hr\/cesnjak-4x-gratis-omega-3\/\",\"name\":\"\u010ce\u0161njak 4x + GRATIS Omega 3 - SEN Shop\",\"isPartOf\":{\"@id\":\"https:\/\/sen-shop.com\/hr\/#website\"},\"datePublished\":\"2021-04-16T07:44:23+00:00\",\"dateModified\":\"2023-03-28T12:52:53+00:00\",\"breadcrumb\":{\"@id\":\"https:\/\/sen-shop.com\/hr\/collections\/akcija-hr\/cesnjak-4x-gratis-omega-3\/#breadcrumb\"},\"inLanguage\":\"hr-HR\",\"potentialAction\":[{\"@type\":\"ReadAction\",\"target\":[\"https:\/\/sen-shop.com\/hr\/collections\/akcija-hr\/cesnjak-4x-gratis-omega-3\/\"]}]},{\"@type\":\"BreadcrumbList\",\"@id\":\"https:\/\/sen-shop.com\/hr\/collections\/akcija-hr\/cesnjak-4x-gratis-omega-3\/#breadcrumb\",\"itemListElement\":[{\"@type\":\"ListItem\",\"position\":1,\"name\":\"Home\",\"item\":\"https:\/\/sen-shop.com\/hr\/\"},{\"@type\":\"ListItem\",\"position\":2,\"name\":\"\u010ce\u0161njak 4x + GRATIS Omega 3\"}]},{\"@type\":\"WebSite\",\"@id\":\"https:\/\/sen-shop.com\/hr\/#website\",\"url\":\"https:\/\/sen-shop.com\/hr\/\",\"name\":\"SEN Shop\",\"description\":\"Slovensko, Ekolo\u0161ko, Naravno\",\"publisher\":{\"@id\":\"https:\/\/sen-shop.com\/hr\/#organization\"},\"potentialAction\":[{\"@type\":\"SearchAction\",\"target\":{\"@type\":\"EntryPoint\",\"urlTemplate\":\"https:\/\/sen-shop.com\/hr\/?s={search_term_string}\"},\"query-input\":\"required name=search_term_string\"}],\"inLanguage\":\"hr-HR\"},{\"@type\":\"Organization\",\"@id\":\"https:\/\/sen-shop.com\/hr\/#organization\",\"name\":\"Mind trade d.o.o\",\"url\":\"https:\/\/sen-shop.com\/hr\/\",\"logo\":{\"@type\":\"ImageObject\",\"inLanguage\":\"hr-HR\",\"@id\":\"https:\/\/sen-shop.com\/hr\/#\/schema\/logo\/image\/\",\"url\":\"https:\/\/sen-shop.com\/wp-content\/uploads\/2018\/05\/header_logo.png\",\"contentUrl\":\"https:\/\/sen-shop.com\/wp-content\/uploads\/2018\/05\/header_logo.png\",\"width\":138,\"height\":70,\"caption\":\"Mind trade d.o.o\"},\"image\":{\"@id\":\"https:\/\/sen-shop.com\/hr\/#\/schema\/logo\/image\/\"},\"sameAs\":[\"https:\/\/www.instagram.com\/senslovenija\/\",\"https:\/\/www.facebook.com\/Senshopslovenija\"]}]}<\/script>\n<!-- \/ Yoast SEO plugin. -->","yoast_head_json":{"title":"\u010ce\u0161njak 4x + GRATIS Omega 3 - SEN Shop","robots":{"index":"index","follow":"follow","max-snippet":"max-snippet:-1","max-image-preview":"max-image-preview:large","max-video-preview":"max-video-preview:-1"},"canonical":"https:\/\/sen-shop.com\/hr\/collections\/akcija-hr\/cesnjak-4x-gratis-omega-3\/","og_locale":"hr_HR","og_type":"article","og_title":"\u010ce\u0161njak 4x + GRATIS Omega 3 - SEN Shop","og_description":"Paket je dovoljan za 8 mjeseci.  \u010ce\u0161njak \u0161titi va\u0161e srce\u00a0i poma\u017ee vam da budete\u00a0sna\u017eni i aktivni. Osim toga, \u010de\u0161njak ima pozitivan u\u010dinak na razinu\u00a0kolesterola i triglicerida u krvi\u00a0te djeluje\u00a0protiv preranog starenja.  Omega 3 pozitivno djeluje na zdravlje srca, mozga, o\u010diju, zglobova i krvnih \u017eila. Sprje\u010dava mo\u017edane\u00a0udare, regulira\u00a0krvni tlak i kolesterol, inhibira upalne procese.  PREPORU\u010cENA DNEVNA KOLI\u010cINA: 1 x kapsula \u010ce\u0161njaka i 2 x kapsula Omega 3  SADR\u017dAJ JEDNE BOCE: \u010ce\u0161njak - 60 kapsula, Omega 3 - 60 kapsula  + BESPLATNA PO\u0160TARINA","og_url":"https:\/\/sen-shop.com\/hr\/collections\/akcija-hr\/cesnjak-4x-gratis-omega-3\/","og_site_name":"SEN Shop","article_publisher":"https:\/\/www.facebook.com\/Senshopslovenija","article_modified_time":"2023-03-28T12:52:53+00:00","og_image":[{"width":1080,"height":1080,"url":"https:\/\/sen-shop.com\/wp-content\/uploads\/2021\/04\/PAKETI-19.jpg","type":"image\/jpeg"}],"twitter_card":"summary_large_image","schema":{"@context":"https:\/\/schema.org","@graph":[{"@type":"WebPage","@id":"https:\/\/sen-shop.com\/hr\/collections\/akcija-hr\/cesnjak-4x-gratis-omega-3\/","url":"https:\/\/sen-shop.com\/hr\/collections\/akcija-hr\/cesnjak-4x-gratis-omega-3\/","name":"\u010ce\u0161njak 4x + GRATIS Omega 3 - SEN Shop","isPartOf":{"@id":"https:\/\/sen-shop.com\/hr\/#website"},"datePublished":"2021-04-16T07:44:23+00:00","dateModified":"2023-03-28T12:52:53+00:00","breadcrumb":{"@id":"https:\/\/sen-shop.com\/hr\/collections\/akcija-hr\/cesnjak-4x-gratis-omega-3\/#breadcrumb"},"inLanguage":"hr-HR","potentialAction":[{"@type":"ReadAction","target":["https:\/\/sen-shop.com\/hr\/collections\/akcija-hr\/cesnjak-4x-gratis-omega-3\/"]}]},{"@type":"BreadcrumbList","@id":"https:\/\/sen-shop.com\/hr\/collections\/akcija-hr\/cesnjak-4x-gratis-omega-3\/#breadcrumb","itemListElement":[{"@type":"ListItem","position":1,"name":"Home","item":"https:\/\/sen-shop.com\/hr\/"},{"@type":"ListItem","position":2,"name":"\u010ce\u0161njak 4x + GRATIS Omega 3"}]},{"@type":"WebSite","@id":"https:\/\/sen-shop.com\/hr\/#website","url":"https:\/\/sen-shop.com\/hr\/","name":"SEN Shop","description":"Slovensko, Ekolo\u0161ko, Naravno","publisher":{"@id":"https:\/\/sen-shop.com\/hr\/#organization"},"potentialAction":[{"@type":"SearchAction","target":{"@type":"EntryPoint","urlTemplate":"https:\/\/sen-shop.com\/hr\/?s={search_term_string}"},"query-input":"required name=search_term_string"}],"inLanguage":"hr-HR"},{"@type":"Organization","@id":"https:\/\/sen-shop.com\/hr\/#organization","name":"Mind trade d.o.o","url":"https:\/\/sen-shop.com\/hr\/","logo":{"@type":"ImageObject","inLanguage":"hr-HR","@id":"https:\/\/sen-shop.com\/hr\/#\/schema\/logo\/image\/","url":"https:\/\/sen-shop.com\/wp-content\/uploads\/2018\/05\/header_logo.png","contentUrl":"https:\/\/sen-shop.com\/wp-content\/uploads\/2018\/05\/header_logo.png","width":138,"height":70,"caption":"Mind trade d.o.o"},"image":{"@id":"https:\/\/sen-shop.com\/hr\/#\/schema\/logo\/image\/"},"sameAs":["https:\/\/www.instagram.com\/senslovenija\/","https:\/\/www.facebook.com\/Senshopslovenija"]}]}},"_links":{"self":[{"href":"https:\/\/sen-shop.com\/hr\/wp-json\/wp\/v2\/product\/27322","targetHints":{"allow":["GET"]}}],"collection":[{"href":"https:\/\/sen-shop.com\/hr\/wp-json\/wp\/v2\/product"}],"about":[{"href":"https:\/\/sen-shop.com\/hr\/wp-json\/wp\/v2\/types\/product"}],"replies":[{"embeddable":true,"href":"https:\/\/sen-shop.com\/hr\/wp-json\/wp\/v2\/comments?post=27322"}],"wp:featuredmedia":[{"embeddable":true,"href":"https:\/\/sen-shop.com\/hr\/wp-json\/wp\/v2\/media\/62020"}],"wp:attachment":[{"href":"https:\/\/sen-shop.com\/hr\/wp-json\/wp\/v2\/media?parent=27322"}],"wp:term":[{"taxonomy":"product_cat","embeddable":true,"href":"https:\/\/sen-shop.com\/hr\/wp-json\/wp\/v2\/product_cat?post=27322"},{"taxonomy":"product_tag","embeddable":true,"href":"https:\/\/sen-shop.com\/hr\/wp-json\/wp\/v2\/product_tag?post=27322"}],"curies":[{"name":"wp","href":"https:\/\/api.w.org\/{rel}","templated":true}]}}