{"id":27316,"date":"2021-04-16T09:40:07","date_gmt":"2021-04-16T07:40:07","guid":{"rendered":"https:\/\/www.sen-shop.com\/?post_type=product&#038;p=27316"},"modified":"2021-12-14T15:53:37","modified_gmt":"2021-12-14T14:53:37","slug":"palmeta-kopriva-lisce-breze-i-sjemenke-bundeve-za-prostatu","status":"publish","type":"product","link":"https:\/\/sen-shop.com\/hr\/collections\/prehrambeni-dodaci\/palmeta-kopriva-lisce-breze-i-sjemenke-bundeve-za-prostatu\/","title":{"rendered":"Palmeta, kopriva, li\u0161\u0107e breze"},"content":{"rendered":"<h1>Palmeta, kopriva, li\u0161\u0107e breze i sjemenke bundeve &#8211; prostata<\/h1>\n<p><strong>Mu\u010di vas prostata ili mokrenje?<\/strong><\/p>\n<p>Jedinstvena kombinacija prirodnih sastojaka je prirodna alternativa za za\u0161titu mjehura i prostate. Prostata je mala mu\u0161ka spolna \u017elijezda koja mo\u017ee uzrokovati velike probleme u \u017eivotu pojedinca. Pri ro\u0111enju, prostata te\u017ei samo nekoliko grama i konstantno raste tijekom \u010ditavog \u017eivota. Njezin rast u ve\u0107ini slu\u010dajeva do 40. godine ne uzrokuje velike probleme, unato\u010d tome mnogi mu\u0161karci i dalje imaju problema s mokrenjem prije 60. godine zbog pove\u0107ane prostate. Razli\u010diti oblici ovih neugodnosti se naj\u010de\u0161\u0107e pojavljuju kod odrasle osobe. Prema istra\u017eivanjima,\u010dak jedna tre\u0107ina mu\u0161karaca nakon 65. godine \u017eivota pati od prekomjernog rasta prostate.<\/p>\n<p>&nbsp;<\/p>\n<p><strong>Bez pote\u0161ko\u0107a kod mokrenja i za\u0161tita reproduktivnih organa iznutra<\/strong>. Uzimanje <strong>kapsula Palmeta<\/strong>, koprive, breze i bundeve redovito \u0107e vam pomo\u0107i da temeljitije ispraznite mjehur tijekom mokrenja, tako da dodatno ustajanje no\u0107u ne\u0107e biti potrebno. Suvremene knjige o ljekovitom bilju otkrivaju da kopriva olak\u0161ava mokrenje i ima u\u010dinak \u010di\u0161\u0107enja na mokra\u0107ovod. Tako\u0111er uklanja pijesak, sni\u017eava \u0161e\u0107er u krvi, ubla\u017eava reumatske probleme sa zglobovima smanjuju\u0107i mnoge upale u tijelu. Tako\u0111er je jedna od najkorisnijih biljaka koja poma\u017ee kod pove\u0107anih problema s prostatom.<\/p>\n<p>&nbsp;<\/p>\n<p><strong>PREPORU\u010cENA DNEVNA KOLI\u010cINA<\/strong>: Jedna kapsula dnevno, prije jela, s dovoljno teku\u0107ine.<\/p>\n<p><strong>SADR\u017dAJ<\/strong>: 60 kapsula<\/p>\n<p><strong>Neto koli\u010dina<\/strong>: 23,6 g. <strong>Sadr\u017eaj jedne kapsule<\/strong>: Ekstrakt palmete (4: 1) 25 mg, prah koprive 100 mg, prah listova breze 100 mg, pra\u0161ak sjemenki bundeve 80 mg.<\/p>\n<p><strong>SASTAV<\/strong>: prah koprive, prah brezovog li\u0161\u0107a, \u017eelatina, prah sjemenki bundeve, ekstrakt palme. Sredstvo protiv zgrudnjavanja: magnezijev stearat.<\/p>\n<p><strong> Kapsule ne sadr\u017ee konzervanse, bojila i laktozu. Pogodno i za dijabeti\u010dare!<\/strong><\/p>\n","protected":false},"excerpt":{"rendered":"<p>Za probleme s mjehurom i prostatom sve ve\u0107i broj stru\u010dnjaka preporu\u010duje rano uzimanje biljnih pripravaka, poput kombinacije palmete, koprive, brezovog li\u0161\u0107a i sjemenki bundeve.<\/p>\n<p><strong>PREPORU\u010cENA DNEVNA KOLI\u010cINA<\/strong>: Jedna kapsula dnevno, prije jela, s dovoljno teku\u0107ine.<\/p>\n<p><strong>SADR\u017dAJ<\/strong>: 60 kapsula<\/p>\n[banner_prehrana]\n","protected":false},"featured_media":27317,"comment_status":"open","ping_status":"closed","template":"","meta":{"inline_featured_image":false},"product_cat":[810,403],"product_tag":[385,489,492,542,543,463,494,544,495,545,546,456,547,548,549,390],"class_list":["post-27316","product","type-product","status-publish","has-post-thumbnail","hentry","product_cat-nekategorizirano-hr","product_cat-prehrambeni-dodaci","product_tag-bio-hr","product_tag-bio-produkt","product_tag-bio-proizvod","product_tag-breza","product_tag-domace","product_tag-hafesan","product_tag-kopriva","product_tag-lijek-za-prostatu","product_tag-mokrenje","product_tag-palmeta","product_tag-problemi-s-prostatom","product_tag-prostata","product_tag-prostata-bolest","product_tag-sjemenke-bundeve","product_tag-sto-je-dobro-za-prostatu","product_tag-zdravlje"],"acf":[],"yoast_head":"<!-- This site is optimized with the Yoast SEO plugin v19.13 - https:\/\/yoast.com\/wordpress\/plugins\/seo\/ -->\n<title>Palmeta, kopriva, li\u0161\u0107e breze - SEN Shop<\/title>\n<meta name=\"robots\" content=\"index, follow, max-snippet:-1, max-image-preview:large, max-video-preview:-1\" \/>\n<link rel=\"canonical\" href=\"https:\/\/sen-shop.com\/hr\/collections\/prehrambeni-dodaci\/palmeta-kopriva-lisce-breze-i-sjemenke-bundeve-za-prostatu\/\" \/>\n<meta property=\"og:locale\" content=\"hr_HR\" \/>\n<meta property=\"og:type\" content=\"article\" \/>\n<meta property=\"og:title\" content=\"Palmeta, kopriva, li\u0161\u0107e breze - SEN Shop\" \/>\n<meta property=\"og:description\" content=\"Za probleme s mjehurom i prostatom sve ve\u0107i broj stru\u010dnjaka preporu\u010duje rano uzimanje biljnih pripravaka, poput kombinacije palmete, koprive, brezovog li\u0161\u0107a i sjemenki bundeve.  PREPORU\u010cENA DNEVNA KOLI\u010cINA: Jedna kapsula dnevno, prije jela, s dovoljno teku\u0107ine.  SADR\u017dAJ: 60 kapsula\" \/>\n<meta property=\"og:url\" content=\"https:\/\/sen-shop.com\/hr\/collections\/prehrambeni-dodaci\/palmeta-kopriva-lisce-breze-i-sjemenke-bundeve-za-prostatu\/\" \/>\n<meta property=\"og:site_name\" content=\"SEN Shop\" \/>\n<meta property=\"article:publisher\" content=\"https:\/\/www.facebook.com\/Senshopslovenija\" \/>\n<meta property=\"article:modified_time\" content=\"2021-12-14T14:53:37+00:00\" \/>\n<meta property=\"og:image\" content=\"https:\/\/sen-shop.com\/wp-content\/uploads\/2021\/04\/palmeto.jpg\" \/>\n\t<meta property=\"og:image:width\" content=\"506\" \/>\n\t<meta property=\"og:image:height\" content=\"607\" \/>\n\t<meta property=\"og:image:type\" content=\"image\/jpeg\" \/>\n<meta name=\"twitter:card\" content=\"summary_large_image\" \/>\n<meta name=\"twitter:label1\" content=\"Est. reading time\" \/>\n\t<meta name=\"twitter:data1\" content=\"1 minute\" \/>\n<script type=\"application\/ld+json\" class=\"yoast-schema-graph\">{\"@context\":\"https:\/\/schema.org\",\"@graph\":[{\"@type\":\"WebPage\",\"@id\":\"https:\/\/sen-shop.com\/hr\/collections\/prehrambeni-dodaci\/palmeta-kopriva-lisce-breze-i-sjemenke-bundeve-za-prostatu\/\",\"url\":\"https:\/\/sen-shop.com\/hr\/collections\/prehrambeni-dodaci\/palmeta-kopriva-lisce-breze-i-sjemenke-bundeve-za-prostatu\/\",\"name\":\"Palmeta, kopriva, li\u0161\u0107e breze - SEN Shop\",\"isPartOf\":{\"@id\":\"https:\/\/sen-shop.com\/hr\/#website\"},\"datePublished\":\"2021-04-16T07:40:07+00:00\",\"dateModified\":\"2021-12-14T14:53:37+00:00\",\"breadcrumb\":{\"@id\":\"https:\/\/sen-shop.com\/hr\/collections\/prehrambeni-dodaci\/palmeta-kopriva-lisce-breze-i-sjemenke-bundeve-za-prostatu\/#breadcrumb\"},\"inLanguage\":\"hr-HR\",\"potentialAction\":[{\"@type\":\"ReadAction\",\"target\":[\"https:\/\/sen-shop.com\/hr\/collections\/prehrambeni-dodaci\/palmeta-kopriva-lisce-breze-i-sjemenke-bundeve-za-prostatu\/\"]}]},{\"@type\":\"BreadcrumbList\",\"@id\":\"https:\/\/sen-shop.com\/hr\/collections\/prehrambeni-dodaci\/palmeta-kopriva-lisce-breze-i-sjemenke-bundeve-za-prostatu\/#breadcrumb\",\"itemListElement\":[{\"@type\":\"ListItem\",\"position\":1,\"name\":\"Home\",\"item\":\"https:\/\/sen-shop.com\/hr\/\"},{\"@type\":\"ListItem\",\"position\":2,\"name\":\"Palmeta, kopriva, li\u0161\u0107e breze\"}]},{\"@type\":\"WebSite\",\"@id\":\"https:\/\/sen-shop.com\/hr\/#website\",\"url\":\"https:\/\/sen-shop.com\/hr\/\",\"name\":\"SEN Shop\",\"description\":\"Slovensko, Ekolo\u0161ko, Naravno\",\"publisher\":{\"@id\":\"https:\/\/sen-shop.com\/hr\/#organization\"},\"potentialAction\":[{\"@type\":\"SearchAction\",\"target\":{\"@type\":\"EntryPoint\",\"urlTemplate\":\"https:\/\/sen-shop.com\/hr\/?s={search_term_string}\"},\"query-input\":\"required name=search_term_string\"}],\"inLanguage\":\"hr-HR\"},{\"@type\":\"Organization\",\"@id\":\"https:\/\/sen-shop.com\/hr\/#organization\",\"name\":\"Mind trade d.o.o\",\"url\":\"https:\/\/sen-shop.com\/hr\/\",\"logo\":{\"@type\":\"ImageObject\",\"inLanguage\":\"hr-HR\",\"@id\":\"https:\/\/sen-shop.com\/hr\/#\/schema\/logo\/image\/\",\"url\":\"https:\/\/sen-shop.com\/wp-content\/uploads\/2018\/05\/header_logo.png\",\"contentUrl\":\"https:\/\/sen-shop.com\/wp-content\/uploads\/2018\/05\/header_logo.png\",\"width\":138,\"height\":70,\"caption\":\"Mind trade d.o.o\"},\"image\":{\"@id\":\"https:\/\/sen-shop.com\/hr\/#\/schema\/logo\/image\/\"},\"sameAs\":[\"https:\/\/www.instagram.com\/senslovenija\/\",\"https:\/\/www.facebook.com\/Senshopslovenija\"]}]}<\/script>\n<!-- \/ Yoast SEO plugin. -->","yoast_head_json":{"title":"Palmeta, kopriva, li\u0161\u0107e breze - SEN Shop","robots":{"index":"index","follow":"follow","max-snippet":"max-snippet:-1","max-image-preview":"max-image-preview:large","max-video-preview":"max-video-preview:-1"},"canonical":"https:\/\/sen-shop.com\/hr\/collections\/prehrambeni-dodaci\/palmeta-kopriva-lisce-breze-i-sjemenke-bundeve-za-prostatu\/","og_locale":"hr_HR","og_type":"article","og_title":"Palmeta, kopriva, li\u0161\u0107e breze - SEN Shop","og_description":"Za probleme s mjehurom i prostatom sve ve\u0107i broj stru\u010dnjaka preporu\u010duje rano uzimanje biljnih pripravaka, poput kombinacije palmete, koprive, brezovog li\u0161\u0107a i sjemenki bundeve.  PREPORU\u010cENA DNEVNA KOLI\u010cINA: Jedna kapsula dnevno, prije jela, s dovoljno teku\u0107ine.  SADR\u017dAJ: 60 kapsula","og_url":"https:\/\/sen-shop.com\/hr\/collections\/prehrambeni-dodaci\/palmeta-kopriva-lisce-breze-i-sjemenke-bundeve-za-prostatu\/","og_site_name":"SEN Shop","article_publisher":"https:\/\/www.facebook.com\/Senshopslovenija","article_modified_time":"2021-12-14T14:53:37+00:00","og_image":[{"width":506,"height":607,"url":"https:\/\/sen-shop.com\/wp-content\/uploads\/2021\/04\/palmeto.jpg","type":"image\/jpeg"}],"twitter_card":"summary_large_image","twitter_misc":{"Est. reading time":"1 minute"},"schema":{"@context":"https:\/\/schema.org","@graph":[{"@type":"WebPage","@id":"https:\/\/sen-shop.com\/hr\/collections\/prehrambeni-dodaci\/palmeta-kopriva-lisce-breze-i-sjemenke-bundeve-za-prostatu\/","url":"https:\/\/sen-shop.com\/hr\/collections\/prehrambeni-dodaci\/palmeta-kopriva-lisce-breze-i-sjemenke-bundeve-za-prostatu\/","name":"Palmeta, kopriva, li\u0161\u0107e breze - SEN Shop","isPartOf":{"@id":"https:\/\/sen-shop.com\/hr\/#website"},"datePublished":"2021-04-16T07:40:07+00:00","dateModified":"2021-12-14T14:53:37+00:00","breadcrumb":{"@id":"https:\/\/sen-shop.com\/hr\/collections\/prehrambeni-dodaci\/palmeta-kopriva-lisce-breze-i-sjemenke-bundeve-za-prostatu\/#breadcrumb"},"inLanguage":"hr-HR","potentialAction":[{"@type":"ReadAction","target":["https:\/\/sen-shop.com\/hr\/collections\/prehrambeni-dodaci\/palmeta-kopriva-lisce-breze-i-sjemenke-bundeve-za-prostatu\/"]}]},{"@type":"BreadcrumbList","@id":"https:\/\/sen-shop.com\/hr\/collections\/prehrambeni-dodaci\/palmeta-kopriva-lisce-breze-i-sjemenke-bundeve-za-prostatu\/#breadcrumb","itemListElement":[{"@type":"ListItem","position":1,"name":"Home","item":"https:\/\/sen-shop.com\/hr\/"},{"@type":"ListItem","position":2,"name":"Palmeta, kopriva, li\u0161\u0107e breze"}]},{"@type":"WebSite","@id":"https:\/\/sen-shop.com\/hr\/#website","url":"https:\/\/sen-shop.com\/hr\/","name":"SEN Shop","description":"Slovensko, Ekolo\u0161ko, Naravno","publisher":{"@id":"https:\/\/sen-shop.com\/hr\/#organization"},"potentialAction":[{"@type":"SearchAction","target":{"@type":"EntryPoint","urlTemplate":"https:\/\/sen-shop.com\/hr\/?s={search_term_string}"},"query-input":"required name=search_term_string"}],"inLanguage":"hr-HR"},{"@type":"Organization","@id":"https:\/\/sen-shop.com\/hr\/#organization","name":"Mind trade d.o.o","url":"https:\/\/sen-shop.com\/hr\/","logo":{"@type":"ImageObject","inLanguage":"hr-HR","@id":"https:\/\/sen-shop.com\/hr\/#\/schema\/logo\/image\/","url":"https:\/\/sen-shop.com\/wp-content\/uploads\/2018\/05\/header_logo.png","contentUrl":"https:\/\/sen-shop.com\/wp-content\/uploads\/2018\/05\/header_logo.png","width":138,"height":70,"caption":"Mind trade d.o.o"},"image":{"@id":"https:\/\/sen-shop.com\/hr\/#\/schema\/logo\/image\/"},"sameAs":["https:\/\/www.instagram.com\/senslovenija\/","https:\/\/www.facebook.com\/Senshopslovenija"]}]}},"_links":{"self":[{"href":"https:\/\/sen-shop.com\/hr\/wp-json\/wp\/v2\/product\/27316","targetHints":{"allow":["GET"]}}],"collection":[{"href":"https:\/\/sen-shop.com\/hr\/wp-json\/wp\/v2\/product"}],"about":[{"href":"https:\/\/sen-shop.com\/hr\/wp-json\/wp\/v2\/types\/product"}],"replies":[{"embeddable":true,"href":"https:\/\/sen-shop.com\/hr\/wp-json\/wp\/v2\/comments?post=27316"}],"wp:featuredmedia":[{"embeddable":true,"href":"https:\/\/sen-shop.com\/hr\/wp-json\/wp\/v2\/media\/27317"}],"wp:attachment":[{"href":"https:\/\/sen-shop.com\/hr\/wp-json\/wp\/v2\/media?parent=27316"}],"wp:term":[{"taxonomy":"product_cat","embeddable":true,"href":"https:\/\/sen-shop.com\/hr\/wp-json\/wp\/v2\/product_cat?post=27316"},{"taxonomy":"product_tag","embeddable":true,"href":"https:\/\/sen-shop.com\/hr\/wp-json\/wp\/v2\/product_tag?post=27316"}],"curies":[{"name":"wp","href":"https:\/\/api.w.org\/{rel}","templated":true}]}}