{"id":27313,"date":"2021-04-16T09:35:08","date_gmt":"2021-04-16T07:35:08","guid":{"rendered":"https:\/\/www.sen-shop.com\/?post_type=product&#038;p=27313"},"modified":"2023-03-28T14:30:00","modified_gmt":"2023-03-28T12:30:00","slug":"ginko-plus-kapsule","status":"publish","type":"product","link":"https:\/\/sen-shop.com\/hr\/collections\/prehrambeni-dodaci\/tezave-s-spominom\/ginko-plus-kapsule\/","title":{"rendered":"Ginko Plus kapsule"},"content":{"rendered":"<p>[vc_row][vc_column][vc_column_text css=&#8221;.vc_custom_1639647614497{padding-top: 30px !important;padding-right: 30px !important;padding-bottom: 30px !important;padding-left: 30px !important;background-color: #c9db95 !important;}&#8221;]<\/p>\n<h3>Ginko Plus kapsule &#8211; smanjite umor i pove\u0107ajte koncentraciju<\/h3>\n<p>Ginko je kao bitan faktor prehrane zbog <strong>svog fiziolo\u0161kog u\u010dinka<\/strong> ve\u0107 dugo poznat i cijenjen u zapadnim dr\u017eavama, posebno u Kini. Brojna istra\u017eivanja dokazuju njegovu sposobnost revitalizacije i poticanja <strong>mentalnih sposobnosti i koncentracije<\/strong>. Sastojci Ginko Plus kapsula pozitivno utje\u010du na <strong>te\u0161ke i umorne noge<\/strong>, a bioflavonoidi imaju blagotvoran u\u010dinak i antioksidacijsko djelovanje u venama (kao i u mozgu).<\/p>\n<p><a href=\"https:\/\/sen-shop.com\/wp-content\/uploads\/2021\/04\/bad-mood-sad-unhappy-aged-woman-sitting-armchair-leaning-walking-stick-while-thinking-about-her-problems-scaled.jpg\"><img loading=\"lazy\" decoding=\"async\" class=\"wp-image-45497 alignright\" src=\"https:\/\/sen-shop.com\/wp-content\/uploads\/2021\/04\/bad-mood-sad-unhappy-aged-woman-sitting-armchair-leaning-walking-stick-while-thinking-about-her-problems-scaled.jpg\" alt=\"\" width=\"450\" height=\"300\" srcset=\"https:\/\/sen-shop.com\/wp-content\/uploads\/2021\/04\/bad-mood-sad-unhappy-aged-woman-sitting-armchair-leaning-walking-stick-while-thinking-about-her-problems-scaled.jpg 2560w, https:\/\/sen-shop.com\/wp-content\/uploads\/2021\/04\/bad-mood-sad-unhappy-aged-woman-sitting-armchair-leaning-walking-stick-while-thinking-about-her-problems-scaled-570x381.jpg 570w, https:\/\/sen-shop.com\/wp-content\/uploads\/2021\/04\/bad-mood-sad-unhappy-aged-woman-sitting-armchair-leaning-walking-stick-while-thinking-about-her-problems-300x200.jpg 300w, https:\/\/sen-shop.com\/wp-content\/uploads\/2021\/04\/bad-mood-sad-unhappy-aged-woman-sitting-armchair-leaning-walking-stick-while-thinking-about-her-problems-1024x684.jpg 1024w, https:\/\/sen-shop.com\/wp-content\/uploads\/2021\/04\/bad-mood-sad-unhappy-aged-woman-sitting-armchair-leaning-walking-stick-while-thinking-about-her-problems-768x513.jpg 768w, https:\/\/sen-shop.com\/wp-content\/uploads\/2021\/04\/bad-mood-sad-unhappy-aged-woman-sitting-armchair-leaning-walking-stick-while-thinking-about-her-problems-1536x1025.jpg 1536w, https:\/\/sen-shop.com\/wp-content\/uploads\/2021\/04\/bad-mood-sad-unhappy-aged-woman-sitting-armchair-leaning-walking-stick-while-thinking-about-her-problems-2048x1367.jpg 2048w, https:\/\/sen-shop.com\/wp-content\/uploads\/2021\/04\/bad-mood-sad-unhappy-aged-woman-sitting-armchair-leaning-walking-stick-while-thinking-about-her-problems-480x320.jpg 480w, https:\/\/sen-shop.com\/wp-content\/uploads\/2021\/04\/bad-mood-sad-unhappy-aged-woman-sitting-armchair-leaning-walking-stick-while-thinking-about-her-problems-75x50.jpg 75w, https:\/\/sen-shop.com\/wp-content\/uploads\/2021\/04\/bad-mood-sad-unhappy-aged-woman-sitting-armchair-leaning-walking-stick-while-thinking-about-her-problems-60x40.jpg 60w\" sizes=\"auto, (max-width: 450px) 100vw, 450px\" \/><\/a>[\/vc_column_text][\/vc_column][\/vc_row][vc_row][vc_column][vc_column_text css=&#8221;.vc_custom_1639646066874{padding-top: 30px !important;padding-right: 30px !important;padding-bottom: 30px !important;padding-left: 30px !important;background-color: #ededed !important;}&#8221;]<strong>DODATAK GINKGO BILOBA<\/strong>: Ginko mo\u017ee pomo\u0107i u odr\u017eavanju zdrave cirkulacije i mo\u017ee pomo\u0107i u odr\u017eavanju mentalne budnosti i zdrave funkcije mozga, savr\u0161eno za povremene blage probleme s pam\u0107enjem povezane sa starenjem<\/p>\n<p><strong>MENTALNA BUDA I PAM\u0106ENJE<\/strong>: Kori\u0161ten u Kini u 15. stolje\u0107u zbog svojih zdravih svojstava, Ginkgo Biloba mo\u017ee pomo\u0107i u podr\u017eavanju zdrave mo\u017edane funkcije, mentalne budnosti i podr\u0161ke pam\u0107enju, posebno povremenih blagih problema s pam\u0107enjem povezanih sa starenjem.<\/p>\n<p><strong>ZAJAM\u010cENA KVALITETA:<\/strong> Hafesan dodaci prehrani zadovoljavaju visoke standarde kvalitete.[\/vc_column_text][\/vc_column][\/vc_row][vc_row][vc_column][vc_column_text]<strong>Ginko Plus kapsule sadr\u017ee<\/strong>: 160 mg standardiziranog posebnog ekstrakta lista ginka (standardiziranog na najmanje 24% glikogo flavona glikozida i najmanje 6% terpenskih laktona), pra\u0161kastog li\u0161\u0107a divljeg kestena i praha heljde. Za na\u0161e kapsule koristimo samo \u010diste, provjerene ekstrakte i pra\u0161kove bez kemijskih dodataka. Na taj na\u010din zadr\u017eavamo sva va\u017ena svojstva sastojaka.<\/p>\n<p>Za dodatnu za\u0161titu i njegu va\u0161eg tijela i mi\u0161i\u0107a koristite i magnezijevo ulje koje mo\u017eete naru\u010diti &#8211;&gt; <a href=\"https:\/\/sen-shop.com\/hr\/collections\/osobna-njega-cat\/njega-tijela\/magnezijevo-ulje-protiv-umora\/\">OVDJE<\/a> &lt;&#8211;<\/p>\n<h4>Provjeren proizvod!<\/h4>\n<p>U toku svoje proizvodnje i skladi\u0161tenja, kapsule podlije\u017eu stalnom provjeravanju kvalitete. Ovo jam\u010di visoku kvalitetu na\u0161ih kapsula.<\/p>\n<p>U\u010denje i pam\u0107enje \u0107e vam biti puno lak\u0161e uz samo jednu, visokokvalitetnu kapsulu!<\/p>\n<p><strong>Bez konzervansa, boja i laktoze. Pogodno i za dijabeti\u010dare<\/strong>.<\/p>\n<p>Sadr\u017eaj: 30 kapsula (= 13,5 g neto te\u017eine)[\/vc_column_text][\/vc_column][\/vc_row][vc_row][vc_column][vc_column_text css=&#8221;.vc_custom_1639649165153{padding-top: 30px !important;padding-bottom: 30px !important;background-color: #ededed !important;}&#8221;]<\/p>\n<p style=\"text-align: center;\"><span style=\"font-family: 'comic sans ms', sans-serif;\"><strong><span style=\"font-size: 14pt;\">\ud83d\udcde\u00a0 Mogu\u0107nost telefonskog naru\u010divanja na +385 98 96 24 517<\/span><\/strong><\/span><\/p>\n<p>[\/vc_column_text][\/vc_column][\/vc_row]<\/p>\n","protected":false},"excerpt":{"rendered":"<p>Imate li <strong>lo\u0161e pam\u0107enje<\/strong>? Osje\u0107ate li se<strong>\u00a0umorno <\/strong>i imate<strong> slabu koncentraciju?<\/strong> \u017delite li pokazati da ste jo\u0161 uvijek u dobroj psihi\u010dkoj formi? Iz tog razloga je kineska znanost posegnula za analiziranjem i kori\u0161tenjem <strong>ekstrakta ginka!<\/strong><\/p>\n<p>Za vas i va\u0161e tijelo smo pripremili visokokvalitetne Ginko Plus kapsule (sadr\u017eaj ginkolatne kiseline ispod 5 ppm &#8211; potvr\u0111eno pravilnom stru\u010dno\u0161\u0107u!).<\/p>\n[banner_prehrana]\n","protected":false},"featured_media":27314,"comment_status":"open","ping_status":"closed","template":"","meta":{"inline_featured_image":false},"product_cat":[403,439],"product_tag":[385,492,601,539,540,463,541,505,399,477,380],"class_list":["post-27313","product","type-product","status-publish","has-post-thumbnail","hentry","product_cat-prehrambeni-dodaci","product_cat-tezave-s-spominom","product_tag-bio-hr","product_tag-bio-proizvod","product_tag-bolovi-u-zelucu","product_tag-ekolosko","product_tag-ginko-plus","product_tag-hafesan","product_tag-koncentracija","product_tag-misici","product_tag-prirodno","product_tag-umor","product_tag-zdrav-zivot"],"acf":[],"yoast_head":"<!-- This site is optimized with the Yoast SEO plugin v19.13 - https:\/\/yoast.com\/wordpress\/plugins\/seo\/ -->\n<title>Ginko Plus kapsule - SEN Shop<\/title>\n<meta name=\"robots\" content=\"index, follow, max-snippet:-1, max-image-preview:large, max-video-preview:-1\" \/>\n<link rel=\"canonical\" href=\"https:\/\/sen-shop.com\/hr\/collections\/prehrambeni-dodaci\/tezave-s-spominom\/ginko-plus-kapsule\/\" \/>\n<meta property=\"og:locale\" content=\"hr_HR\" \/>\n<meta property=\"og:type\" content=\"article\" \/>\n<meta property=\"og:title\" content=\"Ginko Plus kapsule - SEN Shop\" \/>\n<meta property=\"og:description\" content=\"Imate li lo\u0161e pam\u0107enje? Osje\u0107ate li se\u00a0umorno i imate slabu koncentraciju? \u017delite li pokazati da ste jo\u0161 uvijek u dobroj psihi\u010dkoj formi? Iz tog razloga je kineska znanost posegnula za analiziranjem i kori\u0161tenjem ekstrakta ginka!  Za vas i va\u0161e tijelo smo pripremili visokokvalitetne Ginko Plus kapsule (sadr\u017eaj ginkolatne kiseline ispod 5 ppm - potvr\u0111eno pravilnom stru\u010dno\u0161\u0107u!).\" \/>\n<meta property=\"og:url\" content=\"https:\/\/sen-shop.com\/hr\/collections\/prehrambeni-dodaci\/tezave-s-spominom\/ginko-plus-kapsule\/\" \/>\n<meta property=\"og:site_name\" content=\"SEN Shop\" \/>\n<meta property=\"article:publisher\" content=\"https:\/\/www.facebook.com\/Senshopslovenija\" \/>\n<meta property=\"article:modified_time\" content=\"2023-03-28T12:30:00+00:00\" \/>\n<meta property=\"og:image\" content=\"https:\/\/sen-shop.com\/wp-content\/uploads\/2021\/04\/ginko-plus.jpg\" \/>\n\t<meta property=\"og:image:width\" content=\"506\" \/>\n\t<meta property=\"og:image:height\" content=\"607\" \/>\n\t<meta property=\"og:image:type\" content=\"image\/jpeg\" \/>\n<meta name=\"twitter:card\" content=\"summary_large_image\" \/>\n<meta name=\"twitter:label1\" content=\"Est. reading time\" \/>\n\t<meta name=\"twitter:data1\" content=\"2 minutes\" \/>\n<script type=\"application\/ld+json\" class=\"yoast-schema-graph\">{\"@context\":\"https:\/\/schema.org\",\"@graph\":[{\"@type\":\"WebPage\",\"@id\":\"https:\/\/sen-shop.com\/hr\/collections\/prehrambeni-dodaci\/tezave-s-spominom\/ginko-plus-kapsule\/\",\"url\":\"https:\/\/sen-shop.com\/hr\/collections\/prehrambeni-dodaci\/tezave-s-spominom\/ginko-plus-kapsule\/\",\"name\":\"Ginko Plus kapsule - SEN Shop\",\"isPartOf\":{\"@id\":\"https:\/\/sen-shop.com\/hr\/#website\"},\"datePublished\":\"2021-04-16T07:35:08+00:00\",\"dateModified\":\"2023-03-28T12:30:00+00:00\",\"breadcrumb\":{\"@id\":\"https:\/\/sen-shop.com\/hr\/collections\/prehrambeni-dodaci\/tezave-s-spominom\/ginko-plus-kapsule\/#breadcrumb\"},\"inLanguage\":\"hr-HR\",\"potentialAction\":[{\"@type\":\"ReadAction\",\"target\":[\"https:\/\/sen-shop.com\/hr\/collections\/prehrambeni-dodaci\/tezave-s-spominom\/ginko-plus-kapsule\/\"]}]},{\"@type\":\"BreadcrumbList\",\"@id\":\"https:\/\/sen-shop.com\/hr\/collections\/prehrambeni-dodaci\/tezave-s-spominom\/ginko-plus-kapsule\/#breadcrumb\",\"itemListElement\":[{\"@type\":\"ListItem\",\"position\":1,\"name\":\"Home\",\"item\":\"https:\/\/sen-shop.com\/hr\/\"},{\"@type\":\"ListItem\",\"position\":2,\"name\":\"Ginko Plus kapsule\"}]},{\"@type\":\"WebSite\",\"@id\":\"https:\/\/sen-shop.com\/hr\/#website\",\"url\":\"https:\/\/sen-shop.com\/hr\/\",\"name\":\"SEN Shop\",\"description\":\"Slovensko, Ekolo\u0161ko, Naravno\",\"publisher\":{\"@id\":\"https:\/\/sen-shop.com\/hr\/#organization\"},\"potentialAction\":[{\"@type\":\"SearchAction\",\"target\":{\"@type\":\"EntryPoint\",\"urlTemplate\":\"https:\/\/sen-shop.com\/hr\/?s={search_term_string}\"},\"query-input\":\"required name=search_term_string\"}],\"inLanguage\":\"hr-HR\"},{\"@type\":\"Organization\",\"@id\":\"https:\/\/sen-shop.com\/hr\/#organization\",\"name\":\"Mind trade d.o.o\",\"url\":\"https:\/\/sen-shop.com\/hr\/\",\"logo\":{\"@type\":\"ImageObject\",\"inLanguage\":\"hr-HR\",\"@id\":\"https:\/\/sen-shop.com\/hr\/#\/schema\/logo\/image\/\",\"url\":\"https:\/\/sen-shop.com\/wp-content\/uploads\/2018\/05\/header_logo.png\",\"contentUrl\":\"https:\/\/sen-shop.com\/wp-content\/uploads\/2018\/05\/header_logo.png\",\"width\":138,\"height\":70,\"caption\":\"Mind trade d.o.o\"},\"image\":{\"@id\":\"https:\/\/sen-shop.com\/hr\/#\/schema\/logo\/image\/\"},\"sameAs\":[\"https:\/\/www.instagram.com\/senslovenija\/\",\"https:\/\/www.facebook.com\/Senshopslovenija\"]}]}<\/script>\n<!-- \/ Yoast SEO plugin. -->","yoast_head_json":{"title":"Ginko Plus kapsule - SEN Shop","robots":{"index":"index","follow":"follow","max-snippet":"max-snippet:-1","max-image-preview":"max-image-preview:large","max-video-preview":"max-video-preview:-1"},"canonical":"https:\/\/sen-shop.com\/hr\/collections\/prehrambeni-dodaci\/tezave-s-spominom\/ginko-plus-kapsule\/","og_locale":"hr_HR","og_type":"article","og_title":"Ginko Plus kapsule - SEN Shop","og_description":"Imate li lo\u0161e pam\u0107enje? Osje\u0107ate li se\u00a0umorno i imate slabu koncentraciju? \u017delite li pokazati da ste jo\u0161 uvijek u dobroj psihi\u010dkoj formi? Iz tog razloga je kineska znanost posegnula za analiziranjem i kori\u0161tenjem ekstrakta ginka!  Za vas i va\u0161e tijelo smo pripremili visokokvalitetne Ginko Plus kapsule (sadr\u017eaj ginkolatne kiseline ispod 5 ppm - potvr\u0111eno pravilnom stru\u010dno\u0161\u0107u!).","og_url":"https:\/\/sen-shop.com\/hr\/collections\/prehrambeni-dodaci\/tezave-s-spominom\/ginko-plus-kapsule\/","og_site_name":"SEN Shop","article_publisher":"https:\/\/www.facebook.com\/Senshopslovenija","article_modified_time":"2023-03-28T12:30:00+00:00","og_image":[{"width":506,"height":607,"url":"https:\/\/sen-shop.com\/wp-content\/uploads\/2021\/04\/ginko-plus.jpg","type":"image\/jpeg"}],"twitter_card":"summary_large_image","twitter_misc":{"Est. reading time":"2 minutes"},"schema":{"@context":"https:\/\/schema.org","@graph":[{"@type":"WebPage","@id":"https:\/\/sen-shop.com\/hr\/collections\/prehrambeni-dodaci\/tezave-s-spominom\/ginko-plus-kapsule\/","url":"https:\/\/sen-shop.com\/hr\/collections\/prehrambeni-dodaci\/tezave-s-spominom\/ginko-plus-kapsule\/","name":"Ginko Plus kapsule - SEN Shop","isPartOf":{"@id":"https:\/\/sen-shop.com\/hr\/#website"},"datePublished":"2021-04-16T07:35:08+00:00","dateModified":"2023-03-28T12:30:00+00:00","breadcrumb":{"@id":"https:\/\/sen-shop.com\/hr\/collections\/prehrambeni-dodaci\/tezave-s-spominom\/ginko-plus-kapsule\/#breadcrumb"},"inLanguage":"hr-HR","potentialAction":[{"@type":"ReadAction","target":["https:\/\/sen-shop.com\/hr\/collections\/prehrambeni-dodaci\/tezave-s-spominom\/ginko-plus-kapsule\/"]}]},{"@type":"BreadcrumbList","@id":"https:\/\/sen-shop.com\/hr\/collections\/prehrambeni-dodaci\/tezave-s-spominom\/ginko-plus-kapsule\/#breadcrumb","itemListElement":[{"@type":"ListItem","position":1,"name":"Home","item":"https:\/\/sen-shop.com\/hr\/"},{"@type":"ListItem","position":2,"name":"Ginko Plus kapsule"}]},{"@type":"WebSite","@id":"https:\/\/sen-shop.com\/hr\/#website","url":"https:\/\/sen-shop.com\/hr\/","name":"SEN Shop","description":"Slovensko, Ekolo\u0161ko, Naravno","publisher":{"@id":"https:\/\/sen-shop.com\/hr\/#organization"},"potentialAction":[{"@type":"SearchAction","target":{"@type":"EntryPoint","urlTemplate":"https:\/\/sen-shop.com\/hr\/?s={search_term_string}"},"query-input":"required name=search_term_string"}],"inLanguage":"hr-HR"},{"@type":"Organization","@id":"https:\/\/sen-shop.com\/hr\/#organization","name":"Mind trade d.o.o","url":"https:\/\/sen-shop.com\/hr\/","logo":{"@type":"ImageObject","inLanguage":"hr-HR","@id":"https:\/\/sen-shop.com\/hr\/#\/schema\/logo\/image\/","url":"https:\/\/sen-shop.com\/wp-content\/uploads\/2018\/05\/header_logo.png","contentUrl":"https:\/\/sen-shop.com\/wp-content\/uploads\/2018\/05\/header_logo.png","width":138,"height":70,"caption":"Mind trade d.o.o"},"image":{"@id":"https:\/\/sen-shop.com\/hr\/#\/schema\/logo\/image\/"},"sameAs":["https:\/\/www.instagram.com\/senslovenija\/","https:\/\/www.facebook.com\/Senshopslovenija"]}]}},"_links":{"self":[{"href":"https:\/\/sen-shop.com\/hr\/wp-json\/wp\/v2\/product\/27313","targetHints":{"allow":["GET"]}}],"collection":[{"href":"https:\/\/sen-shop.com\/hr\/wp-json\/wp\/v2\/product"}],"about":[{"href":"https:\/\/sen-shop.com\/hr\/wp-json\/wp\/v2\/types\/product"}],"replies":[{"embeddable":true,"href":"https:\/\/sen-shop.com\/hr\/wp-json\/wp\/v2\/comments?post=27313"}],"wp:featuredmedia":[{"embeddable":true,"href":"https:\/\/sen-shop.com\/hr\/wp-json\/wp\/v2\/media\/27314"}],"wp:attachment":[{"href":"https:\/\/sen-shop.com\/hr\/wp-json\/wp\/v2\/media?parent=27313"}],"wp:term":[{"taxonomy":"product_cat","embeddable":true,"href":"https:\/\/sen-shop.com\/hr\/wp-json\/wp\/v2\/product_cat?post=27313"},{"taxonomy":"product_tag","embeddable":true,"href":"https:\/\/sen-shop.com\/hr\/wp-json\/wp\/v2\/product_tag?post=27313"}],"curies":[{"name":"wp","href":"https:\/\/api.w.org\/{rel}","templated":true}]}}