{"id":27310,"date":"2021-04-16T09:30:49","date_gmt":"2021-04-16T07:30:49","guid":{"rendered":"https:\/\/www.sen-shop.com\/?post_type=product&#038;p=27310"},"modified":"2023-11-09T08:50:43","modified_gmt":"2023-11-09T07:50:43","slug":"cesnjak-bijela-imela-bijeli-glog-kapsule","status":"publish","type":"product","link":"https:\/\/sen-shop.com\/hr\/collections\/nekategorizirano-hr\/cesnjak-bijela-imela-bijeli-glog-kapsule\/","title":{"rendered":"\u010ce\u0161njak + Bijela imela"},"content":{"rendered":"<h2>\u010ce\u0161njak + Bijela imela + Bijeli glog kapsule<\/h2>\n<p>Svi \u017eelimo do svoje starosti <strong>zadr\u017eati zdravo i sna\u017eno srce!<\/strong> Prije nekoliko stolje\u0107a ljudi su tra\u017eili i prona\u0161li pomo\u0107 prirode. \u010ce\u0161njak, bijela imela i bijeli glog su vrlo poznati po svom pozitivnom djelovanju na tom podru\u010dju. Kombinacija ova tri prirodna sastojka ima <strong>dobar u\u010dinak na srce i krvotok.<\/strong> Ovaj proizvod \u0107e vam omogu\u0107iti da <strong>pove\u0107ate svoju produktivnost i vitalnost na prirodan na\u010din.<\/strong><\/p>\n<p><strong>Bez konzervansa, boja i laktoze. Pogodno i za dijabeti\u010dare.<\/strong><\/p>\n<p>Za dodatnu za\u0161titu kardiovaskularnog sistema koristite i Omega 3 kapsule koje mo\u017eete naru\u010diti &#8211;&gt; <a href=\"https:\/\/www.sen.hr\/collections\/prehrambeni-dodaci\/srce-ozilje-in-hemeroidi\/omega-3-za-kardiovaskularni-sustav\/\">OVDJE<\/a> &lt;&#8211;<\/p>\n<p>Uzmite samo jednu kapsulu dnevno!<\/p>\n<p>Sadr\u017eaj: 60 kapsula.<\/p>\n<h3>\u010ce\u0161njak &#8211; prirodni antibiotik<\/h3>\n<p>Ovo ljekovito povr\u0107e dokazano sni\u017eava krvni tlak i kolesterol u krvi. Najdjelotvorniji je kada se koristi u sirovom stanju. Glavnu zdravstvenu vrijednost daje mu biljni antibiotik \u2013\u00a0<strong>alicin<\/strong>.<\/p>\n<ul>\n<li>Aminokiseline\u00a0iz bijelog luka utje\u010du na <strong>sni\u017eenje razine\u00a0\u0161tetnog kolesterola<\/strong>\u00a0(LDL) u plazmi, odnosno na povi\u0161enje koncentracije za\u0161titnog kolesterola (HDL).<\/li>\n<li>Pospje\u0161uje\u00a0probavu\u00a0i rad \u017eeluca te poti\u010de rad jetre, bubrega i prostate.<\/li>\n<li><strong>Normalizira\u00a0ubrzan rad srca<\/strong>, <strong>pobolj\u0161ava rad sr\u010danih krvnih \u017eila i opskrbu sr\u010danog mi\u0161i\u0107a krvlju<\/strong>, \u0161to dovodi do pobolj\u0161anja sr\u010dane funkcije i smanjenja sklonosti\u00a0<strong>trombozi<\/strong>.<\/li>\n<li>Djeluje na odr\u017eavanje\u00a0<strong>elasti\u010dnosti krvnih \u017eila<\/strong><\/li>\n<li>Dokazan je i\u00a0<strong>antiparazitski u\u010dinak<\/strong>\u00a0\u2013 u narodu se \u010de\u0161njak odavno koristi <strong>za izbacivanje\u00a0dje\u010djih glista<\/strong><\/li>\n<li>Dokazano je i djelovanje na\u00a0<strong>viruse herpesa<\/strong>\u00a0i <strong>kvasne gljiv<\/strong><\/li>\n<\/ul>\n<p><strong>Svaka kapsula sadr\u017ei:<\/strong><\/p>\n<ul>\n<li>macerat ulja \u010de\u0161njaka 1: 1\u00a0 (360,00 mg)<\/li>\n<li>macerat ulja bijele imele 1: 2 (80,00 mg)<\/li>\n<li>macerat ulja glogovih jagoda 1: 2 (80,00 mg)<\/li>\n<\/ul>\n<p><strong>Sastojci:<\/strong><\/p>\n<p>macerat \u010de\u0161njakovog ulja na bazi ulja uljane repice (Allium sativum), \u017eelatina (gove\u0111a), macerat ulja bijele imele na bazi suncokretovog ulja (album Viscum), macerat ulja bobica bijelog gloga na bazi suncokretovog ulja (Crataegus monogyna), sredstvo za \u010duvanje vla\u017enosti \u2013 glicerin.<\/p>\n<p><strong>Preporu\u010dena dnevna koli\u010dina:<\/strong><\/p>\n<p>Uzimajte jednu kapsulu dnevno s dovoljno teku\u0107ine.<\/p>\n<p><strong>\u010cuvati izvan dohvata djece<\/strong>. \u010cuvajte proizvod na suhom mjestu pri temperaturi ispod 25 \u00b0 C. Prehrambeni dodatak nije zamjena za uravnote\u017eenu i raznoliku prehranu i zdrav na\u010din \u017eivota.<\/p>\n<p><strong>Preporu\u010dena dnevna koli\u010dina se ne smije prekora\u010diti.<\/strong><\/p>\n<p><strong>\u00a0Sadr\u017eaj:<\/strong> 60 kapsula (= 42,6 g neto te\u017eine)<\/p>\n","protected":false},"excerpt":{"rendered":"<p>Jeste li brzo umorni i bez daha? Idealna kombinacija u \u010ce\u0161njak + Bijela imela + Bijeli glog kapsulama <strong>\u0161titi va\u0161e srce<\/strong> i poma\u017ee vam da budete<strong> sna\u017eni i aktivni<\/strong>. Osim toga, \u010de\u0161njak ima pozitivan u\u010dinak na razinu <strong>kolesterola i triglicerida u krvi<\/strong> te djeluje <strong>protiv preranog starenja.<\/strong><\/p>\n<ul>\n<li><strong>za zdravo i sna\u017eno srce<\/strong><\/li>\n<li><strong>za kolesterol<\/strong><\/li>\n<li><strong>za ve\u0107u produktivnost i vitalnost<\/strong><\/li>\n<li><strong>60 kapsula za 60 dana<\/strong><\/li>\n<\/ul>\n<p>Samo <strong>1,73kn<\/strong> \/ dan<\/p>\n<p><strong>Odli\u010dne povratne informacije<\/strong> o ovom proizvodu prikupljamo ve\u0107 22 godine.<\/p>\n<p>Narud\u017ebu mo\u017eete izvr\u0161iti i putem telefona na\u00a0<strong>098 96 24 517 \u260e<\/strong><\/p>\n[banner_prehrana]\n<p>&nbsp;<\/p>\n","protected":false},"featured_media":27311,"comment_status":"open","ping_status":"closed","template":"","meta":{"inline_featured_image":false},"product_cat":[810],"product_tag":[532,533,385,489,492,534,463,535,536,537,399,538],"class_list":["post-27310","product","type-product","status-publish","has-post-thumbnail","hentry","product_cat-nekategorizirano-hr","product_tag-bijela-imela","product_tag-bijeli-glog","product_tag-bio-hr","product_tag-bio-produkt","product_tag-bio-proizvod","product_tag-cesnjak","product_tag-hafesan","product_tag-kapsule-za-srce","product_tag-kardiovaskularni-sustav","product_tag-krvotok","product_tag-prirodno","product_tag-zile"],"acf":[],"yoast_head":"<!-- This site is optimized with the Yoast SEO plugin v19.13 - https:\/\/yoast.com\/wordpress\/plugins\/seo\/ -->\n<title>\u010ce\u0161njak + Bijela imela - SEN Shop<\/title>\n<meta name=\"robots\" content=\"index, follow, max-snippet:-1, max-image-preview:large, max-video-preview:-1\" \/>\n<link rel=\"canonical\" href=\"https:\/\/sen-shop.com\/hr\/collections\/nekategorizirano-hr\/cesnjak-bijela-imela-bijeli-glog-kapsule\/\" \/>\n<meta property=\"og:locale\" content=\"hr_HR\" \/>\n<meta property=\"og:type\" content=\"article\" \/>\n<meta property=\"og:title\" content=\"\u010ce\u0161njak + Bijela imela - SEN Shop\" \/>\n<meta property=\"og:description\" content=\"Jeste li brzo umorni i bez daha? Idealna kombinacija u \u010ce\u0161njak + Bijela imela + Bijeli glog kapsulama \u0161titi va\u0161e srce i poma\u017ee vam da budete sna\u017eni i aktivni. Osim toga, \u010de\u0161njak ima pozitivan u\u010dinak na razinu kolesterola i triglicerida u krvi te djeluje protiv preranog starenja.   za zdravo i sna\u017eno srce  za kolesterol  za ve\u0107u produktivnost i vitalnost  60 kapsula za 60 dana  Samo 1,73kn \/ dan  Odli\u010dne povratne informacije o ovom proizvodu prikupljamo ve\u0107 22 godine.  Narud\u017ebu mo\u017eete izvr\u0161iti i putem telefona na\u00a0098 96 24 517 \u260e    &nbsp;\" \/>\n<meta property=\"og:url\" content=\"https:\/\/sen-shop.com\/hr\/collections\/nekategorizirano-hr\/cesnjak-bijela-imela-bijeli-glog-kapsule\/\" \/>\n<meta property=\"og:site_name\" content=\"SEN Shop\" \/>\n<meta property=\"article:publisher\" content=\"https:\/\/www.facebook.com\/Senshopslovenija\" \/>\n<meta property=\"article:modified_time\" content=\"2023-11-09T07:50:43+00:00\" \/>\n<meta property=\"og:image\" content=\"https:\/\/sen-shop.com\/wp-content\/uploads\/2021\/04\/cesen-belo-omelo.jpg\" \/>\n\t<meta property=\"og:image:width\" content=\"506\" \/>\n\t<meta property=\"og:image:height\" content=\"607\" \/>\n\t<meta property=\"og:image:type\" content=\"image\/jpeg\" \/>\n<meta name=\"twitter:card\" content=\"summary_large_image\" \/>\n<meta name=\"twitter:label1\" content=\"Est. reading time\" \/>\n\t<meta name=\"twitter:data1\" content=\"2 minutes\" \/>\n<script type=\"application\/ld+json\" class=\"yoast-schema-graph\">{\"@context\":\"https:\/\/schema.org\",\"@graph\":[{\"@type\":\"WebPage\",\"@id\":\"https:\/\/sen-shop.com\/hr\/collections\/nekategorizirano-hr\/cesnjak-bijela-imela-bijeli-glog-kapsule\/\",\"url\":\"https:\/\/sen-shop.com\/hr\/collections\/nekategorizirano-hr\/cesnjak-bijela-imela-bijeli-glog-kapsule\/\",\"name\":\"\u010ce\u0161njak + Bijela imela - SEN Shop\",\"isPartOf\":{\"@id\":\"https:\/\/sen-shop.com\/hr\/#website\"},\"datePublished\":\"2021-04-16T07:30:49+00:00\",\"dateModified\":\"2023-11-09T07:50:43+00:00\",\"breadcrumb\":{\"@id\":\"https:\/\/sen-shop.com\/hr\/collections\/nekategorizirano-hr\/cesnjak-bijela-imela-bijeli-glog-kapsule\/#breadcrumb\"},\"inLanguage\":\"hr-HR\",\"potentialAction\":[{\"@type\":\"ReadAction\",\"target\":[\"https:\/\/sen-shop.com\/hr\/collections\/nekategorizirano-hr\/cesnjak-bijela-imela-bijeli-glog-kapsule\/\"]}]},{\"@type\":\"BreadcrumbList\",\"@id\":\"https:\/\/sen-shop.com\/hr\/collections\/nekategorizirano-hr\/cesnjak-bijela-imela-bijeli-glog-kapsule\/#breadcrumb\",\"itemListElement\":[{\"@type\":\"ListItem\",\"position\":1,\"name\":\"Home\",\"item\":\"https:\/\/sen-shop.com\/hr\/\"},{\"@type\":\"ListItem\",\"position\":2,\"name\":\"\u010ce\u0161njak + Bijela imela\"}]},{\"@type\":\"WebSite\",\"@id\":\"https:\/\/sen-shop.com\/hr\/#website\",\"url\":\"https:\/\/sen-shop.com\/hr\/\",\"name\":\"SEN Shop\",\"description\":\"Slovensko, Ekolo\u0161ko, Naravno\",\"publisher\":{\"@id\":\"https:\/\/sen-shop.com\/hr\/#organization\"},\"potentialAction\":[{\"@type\":\"SearchAction\",\"target\":{\"@type\":\"EntryPoint\",\"urlTemplate\":\"https:\/\/sen-shop.com\/hr\/?s={search_term_string}\"},\"query-input\":\"required name=search_term_string\"}],\"inLanguage\":\"hr-HR\"},{\"@type\":\"Organization\",\"@id\":\"https:\/\/sen-shop.com\/hr\/#organization\",\"name\":\"Mind trade d.o.o\",\"url\":\"https:\/\/sen-shop.com\/hr\/\",\"logo\":{\"@type\":\"ImageObject\",\"inLanguage\":\"hr-HR\",\"@id\":\"https:\/\/sen-shop.com\/hr\/#\/schema\/logo\/image\/\",\"url\":\"https:\/\/sen-shop.com\/wp-content\/uploads\/2018\/05\/header_logo.png\",\"contentUrl\":\"https:\/\/sen-shop.com\/wp-content\/uploads\/2018\/05\/header_logo.png\",\"width\":138,\"height\":70,\"caption\":\"Mind trade d.o.o\"},\"image\":{\"@id\":\"https:\/\/sen-shop.com\/hr\/#\/schema\/logo\/image\/\"},\"sameAs\":[\"https:\/\/www.instagram.com\/senslovenija\/\",\"https:\/\/www.facebook.com\/Senshopslovenija\"]}]}<\/script>\n<!-- \/ Yoast SEO plugin. -->","yoast_head_json":{"title":"\u010ce\u0161njak + Bijela imela - SEN Shop","robots":{"index":"index","follow":"follow","max-snippet":"max-snippet:-1","max-image-preview":"max-image-preview:large","max-video-preview":"max-video-preview:-1"},"canonical":"https:\/\/sen-shop.com\/hr\/collections\/nekategorizirano-hr\/cesnjak-bijela-imela-bijeli-glog-kapsule\/","og_locale":"hr_HR","og_type":"article","og_title":"\u010ce\u0161njak + Bijela imela - SEN Shop","og_description":"Jeste li brzo umorni i bez daha? Idealna kombinacija u \u010ce\u0161njak + Bijela imela + Bijeli glog kapsulama \u0161titi va\u0161e srce i poma\u017ee vam da budete sna\u017eni i aktivni. Osim toga, \u010de\u0161njak ima pozitivan u\u010dinak na razinu kolesterola i triglicerida u krvi te djeluje protiv preranog starenja.   za zdravo i sna\u017eno srce  za kolesterol  za ve\u0107u produktivnost i vitalnost  60 kapsula za 60 dana  Samo 1,73kn \/ dan  Odli\u010dne povratne informacije o ovom proizvodu prikupljamo ve\u0107 22 godine.  Narud\u017ebu mo\u017eete izvr\u0161iti i putem telefona na\u00a0098 96 24 517 \u260e    &nbsp;","og_url":"https:\/\/sen-shop.com\/hr\/collections\/nekategorizirano-hr\/cesnjak-bijela-imela-bijeli-glog-kapsule\/","og_site_name":"SEN Shop","article_publisher":"https:\/\/www.facebook.com\/Senshopslovenija","article_modified_time":"2023-11-09T07:50:43+00:00","og_image":[{"width":506,"height":607,"url":"https:\/\/sen-shop.com\/wp-content\/uploads\/2021\/04\/cesen-belo-omelo.jpg","type":"image\/jpeg"}],"twitter_card":"summary_large_image","twitter_misc":{"Est. reading time":"2 minutes"},"schema":{"@context":"https:\/\/schema.org","@graph":[{"@type":"WebPage","@id":"https:\/\/sen-shop.com\/hr\/collections\/nekategorizirano-hr\/cesnjak-bijela-imela-bijeli-glog-kapsule\/","url":"https:\/\/sen-shop.com\/hr\/collections\/nekategorizirano-hr\/cesnjak-bijela-imela-bijeli-glog-kapsule\/","name":"\u010ce\u0161njak + Bijela imela - SEN Shop","isPartOf":{"@id":"https:\/\/sen-shop.com\/hr\/#website"},"datePublished":"2021-04-16T07:30:49+00:00","dateModified":"2023-11-09T07:50:43+00:00","breadcrumb":{"@id":"https:\/\/sen-shop.com\/hr\/collections\/nekategorizirano-hr\/cesnjak-bijela-imela-bijeli-glog-kapsule\/#breadcrumb"},"inLanguage":"hr-HR","potentialAction":[{"@type":"ReadAction","target":["https:\/\/sen-shop.com\/hr\/collections\/nekategorizirano-hr\/cesnjak-bijela-imela-bijeli-glog-kapsule\/"]}]},{"@type":"BreadcrumbList","@id":"https:\/\/sen-shop.com\/hr\/collections\/nekategorizirano-hr\/cesnjak-bijela-imela-bijeli-glog-kapsule\/#breadcrumb","itemListElement":[{"@type":"ListItem","position":1,"name":"Home","item":"https:\/\/sen-shop.com\/hr\/"},{"@type":"ListItem","position":2,"name":"\u010ce\u0161njak + Bijela imela"}]},{"@type":"WebSite","@id":"https:\/\/sen-shop.com\/hr\/#website","url":"https:\/\/sen-shop.com\/hr\/","name":"SEN Shop","description":"Slovensko, Ekolo\u0161ko, Naravno","publisher":{"@id":"https:\/\/sen-shop.com\/hr\/#organization"},"potentialAction":[{"@type":"SearchAction","target":{"@type":"EntryPoint","urlTemplate":"https:\/\/sen-shop.com\/hr\/?s={search_term_string}"},"query-input":"required name=search_term_string"}],"inLanguage":"hr-HR"},{"@type":"Organization","@id":"https:\/\/sen-shop.com\/hr\/#organization","name":"Mind trade d.o.o","url":"https:\/\/sen-shop.com\/hr\/","logo":{"@type":"ImageObject","inLanguage":"hr-HR","@id":"https:\/\/sen-shop.com\/hr\/#\/schema\/logo\/image\/","url":"https:\/\/sen-shop.com\/wp-content\/uploads\/2018\/05\/header_logo.png","contentUrl":"https:\/\/sen-shop.com\/wp-content\/uploads\/2018\/05\/header_logo.png","width":138,"height":70,"caption":"Mind trade d.o.o"},"image":{"@id":"https:\/\/sen-shop.com\/hr\/#\/schema\/logo\/image\/"},"sameAs":["https:\/\/www.instagram.com\/senslovenija\/","https:\/\/www.facebook.com\/Senshopslovenija"]}]}},"_links":{"self":[{"href":"https:\/\/sen-shop.com\/hr\/wp-json\/wp\/v2\/product\/27310","targetHints":{"allow":["GET"]}}],"collection":[{"href":"https:\/\/sen-shop.com\/hr\/wp-json\/wp\/v2\/product"}],"about":[{"href":"https:\/\/sen-shop.com\/hr\/wp-json\/wp\/v2\/types\/product"}],"replies":[{"embeddable":true,"href":"https:\/\/sen-shop.com\/hr\/wp-json\/wp\/v2\/comments?post=27310"}],"wp:featuredmedia":[{"embeddable":true,"href":"https:\/\/sen-shop.com\/hr\/wp-json\/wp\/v2\/media\/27311"}],"wp:attachment":[{"href":"https:\/\/sen-shop.com\/hr\/wp-json\/wp\/v2\/media?parent=27310"}],"wp:term":[{"taxonomy":"product_cat","embeddable":true,"href":"https:\/\/sen-shop.com\/hr\/wp-json\/wp\/v2\/product_cat?post=27310"},{"taxonomy":"product_tag","embeddable":true,"href":"https:\/\/sen-shop.com\/hr\/wp-json\/wp\/v2\/product_tag?post=27310"}],"curies":[{"name":"wp","href":"https:\/\/api.w.org\/{rel}","templated":true}]}}