{"id":27307,"date":"2021-04-16T09:25:42","date_gmt":"2021-04-16T07:25:42","guid":{"rendered":"https:\/\/www.sen-shop.com\/?post_type=product&#038;p=27307"},"modified":"2021-12-14T15:54:40","modified_gmt":"2021-12-14T14:54:40","slug":"beautyforte-kapsule","status":"publish","type":"product","link":"https:\/\/sen-shop.com\/hr\/collections\/nekategorizirano-hr\/beautyforte-kapsule\/","title":{"rendered":"Beautyforte kapsule"},"content":{"rendered":"<p><strong>Beautyforte kapsule<\/strong> kombiniraju sve bitne hranjive tvari za va\u0161u ljepotu: prirodni visokokvalitetni ekstrakt proso, silicijum, kalcij, cink i biotin.<br \/>\n<strong>Silicij<\/strong> je \u010disti, neobra\u0111en, prirodni proizvod. Silicij je va\u017ean gra\u0111evni blok ko\u017ee, kose, noktiju i vezivnog tkiva.<br \/>\n<strong>Cink<\/strong> doprinosi zdravlju ko\u017ee, kose i noktiju.<br \/>\n<strong>Kalcij<\/strong> je va\u017ean element koji doprinosi zdravim zubima i kostima.<br \/>\n<strong>Biotin<\/strong> zna\u010dajno doprinosi zdravoj kosi, ko\u017ei i sluznici.<\/p>\n<p>Koristite Beautyforte kapsule za savr\u0161enu i lijepu ko\u017eu, kosu i nokte!<\/p>\n<p>Bez konzervansa, boja i laktoze. Pogodno i za dijabeti\u010dare.<\/p>\n<p>Beautyforte kapsule, <strong>60 kapsula.<\/strong><\/p>\n<p><strong>Sastav:<\/strong><\/p>\n<p>kalcijev citrat, silicij, \u017eelatina, ekstrakt proso 10: 1 (Panicum Miliaceum), cink glukonat, biotin. Sredstvo protiv zgru\u0161avanja: magnezijeve soli masnih kiselina.<\/p>\n<p><strong>\u010cuvati izvan dohvata djece.<\/strong> \u010cuvajte proizvod na suhom mjestu pri temperaturi ispod 25 \u00b0 C. Preporu\u010dena dnevna koli\u010dina ili doza ne smiju se prekora\u010diti. Prehrambeni dodatak nije zamjena za uravnote\u017eenu i raznoliku prehranu i zdrav na\u010din \u017eivota.<\/p>\n<p><strong>Sadr\u017eaj:<\/strong> 60 kapsula (= 29,9 g neto te\u017eine)<\/p>\n<p><strong>Preporu\u010dena dnevna koli\u010dina:<\/strong><\/p>\n<p>Jedna kapsula s dovoljno teku\u0107ine 3 puta dnevno.<\/p>\n<p><strong>Tri kapsule sadr\u017ee:<\/strong><\/p>\n<p>silicij\u00a0 \u00a0 \u00a0 \u00a0 \u00a0 \u00a0 \u00a0 \u00a0 \u00a0 \u00a0 \u00a0 \u00a0 \u00a0 \u00a0 \u00a0 \u00a0 \u00a0 \u00a0 \u00a0 \u00a0 \u00a0 \u00a0 \u00a0 \u00a0 \u00a0 \u00a0 \u00a0 375,00 mg<\/p>\n<p>ekstrakt proso 10: 1\u00a0 \u00a0 \u00a0 \u00a0 \u00a0 \u00a0 \u00a0 \u00a0 \u00a0 \u00a0 \u00a0 \u00a0 \u00a0 \u00a0 240,00 mg<\/p>\n<p>kalcijum\u00a0 \u00a0 ** PDV \/ RDA 15%\u00a0 \u00a0 \u00a0 \u00a0 \u00a0120,00 mg<\/p>\n<p>cink\u00a0 \u00a0 \u00a0 \u00a0 \u00a0 \u00a0 ** PDV \/ RDA 120%\u00a0 \u00a0 \u00a0 12,00 mg<\/p>\n<p>biotin\u00a0 \u00a0 \u00a0 \u00a0 \u00a0** PDV \/ RDA 300%\u00a0 \u00a0 \u00a0150,00 \u00b5g<\/p>\n","protected":false},"excerpt":{"rendered":"<h2>Savr\u0161ena, lijepa ko\u017ea, kosa i nokti<\/h2>\n<p>\u017delite li i zdravu i lijepu ko\u017eu, punu i sjajnu kosu i jake nokte? Na\u017ealost, monotona prehrana mo\u017ee dovesti do nedostatka hranjivih sastojaka, \u0161to dovodi do: stanjivanja kose, lomljivih noktiju, ne\u010diste ko\u017ee. Ovo su samo neki od znakova na\u0161eg brzog tempa \u017eivota. Iz tog razloga moramo u organizam unositi potrebne hranjive sastojke.<\/p>\n[banner_prehrana]\n","protected":false},"featured_media":27308,"comment_status":"open","ping_status":"closed","template":"","meta":{"inline_featured_image":false},"product_cat":[810],"product_tag":[463],"class_list":["post-27307","product","type-product","status-publish","has-post-thumbnail","hentry","product_cat-nekategorizirano-hr","product_tag-hafesan"],"acf":[],"yoast_head":"<!-- This site is optimized with the Yoast SEO plugin v19.13 - https:\/\/yoast.com\/wordpress\/plugins\/seo\/ -->\n<title>Beautyforte kapsule - SEN Shop<\/title>\n<meta name=\"robots\" content=\"index, follow, max-snippet:-1, max-image-preview:large, max-video-preview:-1\" \/>\n<link rel=\"canonical\" href=\"https:\/\/sen-shop.com\/hr\/collections\/nekategorizirano-hr\/beautyforte-kapsule\/\" \/>\n<meta property=\"og:locale\" content=\"hr_HR\" \/>\n<meta property=\"og:type\" content=\"article\" \/>\n<meta property=\"og:title\" content=\"Beautyforte kapsule - SEN Shop\" \/>\n<meta property=\"og:description\" content=\"Savr\u0161ena, lijepa ko\u017ea, kosa i nokti \u017delite li i zdravu i lijepu ko\u017eu, punu i sjajnu kosu i jake nokte? Na\u017ealost, monotona prehrana mo\u017ee dovesti do nedostatka hranjivih sastojaka, \u0161to dovodi do: stanjivanja kose, lomljivih noktiju, ne\u010diste ko\u017ee. Ovo su samo neki od znakova na\u0161eg brzog tempa \u017eivota. Iz tog razloga moramo u organizam unositi potrebne hranjive sastojke.\" \/>\n<meta property=\"og:url\" content=\"https:\/\/sen-shop.com\/hr\/collections\/nekategorizirano-hr\/beautyforte-kapsule\/\" \/>\n<meta property=\"og:site_name\" content=\"SEN Shop\" \/>\n<meta property=\"article:publisher\" content=\"https:\/\/www.facebook.com\/Senshopslovenija\" \/>\n<meta property=\"article:modified_time\" content=\"2021-12-14T14:54:40+00:00\" \/>\n<meta property=\"og:image\" content=\"https:\/\/sen-shop.com\/wp-content\/uploads\/2021\/04\/beauty-forte.jpg\" \/>\n\t<meta property=\"og:image:width\" content=\"506\" \/>\n\t<meta property=\"og:image:height\" content=\"607\" \/>\n\t<meta property=\"og:image:type\" content=\"image\/jpeg\" \/>\n<meta name=\"twitter:card\" content=\"summary_large_image\" \/>\n<meta name=\"twitter:label1\" content=\"Est. reading time\" \/>\n\t<meta name=\"twitter:data1\" content=\"1 minute\" \/>\n<script type=\"application\/ld+json\" class=\"yoast-schema-graph\">{\"@context\":\"https:\/\/schema.org\",\"@graph\":[{\"@type\":\"WebPage\",\"@id\":\"https:\/\/sen-shop.com\/hr\/collections\/nekategorizirano-hr\/beautyforte-kapsule\/\",\"url\":\"https:\/\/sen-shop.com\/hr\/collections\/nekategorizirano-hr\/beautyforte-kapsule\/\",\"name\":\"Beautyforte kapsule - SEN Shop\",\"isPartOf\":{\"@id\":\"https:\/\/sen-shop.com\/hr\/#website\"},\"datePublished\":\"2021-04-16T07:25:42+00:00\",\"dateModified\":\"2021-12-14T14:54:40+00:00\",\"breadcrumb\":{\"@id\":\"https:\/\/sen-shop.com\/hr\/collections\/nekategorizirano-hr\/beautyforte-kapsule\/#breadcrumb\"},\"inLanguage\":\"hr-HR\",\"potentialAction\":[{\"@type\":\"ReadAction\",\"target\":[\"https:\/\/sen-shop.com\/hr\/collections\/nekategorizirano-hr\/beautyforte-kapsule\/\"]}]},{\"@type\":\"BreadcrumbList\",\"@id\":\"https:\/\/sen-shop.com\/hr\/collections\/nekategorizirano-hr\/beautyforte-kapsule\/#breadcrumb\",\"itemListElement\":[{\"@type\":\"ListItem\",\"position\":1,\"name\":\"Home\",\"item\":\"https:\/\/sen-shop.com\/hr\/\"},{\"@type\":\"ListItem\",\"position\":2,\"name\":\"Beautyforte kapsule\"}]},{\"@type\":\"WebSite\",\"@id\":\"https:\/\/sen-shop.com\/hr\/#website\",\"url\":\"https:\/\/sen-shop.com\/hr\/\",\"name\":\"SEN Shop\",\"description\":\"Slovensko, Ekolo\u0161ko, Naravno\",\"publisher\":{\"@id\":\"https:\/\/sen-shop.com\/hr\/#organization\"},\"potentialAction\":[{\"@type\":\"SearchAction\",\"target\":{\"@type\":\"EntryPoint\",\"urlTemplate\":\"https:\/\/sen-shop.com\/hr\/?s={search_term_string}\"},\"query-input\":\"required name=search_term_string\"}],\"inLanguage\":\"hr-HR\"},{\"@type\":\"Organization\",\"@id\":\"https:\/\/sen-shop.com\/hr\/#organization\",\"name\":\"Mind trade d.o.o\",\"url\":\"https:\/\/sen-shop.com\/hr\/\",\"logo\":{\"@type\":\"ImageObject\",\"inLanguage\":\"hr-HR\",\"@id\":\"https:\/\/sen-shop.com\/hr\/#\/schema\/logo\/image\/\",\"url\":\"https:\/\/sen-shop.com\/wp-content\/uploads\/2018\/05\/header_logo.png\",\"contentUrl\":\"https:\/\/sen-shop.com\/wp-content\/uploads\/2018\/05\/header_logo.png\",\"width\":138,\"height\":70,\"caption\":\"Mind trade d.o.o\"},\"image\":{\"@id\":\"https:\/\/sen-shop.com\/hr\/#\/schema\/logo\/image\/\"},\"sameAs\":[\"https:\/\/www.instagram.com\/senslovenija\/\",\"https:\/\/www.facebook.com\/Senshopslovenija\"]}]}<\/script>\n<!-- \/ Yoast SEO plugin. -->","yoast_head_json":{"title":"Beautyforte kapsule - SEN Shop","robots":{"index":"index","follow":"follow","max-snippet":"max-snippet:-1","max-image-preview":"max-image-preview:large","max-video-preview":"max-video-preview:-1"},"canonical":"https:\/\/sen-shop.com\/hr\/collections\/nekategorizirano-hr\/beautyforte-kapsule\/","og_locale":"hr_HR","og_type":"article","og_title":"Beautyforte kapsule - SEN Shop","og_description":"Savr\u0161ena, lijepa ko\u017ea, kosa i nokti \u017delite li i zdravu i lijepu ko\u017eu, punu i sjajnu kosu i jake nokte? Na\u017ealost, monotona prehrana mo\u017ee dovesti do nedostatka hranjivih sastojaka, \u0161to dovodi do: stanjivanja kose, lomljivih noktiju, ne\u010diste ko\u017ee. Ovo su samo neki od znakova na\u0161eg brzog tempa \u017eivota. Iz tog razloga moramo u organizam unositi potrebne hranjive sastojke.","og_url":"https:\/\/sen-shop.com\/hr\/collections\/nekategorizirano-hr\/beautyforte-kapsule\/","og_site_name":"SEN Shop","article_publisher":"https:\/\/www.facebook.com\/Senshopslovenija","article_modified_time":"2021-12-14T14:54:40+00:00","og_image":[{"width":506,"height":607,"url":"https:\/\/sen-shop.com\/wp-content\/uploads\/2021\/04\/beauty-forte.jpg","type":"image\/jpeg"}],"twitter_card":"summary_large_image","twitter_misc":{"Est. reading time":"1 minute"},"schema":{"@context":"https:\/\/schema.org","@graph":[{"@type":"WebPage","@id":"https:\/\/sen-shop.com\/hr\/collections\/nekategorizirano-hr\/beautyforte-kapsule\/","url":"https:\/\/sen-shop.com\/hr\/collections\/nekategorizirano-hr\/beautyforte-kapsule\/","name":"Beautyforte kapsule - SEN Shop","isPartOf":{"@id":"https:\/\/sen-shop.com\/hr\/#website"},"datePublished":"2021-04-16T07:25:42+00:00","dateModified":"2021-12-14T14:54:40+00:00","breadcrumb":{"@id":"https:\/\/sen-shop.com\/hr\/collections\/nekategorizirano-hr\/beautyforte-kapsule\/#breadcrumb"},"inLanguage":"hr-HR","potentialAction":[{"@type":"ReadAction","target":["https:\/\/sen-shop.com\/hr\/collections\/nekategorizirano-hr\/beautyforte-kapsule\/"]}]},{"@type":"BreadcrumbList","@id":"https:\/\/sen-shop.com\/hr\/collections\/nekategorizirano-hr\/beautyforte-kapsule\/#breadcrumb","itemListElement":[{"@type":"ListItem","position":1,"name":"Home","item":"https:\/\/sen-shop.com\/hr\/"},{"@type":"ListItem","position":2,"name":"Beautyforte kapsule"}]},{"@type":"WebSite","@id":"https:\/\/sen-shop.com\/hr\/#website","url":"https:\/\/sen-shop.com\/hr\/","name":"SEN Shop","description":"Slovensko, Ekolo\u0161ko, Naravno","publisher":{"@id":"https:\/\/sen-shop.com\/hr\/#organization"},"potentialAction":[{"@type":"SearchAction","target":{"@type":"EntryPoint","urlTemplate":"https:\/\/sen-shop.com\/hr\/?s={search_term_string}"},"query-input":"required name=search_term_string"}],"inLanguage":"hr-HR"},{"@type":"Organization","@id":"https:\/\/sen-shop.com\/hr\/#organization","name":"Mind trade d.o.o","url":"https:\/\/sen-shop.com\/hr\/","logo":{"@type":"ImageObject","inLanguage":"hr-HR","@id":"https:\/\/sen-shop.com\/hr\/#\/schema\/logo\/image\/","url":"https:\/\/sen-shop.com\/wp-content\/uploads\/2018\/05\/header_logo.png","contentUrl":"https:\/\/sen-shop.com\/wp-content\/uploads\/2018\/05\/header_logo.png","width":138,"height":70,"caption":"Mind trade d.o.o"},"image":{"@id":"https:\/\/sen-shop.com\/hr\/#\/schema\/logo\/image\/"},"sameAs":["https:\/\/www.instagram.com\/senslovenija\/","https:\/\/www.facebook.com\/Senshopslovenija"]}]}},"_links":{"self":[{"href":"https:\/\/sen-shop.com\/hr\/wp-json\/wp\/v2\/product\/27307","targetHints":{"allow":["GET"]}}],"collection":[{"href":"https:\/\/sen-shop.com\/hr\/wp-json\/wp\/v2\/product"}],"about":[{"href":"https:\/\/sen-shop.com\/hr\/wp-json\/wp\/v2\/types\/product"}],"replies":[{"embeddable":true,"href":"https:\/\/sen-shop.com\/hr\/wp-json\/wp\/v2\/comments?post=27307"}],"wp:featuredmedia":[{"embeddable":true,"href":"https:\/\/sen-shop.com\/hr\/wp-json\/wp\/v2\/media\/27308"}],"wp:attachment":[{"href":"https:\/\/sen-shop.com\/hr\/wp-json\/wp\/v2\/media?parent=27307"}],"wp:term":[{"taxonomy":"product_cat","embeddable":true,"href":"https:\/\/sen-shop.com\/hr\/wp-json\/wp\/v2\/product_cat?post=27307"},{"taxonomy":"product_tag","embeddable":true,"href":"https:\/\/sen-shop.com\/hr\/wp-json\/wp\/v2\/product_tag?post=27307"}],"curies":[{"name":"wp","href":"https:\/\/api.w.org\/{rel}","templated":true}]}}