{"id":27304,"date":"2021-04-16T09:21:56","date_gmt":"2021-04-16T07:21:56","guid":{"rendered":"https:\/\/www.sen-shop.com\/?post_type=product&#038;p=27304"},"modified":"2021-12-14T15:54:57","modified_gmt":"2021-12-14T14:54:57","slug":"valerijana-hmelj-maticnjak-kapsule","status":"publish","type":"product","link":"https:\/\/sen-shop.com\/hr\/collections\/nekategorizirano-hr\/valerijana-hmelj-maticnjak-kapsule\/","title":{"rendered":"Valerijana + Hmelj + Mati\u010dnjak"},"content":{"rendered":"<h2>Valerijana + Hmelj + Mati\u010dnjak kapsule za dubok san.<\/h2>\n<p>Danas je na\u0161e tijelo izlo\u017eeno velikom stresu koje je rezultat sve ve\u0107ih pritisaka kako u profesionalnom tako i u privatnom \u017eivotu. Kao posljedicu, do\u017eivljavamo stres, unutarnji nemir i lo\u0161 san, \u0161to sve utje\u010de na zdravlje. Zbog svega toga posebno je va\u017eno &#8220;isklju\u010diti se&#8221; kako biste oslobodili va\u0161e tijelo jer je to jedini na\u010din na koji va\u0161e tijelo dobiva novu energiju. Sre\u0107om, majka priroda se pobrinula za nas: <strong>sastojci valerijane, hmelja i mati\u010dnjaka smanjuju unutarnju napetost i doprinose dubljem, prirodnijem, ugodnijem i opu\u0161taju\u0107em snu.<\/strong> Za <strong>prirodno opu\u0161tanje<\/strong> va\u0161eg tijela iskoristite snagu prirode Valerijana + Hmelj + Mati\u010dnjak i oduprite se unutarnjem nemiru, nervozi i stresu.<\/p>\n<h3><strong>Valerijana<\/strong><\/h3>\n<p>U narodnoj medicini upotreba valerijane poznata je uglavnom kod nemira, nesanice, razdra\u017eljivosti prije menstruacije, kod \u017eelu\u010danih tegoba zbog nervoze, a dodavala se i pelinu i koristila kao za\u010din. Danas je primjena valerijane indicirana za probleme poput nemira, razdra\u017eljivosti, stresa i blagih poreme\u0107aja spavanja. U tradicionalnoj fitoterapiji poznata je prije svega kao sastojak ljekovitih \u010dajeva.<\/p>\n<p>\ud83c\udf3f Uzmite<strong> jednu kapsulu<\/strong>\u00a0svaki dan prije odlaska u krevet kako biste opustili va\u0161e tijelo. Na ovaj na\u010din mo\u017eete zapo\u010deti novi dan osje\u0107aju\u0107i se bolje i puni energije.<\/p>\n<p>\ud83c\udf3f Bez konzervansa, boja ili laktoze. <strong>Pogodno i za dijabeti\u010dare.<\/strong><\/p>\n<p>\ud83c\udf3f Jedna kutija (30 kapsula) je dovoljna za cijeli mjesec.<\/p>\n<p><strong>Sastav:<\/strong><\/p>\n<p>Prah li\u0161\u0107a mati\u010dnjaka (Melissa officinalis), prah konusnog hmelja (Humulus lupulus), \u017eelatina (gove\u0111a), prah korijena valerijane (Valeriana officinalis).<\/p>\n<p><strong>\u010cuvati izvan dohvata djece<\/strong>. \u010cuvajte proizvod na suhom mjestu pri temperaturi ispod 25 \u00b0 C. Preporu\u010dena dnevna koli\u010dina ili doza ne smiju se prekora\u010diti. Prehrambeni dodatak nije zamjena za uravnote\u017eenu i raznoliku prehranu i zdrav na\u010din \u017eivota.<\/p>\n<p>Sadr\u017eaj: 30 kapsula (= 12,9 g neto te\u017eine)<\/p>\n<p><strong>Preporu\u010dena dnevna koli\u010dina:<\/strong><br \/>\nUzimajte jednu kapsulu dnevno s dovoljno teku\u0107ine 1-2 sata prije spavanja.<\/p>\n<p><strong>Svaka kapsula sadr\u017ei:<\/strong><\/p>\n<p>valerijana u prahu\u00a0 \u00a0 \u00a0 \u00a0 \u00a0 \u00a0 \u00a0 \u00a0 40,00 mg<\/p>\n<p>prah konusa hmelja\u00a0 \u00a0 \u00a0 \u00a0 \u00a0 \u00a0 \u00a0100,00 mg<\/p>\n<p>prah melem od limuna\u00a0 \u00a0 \u00a0 \u00a0200,00 mg<\/p>\n","protected":false},"excerpt":{"rendered":"<h4>Imate li dobar i neprekinuti san?<br \/>\nValerijana &#8211; za dubok i zdrav san!<\/h4>\n<p>Danas je na\u0161e tijelo izlo\u017eeno velikom stresu koje je rezultat sve ve\u0107ih pritisaka kako u profesionalnom tako i u privatnom \u017eivotu. Kao posljedicu, do\u017eivljavamo stres, unutarnji nemir i lo\u0161 san, \u0161to sve utje\u010de na zdravlje. Zbog svega toga posebno je va\u017eno &#8220;isklju\u010diti se&#8221; kako biste oslobodili va\u0161e tijelo jer je to jedini na\u010din na koji va\u0161e tijelo dobiva novu energiju.<\/p>\n[banner_prehrana]\n","protected":false},"featured_media":27305,"comment_status":"open","ping_status":"closed","template":"","meta":{"inline_featured_image":false},"product_cat":[810],"product_tag":[528,463,529,530,442,531],"class_list":["post-27304","product","type-product","status-publish","has-post-thumbnail","hentry","product_cat-nekategorizirano-hr","product_tag-dobar-san","product_tag-hafesan","product_tag-hmelj","product_tag-maticnjak","product_tag-stres","product_tag-valerijana"],"acf":[],"yoast_head":"<!-- This site is optimized with the Yoast SEO plugin v19.13 - https:\/\/yoast.com\/wordpress\/plugins\/seo\/ -->\n<title>Valerijana + Hmelj + Mati\u010dnjak - SEN Shop<\/title>\n<meta name=\"robots\" content=\"index, follow, max-snippet:-1, max-image-preview:large, max-video-preview:-1\" \/>\n<link rel=\"canonical\" href=\"https:\/\/sen-shop.com\/hr\/collections\/nekategorizirano-hr\/valerijana-hmelj-maticnjak-kapsule\/\" \/>\n<meta property=\"og:locale\" content=\"hr_HR\" \/>\n<meta property=\"og:type\" content=\"article\" \/>\n<meta property=\"og:title\" content=\"Valerijana + Hmelj + Mati\u010dnjak - SEN Shop\" \/>\n<meta property=\"og:description\" content=\"Imate li dobar i neprekinuti san? Valerijana - za dubok i zdrav san! Danas je na\u0161e tijelo izlo\u017eeno velikom stresu koje je rezultat sve ve\u0107ih pritisaka kako u profesionalnom tako i u privatnom \u017eivotu. Kao posljedicu, do\u017eivljavamo stres, unutarnji nemir i lo\u0161 san, \u0161to sve utje\u010de na zdravlje. Zbog svega toga posebno je va\u017eno &quot;isklju\u010diti se&quot; kako biste oslobodili va\u0161e tijelo jer je to jedini na\u010din na koji va\u0161e tijelo dobiva novu energiju.\" \/>\n<meta property=\"og:url\" content=\"https:\/\/sen-shop.com\/hr\/collections\/nekategorizirano-hr\/valerijana-hmelj-maticnjak-kapsule\/\" \/>\n<meta property=\"og:site_name\" content=\"SEN Shop\" \/>\n<meta property=\"article:publisher\" content=\"https:\/\/www.facebook.com\/Senshopslovenija\" \/>\n<meta property=\"article:modified_time\" content=\"2021-12-14T14:54:57+00:00\" \/>\n<meta property=\"og:image\" content=\"https:\/\/sen-shop.com\/wp-content\/uploads\/2021\/04\/baldrijan.jpg\" \/>\n\t<meta property=\"og:image:width\" content=\"506\" \/>\n\t<meta property=\"og:image:height\" content=\"607\" \/>\n\t<meta property=\"og:image:type\" content=\"image\/jpeg\" \/>\n<meta name=\"twitter:card\" content=\"summary_large_image\" \/>\n<meta name=\"twitter:label1\" content=\"Est. reading time\" \/>\n\t<meta name=\"twitter:data1\" content=\"2 minutes\" \/>\n<script type=\"application\/ld+json\" class=\"yoast-schema-graph\">{\"@context\":\"https:\/\/schema.org\",\"@graph\":[{\"@type\":\"WebPage\",\"@id\":\"https:\/\/sen-shop.com\/hr\/collections\/nekategorizirano-hr\/valerijana-hmelj-maticnjak-kapsule\/\",\"url\":\"https:\/\/sen-shop.com\/hr\/collections\/nekategorizirano-hr\/valerijana-hmelj-maticnjak-kapsule\/\",\"name\":\"Valerijana + Hmelj + Mati\u010dnjak - SEN Shop\",\"isPartOf\":{\"@id\":\"https:\/\/sen-shop.com\/hr\/#website\"},\"datePublished\":\"2021-04-16T07:21:56+00:00\",\"dateModified\":\"2021-12-14T14:54:57+00:00\",\"breadcrumb\":{\"@id\":\"https:\/\/sen-shop.com\/hr\/collections\/nekategorizirano-hr\/valerijana-hmelj-maticnjak-kapsule\/#breadcrumb\"},\"inLanguage\":\"hr-HR\",\"potentialAction\":[{\"@type\":\"ReadAction\",\"target\":[\"https:\/\/sen-shop.com\/hr\/collections\/nekategorizirano-hr\/valerijana-hmelj-maticnjak-kapsule\/\"]}]},{\"@type\":\"BreadcrumbList\",\"@id\":\"https:\/\/sen-shop.com\/hr\/collections\/nekategorizirano-hr\/valerijana-hmelj-maticnjak-kapsule\/#breadcrumb\",\"itemListElement\":[{\"@type\":\"ListItem\",\"position\":1,\"name\":\"Home\",\"item\":\"https:\/\/sen-shop.com\/hr\/\"},{\"@type\":\"ListItem\",\"position\":2,\"name\":\"Valerijana + Hmelj + Mati\u010dnjak\"}]},{\"@type\":\"WebSite\",\"@id\":\"https:\/\/sen-shop.com\/hr\/#website\",\"url\":\"https:\/\/sen-shop.com\/hr\/\",\"name\":\"SEN Shop\",\"description\":\"Slovensko, Ekolo\u0161ko, Naravno\",\"publisher\":{\"@id\":\"https:\/\/sen-shop.com\/hr\/#organization\"},\"potentialAction\":[{\"@type\":\"SearchAction\",\"target\":{\"@type\":\"EntryPoint\",\"urlTemplate\":\"https:\/\/sen-shop.com\/hr\/?s={search_term_string}\"},\"query-input\":\"required name=search_term_string\"}],\"inLanguage\":\"hr-HR\"},{\"@type\":\"Organization\",\"@id\":\"https:\/\/sen-shop.com\/hr\/#organization\",\"name\":\"Mind trade d.o.o\",\"url\":\"https:\/\/sen-shop.com\/hr\/\",\"logo\":{\"@type\":\"ImageObject\",\"inLanguage\":\"hr-HR\",\"@id\":\"https:\/\/sen-shop.com\/hr\/#\/schema\/logo\/image\/\",\"url\":\"https:\/\/sen-shop.com\/wp-content\/uploads\/2018\/05\/header_logo.png\",\"contentUrl\":\"https:\/\/sen-shop.com\/wp-content\/uploads\/2018\/05\/header_logo.png\",\"width\":138,\"height\":70,\"caption\":\"Mind trade d.o.o\"},\"image\":{\"@id\":\"https:\/\/sen-shop.com\/hr\/#\/schema\/logo\/image\/\"},\"sameAs\":[\"https:\/\/www.instagram.com\/senslovenija\/\",\"https:\/\/www.facebook.com\/Senshopslovenija\"]}]}<\/script>\n<!-- \/ Yoast SEO plugin. -->","yoast_head_json":{"title":"Valerijana + Hmelj + Mati\u010dnjak - SEN Shop","robots":{"index":"index","follow":"follow","max-snippet":"max-snippet:-1","max-image-preview":"max-image-preview:large","max-video-preview":"max-video-preview:-1"},"canonical":"https:\/\/sen-shop.com\/hr\/collections\/nekategorizirano-hr\/valerijana-hmelj-maticnjak-kapsule\/","og_locale":"hr_HR","og_type":"article","og_title":"Valerijana + Hmelj + Mati\u010dnjak - SEN Shop","og_description":"Imate li dobar i neprekinuti san? Valerijana - za dubok i zdrav san! Danas je na\u0161e tijelo izlo\u017eeno velikom stresu koje je rezultat sve ve\u0107ih pritisaka kako u profesionalnom tako i u privatnom \u017eivotu. Kao posljedicu, do\u017eivljavamo stres, unutarnji nemir i lo\u0161 san, \u0161to sve utje\u010de na zdravlje. Zbog svega toga posebno je va\u017eno \"isklju\u010diti se\" kako biste oslobodili va\u0161e tijelo jer je to jedini na\u010din na koji va\u0161e tijelo dobiva novu energiju.","og_url":"https:\/\/sen-shop.com\/hr\/collections\/nekategorizirano-hr\/valerijana-hmelj-maticnjak-kapsule\/","og_site_name":"SEN Shop","article_publisher":"https:\/\/www.facebook.com\/Senshopslovenija","article_modified_time":"2021-12-14T14:54:57+00:00","og_image":[{"width":506,"height":607,"url":"https:\/\/sen-shop.com\/wp-content\/uploads\/2021\/04\/baldrijan.jpg","type":"image\/jpeg"}],"twitter_card":"summary_large_image","twitter_misc":{"Est. reading time":"2 minutes"},"schema":{"@context":"https:\/\/schema.org","@graph":[{"@type":"WebPage","@id":"https:\/\/sen-shop.com\/hr\/collections\/nekategorizirano-hr\/valerijana-hmelj-maticnjak-kapsule\/","url":"https:\/\/sen-shop.com\/hr\/collections\/nekategorizirano-hr\/valerijana-hmelj-maticnjak-kapsule\/","name":"Valerijana + Hmelj + Mati\u010dnjak - SEN Shop","isPartOf":{"@id":"https:\/\/sen-shop.com\/hr\/#website"},"datePublished":"2021-04-16T07:21:56+00:00","dateModified":"2021-12-14T14:54:57+00:00","breadcrumb":{"@id":"https:\/\/sen-shop.com\/hr\/collections\/nekategorizirano-hr\/valerijana-hmelj-maticnjak-kapsule\/#breadcrumb"},"inLanguage":"hr-HR","potentialAction":[{"@type":"ReadAction","target":["https:\/\/sen-shop.com\/hr\/collections\/nekategorizirano-hr\/valerijana-hmelj-maticnjak-kapsule\/"]}]},{"@type":"BreadcrumbList","@id":"https:\/\/sen-shop.com\/hr\/collections\/nekategorizirano-hr\/valerijana-hmelj-maticnjak-kapsule\/#breadcrumb","itemListElement":[{"@type":"ListItem","position":1,"name":"Home","item":"https:\/\/sen-shop.com\/hr\/"},{"@type":"ListItem","position":2,"name":"Valerijana + Hmelj + Mati\u010dnjak"}]},{"@type":"WebSite","@id":"https:\/\/sen-shop.com\/hr\/#website","url":"https:\/\/sen-shop.com\/hr\/","name":"SEN Shop","description":"Slovensko, Ekolo\u0161ko, Naravno","publisher":{"@id":"https:\/\/sen-shop.com\/hr\/#organization"},"potentialAction":[{"@type":"SearchAction","target":{"@type":"EntryPoint","urlTemplate":"https:\/\/sen-shop.com\/hr\/?s={search_term_string}"},"query-input":"required name=search_term_string"}],"inLanguage":"hr-HR"},{"@type":"Organization","@id":"https:\/\/sen-shop.com\/hr\/#organization","name":"Mind trade d.o.o","url":"https:\/\/sen-shop.com\/hr\/","logo":{"@type":"ImageObject","inLanguage":"hr-HR","@id":"https:\/\/sen-shop.com\/hr\/#\/schema\/logo\/image\/","url":"https:\/\/sen-shop.com\/wp-content\/uploads\/2018\/05\/header_logo.png","contentUrl":"https:\/\/sen-shop.com\/wp-content\/uploads\/2018\/05\/header_logo.png","width":138,"height":70,"caption":"Mind trade d.o.o"},"image":{"@id":"https:\/\/sen-shop.com\/hr\/#\/schema\/logo\/image\/"},"sameAs":["https:\/\/www.instagram.com\/senslovenija\/","https:\/\/www.facebook.com\/Senshopslovenija"]}]}},"_links":{"self":[{"href":"https:\/\/sen-shop.com\/hr\/wp-json\/wp\/v2\/product\/27304","targetHints":{"allow":["GET"]}}],"collection":[{"href":"https:\/\/sen-shop.com\/hr\/wp-json\/wp\/v2\/product"}],"about":[{"href":"https:\/\/sen-shop.com\/hr\/wp-json\/wp\/v2\/types\/product"}],"replies":[{"embeddable":true,"href":"https:\/\/sen-shop.com\/hr\/wp-json\/wp\/v2\/comments?post=27304"}],"wp:featuredmedia":[{"embeddable":true,"href":"https:\/\/sen-shop.com\/hr\/wp-json\/wp\/v2\/media\/27305"}],"wp:attachment":[{"href":"https:\/\/sen-shop.com\/hr\/wp-json\/wp\/v2\/media?parent=27304"}],"wp:term":[{"taxonomy":"product_cat","embeddable":true,"href":"https:\/\/sen-shop.com\/hr\/wp-json\/wp\/v2\/product_cat?post=27304"},{"taxonomy":"product_tag","embeddable":true,"href":"https:\/\/sen-shop.com\/hr\/wp-json\/wp\/v2\/product_tag?post=27304"}],"curies":[{"name":"wp","href":"https:\/\/api.w.org\/{rel}","templated":true}]}}