{"id":27300,"date":"2021-04-16T09:15:15","date_gmt":"2021-04-16T07:15:15","guid":{"rendered":"https:\/\/www.sen-shop.com\/?post_type=product&#038;p=27300"},"modified":"2021-12-14T15:55:14","modified_gmt":"2021-12-14T14:55:14","slug":"dhea-korijen-divljeg-jama-400-mg-kapsule","status":"publish","type":"product","link":"https:\/\/sen-shop.com\/hr\/collections\/nekategorizirano-hr\/dhea-korijen-divljeg-jama-400-mg-kapsule\/","title":{"rendered":"DHEA* korijen divljeg jama 400 mg"},"content":{"rendered":"<h4>DHEA * korijen korijen divljeg jama 400 mg kapsule<\/h4>\n<p>&#8211; za vitalnost i vi\u0161e energije, posebno u starijoj dobi<br \/>\n&#8211; za vitalnost i dobrobit srednjih godina<\/p>\n<p>Bez konzervansa, boja i laktoze. Pogodno i za dijabeti\u010dare.<\/p>\n<p>DHEA * korijen divljeg jama 400 mg kapsule &#8211; samo jedna kapsula dnevno!<\/p>\n<p>Jedna kutija (30 kapsula) je dovoljna za cijeli mjesec.<\/p>\n<p>* Diogenin<br \/>\nHiper koncentriran<br \/>\nekstrakt<br \/>\naktivan<\/p>\n<p><strong>Sastav:<\/strong><\/p>\n<p>ekstrakt korijena divljeg jama (Dioscorea opposita), \u017eelatina (gove\u0111a).<\/p>\n<p>\u010cuvati izvan dohvata djece. \u010cuvajte proizvod na suhom mjestu pri temperaturi ispod 25 \u00b0 C. Preporu\u010dena dnevna koli\u010dina ili doza ne smiju se prekora\u010diti. Prehrambeni dodatak nije zamjena za uravnote\u017eenu i raznoliku prehranu i zdrav na\u010din \u017eivota.<\/p>\n<p><strong>Sadr\u017eaj:<\/strong> 30 kapsula (= 14,7 g neto te\u017eine)<\/p>\n<p><strong>Preporu\u010dena dnevna koli\u010dina:<\/strong><\/p>\n<p>Uzimajte <strong>jednu kapsulu<\/strong> dnevno s dovoljno teku\u0107ine &#8211; uz jelo.<\/p>\n<p>Svaka kapsula sadr\u017ei:<\/p>\n<p>ekstrakt korijena divljeg jama\u00a0 \u00a0 \u00a0400,00 mg<\/p>\n","protected":false},"excerpt":{"rendered":"<h3 id=\"tw-target-text\" class=\"tw-data-text tw-text-large tw-ta\" dir=\"ltr\" data-placeholder=\"Prevod\"><span lang=\"hr\" tabindex=\"0\">Ostanite vitalni i u dobroj formi!<\/span><\/h3>\n<p>Mnogi va\u017eni istra\u017eiva\u010di radili su studije ekstrakta korijena divljeg jama. Rezultati pokazuju da, posebno u srednjoj i kasnoj dobi, korijen divljeg jama <strong>pove\u0107ava vitalnost i dobrobit, <\/strong>pozitivno utje\u010de na probleme odraslih osoba i ja\u010da libido.<\/p>\n<p>Ekstrakt koji se koristi u <strong>DHEA * korijen divljeg jama 400 mg<\/strong> kapsulama sadr\u017ei \u010dak 16% diosgenina (standardizirani ekstrakt).<\/p>\n[banner_prehrana]\n","protected":false},"featured_media":27301,"comment_status":"open","ping_status":"closed","template":"","meta":{"inline_featured_image":false},"product_cat":[810],"product_tag":[525,526,463,467,527,510],"class_list":["post-27300","product","type-product","status-publish","has-post-thumbnail","hentry","product_cat-nekategorizirano-hr","product_tag-dobrobit","product_tag-dodaci-prehrani","product_tag-hafesan","product_tag-kapsule","product_tag-korijen-divljeg-jama","product_tag-libido"],"acf":[],"yoast_head":"<!-- This site is optimized with the Yoast SEO plugin v19.13 - https:\/\/yoast.com\/wordpress\/plugins\/seo\/ -->\n<title>DHEA* korijen divljeg jama 400 mg - SEN Shop<\/title>\n<meta name=\"robots\" content=\"index, follow, max-snippet:-1, max-image-preview:large, max-video-preview:-1\" \/>\n<link rel=\"canonical\" href=\"https:\/\/sen-shop.com\/hr\/collections\/nekategorizirano-hr\/dhea-korijen-divljeg-jama-400-mg-kapsule\/\" \/>\n<meta property=\"og:locale\" content=\"hr_HR\" \/>\n<meta property=\"og:type\" content=\"article\" \/>\n<meta property=\"og:title\" content=\"DHEA* korijen divljeg jama 400 mg - SEN Shop\" \/>\n<meta property=\"og:description\" content=\"Ostanite vitalni i u dobroj formi! Mnogi va\u017eni istra\u017eiva\u010di radili su studije ekstrakta korijena divljeg jama. Rezultati pokazuju da, posebno u srednjoj i kasnoj dobi, korijen divljeg jama pove\u0107ava vitalnost i dobrobit, pozitivno utje\u010de na probleme odraslih osoba i ja\u010da libido.  Ekstrakt koji se koristi u DHEA * korijen divljeg jama 400 mg kapsulama sadr\u017ei \u010dak 16% diosgenina (standardizirani ekstrakt).\" \/>\n<meta property=\"og:url\" content=\"https:\/\/sen-shop.com\/hr\/collections\/nekategorizirano-hr\/dhea-korijen-divljeg-jama-400-mg-kapsule\/\" \/>\n<meta property=\"og:site_name\" content=\"SEN Shop\" \/>\n<meta property=\"article:publisher\" content=\"https:\/\/www.facebook.com\/Senshopslovenija\" \/>\n<meta property=\"article:modified_time\" content=\"2021-12-14T14:55:14+00:00\" \/>\n<meta property=\"og:image\" content=\"https:\/\/sen-shop.com\/wp-content\/uploads\/2021\/04\/dhea.jpg\" \/>\n\t<meta property=\"og:image:width\" content=\"506\" \/>\n\t<meta property=\"og:image:height\" content=\"607\" \/>\n\t<meta property=\"og:image:type\" content=\"image\/jpeg\" \/>\n<meta name=\"twitter:card\" content=\"summary_large_image\" \/>\n<meta name=\"twitter:label1\" content=\"Est. reading time\" \/>\n\t<meta name=\"twitter:data1\" content=\"1 minute\" \/>\n<script type=\"application\/ld+json\" class=\"yoast-schema-graph\">{\"@context\":\"https:\/\/schema.org\",\"@graph\":[{\"@type\":\"WebPage\",\"@id\":\"https:\/\/sen-shop.com\/hr\/collections\/nekategorizirano-hr\/dhea-korijen-divljeg-jama-400-mg-kapsule\/\",\"url\":\"https:\/\/sen-shop.com\/hr\/collections\/nekategorizirano-hr\/dhea-korijen-divljeg-jama-400-mg-kapsule\/\",\"name\":\"DHEA* korijen divljeg jama 400 mg - SEN Shop\",\"isPartOf\":{\"@id\":\"https:\/\/sen-shop.com\/hr\/#website\"},\"datePublished\":\"2021-04-16T07:15:15+00:00\",\"dateModified\":\"2021-12-14T14:55:14+00:00\",\"breadcrumb\":{\"@id\":\"https:\/\/sen-shop.com\/hr\/collections\/nekategorizirano-hr\/dhea-korijen-divljeg-jama-400-mg-kapsule\/#breadcrumb\"},\"inLanguage\":\"hr-HR\",\"potentialAction\":[{\"@type\":\"ReadAction\",\"target\":[\"https:\/\/sen-shop.com\/hr\/collections\/nekategorizirano-hr\/dhea-korijen-divljeg-jama-400-mg-kapsule\/\"]}]},{\"@type\":\"BreadcrumbList\",\"@id\":\"https:\/\/sen-shop.com\/hr\/collections\/nekategorizirano-hr\/dhea-korijen-divljeg-jama-400-mg-kapsule\/#breadcrumb\",\"itemListElement\":[{\"@type\":\"ListItem\",\"position\":1,\"name\":\"Home\",\"item\":\"https:\/\/sen-shop.com\/hr\/\"},{\"@type\":\"ListItem\",\"position\":2,\"name\":\"DHEA* korijen divljeg jama 400 mg\"}]},{\"@type\":\"WebSite\",\"@id\":\"https:\/\/sen-shop.com\/hr\/#website\",\"url\":\"https:\/\/sen-shop.com\/hr\/\",\"name\":\"SEN Shop\",\"description\":\"Slovensko, Ekolo\u0161ko, Naravno\",\"publisher\":{\"@id\":\"https:\/\/sen-shop.com\/hr\/#organization\"},\"potentialAction\":[{\"@type\":\"SearchAction\",\"target\":{\"@type\":\"EntryPoint\",\"urlTemplate\":\"https:\/\/sen-shop.com\/hr\/?s={search_term_string}\"},\"query-input\":\"required name=search_term_string\"}],\"inLanguage\":\"hr-HR\"},{\"@type\":\"Organization\",\"@id\":\"https:\/\/sen-shop.com\/hr\/#organization\",\"name\":\"Mind trade d.o.o\",\"url\":\"https:\/\/sen-shop.com\/hr\/\",\"logo\":{\"@type\":\"ImageObject\",\"inLanguage\":\"hr-HR\",\"@id\":\"https:\/\/sen-shop.com\/hr\/#\/schema\/logo\/image\/\",\"url\":\"https:\/\/sen-shop.com\/wp-content\/uploads\/2018\/05\/header_logo.png\",\"contentUrl\":\"https:\/\/sen-shop.com\/wp-content\/uploads\/2018\/05\/header_logo.png\",\"width\":138,\"height\":70,\"caption\":\"Mind trade d.o.o\"},\"image\":{\"@id\":\"https:\/\/sen-shop.com\/hr\/#\/schema\/logo\/image\/\"},\"sameAs\":[\"https:\/\/www.instagram.com\/senslovenija\/\",\"https:\/\/www.facebook.com\/Senshopslovenija\"]}]}<\/script>\n<!-- \/ Yoast SEO plugin. -->","yoast_head_json":{"title":"DHEA* korijen divljeg jama 400 mg - SEN Shop","robots":{"index":"index","follow":"follow","max-snippet":"max-snippet:-1","max-image-preview":"max-image-preview:large","max-video-preview":"max-video-preview:-1"},"canonical":"https:\/\/sen-shop.com\/hr\/collections\/nekategorizirano-hr\/dhea-korijen-divljeg-jama-400-mg-kapsule\/","og_locale":"hr_HR","og_type":"article","og_title":"DHEA* korijen divljeg jama 400 mg - SEN Shop","og_description":"Ostanite vitalni i u dobroj formi! Mnogi va\u017eni istra\u017eiva\u010di radili su studije ekstrakta korijena divljeg jama. Rezultati pokazuju da, posebno u srednjoj i kasnoj dobi, korijen divljeg jama pove\u0107ava vitalnost i dobrobit, pozitivno utje\u010de na probleme odraslih osoba i ja\u010da libido.  Ekstrakt koji se koristi u DHEA * korijen divljeg jama 400 mg kapsulama sadr\u017ei \u010dak 16% diosgenina (standardizirani ekstrakt).","og_url":"https:\/\/sen-shop.com\/hr\/collections\/nekategorizirano-hr\/dhea-korijen-divljeg-jama-400-mg-kapsule\/","og_site_name":"SEN Shop","article_publisher":"https:\/\/www.facebook.com\/Senshopslovenija","article_modified_time":"2021-12-14T14:55:14+00:00","og_image":[{"width":506,"height":607,"url":"https:\/\/sen-shop.com\/wp-content\/uploads\/2021\/04\/dhea.jpg","type":"image\/jpeg"}],"twitter_card":"summary_large_image","twitter_misc":{"Est. reading time":"1 minute"},"schema":{"@context":"https:\/\/schema.org","@graph":[{"@type":"WebPage","@id":"https:\/\/sen-shop.com\/hr\/collections\/nekategorizirano-hr\/dhea-korijen-divljeg-jama-400-mg-kapsule\/","url":"https:\/\/sen-shop.com\/hr\/collections\/nekategorizirano-hr\/dhea-korijen-divljeg-jama-400-mg-kapsule\/","name":"DHEA* korijen divljeg jama 400 mg - SEN Shop","isPartOf":{"@id":"https:\/\/sen-shop.com\/hr\/#website"},"datePublished":"2021-04-16T07:15:15+00:00","dateModified":"2021-12-14T14:55:14+00:00","breadcrumb":{"@id":"https:\/\/sen-shop.com\/hr\/collections\/nekategorizirano-hr\/dhea-korijen-divljeg-jama-400-mg-kapsule\/#breadcrumb"},"inLanguage":"hr-HR","potentialAction":[{"@type":"ReadAction","target":["https:\/\/sen-shop.com\/hr\/collections\/nekategorizirano-hr\/dhea-korijen-divljeg-jama-400-mg-kapsule\/"]}]},{"@type":"BreadcrumbList","@id":"https:\/\/sen-shop.com\/hr\/collections\/nekategorizirano-hr\/dhea-korijen-divljeg-jama-400-mg-kapsule\/#breadcrumb","itemListElement":[{"@type":"ListItem","position":1,"name":"Home","item":"https:\/\/sen-shop.com\/hr\/"},{"@type":"ListItem","position":2,"name":"DHEA* korijen divljeg jama 400 mg"}]},{"@type":"WebSite","@id":"https:\/\/sen-shop.com\/hr\/#website","url":"https:\/\/sen-shop.com\/hr\/","name":"SEN Shop","description":"Slovensko, Ekolo\u0161ko, Naravno","publisher":{"@id":"https:\/\/sen-shop.com\/hr\/#organization"},"potentialAction":[{"@type":"SearchAction","target":{"@type":"EntryPoint","urlTemplate":"https:\/\/sen-shop.com\/hr\/?s={search_term_string}"},"query-input":"required name=search_term_string"}],"inLanguage":"hr-HR"},{"@type":"Organization","@id":"https:\/\/sen-shop.com\/hr\/#organization","name":"Mind trade d.o.o","url":"https:\/\/sen-shop.com\/hr\/","logo":{"@type":"ImageObject","inLanguage":"hr-HR","@id":"https:\/\/sen-shop.com\/hr\/#\/schema\/logo\/image\/","url":"https:\/\/sen-shop.com\/wp-content\/uploads\/2018\/05\/header_logo.png","contentUrl":"https:\/\/sen-shop.com\/wp-content\/uploads\/2018\/05\/header_logo.png","width":138,"height":70,"caption":"Mind trade d.o.o"},"image":{"@id":"https:\/\/sen-shop.com\/hr\/#\/schema\/logo\/image\/"},"sameAs":["https:\/\/www.instagram.com\/senslovenija\/","https:\/\/www.facebook.com\/Senshopslovenija"]}]}},"_links":{"self":[{"href":"https:\/\/sen-shop.com\/hr\/wp-json\/wp\/v2\/product\/27300","targetHints":{"allow":["GET"]}}],"collection":[{"href":"https:\/\/sen-shop.com\/hr\/wp-json\/wp\/v2\/product"}],"about":[{"href":"https:\/\/sen-shop.com\/hr\/wp-json\/wp\/v2\/types\/product"}],"replies":[{"embeddable":true,"href":"https:\/\/sen-shop.com\/hr\/wp-json\/wp\/v2\/comments?post=27300"}],"wp:featuredmedia":[{"embeddable":true,"href":"https:\/\/sen-shop.com\/hr\/wp-json\/wp\/v2\/media\/27301"}],"wp:attachment":[{"href":"https:\/\/sen-shop.com\/hr\/wp-json\/wp\/v2\/media?parent=27300"}],"wp:term":[{"taxonomy":"product_cat","embeddable":true,"href":"https:\/\/sen-shop.com\/hr\/wp-json\/wp\/v2\/product_cat?post=27300"},{"taxonomy":"product_tag","embeddable":true,"href":"https:\/\/sen-shop.com\/hr\/wp-json\/wp\/v2\/product_tag?post=27300"}],"curies":[{"name":"wp","href":"https:\/\/api.w.org\/{rel}","templated":true}]}}