{"id":27297,"date":"2021-04-16T09:11:18","date_gmt":"2021-04-16T07:11:18","guid":{"rendered":"https:\/\/www.sen-shop.com\/?post_type=product&#038;p=27297"},"modified":"2021-12-14T15:55:32","modified_gmt":"2021-12-14T14:55:32","slug":"listovi-crvene-vinove-loze-divlji-kesten-rutin-kapsule","status":"publish","type":"product","link":"https:\/\/sen-shop.com\/hr\/collections\/nekategorizirano-hr\/listovi-crvene-vinove-loze-divlji-kesten-rutin-kapsule\/","title":{"rendered":"Listovi crvene vinove loze"},"content":{"rendered":"<p><strong>Listovi crvene vinove loze + Divlji kesten + Rutin kapsule<\/strong> u\u010dinkovita su kombinacija prirodne ljekarne. Priu\u0161tite va\u0161im umornim i te\u0161kim nogama najbolju njegu. Osim u\u010dinkovite kombinacije prirodnog bilja, proizvod sadr\u017ei i bioflavonoide koji spre\u010davaju negativne u\u010dinke oksidativnih procesa na vene.<\/p>\n<p>Dr\u017eite noge privla\u010dne i zdrave\u00a0 &#8211; s kapsulama od listova crvene vinove loze + divlji kesten + rutin.<\/p>\n<p>Za kapsule Listov crvene vinove loze + divlji kesten + rutin koriste se samo \u010disti, provjereni ekstrakti i pra\u0161kovi bez kemijskih dodataka. Na taj na\u010din zadr\u017eavaju se sva va\u017ena svojstva sastojaka.<\/p>\n<p>Bez konzervansa, boja i laktoze. Pogodno i za dijabeti\u010dare.<\/p>\n<p>Samo jedna kapsula dnevno! Jedna kutija (30 kapsula) je dovoljna za cijeli mjesec.<\/p>\n<p><strong>Sastav:<\/strong><\/p>\n<p>Prah li\u0161\u0107a crvene vinove loze (Vitis vinifera), prah li\u0161\u0107a divljeg kestena (Aesculus hippocastanum), \u017eelatina (gove\u0111a), prah heljde (Fagopyrum esculentum), rutin. Sredstvo protiv zgru\u0161avanja: magnezijeve soli masnih kiselina.<\/p>\n<p><strong>\u010cuvati izvan dohvata djece<\/strong>. \u010cuvajte proizvod na suhom mjestu pri temperaturi ispod 25 \u00b0 C. Preporu\u010dena dnevna koli\u010dina ili doza ne smiju se prekora\u010diti. Prehrambeni dodatak nije zamjena za uravnote\u017eenu i raznoliku prehranu i zdrav na\u010din \u017eivota.<\/p>\n<p><strong>Sadr\u017eaj:<\/strong> 30 kapsula (= 10,5 g neto te\u017eine)<\/p>\n<p><strong>Preporu\u010dena dnevna koli\u010dina:<\/strong><\/p>\n<p>Uzimajte <strong>jednu kapsulu<\/strong> dnevno s dovoljno teku\u0107ine.<\/p>\n<p>Svaka kapsula sadr\u017ei:<\/p>\n<p>prah li\u0161\u0107a crvene loze\u00a0 \u00a0 \u00a0 \u00a0 \u00a0 \u00a0 \u00a0 \u00a0 \u00a0 \u00a0 \u00a0 \u00a0 \u00a0 \u00a0 \u00a0100,00 mg<\/p>\n<p>prah li\u0161\u0107a divljeg kestena\u00a0 \u00a0 \u00a0 \u00a0 \u00a0 \u00a0 \u00a0 \u00a0 \u00a0 \u00a0 \u00a0 100,00 mg<\/p>\n<p>prah heljda\u00a0 \u00a0 \u00a0 \u00a0 \u00a0 \u00a0 \u00a0 \u00a0 \u00a0 \u00a0 \u00a0 \u00a0 \u00a0 \u00a0 \u00a0 \u00a0 \u00a0 \u00a0 \u00a0 \u00a0 \u00a0 \u00a0 \u00a0 \u00a0 50,00 mg<\/p>\n<p>rutin\u00a0 \u00a0 \u00a0 \u00a0 \u00a0 \u00a0 \u00a0 \u00a0 \u00a0 \u00a0 \u00a0 \u00a0 \u00a0 \u00a0 \u00a0 \u00a0 \u00a0 \u00a0 \u00a0 \u00a0 \u00a0 \u00a0 \u00a0 \u00a0 \u00a0 \u00a0 \u00a0 \u00a0 \u00a0 \u00a010,00 mg<\/p>\n","protected":false},"excerpt":{"rendered":"<h3><strong>Atraktivne i zdrave noge!<\/strong><\/h3>\n<p>S godinama na\u0161e noge postaju sve &#8220;problemati\u010dnije podru\u010dje&#8221;. Je li ve\u0107 osje\u0107ate probleme poput spoticanja i osje\u0107aja te\u0161kih nogu? Stru\u010dnjaci savjetuju da prve znakove shvatite ozbiljno i rano poduzmete odgovaraju\u0107e mjere i spasite se od takvih neugodnosti. Pru\u017eite va\u0161im nogama najbolju njegu prirodnim putem!<\/p>\n[banner_prehrana]\n","protected":false},"featured_media":27298,"comment_status":"open","ping_status":"closed","template":"","meta":{"inline_featured_image":false},"product_cat":[810],"product_tag":[463,522,523,524],"class_list":["post-27297","product","type-product","status-publish","has-post-thumbnail","hentry","product_cat-nekategorizirano-hr","product_tag-hafesan","product_tag-njega-nogu","product_tag-teske-noge","product_tag-umorne-noge"],"acf":[],"yoast_head":"<!-- This site is optimized with the Yoast SEO plugin v19.13 - https:\/\/yoast.com\/wordpress\/plugins\/seo\/ -->\n<title>Listovi crvene vinove loze - SEN Shop<\/title>\n<meta name=\"robots\" content=\"index, follow, max-snippet:-1, max-image-preview:large, max-video-preview:-1\" \/>\n<link rel=\"canonical\" href=\"https:\/\/sen-shop.com\/hr\/collections\/nekategorizirano-hr\/listovi-crvene-vinove-loze-divlji-kesten-rutin-kapsule\/\" \/>\n<meta property=\"og:locale\" content=\"hr_HR\" \/>\n<meta property=\"og:type\" content=\"article\" \/>\n<meta property=\"og:title\" content=\"Listovi crvene vinove loze - SEN Shop\" \/>\n<meta property=\"og:description\" content=\"Atraktivne i zdrave noge! S godinama na\u0161e noge postaju sve &quot;problemati\u010dnije podru\u010dje&quot;. Je li ve\u0107 osje\u0107ate probleme poput spoticanja i osje\u0107aja te\u0161kih nogu? Stru\u010dnjaci savjetuju da prve znakove shvatite ozbiljno i rano poduzmete odgovaraju\u0107e mjere i spasite se od takvih neugodnosti. Pru\u017eite va\u0161im nogama najbolju njegu prirodnim putem!\" \/>\n<meta property=\"og:url\" content=\"https:\/\/sen-shop.com\/hr\/collections\/nekategorizirano-hr\/listovi-crvene-vinove-loze-divlji-kesten-rutin-kapsule\/\" \/>\n<meta property=\"og:site_name\" content=\"SEN Shop\" \/>\n<meta property=\"article:publisher\" content=\"https:\/\/www.facebook.com\/Senshopslovenija\" \/>\n<meta property=\"article:modified_time\" content=\"2021-12-14T14:55:32+00:00\" \/>\n<meta property=\"og:image\" content=\"https:\/\/sen-shop.com\/wp-content\/uploads\/2021\/04\/listi-rd-trte.jpg\" \/>\n\t<meta property=\"og:image:width\" content=\"506\" \/>\n\t<meta property=\"og:image:height\" content=\"607\" \/>\n\t<meta property=\"og:image:type\" content=\"image\/jpeg\" \/>\n<meta name=\"twitter:card\" content=\"summary_large_image\" \/>\n<meta name=\"twitter:label1\" content=\"Est. reading time\" \/>\n\t<meta name=\"twitter:data1\" content=\"1 minute\" \/>\n<script type=\"application\/ld+json\" class=\"yoast-schema-graph\">{\"@context\":\"https:\/\/schema.org\",\"@graph\":[{\"@type\":\"WebPage\",\"@id\":\"https:\/\/sen-shop.com\/hr\/collections\/nekategorizirano-hr\/listovi-crvene-vinove-loze-divlji-kesten-rutin-kapsule\/\",\"url\":\"https:\/\/sen-shop.com\/hr\/collections\/nekategorizirano-hr\/listovi-crvene-vinove-loze-divlji-kesten-rutin-kapsule\/\",\"name\":\"Listovi crvene vinove loze - SEN Shop\",\"isPartOf\":{\"@id\":\"https:\/\/sen-shop.com\/hr\/#website\"},\"datePublished\":\"2021-04-16T07:11:18+00:00\",\"dateModified\":\"2021-12-14T14:55:32+00:00\",\"breadcrumb\":{\"@id\":\"https:\/\/sen-shop.com\/hr\/collections\/nekategorizirano-hr\/listovi-crvene-vinove-loze-divlji-kesten-rutin-kapsule\/#breadcrumb\"},\"inLanguage\":\"hr-HR\",\"potentialAction\":[{\"@type\":\"ReadAction\",\"target\":[\"https:\/\/sen-shop.com\/hr\/collections\/nekategorizirano-hr\/listovi-crvene-vinove-loze-divlji-kesten-rutin-kapsule\/\"]}]},{\"@type\":\"BreadcrumbList\",\"@id\":\"https:\/\/sen-shop.com\/hr\/collections\/nekategorizirano-hr\/listovi-crvene-vinove-loze-divlji-kesten-rutin-kapsule\/#breadcrumb\",\"itemListElement\":[{\"@type\":\"ListItem\",\"position\":1,\"name\":\"Home\",\"item\":\"https:\/\/sen-shop.com\/hr\/\"},{\"@type\":\"ListItem\",\"position\":2,\"name\":\"Listovi crvene vinove loze\"}]},{\"@type\":\"WebSite\",\"@id\":\"https:\/\/sen-shop.com\/hr\/#website\",\"url\":\"https:\/\/sen-shop.com\/hr\/\",\"name\":\"SEN Shop\",\"description\":\"Slovensko, Ekolo\u0161ko, Naravno\",\"publisher\":{\"@id\":\"https:\/\/sen-shop.com\/hr\/#organization\"},\"potentialAction\":[{\"@type\":\"SearchAction\",\"target\":{\"@type\":\"EntryPoint\",\"urlTemplate\":\"https:\/\/sen-shop.com\/hr\/?s={search_term_string}\"},\"query-input\":\"required name=search_term_string\"}],\"inLanguage\":\"hr-HR\"},{\"@type\":\"Organization\",\"@id\":\"https:\/\/sen-shop.com\/hr\/#organization\",\"name\":\"Mind trade d.o.o\",\"url\":\"https:\/\/sen-shop.com\/hr\/\",\"logo\":{\"@type\":\"ImageObject\",\"inLanguage\":\"hr-HR\",\"@id\":\"https:\/\/sen-shop.com\/hr\/#\/schema\/logo\/image\/\",\"url\":\"https:\/\/sen-shop.com\/wp-content\/uploads\/2018\/05\/header_logo.png\",\"contentUrl\":\"https:\/\/sen-shop.com\/wp-content\/uploads\/2018\/05\/header_logo.png\",\"width\":138,\"height\":70,\"caption\":\"Mind trade d.o.o\"},\"image\":{\"@id\":\"https:\/\/sen-shop.com\/hr\/#\/schema\/logo\/image\/\"},\"sameAs\":[\"https:\/\/www.instagram.com\/senslovenija\/\",\"https:\/\/www.facebook.com\/Senshopslovenija\"]}]}<\/script>\n<!-- \/ Yoast SEO plugin. -->","yoast_head_json":{"title":"Listovi crvene vinove loze - SEN Shop","robots":{"index":"index","follow":"follow","max-snippet":"max-snippet:-1","max-image-preview":"max-image-preview:large","max-video-preview":"max-video-preview:-1"},"canonical":"https:\/\/sen-shop.com\/hr\/collections\/nekategorizirano-hr\/listovi-crvene-vinove-loze-divlji-kesten-rutin-kapsule\/","og_locale":"hr_HR","og_type":"article","og_title":"Listovi crvene vinove loze - SEN Shop","og_description":"Atraktivne i zdrave noge! S godinama na\u0161e noge postaju sve \"problemati\u010dnije podru\u010dje\". Je li ve\u0107 osje\u0107ate probleme poput spoticanja i osje\u0107aja te\u0161kih nogu? Stru\u010dnjaci savjetuju da prve znakove shvatite ozbiljno i rano poduzmete odgovaraju\u0107e mjere i spasite se od takvih neugodnosti. Pru\u017eite va\u0161im nogama najbolju njegu prirodnim putem!","og_url":"https:\/\/sen-shop.com\/hr\/collections\/nekategorizirano-hr\/listovi-crvene-vinove-loze-divlji-kesten-rutin-kapsule\/","og_site_name":"SEN Shop","article_publisher":"https:\/\/www.facebook.com\/Senshopslovenija","article_modified_time":"2021-12-14T14:55:32+00:00","og_image":[{"width":506,"height":607,"url":"https:\/\/sen-shop.com\/wp-content\/uploads\/2021\/04\/listi-rd-trte.jpg","type":"image\/jpeg"}],"twitter_card":"summary_large_image","twitter_misc":{"Est. reading time":"1 minute"},"schema":{"@context":"https:\/\/schema.org","@graph":[{"@type":"WebPage","@id":"https:\/\/sen-shop.com\/hr\/collections\/nekategorizirano-hr\/listovi-crvene-vinove-loze-divlji-kesten-rutin-kapsule\/","url":"https:\/\/sen-shop.com\/hr\/collections\/nekategorizirano-hr\/listovi-crvene-vinove-loze-divlji-kesten-rutin-kapsule\/","name":"Listovi crvene vinove loze - SEN Shop","isPartOf":{"@id":"https:\/\/sen-shop.com\/hr\/#website"},"datePublished":"2021-04-16T07:11:18+00:00","dateModified":"2021-12-14T14:55:32+00:00","breadcrumb":{"@id":"https:\/\/sen-shop.com\/hr\/collections\/nekategorizirano-hr\/listovi-crvene-vinove-loze-divlji-kesten-rutin-kapsule\/#breadcrumb"},"inLanguage":"hr-HR","potentialAction":[{"@type":"ReadAction","target":["https:\/\/sen-shop.com\/hr\/collections\/nekategorizirano-hr\/listovi-crvene-vinove-loze-divlji-kesten-rutin-kapsule\/"]}]},{"@type":"BreadcrumbList","@id":"https:\/\/sen-shop.com\/hr\/collections\/nekategorizirano-hr\/listovi-crvene-vinove-loze-divlji-kesten-rutin-kapsule\/#breadcrumb","itemListElement":[{"@type":"ListItem","position":1,"name":"Home","item":"https:\/\/sen-shop.com\/hr\/"},{"@type":"ListItem","position":2,"name":"Listovi crvene vinove loze"}]},{"@type":"WebSite","@id":"https:\/\/sen-shop.com\/hr\/#website","url":"https:\/\/sen-shop.com\/hr\/","name":"SEN Shop","description":"Slovensko, Ekolo\u0161ko, Naravno","publisher":{"@id":"https:\/\/sen-shop.com\/hr\/#organization"},"potentialAction":[{"@type":"SearchAction","target":{"@type":"EntryPoint","urlTemplate":"https:\/\/sen-shop.com\/hr\/?s={search_term_string}"},"query-input":"required name=search_term_string"}],"inLanguage":"hr-HR"},{"@type":"Organization","@id":"https:\/\/sen-shop.com\/hr\/#organization","name":"Mind trade d.o.o","url":"https:\/\/sen-shop.com\/hr\/","logo":{"@type":"ImageObject","inLanguage":"hr-HR","@id":"https:\/\/sen-shop.com\/hr\/#\/schema\/logo\/image\/","url":"https:\/\/sen-shop.com\/wp-content\/uploads\/2018\/05\/header_logo.png","contentUrl":"https:\/\/sen-shop.com\/wp-content\/uploads\/2018\/05\/header_logo.png","width":138,"height":70,"caption":"Mind trade d.o.o"},"image":{"@id":"https:\/\/sen-shop.com\/hr\/#\/schema\/logo\/image\/"},"sameAs":["https:\/\/www.instagram.com\/senslovenija\/","https:\/\/www.facebook.com\/Senshopslovenija"]}]}},"_links":{"self":[{"href":"https:\/\/sen-shop.com\/hr\/wp-json\/wp\/v2\/product\/27297","targetHints":{"allow":["GET"]}}],"collection":[{"href":"https:\/\/sen-shop.com\/hr\/wp-json\/wp\/v2\/product"}],"about":[{"href":"https:\/\/sen-shop.com\/hr\/wp-json\/wp\/v2\/types\/product"}],"replies":[{"embeddable":true,"href":"https:\/\/sen-shop.com\/hr\/wp-json\/wp\/v2\/comments?post=27297"}],"wp:featuredmedia":[{"embeddable":true,"href":"https:\/\/sen-shop.com\/hr\/wp-json\/wp\/v2\/media\/27298"}],"wp:attachment":[{"href":"https:\/\/sen-shop.com\/hr\/wp-json\/wp\/v2\/media?parent=27297"}],"wp:term":[{"taxonomy":"product_cat","embeddable":true,"href":"https:\/\/sen-shop.com\/hr\/wp-json\/wp\/v2\/product_cat?post=27297"},{"taxonomy":"product_tag","embeddable":true,"href":"https:\/\/sen-shop.com\/hr\/wp-json\/wp\/v2\/product_tag?post=27297"}],"curies":[{"name":"wp","href":"https:\/\/api.w.org\/{rel}","templated":true}]}}