{"id":27283,"date":"2021-04-15T16:08:27","date_gmt":"2021-04-15T14:08:27","guid":{"rendered":"https:\/\/www.sen-shop.com\/?post_type=product&#038;p=27283"},"modified":"2021-12-14T15:56:58","modified_gmt":"2021-12-14T14:56:58","slug":"palmeta-forte-kapsule-za-zene","status":"publish","type":"product","link":"https:\/\/sen-shop.com\/hr\/collections\/nekategorizirano-hr\/palmeta-forte-kapsule-za-zene\/","title":{"rendered":"Palmeta forte kapsule za \u017eene"},"content":{"rendered":"<p><strong>Za za\u0161titu mokra\u0107nog mjehura i uretera<\/strong>, sve vi\u0161e stru\u010dnjaka preporu\u010duje alternativnu konzumaciju biljnih sastojaka. Kapsule Palmet forte za \u017eene <strong>njeguju mjehur iznutra, oja\u010davaju mi\u0161i\u0107e mokra\u0107nog mjehura i ubrzavaju izlu\u010divanje urina<\/strong>. Redovito uzimanje Palmeta forte kapsula za \u017eene mo\u017ee dovesti do zna\u010dajnog pobolj\u0161anja u\u010destalog mokrenja i osje\u0107aja praznog mjehura.<\/p>\n<p>Bez konzervansa, boja i laktoze. <strong>Pogodno<\/strong> i za dijabeti\u010dare.<\/p>\n<p>Kapsule Palmeta forte za \u017eene &#8211; <strong>samo jedna kapsula dnevno!<\/strong> Jedna kutija (30 kapsula) je dovoljna za cijeli mjesec.<\/p>\n<p><strong>Sastav:<\/strong><\/p>\n<p>prah korijena koprive (Urtica dioica), prah listova breze (Betula pendula), \u017eelatina (gove\u0111a), prah bu\u010dinih sjemenki (Cucurbita pepo), ekstrakt ploda palmeta (Serenoa repens), sredstvo protiv zgru\u0161avanja: magnezijeve soli masnih kiselina.<\/p>\n<p><strong>\u010cuvati izvan dohvata djece.<\/strong> \u010cuvajte proizvod na suhom mjestu pri temperaturi ispod 25 \u00b0 C. Preporu\u010dena dnevna koli\u010dina ili doza ne smiju se prekora\u010diti. Prehrambeni dodatak <strong>nije<\/strong> zamjena za uravnote\u017eenu i raznoliku prehranu i zdrav na\u010din \u017eivota.<\/p>\n<p><strong>Sadr\u017eaj:<\/strong> 30 kapsula (= 11,8 g neto te\u017eine)<\/p>\n<p><strong>Priporu\u010dena dnevna koli\u010dina:<\/strong><\/p>\n<p>Uzimajte jednu kapsulu ujutro s dovoljno teku\u0107ine.<\/p>\n<p>&nbsp;<\/p>\n<p><strong>Jedna kapsula sadr\u017ei:<\/strong><\/p>\n<table class=\"rahmen\" border=\"1\" cellspacing=\"0\" cellpadding=\"0\">\n<tbody>\n<tr>\n<td valign=\"top\" width=\"241\">ekstrakt ploda palmete 4:1<\/td>\n<td valign=\"top\" width=\"108\">\n<p align=\"right\">25,00 mg<\/p>\n<\/td>\n<\/tr>\n<tr>\n<td valign=\"top\" width=\"241\">prah korijena koprive<\/td>\n<td valign=\"top\" width=\"108\">\n<p align=\"right\">100,00 mg<\/p>\n<\/td>\n<\/tr>\n<tr>\n<td valign=\"top\" width=\"241\">prah listova breze<\/td>\n<td valign=\"top\" width=\"108\">\n<p align=\"right\">100,00 mg<\/p>\n<\/td>\n<\/tr>\n<tr>\n<td valign=\"top\" width=\"241\">prah bu\u010dinih sjemenki<\/td>\n<td valign=\"top\" width=\"108\">\n<p align=\"right\">80,00 mg<\/p>\n<\/td>\n<\/tr>\n<\/tbody>\n<\/table>\n","protected":false},"excerpt":{"rendered":"<h3>Za\u0161tita za \u017eenski mjehur i mokra\u0107ovod!<\/h3>\n<p>Neki od ve\u0107ih problema koji \u010desto poga\u0111aju \u017eene je neugodno <strong>pra\u017enjenje mjehura ili osje\u0107aj da ga ne mo\u017eete potpuno isprazniti<\/strong>. To je osobito \u010desto u razdobljima hormonalnih promjena i tijekom menopauze. Rije\u0161ite se ovih pote\u0161ko\u0107a na potpuno prirodan na\u010din uz na\u0161e 100% prirodne <strong>Palmeta forte kapsule<\/strong> za \u017eene.<\/p>\n[banner_prehrana]\n","protected":false},"featured_media":27284,"comment_status":"open","ping_status":"closed","template":"","meta":{"inline_featured_image":false},"product_cat":[810],"product_tag":[463,500,518,519],"class_list":["post-27283","product","type-product","status-publish","has-post-thumbnail","hentry","product_cat-nekategorizirano-hr","product_tag-hafesan","product_tag-mokracovod","product_tag-palmeta-forte","product_tag-zenski-mjehur"],"acf":[],"yoast_head":"<!-- This site is optimized with the Yoast SEO plugin v19.13 - https:\/\/yoast.com\/wordpress\/plugins\/seo\/ -->\n<title>Palmeta forte kapsule za \u017eene - SEN Shop<\/title>\n<meta name=\"robots\" content=\"index, follow, max-snippet:-1, max-image-preview:large, max-video-preview:-1\" \/>\n<link rel=\"canonical\" href=\"https:\/\/sen-shop.com\/hr\/collections\/nekategorizirano-hr\/palmeta-forte-kapsule-za-zene\/\" \/>\n<meta property=\"og:locale\" content=\"hr_HR\" \/>\n<meta property=\"og:type\" content=\"article\" \/>\n<meta property=\"og:title\" content=\"Palmeta forte kapsule za \u017eene - SEN Shop\" \/>\n<meta property=\"og:description\" content=\"Za\u0161tita za \u017eenski mjehur i mokra\u0107ovod! Neki od ve\u0107ih problema koji \u010desto poga\u0111aju \u017eene je neugodno pra\u017enjenje mjehura ili osje\u0107aj da ga ne mo\u017eete potpuno isprazniti. To je osobito \u010desto u razdobljima hormonalnih promjena i tijekom menopauze. Rije\u0161ite se ovih pote\u0161ko\u0107a na potpuno prirodan na\u010din uz na\u0161e 100% prirodne Palmeta forte kapsule za \u017eene.\" \/>\n<meta property=\"og:url\" content=\"https:\/\/sen-shop.com\/hr\/collections\/nekategorizirano-hr\/palmeta-forte-kapsule-za-zene\/\" \/>\n<meta property=\"og:site_name\" content=\"SEN Shop\" \/>\n<meta property=\"article:publisher\" content=\"https:\/\/www.facebook.com\/Senshopslovenija\" \/>\n<meta property=\"article:modified_time\" content=\"2021-12-14T14:56:58+00:00\" \/>\n<meta property=\"og:image\" content=\"https:\/\/sen-shop.com\/wp-content\/uploads\/2021\/04\/palmeto-forte-zenske.jpg\" \/>\n\t<meta property=\"og:image:width\" content=\"506\" \/>\n\t<meta property=\"og:image:height\" content=\"607\" \/>\n\t<meta property=\"og:image:type\" content=\"image\/jpeg\" \/>\n<meta name=\"twitter:card\" content=\"summary_large_image\" \/>\n<meta name=\"twitter:label1\" content=\"Est. reading time\" \/>\n\t<meta name=\"twitter:data1\" content=\"1 minute\" \/>\n<script type=\"application\/ld+json\" class=\"yoast-schema-graph\">{\"@context\":\"https:\/\/schema.org\",\"@graph\":[{\"@type\":\"WebPage\",\"@id\":\"https:\/\/sen-shop.com\/hr\/collections\/nekategorizirano-hr\/palmeta-forte-kapsule-za-zene\/\",\"url\":\"https:\/\/sen-shop.com\/hr\/collections\/nekategorizirano-hr\/palmeta-forte-kapsule-za-zene\/\",\"name\":\"Palmeta forte kapsule za \u017eene - SEN Shop\",\"isPartOf\":{\"@id\":\"https:\/\/sen-shop.com\/hr\/#website\"},\"datePublished\":\"2021-04-15T14:08:27+00:00\",\"dateModified\":\"2021-12-14T14:56:58+00:00\",\"breadcrumb\":{\"@id\":\"https:\/\/sen-shop.com\/hr\/collections\/nekategorizirano-hr\/palmeta-forte-kapsule-za-zene\/#breadcrumb\"},\"inLanguage\":\"hr-HR\",\"potentialAction\":[{\"@type\":\"ReadAction\",\"target\":[\"https:\/\/sen-shop.com\/hr\/collections\/nekategorizirano-hr\/palmeta-forte-kapsule-za-zene\/\"]}]},{\"@type\":\"BreadcrumbList\",\"@id\":\"https:\/\/sen-shop.com\/hr\/collections\/nekategorizirano-hr\/palmeta-forte-kapsule-za-zene\/#breadcrumb\",\"itemListElement\":[{\"@type\":\"ListItem\",\"position\":1,\"name\":\"Home\",\"item\":\"https:\/\/sen-shop.com\/hr\/\"},{\"@type\":\"ListItem\",\"position\":2,\"name\":\"Palmeta forte kapsule za \u017eene\"}]},{\"@type\":\"WebSite\",\"@id\":\"https:\/\/sen-shop.com\/hr\/#website\",\"url\":\"https:\/\/sen-shop.com\/hr\/\",\"name\":\"SEN Shop\",\"description\":\"Slovensko, Ekolo\u0161ko, Naravno\",\"publisher\":{\"@id\":\"https:\/\/sen-shop.com\/hr\/#organization\"},\"potentialAction\":[{\"@type\":\"SearchAction\",\"target\":{\"@type\":\"EntryPoint\",\"urlTemplate\":\"https:\/\/sen-shop.com\/hr\/?s={search_term_string}\"},\"query-input\":\"required name=search_term_string\"}],\"inLanguage\":\"hr-HR\"},{\"@type\":\"Organization\",\"@id\":\"https:\/\/sen-shop.com\/hr\/#organization\",\"name\":\"Mind trade d.o.o\",\"url\":\"https:\/\/sen-shop.com\/hr\/\",\"logo\":{\"@type\":\"ImageObject\",\"inLanguage\":\"hr-HR\",\"@id\":\"https:\/\/sen-shop.com\/hr\/#\/schema\/logo\/image\/\",\"url\":\"https:\/\/sen-shop.com\/wp-content\/uploads\/2018\/05\/header_logo.png\",\"contentUrl\":\"https:\/\/sen-shop.com\/wp-content\/uploads\/2018\/05\/header_logo.png\",\"width\":138,\"height\":70,\"caption\":\"Mind trade d.o.o\"},\"image\":{\"@id\":\"https:\/\/sen-shop.com\/hr\/#\/schema\/logo\/image\/\"},\"sameAs\":[\"https:\/\/www.instagram.com\/senslovenija\/\",\"https:\/\/www.facebook.com\/Senshopslovenija\"]}]}<\/script>\n<!-- \/ Yoast SEO plugin. -->","yoast_head_json":{"title":"Palmeta forte kapsule za \u017eene - SEN Shop","robots":{"index":"index","follow":"follow","max-snippet":"max-snippet:-1","max-image-preview":"max-image-preview:large","max-video-preview":"max-video-preview:-1"},"canonical":"https:\/\/sen-shop.com\/hr\/collections\/nekategorizirano-hr\/palmeta-forte-kapsule-za-zene\/","og_locale":"hr_HR","og_type":"article","og_title":"Palmeta forte kapsule za \u017eene - SEN Shop","og_description":"Za\u0161tita za \u017eenski mjehur i mokra\u0107ovod! Neki od ve\u0107ih problema koji \u010desto poga\u0111aju \u017eene je neugodno pra\u017enjenje mjehura ili osje\u0107aj da ga ne mo\u017eete potpuno isprazniti. To je osobito \u010desto u razdobljima hormonalnih promjena i tijekom menopauze. Rije\u0161ite se ovih pote\u0161ko\u0107a na potpuno prirodan na\u010din uz na\u0161e 100% prirodne Palmeta forte kapsule za \u017eene.","og_url":"https:\/\/sen-shop.com\/hr\/collections\/nekategorizirano-hr\/palmeta-forte-kapsule-za-zene\/","og_site_name":"SEN Shop","article_publisher":"https:\/\/www.facebook.com\/Senshopslovenija","article_modified_time":"2021-12-14T14:56:58+00:00","og_image":[{"width":506,"height":607,"url":"https:\/\/sen-shop.com\/wp-content\/uploads\/2021\/04\/palmeto-forte-zenske.jpg","type":"image\/jpeg"}],"twitter_card":"summary_large_image","twitter_misc":{"Est. reading time":"1 minute"},"schema":{"@context":"https:\/\/schema.org","@graph":[{"@type":"WebPage","@id":"https:\/\/sen-shop.com\/hr\/collections\/nekategorizirano-hr\/palmeta-forte-kapsule-za-zene\/","url":"https:\/\/sen-shop.com\/hr\/collections\/nekategorizirano-hr\/palmeta-forte-kapsule-za-zene\/","name":"Palmeta forte kapsule za \u017eene - SEN Shop","isPartOf":{"@id":"https:\/\/sen-shop.com\/hr\/#website"},"datePublished":"2021-04-15T14:08:27+00:00","dateModified":"2021-12-14T14:56:58+00:00","breadcrumb":{"@id":"https:\/\/sen-shop.com\/hr\/collections\/nekategorizirano-hr\/palmeta-forte-kapsule-za-zene\/#breadcrumb"},"inLanguage":"hr-HR","potentialAction":[{"@type":"ReadAction","target":["https:\/\/sen-shop.com\/hr\/collections\/nekategorizirano-hr\/palmeta-forte-kapsule-za-zene\/"]}]},{"@type":"BreadcrumbList","@id":"https:\/\/sen-shop.com\/hr\/collections\/nekategorizirano-hr\/palmeta-forte-kapsule-za-zene\/#breadcrumb","itemListElement":[{"@type":"ListItem","position":1,"name":"Home","item":"https:\/\/sen-shop.com\/hr\/"},{"@type":"ListItem","position":2,"name":"Palmeta forte kapsule za \u017eene"}]},{"@type":"WebSite","@id":"https:\/\/sen-shop.com\/hr\/#website","url":"https:\/\/sen-shop.com\/hr\/","name":"SEN Shop","description":"Slovensko, Ekolo\u0161ko, Naravno","publisher":{"@id":"https:\/\/sen-shop.com\/hr\/#organization"},"potentialAction":[{"@type":"SearchAction","target":{"@type":"EntryPoint","urlTemplate":"https:\/\/sen-shop.com\/hr\/?s={search_term_string}"},"query-input":"required name=search_term_string"}],"inLanguage":"hr-HR"},{"@type":"Organization","@id":"https:\/\/sen-shop.com\/hr\/#organization","name":"Mind trade d.o.o","url":"https:\/\/sen-shop.com\/hr\/","logo":{"@type":"ImageObject","inLanguage":"hr-HR","@id":"https:\/\/sen-shop.com\/hr\/#\/schema\/logo\/image\/","url":"https:\/\/sen-shop.com\/wp-content\/uploads\/2018\/05\/header_logo.png","contentUrl":"https:\/\/sen-shop.com\/wp-content\/uploads\/2018\/05\/header_logo.png","width":138,"height":70,"caption":"Mind trade d.o.o"},"image":{"@id":"https:\/\/sen-shop.com\/hr\/#\/schema\/logo\/image\/"},"sameAs":["https:\/\/www.instagram.com\/senslovenija\/","https:\/\/www.facebook.com\/Senshopslovenija"]}]}},"_links":{"self":[{"href":"https:\/\/sen-shop.com\/hr\/wp-json\/wp\/v2\/product\/27283","targetHints":{"allow":["GET"]}}],"collection":[{"href":"https:\/\/sen-shop.com\/hr\/wp-json\/wp\/v2\/product"}],"about":[{"href":"https:\/\/sen-shop.com\/hr\/wp-json\/wp\/v2\/types\/product"}],"replies":[{"embeddable":true,"href":"https:\/\/sen-shop.com\/hr\/wp-json\/wp\/v2\/comments?post=27283"}],"wp:featuredmedia":[{"embeddable":true,"href":"https:\/\/sen-shop.com\/hr\/wp-json\/wp\/v2\/media\/27284"}],"wp:attachment":[{"href":"https:\/\/sen-shop.com\/hr\/wp-json\/wp\/v2\/media?parent=27283"}],"wp:term":[{"taxonomy":"product_cat","embeddable":true,"href":"https:\/\/sen-shop.com\/hr\/wp-json\/wp\/v2\/product_cat?post=27283"},{"taxonomy":"product_tag","embeddable":true,"href":"https:\/\/sen-shop.com\/hr\/wp-json\/wp\/v2\/product_tag?post=27283"}],"curies":[{"name":"wp","href":"https:\/\/api.w.org\/{rel}","templated":true}]}}