{"id":27280,"date":"2021-04-15T16:05:10","date_gmt":"2021-04-15T14:05:10","guid":{"rendered":"https:\/\/www.sen-shop.com\/?post_type=product&#038;p=27280"},"modified":"2021-12-14T15:57:14","modified_gmt":"2021-12-14T14:57:14","slug":"visio-plus-kapsule","status":"publish","type":"product","link":"https:\/\/sen-shop.com\/hr\/collections\/nekategorizirano-hr\/visio-plus-kapsule\/","title":{"rendered":"Visio plus kapsule"},"content":{"rendered":"<p><strong>Visio Plus kapsule<\/strong> sadr\u017ee prirodne sastojke: lutein, zeaksantin, beta-karoten, vitamin C i E i cink.<br \/>\nLutein i zeaksantin va\u017eni su sastojci mre\u017enice. Lutein, zeaksantin i beta-karoten spadaju u karotenoide &#8211; <strong>prirodna bojila<\/strong> koja su u prirodi vrlo \u010desta. Me\u0111utim, njih ne proizvodi samo tijelo, pa ih treba redovito unositi u tijelo, bilo putem prehrane ili dodataka prehrani. Stoga mnogi stru\u010dnjaci tako\u0111er <strong>preporu\u010duju uzimanje redovitih dodataka prehrani<\/strong> koji sadr\u017ee ove sastojke.<\/p>\n<p><strong>Vitamin A<\/strong> (u obliku beta-karotena) sastavni je dio o\u010dnog pigmenta (rodopsin) i stoga je od velike va\u017enosti za odr\u017eavanje zdravog vida. Zbog toga se \u010desto naziva i &#8220;vitaminom za o\u010di&#8221;. Uz to, vitamin A doprinosi odr\u017eavanju zdrave ko\u017ee i sluznice.<br \/>\n<strong>Cink<\/strong> je va\u017ean element koji ima va\u017enu ulogu u za\u0161titi stanica od oksidativnog stresa. Slobodni radikali nastaju razli\u010ditim metaboli\u010dkim procesima u tijelu, a izlo\u017eeni su i njima kroz zaga\u0111enu okolinu (npr. zra\u010denje, razni zaga\u0111iva\u010di). Cink, vitamin C i E antioksidanti su koji \u0161tite stanice i o\u010di od slobodnih radikala.<br \/>\nVitamin C obnavlja E vitamin, \u0161to zna\u010di, da ga tijelo ponovo mo\u017ee koristiti kao antioksidans.<\/p>\n<p>Iskoristite blagotvorno djelovanje svih ovih tvari uzimaju\u0107i Visio plus kapsulu <strong>jednom dnevno.<\/strong><\/p>\n<p>Bez konzervansa i boja. <strong>Pogodno i za dijabeti\u010dare.<\/strong><\/p>\n<p>Visio Plus kapsule, <strong>60 kapsula<\/strong>.<\/p>\n<p><strong>Sastav:<\/strong><\/p>\n<p>Ekstrakt acerole, \u017eelatina, cink glukonat, askorbinska kiselina, beta-karoten, zeaksantin, lutein, D-alfa-tokoferolacetat.<\/p>\n<p><strong>\u010cuvati izvan dohvata djece<\/strong>. \u010cuvajte proizvod na suhom mjestu pri temperaturi ispod 25 \u00b0 C. Preporu\u010dena dnevna koli\u010dina ili doza ne smiju se prekora\u010diti. Prehrambeni dodatak nije zamjena za uravnote\u017eenu i raznoliku prehranu i zdrav na\u010din \u017eivota.<\/p>\n<p><strong>Sadr\u017eaj<\/strong>: 60 kapsula (= 33,0 g neto te\u017eine)<\/p>\n<p><strong>Preporu\u010dena dnevna koli\u010dina:<\/strong><\/p>\n<p>Uzimajte jednu kapsulu dnevno s dovoljno teku\u0107ine &#8211; tijekom obroka.<\/p>\n<p><strong>Jedna kapsula sadr\u017ei:<\/strong><\/p>\n<table class=\"rahmen\" border=\"1\" cellspacing=\"0\" cellpadding=\"0\">\n<tbody>\n<tr>\n<td valign=\"top\" width=\"121\">lutein<\/td>\n<td valign=\"top\" width=\"121\"><\/td>\n<td valign=\"top\" width=\"90\">\n<p align=\"right\">10,00 mg<\/p>\n<\/td>\n<\/tr>\n<tr>\n<td valign=\"top\" width=\"121\">zeaksantin<\/td>\n<td valign=\"top\" width=\"121\"><\/td>\n<td valign=\"top\" width=\"90\">\n<p align=\"right\">2,00 mg<\/p>\n<\/td>\n<\/tr>\n<tr>\n<td valign=\"top\" width=\"121\">beta karoten<strong>\u00a0<\/strong><\/td>\n<td valign=\"top\" width=\"121\">**PDU\/RDA 125%<\/td>\n<td valign=\"top\" width=\"90\">\n<p align=\"right\">6000,00\u00a0 \u00b5g<\/p>\n<\/td>\n<\/tr>\n<tr>\n<td valign=\"top\" width=\"121\">cink<\/td>\n<td valign=\"top\" width=\"121\">**PDU\/RDA 100%<\/td>\n<td valign=\"top\" width=\"90\">\n<p align=\"right\">10,00 mg<\/p>\n<\/td>\n<\/tr>\n<tr>\n<td valign=\"top\" width=\"121\">vitamin E<\/td>\n<td valign=\"top\" width=\"121\">**PDU\/RDA 100%<\/td>\n<td valign=\"top\" width=\"90\">\n<p align=\"right\">12,00 mg<\/p>\n<\/td>\n<\/tr>\n<tr>\n<td valign=\"top\" width=\"121\">vitamin C<\/td>\n<td valign=\"top\" width=\"121\">**PDU\/RDA 100%<\/td>\n<td valign=\"top\" width=\"90\">\n<p align=\"right\">80,00 mg<\/p>\n<\/td>\n<\/tr>\n<\/tbody>\n<\/table>\n<p>**PDU\/RDA = Priporu\u010deni dnevni unos<\/p>\n","protected":false},"excerpt":{"rendered":"<h4>Za zdrave o\u010di!<\/h4>\n<p>Kapsule Visio plus su pogodne za:<\/p>\n<ul>\n<li>za dobar i zdrav vid<\/li>\n<li>sprje\u010dava stvaranje mrene<\/li>\n<li>\u0161titi o\u010di od makularne degeneracije<\/li>\n<li>bolju cirkulaciju krvi u o\u010dima<\/li>\n<li>za suhe i osjetljive o\u010di<\/li>\n<li>za svakodnevno naprezanje o\u010diju<\/li>\n<\/ul>\n[banner_prehrana]\n<p>&nbsp;<\/p>\n","protected":false},"featured_media":27281,"comment_status":"open","ping_status":"closed","template":"","meta":{"inline_featured_image":false},"product_cat":[810],"product_tag":[515,516,463,517,491],"class_list":["post-27280","product","type-product","status-publish","has-post-thumbnail","hentry","product_cat-nekategorizirano-hr","product_tag-bolji-vid","product_tag-bolji-vid-prirodnim-putem","product_tag-hafesan","product_tag-visio-plus-kapsule","product_tag-vitamini"],"acf":[],"yoast_head":"<!-- This site is optimized with the Yoast SEO plugin v19.13 - https:\/\/yoast.com\/wordpress\/plugins\/seo\/ -->\n<title>Visio plus kapsule - SEN Shop<\/title>\n<meta name=\"robots\" content=\"index, follow, max-snippet:-1, max-image-preview:large, max-video-preview:-1\" \/>\n<link rel=\"canonical\" href=\"https:\/\/sen-shop.com\/hr\/collections\/nekategorizirano-hr\/visio-plus-kapsule\/\" \/>\n<meta property=\"og:locale\" content=\"hr_HR\" \/>\n<meta property=\"og:type\" content=\"article\" \/>\n<meta property=\"og:title\" content=\"Visio plus kapsule - SEN Shop\" \/>\n<meta property=\"og:description\" content=\"Za zdrave o\u010di! Kapsule Visio plus su pogodne za:   za dobar i zdrav vid  sprje\u010dava stvaranje mrene  \u0161titi o\u010di od makularne degeneracije  bolju cirkulaciju krvi u o\u010dima  za suhe i osjetljive o\u010di  za svakodnevno naprezanje o\u010diju    &nbsp;\" \/>\n<meta property=\"og:url\" content=\"https:\/\/sen-shop.com\/hr\/collections\/nekategorizirano-hr\/visio-plus-kapsule\/\" \/>\n<meta property=\"og:site_name\" content=\"SEN Shop\" \/>\n<meta property=\"article:publisher\" content=\"https:\/\/www.facebook.com\/Senshopslovenija\" \/>\n<meta property=\"article:modified_time\" content=\"2021-12-14T14:57:14+00:00\" \/>\n<meta property=\"og:image\" content=\"https:\/\/sen-shop.com\/wp-content\/uploads\/2021\/04\/visio-plus.jpg\" \/>\n\t<meta property=\"og:image:width\" content=\"506\" \/>\n\t<meta property=\"og:image:height\" content=\"607\" \/>\n\t<meta property=\"og:image:type\" content=\"image\/jpeg\" \/>\n<meta name=\"twitter:card\" content=\"summary_large_image\" \/>\n<meta name=\"twitter:label1\" content=\"Est. reading time\" \/>\n\t<meta name=\"twitter:data1\" content=\"2 minutes\" \/>\n<script type=\"application\/ld+json\" class=\"yoast-schema-graph\">{\"@context\":\"https:\/\/schema.org\",\"@graph\":[{\"@type\":\"WebPage\",\"@id\":\"https:\/\/sen-shop.com\/hr\/collections\/nekategorizirano-hr\/visio-plus-kapsule\/\",\"url\":\"https:\/\/sen-shop.com\/hr\/collections\/nekategorizirano-hr\/visio-plus-kapsule\/\",\"name\":\"Visio plus kapsule - SEN Shop\",\"isPartOf\":{\"@id\":\"https:\/\/sen-shop.com\/hr\/#website\"},\"datePublished\":\"2021-04-15T14:05:10+00:00\",\"dateModified\":\"2021-12-14T14:57:14+00:00\",\"breadcrumb\":{\"@id\":\"https:\/\/sen-shop.com\/hr\/collections\/nekategorizirano-hr\/visio-plus-kapsule\/#breadcrumb\"},\"inLanguage\":\"hr-HR\",\"potentialAction\":[{\"@type\":\"ReadAction\",\"target\":[\"https:\/\/sen-shop.com\/hr\/collections\/nekategorizirano-hr\/visio-plus-kapsule\/\"]}]},{\"@type\":\"BreadcrumbList\",\"@id\":\"https:\/\/sen-shop.com\/hr\/collections\/nekategorizirano-hr\/visio-plus-kapsule\/#breadcrumb\",\"itemListElement\":[{\"@type\":\"ListItem\",\"position\":1,\"name\":\"Home\",\"item\":\"https:\/\/sen-shop.com\/hr\/\"},{\"@type\":\"ListItem\",\"position\":2,\"name\":\"Visio plus kapsule\"}]},{\"@type\":\"WebSite\",\"@id\":\"https:\/\/sen-shop.com\/hr\/#website\",\"url\":\"https:\/\/sen-shop.com\/hr\/\",\"name\":\"SEN Shop\",\"description\":\"Slovensko, Ekolo\u0161ko, Naravno\",\"publisher\":{\"@id\":\"https:\/\/sen-shop.com\/hr\/#organization\"},\"potentialAction\":[{\"@type\":\"SearchAction\",\"target\":{\"@type\":\"EntryPoint\",\"urlTemplate\":\"https:\/\/sen-shop.com\/hr\/?s={search_term_string}\"},\"query-input\":\"required name=search_term_string\"}],\"inLanguage\":\"hr-HR\"},{\"@type\":\"Organization\",\"@id\":\"https:\/\/sen-shop.com\/hr\/#organization\",\"name\":\"Mind trade d.o.o\",\"url\":\"https:\/\/sen-shop.com\/hr\/\",\"logo\":{\"@type\":\"ImageObject\",\"inLanguage\":\"hr-HR\",\"@id\":\"https:\/\/sen-shop.com\/hr\/#\/schema\/logo\/image\/\",\"url\":\"https:\/\/sen-shop.com\/wp-content\/uploads\/2018\/05\/header_logo.png\",\"contentUrl\":\"https:\/\/sen-shop.com\/wp-content\/uploads\/2018\/05\/header_logo.png\",\"width\":138,\"height\":70,\"caption\":\"Mind trade d.o.o\"},\"image\":{\"@id\":\"https:\/\/sen-shop.com\/hr\/#\/schema\/logo\/image\/\"},\"sameAs\":[\"https:\/\/www.instagram.com\/senslovenija\/\",\"https:\/\/www.facebook.com\/Senshopslovenija\"]}]}<\/script>\n<!-- \/ Yoast SEO plugin. -->","yoast_head_json":{"title":"Visio plus kapsule - SEN Shop","robots":{"index":"index","follow":"follow","max-snippet":"max-snippet:-1","max-image-preview":"max-image-preview:large","max-video-preview":"max-video-preview:-1"},"canonical":"https:\/\/sen-shop.com\/hr\/collections\/nekategorizirano-hr\/visio-plus-kapsule\/","og_locale":"hr_HR","og_type":"article","og_title":"Visio plus kapsule - SEN Shop","og_description":"Za zdrave o\u010di! Kapsule Visio plus su pogodne za:   za dobar i zdrav vid  sprje\u010dava stvaranje mrene  \u0161titi o\u010di od makularne degeneracije  bolju cirkulaciju krvi u o\u010dima  za suhe i osjetljive o\u010di  za svakodnevno naprezanje o\u010diju    &nbsp;","og_url":"https:\/\/sen-shop.com\/hr\/collections\/nekategorizirano-hr\/visio-plus-kapsule\/","og_site_name":"SEN Shop","article_publisher":"https:\/\/www.facebook.com\/Senshopslovenija","article_modified_time":"2021-12-14T14:57:14+00:00","og_image":[{"width":506,"height":607,"url":"https:\/\/sen-shop.com\/wp-content\/uploads\/2021\/04\/visio-plus.jpg","type":"image\/jpeg"}],"twitter_card":"summary_large_image","twitter_misc":{"Est. reading time":"2 minutes"},"schema":{"@context":"https:\/\/schema.org","@graph":[{"@type":"WebPage","@id":"https:\/\/sen-shop.com\/hr\/collections\/nekategorizirano-hr\/visio-plus-kapsule\/","url":"https:\/\/sen-shop.com\/hr\/collections\/nekategorizirano-hr\/visio-plus-kapsule\/","name":"Visio plus kapsule - SEN Shop","isPartOf":{"@id":"https:\/\/sen-shop.com\/hr\/#website"},"datePublished":"2021-04-15T14:05:10+00:00","dateModified":"2021-12-14T14:57:14+00:00","breadcrumb":{"@id":"https:\/\/sen-shop.com\/hr\/collections\/nekategorizirano-hr\/visio-plus-kapsule\/#breadcrumb"},"inLanguage":"hr-HR","potentialAction":[{"@type":"ReadAction","target":["https:\/\/sen-shop.com\/hr\/collections\/nekategorizirano-hr\/visio-plus-kapsule\/"]}]},{"@type":"BreadcrumbList","@id":"https:\/\/sen-shop.com\/hr\/collections\/nekategorizirano-hr\/visio-plus-kapsule\/#breadcrumb","itemListElement":[{"@type":"ListItem","position":1,"name":"Home","item":"https:\/\/sen-shop.com\/hr\/"},{"@type":"ListItem","position":2,"name":"Visio plus kapsule"}]},{"@type":"WebSite","@id":"https:\/\/sen-shop.com\/hr\/#website","url":"https:\/\/sen-shop.com\/hr\/","name":"SEN Shop","description":"Slovensko, Ekolo\u0161ko, Naravno","publisher":{"@id":"https:\/\/sen-shop.com\/hr\/#organization"},"potentialAction":[{"@type":"SearchAction","target":{"@type":"EntryPoint","urlTemplate":"https:\/\/sen-shop.com\/hr\/?s={search_term_string}"},"query-input":"required name=search_term_string"}],"inLanguage":"hr-HR"},{"@type":"Organization","@id":"https:\/\/sen-shop.com\/hr\/#organization","name":"Mind trade d.o.o","url":"https:\/\/sen-shop.com\/hr\/","logo":{"@type":"ImageObject","inLanguage":"hr-HR","@id":"https:\/\/sen-shop.com\/hr\/#\/schema\/logo\/image\/","url":"https:\/\/sen-shop.com\/wp-content\/uploads\/2018\/05\/header_logo.png","contentUrl":"https:\/\/sen-shop.com\/wp-content\/uploads\/2018\/05\/header_logo.png","width":138,"height":70,"caption":"Mind trade d.o.o"},"image":{"@id":"https:\/\/sen-shop.com\/hr\/#\/schema\/logo\/image\/"},"sameAs":["https:\/\/www.instagram.com\/senslovenija\/","https:\/\/www.facebook.com\/Senshopslovenija"]}]}},"_links":{"self":[{"href":"https:\/\/sen-shop.com\/hr\/wp-json\/wp\/v2\/product\/27280","targetHints":{"allow":["GET"]}}],"collection":[{"href":"https:\/\/sen-shop.com\/hr\/wp-json\/wp\/v2\/product"}],"about":[{"href":"https:\/\/sen-shop.com\/hr\/wp-json\/wp\/v2\/types\/product"}],"replies":[{"embeddable":true,"href":"https:\/\/sen-shop.com\/hr\/wp-json\/wp\/v2\/comments?post=27280"}],"wp:featuredmedia":[{"embeddable":true,"href":"https:\/\/sen-shop.com\/hr\/wp-json\/wp\/v2\/media\/27281"}],"wp:attachment":[{"href":"https:\/\/sen-shop.com\/hr\/wp-json\/wp\/v2\/media?parent=27280"}],"wp:term":[{"taxonomy":"product_cat","embeddable":true,"href":"https:\/\/sen-shop.com\/hr\/wp-json\/wp\/v2\/product_cat?post=27280"},{"taxonomy":"product_tag","embeddable":true,"href":"https:\/\/sen-shop.com\/hr\/wp-json\/wp\/v2\/product_tag?post=27280"}],"curies":[{"name":"wp","href":"https:\/\/api.w.org\/{rel}","templated":true}]}}