{"id":27277,"date":"2021-04-15T16:02:00","date_gmt":"2021-04-15T14:02:00","guid":{"rendered":"https:\/\/www.sen-shop.com\/?post_type=product&#038;p=27277"},"modified":"2021-12-14T14:05:10","modified_gmt":"2021-12-14T13:05:10","slug":"aphrodisan-kapsule-za-muskarce","status":"publish","type":"product","link":"https:\/\/sen-shop.com\/hr\/collections\/nekategorizirano-hr\/aphrodisan-kapsule-za-muskarce\/","title":{"rendered":"Aphrodisan kapsule"},"content":{"rendered":"<h4>Aphrodisan za bolji i ve\u0107i libido!<\/h4>\n<p>Peruanski Indijanci su bili oduvijek svjesni tajne <strong>prirodnih afrodizijaka<\/strong> koji pru\u017eaju <strong>zadovoljstvo mu\u0161karcima.<\/strong><br \/>\nJedinstvena kombinacija <strong>Aphrodisan kapsula<\/strong>, izra\u0111enih posebno za mu\u0161karce:<\/p>\n<p>&#8211; <strong>ja\u010da potenciju<\/strong>,<br \/>\n&#8211; za bolji i ve\u0107i libido,<br \/>\n&#8211; poma\u017ee pobolj\u0161ati fizi\u010dku kondiciju,<br \/>\n&#8211; pobolj\u0161ava pam\u0107enje i koncentraciju,<br \/>\n&#8211; pobolj\u0161ava prirodnu vitalnost,<br \/>\n&#8211; poma\u017ee u odr\u017eavanju tjelesne kondicije u slu\u010daju slabosti, iscrpljenosti i umora.<\/p>\n<p>O\u017eivite va\u0161 ljubavni \u017eivot i ostanite mladi i aktivni uz <strong>100% prirodne<\/strong> Aphrodisan kapsule!<\/p>\n<p>\ud83d\udc49\ud83c\udffb Aphrodisan imamo i za NJU: <a href=\"https:\/\/www.sen.hr\/collections\/prehrambeni-dodaci\/aphrodisian-kapsule-za-zene\/\">kliknite OVDJE<\/a><\/p>\n<p>\ud83d\udc49\ud83c\udffb <strong>AKCIJA:<\/strong> Ako naru\u010dite 2 dobivate <strong>BESPLATNU dostavu<\/strong> \ud83d\udc48\ud83c\udffb<\/p>\n<p><strong>Sastav:<\/strong><\/p>\n<p>prah korijena macele (Lepidium meyenii), zeleno sjeme (Apium graveolens), \u017eelatina, prah korijena ginsenga (Panax ginseng). sredstvo protiv zgru\u0161avanja: Magnezijeve soli masnih kiselina.<\/p>\n<p><strong>\u010cuvati izvan dohvata djece.<\/strong> \u010cuvajte proizvod na suhom mjestu pri temperaturi ispod 25 \u00b0 C. Preporu\u010dena dnevna koli\u010dina ili doza ne smiju se prekora\u010diti. Prehrambeni dodatak nije zamjena za uravnote\u017eenu i raznoliku prehranu i zdrav na\u010din \u017eivota.<\/p>\n<p><strong>Sadr\u017eaj:<\/strong> 60 kapsula (= 29,4 g neto te\u017eine)<\/p>\n<p><strong>Preporu\u010dena dnevna koli\u010dina:<\/strong><\/p>\n<p>2x dnevno uzeti jednu kapsula s dovoljno teku\u0107ine &#8211; tijekom obroka.<\/p>\n<p><strong>Dvije kapsule sadr\u017ee<\/strong><\/p>\n<table class=\"rahmen\" border=\"1\" cellspacing=\"0\" cellpadding=\"0\">\n<tbody>\n<tr>\n<td valign=\"top\" width=\"139\">prah korijena macele<\/td>\n<td valign=\"top\" width=\"84\">500,00 mg<\/td>\n<\/tr>\n<tr>\n<td valign=\"top\" width=\"139\">zelene sjemenke<\/td>\n<td valign=\"top\" width=\"84\">200,00 mg<\/td>\n<\/tr>\n<tr>\n<td valign=\"top\" width=\"139\">prah korijena ginsenga<\/td>\n<td valign=\"top\" width=\"84\">100,00 mg<\/td>\n<\/tr>\n<\/tbody>\n<\/table>\n","protected":false},"excerpt":{"rendered":"<h4>Za bolji i ve\u0107i libido \ud83d\udd25<\/h4>\n<p>Peruanski Indijanci su oduvijek svjesni tajne <strong>prirodnih afrodizijaka<\/strong> koji pru\u017eaju <strong>zadovoljstvo mu\u0161karcima. <\/strong>Jedinstvena kombinacija <strong>Aphrodisan kapsula<\/strong>, izra\u0111enih posebno za mu\u0161karce:<\/p>\n<p>&#8211; ja\u010da potenciju, za bolji i ve\u0107i libido,<br \/>\n&#8211; poma\u017ee pobolj\u0161ati fizi\u010dku kondiciju,<br \/>\n&#8211; pobolj\u0161ava pam\u0107enje i koncentraciju,<br \/>\n&#8211; pobolj\u0161ava prirodnu vitalnost,<br \/>\n&#8211; poma\u017ee u odr\u017eavanju tjelesne kondicije u slu\u010daju slabosti, iscrpljenosti i umora.<\/p>\n<p>\ud83d\udc49\ud83c\udffb Aphrodisan imamo i za NJU: <a href=\"https:\/\/www.sen.hr\/collections\/prehrambeni-dodaci\/aphrodisian-kapsule-za-zene\/\">kliknite OVDJE<\/a><\/p>\n<p>\ud83d\udc49\ud83c\udffb <strong>AKCIJA:<\/strong> Ako naru\u010dite 2 dobivate <strong>BESPLATNU dostavu<\/strong> \ud83d\udc48\ud83c\udffb<\/p>\n[banner_prehrana]\n","protected":false},"featured_media":27278,"comment_status":"open","ping_status":"closed","template":"","meta":{"inline_featured_image":false},"product_cat":[810],"product_tag":[509,463,512,510,513,514],"class_list":["post-27277","product","type-product","status-publish","has-post-thumbnail","hentry","product_cat-nekategorizirano-hr","product_tag-aphrodisian","product_tag-hafesan","product_tag-kondicija","product_tag-libido","product_tag-potencija","product_tag-za-muskarce"],"acf":[],"yoast_head":"<!-- This site is optimized with the Yoast SEO plugin v19.13 - https:\/\/yoast.com\/wordpress\/plugins\/seo\/ -->\n<title>Aphrodisan kapsule - SEN Shop<\/title>\n<meta name=\"robots\" content=\"index, follow, max-snippet:-1, max-image-preview:large, max-video-preview:-1\" \/>\n<link rel=\"canonical\" href=\"https:\/\/sen-shop.com\/hr\/collections\/nekategorizirano-hr\/aphrodisan-kapsule-za-muskarce\/\" \/>\n<meta property=\"og:locale\" content=\"hr_HR\" \/>\n<meta property=\"og:type\" content=\"article\" \/>\n<meta property=\"og:title\" content=\"Aphrodisan kapsule - SEN Shop\" \/>\n<meta property=\"og:description\" content=\"Za bolji i ve\u0107i libido \ud83d\udd25 Peruanski Indijanci su oduvijek svjesni tajne prirodnih afrodizijaka koji pru\u017eaju zadovoljstvo mu\u0161karcima. Jedinstvena kombinacija Aphrodisan kapsula, izra\u0111enih posebno za mu\u0161karce:  - ja\u010da potenciju, za bolji i ve\u0107i libido, - poma\u017ee pobolj\u0161ati fizi\u010dku kondiciju, - pobolj\u0161ava pam\u0107enje i koncentraciju, - pobolj\u0161ava prirodnu vitalnost, - poma\u017ee u odr\u017eavanju tjelesne kondicije u slu\u010daju slabosti, iscrpljenosti i umora.  \ud83d\udc49\ud83c\udffb Aphrodisan imamo i za NJU: kliknite OVDJE  \ud83d\udc49\ud83c\udffb AKCIJA: Ako naru\u010dite 2 dobivate BESPLATNU dostavu \ud83d\udc48\ud83c\udffb\" \/>\n<meta property=\"og:url\" content=\"https:\/\/sen-shop.com\/hr\/collections\/nekategorizirano-hr\/aphrodisan-kapsule-za-muskarce\/\" \/>\n<meta property=\"og:site_name\" content=\"SEN Shop\" \/>\n<meta property=\"article:publisher\" content=\"https:\/\/www.facebook.com\/Senshopslovenija\" \/>\n<meta property=\"article:modified_time\" content=\"2021-12-14T13:05:10+00:00\" \/>\n<meta property=\"og:image\" content=\"https:\/\/sen-shop.com\/wp-content\/uploads\/2021\/04\/aphrodisan_moski.jpg\" \/>\n\t<meta property=\"og:image:width\" content=\"506\" \/>\n\t<meta property=\"og:image:height\" content=\"607\" \/>\n\t<meta property=\"og:image:type\" content=\"image\/jpeg\" \/>\n<meta name=\"twitter:card\" content=\"summary_large_image\" \/>\n<meta name=\"twitter:label1\" content=\"Est. reading time\" \/>\n\t<meta name=\"twitter:data1\" content=\"1 minute\" \/>\n<script type=\"application\/ld+json\" class=\"yoast-schema-graph\">{\"@context\":\"https:\/\/schema.org\",\"@graph\":[{\"@type\":\"WebPage\",\"@id\":\"https:\/\/sen-shop.com\/hr\/collections\/nekategorizirano-hr\/aphrodisan-kapsule-za-muskarce\/\",\"url\":\"https:\/\/sen-shop.com\/hr\/collections\/nekategorizirano-hr\/aphrodisan-kapsule-za-muskarce\/\",\"name\":\"Aphrodisan kapsule - SEN Shop\",\"isPartOf\":{\"@id\":\"https:\/\/sen-shop.com\/hr\/#website\"},\"datePublished\":\"2021-04-15T14:02:00+00:00\",\"dateModified\":\"2021-12-14T13:05:10+00:00\",\"breadcrumb\":{\"@id\":\"https:\/\/sen-shop.com\/hr\/collections\/nekategorizirano-hr\/aphrodisan-kapsule-za-muskarce\/#breadcrumb\"},\"inLanguage\":\"hr-HR\",\"potentialAction\":[{\"@type\":\"ReadAction\",\"target\":[\"https:\/\/sen-shop.com\/hr\/collections\/nekategorizirano-hr\/aphrodisan-kapsule-za-muskarce\/\"]}]},{\"@type\":\"BreadcrumbList\",\"@id\":\"https:\/\/sen-shop.com\/hr\/collections\/nekategorizirano-hr\/aphrodisan-kapsule-za-muskarce\/#breadcrumb\",\"itemListElement\":[{\"@type\":\"ListItem\",\"position\":1,\"name\":\"Home\",\"item\":\"https:\/\/sen-shop.com\/hr\/\"},{\"@type\":\"ListItem\",\"position\":2,\"name\":\"Aphrodisan kapsule\"}]},{\"@type\":\"WebSite\",\"@id\":\"https:\/\/sen-shop.com\/hr\/#website\",\"url\":\"https:\/\/sen-shop.com\/hr\/\",\"name\":\"SEN Shop\",\"description\":\"Slovensko, Ekolo\u0161ko, Naravno\",\"publisher\":{\"@id\":\"https:\/\/sen-shop.com\/hr\/#organization\"},\"potentialAction\":[{\"@type\":\"SearchAction\",\"target\":{\"@type\":\"EntryPoint\",\"urlTemplate\":\"https:\/\/sen-shop.com\/hr\/?s={search_term_string}\"},\"query-input\":\"required name=search_term_string\"}],\"inLanguage\":\"hr-HR\"},{\"@type\":\"Organization\",\"@id\":\"https:\/\/sen-shop.com\/hr\/#organization\",\"name\":\"Mind trade d.o.o\",\"url\":\"https:\/\/sen-shop.com\/hr\/\",\"logo\":{\"@type\":\"ImageObject\",\"inLanguage\":\"hr-HR\",\"@id\":\"https:\/\/sen-shop.com\/hr\/#\/schema\/logo\/image\/\",\"url\":\"https:\/\/sen-shop.com\/wp-content\/uploads\/2018\/05\/header_logo.png\",\"contentUrl\":\"https:\/\/sen-shop.com\/wp-content\/uploads\/2018\/05\/header_logo.png\",\"width\":138,\"height\":70,\"caption\":\"Mind trade d.o.o\"},\"image\":{\"@id\":\"https:\/\/sen-shop.com\/hr\/#\/schema\/logo\/image\/\"},\"sameAs\":[\"https:\/\/www.instagram.com\/senslovenija\/\",\"https:\/\/www.facebook.com\/Senshopslovenija\"]}]}<\/script>\n<!-- \/ Yoast SEO plugin. -->","yoast_head_json":{"title":"Aphrodisan kapsule - SEN Shop","robots":{"index":"index","follow":"follow","max-snippet":"max-snippet:-1","max-image-preview":"max-image-preview:large","max-video-preview":"max-video-preview:-1"},"canonical":"https:\/\/sen-shop.com\/hr\/collections\/nekategorizirano-hr\/aphrodisan-kapsule-za-muskarce\/","og_locale":"hr_HR","og_type":"article","og_title":"Aphrodisan kapsule - SEN Shop","og_description":"Za bolji i ve\u0107i libido \ud83d\udd25 Peruanski Indijanci su oduvijek svjesni tajne prirodnih afrodizijaka koji pru\u017eaju zadovoljstvo mu\u0161karcima. Jedinstvena kombinacija Aphrodisan kapsula, izra\u0111enih posebno za mu\u0161karce:  - ja\u010da potenciju, za bolji i ve\u0107i libido, - poma\u017ee pobolj\u0161ati fizi\u010dku kondiciju, - pobolj\u0161ava pam\u0107enje i koncentraciju, - pobolj\u0161ava prirodnu vitalnost, - poma\u017ee u odr\u017eavanju tjelesne kondicije u slu\u010daju slabosti, iscrpljenosti i umora.  \ud83d\udc49\ud83c\udffb Aphrodisan imamo i za NJU: kliknite OVDJE  \ud83d\udc49\ud83c\udffb AKCIJA: Ako naru\u010dite 2 dobivate BESPLATNU dostavu \ud83d\udc48\ud83c\udffb","og_url":"https:\/\/sen-shop.com\/hr\/collections\/nekategorizirano-hr\/aphrodisan-kapsule-za-muskarce\/","og_site_name":"SEN Shop","article_publisher":"https:\/\/www.facebook.com\/Senshopslovenija","article_modified_time":"2021-12-14T13:05:10+00:00","og_image":[{"width":506,"height":607,"url":"https:\/\/sen-shop.com\/wp-content\/uploads\/2021\/04\/aphrodisan_moski.jpg","type":"image\/jpeg"}],"twitter_card":"summary_large_image","twitter_misc":{"Est. reading time":"1 minute"},"schema":{"@context":"https:\/\/schema.org","@graph":[{"@type":"WebPage","@id":"https:\/\/sen-shop.com\/hr\/collections\/nekategorizirano-hr\/aphrodisan-kapsule-za-muskarce\/","url":"https:\/\/sen-shop.com\/hr\/collections\/nekategorizirano-hr\/aphrodisan-kapsule-za-muskarce\/","name":"Aphrodisan kapsule - SEN Shop","isPartOf":{"@id":"https:\/\/sen-shop.com\/hr\/#website"},"datePublished":"2021-04-15T14:02:00+00:00","dateModified":"2021-12-14T13:05:10+00:00","breadcrumb":{"@id":"https:\/\/sen-shop.com\/hr\/collections\/nekategorizirano-hr\/aphrodisan-kapsule-za-muskarce\/#breadcrumb"},"inLanguage":"hr-HR","potentialAction":[{"@type":"ReadAction","target":["https:\/\/sen-shop.com\/hr\/collections\/nekategorizirano-hr\/aphrodisan-kapsule-za-muskarce\/"]}]},{"@type":"BreadcrumbList","@id":"https:\/\/sen-shop.com\/hr\/collections\/nekategorizirano-hr\/aphrodisan-kapsule-za-muskarce\/#breadcrumb","itemListElement":[{"@type":"ListItem","position":1,"name":"Home","item":"https:\/\/sen-shop.com\/hr\/"},{"@type":"ListItem","position":2,"name":"Aphrodisan kapsule"}]},{"@type":"WebSite","@id":"https:\/\/sen-shop.com\/hr\/#website","url":"https:\/\/sen-shop.com\/hr\/","name":"SEN Shop","description":"Slovensko, Ekolo\u0161ko, Naravno","publisher":{"@id":"https:\/\/sen-shop.com\/hr\/#organization"},"potentialAction":[{"@type":"SearchAction","target":{"@type":"EntryPoint","urlTemplate":"https:\/\/sen-shop.com\/hr\/?s={search_term_string}"},"query-input":"required name=search_term_string"}],"inLanguage":"hr-HR"},{"@type":"Organization","@id":"https:\/\/sen-shop.com\/hr\/#organization","name":"Mind trade d.o.o","url":"https:\/\/sen-shop.com\/hr\/","logo":{"@type":"ImageObject","inLanguage":"hr-HR","@id":"https:\/\/sen-shop.com\/hr\/#\/schema\/logo\/image\/","url":"https:\/\/sen-shop.com\/wp-content\/uploads\/2018\/05\/header_logo.png","contentUrl":"https:\/\/sen-shop.com\/wp-content\/uploads\/2018\/05\/header_logo.png","width":138,"height":70,"caption":"Mind trade d.o.o"},"image":{"@id":"https:\/\/sen-shop.com\/hr\/#\/schema\/logo\/image\/"},"sameAs":["https:\/\/www.instagram.com\/senslovenija\/","https:\/\/www.facebook.com\/Senshopslovenija"]}]}},"_links":{"self":[{"href":"https:\/\/sen-shop.com\/hr\/wp-json\/wp\/v2\/product\/27277","targetHints":{"allow":["GET"]}}],"collection":[{"href":"https:\/\/sen-shop.com\/hr\/wp-json\/wp\/v2\/product"}],"about":[{"href":"https:\/\/sen-shop.com\/hr\/wp-json\/wp\/v2\/types\/product"}],"replies":[{"embeddable":true,"href":"https:\/\/sen-shop.com\/hr\/wp-json\/wp\/v2\/comments?post=27277"}],"wp:featuredmedia":[{"embeddable":true,"href":"https:\/\/sen-shop.com\/hr\/wp-json\/wp\/v2\/media\/27278"}],"wp:attachment":[{"href":"https:\/\/sen-shop.com\/hr\/wp-json\/wp\/v2\/media?parent=27277"}],"wp:term":[{"taxonomy":"product_cat","embeddable":true,"href":"https:\/\/sen-shop.com\/hr\/wp-json\/wp\/v2\/product_cat?post=27277"},{"taxonomy":"product_tag","embeddable":true,"href":"https:\/\/sen-shop.com\/hr\/wp-json\/wp\/v2\/product_tag?post=27277"}],"curies":[{"name":"wp","href":"https:\/\/api.w.org\/{rel}","templated":true}]}}