{"id":27271,"date":"2021-04-15T15:52:21","date_gmt":"2021-04-15T13:52:21","guid":{"rendered":"https:\/\/www.sen-shop.com\/?post_type=product&#038;p=27271"},"modified":"2021-12-14T15:57:26","modified_gmt":"2021-12-14T14:57:26","slug":"jabucni-ocat-360-mg-kapsule","status":"publish","type":"product","link":"https:\/\/sen-shop.com\/hr\/collections\/prehrambeni-dodaci\/detoksikacija\/jabucni-ocat-360-mg-kapsule\/","title":{"rendered":"Jabu\u010dni ocat 360 mg kapsule"},"content":{"rendered":"<h3>Gubitak kilograma<\/h3>\n<p>Jabu\u010dni ocat se najvi\u0161e upotrebljava za pro\u010di\u0161\u0107avanje krvi i odstranjivanje masno\u0107a iz krvi. Ba\u0161 zbog toga je tako efikasan u dijetama.<\/p>\n<p>Ako se redovito i kontrolirano uzima, \u0107e uspje\u0161no da otopi masno\u0107e u tijelu, jer on u sebi sadr\u017ei prirodne kiseline koje razgra\u0111uju i ispiru sve otrove i neprobavljivu hranu iz crijeva.<\/p>\n<p><strong>\u010cisti tijelo iznutra<\/strong>\u00a0i poma\u017ee kod gubitka kilograma. Znano je da jabu\u010dni ocat ima veoma neugodan ukus.<\/p>\n<p>Umjesto \u010da\u0161e sirovog jabu\u010dnog octa, sada mo\u017eete konzumirati u kapsulama (jednostavan za jelo i ukus) i posti\u0107i iste efekte.<\/p>\n<p>Za proizvodnju kapsula koristimo samo \u010disti i provjereni jabu\u010dni ocat najvi\u0161e kvalitete bez kemijskih dodataka (tablete sadr\u017ee veziva i pomo\u0107ne tvari). Time se zadr\u017eavaju svi prirodni sastojci.<\/p>\n<p>Bez konzervansa, boja i laktoze. Pogodno i za dijabeti\u010dare.<\/p>\n<p><strong>Sadr\u017eaj boce: 60 kapsula<\/strong><\/p>\n<p><strong>Sastav:<\/strong><\/p>\n<p>prah jabu\u010dnog octa, \u017eelatina.<\/p>\n<p><strong>\u010cuvati izvan dohvata djece.<\/strong> \u010cuvajte proizvod na suhom mjestu pri temperaturi ispod 25 \u00b0 C. Preporu\u010dena dnevna koli\u010dina ili doza ne smiju se prekora\u010diti. Prehrambeni dodatak nije zamjena za uravnote\u017eenu i raznoliku prehranu i zdrav na\u010din \u017eivota.<\/p>\n<p><strong>Sadr\u017eaj:<\/strong> 60 kapsula (= 27,0 g neto te\u017eine)<\/p>\n<p><strong>Preporu\u010dena dnevna koli\u010dina:<\/strong><\/p>\n<p>Uzimajte jednu kapsulu dva puta dnevno s dovoljnom koli\u010dinom teku\u0107ine.<\/p>\n<p><strong>Dvije kapsule sadr\u017ee:<\/strong><\/p>\n<table class=\"rahmen\" border=\"1\" cellspacing=\"0\" cellpadding=\"0\">\n<tbody>\n<tr>\n<td valign=\"top\" width=\"150\">prah jabu\u010dnog ocata<\/td>\n<td valign=\"top\" width=\"84\">720,00 mg<\/td>\n<\/tr>\n<\/tbody>\n<\/table>\n","protected":false},"excerpt":{"rendered":"<h3><strong>Do vitkog tijela uz pomo\u0107 jabu\u010dnog ocata<\/strong><\/h3>\n<p>Umjesto \u010da\u0161e jabu\u010dnog octa, sada lako mo\u017eete uzeti kapsule. Su bez okusa, a u\u010dinak je isti kao da ste konzumirali jabu\u010dni ocat:<\/p>\n<p>&#8211; Pospje\u0161uje probavu i djeluje laksativno &#8211; <strong>gubitak te\u017eine<\/strong><br \/>\n&#8211; Podr\u017eava detoksikaciju i pro\u010di\u0161\u0107avanje tijela<br \/>\n&#8211; Smanjuje apetit<\/p>\n[banner_prehrana]\n","protected":false},"featured_media":27272,"comment_status":"open","ping_status":"closed","template":"","meta":{"inline_featured_image":false},"product_cat":[401,402,810],"product_tag":[385,463,507,453,399,508,454],"class_list":["post-27271","product","type-product","status-publish","has-post-thumbnail","hentry","product_cat-detoksikacija","product_cat-mrsavljenje","product_cat-nekategorizirano-hr","product_tag-bio-hr","product_tag-hafesan","product_tag-jabucni-ocat","product_tag-mrsavljenje","product_tag-prirodno","product_tag-probava","product_tag-vitka-linija"],"acf":[],"yoast_head":"<!-- This site is optimized with the Yoast SEO plugin v19.13 - https:\/\/yoast.com\/wordpress\/plugins\/seo\/ -->\n<title>Jabu\u010dni ocat 360 mg kapsule - SEN Shop<\/title>\n<meta name=\"robots\" content=\"index, follow, max-snippet:-1, max-image-preview:large, max-video-preview:-1\" \/>\n<link rel=\"canonical\" href=\"https:\/\/sen-shop.com\/hr\/collections\/prehrambeni-dodaci\/detoksikacija\/jabucni-ocat-360-mg-kapsule\/\" \/>\n<meta property=\"og:locale\" content=\"hr_HR\" \/>\n<meta property=\"og:type\" content=\"article\" \/>\n<meta property=\"og:title\" content=\"Jabu\u010dni ocat 360 mg kapsule - SEN Shop\" \/>\n<meta property=\"og:description\" content=\"Do vitkog tijela uz pomo\u0107 jabu\u010dnog ocata Umjesto \u010da\u0161e jabu\u010dnog octa, sada lako mo\u017eete uzeti kapsule. Su bez okusa, a u\u010dinak je isti kao da ste konzumirali jabu\u010dni ocat:  - Pospje\u0161uje probavu i djeluje laksativno - gubitak te\u017eine - Podr\u017eava detoksikaciju i pro\u010di\u0161\u0107avanje tijela - Smanjuje apetit\" \/>\n<meta property=\"og:url\" content=\"https:\/\/sen-shop.com\/hr\/collections\/prehrambeni-dodaci\/detoksikacija\/jabucni-ocat-360-mg-kapsule\/\" \/>\n<meta property=\"og:site_name\" content=\"SEN Shop\" \/>\n<meta property=\"article:publisher\" content=\"https:\/\/www.facebook.com\/Senshopslovenija\" \/>\n<meta property=\"article:modified_time\" content=\"2021-12-14T14:57:26+00:00\" \/>\n<meta property=\"og:image\" content=\"https:\/\/sen-shop.com\/wp-content\/uploads\/2021\/04\/jabolcni-kis.jpg\" \/>\n\t<meta property=\"og:image:width\" content=\"506\" \/>\n\t<meta property=\"og:image:height\" content=\"607\" \/>\n\t<meta property=\"og:image:type\" content=\"image\/jpeg\" \/>\n<meta name=\"twitter:card\" content=\"summary_large_image\" \/>\n<meta name=\"twitter:label1\" content=\"Est. reading time\" \/>\n\t<meta name=\"twitter:data1\" content=\"1 minute\" \/>\n<script type=\"application\/ld+json\" class=\"yoast-schema-graph\">{\"@context\":\"https:\/\/schema.org\",\"@graph\":[{\"@type\":\"WebPage\",\"@id\":\"https:\/\/sen-shop.com\/hr\/collections\/prehrambeni-dodaci\/detoksikacija\/jabucni-ocat-360-mg-kapsule\/\",\"url\":\"https:\/\/sen-shop.com\/hr\/collections\/prehrambeni-dodaci\/detoksikacija\/jabucni-ocat-360-mg-kapsule\/\",\"name\":\"Jabu\u010dni ocat 360 mg kapsule - SEN Shop\",\"isPartOf\":{\"@id\":\"https:\/\/sen-shop.com\/hr\/#website\"},\"datePublished\":\"2021-04-15T13:52:21+00:00\",\"dateModified\":\"2021-12-14T14:57:26+00:00\",\"breadcrumb\":{\"@id\":\"https:\/\/sen-shop.com\/hr\/collections\/prehrambeni-dodaci\/detoksikacija\/jabucni-ocat-360-mg-kapsule\/#breadcrumb\"},\"inLanguage\":\"hr-HR\",\"potentialAction\":[{\"@type\":\"ReadAction\",\"target\":[\"https:\/\/sen-shop.com\/hr\/collections\/prehrambeni-dodaci\/detoksikacija\/jabucni-ocat-360-mg-kapsule\/\"]}]},{\"@type\":\"BreadcrumbList\",\"@id\":\"https:\/\/sen-shop.com\/hr\/collections\/prehrambeni-dodaci\/detoksikacija\/jabucni-ocat-360-mg-kapsule\/#breadcrumb\",\"itemListElement\":[{\"@type\":\"ListItem\",\"position\":1,\"name\":\"Home\",\"item\":\"https:\/\/sen-shop.com\/hr\/\"},{\"@type\":\"ListItem\",\"position\":2,\"name\":\"Jabu\u010dni ocat 360 mg kapsule\"}]},{\"@type\":\"WebSite\",\"@id\":\"https:\/\/sen-shop.com\/hr\/#website\",\"url\":\"https:\/\/sen-shop.com\/hr\/\",\"name\":\"SEN Shop\",\"description\":\"Slovensko, Ekolo\u0161ko, Naravno\",\"publisher\":{\"@id\":\"https:\/\/sen-shop.com\/hr\/#organization\"},\"potentialAction\":[{\"@type\":\"SearchAction\",\"target\":{\"@type\":\"EntryPoint\",\"urlTemplate\":\"https:\/\/sen-shop.com\/hr\/?s={search_term_string}\"},\"query-input\":\"required name=search_term_string\"}],\"inLanguage\":\"hr-HR\"},{\"@type\":\"Organization\",\"@id\":\"https:\/\/sen-shop.com\/hr\/#organization\",\"name\":\"Mind trade d.o.o\",\"url\":\"https:\/\/sen-shop.com\/hr\/\",\"logo\":{\"@type\":\"ImageObject\",\"inLanguage\":\"hr-HR\",\"@id\":\"https:\/\/sen-shop.com\/hr\/#\/schema\/logo\/image\/\",\"url\":\"https:\/\/sen-shop.com\/wp-content\/uploads\/2018\/05\/header_logo.png\",\"contentUrl\":\"https:\/\/sen-shop.com\/wp-content\/uploads\/2018\/05\/header_logo.png\",\"width\":138,\"height\":70,\"caption\":\"Mind trade d.o.o\"},\"image\":{\"@id\":\"https:\/\/sen-shop.com\/hr\/#\/schema\/logo\/image\/\"},\"sameAs\":[\"https:\/\/www.instagram.com\/senslovenija\/\",\"https:\/\/www.facebook.com\/Senshopslovenija\"]}]}<\/script>\n<!-- \/ Yoast SEO plugin. -->","yoast_head_json":{"title":"Jabu\u010dni ocat 360 mg kapsule - SEN Shop","robots":{"index":"index","follow":"follow","max-snippet":"max-snippet:-1","max-image-preview":"max-image-preview:large","max-video-preview":"max-video-preview:-1"},"canonical":"https:\/\/sen-shop.com\/hr\/collections\/prehrambeni-dodaci\/detoksikacija\/jabucni-ocat-360-mg-kapsule\/","og_locale":"hr_HR","og_type":"article","og_title":"Jabu\u010dni ocat 360 mg kapsule - SEN Shop","og_description":"Do vitkog tijela uz pomo\u0107 jabu\u010dnog ocata Umjesto \u010da\u0161e jabu\u010dnog octa, sada lako mo\u017eete uzeti kapsule. Su bez okusa, a u\u010dinak je isti kao da ste konzumirali jabu\u010dni ocat:  - Pospje\u0161uje probavu i djeluje laksativno - gubitak te\u017eine - Podr\u017eava detoksikaciju i pro\u010di\u0161\u0107avanje tijela - Smanjuje apetit","og_url":"https:\/\/sen-shop.com\/hr\/collections\/prehrambeni-dodaci\/detoksikacija\/jabucni-ocat-360-mg-kapsule\/","og_site_name":"SEN Shop","article_publisher":"https:\/\/www.facebook.com\/Senshopslovenija","article_modified_time":"2021-12-14T14:57:26+00:00","og_image":[{"width":506,"height":607,"url":"https:\/\/sen-shop.com\/wp-content\/uploads\/2021\/04\/jabolcni-kis.jpg","type":"image\/jpeg"}],"twitter_card":"summary_large_image","twitter_misc":{"Est. reading time":"1 minute"},"schema":{"@context":"https:\/\/schema.org","@graph":[{"@type":"WebPage","@id":"https:\/\/sen-shop.com\/hr\/collections\/prehrambeni-dodaci\/detoksikacija\/jabucni-ocat-360-mg-kapsule\/","url":"https:\/\/sen-shop.com\/hr\/collections\/prehrambeni-dodaci\/detoksikacija\/jabucni-ocat-360-mg-kapsule\/","name":"Jabu\u010dni ocat 360 mg kapsule - SEN Shop","isPartOf":{"@id":"https:\/\/sen-shop.com\/hr\/#website"},"datePublished":"2021-04-15T13:52:21+00:00","dateModified":"2021-12-14T14:57:26+00:00","breadcrumb":{"@id":"https:\/\/sen-shop.com\/hr\/collections\/prehrambeni-dodaci\/detoksikacija\/jabucni-ocat-360-mg-kapsule\/#breadcrumb"},"inLanguage":"hr-HR","potentialAction":[{"@type":"ReadAction","target":["https:\/\/sen-shop.com\/hr\/collections\/prehrambeni-dodaci\/detoksikacija\/jabucni-ocat-360-mg-kapsule\/"]}]},{"@type":"BreadcrumbList","@id":"https:\/\/sen-shop.com\/hr\/collections\/prehrambeni-dodaci\/detoksikacija\/jabucni-ocat-360-mg-kapsule\/#breadcrumb","itemListElement":[{"@type":"ListItem","position":1,"name":"Home","item":"https:\/\/sen-shop.com\/hr\/"},{"@type":"ListItem","position":2,"name":"Jabu\u010dni ocat 360 mg kapsule"}]},{"@type":"WebSite","@id":"https:\/\/sen-shop.com\/hr\/#website","url":"https:\/\/sen-shop.com\/hr\/","name":"SEN Shop","description":"Slovensko, Ekolo\u0161ko, Naravno","publisher":{"@id":"https:\/\/sen-shop.com\/hr\/#organization"},"potentialAction":[{"@type":"SearchAction","target":{"@type":"EntryPoint","urlTemplate":"https:\/\/sen-shop.com\/hr\/?s={search_term_string}"},"query-input":"required name=search_term_string"}],"inLanguage":"hr-HR"},{"@type":"Organization","@id":"https:\/\/sen-shop.com\/hr\/#organization","name":"Mind trade d.o.o","url":"https:\/\/sen-shop.com\/hr\/","logo":{"@type":"ImageObject","inLanguage":"hr-HR","@id":"https:\/\/sen-shop.com\/hr\/#\/schema\/logo\/image\/","url":"https:\/\/sen-shop.com\/wp-content\/uploads\/2018\/05\/header_logo.png","contentUrl":"https:\/\/sen-shop.com\/wp-content\/uploads\/2018\/05\/header_logo.png","width":138,"height":70,"caption":"Mind trade d.o.o"},"image":{"@id":"https:\/\/sen-shop.com\/hr\/#\/schema\/logo\/image\/"},"sameAs":["https:\/\/www.instagram.com\/senslovenija\/","https:\/\/www.facebook.com\/Senshopslovenija"]}]}},"_links":{"self":[{"href":"https:\/\/sen-shop.com\/hr\/wp-json\/wp\/v2\/product\/27271","targetHints":{"allow":["GET"]}}],"collection":[{"href":"https:\/\/sen-shop.com\/hr\/wp-json\/wp\/v2\/product"}],"about":[{"href":"https:\/\/sen-shop.com\/hr\/wp-json\/wp\/v2\/types\/product"}],"replies":[{"embeddable":true,"href":"https:\/\/sen-shop.com\/hr\/wp-json\/wp\/v2\/comments?post=27271"}],"wp:featuredmedia":[{"embeddable":true,"href":"https:\/\/sen-shop.com\/hr\/wp-json\/wp\/v2\/media\/27272"}],"wp:attachment":[{"href":"https:\/\/sen-shop.com\/hr\/wp-json\/wp\/v2\/media?parent=27271"}],"wp:term":[{"taxonomy":"product_cat","embeddable":true,"href":"https:\/\/sen-shop.com\/hr\/wp-json\/wp\/v2\/product_cat?post=27271"},{"taxonomy":"product_tag","embeddable":true,"href":"https:\/\/sen-shop.com\/hr\/wp-json\/wp\/v2\/product_tag?post=27271"}],"curies":[{"name":"wp","href":"https:\/\/api.w.org\/{rel}","templated":true}]}}