{"id":27264,"date":"2021-04-15T15:45:17","date_gmt":"2021-04-15T13:45:17","guid":{"rendered":"https:\/\/www.sen-shop.com\/?post_type=product&#038;p=27264"},"modified":"2023-03-28T14:29:47","modified_gmt":"2023-03-28T12:29:47","slug":"mate-250-mg-kapsule","status":"publish","type":"product","link":"https:\/\/sen-shop.com\/hr\/collections\/prehrambeni-dodaci\/mrsavljenje\/mate-250-mg-kapsule\/","title":{"rendered":"Mate 250 mg kapsule"},"content":{"rendered":"<h3>Ubrzajte proces mr\u0161avljenja uz pomo\u0107 prirodnih Mate kapsula<\/h3>\n<p>Za\u0161to<strong> smo lo\u0161eg raspolo\u017eenja<\/strong> tijekom mr\u0161avljenja i za\u0161to nikad <strong>ne uspijemo?<\/strong> Zbog stalnog osje\u0107aja gladi.<br \/>\nSuprotstavite se ovom problemu na potpuno prirodan na\u010din i <strong>pobolj\u0161ajte proces mr\u0161avljenja.<\/strong> Mate je prirodna biljka koja djeluje kao prirodno sredstvo za suzbijanje apetita i smanjuje va\u0161u \u017eudnju za hranom.<\/p>\n<p>Pobolj\u0161ajte mr\u0161avljenje i smanjite osje\u0107aj gladi s Hafesan Mate kapsulama &#8211; za va\u0161e zdravlje tijekom gubitka kilograma.<\/p>\n<p>Mate kapsule poma\u017eu kod <strong>mentalnog i fizi\u010dkog umora<\/strong>. Osna\u017euju i stimuliraju na prirodan na\u010din.<\/p>\n<p>Bez konzervansa, boja i laktoze. Pogodno i za dijabeti\u010dare.<\/p>\n<p>Hafesan Mate 250 mg kapsule | <strong>Sadr\u017eaj boce: 75 kapsula<\/strong>.<\/p>\n<p><strong>Sastav:<\/strong><\/p>\n<p>mate prah, \u017eelatina.<\/p>\n<p><strong>\u010cuvati izvan dohvata djece.<\/strong> \u010cuvajte proizvod na suhom mjestu pri temperaturi ispod 25 \u00b0 C. Preporu\u010dena dnevna koli\u010dina ili doza ne smiju se prekora\u010diti. Prehrambeni dodatak nije zamjena za uravnote\u017eenu i raznoliku prehranu i zdrav na\u010din \u017eivota.<\/p>\n<p><strong>Sadr\u017eaj: 75 kapsula (= 25,5 g neto te\u017eine)<\/strong><\/p>\n<p><strong>Preporu\u010dena dnevna koli\u010dina:<\/strong><\/p>\n<p>Uzimajte jednu kapsulu tri puta dnevno s dovoljno teku\u0107ine. Nemojte \u017evakati kapsule!<\/p>\n<p><strong>Tri kapsule sadr\u017ee:<\/strong><\/p>\n<table class=\"rahmen\" border=\"1\" width=\"313\" cellspacing=\"0\" cellpadding=\"0\">\n<tbody>\n<tr>\n<td valign=\"top\" width=\"97\">prah biljke mate<\/td>\n<td valign=\"top\" width=\"96\">\n<p align=\"center\">750,00 mg<\/p>\n<\/td>\n<\/tr>\n<\/tbody>\n<\/table>\n","protected":false},"excerpt":{"rendered":"<h3>Ubrzajte proces mr\u0161avljenja uz pomo\u0107 prirodnih Mate kapsula<\/h3>\n<p>Za\u0161to<strong> smo lo\u0161eg raspolo\u017eenja<\/strong> tijekom mr\u0161avljenja i za\u0161to nikad <strong>ne uspijemo?<\/strong> Zbog stalnog osje\u0107aja gladi.<br \/>\nSuprotstavite se ovom problemu na potpuno prirodan na\u010din i <strong>pobolj\u0161ajte proces mr\u0161avljenja.<\/strong> Mate je prirodna biljka koja djeluje kao prirodno sredstvo za suzbijanje apetita i smanjuje va\u0161u \u017eudnju za hranom.<\/p>\n<p>Pobolj\u0161ajte mr\u0161avljenje i smanjite osje\u0107aj gladi s Hafesan Mate kapsulama &#8211; za va\u0161e zdravlje tijekom gubitka kilograma.<\/p>\n<p>Mate kapsule poma\u017eu kod <strong>mentalnog i fizi\u010dkog umora<\/strong>. Osna\u017euju i stimuliraju na prirodan na\u010din.<\/p>\n<p>Bez konzervansa, boja i laktoze. Pogodno i za dijabeti\u010dare.<\/p>\n<p>Hafesan Mate 250 mg kapsule | <strong>Sadr\u017eaj boce: 75 kapsula<\/strong>.<\/p>\n[banner_prehrana]\n","protected":false},"featured_media":27265,"comment_status":"open","ping_status":"closed","template":"","meta":{"inline_featured_image":false},"product_cat":[402,810],"product_tag":[452,502,503,453,380],"class_list":["post-27264","product","type-product","status-publish","has-post-thumbnail","hentry","product_cat-mrsavljenje","product_cat-nekategorizirano-hr","product_tag-dijeta","product_tag-dodaci-prehrani-za-mrsavljenje","product_tag-mate","product_tag-mrsavljenje","product_tag-zdrav-zivot"],"acf":[],"yoast_head":"<!-- This site is optimized with the Yoast SEO plugin v19.13 - https:\/\/yoast.com\/wordpress\/plugins\/seo\/ -->\n<title>Mate 250 mg kapsule - SEN Shop<\/title>\n<meta name=\"robots\" content=\"index, follow, max-snippet:-1, max-image-preview:large, max-video-preview:-1\" \/>\n<link rel=\"canonical\" href=\"https:\/\/sen-shop.com\/hr\/collections\/prehrambeni-dodaci\/mrsavljenje\/mate-250-mg-kapsule\/\" \/>\n<meta property=\"og:locale\" content=\"hr_HR\" \/>\n<meta property=\"og:type\" content=\"article\" \/>\n<meta property=\"og:title\" content=\"Mate 250 mg kapsule - SEN Shop\" \/>\n<meta property=\"og:description\" content=\"Ubrzajte proces mr\u0161avljenja uz pomo\u0107 prirodnih Mate kapsula Za\u0161to smo lo\u0161eg raspolo\u017eenja tijekom mr\u0161avljenja i za\u0161to nikad ne uspijemo? Zbog stalnog osje\u0107aja gladi. Suprotstavite se ovom problemu na potpuno prirodan na\u010din i pobolj\u0161ajte proces mr\u0161avljenja. Mate je prirodna biljka koja djeluje kao prirodno sredstvo za suzbijanje apetita i smanjuje va\u0161u \u017eudnju za hranom.  Pobolj\u0161ajte mr\u0161avljenje i smanjite osje\u0107aj gladi s Hafesan Mate kapsulama - za va\u0161e zdravlje tijekom gubitka kilograma.  Mate kapsule poma\u017eu kod mentalnog i fizi\u010dkog umora. Osna\u017euju i stimuliraju na prirodan na\u010din.  Bez konzervansa, boja i laktoze. Pogodno i za dijabeti\u010dare.  Hafesan Mate 250 mg kapsule | Sadr\u017eaj boce: 75 kapsula.\" \/>\n<meta property=\"og:url\" content=\"https:\/\/sen-shop.com\/hr\/collections\/prehrambeni-dodaci\/mrsavljenje\/mate-250-mg-kapsule\/\" \/>\n<meta property=\"og:site_name\" content=\"SEN Shop\" \/>\n<meta property=\"article:publisher\" content=\"https:\/\/www.facebook.com\/Senshopslovenija\" \/>\n<meta property=\"article:modified_time\" content=\"2023-03-28T12:29:47+00:00\" \/>\n<meta property=\"og:image\" content=\"https:\/\/sen-shop.com\/wp-content\/uploads\/2021\/04\/mate.jpg\" \/>\n\t<meta property=\"og:image:width\" content=\"506\" \/>\n\t<meta property=\"og:image:height\" content=\"607\" \/>\n\t<meta property=\"og:image:type\" content=\"image\/jpeg\" \/>\n<meta name=\"twitter:card\" content=\"summary_large_image\" \/>\n<meta name=\"twitter:label1\" content=\"Est. reading time\" \/>\n\t<meta name=\"twitter:data1\" content=\"1 minute\" \/>\n<script type=\"application\/ld+json\" class=\"yoast-schema-graph\">{\"@context\":\"https:\/\/schema.org\",\"@graph\":[{\"@type\":\"WebPage\",\"@id\":\"https:\/\/sen-shop.com\/hr\/collections\/prehrambeni-dodaci\/mrsavljenje\/mate-250-mg-kapsule\/\",\"url\":\"https:\/\/sen-shop.com\/hr\/collections\/prehrambeni-dodaci\/mrsavljenje\/mate-250-mg-kapsule\/\",\"name\":\"Mate 250 mg kapsule - SEN Shop\",\"isPartOf\":{\"@id\":\"https:\/\/sen-shop.com\/hr\/#website\"},\"datePublished\":\"2021-04-15T13:45:17+00:00\",\"dateModified\":\"2023-03-28T12:29:47+00:00\",\"breadcrumb\":{\"@id\":\"https:\/\/sen-shop.com\/hr\/collections\/prehrambeni-dodaci\/mrsavljenje\/mate-250-mg-kapsule\/#breadcrumb\"},\"inLanguage\":\"hr-HR\",\"potentialAction\":[{\"@type\":\"ReadAction\",\"target\":[\"https:\/\/sen-shop.com\/hr\/collections\/prehrambeni-dodaci\/mrsavljenje\/mate-250-mg-kapsule\/\"]}]},{\"@type\":\"BreadcrumbList\",\"@id\":\"https:\/\/sen-shop.com\/hr\/collections\/prehrambeni-dodaci\/mrsavljenje\/mate-250-mg-kapsule\/#breadcrumb\",\"itemListElement\":[{\"@type\":\"ListItem\",\"position\":1,\"name\":\"Home\",\"item\":\"https:\/\/sen-shop.com\/hr\/\"},{\"@type\":\"ListItem\",\"position\":2,\"name\":\"Mate 250 mg kapsule\"}]},{\"@type\":\"WebSite\",\"@id\":\"https:\/\/sen-shop.com\/hr\/#website\",\"url\":\"https:\/\/sen-shop.com\/hr\/\",\"name\":\"SEN Shop\",\"description\":\"Slovensko, Ekolo\u0161ko, Naravno\",\"publisher\":{\"@id\":\"https:\/\/sen-shop.com\/hr\/#organization\"},\"potentialAction\":[{\"@type\":\"SearchAction\",\"target\":{\"@type\":\"EntryPoint\",\"urlTemplate\":\"https:\/\/sen-shop.com\/hr\/?s={search_term_string}\"},\"query-input\":\"required name=search_term_string\"}],\"inLanguage\":\"hr-HR\"},{\"@type\":\"Organization\",\"@id\":\"https:\/\/sen-shop.com\/hr\/#organization\",\"name\":\"Mind trade d.o.o\",\"url\":\"https:\/\/sen-shop.com\/hr\/\",\"logo\":{\"@type\":\"ImageObject\",\"inLanguage\":\"hr-HR\",\"@id\":\"https:\/\/sen-shop.com\/hr\/#\/schema\/logo\/image\/\",\"url\":\"https:\/\/sen-shop.com\/wp-content\/uploads\/2018\/05\/header_logo.png\",\"contentUrl\":\"https:\/\/sen-shop.com\/wp-content\/uploads\/2018\/05\/header_logo.png\",\"width\":138,\"height\":70,\"caption\":\"Mind trade d.o.o\"},\"image\":{\"@id\":\"https:\/\/sen-shop.com\/hr\/#\/schema\/logo\/image\/\"},\"sameAs\":[\"https:\/\/www.instagram.com\/senslovenija\/\",\"https:\/\/www.facebook.com\/Senshopslovenija\"]}]}<\/script>\n<!-- \/ Yoast SEO plugin. -->","yoast_head_json":{"title":"Mate 250 mg kapsule - SEN Shop","robots":{"index":"index","follow":"follow","max-snippet":"max-snippet:-1","max-image-preview":"max-image-preview:large","max-video-preview":"max-video-preview:-1"},"canonical":"https:\/\/sen-shop.com\/hr\/collections\/prehrambeni-dodaci\/mrsavljenje\/mate-250-mg-kapsule\/","og_locale":"hr_HR","og_type":"article","og_title":"Mate 250 mg kapsule - SEN Shop","og_description":"Ubrzajte proces mr\u0161avljenja uz pomo\u0107 prirodnih Mate kapsula Za\u0161to smo lo\u0161eg raspolo\u017eenja tijekom mr\u0161avljenja i za\u0161to nikad ne uspijemo? Zbog stalnog osje\u0107aja gladi. Suprotstavite se ovom problemu na potpuno prirodan na\u010din i pobolj\u0161ajte proces mr\u0161avljenja. Mate je prirodna biljka koja djeluje kao prirodno sredstvo za suzbijanje apetita i smanjuje va\u0161u \u017eudnju za hranom.  Pobolj\u0161ajte mr\u0161avljenje i smanjite osje\u0107aj gladi s Hafesan Mate kapsulama - za va\u0161e zdravlje tijekom gubitka kilograma.  Mate kapsule poma\u017eu kod mentalnog i fizi\u010dkog umora. Osna\u017euju i stimuliraju na prirodan na\u010din.  Bez konzervansa, boja i laktoze. Pogodno i za dijabeti\u010dare.  Hafesan Mate 250 mg kapsule | Sadr\u017eaj boce: 75 kapsula.","og_url":"https:\/\/sen-shop.com\/hr\/collections\/prehrambeni-dodaci\/mrsavljenje\/mate-250-mg-kapsule\/","og_site_name":"SEN Shop","article_publisher":"https:\/\/www.facebook.com\/Senshopslovenija","article_modified_time":"2023-03-28T12:29:47+00:00","og_image":[{"width":506,"height":607,"url":"https:\/\/sen-shop.com\/wp-content\/uploads\/2021\/04\/mate.jpg","type":"image\/jpeg"}],"twitter_card":"summary_large_image","twitter_misc":{"Est. reading time":"1 minute"},"schema":{"@context":"https:\/\/schema.org","@graph":[{"@type":"WebPage","@id":"https:\/\/sen-shop.com\/hr\/collections\/prehrambeni-dodaci\/mrsavljenje\/mate-250-mg-kapsule\/","url":"https:\/\/sen-shop.com\/hr\/collections\/prehrambeni-dodaci\/mrsavljenje\/mate-250-mg-kapsule\/","name":"Mate 250 mg kapsule - SEN Shop","isPartOf":{"@id":"https:\/\/sen-shop.com\/hr\/#website"},"datePublished":"2021-04-15T13:45:17+00:00","dateModified":"2023-03-28T12:29:47+00:00","breadcrumb":{"@id":"https:\/\/sen-shop.com\/hr\/collections\/prehrambeni-dodaci\/mrsavljenje\/mate-250-mg-kapsule\/#breadcrumb"},"inLanguage":"hr-HR","potentialAction":[{"@type":"ReadAction","target":["https:\/\/sen-shop.com\/hr\/collections\/prehrambeni-dodaci\/mrsavljenje\/mate-250-mg-kapsule\/"]}]},{"@type":"BreadcrumbList","@id":"https:\/\/sen-shop.com\/hr\/collections\/prehrambeni-dodaci\/mrsavljenje\/mate-250-mg-kapsule\/#breadcrumb","itemListElement":[{"@type":"ListItem","position":1,"name":"Home","item":"https:\/\/sen-shop.com\/hr\/"},{"@type":"ListItem","position":2,"name":"Mate 250 mg kapsule"}]},{"@type":"WebSite","@id":"https:\/\/sen-shop.com\/hr\/#website","url":"https:\/\/sen-shop.com\/hr\/","name":"SEN Shop","description":"Slovensko, Ekolo\u0161ko, Naravno","publisher":{"@id":"https:\/\/sen-shop.com\/hr\/#organization"},"potentialAction":[{"@type":"SearchAction","target":{"@type":"EntryPoint","urlTemplate":"https:\/\/sen-shop.com\/hr\/?s={search_term_string}"},"query-input":"required name=search_term_string"}],"inLanguage":"hr-HR"},{"@type":"Organization","@id":"https:\/\/sen-shop.com\/hr\/#organization","name":"Mind trade d.o.o","url":"https:\/\/sen-shop.com\/hr\/","logo":{"@type":"ImageObject","inLanguage":"hr-HR","@id":"https:\/\/sen-shop.com\/hr\/#\/schema\/logo\/image\/","url":"https:\/\/sen-shop.com\/wp-content\/uploads\/2018\/05\/header_logo.png","contentUrl":"https:\/\/sen-shop.com\/wp-content\/uploads\/2018\/05\/header_logo.png","width":138,"height":70,"caption":"Mind trade d.o.o"},"image":{"@id":"https:\/\/sen-shop.com\/hr\/#\/schema\/logo\/image\/"},"sameAs":["https:\/\/www.instagram.com\/senslovenija\/","https:\/\/www.facebook.com\/Senshopslovenija"]}]}},"_links":{"self":[{"href":"https:\/\/sen-shop.com\/hr\/wp-json\/wp\/v2\/product\/27264","targetHints":{"allow":["GET"]}}],"collection":[{"href":"https:\/\/sen-shop.com\/hr\/wp-json\/wp\/v2\/product"}],"about":[{"href":"https:\/\/sen-shop.com\/hr\/wp-json\/wp\/v2\/types\/product"}],"replies":[{"embeddable":true,"href":"https:\/\/sen-shop.com\/hr\/wp-json\/wp\/v2\/comments?post=27264"}],"wp:featuredmedia":[{"embeddable":true,"href":"https:\/\/sen-shop.com\/hr\/wp-json\/wp\/v2\/media\/27265"}],"wp:attachment":[{"href":"https:\/\/sen-shop.com\/hr\/wp-json\/wp\/v2\/media?parent=27264"}],"wp:term":[{"taxonomy":"product_cat","embeddable":true,"href":"https:\/\/sen-shop.com\/hr\/wp-json\/wp\/v2\/product_cat?post=27264"},{"taxonomy":"product_tag","embeddable":true,"href":"https:\/\/sen-shop.com\/hr\/wp-json\/wp\/v2\/product_tag?post=27264"}],"curies":[{"name":"wp","href":"https:\/\/api.w.org\/{rel}","templated":true}]}}