{"id":27261,"date":"2021-04-15T15:41:57","date_gmt":"2021-04-15T13:41:57","guid":{"rendered":"https:\/\/www.sen-shop.com\/?post_type=product&#038;p=27261"},"modified":"2021-12-14T15:58:15","modified_gmt":"2021-12-14T14:58:15","slug":"duo-line-kapsule","status":"publish","type":"product","link":"https:\/\/sen-shop.com\/hr\/collections\/prehrambeni-dodaci\/mrsavljenje\/duo-line-kapsule\/","title":{"rendered":"DUO LINE kapsule"},"content":{"rendered":"<p>Ameri\u010dki znanstvenici prona\u0161li su sastojak u obi\u010dnom grahu koji <strong>smanjuje potro\u0161nju ugljikohidrata u na\u0161em tijelu<\/strong>. Klju\u010d uspjeha je fazaolamin, koji se naziva inhibitor ugljikohidrata. Ova tvar djeluje na ugljikohidrate \u010dak i prije nego \u0161to se oni pretvore u \u0161e\u0107er u krvi. Ekstrakt graha inhibira aktivnost enzima &#8220;alfa amilaza&#8221;, koji je neophodan za metabolizam ugljikohidrata u \u0161e\u0107er u krvi. Kao rezultat toga, tro\u0161i se manje ugljikohidrata, \u0161to <strong>dovodi do gubitka kilograma.<\/strong> Ekstrakt obi\u010dnog graha mo\u017eete uzeti u obliku <strong>prirodnih DUO LINE kapsula.<\/strong><\/p>\n<p><strong>Dvije DUO LINE kapsule<\/strong> prije obroka <strong>smanjit \u0107e va\u0161u glad<\/strong> (kapsule sadr\u017ee i Mate) i <strong>sprije\u010diti apsorpciju ugljikohidrata iz hrane.<\/strong> Iz tog razloga, nema potrebe da izbjegavate konzumiranje ugljikohidrata. Proizvodu je dodana i biljka Mate koja ima osna\u017euju\u0107i i stimulativan u\u010dinak, smanjuju\u0107i umor unato\u010d smanjenom unosu kalorija.<\/p>\n<p>DUO LINE kapsule sadr\u017ee 680 mg prirodnog ekstrakta bijelog graha, koji suzbija apsorpciju ugljikohidrata i 120 mg Mate u prahu, \u0161to smanjuje apetit i glad.<\/p>\n<p>DUO LINE kapsule <strong>sadr\u017ee samo prirodno bilje i nemaju nuspojave<\/strong>. Kapsule se savr\u0161eno nadopunjuju s drugim dodacima prehrani &#8211; npr. u kombinaciji sa inhibitorom masnog tkiva Hitosan + L-karnitin kapsulama. Hitosan + L-karnitin kapsule ve\u017eu na\u0161u masno\u0107u iz hrane u oblik koji na\u0161e tijelo ne mo\u017ee apsorbirati.<\/p>\n<p>Zapo\u010dnite va\u0161u dugo planiranu i uspje\u0161nu dijetu ve\u0107 sada!<\/p>\n<p>Bez konzervansa, boja i laktoze.<\/p>\n<p><strong>Sadr\u017eaj boce: 60 kapsula.<\/strong><\/p>\n<p><strong>Sastav:<\/strong><\/p>\n<p>12: 1 ekstrakt graha, mat prah, \u017eelatina.<\/p>\n<p><strong>\u010cuvati izvan dohvata djece.<\/strong> \u010cuvajte proizvod na suhom mjestu pri temperaturi ispod 25 \u00b0 C. Preporu\u010dena dnevna koli\u010dina ili doza ne smiju se prekora\u010diti. Prehrambeni dodatak nije zamjena za uravnote\u017eenu i raznoliku prehranu i zdrav na\u010din \u017eivota.<\/p>\n<p><strong>Sadr\u017eaj: 60 kapsula (= 29,4 g neto te\u017eine)<\/strong><\/p>\n<p><strong>Preporu\u010dena dnevna koli\u010dina:<\/strong><\/p>\n<p>Uzmite dvije kapsule s najmanje 250 ml vode prije obroka koji sadr\u017ei ugljikohidrate.<\/p>\n<p><strong>Dvije kapsule sadr\u017ee:<\/strong><\/p>\n<table class=\"rahmen\" border=\"1\" cellspacing=\"0\" cellpadding=\"0\">\n<tbody>\n<tr>\n<td valign=\"top\" width=\"169\">ekstrakt graha 12:1<\/td>\n<td valign=\"top\" width=\"84\">680,00 mg<\/td>\n<\/tr>\n<tr>\n<td valign=\"top\" width=\"169\">prah mat\u00e8<\/td>\n<td valign=\"top\" width=\"84\">120,00 mg<\/td>\n<\/tr>\n<\/tbody>\n<\/table>\n","protected":false},"excerpt":{"rendered":"<h3>Dugotrajni u\u010dinak dijete s dvostrukom snagom uz DUO LINE kapsule!<\/h3>\n<p>Poku\u0161avamo iznova i iznova razli\u010ditim dijetama za mr\u0161avljenje ostvariti svoj san o idealnoj figuri. Ve\u0107ina brzih dijeta u dosta slu\u010dajeva dovodi do <strong>obrnutog u\u010dinka<\/strong> &#8211; dobivamo vi\u0161e na te\u017eini nego prije nego \u0161to smo zapo\u010deli dijetu. To zauzvrat dovodi do za\u010daranog kruga protiv kojeg se bori sve vi\u0161e i vi\u0161e ljudi.<\/p>\n<p>Stru\u010dnjaci su otkrili da su pravilna prehrana i ostati du\u017ee vremena sit va\u017eni za u\u010dinkovito mr\u0161avljenje. Vjeruju da se dugoro\u010dni uspjeh mo\u017ee posti\u0107i <strong>ni\u017eom dozom ugljikohidrata<\/strong>. Na\u017ealost, od ugljikohidrata (na primjer: tjestenina, krumpir, kruh itd.) Vrlo se te\u0161ko odre\u0107i.\u00a0 Dvije <strong>DUO LINE<\/strong> kapsule prije obroka smanjit \u0107e va\u0161u glad (kapsule sadr\u017ee i Mate) i sprije\u010diti apsorpciju ugljikohidrata iz hrane.<\/p>\n[banner_prehrana]\n","protected":false},"featured_media":27262,"comment_status":"open","ping_status":"closed","template":"","meta":{"inline_featured_image":false},"product_cat":[402,810],"product_tag":[385,452,501,463,453,399,390,465],"class_list":["post-27261","product","type-product","status-publish","has-post-thumbnail","hentry","product_cat-mrsavljenje","product_cat-nekategorizirano-hr","product_tag-bio-hr","product_tag-dijeta","product_tag-duo-line","product_tag-hafesan","product_tag-mrsavljenje","product_tag-prirodno","product_tag-zdravlje","product_tag-zdravo-tijelo"],"acf":[],"yoast_head":"<!-- This site is optimized with the Yoast SEO plugin v19.13 - https:\/\/yoast.com\/wordpress\/plugins\/seo\/ -->\n<title>DUO LINE kapsule - SEN Shop<\/title>\n<meta name=\"robots\" content=\"index, follow, max-snippet:-1, max-image-preview:large, max-video-preview:-1\" \/>\n<link rel=\"canonical\" href=\"https:\/\/sen-shop.com\/hr\/collections\/prehrambeni-dodaci\/mrsavljenje\/duo-line-kapsule\/\" \/>\n<meta property=\"og:locale\" content=\"hr_HR\" \/>\n<meta property=\"og:type\" content=\"article\" \/>\n<meta property=\"og:title\" content=\"DUO LINE kapsule - SEN Shop\" \/>\n<meta property=\"og:description\" content=\"Dugotrajni u\u010dinak dijete s dvostrukom snagom uz DUO LINE kapsule! Poku\u0161avamo iznova i iznova razli\u010ditim dijetama za mr\u0161avljenje ostvariti svoj san o idealnoj figuri. Ve\u0107ina brzih dijeta u dosta slu\u010dajeva dovodi do obrnutog u\u010dinka - dobivamo vi\u0161e na te\u017eini nego prije nego \u0161to smo zapo\u010deli dijetu. To zauzvrat dovodi do za\u010daranog kruga protiv kojeg se bori sve vi\u0161e i vi\u0161e ljudi.  Stru\u010dnjaci su otkrili da su pravilna prehrana i ostati du\u017ee vremena sit va\u017eni za u\u010dinkovito mr\u0161avljenje. Vjeruju da se dugoro\u010dni uspjeh mo\u017ee posti\u0107i ni\u017eom dozom ugljikohidrata. Na\u017ealost, od ugljikohidrata (na primjer: tjestenina, krumpir, kruh itd.) Vrlo se te\u0161ko odre\u0107i.\u00a0 Dvije DUO LINE kapsule prije obroka smanjit \u0107e va\u0161u glad (kapsule sadr\u017ee i Mate) i sprije\u010diti apsorpciju ugljikohidrata iz hrane.\" \/>\n<meta property=\"og:url\" content=\"https:\/\/sen-shop.com\/hr\/collections\/prehrambeni-dodaci\/mrsavljenje\/duo-line-kapsule\/\" \/>\n<meta property=\"og:site_name\" content=\"SEN Shop\" \/>\n<meta property=\"article:publisher\" content=\"https:\/\/www.facebook.com\/Senshopslovenija\" \/>\n<meta property=\"article:modified_time\" content=\"2021-12-14T14:58:15+00:00\" \/>\n<meta property=\"og:image\" content=\"https:\/\/sen-shop.com\/wp-content\/uploads\/2021\/04\/duo-line.jpg\" \/>\n\t<meta property=\"og:image:width\" content=\"506\" \/>\n\t<meta property=\"og:image:height\" content=\"607\" \/>\n\t<meta property=\"og:image:type\" content=\"image\/jpeg\" \/>\n<meta name=\"twitter:card\" content=\"summary_large_image\" \/>\n<meta name=\"twitter:label1\" content=\"Est. reading time\" \/>\n\t<meta name=\"twitter:data1\" content=\"2 minutes\" \/>\n<script type=\"application\/ld+json\" class=\"yoast-schema-graph\">{\"@context\":\"https:\/\/schema.org\",\"@graph\":[{\"@type\":\"WebPage\",\"@id\":\"https:\/\/sen-shop.com\/hr\/collections\/prehrambeni-dodaci\/mrsavljenje\/duo-line-kapsule\/\",\"url\":\"https:\/\/sen-shop.com\/hr\/collections\/prehrambeni-dodaci\/mrsavljenje\/duo-line-kapsule\/\",\"name\":\"DUO LINE kapsule - SEN Shop\",\"isPartOf\":{\"@id\":\"https:\/\/sen-shop.com\/hr\/#website\"},\"datePublished\":\"2021-04-15T13:41:57+00:00\",\"dateModified\":\"2021-12-14T14:58:15+00:00\",\"breadcrumb\":{\"@id\":\"https:\/\/sen-shop.com\/hr\/collections\/prehrambeni-dodaci\/mrsavljenje\/duo-line-kapsule\/#breadcrumb\"},\"inLanguage\":\"hr-HR\",\"potentialAction\":[{\"@type\":\"ReadAction\",\"target\":[\"https:\/\/sen-shop.com\/hr\/collections\/prehrambeni-dodaci\/mrsavljenje\/duo-line-kapsule\/\"]}]},{\"@type\":\"BreadcrumbList\",\"@id\":\"https:\/\/sen-shop.com\/hr\/collections\/prehrambeni-dodaci\/mrsavljenje\/duo-line-kapsule\/#breadcrumb\",\"itemListElement\":[{\"@type\":\"ListItem\",\"position\":1,\"name\":\"Home\",\"item\":\"https:\/\/sen-shop.com\/hr\/\"},{\"@type\":\"ListItem\",\"position\":2,\"name\":\"DUO LINE kapsule\"}]},{\"@type\":\"WebSite\",\"@id\":\"https:\/\/sen-shop.com\/hr\/#website\",\"url\":\"https:\/\/sen-shop.com\/hr\/\",\"name\":\"SEN Shop\",\"description\":\"Slovensko, Ekolo\u0161ko, Naravno\",\"publisher\":{\"@id\":\"https:\/\/sen-shop.com\/hr\/#organization\"},\"potentialAction\":[{\"@type\":\"SearchAction\",\"target\":{\"@type\":\"EntryPoint\",\"urlTemplate\":\"https:\/\/sen-shop.com\/hr\/?s={search_term_string}\"},\"query-input\":\"required name=search_term_string\"}],\"inLanguage\":\"hr-HR\"},{\"@type\":\"Organization\",\"@id\":\"https:\/\/sen-shop.com\/hr\/#organization\",\"name\":\"Mind trade d.o.o\",\"url\":\"https:\/\/sen-shop.com\/hr\/\",\"logo\":{\"@type\":\"ImageObject\",\"inLanguage\":\"hr-HR\",\"@id\":\"https:\/\/sen-shop.com\/hr\/#\/schema\/logo\/image\/\",\"url\":\"https:\/\/sen-shop.com\/wp-content\/uploads\/2018\/05\/header_logo.png\",\"contentUrl\":\"https:\/\/sen-shop.com\/wp-content\/uploads\/2018\/05\/header_logo.png\",\"width\":138,\"height\":70,\"caption\":\"Mind trade d.o.o\"},\"image\":{\"@id\":\"https:\/\/sen-shop.com\/hr\/#\/schema\/logo\/image\/\"},\"sameAs\":[\"https:\/\/www.instagram.com\/senslovenija\/\",\"https:\/\/www.facebook.com\/Senshopslovenija\"]}]}<\/script>\n<!-- \/ Yoast SEO plugin. -->","yoast_head_json":{"title":"DUO LINE kapsule - SEN Shop","robots":{"index":"index","follow":"follow","max-snippet":"max-snippet:-1","max-image-preview":"max-image-preview:large","max-video-preview":"max-video-preview:-1"},"canonical":"https:\/\/sen-shop.com\/hr\/collections\/prehrambeni-dodaci\/mrsavljenje\/duo-line-kapsule\/","og_locale":"hr_HR","og_type":"article","og_title":"DUO LINE kapsule - SEN Shop","og_description":"Dugotrajni u\u010dinak dijete s dvostrukom snagom uz DUO LINE kapsule! Poku\u0161avamo iznova i iznova razli\u010ditim dijetama za mr\u0161avljenje ostvariti svoj san o idealnoj figuri. Ve\u0107ina brzih dijeta u dosta slu\u010dajeva dovodi do obrnutog u\u010dinka - dobivamo vi\u0161e na te\u017eini nego prije nego \u0161to smo zapo\u010deli dijetu. To zauzvrat dovodi do za\u010daranog kruga protiv kojeg se bori sve vi\u0161e i vi\u0161e ljudi.  Stru\u010dnjaci su otkrili da su pravilna prehrana i ostati du\u017ee vremena sit va\u017eni za u\u010dinkovito mr\u0161avljenje. Vjeruju da se dugoro\u010dni uspjeh mo\u017ee posti\u0107i ni\u017eom dozom ugljikohidrata. Na\u017ealost, od ugljikohidrata (na primjer: tjestenina, krumpir, kruh itd.) Vrlo se te\u0161ko odre\u0107i.\u00a0 Dvije DUO LINE kapsule prije obroka smanjit \u0107e va\u0161u glad (kapsule sadr\u017ee i Mate) i sprije\u010diti apsorpciju ugljikohidrata iz hrane.","og_url":"https:\/\/sen-shop.com\/hr\/collections\/prehrambeni-dodaci\/mrsavljenje\/duo-line-kapsule\/","og_site_name":"SEN Shop","article_publisher":"https:\/\/www.facebook.com\/Senshopslovenija","article_modified_time":"2021-12-14T14:58:15+00:00","og_image":[{"width":506,"height":607,"url":"https:\/\/sen-shop.com\/wp-content\/uploads\/2021\/04\/duo-line.jpg","type":"image\/jpeg"}],"twitter_card":"summary_large_image","twitter_misc":{"Est. reading time":"2 minutes"},"schema":{"@context":"https:\/\/schema.org","@graph":[{"@type":"WebPage","@id":"https:\/\/sen-shop.com\/hr\/collections\/prehrambeni-dodaci\/mrsavljenje\/duo-line-kapsule\/","url":"https:\/\/sen-shop.com\/hr\/collections\/prehrambeni-dodaci\/mrsavljenje\/duo-line-kapsule\/","name":"DUO LINE kapsule - SEN Shop","isPartOf":{"@id":"https:\/\/sen-shop.com\/hr\/#website"},"datePublished":"2021-04-15T13:41:57+00:00","dateModified":"2021-12-14T14:58:15+00:00","breadcrumb":{"@id":"https:\/\/sen-shop.com\/hr\/collections\/prehrambeni-dodaci\/mrsavljenje\/duo-line-kapsule\/#breadcrumb"},"inLanguage":"hr-HR","potentialAction":[{"@type":"ReadAction","target":["https:\/\/sen-shop.com\/hr\/collections\/prehrambeni-dodaci\/mrsavljenje\/duo-line-kapsule\/"]}]},{"@type":"BreadcrumbList","@id":"https:\/\/sen-shop.com\/hr\/collections\/prehrambeni-dodaci\/mrsavljenje\/duo-line-kapsule\/#breadcrumb","itemListElement":[{"@type":"ListItem","position":1,"name":"Home","item":"https:\/\/sen-shop.com\/hr\/"},{"@type":"ListItem","position":2,"name":"DUO LINE kapsule"}]},{"@type":"WebSite","@id":"https:\/\/sen-shop.com\/hr\/#website","url":"https:\/\/sen-shop.com\/hr\/","name":"SEN Shop","description":"Slovensko, Ekolo\u0161ko, Naravno","publisher":{"@id":"https:\/\/sen-shop.com\/hr\/#organization"},"potentialAction":[{"@type":"SearchAction","target":{"@type":"EntryPoint","urlTemplate":"https:\/\/sen-shop.com\/hr\/?s={search_term_string}"},"query-input":"required name=search_term_string"}],"inLanguage":"hr-HR"},{"@type":"Organization","@id":"https:\/\/sen-shop.com\/hr\/#organization","name":"Mind trade d.o.o","url":"https:\/\/sen-shop.com\/hr\/","logo":{"@type":"ImageObject","inLanguage":"hr-HR","@id":"https:\/\/sen-shop.com\/hr\/#\/schema\/logo\/image\/","url":"https:\/\/sen-shop.com\/wp-content\/uploads\/2018\/05\/header_logo.png","contentUrl":"https:\/\/sen-shop.com\/wp-content\/uploads\/2018\/05\/header_logo.png","width":138,"height":70,"caption":"Mind trade d.o.o"},"image":{"@id":"https:\/\/sen-shop.com\/hr\/#\/schema\/logo\/image\/"},"sameAs":["https:\/\/www.instagram.com\/senslovenija\/","https:\/\/www.facebook.com\/Senshopslovenija"]}]}},"_links":{"self":[{"href":"https:\/\/sen-shop.com\/hr\/wp-json\/wp\/v2\/product\/27261","targetHints":{"allow":["GET"]}}],"collection":[{"href":"https:\/\/sen-shop.com\/hr\/wp-json\/wp\/v2\/product"}],"about":[{"href":"https:\/\/sen-shop.com\/hr\/wp-json\/wp\/v2\/types\/product"}],"replies":[{"embeddable":true,"href":"https:\/\/sen-shop.com\/hr\/wp-json\/wp\/v2\/comments?post=27261"}],"wp:featuredmedia":[{"embeddable":true,"href":"https:\/\/sen-shop.com\/hr\/wp-json\/wp\/v2\/media\/27262"}],"wp:attachment":[{"href":"https:\/\/sen-shop.com\/hr\/wp-json\/wp\/v2\/media?parent=27261"}],"wp:term":[{"taxonomy":"product_cat","embeddable":true,"href":"https:\/\/sen-shop.com\/hr\/wp-json\/wp\/v2\/product_cat?post=27261"},{"taxonomy":"product_tag","embeddable":true,"href":"https:\/\/sen-shop.com\/hr\/wp-json\/wp\/v2\/product_tag?post=27261"}],"curies":[{"name":"wp","href":"https:\/\/api.w.org\/{rel}","templated":true}]}}