{"id":27257,"date":"2021-04-15T15:38:12","date_gmt":"2021-04-15T13:38:12","guid":{"rendered":"https:\/\/www.sen-shop.com\/?post_type=product&#038;p=27257"},"modified":"2021-12-14T15:58:27","modified_gmt":"2021-12-14T14:58:27","slug":"brusnica-kapsule","status":"publish","type":"product","link":"https:\/\/sen-shop.com\/hr\/collections\/prehrambeni-dodaci\/brusnica-kapsule\/","title":{"rendered":"Brusnica kapsule"},"content":{"rendered":"<p>Brusnice osim vitamina i minerala sadr\u017ee i jedinstvene prirodne sastojke koje se jo\u0161 nazivaju i proantocijanidine (PCA).<\/p>\n<p>Brusnica kapsule sadr\u017ee samo prirodni koncentrat brusnice koji djeluje poput prirodnih sastojaka u svje\u017eim brusnicama.<\/p>\n<p>Uzmite tri\u00a0 kapsule dnevno i osjetite snagu ovog jedinstvenog vo\u0107a!<\/p>\n<p>Bez konzervansa, boja i laktoze. Pogodno i za dijabeti\u010dare.<\/p>\n<p>Sadr\u017eaj u boci: 60 kapsula.<\/p>\n<p><strong>Sastav:<\/strong><\/p>\n<p>Koncentrat ameri\u010dke brusnice 25: 1 (Vaccinium macrocarpon), \u017eelatina.<\/p>\n<p>\u010cuvati izvan dohvata djece. \u010cuvajte proizvod na suhom mjestu pri temperaturi ispod 25 \u00b0 C. Preporu\u010dena dnevna koli\u010dina ili doza ne smiju se prekora\u010diti. Prehrambeni dodatak nije zamjena za uravnote\u017eenu i raznoliku prehranu i zdrav na\u010din \u017eivota.<\/p>\n<p><strong>Sadr\u017eaj:<\/strong> 60 kapsula (= 25,8 g neto te\u017eine)<\/p>\n<p><strong>Preporu\u010dena dnevna koli\u010dina:<\/strong><\/p>\n<p>3x dnevno uzmite jednu kapsulu s dovoljno teku\u0107ine<\/p>\n<p>Tri kapsule sadr\u017ee:<\/p>\n<table class=\"rahmen\" border=\"1\" width=\"457\" cellspacing=\"0\" cellpadding=\"0\">\n<tbody>\n<tr>\n<td valign=\"top\" width=\"337\">koncentrat ameri\u010dke brusnice 25:1<\/td>\n<td valign=\"top\" width=\"84\">1020,00 mg<\/td>\n<\/tr>\n<\/tbody>\n<\/table>\n","protected":false},"excerpt":{"rendered":"<h4>Za mjehur i mokra\u0107ovod!<\/h4>\n<p>Problemi s mjehurom i mokra\u0107nim putevima izuzetno su neugodni i \u010desto dugotrajni. Probleme izazivaju <strong>specifi\u010dne bakterije<\/strong> koje se prenose tijelom tijekom plivanja u ne\u010distoj vodi kao tako\u0111er i tijekom spolnog odnosa. Sasvim je mogu\u0107e da problemi budu uzrokovani i preniskom temperaturom u \u017eelucu. Naj\u010de\u0161\u0107i znakovi ovih problema su <strong>u\u010destalo mokrenje i nelagoda tijekom mokrenja.<\/strong><br \/>\nOsigurajte za\u0161titu prirodnim putem uz pomo\u0107 <strong>100% prirodnih brusnica kapsula.<\/strong><\/p>\n[banner_prehrana]\n","protected":false},"featured_media":27258,"comment_status":"open","ping_status":"closed","template":"","meta":{"inline_featured_image":false},"product_cat":[810,403],"product_tag":[385,499,463,496,500,399],"class_list":["post-27257","product","type-product","status-publish","has-post-thumbnail","hentry","product_cat-nekategorizirano-hr","product_cat-prehrambeni-dodaci","product_tag-bio-hr","product_tag-brusnica","product_tag-hafesan","product_tag-mjehur","product_tag-mokracovod","product_tag-prirodno"],"acf":[],"yoast_head":"<!-- This site is optimized with the Yoast SEO plugin v19.13 - https:\/\/yoast.com\/wordpress\/plugins\/seo\/ -->\n<title>Brusnica kapsule - SEN Shop<\/title>\n<meta name=\"robots\" content=\"index, follow, max-snippet:-1, max-image-preview:large, max-video-preview:-1\" \/>\n<link rel=\"canonical\" href=\"https:\/\/sen-shop.com\/hr\/collections\/prehrambeni-dodaci\/brusnica-kapsule\/\" \/>\n<meta property=\"og:locale\" content=\"hr_HR\" \/>\n<meta property=\"og:type\" content=\"article\" \/>\n<meta property=\"og:title\" content=\"Brusnica kapsule - SEN Shop\" \/>\n<meta property=\"og:description\" content=\"Za mjehur i mokra\u0107ovod! Problemi s mjehurom i mokra\u0107nim putevima izuzetno su neugodni i \u010desto dugotrajni. Probleme izazivaju specifi\u010dne bakterije koje se prenose tijelom tijekom plivanja u ne\u010distoj vodi kao tako\u0111er i tijekom spolnog odnosa. Sasvim je mogu\u0107e da problemi budu uzrokovani i preniskom temperaturom u \u017eelucu. Naj\u010de\u0161\u0107i znakovi ovih problema su u\u010destalo mokrenje i nelagoda tijekom mokrenja. Osigurajte za\u0161titu prirodnim putem uz pomo\u0107 100% prirodnih brusnica kapsula.\" \/>\n<meta property=\"og:url\" content=\"https:\/\/sen-shop.com\/hr\/collections\/prehrambeni-dodaci\/brusnica-kapsule\/\" \/>\n<meta property=\"og:site_name\" content=\"SEN Shop\" \/>\n<meta property=\"article:publisher\" content=\"https:\/\/www.facebook.com\/Senshopslovenija\" \/>\n<meta property=\"article:modified_time\" content=\"2021-12-14T14:58:27+00:00\" \/>\n<meta property=\"og:image\" content=\"https:\/\/sen-shop.com\/wp-content\/uploads\/2021\/04\/brusnica.jpg\" \/>\n\t<meta property=\"og:image:width\" content=\"506\" \/>\n\t<meta property=\"og:image:height\" content=\"607\" \/>\n\t<meta property=\"og:image:type\" content=\"image\/jpeg\" \/>\n<meta name=\"twitter:card\" content=\"summary_large_image\" \/>\n<meta name=\"twitter:label1\" content=\"Est. reading time\" \/>\n\t<meta name=\"twitter:data1\" content=\"1 minute\" \/>\n<script type=\"application\/ld+json\" class=\"yoast-schema-graph\">{\"@context\":\"https:\/\/schema.org\",\"@graph\":[{\"@type\":\"WebPage\",\"@id\":\"https:\/\/sen-shop.com\/hr\/collections\/prehrambeni-dodaci\/brusnica-kapsule\/\",\"url\":\"https:\/\/sen-shop.com\/hr\/collections\/prehrambeni-dodaci\/brusnica-kapsule\/\",\"name\":\"Brusnica kapsule - SEN Shop\",\"isPartOf\":{\"@id\":\"https:\/\/sen-shop.com\/hr\/#website\"},\"datePublished\":\"2021-04-15T13:38:12+00:00\",\"dateModified\":\"2021-12-14T14:58:27+00:00\",\"breadcrumb\":{\"@id\":\"https:\/\/sen-shop.com\/hr\/collections\/prehrambeni-dodaci\/brusnica-kapsule\/#breadcrumb\"},\"inLanguage\":\"hr-HR\",\"potentialAction\":[{\"@type\":\"ReadAction\",\"target\":[\"https:\/\/sen-shop.com\/hr\/collections\/prehrambeni-dodaci\/brusnica-kapsule\/\"]}]},{\"@type\":\"BreadcrumbList\",\"@id\":\"https:\/\/sen-shop.com\/hr\/collections\/prehrambeni-dodaci\/brusnica-kapsule\/#breadcrumb\",\"itemListElement\":[{\"@type\":\"ListItem\",\"position\":1,\"name\":\"Home\",\"item\":\"https:\/\/sen-shop.com\/hr\/\"},{\"@type\":\"ListItem\",\"position\":2,\"name\":\"Brusnica kapsule\"}]},{\"@type\":\"WebSite\",\"@id\":\"https:\/\/sen-shop.com\/hr\/#website\",\"url\":\"https:\/\/sen-shop.com\/hr\/\",\"name\":\"SEN Shop\",\"description\":\"Slovensko, Ekolo\u0161ko, Naravno\",\"publisher\":{\"@id\":\"https:\/\/sen-shop.com\/hr\/#organization\"},\"potentialAction\":[{\"@type\":\"SearchAction\",\"target\":{\"@type\":\"EntryPoint\",\"urlTemplate\":\"https:\/\/sen-shop.com\/hr\/?s={search_term_string}\"},\"query-input\":\"required name=search_term_string\"}],\"inLanguage\":\"hr-HR\"},{\"@type\":\"Organization\",\"@id\":\"https:\/\/sen-shop.com\/hr\/#organization\",\"name\":\"Mind trade d.o.o\",\"url\":\"https:\/\/sen-shop.com\/hr\/\",\"logo\":{\"@type\":\"ImageObject\",\"inLanguage\":\"hr-HR\",\"@id\":\"https:\/\/sen-shop.com\/hr\/#\/schema\/logo\/image\/\",\"url\":\"https:\/\/sen-shop.com\/wp-content\/uploads\/2018\/05\/header_logo.png\",\"contentUrl\":\"https:\/\/sen-shop.com\/wp-content\/uploads\/2018\/05\/header_logo.png\",\"width\":138,\"height\":70,\"caption\":\"Mind trade d.o.o\"},\"image\":{\"@id\":\"https:\/\/sen-shop.com\/hr\/#\/schema\/logo\/image\/\"},\"sameAs\":[\"https:\/\/www.instagram.com\/senslovenija\/\",\"https:\/\/www.facebook.com\/Senshopslovenija\"]}]}<\/script>\n<!-- \/ Yoast SEO plugin. -->","yoast_head_json":{"title":"Brusnica kapsule - SEN Shop","robots":{"index":"index","follow":"follow","max-snippet":"max-snippet:-1","max-image-preview":"max-image-preview:large","max-video-preview":"max-video-preview:-1"},"canonical":"https:\/\/sen-shop.com\/hr\/collections\/prehrambeni-dodaci\/brusnica-kapsule\/","og_locale":"hr_HR","og_type":"article","og_title":"Brusnica kapsule - SEN Shop","og_description":"Za mjehur i mokra\u0107ovod! Problemi s mjehurom i mokra\u0107nim putevima izuzetno su neugodni i \u010desto dugotrajni. Probleme izazivaju specifi\u010dne bakterije koje se prenose tijelom tijekom plivanja u ne\u010distoj vodi kao tako\u0111er i tijekom spolnog odnosa. Sasvim je mogu\u0107e da problemi budu uzrokovani i preniskom temperaturom u \u017eelucu. Naj\u010de\u0161\u0107i znakovi ovih problema su u\u010destalo mokrenje i nelagoda tijekom mokrenja. Osigurajte za\u0161titu prirodnim putem uz pomo\u0107 100% prirodnih brusnica kapsula.","og_url":"https:\/\/sen-shop.com\/hr\/collections\/prehrambeni-dodaci\/brusnica-kapsule\/","og_site_name":"SEN Shop","article_publisher":"https:\/\/www.facebook.com\/Senshopslovenija","article_modified_time":"2021-12-14T14:58:27+00:00","og_image":[{"width":506,"height":607,"url":"https:\/\/sen-shop.com\/wp-content\/uploads\/2021\/04\/brusnica.jpg","type":"image\/jpeg"}],"twitter_card":"summary_large_image","twitter_misc":{"Est. reading time":"1 minute"},"schema":{"@context":"https:\/\/schema.org","@graph":[{"@type":"WebPage","@id":"https:\/\/sen-shop.com\/hr\/collections\/prehrambeni-dodaci\/brusnica-kapsule\/","url":"https:\/\/sen-shop.com\/hr\/collections\/prehrambeni-dodaci\/brusnica-kapsule\/","name":"Brusnica kapsule - SEN Shop","isPartOf":{"@id":"https:\/\/sen-shop.com\/hr\/#website"},"datePublished":"2021-04-15T13:38:12+00:00","dateModified":"2021-12-14T14:58:27+00:00","breadcrumb":{"@id":"https:\/\/sen-shop.com\/hr\/collections\/prehrambeni-dodaci\/brusnica-kapsule\/#breadcrumb"},"inLanguage":"hr-HR","potentialAction":[{"@type":"ReadAction","target":["https:\/\/sen-shop.com\/hr\/collections\/prehrambeni-dodaci\/brusnica-kapsule\/"]}]},{"@type":"BreadcrumbList","@id":"https:\/\/sen-shop.com\/hr\/collections\/prehrambeni-dodaci\/brusnica-kapsule\/#breadcrumb","itemListElement":[{"@type":"ListItem","position":1,"name":"Home","item":"https:\/\/sen-shop.com\/hr\/"},{"@type":"ListItem","position":2,"name":"Brusnica kapsule"}]},{"@type":"WebSite","@id":"https:\/\/sen-shop.com\/hr\/#website","url":"https:\/\/sen-shop.com\/hr\/","name":"SEN Shop","description":"Slovensko, Ekolo\u0161ko, Naravno","publisher":{"@id":"https:\/\/sen-shop.com\/hr\/#organization"},"potentialAction":[{"@type":"SearchAction","target":{"@type":"EntryPoint","urlTemplate":"https:\/\/sen-shop.com\/hr\/?s={search_term_string}"},"query-input":"required name=search_term_string"}],"inLanguage":"hr-HR"},{"@type":"Organization","@id":"https:\/\/sen-shop.com\/hr\/#organization","name":"Mind trade d.o.o","url":"https:\/\/sen-shop.com\/hr\/","logo":{"@type":"ImageObject","inLanguage":"hr-HR","@id":"https:\/\/sen-shop.com\/hr\/#\/schema\/logo\/image\/","url":"https:\/\/sen-shop.com\/wp-content\/uploads\/2018\/05\/header_logo.png","contentUrl":"https:\/\/sen-shop.com\/wp-content\/uploads\/2018\/05\/header_logo.png","width":138,"height":70,"caption":"Mind trade d.o.o"},"image":{"@id":"https:\/\/sen-shop.com\/hr\/#\/schema\/logo\/image\/"},"sameAs":["https:\/\/www.instagram.com\/senslovenija\/","https:\/\/www.facebook.com\/Senshopslovenija"]}]}},"_links":{"self":[{"href":"https:\/\/sen-shop.com\/hr\/wp-json\/wp\/v2\/product\/27257","targetHints":{"allow":["GET"]}}],"collection":[{"href":"https:\/\/sen-shop.com\/hr\/wp-json\/wp\/v2\/product"}],"about":[{"href":"https:\/\/sen-shop.com\/hr\/wp-json\/wp\/v2\/types\/product"}],"replies":[{"embeddable":true,"href":"https:\/\/sen-shop.com\/hr\/wp-json\/wp\/v2\/comments?post=27257"}],"wp:featuredmedia":[{"embeddable":true,"href":"https:\/\/sen-shop.com\/hr\/wp-json\/wp\/v2\/media\/27258"}],"wp:attachment":[{"href":"https:\/\/sen-shop.com\/hr\/wp-json\/wp\/v2\/media?parent=27257"}],"wp:term":[{"taxonomy":"product_cat","embeddable":true,"href":"https:\/\/sen-shop.com\/hr\/wp-json\/wp\/v2\/product_cat?post=27257"},{"taxonomy":"product_tag","embeddable":true,"href":"https:\/\/sen-shop.com\/hr\/wp-json\/wp\/v2\/product_tag?post=27257"}],"curies":[{"name":"wp","href":"https:\/\/api.w.org\/{rel}","templated":true}]}}