{"id":27254,"date":"2021-04-15T15:35:11","date_gmt":"2021-04-15T13:35:11","guid":{"rendered":"https:\/\/www.sen-shop.com\/?post_type=product&#038;p=27254"},"modified":"2023-03-28T14:29:29","modified_gmt":"2023-03-28T12:29:29","slug":"sjeme-bundeve-vitamin-e-kapsule","status":"publish","type":"product","link":"https:\/\/sen-shop.com\/hr\/collections\/prehrambeni-dodaci\/sjeme-bundeve-vitamin-e-kapsule\/","title":{"rendered":"Sjeme bundeve + vitamin E kapsule"},"content":{"rendered":"<p>Slobodni radikali nastaju razli\u010ditim metaboli\u010dkim procesima u tijelu kao tako\u0111er i zaga\u0111ivanjem (npr. zra\u010denjem i raznim zaga\u0111iva\u010dima). <strong>Vitamin E<\/strong> prirodni je antioksidans koji \u0161titi stanice od opasnih slobodnih radikala i oksidativnog stresa. <strong>Sjemenke bundeve + Vitamin E kapsule sadr\u017ee prirodni vitamin E.<\/strong><\/p>\n<p>Bez konzervansa, boja i laktoze. Pogodno i za dijabeti\u010dare.<\/p>\n<p>Sadr\u017eaj u boci: <strong>75 kapsula.\u00a0<\/strong><\/p>\n<p><strong>Sastav:<\/strong><\/p>\n<p>prah sjemenki bundeve, \u017eelatina, D-alfa-tokoferol acetat.<\/p>\n<p><strong>\u010cuvati izvan dohvata djece.<\/strong> \u010cuvajte proizvod na suhom mjestu pri temperaturi ispod 25 \u00b0 C. Preporu\u010dena dnevna koli\u010dina ili doza ne smiju se prekora\u010diti. Prehrambeni dodatak nije zamjena za uravnote\u017eenu i raznoliku prehranu i zdrav na\u010din \u017eivota.<\/p>\n<p><strong>Sadr\u017eaj:<\/strong> 75 kapsula (= 36,1 g neto te\u017eine)<\/p>\n<p><strong>Preporu\u010dena dnevna koli\u010dina:<\/strong><\/p>\n<p>Uzimajte jednu kapsulu tri puta dnevno s dovoljno teku\u0107ine. Nemojte \u017evakati kapsule!<\/p>\n<p><strong>Tri kapsule sadr\u017ee:<\/strong><\/p>\n<table class=\"rahmen\" border=\"1\" cellspacing=\"0\" cellpadding=\"0\">\n<tbody>\n<tr>\n<td valign=\"top\" width=\"133\">sjeme bundeve<\/td>\n<td valign=\"top\" width=\"96\"><\/td>\n<td valign=\"top\" width=\"84\">\n<p align=\"right\">1140,00 mg<\/p>\n<\/td>\n<\/tr>\n<tr>\n<td valign=\"top\" width=\"133\">vitamin E<\/td>\n<td valign=\"top\" width=\"96\">**PDU\/RDA 150%<\/td>\n<td valign=\"top\" width=\"84\">\n<p align=\"right\">18,00 mg<\/p>\n<\/td>\n<\/tr>\n<\/tbody>\n<\/table>\n<p>**PDV\/RDA = Priporu\u010deni dnevni unos<\/p>\n","protected":false},"excerpt":{"rendered":"<h3>Sjeme bundeve za mjehur i prostatu<\/h3>\n<p>Sastojci sjemenki bundeve <strong>ja\u010daju mjehur i \u0161tite prostatu<\/strong>. Za proizvodnju sjemenki bundeve + vitamina E kapsula koristimo samo prirodni prah sjemenki bundeve, bez kemijskih dodataka. Na ovaj na\u010din zadr\u017eavamo sva na\u0161a vrijedna i prirodna svojstva. Naru\u010dite Sjemenke bundeve + Vitamin E kapsule &#8211; za svakodnevnu za\u0161titu mjehura i prostate!<\/p>\n[banner_prehrana]\n","protected":false},"featured_media":27255,"comment_status":"open","ping_status":"closed","template":"","meta":{"inline_featured_image":false},"product_cat":[810,403],"product_tag":[385,463,496,399,456,497,498],"class_list":["post-27254","product","type-product","status-publish","has-post-thumbnail","hentry","product_cat-nekategorizirano-hr","product_cat-prehrambeni-dodaci","product_tag-bio-hr","product_tag-hafesan","product_tag-mjehur","product_tag-prirodno","product_tag-prostata","product_tag-sjeme-bundeve","product_tag-vitamin-e"],"acf":[],"yoast_head":"<!-- This site is optimized with the Yoast SEO plugin v19.13 - https:\/\/yoast.com\/wordpress\/plugins\/seo\/ -->\n<title>Sjeme bundeve + vitamin E kapsule - SEN Shop<\/title>\n<meta name=\"robots\" content=\"index, follow, max-snippet:-1, max-image-preview:large, max-video-preview:-1\" \/>\n<link rel=\"canonical\" href=\"https:\/\/sen-shop.com\/hr\/collections\/prehrambeni-dodaci\/sjeme-bundeve-vitamin-e-kapsule\/\" \/>\n<meta property=\"og:locale\" content=\"hr_HR\" \/>\n<meta property=\"og:type\" content=\"article\" \/>\n<meta property=\"og:title\" content=\"Sjeme bundeve + vitamin E kapsule - SEN Shop\" \/>\n<meta property=\"og:description\" content=\"Sjeme bundeve za mjehur i prostatu Sastojci sjemenki bundeve ja\u010daju mjehur i \u0161tite prostatu. Za proizvodnju sjemenki bundeve + vitamina E kapsula koristimo samo prirodni prah sjemenki bundeve, bez kemijskih dodataka. Na ovaj na\u010din zadr\u017eavamo sva na\u0161a vrijedna i prirodna svojstva. Naru\u010dite Sjemenke bundeve + Vitamin E kapsule - za svakodnevnu za\u0161titu mjehura i prostate!\" \/>\n<meta property=\"og:url\" content=\"https:\/\/sen-shop.com\/hr\/collections\/prehrambeni-dodaci\/sjeme-bundeve-vitamin-e-kapsule\/\" \/>\n<meta property=\"og:site_name\" content=\"SEN Shop\" \/>\n<meta property=\"article:publisher\" content=\"https:\/\/www.facebook.com\/Senshopslovenija\" \/>\n<meta property=\"article:modified_time\" content=\"2023-03-28T12:29:29+00:00\" \/>\n<meta property=\"og:image\" content=\"https:\/\/sen-shop.com\/wp-content\/uploads\/2021\/04\/bucno-seme.jpg\" \/>\n\t<meta property=\"og:image:width\" content=\"506\" \/>\n\t<meta property=\"og:image:height\" content=\"607\" \/>\n\t<meta property=\"og:image:type\" content=\"image\/jpeg\" \/>\n<meta name=\"twitter:card\" content=\"summary_large_image\" \/>\n<meta name=\"twitter:label1\" content=\"Est. reading time\" \/>\n\t<meta name=\"twitter:data1\" content=\"1 minute\" \/>\n<script type=\"application\/ld+json\" class=\"yoast-schema-graph\">{\"@context\":\"https:\/\/schema.org\",\"@graph\":[{\"@type\":\"WebPage\",\"@id\":\"https:\/\/sen-shop.com\/hr\/collections\/prehrambeni-dodaci\/sjeme-bundeve-vitamin-e-kapsule\/\",\"url\":\"https:\/\/sen-shop.com\/hr\/collections\/prehrambeni-dodaci\/sjeme-bundeve-vitamin-e-kapsule\/\",\"name\":\"Sjeme bundeve + vitamin E kapsule - SEN Shop\",\"isPartOf\":{\"@id\":\"https:\/\/sen-shop.com\/hr\/#website\"},\"datePublished\":\"2021-04-15T13:35:11+00:00\",\"dateModified\":\"2023-03-28T12:29:29+00:00\",\"breadcrumb\":{\"@id\":\"https:\/\/sen-shop.com\/hr\/collections\/prehrambeni-dodaci\/sjeme-bundeve-vitamin-e-kapsule\/#breadcrumb\"},\"inLanguage\":\"hr-HR\",\"potentialAction\":[{\"@type\":\"ReadAction\",\"target\":[\"https:\/\/sen-shop.com\/hr\/collections\/prehrambeni-dodaci\/sjeme-bundeve-vitamin-e-kapsule\/\"]}]},{\"@type\":\"BreadcrumbList\",\"@id\":\"https:\/\/sen-shop.com\/hr\/collections\/prehrambeni-dodaci\/sjeme-bundeve-vitamin-e-kapsule\/#breadcrumb\",\"itemListElement\":[{\"@type\":\"ListItem\",\"position\":1,\"name\":\"Home\",\"item\":\"https:\/\/sen-shop.com\/hr\/\"},{\"@type\":\"ListItem\",\"position\":2,\"name\":\"Sjeme bundeve + vitamin E kapsule\"}]},{\"@type\":\"WebSite\",\"@id\":\"https:\/\/sen-shop.com\/hr\/#website\",\"url\":\"https:\/\/sen-shop.com\/hr\/\",\"name\":\"SEN Shop\",\"description\":\"Slovensko, Ekolo\u0161ko, Naravno\",\"publisher\":{\"@id\":\"https:\/\/sen-shop.com\/hr\/#organization\"},\"potentialAction\":[{\"@type\":\"SearchAction\",\"target\":{\"@type\":\"EntryPoint\",\"urlTemplate\":\"https:\/\/sen-shop.com\/hr\/?s={search_term_string}\"},\"query-input\":\"required name=search_term_string\"}],\"inLanguage\":\"hr-HR\"},{\"@type\":\"Organization\",\"@id\":\"https:\/\/sen-shop.com\/hr\/#organization\",\"name\":\"Mind trade d.o.o\",\"url\":\"https:\/\/sen-shop.com\/hr\/\",\"logo\":{\"@type\":\"ImageObject\",\"inLanguage\":\"hr-HR\",\"@id\":\"https:\/\/sen-shop.com\/hr\/#\/schema\/logo\/image\/\",\"url\":\"https:\/\/sen-shop.com\/wp-content\/uploads\/2018\/05\/header_logo.png\",\"contentUrl\":\"https:\/\/sen-shop.com\/wp-content\/uploads\/2018\/05\/header_logo.png\",\"width\":138,\"height\":70,\"caption\":\"Mind trade d.o.o\"},\"image\":{\"@id\":\"https:\/\/sen-shop.com\/hr\/#\/schema\/logo\/image\/\"},\"sameAs\":[\"https:\/\/www.instagram.com\/senslovenija\/\",\"https:\/\/www.facebook.com\/Senshopslovenija\"]}]}<\/script>\n<!-- \/ Yoast SEO plugin. -->","yoast_head_json":{"title":"Sjeme bundeve + vitamin E kapsule - SEN Shop","robots":{"index":"index","follow":"follow","max-snippet":"max-snippet:-1","max-image-preview":"max-image-preview:large","max-video-preview":"max-video-preview:-1"},"canonical":"https:\/\/sen-shop.com\/hr\/collections\/prehrambeni-dodaci\/sjeme-bundeve-vitamin-e-kapsule\/","og_locale":"hr_HR","og_type":"article","og_title":"Sjeme bundeve + vitamin E kapsule - SEN Shop","og_description":"Sjeme bundeve za mjehur i prostatu Sastojci sjemenki bundeve ja\u010daju mjehur i \u0161tite prostatu. Za proizvodnju sjemenki bundeve + vitamina E kapsula koristimo samo prirodni prah sjemenki bundeve, bez kemijskih dodataka. Na ovaj na\u010din zadr\u017eavamo sva na\u0161a vrijedna i prirodna svojstva. Naru\u010dite Sjemenke bundeve + Vitamin E kapsule - za svakodnevnu za\u0161titu mjehura i prostate!","og_url":"https:\/\/sen-shop.com\/hr\/collections\/prehrambeni-dodaci\/sjeme-bundeve-vitamin-e-kapsule\/","og_site_name":"SEN Shop","article_publisher":"https:\/\/www.facebook.com\/Senshopslovenija","article_modified_time":"2023-03-28T12:29:29+00:00","og_image":[{"width":506,"height":607,"url":"https:\/\/sen-shop.com\/wp-content\/uploads\/2021\/04\/bucno-seme.jpg","type":"image\/jpeg"}],"twitter_card":"summary_large_image","twitter_misc":{"Est. reading time":"1 minute"},"schema":{"@context":"https:\/\/schema.org","@graph":[{"@type":"WebPage","@id":"https:\/\/sen-shop.com\/hr\/collections\/prehrambeni-dodaci\/sjeme-bundeve-vitamin-e-kapsule\/","url":"https:\/\/sen-shop.com\/hr\/collections\/prehrambeni-dodaci\/sjeme-bundeve-vitamin-e-kapsule\/","name":"Sjeme bundeve + vitamin E kapsule - SEN Shop","isPartOf":{"@id":"https:\/\/sen-shop.com\/hr\/#website"},"datePublished":"2021-04-15T13:35:11+00:00","dateModified":"2023-03-28T12:29:29+00:00","breadcrumb":{"@id":"https:\/\/sen-shop.com\/hr\/collections\/prehrambeni-dodaci\/sjeme-bundeve-vitamin-e-kapsule\/#breadcrumb"},"inLanguage":"hr-HR","potentialAction":[{"@type":"ReadAction","target":["https:\/\/sen-shop.com\/hr\/collections\/prehrambeni-dodaci\/sjeme-bundeve-vitamin-e-kapsule\/"]}]},{"@type":"BreadcrumbList","@id":"https:\/\/sen-shop.com\/hr\/collections\/prehrambeni-dodaci\/sjeme-bundeve-vitamin-e-kapsule\/#breadcrumb","itemListElement":[{"@type":"ListItem","position":1,"name":"Home","item":"https:\/\/sen-shop.com\/hr\/"},{"@type":"ListItem","position":2,"name":"Sjeme bundeve + vitamin E kapsule"}]},{"@type":"WebSite","@id":"https:\/\/sen-shop.com\/hr\/#website","url":"https:\/\/sen-shop.com\/hr\/","name":"SEN Shop","description":"Slovensko, Ekolo\u0161ko, Naravno","publisher":{"@id":"https:\/\/sen-shop.com\/hr\/#organization"},"potentialAction":[{"@type":"SearchAction","target":{"@type":"EntryPoint","urlTemplate":"https:\/\/sen-shop.com\/hr\/?s={search_term_string}"},"query-input":"required name=search_term_string"}],"inLanguage":"hr-HR"},{"@type":"Organization","@id":"https:\/\/sen-shop.com\/hr\/#organization","name":"Mind trade d.o.o","url":"https:\/\/sen-shop.com\/hr\/","logo":{"@type":"ImageObject","inLanguage":"hr-HR","@id":"https:\/\/sen-shop.com\/hr\/#\/schema\/logo\/image\/","url":"https:\/\/sen-shop.com\/wp-content\/uploads\/2018\/05\/header_logo.png","contentUrl":"https:\/\/sen-shop.com\/wp-content\/uploads\/2018\/05\/header_logo.png","width":138,"height":70,"caption":"Mind trade d.o.o"},"image":{"@id":"https:\/\/sen-shop.com\/hr\/#\/schema\/logo\/image\/"},"sameAs":["https:\/\/www.instagram.com\/senslovenija\/","https:\/\/www.facebook.com\/Senshopslovenija"]}]}},"_links":{"self":[{"href":"https:\/\/sen-shop.com\/hr\/wp-json\/wp\/v2\/product\/27254","targetHints":{"allow":["GET"]}}],"collection":[{"href":"https:\/\/sen-shop.com\/hr\/wp-json\/wp\/v2\/product"}],"about":[{"href":"https:\/\/sen-shop.com\/hr\/wp-json\/wp\/v2\/types\/product"}],"replies":[{"embeddable":true,"href":"https:\/\/sen-shop.com\/hr\/wp-json\/wp\/v2\/comments?post=27254"}],"wp:featuredmedia":[{"embeddable":true,"href":"https:\/\/sen-shop.com\/hr\/wp-json\/wp\/v2\/media\/27255"}],"wp:attachment":[{"href":"https:\/\/sen-shop.com\/hr\/wp-json\/wp\/v2\/media?parent=27254"}],"wp:term":[{"taxonomy":"product_cat","embeddable":true,"href":"https:\/\/sen-shop.com\/hr\/wp-json\/wp\/v2\/product_cat?post=27254"},{"taxonomy":"product_tag","embeddable":true,"href":"https:\/\/sen-shop.com\/hr\/wp-json\/wp\/v2\/product_tag?post=27254"}],"curies":[{"name":"wp","href":"https:\/\/api.w.org\/{rel}","templated":true}]}}