{"id":27251,"date":"2021-04-15T15:31:51","date_gmt":"2021-04-15T13:31:51","guid":{"rendered":"https:\/\/www.sen-shop.com\/?post_type=product&#038;p=27251"},"modified":"2021-12-14T15:58:53","modified_gmt":"2021-12-14T14:58:53","slug":"kopriva-250-mg-kapsule","status":"publish","type":"product","link":"https:\/\/sen-shop.com\/hr\/collections\/prehrambeni-dodaci\/detoksikacija\/kopriva-250-mg-kapsule\/","title":{"rendered":"Kopriva 250 mg kapsule"},"content":{"rendered":"<h3>\u010ci\u0161\u0107enje tijela na potpuno prirodan na\u010din!<\/h3>\n<p>Kopriva je oduvijek bila veoma cijenjena biljka i ona se prema znanstvenicima smatra <strong>\u201ekraljicom biljaka\u201c<\/strong>. Kopriva ima \u0161irok spektar funkcija (npr. \u010di\u0161\u0107enje, stimulacija metabolizma, regulacija vode u tijelu) poznata je ve\u0107 dugo vremena u narodnoj tradiciji, a da je jedna od bitnijih biljaka potvr\u0111eno je i slu\u017ebenim medicinskim istra\u017eivanjima.<\/p>\n<p><strong>Kapsule od koprive:<\/strong><\/p>\n<ul>\n<li>pro\u010di\u0161\u0107avanje i regulacija vode<\/li>\n<li>\u010diste tijelo iznutra,<\/li>\n<li>poti\u010du rad bubrega,<\/li>\n<li>olak\u0161avaju odvod vode iz bubrega,<\/li>\n<li>\u010diste mokra\u0107ni sustav.<\/li>\n<\/ul>\n<p>&nbsp;<\/p>\n<p>Hafesan kapsule od koprive pogodne su za dugotrajnu konzumaciju. Sadr\u017ee samo <strong>aktivne i prirodne sastojke koprive.<\/strong><\/p>\n<p><strong>Temeljito o\u010distite svoje tijelo i rije\u0161ite se toksina<\/strong> uz pomo\u0107 100% prirodnih Hafesan kopriva kapsula.<\/p>\n<p>Bez konzervansa, boja i laktoze. Pogodno i za dijabeti\u010dare.<\/p>\n<p>Kopriva 250 mg kapsule |<strong> Sadr\u017eaj boce: 75 kapsula.\u00a0<\/strong><\/p>\n<p><strong>Sastav:<\/strong><\/p>\n<p>prah listova koprive (Urtica dioica), prah sjemena koprive (Urtica dioica), \u017eelatina, sredstvo protiv zgru\u0161avanja: magnezijeve soli masnih kiselina.<\/p>\n<p><strong>\u010cuvati izvan dohvata djece.<\/strong> \u010cuvajte proizvod na suhom mjestu pri temperaturi ispod 25 \u00b0 C. Preporu\u010dena dnevna koli\u010dina ili doza ne smiju se prekora\u010diti. Prehrambeni dodatak nije zamjena za uravnote\u017eenu i raznoliku prehranu i zdrav na\u010din \u017eivota.<\/p>\n<p><strong>Sadr\u017eaj<\/strong>: <strong>75 kapsula (= 25,5 g neto te\u017eine)<\/strong><\/p>\n<p><strong>Preporu\u010dena dnevna koli\u010dina:<\/strong><\/p>\n<p>Uzmite jednu kapsulu ujutro s dovoljno teku\u0107ine.<\/p>\n<p><strong>Kapsula sadr\u017ei:\u00a0<\/strong><\/p>\n<table class=\"rahmen\" border=\"1\" cellspacing=\"0\" cellpadding=\"0\">\n<tbody>\n<tr>\n<td valign=\"top\" width=\"169\">prah listova koprive<\/td>\n<td valign=\"top\" width=\"84\">\n<p align=\"right\">150,00 mg<\/p>\n<\/td>\n<\/tr>\n<tr>\n<td valign=\"top\" width=\"169\">prah sjemena koprive<\/td>\n<td valign=\"top\" width=\"84\">\n<p align=\"right\">100,00 mg<\/p>\n<\/td>\n<\/tr>\n<\/tbody>\n<\/table>\n","protected":false},"excerpt":{"rendered":"<h3>\u010ci\u0161\u0107enje tijela na potpuno prirodan na\u010din!<\/h3>\n<p>Kopriva je oduvijek bila veoma cijenjena biljka i ona se prema znanstvenicima smatra <strong>\u201ekraljicom biljaka\u201c<\/strong>. Kopriva ima \u0161irok spektar funkcija (npr. \u010di\u0161\u0107enje, stimulacija metabolizma, regulacija vode u tijelu) poznata je ve\u0107 dugo vremena u narodnoj tradiciji, a da je jedna od bitnijih biljaka potvr\u0111eno je i slu\u017ebenim medicinskim istra\u017eivanjima.<\/p>\n<p><strong>Kapsule od koprive:<\/strong><\/p>\n<ul>\n<li>pro\u010di\u0161\u0107avanje i regulacija vode<\/li>\n<li>\u010diste tijelo iznutra,<\/li>\n<li>poti\u010du rad bubrega,<\/li>\n<li>olak\u0161avaju odvod vode iz bubrega,<\/li>\n<li>\u010diste mokra\u0107ni sustav.<\/li>\n<\/ul>\n[banner_prehrana]\n","protected":false},"featured_media":27252,"comment_status":"open","ping_status":"closed","template":"","meta":{"inline_featured_image":false},"product_cat":[401,810],"product_tag":[385,492,493,463,494,495,399],"class_list":["post-27251","product","type-product","status-publish","has-post-thumbnail","hentry","product_cat-detoksikacija","product_cat-nekategorizirano-hr","product_tag-bio-hr","product_tag-bio-proizvod","product_tag-bubrezi","product_tag-hafesan","product_tag-kopriva","product_tag-mokrenje","product_tag-prirodno"],"acf":[],"yoast_head":"<!-- This site is optimized with the Yoast SEO plugin v19.13 - https:\/\/yoast.com\/wordpress\/plugins\/seo\/ -->\n<title>Kopriva 250 mg kapsule - SEN Shop<\/title>\n<meta name=\"robots\" content=\"index, follow, max-snippet:-1, max-image-preview:large, max-video-preview:-1\" \/>\n<link rel=\"canonical\" href=\"https:\/\/sen-shop.com\/hr\/collections\/prehrambeni-dodaci\/detoksikacija\/kopriva-250-mg-kapsule\/\" \/>\n<meta property=\"og:locale\" content=\"hr_HR\" \/>\n<meta property=\"og:type\" content=\"article\" \/>\n<meta property=\"og:title\" content=\"Kopriva 250 mg kapsule - SEN Shop\" \/>\n<meta property=\"og:description\" content=\"\u010ci\u0161\u0107enje tijela na potpuno prirodan na\u010din! Kopriva je oduvijek bila veoma cijenjena biljka i ona se prema znanstvenicima smatra \u201ekraljicom biljaka\u201c. Kopriva ima \u0161irok spektar funkcija (npr. \u010di\u0161\u0107enje, stimulacija metabolizma, regulacija vode u tijelu) poznata je ve\u0107 dugo vremena u narodnoj tradiciji, a da je jedna od bitnijih biljaka potvr\u0111eno je i slu\u017ebenim medicinskim istra\u017eivanjima.  Kapsule od koprive:   pro\u010di\u0161\u0107avanje i regulacija vode  \u010diste tijelo iznutra,  poti\u010du rad bubrega,  olak\u0161avaju odvod vode iz bubrega,  \u010diste mokra\u0107ni sustav.\" \/>\n<meta property=\"og:url\" content=\"https:\/\/sen-shop.com\/hr\/collections\/prehrambeni-dodaci\/detoksikacija\/kopriva-250-mg-kapsule\/\" \/>\n<meta property=\"og:site_name\" content=\"SEN Shop\" \/>\n<meta property=\"article:publisher\" content=\"https:\/\/www.facebook.com\/Senshopslovenija\" \/>\n<meta property=\"article:modified_time\" content=\"2021-12-14T14:58:53+00:00\" \/>\n<meta property=\"og:image\" content=\"https:\/\/sen-shop.com\/wp-content\/uploads\/2021\/04\/kopriva.jpg\" \/>\n\t<meta property=\"og:image:width\" content=\"506\" \/>\n\t<meta property=\"og:image:height\" content=\"607\" \/>\n\t<meta property=\"og:image:type\" content=\"image\/jpeg\" \/>\n<meta name=\"twitter:card\" content=\"summary_large_image\" \/>\n<meta name=\"twitter:label1\" content=\"Est. reading time\" \/>\n\t<meta name=\"twitter:data1\" content=\"1 minute\" \/>\n<script type=\"application\/ld+json\" class=\"yoast-schema-graph\">{\"@context\":\"https:\/\/schema.org\",\"@graph\":[{\"@type\":\"WebPage\",\"@id\":\"https:\/\/sen-shop.com\/hr\/collections\/prehrambeni-dodaci\/detoksikacija\/kopriva-250-mg-kapsule\/\",\"url\":\"https:\/\/sen-shop.com\/hr\/collections\/prehrambeni-dodaci\/detoksikacija\/kopriva-250-mg-kapsule\/\",\"name\":\"Kopriva 250 mg kapsule - SEN Shop\",\"isPartOf\":{\"@id\":\"https:\/\/sen-shop.com\/hr\/#website\"},\"datePublished\":\"2021-04-15T13:31:51+00:00\",\"dateModified\":\"2021-12-14T14:58:53+00:00\",\"breadcrumb\":{\"@id\":\"https:\/\/sen-shop.com\/hr\/collections\/prehrambeni-dodaci\/detoksikacija\/kopriva-250-mg-kapsule\/#breadcrumb\"},\"inLanguage\":\"hr-HR\",\"potentialAction\":[{\"@type\":\"ReadAction\",\"target\":[\"https:\/\/sen-shop.com\/hr\/collections\/prehrambeni-dodaci\/detoksikacija\/kopriva-250-mg-kapsule\/\"]}]},{\"@type\":\"BreadcrumbList\",\"@id\":\"https:\/\/sen-shop.com\/hr\/collections\/prehrambeni-dodaci\/detoksikacija\/kopriva-250-mg-kapsule\/#breadcrumb\",\"itemListElement\":[{\"@type\":\"ListItem\",\"position\":1,\"name\":\"Home\",\"item\":\"https:\/\/sen-shop.com\/hr\/\"},{\"@type\":\"ListItem\",\"position\":2,\"name\":\"Kopriva 250 mg kapsule\"}]},{\"@type\":\"WebSite\",\"@id\":\"https:\/\/sen-shop.com\/hr\/#website\",\"url\":\"https:\/\/sen-shop.com\/hr\/\",\"name\":\"SEN Shop\",\"description\":\"Slovensko, Ekolo\u0161ko, Naravno\",\"publisher\":{\"@id\":\"https:\/\/sen-shop.com\/hr\/#organization\"},\"potentialAction\":[{\"@type\":\"SearchAction\",\"target\":{\"@type\":\"EntryPoint\",\"urlTemplate\":\"https:\/\/sen-shop.com\/hr\/?s={search_term_string}\"},\"query-input\":\"required name=search_term_string\"}],\"inLanguage\":\"hr-HR\"},{\"@type\":\"Organization\",\"@id\":\"https:\/\/sen-shop.com\/hr\/#organization\",\"name\":\"Mind trade d.o.o\",\"url\":\"https:\/\/sen-shop.com\/hr\/\",\"logo\":{\"@type\":\"ImageObject\",\"inLanguage\":\"hr-HR\",\"@id\":\"https:\/\/sen-shop.com\/hr\/#\/schema\/logo\/image\/\",\"url\":\"https:\/\/sen-shop.com\/wp-content\/uploads\/2018\/05\/header_logo.png\",\"contentUrl\":\"https:\/\/sen-shop.com\/wp-content\/uploads\/2018\/05\/header_logo.png\",\"width\":138,\"height\":70,\"caption\":\"Mind trade d.o.o\"},\"image\":{\"@id\":\"https:\/\/sen-shop.com\/hr\/#\/schema\/logo\/image\/\"},\"sameAs\":[\"https:\/\/www.instagram.com\/senslovenija\/\",\"https:\/\/www.facebook.com\/Senshopslovenija\"]}]}<\/script>\n<!-- \/ Yoast SEO plugin. -->","yoast_head_json":{"title":"Kopriva 250 mg kapsule - SEN Shop","robots":{"index":"index","follow":"follow","max-snippet":"max-snippet:-1","max-image-preview":"max-image-preview:large","max-video-preview":"max-video-preview:-1"},"canonical":"https:\/\/sen-shop.com\/hr\/collections\/prehrambeni-dodaci\/detoksikacija\/kopriva-250-mg-kapsule\/","og_locale":"hr_HR","og_type":"article","og_title":"Kopriva 250 mg kapsule - SEN Shop","og_description":"\u010ci\u0161\u0107enje tijela na potpuno prirodan na\u010din! Kopriva je oduvijek bila veoma cijenjena biljka i ona se prema znanstvenicima smatra \u201ekraljicom biljaka\u201c. Kopriva ima \u0161irok spektar funkcija (npr. \u010di\u0161\u0107enje, stimulacija metabolizma, regulacija vode u tijelu) poznata je ve\u0107 dugo vremena u narodnoj tradiciji, a da je jedna od bitnijih biljaka potvr\u0111eno je i slu\u017ebenim medicinskim istra\u017eivanjima.  Kapsule od koprive:   pro\u010di\u0161\u0107avanje i regulacija vode  \u010diste tijelo iznutra,  poti\u010du rad bubrega,  olak\u0161avaju odvod vode iz bubrega,  \u010diste mokra\u0107ni sustav.","og_url":"https:\/\/sen-shop.com\/hr\/collections\/prehrambeni-dodaci\/detoksikacija\/kopriva-250-mg-kapsule\/","og_site_name":"SEN Shop","article_publisher":"https:\/\/www.facebook.com\/Senshopslovenija","article_modified_time":"2021-12-14T14:58:53+00:00","og_image":[{"width":506,"height":607,"url":"https:\/\/sen-shop.com\/wp-content\/uploads\/2021\/04\/kopriva.jpg","type":"image\/jpeg"}],"twitter_card":"summary_large_image","twitter_misc":{"Est. reading time":"1 minute"},"schema":{"@context":"https:\/\/schema.org","@graph":[{"@type":"WebPage","@id":"https:\/\/sen-shop.com\/hr\/collections\/prehrambeni-dodaci\/detoksikacija\/kopriva-250-mg-kapsule\/","url":"https:\/\/sen-shop.com\/hr\/collections\/prehrambeni-dodaci\/detoksikacija\/kopriva-250-mg-kapsule\/","name":"Kopriva 250 mg kapsule - SEN Shop","isPartOf":{"@id":"https:\/\/sen-shop.com\/hr\/#website"},"datePublished":"2021-04-15T13:31:51+00:00","dateModified":"2021-12-14T14:58:53+00:00","breadcrumb":{"@id":"https:\/\/sen-shop.com\/hr\/collections\/prehrambeni-dodaci\/detoksikacija\/kopriva-250-mg-kapsule\/#breadcrumb"},"inLanguage":"hr-HR","potentialAction":[{"@type":"ReadAction","target":["https:\/\/sen-shop.com\/hr\/collections\/prehrambeni-dodaci\/detoksikacija\/kopriva-250-mg-kapsule\/"]}]},{"@type":"BreadcrumbList","@id":"https:\/\/sen-shop.com\/hr\/collections\/prehrambeni-dodaci\/detoksikacija\/kopriva-250-mg-kapsule\/#breadcrumb","itemListElement":[{"@type":"ListItem","position":1,"name":"Home","item":"https:\/\/sen-shop.com\/hr\/"},{"@type":"ListItem","position":2,"name":"Kopriva 250 mg kapsule"}]},{"@type":"WebSite","@id":"https:\/\/sen-shop.com\/hr\/#website","url":"https:\/\/sen-shop.com\/hr\/","name":"SEN Shop","description":"Slovensko, Ekolo\u0161ko, Naravno","publisher":{"@id":"https:\/\/sen-shop.com\/hr\/#organization"},"potentialAction":[{"@type":"SearchAction","target":{"@type":"EntryPoint","urlTemplate":"https:\/\/sen-shop.com\/hr\/?s={search_term_string}"},"query-input":"required name=search_term_string"}],"inLanguage":"hr-HR"},{"@type":"Organization","@id":"https:\/\/sen-shop.com\/hr\/#organization","name":"Mind trade d.o.o","url":"https:\/\/sen-shop.com\/hr\/","logo":{"@type":"ImageObject","inLanguage":"hr-HR","@id":"https:\/\/sen-shop.com\/hr\/#\/schema\/logo\/image\/","url":"https:\/\/sen-shop.com\/wp-content\/uploads\/2018\/05\/header_logo.png","contentUrl":"https:\/\/sen-shop.com\/wp-content\/uploads\/2018\/05\/header_logo.png","width":138,"height":70,"caption":"Mind trade d.o.o"},"image":{"@id":"https:\/\/sen-shop.com\/hr\/#\/schema\/logo\/image\/"},"sameAs":["https:\/\/www.instagram.com\/senslovenija\/","https:\/\/www.facebook.com\/Senshopslovenija"]}]}},"_links":{"self":[{"href":"https:\/\/sen-shop.com\/hr\/wp-json\/wp\/v2\/product\/27251","targetHints":{"allow":["GET"]}}],"collection":[{"href":"https:\/\/sen-shop.com\/hr\/wp-json\/wp\/v2\/product"}],"about":[{"href":"https:\/\/sen-shop.com\/hr\/wp-json\/wp\/v2\/types\/product"}],"replies":[{"embeddable":true,"href":"https:\/\/sen-shop.com\/hr\/wp-json\/wp\/v2\/comments?post=27251"}],"wp:featuredmedia":[{"embeddable":true,"href":"https:\/\/sen-shop.com\/hr\/wp-json\/wp\/v2\/media\/27252"}],"wp:attachment":[{"href":"https:\/\/sen-shop.com\/hr\/wp-json\/wp\/v2\/media?parent=27251"}],"wp:term":[{"taxonomy":"product_cat","embeddable":true,"href":"https:\/\/sen-shop.com\/hr\/wp-json\/wp\/v2\/product_cat?post=27251"},{"taxonomy":"product_tag","embeddable":true,"href":"https:\/\/sen-shop.com\/hr\/wp-json\/wp\/v2\/product_tag?post=27251"}],"curies":[{"name":"wp","href":"https:\/\/api.w.org\/{rel}","templated":true}]}}