{"id":27244,"date":"2021-04-15T15:25:17","date_gmt":"2021-04-15T13:25:17","guid":{"rendered":"https:\/\/www.sen-shop.com\/?post_type=product&#038;p=27244"},"modified":"2023-03-28T14:27:47","modified_gmt":"2023-03-28T12:27:47","slug":"moverin-kapsule","status":"publish","type":"product","link":"https:\/\/sen-shop.com\/hr\/collections\/prehrambeni-dodaci\/moverin-kapsule\/","title":{"rendered":"Moverin kapsule"},"content":{"rendered":"<h3>Za hrskavicu i kosti!<\/h3>\n<p>Pobrinite se za svoju fleksibilnost!<\/p>\n<p>Zglobovi, hrskavice i kosti izlo\u017eeni su prirodnom habanju s vremenom, i zato su im svakodnevno potrebne hranjive tvari. Zglobovi posebno optere\u0107uju ljude s vi\u0161kom kilograma, starije osobe i sporta\u0161e.<br \/>\nHafesan Moverine kapsule sadr\u017ee posebnu<strong> \u017eelatinu (kolagen), kalcij, magnezij i vitamin C.<\/strong><\/p>\n<p>\u017delatina (kolagen) va\u017ean je sastojak proteina i \u0161iroko je prisutna u tijelu. Za proizvodnju Hafesan Moverine kapsula koristimo \u017eelatin hidrolizat (kolagen), koji ima vrlo dobru bioraspolo\u017eivost (apsorpciju) u tijelu.<\/p>\n<p><strong>Kalcij i magnezij<\/strong> va\u017eni su minerali potrebni za odr\u017eavanje <strong>zdravih i \u010dvrstih kostiju.<\/strong><\/p>\n<p>* Vitamin C ima ulogu u proizvodnji kolagena za normalno funkcioniranje hrskavice i kostiju.<\/p>\n<p>Pobolj\u0161ajte fleksibilnost zglobova uz kvalitetne hafesan Moverin kapsule.<\/p>\n<p>Bez konzervansa, boja i laktoze. Pogodno i za dijabeti\u010dare.<\/p>\n<p>Hafesan Moverine kapsule | <strong>Sadr\u017eaj boce: 75 kapsula.<\/strong><\/p>\n<p><strong>Sastav:<\/strong><\/p>\n<p>\u017eelatin hidrolat, kalcijev citrat, \u017eelatina, magnezijev oksid, askorbinska kiselina.<\/p>\n<p><strong>\u010cuvati izvan dohvata djece.<\/strong> \u010cuvajte proizvod na suhom mjestu pri temperaturi ispod 25 \u00b0 C. Preporu\u010dena dnevna koli\u010dina ili doza ne smiju se prekora\u010diti. Prehrambeni dodatak nije zamjena za uravnote\u017eenu i raznoliku prehranu i zdrav na\u010din \u017eivota.<\/p>\n<p><strong>Sadr\u017eaj: 75 kapsula (= 36,0 g neto te\u017eine)<\/strong><\/p>\n<p><strong>Preporu\u010dena dnevna koli\u010dina:<\/strong><\/p>\n<p>2x dnevno uzmite dvije kapsules dovoljno teku\u0107ine.<\/p>\n<p>&nbsp;<\/p>\n<p><strong>\u010cetiri kapsule sadr\u017ee:<\/strong><\/p>\n<table class=\"rahmen\" border=\"1\" cellspacing=\"0\" cellpadding=\"0\">\n<tbody>\n<tr>\n<td valign=\"top\" width=\"120\">\u017eelatin hidrolat<\/td>\n<td valign=\"top\" width=\"120\"><\/td>\n<td valign=\"top\" width=\"78\">\n<p align=\"right\">920,00 mg<\/p>\n<\/td>\n<\/tr>\n<tr>\n<td valign=\"top\" width=\"120\">kalcijum<\/td>\n<td valign=\"top\" width=\"120\">**PDU\/RDA 15%<\/td>\n<td valign=\"top\" width=\"78\">\n<p align=\"right\">120,00 mg<\/p>\n<\/td>\n<\/tr>\n<tr>\n<td valign=\"top\" width=\"120\">magnezij<\/td>\n<td valign=\"top\" width=\"120\">**PDU\/RDA 16%<\/td>\n<td valign=\"top\" width=\"78\">\n<p align=\"right\">\u00a060,00 mg<\/p>\n<\/td>\n<\/tr>\n<tr>\n<td valign=\"top\" width=\"120\">vitamin C<\/td>\n<td valign=\"top\" width=\"120\">**PDU\/RDA 40%<\/td>\n<td valign=\"top\" width=\"78\">\n<p align=\"right\">32,00 mg<\/p>\n<\/td>\n<\/tr>\n<\/tbody>\n<\/table>\n<p>**PDU\/RDA = Priporu\u010deni dnevni unos<\/p>\n","protected":false},"excerpt":{"rendered":"<h3>Za hrskavicu i kosti!<\/h3>\n<p>Pobrinite se za svoju fleksibilnost!<\/p>\n<p>Zglobovi, hrskavice i kosti izlo\u017eeni su prirodnom habanju s vremenom, i zato su im svakodnevno potrebne hranjive tvari. Zglobovi posebno optere\u0107uju ljude s vi\u0161kom kilograma, starije osobe i sporta\u0161e.<br \/>\nHafesan Moverine kapsule sadr\u017ee posebnu<strong> \u017eelatinu (kolagen), kalcij, magnezij i vitamin C.<\/strong><\/p>\n<p>\u017delatina (kolagen) va\u017ean je sastojak proteina i \u0161iroko je prisutna u tijelu. Za proizvodnju Hafesan Moverine kapsula koristimo \u017eelatin hidrolizat (kolagen), koji ima vrlo dobru bioraspolo\u017eivost (apsorpciju) u tijelu.<\/p>\n<p><strong>Kalcij i magnezij<\/strong> va\u017eni su minerali potrebni za odr\u017eavanje <strong>zdravih i \u010dvrstih kostiju.<\/strong><\/p>\n<p>* Vitamin C ima ulogu u proizvodnji kolagena za normalno funkcioniranje hrskavice i kostiju.<\/p>\n<p>Pobolj\u0161ajte fleksibilnost zglobova uz kvalitetne hafesan Moverin kapsule.<\/p>\n<p>Bez konzervansa, boja i laktoze. Pogodno i za dijabeti\u010dare.<\/p>\n<p>Hafesan Moverine kapsule | <strong>Sadr\u017eaj boce: 75 kapsula.<\/strong><\/p>\n[banner_prehrana]\n","protected":false},"featured_media":27246,"comment_status":"open","ping_status":"closed","template":"","meta":{"inline_featured_image":false},"product_cat":[403],"product_tag":[485,463,486,393,487,488],"class_list":["post-27244","product","type-product","status-publish","has-post-thumbnail","hentry","product_cat-prehrambeni-dodaci","product_tag-fleksibilnost","product_tag-hafesan","product_tag-hrskavica","product_tag-kosti","product_tag-moverine","product_tag-zglobovi"],"acf":[],"yoast_head":"<!-- This site is optimized with the Yoast SEO plugin v19.13 - https:\/\/yoast.com\/wordpress\/plugins\/seo\/ -->\n<title>Moverin kapsule - SEN Shop<\/title>\n<meta name=\"robots\" content=\"index, follow, max-snippet:-1, max-image-preview:large, max-video-preview:-1\" \/>\n<link rel=\"canonical\" href=\"https:\/\/sen-shop.com\/hr\/collections\/prehrambeni-dodaci\/moverin-kapsule\/\" \/>\n<meta property=\"og:locale\" content=\"hr_HR\" \/>\n<meta property=\"og:type\" content=\"article\" \/>\n<meta property=\"og:title\" content=\"Moverin kapsule - SEN Shop\" \/>\n<meta property=\"og:description\" content=\"Za hrskavicu i kosti! Pobrinite se za svoju fleksibilnost!  Zglobovi, hrskavice i kosti izlo\u017eeni su prirodnom habanju s vremenom, i zato su im svakodnevno potrebne hranjive tvari. Zglobovi posebno optere\u0107uju ljude s vi\u0161kom kilograma, starije osobe i sporta\u0161e. Hafesan Moverine kapsule sadr\u017ee posebnu \u017eelatinu (kolagen), kalcij, magnezij i vitamin C.  \u017delatina (kolagen) va\u017ean je sastojak proteina i \u0161iroko je prisutna u tijelu. Za proizvodnju Hafesan Moverine kapsula koristimo \u017eelatin hidrolizat (kolagen), koji ima vrlo dobru bioraspolo\u017eivost (apsorpciju) u tijelu.  Kalcij i magnezij va\u017eni su minerali potrebni za odr\u017eavanje zdravih i \u010dvrstih kostiju.  * Vitamin C ima ulogu u proizvodnji kolagena za normalno funkcioniranje hrskavice i kostiju.  Pobolj\u0161ajte fleksibilnost zglobova uz kvalitetne hafesan Moverin kapsule.  Bez konzervansa, boja i laktoze. Pogodno i za dijabeti\u010dare.  Hafesan Moverine kapsule | Sadr\u017eaj boce: 75 kapsula.\" \/>\n<meta property=\"og:url\" content=\"https:\/\/sen-shop.com\/hr\/collections\/prehrambeni-dodaci\/moverin-kapsule\/\" \/>\n<meta property=\"og:site_name\" content=\"SEN Shop\" \/>\n<meta property=\"article:publisher\" content=\"https:\/\/www.facebook.com\/Senshopslovenija\" \/>\n<meta property=\"article:modified_time\" content=\"2023-03-28T12:27:47+00:00\" \/>\n<meta property=\"og:image\" content=\"https:\/\/sen-shop.com\/wp-content\/uploads\/2021\/04\/moverin.jpg\" \/>\n\t<meta property=\"og:image:width\" content=\"506\" \/>\n\t<meta property=\"og:image:height\" content=\"607\" \/>\n\t<meta property=\"og:image:type\" content=\"image\/jpeg\" \/>\n<meta name=\"twitter:card\" content=\"summary_large_image\" \/>\n<meta name=\"twitter:label1\" content=\"Est. reading time\" \/>\n\t<meta name=\"twitter:data1\" content=\"2 minutes\" \/>\n<script type=\"application\/ld+json\" class=\"yoast-schema-graph\">{\"@context\":\"https:\/\/schema.org\",\"@graph\":[{\"@type\":\"WebPage\",\"@id\":\"https:\/\/sen-shop.com\/hr\/collections\/prehrambeni-dodaci\/moverin-kapsule\/\",\"url\":\"https:\/\/sen-shop.com\/hr\/collections\/prehrambeni-dodaci\/moverin-kapsule\/\",\"name\":\"Moverin kapsule - SEN Shop\",\"isPartOf\":{\"@id\":\"https:\/\/sen-shop.com\/hr\/#website\"},\"datePublished\":\"2021-04-15T13:25:17+00:00\",\"dateModified\":\"2023-03-28T12:27:47+00:00\",\"breadcrumb\":{\"@id\":\"https:\/\/sen-shop.com\/hr\/collections\/prehrambeni-dodaci\/moverin-kapsule\/#breadcrumb\"},\"inLanguage\":\"hr-HR\",\"potentialAction\":[{\"@type\":\"ReadAction\",\"target\":[\"https:\/\/sen-shop.com\/hr\/collections\/prehrambeni-dodaci\/moverin-kapsule\/\"]}]},{\"@type\":\"BreadcrumbList\",\"@id\":\"https:\/\/sen-shop.com\/hr\/collections\/prehrambeni-dodaci\/moverin-kapsule\/#breadcrumb\",\"itemListElement\":[{\"@type\":\"ListItem\",\"position\":1,\"name\":\"Home\",\"item\":\"https:\/\/sen-shop.com\/hr\/\"},{\"@type\":\"ListItem\",\"position\":2,\"name\":\"Moverin kapsule\"}]},{\"@type\":\"WebSite\",\"@id\":\"https:\/\/sen-shop.com\/hr\/#website\",\"url\":\"https:\/\/sen-shop.com\/hr\/\",\"name\":\"SEN Shop\",\"description\":\"Slovensko, Ekolo\u0161ko, Naravno\",\"publisher\":{\"@id\":\"https:\/\/sen-shop.com\/hr\/#organization\"},\"potentialAction\":[{\"@type\":\"SearchAction\",\"target\":{\"@type\":\"EntryPoint\",\"urlTemplate\":\"https:\/\/sen-shop.com\/hr\/?s={search_term_string}\"},\"query-input\":\"required name=search_term_string\"}],\"inLanguage\":\"hr-HR\"},{\"@type\":\"Organization\",\"@id\":\"https:\/\/sen-shop.com\/hr\/#organization\",\"name\":\"Mind trade d.o.o\",\"url\":\"https:\/\/sen-shop.com\/hr\/\",\"logo\":{\"@type\":\"ImageObject\",\"inLanguage\":\"hr-HR\",\"@id\":\"https:\/\/sen-shop.com\/hr\/#\/schema\/logo\/image\/\",\"url\":\"https:\/\/sen-shop.com\/wp-content\/uploads\/2018\/05\/header_logo.png\",\"contentUrl\":\"https:\/\/sen-shop.com\/wp-content\/uploads\/2018\/05\/header_logo.png\",\"width\":138,\"height\":70,\"caption\":\"Mind trade d.o.o\"},\"image\":{\"@id\":\"https:\/\/sen-shop.com\/hr\/#\/schema\/logo\/image\/\"},\"sameAs\":[\"https:\/\/www.instagram.com\/senslovenija\/\",\"https:\/\/www.facebook.com\/Senshopslovenija\"]}]}<\/script>\n<!-- \/ Yoast SEO plugin. -->","yoast_head_json":{"title":"Moverin kapsule - SEN Shop","robots":{"index":"index","follow":"follow","max-snippet":"max-snippet:-1","max-image-preview":"max-image-preview:large","max-video-preview":"max-video-preview:-1"},"canonical":"https:\/\/sen-shop.com\/hr\/collections\/prehrambeni-dodaci\/moverin-kapsule\/","og_locale":"hr_HR","og_type":"article","og_title":"Moverin kapsule - SEN Shop","og_description":"Za hrskavicu i kosti! Pobrinite se za svoju fleksibilnost!  Zglobovi, hrskavice i kosti izlo\u017eeni su prirodnom habanju s vremenom, i zato su im svakodnevno potrebne hranjive tvari. Zglobovi posebno optere\u0107uju ljude s vi\u0161kom kilograma, starije osobe i sporta\u0161e. Hafesan Moverine kapsule sadr\u017ee posebnu \u017eelatinu (kolagen), kalcij, magnezij i vitamin C.  \u017delatina (kolagen) va\u017ean je sastojak proteina i \u0161iroko je prisutna u tijelu. Za proizvodnju Hafesan Moverine kapsula koristimo \u017eelatin hidrolizat (kolagen), koji ima vrlo dobru bioraspolo\u017eivost (apsorpciju) u tijelu.  Kalcij i magnezij va\u017eni su minerali potrebni za odr\u017eavanje zdravih i \u010dvrstih kostiju.  * Vitamin C ima ulogu u proizvodnji kolagena za normalno funkcioniranje hrskavice i kostiju.  Pobolj\u0161ajte fleksibilnost zglobova uz kvalitetne hafesan Moverin kapsule.  Bez konzervansa, boja i laktoze. Pogodno i za dijabeti\u010dare.  Hafesan Moverine kapsule | Sadr\u017eaj boce: 75 kapsula.","og_url":"https:\/\/sen-shop.com\/hr\/collections\/prehrambeni-dodaci\/moverin-kapsule\/","og_site_name":"SEN Shop","article_publisher":"https:\/\/www.facebook.com\/Senshopslovenija","article_modified_time":"2023-03-28T12:27:47+00:00","og_image":[{"width":506,"height":607,"url":"https:\/\/sen-shop.com\/wp-content\/uploads\/2021\/04\/moverin.jpg","type":"image\/jpeg"}],"twitter_card":"summary_large_image","twitter_misc":{"Est. reading time":"2 minutes"},"schema":{"@context":"https:\/\/schema.org","@graph":[{"@type":"WebPage","@id":"https:\/\/sen-shop.com\/hr\/collections\/prehrambeni-dodaci\/moverin-kapsule\/","url":"https:\/\/sen-shop.com\/hr\/collections\/prehrambeni-dodaci\/moverin-kapsule\/","name":"Moverin kapsule - SEN Shop","isPartOf":{"@id":"https:\/\/sen-shop.com\/hr\/#website"},"datePublished":"2021-04-15T13:25:17+00:00","dateModified":"2023-03-28T12:27:47+00:00","breadcrumb":{"@id":"https:\/\/sen-shop.com\/hr\/collections\/prehrambeni-dodaci\/moverin-kapsule\/#breadcrumb"},"inLanguage":"hr-HR","potentialAction":[{"@type":"ReadAction","target":["https:\/\/sen-shop.com\/hr\/collections\/prehrambeni-dodaci\/moverin-kapsule\/"]}]},{"@type":"BreadcrumbList","@id":"https:\/\/sen-shop.com\/hr\/collections\/prehrambeni-dodaci\/moverin-kapsule\/#breadcrumb","itemListElement":[{"@type":"ListItem","position":1,"name":"Home","item":"https:\/\/sen-shop.com\/hr\/"},{"@type":"ListItem","position":2,"name":"Moverin kapsule"}]},{"@type":"WebSite","@id":"https:\/\/sen-shop.com\/hr\/#website","url":"https:\/\/sen-shop.com\/hr\/","name":"SEN Shop","description":"Slovensko, Ekolo\u0161ko, Naravno","publisher":{"@id":"https:\/\/sen-shop.com\/hr\/#organization"},"potentialAction":[{"@type":"SearchAction","target":{"@type":"EntryPoint","urlTemplate":"https:\/\/sen-shop.com\/hr\/?s={search_term_string}"},"query-input":"required name=search_term_string"}],"inLanguage":"hr-HR"},{"@type":"Organization","@id":"https:\/\/sen-shop.com\/hr\/#organization","name":"Mind trade d.o.o","url":"https:\/\/sen-shop.com\/hr\/","logo":{"@type":"ImageObject","inLanguage":"hr-HR","@id":"https:\/\/sen-shop.com\/hr\/#\/schema\/logo\/image\/","url":"https:\/\/sen-shop.com\/wp-content\/uploads\/2018\/05\/header_logo.png","contentUrl":"https:\/\/sen-shop.com\/wp-content\/uploads\/2018\/05\/header_logo.png","width":138,"height":70,"caption":"Mind trade d.o.o"},"image":{"@id":"https:\/\/sen-shop.com\/hr\/#\/schema\/logo\/image\/"},"sameAs":["https:\/\/www.instagram.com\/senslovenija\/","https:\/\/www.facebook.com\/Senshopslovenija"]}]}},"_links":{"self":[{"href":"https:\/\/sen-shop.com\/hr\/wp-json\/wp\/v2\/product\/27244","targetHints":{"allow":["GET"]}}],"collection":[{"href":"https:\/\/sen-shop.com\/hr\/wp-json\/wp\/v2\/product"}],"about":[{"href":"https:\/\/sen-shop.com\/hr\/wp-json\/wp\/v2\/types\/product"}],"replies":[{"embeddable":true,"href":"https:\/\/sen-shop.com\/hr\/wp-json\/wp\/v2\/comments?post=27244"}],"wp:featuredmedia":[{"embeddable":true,"href":"https:\/\/sen-shop.com\/hr\/wp-json\/wp\/v2\/media\/27246"}],"wp:attachment":[{"href":"https:\/\/sen-shop.com\/hr\/wp-json\/wp\/v2\/media?parent=27244"}],"wp:term":[{"taxonomy":"product_cat","embeddable":true,"href":"https:\/\/sen-shop.com\/hr\/wp-json\/wp\/v2\/product_cat?post=27244"},{"taxonomy":"product_tag","embeddable":true,"href":"https:\/\/sen-shop.com\/hr\/wp-json\/wp\/v2\/product_tag?post=27244"}],"curies":[{"name":"wp","href":"https:\/\/api.w.org\/{rel}","templated":true}]}}