{"id":27238,"date":"2021-04-15T15:18:28","date_gmt":"2021-04-15T13:18:28","guid":{"rendered":"https:\/\/www.sen-shop.com\/?post_type=product&#038;p=27238"},"modified":"2021-12-15T15:51:42","modified_gmt":"2021-12-15T14:51:42","slug":"l-karnitin-300-mg-kapsule","status":"publish","type":"product","link":"https:\/\/sen-shop.com\/hr\/collections\/nekategorizirano-hr\/l-karnitin-300-mg-kapsule\/","title":{"rendered":"L-karnitin 300 mg kapsule"},"content":{"rendered":"<h3>Bolja izdr\u017eljivost!<\/h3>\n<p>Brojna znanstvena istra\u017eivanja pokazala su <strong>porast izdr\u017eljivosti<\/strong> tijekom uzimanja <strong>L-karnitina.<\/strong> Analiziranja na Sveu\u010dili\u0161tu u Bazelu pokazala su pobolj\u0161anje izdr\u017eljivosti od 19%. U\u010dinak je opa\u017een kod obu\u010denih i tako\u0111er kod neobrazovanih osoba.<\/p>\n<p>L-karnitin pobolj\u0161ava <strong>izdr\u017eljivost iznutra<\/strong>. To ga \u010dini va\u017enim lijekom u pravilnoj prehrani za izdr\u017eljivost.<br \/>\nL-karnitin osigurava transport dugolan\u010danih masnih kiselina u mitohondrije, gdje se energija razgra\u0111uje i osloba\u0111a. L-karnitin tako\u0111er ubrzava apsorpciju kisika tijekom vje\u017ebanja. Kao rezultat toga, mi\u0161i\u0107i i kardiovaskularni sustav se mnogo sporije umaraju.<\/p>\n<p>L-karnitin preporu\u010dujemo svima koji moraju svladati te\u0161ke napore (npr. sporta\u0161i, fizi\u010dki radnici). Preporu\u010duje se i onima koji pate od nedostatka koncentracije i iscrpljenosti mi\u0161i\u0107a.<\/p>\n<p>Jednostavno pove\u0107ajte <strong>va\u0161u izdr\u017eljivost<\/strong> Hafesan L-karnitin kapsulama.<\/p>\n<p>Bez konzervansa, boja i laktoze.<\/p>\n<p>L-karnitin kapsule 300 mg | <strong>Sadr\u017eaj boce: 60 kapsula.<\/strong><\/p>\n<p><strong>Sastav:<\/strong><\/p>\n<p>L-karnitin tartarat, \u017eelatina, maltodekstrin. Anti-ljepilo: Magnezijeve soli masnih kiselina.<\/p>\n<p><strong>\u010cuvati izvan dohvata djece.<\/strong> \u010cuvajte proizvod na suhom mjestu pri temperaturi ispod 25 \u00b0 C. Preporu\u010dena dnevna koli\u010dina ili doza ne smiju se prekora\u010diti. Prehrambeni dodatak nije zamjena za uravnote\u017eenu i raznoliku prehranu i zdrav na\u010din \u017eivota.<\/p>\n<p><strong>Sadr\u017eaj:<\/strong> 60 kapsula (= 35,7 g neto te\u017eine)<\/p>\n<p><strong>Preporu\u010dena dnevna koli\u010dina:<\/strong><\/p>\n<p>Uzimajte <strong>jednu kapsulu dnevno<\/strong> prije sportskih aktivnosti s dovoljno teku\u0107ine.<\/p>\n<p><strong>Jedna kapsula sadr\u017ei:<\/strong><\/p>\n<table class=\"rahmen\" border=\"1\" cellspacing=\"0\" cellpadding=\"0\">\n<tbody>\n<tr>\n<td valign=\"top\" width=\"139\">L-karnitin<\/td>\n<td valign=\"top\" width=\"84\">300,00 mg<\/td>\n<\/tr>\n<tr>\n<td valign=\"top\" width=\"139\">maltodekstrin<\/td>\n<td valign=\"top\" width=\"84\">65,00 mg<\/td>\n<\/tr>\n<\/tbody>\n<\/table>\n<p>&nbsp;<\/p>\n","protected":false},"excerpt":{"rendered":"<h3>Bolja izdr\u017eljivost!<\/h3>\n<p>Brojna znanstvena istra\u017eivanja pokazala su <strong>porast izdr\u017eljivosti<\/strong> tijekom uzimanja <strong>L-karnitina.<\/strong> Analiziranja na Sveu\u010dili\u0161tu u Bazelu pokazala su pobolj\u0161anje izdr\u017eljivosti od 19%. U\u010dinak je opa\u017een kod obu\u010denih i tako\u0111er kod neobrazovanih osoba.<\/p>\n<p>L-karnitin pobolj\u0161ava <strong>izdr\u017eljivost iznutra<\/strong>. To ga \u010dini va\u017enim lijekom u pravilnoj prehrani za izdr\u017eljivost.<br \/>\nL-karnitin osigurava transport dugolan\u010danih masnih kiselina u mitohondrije, gdje se energija razgra\u0111uje i osloba\u0111a. L-karnitin tako\u0111er ubrzava apsorpciju kisika tijekom vje\u017ebanja. Kao rezultat toga, mi\u0161i\u0107i i kardiovaskularni sustav se mnogo sporije umaraju.<\/p>\n[banner_prehrana]\n","protected":false},"featured_media":27239,"comment_status":"open","ping_status":"closed","template":"","meta":{"inline_featured_image":false},"product_cat":[810],"product_tag":[385,463,476,482,399,470,477],"class_list":["post-27238","product","type-product","status-publish","has-post-thumbnail","hentry","product_cat-nekategorizirano-hr","product_tag-bio-hr","product_tag-hafesan","product_tag-iscrpljenost","product_tag-l-karnitin","product_tag-prirodno","product_tag-snaga","product_tag-umor"],"acf":[],"yoast_head":"<!-- This site is optimized with the Yoast SEO plugin v19.13 - https:\/\/yoast.com\/wordpress\/plugins\/seo\/ -->\n<title>L-karnitin 300 mg kapsule - SEN Shop<\/title>\n<meta name=\"robots\" content=\"index, follow, max-snippet:-1, max-image-preview:large, max-video-preview:-1\" \/>\n<link rel=\"canonical\" href=\"https:\/\/sen-shop.com\/hr\/collections\/nekategorizirano-hr\/l-karnitin-300-mg-kapsule\/\" \/>\n<meta property=\"og:locale\" content=\"hr_HR\" \/>\n<meta property=\"og:type\" content=\"article\" \/>\n<meta property=\"og:title\" content=\"L-karnitin 300 mg kapsule - SEN Shop\" \/>\n<meta property=\"og:description\" content=\"Bolja izdr\u017eljivost! Brojna znanstvena istra\u017eivanja pokazala su porast izdr\u017eljivosti tijekom uzimanja L-karnitina. Analiziranja na Sveu\u010dili\u0161tu u Bazelu pokazala su pobolj\u0161anje izdr\u017eljivosti od 19%. U\u010dinak je opa\u017een kod obu\u010denih i tako\u0111er kod neobrazovanih osoba.  L-karnitin pobolj\u0161ava izdr\u017eljivost iznutra. To ga \u010dini va\u017enim lijekom u pravilnoj prehrani za izdr\u017eljivost. L-karnitin osigurava transport dugolan\u010danih masnih kiselina u mitohondrije, gdje se energija razgra\u0111uje i osloba\u0111a. L-karnitin tako\u0111er ubrzava apsorpciju kisika tijekom vje\u017ebanja. Kao rezultat toga, mi\u0161i\u0107i i kardiovaskularni sustav se mnogo sporije umaraju.\" \/>\n<meta property=\"og:url\" content=\"https:\/\/sen-shop.com\/hr\/collections\/nekategorizirano-hr\/l-karnitin-300-mg-kapsule\/\" \/>\n<meta property=\"og:site_name\" content=\"SEN Shop\" \/>\n<meta property=\"article:publisher\" content=\"https:\/\/www.facebook.com\/Senshopslovenija\" \/>\n<meta property=\"article:modified_time\" content=\"2021-12-15T14:51:42+00:00\" \/>\n<meta property=\"og:image\" content=\"https:\/\/sen-shop.com\/wp-content\/uploads\/2021\/04\/l-karnitin_hr.jpg\" \/>\n\t<meta property=\"og:image:width\" content=\"506\" \/>\n\t<meta property=\"og:image:height\" content=\"607\" \/>\n\t<meta property=\"og:image:type\" content=\"image\/jpeg\" \/>\n<meta name=\"twitter:card\" content=\"summary_large_image\" \/>\n<meta name=\"twitter:label1\" content=\"Est. reading time\" \/>\n\t<meta name=\"twitter:data1\" content=\"1 minute\" \/>\n<script type=\"application\/ld+json\" class=\"yoast-schema-graph\">{\"@context\":\"https:\/\/schema.org\",\"@graph\":[{\"@type\":\"WebPage\",\"@id\":\"https:\/\/sen-shop.com\/hr\/collections\/nekategorizirano-hr\/l-karnitin-300-mg-kapsule\/\",\"url\":\"https:\/\/sen-shop.com\/hr\/collections\/nekategorizirano-hr\/l-karnitin-300-mg-kapsule\/\",\"name\":\"L-karnitin 300 mg kapsule - SEN Shop\",\"isPartOf\":{\"@id\":\"https:\/\/sen-shop.com\/hr\/#website\"},\"datePublished\":\"2021-04-15T13:18:28+00:00\",\"dateModified\":\"2021-12-15T14:51:42+00:00\",\"breadcrumb\":{\"@id\":\"https:\/\/sen-shop.com\/hr\/collections\/nekategorizirano-hr\/l-karnitin-300-mg-kapsule\/#breadcrumb\"},\"inLanguage\":\"hr-HR\",\"potentialAction\":[{\"@type\":\"ReadAction\",\"target\":[\"https:\/\/sen-shop.com\/hr\/collections\/nekategorizirano-hr\/l-karnitin-300-mg-kapsule\/\"]}]},{\"@type\":\"BreadcrumbList\",\"@id\":\"https:\/\/sen-shop.com\/hr\/collections\/nekategorizirano-hr\/l-karnitin-300-mg-kapsule\/#breadcrumb\",\"itemListElement\":[{\"@type\":\"ListItem\",\"position\":1,\"name\":\"Home\",\"item\":\"https:\/\/sen-shop.com\/hr\/\"},{\"@type\":\"ListItem\",\"position\":2,\"name\":\"L-karnitin 300 mg kapsule\"}]},{\"@type\":\"WebSite\",\"@id\":\"https:\/\/sen-shop.com\/hr\/#website\",\"url\":\"https:\/\/sen-shop.com\/hr\/\",\"name\":\"SEN Shop\",\"description\":\"Slovensko, Ekolo\u0161ko, Naravno\",\"publisher\":{\"@id\":\"https:\/\/sen-shop.com\/hr\/#organization\"},\"potentialAction\":[{\"@type\":\"SearchAction\",\"target\":{\"@type\":\"EntryPoint\",\"urlTemplate\":\"https:\/\/sen-shop.com\/hr\/?s={search_term_string}\"},\"query-input\":\"required name=search_term_string\"}],\"inLanguage\":\"hr-HR\"},{\"@type\":\"Organization\",\"@id\":\"https:\/\/sen-shop.com\/hr\/#organization\",\"name\":\"Mind trade d.o.o\",\"url\":\"https:\/\/sen-shop.com\/hr\/\",\"logo\":{\"@type\":\"ImageObject\",\"inLanguage\":\"hr-HR\",\"@id\":\"https:\/\/sen-shop.com\/hr\/#\/schema\/logo\/image\/\",\"url\":\"https:\/\/sen-shop.com\/wp-content\/uploads\/2018\/05\/header_logo.png\",\"contentUrl\":\"https:\/\/sen-shop.com\/wp-content\/uploads\/2018\/05\/header_logo.png\",\"width\":138,\"height\":70,\"caption\":\"Mind trade d.o.o\"},\"image\":{\"@id\":\"https:\/\/sen-shop.com\/hr\/#\/schema\/logo\/image\/\"},\"sameAs\":[\"https:\/\/www.instagram.com\/senslovenija\/\",\"https:\/\/www.facebook.com\/Senshopslovenija\"]}]}<\/script>\n<!-- \/ Yoast SEO plugin. -->","yoast_head_json":{"title":"L-karnitin 300 mg kapsule - SEN Shop","robots":{"index":"index","follow":"follow","max-snippet":"max-snippet:-1","max-image-preview":"max-image-preview:large","max-video-preview":"max-video-preview:-1"},"canonical":"https:\/\/sen-shop.com\/hr\/collections\/nekategorizirano-hr\/l-karnitin-300-mg-kapsule\/","og_locale":"hr_HR","og_type":"article","og_title":"L-karnitin 300 mg kapsule - SEN Shop","og_description":"Bolja izdr\u017eljivost! Brojna znanstvena istra\u017eivanja pokazala su porast izdr\u017eljivosti tijekom uzimanja L-karnitina. Analiziranja na Sveu\u010dili\u0161tu u Bazelu pokazala su pobolj\u0161anje izdr\u017eljivosti od 19%. U\u010dinak je opa\u017een kod obu\u010denih i tako\u0111er kod neobrazovanih osoba.  L-karnitin pobolj\u0161ava izdr\u017eljivost iznutra. To ga \u010dini va\u017enim lijekom u pravilnoj prehrani za izdr\u017eljivost. L-karnitin osigurava transport dugolan\u010danih masnih kiselina u mitohondrije, gdje se energija razgra\u0111uje i osloba\u0111a. L-karnitin tako\u0111er ubrzava apsorpciju kisika tijekom vje\u017ebanja. Kao rezultat toga, mi\u0161i\u0107i i kardiovaskularni sustav se mnogo sporije umaraju.","og_url":"https:\/\/sen-shop.com\/hr\/collections\/nekategorizirano-hr\/l-karnitin-300-mg-kapsule\/","og_site_name":"SEN Shop","article_publisher":"https:\/\/www.facebook.com\/Senshopslovenija","article_modified_time":"2021-12-15T14:51:42+00:00","og_image":[{"width":506,"height":607,"url":"https:\/\/sen-shop.com\/wp-content\/uploads\/2021\/04\/l-karnitin_hr.jpg","type":"image\/jpeg"}],"twitter_card":"summary_large_image","twitter_misc":{"Est. reading time":"1 minute"},"schema":{"@context":"https:\/\/schema.org","@graph":[{"@type":"WebPage","@id":"https:\/\/sen-shop.com\/hr\/collections\/nekategorizirano-hr\/l-karnitin-300-mg-kapsule\/","url":"https:\/\/sen-shop.com\/hr\/collections\/nekategorizirano-hr\/l-karnitin-300-mg-kapsule\/","name":"L-karnitin 300 mg kapsule - SEN Shop","isPartOf":{"@id":"https:\/\/sen-shop.com\/hr\/#website"},"datePublished":"2021-04-15T13:18:28+00:00","dateModified":"2021-12-15T14:51:42+00:00","breadcrumb":{"@id":"https:\/\/sen-shop.com\/hr\/collections\/nekategorizirano-hr\/l-karnitin-300-mg-kapsule\/#breadcrumb"},"inLanguage":"hr-HR","potentialAction":[{"@type":"ReadAction","target":["https:\/\/sen-shop.com\/hr\/collections\/nekategorizirano-hr\/l-karnitin-300-mg-kapsule\/"]}]},{"@type":"BreadcrumbList","@id":"https:\/\/sen-shop.com\/hr\/collections\/nekategorizirano-hr\/l-karnitin-300-mg-kapsule\/#breadcrumb","itemListElement":[{"@type":"ListItem","position":1,"name":"Home","item":"https:\/\/sen-shop.com\/hr\/"},{"@type":"ListItem","position":2,"name":"L-karnitin 300 mg kapsule"}]},{"@type":"WebSite","@id":"https:\/\/sen-shop.com\/hr\/#website","url":"https:\/\/sen-shop.com\/hr\/","name":"SEN Shop","description":"Slovensko, Ekolo\u0161ko, Naravno","publisher":{"@id":"https:\/\/sen-shop.com\/hr\/#organization"},"potentialAction":[{"@type":"SearchAction","target":{"@type":"EntryPoint","urlTemplate":"https:\/\/sen-shop.com\/hr\/?s={search_term_string}"},"query-input":"required name=search_term_string"}],"inLanguage":"hr-HR"},{"@type":"Organization","@id":"https:\/\/sen-shop.com\/hr\/#organization","name":"Mind trade d.o.o","url":"https:\/\/sen-shop.com\/hr\/","logo":{"@type":"ImageObject","inLanguage":"hr-HR","@id":"https:\/\/sen-shop.com\/hr\/#\/schema\/logo\/image\/","url":"https:\/\/sen-shop.com\/wp-content\/uploads\/2018\/05\/header_logo.png","contentUrl":"https:\/\/sen-shop.com\/wp-content\/uploads\/2018\/05\/header_logo.png","width":138,"height":70,"caption":"Mind trade d.o.o"},"image":{"@id":"https:\/\/sen-shop.com\/hr\/#\/schema\/logo\/image\/"},"sameAs":["https:\/\/www.instagram.com\/senslovenija\/","https:\/\/www.facebook.com\/Senshopslovenija"]}]}},"_links":{"self":[{"href":"https:\/\/sen-shop.com\/hr\/wp-json\/wp\/v2\/product\/27238","targetHints":{"allow":["GET"]}}],"collection":[{"href":"https:\/\/sen-shop.com\/hr\/wp-json\/wp\/v2\/product"}],"about":[{"href":"https:\/\/sen-shop.com\/hr\/wp-json\/wp\/v2\/types\/product"}],"replies":[{"embeddable":true,"href":"https:\/\/sen-shop.com\/hr\/wp-json\/wp\/v2\/comments?post=27238"}],"wp:featuredmedia":[{"embeddable":true,"href":"https:\/\/sen-shop.com\/hr\/wp-json\/wp\/v2\/media\/27239"}],"wp:attachment":[{"href":"https:\/\/sen-shop.com\/hr\/wp-json\/wp\/v2\/media?parent=27238"}],"wp:term":[{"taxonomy":"product_cat","embeddable":true,"href":"https:\/\/sen-shop.com\/hr\/wp-json\/wp\/v2\/product_cat?post=27238"},{"taxonomy":"product_tag","embeddable":true,"href":"https:\/\/sen-shop.com\/hr\/wp-json\/wp\/v2\/product_tag?post=27238"}],"curies":[{"name":"wp","href":"https:\/\/api.w.org\/{rel}","templated":true}]}}