{"id":27234,"date":"2021-04-15T15:14:18","date_gmt":"2021-04-15T13:14:18","guid":{"rendered":"https:\/\/www.sen-shop.com\/?post_type=product&#038;p=27234"},"modified":"2021-12-15T15:51:58","modified_gmt":"2021-12-15T14:51:58","slug":"selen-ace-100-mcg-kapsule","status":"publish","type":"product","link":"https:\/\/sen-shop.com\/hr\/collections\/prehrambeni-dodaci\/jacanje-imunoloskog-sustava\/selen-ace-100-mcg-kapsule\/","title":{"rendered":"Selen A+C+E 100 mcg kapsule"},"content":{"rendered":"<p><strong>Vitamin A<\/strong> (u obliku beta karotena) sastavni je dio vidljivog pigmenta (rodopsin) i stoga je od velike va\u017enosti za odr\u017eavanje zdravog vida. Zbog toga se \u010desto naziva i <strong>&#8220;vitaminom za o\u010di&#8221;<\/strong>. Uz to, vitamin A doprinosi odr\u017eavanju <strong>zdrave ko\u017ee i sluznice.<\/strong><\/p>\n<p><strong>Vitamin C<\/strong> ima mnogo va\u017enih funkcija u ljudskom tijelu. Izme\u0111u ostalog, <strong>poja\u010dava apsorpciju \u017eeljeza, podr\u017eava funkciju imunolo\u0161kog sustava i smanjuje umor i iscrpljenost.<\/strong><\/p>\n<p>Uzmite sva \u010detiri va\u017ena sastojka sa samo<strong> jednom<\/strong> Hafesan Selen A + C + E kapsulom.<\/p>\n<p>Bez konzervansa, boja i laktoze. Pogodno i za dijabeti\u010dare.<\/p>\n<p>Selen A + C + E 100 mcg kapsule | <strong>Sadr\u017eaj boce: 75 kapsula.<\/strong><\/p>\n<p><strong>Sastav:<\/strong><\/p>\n<p>neaktivni kvasac, askorbinska kiselina, \u017eelatina, D-alfa-tokoferol acetat, kvasac selena, beta-karoten.<\/p>\n<p><strong>\u010cuvati izvan dohvata djece<\/strong>. \u010cuvajte proizvod na suhom mjestu pri temperaturi ispod 25 \u00b0 C. Preporu\u010dena dnevna koli\u010dina ili doza ne smiju se prekora\u010diti. Prehrambeni dodatak nije zamjena za uravnote\u017eenu i raznoliku prehranu i zdrav na\u010din \u017eivota.<\/p>\n<p><strong>Sadr\u017eaj: 75 kapsula (= 37,0 g neto te\u017eine)<\/strong><\/p>\n<p><strong>Preporu\u010dena dnevna koli\u010dina:<\/strong><\/p>\n<p>Uzimajte jednu kapsulu dnevno s dovoljno teku\u0107ine.<\/p>\n<p><strong>Kapsula sadr\u017ei:<\/strong><\/p>\n<table class=\"rahmen\" border=\"1\" cellspacing=\"0\" cellpadding=\"0\">\n<tbody>\n<tr>\n<td valign=\"top\" width=\"121\"><\/td>\n<td valign=\"top\" width=\"108\">\n<p align=\"center\">**PDU\/RDA<\/p>\n<\/td>\n<td valign=\"top\" width=\"78\">\n<p align=\"right\">\n<\/td>\n<\/tr>\n<tr>\n<td valign=\"top\" width=\"121\">selen<\/td>\n<td valign=\"top\" width=\"108\">\n<p align=\"center\">182<\/p>\n<\/td>\n<td valign=\"top\" width=\"78\">\n<p align=\"right\">100,00 \u00a0\u00b5g<\/p>\n<\/td>\n<\/tr>\n<tr>\n<td valign=\"top\" width=\"121\">vitamin C<\/td>\n<td valign=\"top\" width=\"108\">\n<p align=\"center\">125<\/p>\n<\/td>\n<td valign=\"top\" width=\"78\">\n<p align=\"right\">100,00 mg<\/p>\n<\/td>\n<\/tr>\n<tr>\n<td valign=\"top\" width=\"121\">vitamin E<\/td>\n<td valign=\"top\" width=\"108\">\n<p align=\"center\">167<\/p>\n<\/td>\n<td valign=\"top\" width=\"78\">\n<p align=\"right\">20,00 mg<\/p>\n<\/td>\n<\/tr>\n<tr>\n<td valign=\"top\" width=\"121\">beta karoten<\/td>\n<td valign=\"top\" width=\"108\">\n<p align=\"center\">125<\/p>\n<\/td>\n<td valign=\"top\" width=\"78\">\n<p align=\"right\">6000,00 \u00b5g<\/p>\n<\/td>\n<\/tr>\n<\/tbody>\n<\/table>\n<p>**PDU\/RDA = Priporu\u010deni dnevni unos<\/p>\n","protected":false},"excerpt":{"rendered":"<h3>Selen ja\u010da imunolo\u0161ki sustav!<\/h3>\n<p>Dana\u0161nji \u017eivot se odvija brzim tempom i pun je stresa i pritiska. Sve to pla\u0107amo svojim zdravljem. Zato je u dana\u0161nje vrijeme posebno va\u017eno za\u0161tititi i oja\u010dati na\u0161e tijelo raznim vitaminima. Hranjive tvari selen, vitamin A i C igraju va\u017enu ulogu u <strong>funkcioniranju imunolo\u0161kog sustava.<\/strong><\/p>\n<p>Selen je va\u017ean element i faktor za\u0161tite stanica (antioksidans). Slobodni radikali nastaju razli\u010ditim metaboli\u010dkim procesima u tijelu, a njima smo izlo\u017eeni kroz zaga\u0111eni okoli\u0161 (npr. zra\u010denje, razni zaga\u0111iva\u010di itd.). Selen, kao i vitamini C i E, antioksidanti su koji \u0161tite stanice od <strong>oksidativnog stresa i djelovanja slobodnih radikala.<\/strong> Selen tako\u0111er doprinosi funkciji<strong> \u0161titne \u017elijezde<\/strong>, \u0161to je va\u017eno u mnogim metaboli\u010dkim procesima u na\u0161em tijelu.<\/p>\n[banner_prehrana]\n","protected":false},"featured_media":27235,"comment_status":"open","ping_status":"closed","template":"","meta":{"inline_featured_image":false},"product_cat":[445,810],"product_tag":[385,463,443,480,399,481,470],"class_list":["post-27234","product","type-product","status-publish","has-post-thumbnail","hentry","product_cat-jacanje-imunoloskog-sustava","product_cat-nekategorizirano-hr","product_tag-bio-hr","product_tag-hafesan","product_tag-imunoloski-sustav","product_tag-prehrambeni-dodaci","product_tag-prirodno","product_tag-selen","product_tag-snaga"],"acf":[],"yoast_head":"<!-- This site is optimized with the Yoast SEO plugin v19.13 - https:\/\/yoast.com\/wordpress\/plugins\/seo\/ -->\n<title>Selen A+C+E 100 mcg kapsule - SEN Shop<\/title>\n<meta name=\"robots\" content=\"index, follow, max-snippet:-1, max-image-preview:large, max-video-preview:-1\" \/>\n<link rel=\"canonical\" href=\"https:\/\/sen-shop.com\/hr\/collections\/prehrambeni-dodaci\/jacanje-imunoloskog-sustava\/selen-ace-100-mcg-kapsule\/\" \/>\n<meta property=\"og:locale\" content=\"hr_HR\" \/>\n<meta property=\"og:type\" content=\"article\" \/>\n<meta property=\"og:title\" content=\"Selen A+C+E 100 mcg kapsule - SEN Shop\" \/>\n<meta property=\"og:description\" content=\"Selen ja\u010da imunolo\u0161ki sustav! Dana\u0161nji \u017eivot se odvija brzim tempom i pun je stresa i pritiska. Sve to pla\u0107amo svojim zdravljem. Zato je u dana\u0161nje vrijeme posebno va\u017eno za\u0161tititi i oja\u010dati na\u0161e tijelo raznim vitaminima. Hranjive tvari selen, vitamin A i C igraju va\u017enu ulogu u funkcioniranju imunolo\u0161kog sustava.  Selen je va\u017ean element i faktor za\u0161tite stanica (antioksidans). Slobodni radikali nastaju razli\u010ditim metaboli\u010dkim procesima u tijelu, a njima smo izlo\u017eeni kroz zaga\u0111eni okoli\u0161 (npr. zra\u010denje, razni zaga\u0111iva\u010di itd.). Selen, kao i vitamini C i E, antioksidanti su koji \u0161tite stanice od oksidativnog stresa i djelovanja slobodnih radikala. Selen tako\u0111er doprinosi funkciji \u0161titne \u017elijezde, \u0161to je va\u017eno u mnogim metaboli\u010dkim procesima u na\u0161em tijelu.\" \/>\n<meta property=\"og:url\" content=\"https:\/\/sen-shop.com\/hr\/collections\/prehrambeni-dodaci\/jacanje-imunoloskog-sustava\/selen-ace-100-mcg-kapsule\/\" \/>\n<meta property=\"og:site_name\" content=\"SEN Shop\" \/>\n<meta property=\"article:publisher\" content=\"https:\/\/www.facebook.com\/Senshopslovenija\" \/>\n<meta property=\"article:modified_time\" content=\"2021-12-15T14:51:58+00:00\" \/>\n<meta property=\"og:image\" content=\"https:\/\/sen-shop.com\/wp-content\/uploads\/2021\/04\/selen.jpg\" \/>\n\t<meta property=\"og:image:width\" content=\"506\" \/>\n\t<meta property=\"og:image:height\" content=\"607\" \/>\n\t<meta property=\"og:image:type\" content=\"image\/jpeg\" \/>\n<meta name=\"twitter:card\" content=\"summary_large_image\" \/>\n<meta name=\"twitter:label1\" content=\"Est. reading time\" \/>\n\t<meta name=\"twitter:data1\" content=\"1 minute\" \/>\n<script type=\"application\/ld+json\" class=\"yoast-schema-graph\">{\"@context\":\"https:\/\/schema.org\",\"@graph\":[{\"@type\":\"WebPage\",\"@id\":\"https:\/\/sen-shop.com\/hr\/collections\/prehrambeni-dodaci\/jacanje-imunoloskog-sustava\/selen-ace-100-mcg-kapsule\/\",\"url\":\"https:\/\/sen-shop.com\/hr\/collections\/prehrambeni-dodaci\/jacanje-imunoloskog-sustava\/selen-ace-100-mcg-kapsule\/\",\"name\":\"Selen A+C+E 100 mcg kapsule - SEN Shop\",\"isPartOf\":{\"@id\":\"https:\/\/sen-shop.com\/hr\/#website\"},\"datePublished\":\"2021-04-15T13:14:18+00:00\",\"dateModified\":\"2021-12-15T14:51:58+00:00\",\"breadcrumb\":{\"@id\":\"https:\/\/sen-shop.com\/hr\/collections\/prehrambeni-dodaci\/jacanje-imunoloskog-sustava\/selen-ace-100-mcg-kapsule\/#breadcrumb\"},\"inLanguage\":\"hr-HR\",\"potentialAction\":[{\"@type\":\"ReadAction\",\"target\":[\"https:\/\/sen-shop.com\/hr\/collections\/prehrambeni-dodaci\/jacanje-imunoloskog-sustava\/selen-ace-100-mcg-kapsule\/\"]}]},{\"@type\":\"BreadcrumbList\",\"@id\":\"https:\/\/sen-shop.com\/hr\/collections\/prehrambeni-dodaci\/jacanje-imunoloskog-sustava\/selen-ace-100-mcg-kapsule\/#breadcrumb\",\"itemListElement\":[{\"@type\":\"ListItem\",\"position\":1,\"name\":\"Home\",\"item\":\"https:\/\/sen-shop.com\/hr\/\"},{\"@type\":\"ListItem\",\"position\":2,\"name\":\"Selen A+C+E 100 mcg kapsule\"}]},{\"@type\":\"WebSite\",\"@id\":\"https:\/\/sen-shop.com\/hr\/#website\",\"url\":\"https:\/\/sen-shop.com\/hr\/\",\"name\":\"SEN Shop\",\"description\":\"Slovensko, Ekolo\u0161ko, Naravno\",\"publisher\":{\"@id\":\"https:\/\/sen-shop.com\/hr\/#organization\"},\"potentialAction\":[{\"@type\":\"SearchAction\",\"target\":{\"@type\":\"EntryPoint\",\"urlTemplate\":\"https:\/\/sen-shop.com\/hr\/?s={search_term_string}\"},\"query-input\":\"required name=search_term_string\"}],\"inLanguage\":\"hr-HR\"},{\"@type\":\"Organization\",\"@id\":\"https:\/\/sen-shop.com\/hr\/#organization\",\"name\":\"Mind trade d.o.o\",\"url\":\"https:\/\/sen-shop.com\/hr\/\",\"logo\":{\"@type\":\"ImageObject\",\"inLanguage\":\"hr-HR\",\"@id\":\"https:\/\/sen-shop.com\/hr\/#\/schema\/logo\/image\/\",\"url\":\"https:\/\/sen-shop.com\/wp-content\/uploads\/2018\/05\/header_logo.png\",\"contentUrl\":\"https:\/\/sen-shop.com\/wp-content\/uploads\/2018\/05\/header_logo.png\",\"width\":138,\"height\":70,\"caption\":\"Mind trade d.o.o\"},\"image\":{\"@id\":\"https:\/\/sen-shop.com\/hr\/#\/schema\/logo\/image\/\"},\"sameAs\":[\"https:\/\/www.instagram.com\/senslovenija\/\",\"https:\/\/www.facebook.com\/Senshopslovenija\"]}]}<\/script>\n<!-- \/ Yoast SEO plugin. -->","yoast_head_json":{"title":"Selen A+C+E 100 mcg kapsule - SEN Shop","robots":{"index":"index","follow":"follow","max-snippet":"max-snippet:-1","max-image-preview":"max-image-preview:large","max-video-preview":"max-video-preview:-1"},"canonical":"https:\/\/sen-shop.com\/hr\/collections\/prehrambeni-dodaci\/jacanje-imunoloskog-sustava\/selen-ace-100-mcg-kapsule\/","og_locale":"hr_HR","og_type":"article","og_title":"Selen A+C+E 100 mcg kapsule - SEN Shop","og_description":"Selen ja\u010da imunolo\u0161ki sustav! Dana\u0161nji \u017eivot se odvija brzim tempom i pun je stresa i pritiska. Sve to pla\u0107amo svojim zdravljem. Zato je u dana\u0161nje vrijeme posebno va\u017eno za\u0161tititi i oja\u010dati na\u0161e tijelo raznim vitaminima. Hranjive tvari selen, vitamin A i C igraju va\u017enu ulogu u funkcioniranju imunolo\u0161kog sustava.  Selen je va\u017ean element i faktor za\u0161tite stanica (antioksidans). Slobodni radikali nastaju razli\u010ditim metaboli\u010dkim procesima u tijelu, a njima smo izlo\u017eeni kroz zaga\u0111eni okoli\u0161 (npr. zra\u010denje, razni zaga\u0111iva\u010di itd.). Selen, kao i vitamini C i E, antioksidanti su koji \u0161tite stanice od oksidativnog stresa i djelovanja slobodnih radikala. Selen tako\u0111er doprinosi funkciji \u0161titne \u017elijezde, \u0161to je va\u017eno u mnogim metaboli\u010dkim procesima u na\u0161em tijelu.","og_url":"https:\/\/sen-shop.com\/hr\/collections\/prehrambeni-dodaci\/jacanje-imunoloskog-sustava\/selen-ace-100-mcg-kapsule\/","og_site_name":"SEN Shop","article_publisher":"https:\/\/www.facebook.com\/Senshopslovenija","article_modified_time":"2021-12-15T14:51:58+00:00","og_image":[{"width":506,"height":607,"url":"https:\/\/sen-shop.com\/wp-content\/uploads\/2021\/04\/selen.jpg","type":"image\/jpeg"}],"twitter_card":"summary_large_image","twitter_misc":{"Est. reading time":"1 minute"},"schema":{"@context":"https:\/\/schema.org","@graph":[{"@type":"WebPage","@id":"https:\/\/sen-shop.com\/hr\/collections\/prehrambeni-dodaci\/jacanje-imunoloskog-sustava\/selen-ace-100-mcg-kapsule\/","url":"https:\/\/sen-shop.com\/hr\/collections\/prehrambeni-dodaci\/jacanje-imunoloskog-sustava\/selen-ace-100-mcg-kapsule\/","name":"Selen A+C+E 100 mcg kapsule - SEN Shop","isPartOf":{"@id":"https:\/\/sen-shop.com\/hr\/#website"},"datePublished":"2021-04-15T13:14:18+00:00","dateModified":"2021-12-15T14:51:58+00:00","breadcrumb":{"@id":"https:\/\/sen-shop.com\/hr\/collections\/prehrambeni-dodaci\/jacanje-imunoloskog-sustava\/selen-ace-100-mcg-kapsule\/#breadcrumb"},"inLanguage":"hr-HR","potentialAction":[{"@type":"ReadAction","target":["https:\/\/sen-shop.com\/hr\/collections\/prehrambeni-dodaci\/jacanje-imunoloskog-sustava\/selen-ace-100-mcg-kapsule\/"]}]},{"@type":"BreadcrumbList","@id":"https:\/\/sen-shop.com\/hr\/collections\/prehrambeni-dodaci\/jacanje-imunoloskog-sustava\/selen-ace-100-mcg-kapsule\/#breadcrumb","itemListElement":[{"@type":"ListItem","position":1,"name":"Home","item":"https:\/\/sen-shop.com\/hr\/"},{"@type":"ListItem","position":2,"name":"Selen A+C+E 100 mcg kapsule"}]},{"@type":"WebSite","@id":"https:\/\/sen-shop.com\/hr\/#website","url":"https:\/\/sen-shop.com\/hr\/","name":"SEN Shop","description":"Slovensko, Ekolo\u0161ko, Naravno","publisher":{"@id":"https:\/\/sen-shop.com\/hr\/#organization"},"potentialAction":[{"@type":"SearchAction","target":{"@type":"EntryPoint","urlTemplate":"https:\/\/sen-shop.com\/hr\/?s={search_term_string}"},"query-input":"required name=search_term_string"}],"inLanguage":"hr-HR"},{"@type":"Organization","@id":"https:\/\/sen-shop.com\/hr\/#organization","name":"Mind trade d.o.o","url":"https:\/\/sen-shop.com\/hr\/","logo":{"@type":"ImageObject","inLanguage":"hr-HR","@id":"https:\/\/sen-shop.com\/hr\/#\/schema\/logo\/image\/","url":"https:\/\/sen-shop.com\/wp-content\/uploads\/2018\/05\/header_logo.png","contentUrl":"https:\/\/sen-shop.com\/wp-content\/uploads\/2018\/05\/header_logo.png","width":138,"height":70,"caption":"Mind trade d.o.o"},"image":{"@id":"https:\/\/sen-shop.com\/hr\/#\/schema\/logo\/image\/"},"sameAs":["https:\/\/www.instagram.com\/senslovenija\/","https:\/\/www.facebook.com\/Senshopslovenija"]}]}},"_links":{"self":[{"href":"https:\/\/sen-shop.com\/hr\/wp-json\/wp\/v2\/product\/27234","targetHints":{"allow":["GET"]}}],"collection":[{"href":"https:\/\/sen-shop.com\/hr\/wp-json\/wp\/v2\/product"}],"about":[{"href":"https:\/\/sen-shop.com\/hr\/wp-json\/wp\/v2\/types\/product"}],"replies":[{"embeddable":true,"href":"https:\/\/sen-shop.com\/hr\/wp-json\/wp\/v2\/comments?post=27234"}],"wp:featuredmedia":[{"embeddable":true,"href":"https:\/\/sen-shop.com\/hr\/wp-json\/wp\/v2\/media\/27235"}],"wp:attachment":[{"href":"https:\/\/sen-shop.com\/hr\/wp-json\/wp\/v2\/media?parent=27234"}],"wp:term":[{"taxonomy":"product_cat","embeddable":true,"href":"https:\/\/sen-shop.com\/hr\/wp-json\/wp\/v2\/product_cat?post=27234"},{"taxonomy":"product_tag","embeddable":true,"href":"https:\/\/sen-shop.com\/hr\/wp-json\/wp\/v2\/product_tag?post=27234"}],"curies":[{"name":"wp","href":"https:\/\/api.w.org\/{rel}","templated":true}]}}