{"id":27231,"date":"2021-04-15T15:10:27","date_gmt":"2021-04-15T13:10:27","guid":{"rendered":"https:\/\/www.sen-shop.com\/?post_type=product&#038;p=27231"},"modified":"2021-12-15T15:52:12","modified_gmt":"2021-12-15T14:52:12","slug":"zeljezo-bakar-vitamin-c-kapsule","status":"publish","type":"product","link":"https:\/\/sen-shop.com\/hr\/collections\/nekategorizirano-hr\/zeljezo-bakar-vitamin-c-kapsule\/","title":{"rendered":"\u017deljezo + Bakar + Vitamin C"},"content":{"rendered":"<h3>\u017deljezo poma\u017ee u smanjenju umora i iscrpljenosti!<\/h3>\n<p>\u017deljezo je va\u017ean element u tijelu \u010dovjeka. Kao sastavni dio hemoglobina i mioglobina ve\u017ee kisik i odgovoran je za njegov prijenos u tijelo. \u017deljezo je tako\u0111er sastavni dio mnogih enzima i igra va\u017enu ulogu u <strong>funkcioniranju imunolo\u0161kog sustava i u mentalnoj ravnote\u017ei.<\/strong><\/p>\n<p><strong>Potrebe za \u017eeljezom pove\u0107ane<\/strong> su kod djece, trudnica i \u017eena tijekom menstruacije.<\/p>\n<p>Vitamin C poja\u010dava apsorpciju \u017eeljeza, podr\u017eava imunolo\u0161ki sustav i sudjeluje u mnogim tjelesnim procesima.<\/p>\n<p><strong>\u017deljezo i vitamin C doprinose smanjenju umora i iscrpljenosti.<\/strong><\/p>\n<p>Bakar je va\u017ean za stvaranje razli\u010ditih proteina i enzima. Tako\u0111er pridonosi prijenosu \u017eeljeza u tijelu.<\/p>\n<p><strong>\u017deljezo + bakar + vitamin C kapsule<\/strong> sadr\u017ee 10 mg dvovalentnog \u017eeljeza (kao \u017eeljezni glukonat), 1 mg bakra i dodatnih 160 mg vitamina C. Ova kombinacija osigurava optimalnu apsorpciju u tijelu. Dnevne potrebe mo\u017eete osigurati samo jednom kapsulom.<\/p>\n<p>Bez konzervansa, boja i laktoze. Pogodno i za dijabeti\u010dare.<\/p>\n<p>Hafesan \u017deljezo + Bakar + Vitamin C kapsule | <strong>Sadr\u017eaj boce: 60 kapsula.\u00a0<\/strong><\/p>\n<p><strong>Sastav:<\/strong><\/p>\n<p>ekstrakt acerole (Malpighia glabra), askorbinska kiselina, \u017eeljezni glukonat, \u017eelatina, bakarni glukonat.<\/p>\n<p><strong>\u010cuvati izvan dohvata djece.<\/strong> \u010cuvajte proizvod na suhom mjestu pri temperaturi ispod 25 \u00b0 C. Preporu\u010dena dnevna koli\u010dina ili doza ne smiju se prekora\u010diti. Prehrambeni dodatak nije zamjena za uravnote\u017eenu i raznoliku prehranu.<\/p>\n<p><strong>Sadr\u017eaj: 60 kapsula (= 35,0 g neto te\u017eine)<\/strong><\/p>\n<p><strong>Preporu\u010dena dnevna koli\u010dina:<\/strong><\/p>\n<p>Uzimajte jednu kapsulu dnevno s dovoljno teku\u0107ine.<\/p>\n<p><strong>Kapsula sadr\u017ei:<\/strong><\/p>\n<table class=\"rahmen\" border=\"1\" cellspacing=\"0\" cellpadding=\"0\">\n<tbody>\n<tr>\n<td valign=\"top\" width=\"109\"><\/td>\n<td valign=\"top\" width=\"108\">\n<p align=\"center\">**PDU\/RDA<\/p>\n<\/td>\n<td valign=\"top\" width=\"90\">\n<p align=\"right\">\n<\/td>\n<\/tr>\n<tr>\n<td valign=\"top\" width=\"109\">\u017eeljezo<\/td>\n<td valign=\"top\" width=\"108\">\n<p align=\"center\">71%<\/p>\n<\/td>\n<td valign=\"top\" width=\"90\">\n<p align=\"right\">10,00 mg<\/p>\n<\/td>\n<\/tr>\n<tr>\n<td valign=\"top\" width=\"109\">bakar<\/td>\n<td valign=\"top\" width=\"108\">\n<p align=\"center\">100%<\/p>\n<\/td>\n<td valign=\"top\" width=\"90\">\n<p align=\"right\">1000,00 \u00a0\u00b5g<\/p>\n<\/td>\n<\/tr>\n<tr>\n<td valign=\"top\" width=\"109\">vitamin C<\/td>\n<td valign=\"top\" width=\"108\">\n<p align=\"center\">200%<\/p>\n<\/td>\n<td valign=\"top\" width=\"90\">\n<p align=\"right\">160,00 mg<\/p>\n<\/td>\n<\/tr>\n<\/tbody>\n<\/table>\n<p>**PDU\/RDA = Priporu\u010deni dnevni unos<\/p>\n","protected":false},"excerpt":{"rendered":"<h3>\u017deljezo poma\u017ee u smanjenju umora i iscrpljenosti!<\/h3>\n<p>\u017deljezo je va\u017ean element u tijelu \u010dovjeka. Kao sastavni dio hemoglobina i mioglobina ve\u017ee kisik i odgovoran je za njegov prijenos u tijelo. \u017deljezo je tako\u0111er sastavni dio mnogih enzima i igra va\u017enu ulogu u<strong> funkcioniranju imunolo\u0161kog sustava i u mentalnoj ravnote\u017ei.<\/strong><\/p>\n<p><strong>Potrebe za \u017eeljezom pove\u0107ane<\/strong> su kod djece, trudnica i \u017eena tijekom menstruacije.<\/p>\n<p>Vitamin C poja\u010dava apsorpciju \u017eeljeza, podr\u017eava imunolo\u0161ki sustav i sudjeluje u mnogim tjelesnim procesima.<\/p>\n<p><strong>\u017deljezo i vitamin C doprinose smanjenju umora i iscrpljenosti.<\/strong><\/p>\n<p>Bakar je va\u017ean za stvaranje razli\u010ditih proteina i enzima. Tako\u0111er pridonosi prijenosu \u017eeljeza u tijelu.<\/p>\n<p><strong>60 kapsula <\/strong>za<strong> 2 mjeseca.<\/strong><\/p>\n[banner_prehrana]\n","protected":false},"featured_media":27232,"comment_status":"open","ping_status":"closed","template":"","meta":{"inline_featured_image":false},"product_cat":[810],"product_tag":[475,463,476,399,477,478,479],"class_list":["post-27231","product","type-product","status-publish","has-post-thumbnail","hentry","product_cat-nekategorizirano-hr","product_tag-bakar","product_tag-hafesan","product_tag-iscrpljenost","product_tag-prirodno","product_tag-umor","product_tag-vitamin-c","product_tag-zeljezo"],"acf":[],"yoast_head":"<!-- This site is optimized with the Yoast SEO plugin v19.13 - https:\/\/yoast.com\/wordpress\/plugins\/seo\/ -->\n<title>\u017deljezo + Bakar + Vitamin C - SEN Shop<\/title>\n<meta name=\"robots\" content=\"index, follow, max-snippet:-1, max-image-preview:large, max-video-preview:-1\" \/>\n<link rel=\"canonical\" href=\"https:\/\/sen-shop.com\/hr\/collections\/nekategorizirano-hr\/zeljezo-bakar-vitamin-c-kapsule\/\" \/>\n<meta property=\"og:locale\" content=\"hr_HR\" \/>\n<meta property=\"og:type\" content=\"article\" \/>\n<meta property=\"og:title\" content=\"\u017deljezo + Bakar + Vitamin C - SEN Shop\" \/>\n<meta property=\"og:description\" content=\"\u017deljezo poma\u017ee u smanjenju umora i iscrpljenosti! \u017deljezo je va\u017ean element u tijelu \u010dovjeka. Kao sastavni dio hemoglobina i mioglobina ve\u017ee kisik i odgovoran je za njegov prijenos u tijelo. \u017deljezo je tako\u0111er sastavni dio mnogih enzima i igra va\u017enu ulogu u funkcioniranju imunolo\u0161kog sustava i u mentalnoj ravnote\u017ei.  Potrebe za \u017eeljezom pove\u0107ane su kod djece, trudnica i \u017eena tijekom menstruacije.  Vitamin C poja\u010dava apsorpciju \u017eeljeza, podr\u017eava imunolo\u0161ki sustav i sudjeluje u mnogim tjelesnim procesima.  \u017deljezo i vitamin C doprinose smanjenju umora i iscrpljenosti.  Bakar je va\u017ean za stvaranje razli\u010ditih proteina i enzima. Tako\u0111er pridonosi prijenosu \u017eeljeza u tijelu.  60 kapsula za 2 mjeseca.\" \/>\n<meta property=\"og:url\" content=\"https:\/\/sen-shop.com\/hr\/collections\/nekategorizirano-hr\/zeljezo-bakar-vitamin-c-kapsule\/\" \/>\n<meta property=\"og:site_name\" content=\"SEN Shop\" \/>\n<meta property=\"article:publisher\" content=\"https:\/\/www.facebook.com\/Senshopslovenija\" \/>\n<meta property=\"article:modified_time\" content=\"2021-12-15T14:52:12+00:00\" \/>\n<meta property=\"og:image\" content=\"https:\/\/sen-shop.com\/wp-content\/uploads\/2021\/04\/zelezo.jpg\" \/>\n\t<meta property=\"og:image:width\" content=\"506\" \/>\n\t<meta property=\"og:image:height\" content=\"607\" \/>\n\t<meta property=\"og:image:type\" content=\"image\/jpeg\" \/>\n<meta name=\"twitter:card\" content=\"summary_large_image\" \/>\n<meta name=\"twitter:label1\" content=\"Est. reading time\" \/>\n\t<meta name=\"twitter:data1\" content=\"1 minute\" \/>\n<script type=\"application\/ld+json\" class=\"yoast-schema-graph\">{\"@context\":\"https:\/\/schema.org\",\"@graph\":[{\"@type\":\"WebPage\",\"@id\":\"https:\/\/sen-shop.com\/hr\/collections\/nekategorizirano-hr\/zeljezo-bakar-vitamin-c-kapsule\/\",\"url\":\"https:\/\/sen-shop.com\/hr\/collections\/nekategorizirano-hr\/zeljezo-bakar-vitamin-c-kapsule\/\",\"name\":\"\u017deljezo + Bakar + Vitamin C - SEN Shop\",\"isPartOf\":{\"@id\":\"https:\/\/sen-shop.com\/hr\/#website\"},\"datePublished\":\"2021-04-15T13:10:27+00:00\",\"dateModified\":\"2021-12-15T14:52:12+00:00\",\"breadcrumb\":{\"@id\":\"https:\/\/sen-shop.com\/hr\/collections\/nekategorizirano-hr\/zeljezo-bakar-vitamin-c-kapsule\/#breadcrumb\"},\"inLanguage\":\"hr-HR\",\"potentialAction\":[{\"@type\":\"ReadAction\",\"target\":[\"https:\/\/sen-shop.com\/hr\/collections\/nekategorizirano-hr\/zeljezo-bakar-vitamin-c-kapsule\/\"]}]},{\"@type\":\"BreadcrumbList\",\"@id\":\"https:\/\/sen-shop.com\/hr\/collections\/nekategorizirano-hr\/zeljezo-bakar-vitamin-c-kapsule\/#breadcrumb\",\"itemListElement\":[{\"@type\":\"ListItem\",\"position\":1,\"name\":\"Home\",\"item\":\"https:\/\/sen-shop.com\/hr\/\"},{\"@type\":\"ListItem\",\"position\":2,\"name\":\"\u017deljezo + Bakar + Vitamin C\"}]},{\"@type\":\"WebSite\",\"@id\":\"https:\/\/sen-shop.com\/hr\/#website\",\"url\":\"https:\/\/sen-shop.com\/hr\/\",\"name\":\"SEN Shop\",\"description\":\"Slovensko, Ekolo\u0161ko, Naravno\",\"publisher\":{\"@id\":\"https:\/\/sen-shop.com\/hr\/#organization\"},\"potentialAction\":[{\"@type\":\"SearchAction\",\"target\":{\"@type\":\"EntryPoint\",\"urlTemplate\":\"https:\/\/sen-shop.com\/hr\/?s={search_term_string}\"},\"query-input\":\"required name=search_term_string\"}],\"inLanguage\":\"hr-HR\"},{\"@type\":\"Organization\",\"@id\":\"https:\/\/sen-shop.com\/hr\/#organization\",\"name\":\"Mind trade d.o.o\",\"url\":\"https:\/\/sen-shop.com\/hr\/\",\"logo\":{\"@type\":\"ImageObject\",\"inLanguage\":\"hr-HR\",\"@id\":\"https:\/\/sen-shop.com\/hr\/#\/schema\/logo\/image\/\",\"url\":\"https:\/\/sen-shop.com\/wp-content\/uploads\/2018\/05\/header_logo.png\",\"contentUrl\":\"https:\/\/sen-shop.com\/wp-content\/uploads\/2018\/05\/header_logo.png\",\"width\":138,\"height\":70,\"caption\":\"Mind trade d.o.o\"},\"image\":{\"@id\":\"https:\/\/sen-shop.com\/hr\/#\/schema\/logo\/image\/\"},\"sameAs\":[\"https:\/\/www.instagram.com\/senslovenija\/\",\"https:\/\/www.facebook.com\/Senshopslovenija\"]}]}<\/script>\n<!-- \/ Yoast SEO plugin. -->","yoast_head_json":{"title":"\u017deljezo + Bakar + Vitamin C - SEN Shop","robots":{"index":"index","follow":"follow","max-snippet":"max-snippet:-1","max-image-preview":"max-image-preview:large","max-video-preview":"max-video-preview:-1"},"canonical":"https:\/\/sen-shop.com\/hr\/collections\/nekategorizirano-hr\/zeljezo-bakar-vitamin-c-kapsule\/","og_locale":"hr_HR","og_type":"article","og_title":"\u017deljezo + Bakar + Vitamin C - SEN Shop","og_description":"\u017deljezo poma\u017ee u smanjenju umora i iscrpljenosti! \u017deljezo je va\u017ean element u tijelu \u010dovjeka. Kao sastavni dio hemoglobina i mioglobina ve\u017ee kisik i odgovoran je za njegov prijenos u tijelo. \u017deljezo je tako\u0111er sastavni dio mnogih enzima i igra va\u017enu ulogu u funkcioniranju imunolo\u0161kog sustava i u mentalnoj ravnote\u017ei.  Potrebe za \u017eeljezom pove\u0107ane su kod djece, trudnica i \u017eena tijekom menstruacije.  Vitamin C poja\u010dava apsorpciju \u017eeljeza, podr\u017eava imunolo\u0161ki sustav i sudjeluje u mnogim tjelesnim procesima.  \u017deljezo i vitamin C doprinose smanjenju umora i iscrpljenosti.  Bakar je va\u017ean za stvaranje razli\u010ditih proteina i enzima. Tako\u0111er pridonosi prijenosu \u017eeljeza u tijelu.  60 kapsula za 2 mjeseca.","og_url":"https:\/\/sen-shop.com\/hr\/collections\/nekategorizirano-hr\/zeljezo-bakar-vitamin-c-kapsule\/","og_site_name":"SEN Shop","article_publisher":"https:\/\/www.facebook.com\/Senshopslovenija","article_modified_time":"2021-12-15T14:52:12+00:00","og_image":[{"width":506,"height":607,"url":"https:\/\/sen-shop.com\/wp-content\/uploads\/2021\/04\/zelezo.jpg","type":"image\/jpeg"}],"twitter_card":"summary_large_image","twitter_misc":{"Est. reading time":"1 minute"},"schema":{"@context":"https:\/\/schema.org","@graph":[{"@type":"WebPage","@id":"https:\/\/sen-shop.com\/hr\/collections\/nekategorizirano-hr\/zeljezo-bakar-vitamin-c-kapsule\/","url":"https:\/\/sen-shop.com\/hr\/collections\/nekategorizirano-hr\/zeljezo-bakar-vitamin-c-kapsule\/","name":"\u017deljezo + Bakar + Vitamin C - SEN Shop","isPartOf":{"@id":"https:\/\/sen-shop.com\/hr\/#website"},"datePublished":"2021-04-15T13:10:27+00:00","dateModified":"2021-12-15T14:52:12+00:00","breadcrumb":{"@id":"https:\/\/sen-shop.com\/hr\/collections\/nekategorizirano-hr\/zeljezo-bakar-vitamin-c-kapsule\/#breadcrumb"},"inLanguage":"hr-HR","potentialAction":[{"@type":"ReadAction","target":["https:\/\/sen-shop.com\/hr\/collections\/nekategorizirano-hr\/zeljezo-bakar-vitamin-c-kapsule\/"]}]},{"@type":"BreadcrumbList","@id":"https:\/\/sen-shop.com\/hr\/collections\/nekategorizirano-hr\/zeljezo-bakar-vitamin-c-kapsule\/#breadcrumb","itemListElement":[{"@type":"ListItem","position":1,"name":"Home","item":"https:\/\/sen-shop.com\/hr\/"},{"@type":"ListItem","position":2,"name":"\u017deljezo + Bakar + Vitamin C"}]},{"@type":"WebSite","@id":"https:\/\/sen-shop.com\/hr\/#website","url":"https:\/\/sen-shop.com\/hr\/","name":"SEN Shop","description":"Slovensko, Ekolo\u0161ko, Naravno","publisher":{"@id":"https:\/\/sen-shop.com\/hr\/#organization"},"potentialAction":[{"@type":"SearchAction","target":{"@type":"EntryPoint","urlTemplate":"https:\/\/sen-shop.com\/hr\/?s={search_term_string}"},"query-input":"required name=search_term_string"}],"inLanguage":"hr-HR"},{"@type":"Organization","@id":"https:\/\/sen-shop.com\/hr\/#organization","name":"Mind trade d.o.o","url":"https:\/\/sen-shop.com\/hr\/","logo":{"@type":"ImageObject","inLanguage":"hr-HR","@id":"https:\/\/sen-shop.com\/hr\/#\/schema\/logo\/image\/","url":"https:\/\/sen-shop.com\/wp-content\/uploads\/2018\/05\/header_logo.png","contentUrl":"https:\/\/sen-shop.com\/wp-content\/uploads\/2018\/05\/header_logo.png","width":138,"height":70,"caption":"Mind trade d.o.o"},"image":{"@id":"https:\/\/sen-shop.com\/hr\/#\/schema\/logo\/image\/"},"sameAs":["https:\/\/www.instagram.com\/senslovenija\/","https:\/\/www.facebook.com\/Senshopslovenija"]}]}},"_links":{"self":[{"href":"https:\/\/sen-shop.com\/hr\/wp-json\/wp\/v2\/product\/27231","targetHints":{"allow":["GET"]}}],"collection":[{"href":"https:\/\/sen-shop.com\/hr\/wp-json\/wp\/v2\/product"}],"about":[{"href":"https:\/\/sen-shop.com\/hr\/wp-json\/wp\/v2\/types\/product"}],"replies":[{"embeddable":true,"href":"https:\/\/sen-shop.com\/hr\/wp-json\/wp\/v2\/comments?post=27231"}],"wp:featuredmedia":[{"embeddable":true,"href":"https:\/\/sen-shop.com\/hr\/wp-json\/wp\/v2\/media\/27232"}],"wp:attachment":[{"href":"https:\/\/sen-shop.com\/hr\/wp-json\/wp\/v2\/media?parent=27231"}],"wp:term":[{"taxonomy":"product_cat","embeddable":true,"href":"https:\/\/sen-shop.com\/hr\/wp-json\/wp\/v2\/product_cat?post=27231"},{"taxonomy":"product_tag","embeddable":true,"href":"https:\/\/sen-shop.com\/hr\/wp-json\/wp\/v2\/product_tag?post=27231"}],"curies":[{"name":"wp","href":"https:\/\/api.w.org\/{rel}","templated":true}]}}