{"id":27225,"date":"2021-04-15T15:01:28","date_gmt":"2021-04-15T13:01:28","guid":{"rendered":"https:\/\/www.sen-shop.com\/?post_type=product&#038;p=27225"},"modified":"2021-12-15T15:52:47","modified_gmt":"2021-12-15T14:52:47","slug":"opc-sjemenke-grozda-300-mg-kapsule","status":"publish","type":"product","link":"https:\/\/sen-shop.com\/hr\/collections\/nekategorizirano-hr\/opc-sjemenke-grozda-300-mg-kapsule\/","title":{"rendered":"OPC &#8211; Sjemenke gro\u017e\u0111a 300 mg"},"content":{"rendered":"<p><strong>OPC (oligomerni proantocijanidini)<\/strong> je spoj koji se nalazi u sjemenkama gro\u017e\u0111a. Ekstrakt sjemenki gro\u017e\u0111a koji sadr\u017ei visoki udio vrijednih OPC-ova (oligomerni proantocijanidini) koristi se za izradu<strong> prirodnih OPC<\/strong> kapsula.<br \/>\nStru\u010dnjaci preporu\u010duju kori\u0161tenje OPC-a posebno u vrijeme pove\u0107ane fizi\u010dne aktivnosti. Sada mo\u017eete iskoristiti pozitivno djelovanje oligomernih proantocijanidina sa samo dvije OPC kapsule sjemenki gro\u017e\u0111a dnevno.<\/p>\n<p>Bez konzervansa, boja i laktoze. Pogodno i za dijabeti\u010dare.<\/p>\n<p>Hafesan OPC &#8211; Sjemenke gro\u017e\u0111a 300 mg | <strong>Sadr\u017eaj boce: 60 kapsula.<\/strong><\/p>\n<p><strong>Sastav:<\/strong><\/p>\n<p>ekstrakt sjemenki gro\u017e\u0111a<\/p>\n<p><strong>\u010cuvati izvan dohvata djece.<\/strong> \u010cuvajte proizvod na suhom mjestu pri temperaturi ispod 25 \u00b0 C. Preporu\u010dena dnevna koli\u010dina ili doza ne smiju se prekora\u010diti. Prehrambeni dodatak nije zamjena za uravnote\u017eenu i raznoliku prehranu i zdrav na\u010din \u017eivota.<\/p>\n<p>&nbsp;<\/p>\n<p><strong>Sadr\u017eaj: 60 kapsula (= 23,4 g neto te\u017eine)<\/strong><\/p>\n<p><strong>Preporu\u010dena dnevna koli\u010dina:<\/strong><\/p>\n<p>2x dnevno uzmite jednu kapsulu, nakon obroka s dovoljnom koli\u010dinom teku\u0107ine.<\/p>\n<p>&nbsp;<\/p>\n<p><strong>Dvije kapsule sadr\u017ee:<\/strong><\/p>\n<table class=\"rahmen\" border=\"1\" cellspacing=\"0\" cellpadding=\"0\">\n<tbody>\n<tr>\n<td valign=\"top\" width=\"241\">ekstrakt sjemenki gro\u017e\u0111a<\/p>\n<p>Ekstrakt sadr\u017ei:<br \/>\npolifenoli<br \/>\nproantocijanidini<\/td>\n<td valign=\"top\" width=\"84\">600,00 mg<\/p>\n<p>120,00 mg<br \/>\n92,00 mg<\/td>\n<\/tr>\n<\/tbody>\n<\/table>\n","protected":false},"excerpt":{"rendered":"<p><strong>OPC (oligomerni proantocijanidini)<\/strong> je spoj koji se nalazi u sjemenkama gro\u017e\u0111a. Ekstrakt sjemenki gro\u017e\u0111a koji sadr\u017ei visoki udio vrijednih OPC-ova (oligomerni proantocijanidini) koristi se za izradu<strong> prirodnih OPC<\/strong> kapsula.<br \/>\nStru\u010dnjaci preporu\u010duju kori\u0161tenje OPC-a posebno u vrijeme pove\u0107ane fizi\u010dne aktivnosti. Sada mo\u017eete iskoristiti pozitivno djelovanje oligomernih proantocijanidina sa samo dvije OPC kapsule sjemenki gro\u017e\u0111a dnevno.<\/p>\n<p>Bez konzervansa, boja i laktoze. Pogodno i za dijabeti\u010dare.<\/p>\n<p>Hafesan OPC &#8211; Sjemenke gro\u017e\u0111a 300 mg | <strong>Sadr\u017eaj boce: 60 kapsula.<\/strong><\/p>\n[banner_prehrana]\n","protected":false},"featured_media":27226,"comment_status":"open","ping_status":"closed","template":"","meta":{"inline_featured_image":false},"product_cat":[810],"product_tag":[466,463,467,468,469,470],"class_list":["post-27225","product","type-product","status-publish","has-post-thumbnail","hentry","product_cat-nekategorizirano-hr","product_tag-energija","product_tag-hafesan","product_tag-kapsule","product_tag-opc","product_tag-sjemenke-grozda","product_tag-snaga"],"acf":[],"yoast_head":"<!-- This site is optimized with the Yoast SEO plugin v19.13 - https:\/\/yoast.com\/wordpress\/plugins\/seo\/ -->\n<title>OPC - Sjemenke gro\u017e\u0111a 300 mg - SEN Shop<\/title>\n<meta name=\"robots\" content=\"index, follow, max-snippet:-1, max-image-preview:large, max-video-preview:-1\" \/>\n<link rel=\"canonical\" href=\"https:\/\/sen-shop.com\/hr\/collections\/nekategorizirano-hr\/opc-sjemenke-grozda-300-mg-kapsule\/\" \/>\n<meta property=\"og:locale\" content=\"hr_HR\" \/>\n<meta property=\"og:type\" content=\"article\" \/>\n<meta property=\"og:title\" content=\"OPC - Sjemenke gro\u017e\u0111a 300 mg - SEN Shop\" \/>\n<meta property=\"og:description\" content=\"OPC (oligomerni proantocijanidini) je spoj koji se nalazi u sjemenkama gro\u017e\u0111a. Ekstrakt sjemenki gro\u017e\u0111a koji sadr\u017ei visoki udio vrijednih OPC-ova (oligomerni proantocijanidini) koristi se za izradu prirodnih OPC kapsula. Stru\u010dnjaci preporu\u010duju kori\u0161tenje OPC-a posebno u vrijeme pove\u0107ane fizi\u010dne aktivnosti. Sada mo\u017eete iskoristiti pozitivno djelovanje oligomernih proantocijanidina sa samo dvije OPC kapsule sjemenki gro\u017e\u0111a dnevno.  Bez konzervansa, boja i laktoze. Pogodno i za dijabeti\u010dare.  Hafesan OPC - Sjemenke gro\u017e\u0111a 300 mg | Sadr\u017eaj boce: 60 kapsula.\" \/>\n<meta property=\"og:url\" content=\"https:\/\/sen-shop.com\/hr\/collections\/nekategorizirano-hr\/opc-sjemenke-grozda-300-mg-kapsule\/\" \/>\n<meta property=\"og:site_name\" content=\"SEN Shop\" \/>\n<meta property=\"article:publisher\" content=\"https:\/\/www.facebook.com\/Senshopslovenija\" \/>\n<meta property=\"article:modified_time\" content=\"2021-12-15T14:52:47+00:00\" \/>\n<meta property=\"og:image\" content=\"https:\/\/sen-shop.com\/wp-content\/uploads\/2021\/04\/opc.jpg\" \/>\n\t<meta property=\"og:image:width\" content=\"506\" \/>\n\t<meta property=\"og:image:height\" content=\"607\" \/>\n\t<meta property=\"og:image:type\" content=\"image\/jpeg\" \/>\n<meta name=\"twitter:card\" content=\"summary_large_image\" \/>\n<meta name=\"twitter:label1\" content=\"Est. reading time\" \/>\n\t<meta name=\"twitter:data1\" content=\"1 minute\" \/>\n<script type=\"application\/ld+json\" class=\"yoast-schema-graph\">{\"@context\":\"https:\/\/schema.org\",\"@graph\":[{\"@type\":\"WebPage\",\"@id\":\"https:\/\/sen-shop.com\/hr\/collections\/nekategorizirano-hr\/opc-sjemenke-grozda-300-mg-kapsule\/\",\"url\":\"https:\/\/sen-shop.com\/hr\/collections\/nekategorizirano-hr\/opc-sjemenke-grozda-300-mg-kapsule\/\",\"name\":\"OPC - Sjemenke gro\u017e\u0111a 300 mg - SEN Shop\",\"isPartOf\":{\"@id\":\"https:\/\/sen-shop.com\/hr\/#website\"},\"datePublished\":\"2021-04-15T13:01:28+00:00\",\"dateModified\":\"2021-12-15T14:52:47+00:00\",\"breadcrumb\":{\"@id\":\"https:\/\/sen-shop.com\/hr\/collections\/nekategorizirano-hr\/opc-sjemenke-grozda-300-mg-kapsule\/#breadcrumb\"},\"inLanguage\":\"hr-HR\",\"potentialAction\":[{\"@type\":\"ReadAction\",\"target\":[\"https:\/\/sen-shop.com\/hr\/collections\/nekategorizirano-hr\/opc-sjemenke-grozda-300-mg-kapsule\/\"]}]},{\"@type\":\"BreadcrumbList\",\"@id\":\"https:\/\/sen-shop.com\/hr\/collections\/nekategorizirano-hr\/opc-sjemenke-grozda-300-mg-kapsule\/#breadcrumb\",\"itemListElement\":[{\"@type\":\"ListItem\",\"position\":1,\"name\":\"Home\",\"item\":\"https:\/\/sen-shop.com\/hr\/\"},{\"@type\":\"ListItem\",\"position\":2,\"name\":\"OPC &#8211; Sjemenke gro\u017e\u0111a 300 mg\"}]},{\"@type\":\"WebSite\",\"@id\":\"https:\/\/sen-shop.com\/hr\/#website\",\"url\":\"https:\/\/sen-shop.com\/hr\/\",\"name\":\"SEN Shop\",\"description\":\"Slovensko, Ekolo\u0161ko, Naravno\",\"publisher\":{\"@id\":\"https:\/\/sen-shop.com\/hr\/#organization\"},\"potentialAction\":[{\"@type\":\"SearchAction\",\"target\":{\"@type\":\"EntryPoint\",\"urlTemplate\":\"https:\/\/sen-shop.com\/hr\/?s={search_term_string}\"},\"query-input\":\"required name=search_term_string\"}],\"inLanguage\":\"hr-HR\"},{\"@type\":\"Organization\",\"@id\":\"https:\/\/sen-shop.com\/hr\/#organization\",\"name\":\"Mind trade d.o.o\",\"url\":\"https:\/\/sen-shop.com\/hr\/\",\"logo\":{\"@type\":\"ImageObject\",\"inLanguage\":\"hr-HR\",\"@id\":\"https:\/\/sen-shop.com\/hr\/#\/schema\/logo\/image\/\",\"url\":\"https:\/\/sen-shop.com\/wp-content\/uploads\/2018\/05\/header_logo.png\",\"contentUrl\":\"https:\/\/sen-shop.com\/wp-content\/uploads\/2018\/05\/header_logo.png\",\"width\":138,\"height\":70,\"caption\":\"Mind trade d.o.o\"},\"image\":{\"@id\":\"https:\/\/sen-shop.com\/hr\/#\/schema\/logo\/image\/\"},\"sameAs\":[\"https:\/\/www.instagram.com\/senslovenija\/\",\"https:\/\/www.facebook.com\/Senshopslovenija\"]}]}<\/script>\n<!-- \/ Yoast SEO plugin. -->","yoast_head_json":{"title":"OPC - Sjemenke gro\u017e\u0111a 300 mg - SEN Shop","robots":{"index":"index","follow":"follow","max-snippet":"max-snippet:-1","max-image-preview":"max-image-preview:large","max-video-preview":"max-video-preview:-1"},"canonical":"https:\/\/sen-shop.com\/hr\/collections\/nekategorizirano-hr\/opc-sjemenke-grozda-300-mg-kapsule\/","og_locale":"hr_HR","og_type":"article","og_title":"OPC - Sjemenke gro\u017e\u0111a 300 mg - SEN Shop","og_description":"OPC (oligomerni proantocijanidini) je spoj koji se nalazi u sjemenkama gro\u017e\u0111a. Ekstrakt sjemenki gro\u017e\u0111a koji sadr\u017ei visoki udio vrijednih OPC-ova (oligomerni proantocijanidini) koristi se za izradu prirodnih OPC kapsula. Stru\u010dnjaci preporu\u010duju kori\u0161tenje OPC-a posebno u vrijeme pove\u0107ane fizi\u010dne aktivnosti. Sada mo\u017eete iskoristiti pozitivno djelovanje oligomernih proantocijanidina sa samo dvije OPC kapsule sjemenki gro\u017e\u0111a dnevno.  Bez konzervansa, boja i laktoze. Pogodno i za dijabeti\u010dare.  Hafesan OPC - Sjemenke gro\u017e\u0111a 300 mg | Sadr\u017eaj boce: 60 kapsula.","og_url":"https:\/\/sen-shop.com\/hr\/collections\/nekategorizirano-hr\/opc-sjemenke-grozda-300-mg-kapsule\/","og_site_name":"SEN Shop","article_publisher":"https:\/\/www.facebook.com\/Senshopslovenija","article_modified_time":"2021-12-15T14:52:47+00:00","og_image":[{"width":506,"height":607,"url":"https:\/\/sen-shop.com\/wp-content\/uploads\/2021\/04\/opc.jpg","type":"image\/jpeg"}],"twitter_card":"summary_large_image","twitter_misc":{"Est. reading time":"1 minute"},"schema":{"@context":"https:\/\/schema.org","@graph":[{"@type":"WebPage","@id":"https:\/\/sen-shop.com\/hr\/collections\/nekategorizirano-hr\/opc-sjemenke-grozda-300-mg-kapsule\/","url":"https:\/\/sen-shop.com\/hr\/collections\/nekategorizirano-hr\/opc-sjemenke-grozda-300-mg-kapsule\/","name":"OPC - Sjemenke gro\u017e\u0111a 300 mg - SEN Shop","isPartOf":{"@id":"https:\/\/sen-shop.com\/hr\/#website"},"datePublished":"2021-04-15T13:01:28+00:00","dateModified":"2021-12-15T14:52:47+00:00","breadcrumb":{"@id":"https:\/\/sen-shop.com\/hr\/collections\/nekategorizirano-hr\/opc-sjemenke-grozda-300-mg-kapsule\/#breadcrumb"},"inLanguage":"hr-HR","potentialAction":[{"@type":"ReadAction","target":["https:\/\/sen-shop.com\/hr\/collections\/nekategorizirano-hr\/opc-sjemenke-grozda-300-mg-kapsule\/"]}]},{"@type":"BreadcrumbList","@id":"https:\/\/sen-shop.com\/hr\/collections\/nekategorizirano-hr\/opc-sjemenke-grozda-300-mg-kapsule\/#breadcrumb","itemListElement":[{"@type":"ListItem","position":1,"name":"Home","item":"https:\/\/sen-shop.com\/hr\/"},{"@type":"ListItem","position":2,"name":"OPC &#8211; Sjemenke gro\u017e\u0111a 300 mg"}]},{"@type":"WebSite","@id":"https:\/\/sen-shop.com\/hr\/#website","url":"https:\/\/sen-shop.com\/hr\/","name":"SEN Shop","description":"Slovensko, Ekolo\u0161ko, Naravno","publisher":{"@id":"https:\/\/sen-shop.com\/hr\/#organization"},"potentialAction":[{"@type":"SearchAction","target":{"@type":"EntryPoint","urlTemplate":"https:\/\/sen-shop.com\/hr\/?s={search_term_string}"},"query-input":"required name=search_term_string"}],"inLanguage":"hr-HR"},{"@type":"Organization","@id":"https:\/\/sen-shop.com\/hr\/#organization","name":"Mind trade d.o.o","url":"https:\/\/sen-shop.com\/hr\/","logo":{"@type":"ImageObject","inLanguage":"hr-HR","@id":"https:\/\/sen-shop.com\/hr\/#\/schema\/logo\/image\/","url":"https:\/\/sen-shop.com\/wp-content\/uploads\/2018\/05\/header_logo.png","contentUrl":"https:\/\/sen-shop.com\/wp-content\/uploads\/2018\/05\/header_logo.png","width":138,"height":70,"caption":"Mind trade d.o.o"},"image":{"@id":"https:\/\/sen-shop.com\/hr\/#\/schema\/logo\/image\/"},"sameAs":["https:\/\/www.instagram.com\/senslovenija\/","https:\/\/www.facebook.com\/Senshopslovenija"]}]}},"_links":{"self":[{"href":"https:\/\/sen-shop.com\/hr\/wp-json\/wp\/v2\/product\/27225","targetHints":{"allow":["GET"]}}],"collection":[{"href":"https:\/\/sen-shop.com\/hr\/wp-json\/wp\/v2\/product"}],"about":[{"href":"https:\/\/sen-shop.com\/hr\/wp-json\/wp\/v2\/types\/product"}],"replies":[{"embeddable":true,"href":"https:\/\/sen-shop.com\/hr\/wp-json\/wp\/v2\/comments?post=27225"}],"wp:featuredmedia":[{"embeddable":true,"href":"https:\/\/sen-shop.com\/hr\/wp-json\/wp\/v2\/media\/27226"}],"wp:attachment":[{"href":"https:\/\/sen-shop.com\/hr\/wp-json\/wp\/v2\/media?parent=27225"}],"wp:term":[{"taxonomy":"product_cat","embeddable":true,"href":"https:\/\/sen-shop.com\/hr\/wp-json\/wp\/v2\/product_cat?post=27225"},{"taxonomy":"product_tag","embeddable":true,"href":"https:\/\/sen-shop.com\/hr\/wp-json\/wp\/v2\/product_tag?post=27225"}],"curies":[{"name":"wp","href":"https:\/\/api.w.org\/{rel}","templated":true}]}}