{"id":27222,"date":"2021-04-15T14:57:31","date_gmt":"2021-04-15T12:57:31","guid":{"rendered":"https:\/\/www.sen-shop.com\/?post_type=product&#038;p=27222"},"modified":"2021-12-15T15:53:47","modified_gmt":"2021-12-15T14:53:47","slug":"triozym-tablete-za-zvakanje","status":"publish","type":"product","link":"https:\/\/sen-shop.com\/hr\/collections\/prehrambeni-dodaci\/mrsavljenje\/triozym-tablete-za-zvakanje\/","title":{"rendered":"Triozym tablete za \u017evakanje"},"content":{"rendered":"<h3>Jednostavno mr\u0161avljenje enzimima!<\/h3>\n<p>Nedavna istra\u017eivanja povezana s vi\u0161kom kilograma pokazala su da <strong>enzimi napravljeni od ananasa, manga i papaje u kombinaciji s prirodnim vlaknima uspje\u0161no utje\u010du na gubitak kilograma i nezaobilazni su dio dijeta za mr\u0161avljenje.<\/strong>Tablete za \u017evakanje hafesan Triozym sadr\u017ee <strong>prirodne biljne enzime<\/strong> i vrlo u\u010dinkovito vlakno koje poti\u010de metabolizam i <strong>pobolj\u0161ava probavu<\/strong>. Umjesto grickalica, uzmite hafesan Triozym tablete za \u017evakanje kako biste zamijenili \u017eudnju za slatki\u0161ima, olak\u0161avaju\u0107i sebi prirodno mr\u0161avljenje. Tablete su ugodnog <strong>vo\u0107nog<\/strong> okusa i imaju vrlo <strong>nisku<\/strong> energetsku vrijednost. Olak\u0161avaju vam dijetu za mr\u0161avljenje i poma\u017eu vam da podnesete stres u toku mr\u0161avljenja.<\/p>\n<p>Triozym tablete za \u017evakanje:<br \/>\n&#8211; pobolj\u0161avaju probavu,<br \/>\n&#8211; oja\u010davaju crijevnu floru,<br \/>\n&#8211; pove\u0107aju koli\u010dinu i volumen izlu\u010divanja,<br \/>\n&#8211; preporu\u010duju se za pomo\u0107 u mr\u0161avljenju i kontroli te\u017eine.<\/p>\n<p>Bez konzervansa i boja.<\/p>\n<p>Hafesan Triozym tablete za \u017evakanje | <strong>Sadr\u017eaj boce: 90 tableta za \u017evakanje.<\/strong><\/p>\n<p><strong>Sastav:<\/strong><\/p>\n<p>Dekstrin, sorbitol, pra\u0161ak papaje, ananas u prahu, mango u prahu, aroma.<br \/>\nEnzimi: papain, bromelain, aktinidin.<br \/>\nAnti-ljepilo: Magnezijeve soli masnih kiselina.<\/p>\n<p>&nbsp;<\/p>\n<p><strong>\u010cuvati izvan dohvata djece.<\/strong> \u010cuvajte proizvod na suhom mjestu pri temperaturi ispod 25 \u00b0 C. Preporu\u010dena dnevna koli\u010dina ili doza ne smiju se prekora\u010diti. Prehrambeni dodatak nije zamjena za uravnote\u017eenu i raznoliku prehranu i zdrav na\u010din \u017eivota.<\/p>\n<p>&nbsp;<\/p>\n<p><strong>Sadr\u017eaj: 90 \u017evaka\u0107ih tableta (= 150,0 g neto te\u017eine)<\/strong><\/p>\n<p><strong>Preporu\u010dena dnevna koli\u010dina:<\/strong><\/p>\n<p>Uzimajte tri tablete 2 puta dnevno prije jela s najmanje pola litre teku\u0107ine (voda ili mineralna voda).<\/p>\n<table class=\"rahmen\" border=\"0\" cellspacing=\"0\" cellpadding=\"0\">\n<tbody>\n<tr>\n<td valign=\"top\" nowrap=\"nowrap\" width=\"107\"><strong>Hranjiva vrijednost<\/strong><\/td>\n<td valign=\"top\" nowrap=\"nowrap\" width=\"126\">\n<p align=\"center\"><strong>Dnevna doza<br \/>\n(6 tableta)<br \/>\n<\/strong><\/p>\n<\/td>\n<td valign=\"top\" nowrap=\"nowrap\" width=\"136\">\n<p align=\"center\"><strong>100 g sadr\u017ei<\/strong><\/p>\n<\/td>\n<\/tr>\n<tr>\n<td valign=\"top\" nowrap=\"nowrap\" width=\"107\">En. vrijednost<\/td>\n<td valign=\"top\" nowrap=\"nowrap\" width=\"126\">\n<p align=\"center\">19,8 kcal \/ 84 kJ<\/p>\n<\/td>\n<td valign=\"top\" nowrap=\"nowrap\" width=\"136\">\n<p align=\"center\">199 kcal \/ 839 kJ<\/p>\n<\/td>\n<\/tr>\n<tr>\n<td valign=\"top\" nowrap=\"nowrap\" width=\"107\">Proteini<\/td>\n<td valign=\"top\" nowrap=\"nowrap\" width=\"126\">\n<p align=\"center\">&lt; 0,06 g<\/p>\n<\/td>\n<td valign=\"top\" nowrap=\"nowrap\" width=\"136\">\n<p align=\"center\">&lt; 0,1 g<\/p>\n<\/td>\n<\/tr>\n<tr>\n<td valign=\"top\" nowrap=\"nowrap\" width=\"107\">Ugljikohidrati<\/td>\n<td valign=\"top\" nowrap=\"nowrap\" width=\"126\">\n<p align=\"center\">6,0 g<\/p>\n<\/td>\n<td valign=\"top\" nowrap=\"nowrap\" width=\"136\">\n<p align=\"center\">57,5 g<\/p>\n<\/td>\n<\/tr>\n<tr>\n<td valign=\"top\" nowrap=\"nowrap\" width=\"107\">Masti<\/td>\n<td valign=\"top\" nowrap=\"nowrap\" width=\"126\">\n<p align=\"center\">0,1 g<\/p>\n<\/td>\n<td valign=\"top\" nowrap=\"nowrap\" width=\"136\">\n<p align=\"center\">1,1 g<\/p>\n<\/td>\n<\/tr>\n<tr>\n<td valign=\"top\" nowrap=\"nowrap\" width=\"107\">Fibersol-2<\/td>\n<td valign=\"top\" nowrap=\"nowrap\" width=\"126\">\n<p align=\"center\">2,7 g<\/p>\n<\/td>\n<td valign=\"top\" nowrap=\"nowrap\" width=\"136\">\n<p align=\"center\">25,9 g<\/p>\n<\/td>\n<\/tr>\n<tr>\n<td valign=\"top\" nowrap=\"nowrap\" width=\"107\">Papaja<\/td>\n<td valign=\"top\" nowrap=\"nowrap\" width=\"126\">\n<p align=\"center\">1,5 g<\/p>\n<\/td>\n<td valign=\"top\" nowrap=\"nowrap\" width=\"136\">\n<p align=\"center\">14,4 g<\/p>\n<\/td>\n<\/tr>\n<tr>\n<td valign=\"top\" nowrap=\"nowrap\" width=\"107\">Ananas<\/td>\n<td valign=\"top\" nowrap=\"nowrap\" width=\"126\">\n<p align=\"center\">1,5 g<\/p>\n<\/td>\n<td valign=\"top\" nowrap=\"nowrap\" width=\"136\">\n<p align=\"center\">14,4 g<\/p>\n<\/td>\n<\/tr>\n<tr>\n<td valign=\"top\" nowrap=\"nowrap\" width=\"107\">Mango<\/td>\n<td valign=\"top\" nowrap=\"nowrap\" width=\"126\">\n<p align=\"center\">1,5 g<\/p>\n<\/td>\n<td valign=\"top\" nowrap=\"nowrap\" width=\"136\">\n<p align=\"center\">14,4 g<\/p>\n<\/td>\n<\/tr>\n<tr>\n<td valign=\"top\" nowrap=\"nowrap\" width=\"107\">Papain<\/td>\n<td valign=\"top\" nowrap=\"nowrap\" width=\"126\">\n<p align=\"center\">150,0 mg<\/p>\n<\/td>\n<td valign=\"top\" nowrap=\"nowrap\" width=\"136\">\n<p align=\"center\">1,4 g<\/p>\n<\/td>\n<\/tr>\n<tr>\n<td valign=\"top\" nowrap=\"nowrap\" width=\"107\">Bromelain<\/td>\n<td valign=\"top\" nowrap=\"nowrap\" width=\"126\">\n<p align=\"center\">150,0 mg<\/p>\n<\/td>\n<td valign=\"top\" nowrap=\"nowrap\" width=\"136\">\n<p align=\"center\">1,4 g<\/p>\n<\/td>\n<\/tr>\n<tr>\n<td valign=\"top\" nowrap=\"nowrap\" width=\"107\">Aktinidin<\/td>\n<td valign=\"top\" nowrap=\"nowrap\" width=\"126\">\n<p align=\"center\">60,0 mg<\/p>\n<\/td>\n<td valign=\"top\" nowrap=\"nowrap\" width=\"136\">\n<p align=\"center\">0,6 g<\/p>\n<\/td>\n<\/tr>\n<tr>\n<td valign=\"top\" nowrap=\"nowrap\" width=\"107\">BE<\/td>\n<td valign=\"top\" nowrap=\"nowrap\" width=\"126\">\n<p align=\"center\">0,5<\/p>\n<\/td>\n<td valign=\"top\" nowrap=\"nowrap\" width=\"136\">\n<p align=\"center\">4,8<\/p>\n<\/td>\n<\/tr>\n<\/tbody>\n<\/table>\n<p>&nbsp;<\/p>\n","protected":false},"excerpt":{"rendered":"<h3>Jednostavno mr\u0161avljenje enzimima!<\/h3>\n<p>Nedavna istra\u017eivanja povezana s vi\u0161kom kilograma pokazala su da <strong>enzimi napravljeni od ananasa, manga i papaje u kombinaciji s prirodnim vlaknima uspje\u0161no utje\u010du na gubitak kilograma i nezaobilazni su dio dijeta za mr\u0161avljenje.<\/strong>Tablete za \u017evakanje hafesan Triozym sadr\u017ee <strong>prirodne biljne enzime<\/strong> i vrlo u\u010dinkovito vlakno koje poti\u010de metabolizam i <strong>pobolj\u0161ava probavu<\/strong>. Umjesto grickalica, uzmite hafesan Triozym tablete za \u017evakanje kako biste zamijenili \u017eudnju za slatki\u0161ima, olak\u0161avaju\u0107i sebi prirodno mr\u0161avljenje. Tablete su ugodnog <strong>vo\u0107nog<\/strong> okusa i imaju vrlo <strong>nisku<\/strong> energetsku vrijednost. Olak\u0161avaju vam dijetu za mr\u0161avljenje i poma\u017eu vam da podnesete stres u toku mr\u0161avljenja.<\/p>\n<p>Triozym tablete za \u017evakanje:<br \/>\n&#8211; pobolj\u0161avaju probavu,<br \/>\n&#8211; oja\u010davaju crijevnu floru,<br \/>\n&#8211; pove\u0107aju koli\u010dinu i volumen izlu\u010divanja,<br \/>\n&#8211; preporu\u010duju se za pomo\u0107 u mr\u0161avljenju i kontroli te\u017eine.<\/p>\n<p>Bez konzervansa i boja.<\/p>\n<p>Hafesan Triozym tablete za \u017evakanje | <strong>Sadr\u017eaj boce: 90 tableta za \u017evakanje.<\/strong><\/p>\n[banner_prehrana]\n","protected":false},"featured_media":27223,"comment_status":"open","ping_status":"closed","template":"","meta":{"inline_featured_image":false},"product_cat":[402,810],"product_tag":[462,463,453,399,464,465],"class_list":["post-27222","product","type-product","status-publish","has-post-thumbnail","hentry","product_cat-mrsavljenje","product_cat-nekategorizirano-hr","product_tag-gubitak-kilograma","product_tag-hafesan","product_tag-mrsavljenje","product_tag-prirodno","product_tag-tablete-za-mrsavljenje","product_tag-zdravo-tijelo"],"acf":[],"yoast_head":"<!-- This site is optimized with the Yoast SEO plugin v19.13 - https:\/\/yoast.com\/wordpress\/plugins\/seo\/ -->\n<title>Triozym tablete za \u017evakanje - SEN Shop<\/title>\n<meta name=\"robots\" content=\"index, follow, max-snippet:-1, max-image-preview:large, max-video-preview:-1\" \/>\n<link rel=\"canonical\" href=\"https:\/\/sen-shop.com\/hr\/collections\/prehrambeni-dodaci\/mrsavljenje\/triozym-tablete-za-zvakanje\/\" \/>\n<meta property=\"og:locale\" content=\"hr_HR\" \/>\n<meta property=\"og:type\" content=\"article\" \/>\n<meta property=\"og:title\" content=\"Triozym tablete za \u017evakanje - SEN Shop\" \/>\n<meta property=\"og:description\" content=\"Jednostavno mr\u0161avljenje enzimima! Nedavna istra\u017eivanja povezana s vi\u0161kom kilograma pokazala su da enzimi napravljeni od ananasa, manga i papaje u kombinaciji s prirodnim vlaknima uspje\u0161no utje\u010du na gubitak kilograma i nezaobilazni su dio dijeta za mr\u0161avljenje.Tablete za \u017evakanje hafesan Triozym sadr\u017ee prirodne biljne enzime i vrlo u\u010dinkovito vlakno koje poti\u010de metabolizam i pobolj\u0161ava probavu. Umjesto grickalica, uzmite hafesan Triozym tablete za \u017evakanje kako biste zamijenili \u017eudnju za slatki\u0161ima, olak\u0161avaju\u0107i sebi prirodno mr\u0161avljenje. Tablete su ugodnog vo\u0107nog okusa i imaju vrlo nisku energetsku vrijednost. Olak\u0161avaju vam dijetu za mr\u0161avljenje i poma\u017eu vam da podnesete stres u toku mr\u0161avljenja.  Triozym tablete za \u017evakanje: - pobolj\u0161avaju probavu, - oja\u010davaju crijevnu floru, - pove\u0107aju koli\u010dinu i volumen izlu\u010divanja, - preporu\u010duju se za pomo\u0107 u mr\u0161avljenju i kontroli te\u017eine.  Bez konzervansa i boja.  Hafesan Triozym tablete za \u017evakanje | Sadr\u017eaj boce: 90 tableta za \u017evakanje.\" \/>\n<meta property=\"og:url\" content=\"https:\/\/sen-shop.com\/hr\/collections\/prehrambeni-dodaci\/mrsavljenje\/triozym-tablete-za-zvakanje\/\" \/>\n<meta property=\"og:site_name\" content=\"SEN Shop\" \/>\n<meta property=\"article:publisher\" content=\"https:\/\/www.facebook.com\/Senshopslovenija\" \/>\n<meta property=\"article:modified_time\" content=\"2021-12-15T14:53:47+00:00\" \/>\n<meta property=\"og:image\" content=\"https:\/\/sen-shop.com\/wp-content\/uploads\/2021\/04\/triozym.jpg\" \/>\n\t<meta property=\"og:image:width\" content=\"506\" \/>\n\t<meta property=\"og:image:height\" content=\"607\" \/>\n\t<meta property=\"og:image:type\" content=\"image\/jpeg\" \/>\n<meta name=\"twitter:card\" content=\"summary_large_image\" \/>\n<meta name=\"twitter:label1\" content=\"Est. reading time\" \/>\n\t<meta name=\"twitter:data1\" content=\"2 minutes\" \/>\n<script type=\"application\/ld+json\" class=\"yoast-schema-graph\">{\"@context\":\"https:\/\/schema.org\",\"@graph\":[{\"@type\":\"WebPage\",\"@id\":\"https:\/\/sen-shop.com\/hr\/collections\/prehrambeni-dodaci\/mrsavljenje\/triozym-tablete-za-zvakanje\/\",\"url\":\"https:\/\/sen-shop.com\/hr\/collections\/prehrambeni-dodaci\/mrsavljenje\/triozym-tablete-za-zvakanje\/\",\"name\":\"Triozym tablete za \u017evakanje - SEN Shop\",\"isPartOf\":{\"@id\":\"https:\/\/sen-shop.com\/hr\/#website\"},\"datePublished\":\"2021-04-15T12:57:31+00:00\",\"dateModified\":\"2021-12-15T14:53:47+00:00\",\"breadcrumb\":{\"@id\":\"https:\/\/sen-shop.com\/hr\/collections\/prehrambeni-dodaci\/mrsavljenje\/triozym-tablete-za-zvakanje\/#breadcrumb\"},\"inLanguage\":\"hr-HR\",\"potentialAction\":[{\"@type\":\"ReadAction\",\"target\":[\"https:\/\/sen-shop.com\/hr\/collections\/prehrambeni-dodaci\/mrsavljenje\/triozym-tablete-za-zvakanje\/\"]}]},{\"@type\":\"BreadcrumbList\",\"@id\":\"https:\/\/sen-shop.com\/hr\/collections\/prehrambeni-dodaci\/mrsavljenje\/triozym-tablete-za-zvakanje\/#breadcrumb\",\"itemListElement\":[{\"@type\":\"ListItem\",\"position\":1,\"name\":\"Home\",\"item\":\"https:\/\/sen-shop.com\/hr\/\"},{\"@type\":\"ListItem\",\"position\":2,\"name\":\"Triozym tablete za \u017evakanje\"}]},{\"@type\":\"WebSite\",\"@id\":\"https:\/\/sen-shop.com\/hr\/#website\",\"url\":\"https:\/\/sen-shop.com\/hr\/\",\"name\":\"SEN Shop\",\"description\":\"Slovensko, Ekolo\u0161ko, Naravno\",\"publisher\":{\"@id\":\"https:\/\/sen-shop.com\/hr\/#organization\"},\"potentialAction\":[{\"@type\":\"SearchAction\",\"target\":{\"@type\":\"EntryPoint\",\"urlTemplate\":\"https:\/\/sen-shop.com\/hr\/?s={search_term_string}\"},\"query-input\":\"required name=search_term_string\"}],\"inLanguage\":\"hr-HR\"},{\"@type\":\"Organization\",\"@id\":\"https:\/\/sen-shop.com\/hr\/#organization\",\"name\":\"Mind trade d.o.o\",\"url\":\"https:\/\/sen-shop.com\/hr\/\",\"logo\":{\"@type\":\"ImageObject\",\"inLanguage\":\"hr-HR\",\"@id\":\"https:\/\/sen-shop.com\/hr\/#\/schema\/logo\/image\/\",\"url\":\"https:\/\/sen-shop.com\/wp-content\/uploads\/2018\/05\/header_logo.png\",\"contentUrl\":\"https:\/\/sen-shop.com\/wp-content\/uploads\/2018\/05\/header_logo.png\",\"width\":138,\"height\":70,\"caption\":\"Mind trade d.o.o\"},\"image\":{\"@id\":\"https:\/\/sen-shop.com\/hr\/#\/schema\/logo\/image\/\"},\"sameAs\":[\"https:\/\/www.instagram.com\/senslovenija\/\",\"https:\/\/www.facebook.com\/Senshopslovenija\"]}]}<\/script>\n<!-- \/ Yoast SEO plugin. -->","yoast_head_json":{"title":"Triozym tablete za \u017evakanje - SEN Shop","robots":{"index":"index","follow":"follow","max-snippet":"max-snippet:-1","max-image-preview":"max-image-preview:large","max-video-preview":"max-video-preview:-1"},"canonical":"https:\/\/sen-shop.com\/hr\/collections\/prehrambeni-dodaci\/mrsavljenje\/triozym-tablete-za-zvakanje\/","og_locale":"hr_HR","og_type":"article","og_title":"Triozym tablete za \u017evakanje - SEN Shop","og_description":"Jednostavno mr\u0161avljenje enzimima! Nedavna istra\u017eivanja povezana s vi\u0161kom kilograma pokazala su da enzimi napravljeni od ananasa, manga i papaje u kombinaciji s prirodnim vlaknima uspje\u0161no utje\u010du na gubitak kilograma i nezaobilazni su dio dijeta za mr\u0161avljenje.Tablete za \u017evakanje hafesan Triozym sadr\u017ee prirodne biljne enzime i vrlo u\u010dinkovito vlakno koje poti\u010de metabolizam i pobolj\u0161ava probavu. Umjesto grickalica, uzmite hafesan Triozym tablete za \u017evakanje kako biste zamijenili \u017eudnju za slatki\u0161ima, olak\u0161avaju\u0107i sebi prirodno mr\u0161avljenje. Tablete su ugodnog vo\u0107nog okusa i imaju vrlo nisku energetsku vrijednost. Olak\u0161avaju vam dijetu za mr\u0161avljenje i poma\u017eu vam da podnesete stres u toku mr\u0161avljenja.  Triozym tablete za \u017evakanje: - pobolj\u0161avaju probavu, - oja\u010davaju crijevnu floru, - pove\u0107aju koli\u010dinu i volumen izlu\u010divanja, - preporu\u010duju se za pomo\u0107 u mr\u0161avljenju i kontroli te\u017eine.  Bez konzervansa i boja.  Hafesan Triozym tablete za \u017evakanje | Sadr\u017eaj boce: 90 tableta za \u017evakanje.","og_url":"https:\/\/sen-shop.com\/hr\/collections\/prehrambeni-dodaci\/mrsavljenje\/triozym-tablete-za-zvakanje\/","og_site_name":"SEN Shop","article_publisher":"https:\/\/www.facebook.com\/Senshopslovenija","article_modified_time":"2021-12-15T14:53:47+00:00","og_image":[{"width":506,"height":607,"url":"https:\/\/sen-shop.com\/wp-content\/uploads\/2021\/04\/triozym.jpg","type":"image\/jpeg"}],"twitter_card":"summary_large_image","twitter_misc":{"Est. reading time":"2 minutes"},"schema":{"@context":"https:\/\/schema.org","@graph":[{"@type":"WebPage","@id":"https:\/\/sen-shop.com\/hr\/collections\/prehrambeni-dodaci\/mrsavljenje\/triozym-tablete-za-zvakanje\/","url":"https:\/\/sen-shop.com\/hr\/collections\/prehrambeni-dodaci\/mrsavljenje\/triozym-tablete-za-zvakanje\/","name":"Triozym tablete za \u017evakanje - SEN Shop","isPartOf":{"@id":"https:\/\/sen-shop.com\/hr\/#website"},"datePublished":"2021-04-15T12:57:31+00:00","dateModified":"2021-12-15T14:53:47+00:00","breadcrumb":{"@id":"https:\/\/sen-shop.com\/hr\/collections\/prehrambeni-dodaci\/mrsavljenje\/triozym-tablete-za-zvakanje\/#breadcrumb"},"inLanguage":"hr-HR","potentialAction":[{"@type":"ReadAction","target":["https:\/\/sen-shop.com\/hr\/collections\/prehrambeni-dodaci\/mrsavljenje\/triozym-tablete-za-zvakanje\/"]}]},{"@type":"BreadcrumbList","@id":"https:\/\/sen-shop.com\/hr\/collections\/prehrambeni-dodaci\/mrsavljenje\/triozym-tablete-za-zvakanje\/#breadcrumb","itemListElement":[{"@type":"ListItem","position":1,"name":"Home","item":"https:\/\/sen-shop.com\/hr\/"},{"@type":"ListItem","position":2,"name":"Triozym tablete za \u017evakanje"}]},{"@type":"WebSite","@id":"https:\/\/sen-shop.com\/hr\/#website","url":"https:\/\/sen-shop.com\/hr\/","name":"SEN Shop","description":"Slovensko, Ekolo\u0161ko, Naravno","publisher":{"@id":"https:\/\/sen-shop.com\/hr\/#organization"},"potentialAction":[{"@type":"SearchAction","target":{"@type":"EntryPoint","urlTemplate":"https:\/\/sen-shop.com\/hr\/?s={search_term_string}"},"query-input":"required name=search_term_string"}],"inLanguage":"hr-HR"},{"@type":"Organization","@id":"https:\/\/sen-shop.com\/hr\/#organization","name":"Mind trade d.o.o","url":"https:\/\/sen-shop.com\/hr\/","logo":{"@type":"ImageObject","inLanguage":"hr-HR","@id":"https:\/\/sen-shop.com\/hr\/#\/schema\/logo\/image\/","url":"https:\/\/sen-shop.com\/wp-content\/uploads\/2018\/05\/header_logo.png","contentUrl":"https:\/\/sen-shop.com\/wp-content\/uploads\/2018\/05\/header_logo.png","width":138,"height":70,"caption":"Mind trade d.o.o"},"image":{"@id":"https:\/\/sen-shop.com\/hr\/#\/schema\/logo\/image\/"},"sameAs":["https:\/\/www.instagram.com\/senslovenija\/","https:\/\/www.facebook.com\/Senshopslovenija"]}]}},"_links":{"self":[{"href":"https:\/\/sen-shop.com\/hr\/wp-json\/wp\/v2\/product\/27222","targetHints":{"allow":["GET"]}}],"collection":[{"href":"https:\/\/sen-shop.com\/hr\/wp-json\/wp\/v2\/product"}],"about":[{"href":"https:\/\/sen-shop.com\/hr\/wp-json\/wp\/v2\/types\/product"}],"replies":[{"embeddable":true,"href":"https:\/\/sen-shop.com\/hr\/wp-json\/wp\/v2\/comments?post=27222"}],"wp:featuredmedia":[{"embeddable":true,"href":"https:\/\/sen-shop.com\/hr\/wp-json\/wp\/v2\/media\/27223"}],"wp:attachment":[{"href":"https:\/\/sen-shop.com\/hr\/wp-json\/wp\/v2\/media?parent=27222"}],"wp:term":[{"taxonomy":"product_cat","embeddable":true,"href":"https:\/\/sen-shop.com\/hr\/wp-json\/wp\/v2\/product_cat?post=27222"},{"taxonomy":"product_tag","embeddable":true,"href":"https:\/\/sen-shop.com\/hr\/wp-json\/wp\/v2\/product_tag?post=27222"}],"curies":[{"name":"wp","href":"https:\/\/api.w.org\/{rel}","templated":true}]}}