{"id":27219,"date":"2021-04-15T14:53:20","date_gmt":"2021-04-15T12:53:20","guid":{"rendered":"https:\/\/www.sen-shop.com\/?post_type=product&#038;p=27219"},"modified":"2021-12-15T15:54:05","modified_gmt":"2021-12-15T14:54:05","slug":"egipatsko-ulje-crnog-kima","status":"publish","type":"product","link":"https:\/\/sen-shop.com\/hr\/collections\/nekategorizirano-hr\/egipatsko-ulje-crnog-kima\/","title":{"rendered":"Egipatsko ulje crnog kima"},"content":{"rendered":"<p>Egipatsko ulje crnog kima ima visoki sadr\u017eaj <strong>vrijednih polinezasi\u0107enih masnih kiselina<\/strong>, posebno linolne kiseline (omega-6 masne kiseline). Linolna kiselina spada pod esencijalne masne kiseline.<\/p>\n<p><strong>ULJE CRNOG KIMA \u2013 LIJEK ZA SVE BOLESTI?<\/strong><\/p>\n<p>Ulje crnog kima djeluje povoljno na autoimune bolesti poput multiple skleroze, reumatoidnog artritisa i psorijaze, astme, alergija, a tako\u0111er djeluje i na kroni\u010dni umor, povi\u0161eni kolesterol, \u0161e\u0107ernu bolest, hemoroide, pro\u0161irene vene, visoki krvni tlak, bakterijske, gljivi\u010dne i parazitske infekcije, glavobolje, ekceme, ko\u017ene gljivice, li\u0161ajeve, neurodermitis, akne, bronhitis, ka\u0161alj, upalu plu\u0107a, upalu sinusa, smanjeni imunitet, bolove u zglobovima i mi\u0161i\u0107ima, bolove u \u017eelucu i crijevima, crijevne gljivice, nadutost, proljev, kolike, jetrene bolesti i o\u0161te\u0107enja, bubre\u017ene kamence, nesanicu, depresiju, slabu cirkulaciju, PMS, AIDS, karcinom\u2026 i popis se samo nastavlja. Ne treba zanemariti i djelovanje ulja crnog kima na ko\u017eu: dermalnim nano\u0161enjem \u010dini nokte sjajnijim i ja\u010dima, spre\u010dava ispadanje kose i djeluje protiv peruti, hrani suhu ko\u017eu, umanjuje bore, regenerira o\u0161te\u0107ene stanice ko\u017ee.<\/p>\n<p>Dnevna doza (4 kapsule) Egipatskog ulja crnog kima sadr\u017ei <strong>1000 mg do 1300 mg linoleinske kiseline.<\/strong><\/p>\n<p>Bez konzervansa, boja i laktoze. Pogodno i za dijabeti\u010dare.<\/p>\n<p>&nbsp;<\/p>\n<p><strong>Sadr\u017eaj boce:<\/strong> Crni kumin 500 mg kapsule, 60 kapsula.<\/p>\n<p><strong>Preporu\u010dena dnevna koli\u010dina:<\/strong><\/p>\n<p>Uzimajte dva puta dnevno po dvije kapsule s dovoljno teku\u0107ine.<\/p>\n<p>&nbsp;<\/p>\n<p><strong>\u010cetiri kapsule sadr\u017ee:<\/strong><\/p>\n<p>&nbsp;<\/p>\n<table class=\"rahmen\" border=\"0\" width=\"281\" cellspacing=\"0\" cellpadding=\"0\">\n<tbody>\n<tr>\n<td valign=\"top\" nowrap=\"nowrap\" width=\"233\">&nbsp;<\/p>\n<p>egipatsko ulje crnog kima<br \/>\nsadr\u017ei<br \/>\nlinoleinske kiseline<\/td>\n<td valign=\"top\" nowrap=\"nowrap\" width=\"108\">\n<p align=\"center\">2000,00 mg<\/p>\n<p>1000 mg \u2013 1300 mg<\/td>\n<\/tr>\n<\/tbody>\n<\/table>\n","protected":false},"excerpt":{"rendered":"<p><strong>Egipatsko ulje crnog kumina s esencijalnom linolnom kiselinom!\u00a0<\/strong><\/p>\n<p>Crni kumin potje\u010de iz sun\u010danih podru\u010dja Isto\u010dnog i Azijskog prostora. Ulje crnog kumina postoji vi\u0161e od 3000 godina i vrlo je cijenjeno.<\/p>\n<p>Egipatsko ulje crnog kumina ima visoki sadr\u017eaj <strong>vrijednih polinezasi\u0107enih masnih kiselina<\/strong>, posebno linolne kiseline (omega-6 masne kiseline). Linolna kiselina spada pod esencijalne masne kiseline.<\/p>\n[banner_prehrana]\n","protected":false},"featured_media":27220,"comment_status":"open","ping_status":"closed","template":"","meta":{"inline_featured_image":false},"product_cat":[810],"product_tag":[],"class_list":["post-27219","product","type-product","status-publish","has-post-thumbnail","hentry","product_cat-nekategorizirano-hr"],"acf":[],"yoast_head":"<!-- This site is optimized with the Yoast SEO plugin v19.13 - https:\/\/yoast.com\/wordpress\/plugins\/seo\/ -->\n<title>Egipatsko ulje crnog kima - SEN Shop<\/title>\n<meta name=\"robots\" content=\"index, follow, max-snippet:-1, max-image-preview:large, max-video-preview:-1\" \/>\n<link rel=\"canonical\" href=\"https:\/\/sen-shop.com\/hr\/collections\/nekategorizirano-hr\/egipatsko-ulje-crnog-kima\/\" \/>\n<meta property=\"og:locale\" content=\"hr_HR\" \/>\n<meta property=\"og:type\" content=\"article\" \/>\n<meta property=\"og:title\" content=\"Egipatsko ulje crnog kima - SEN Shop\" \/>\n<meta property=\"og:description\" content=\"Egipatsko ulje crnog kumina s esencijalnom linolnom kiselinom!\u00a0  Crni kumin potje\u010de iz sun\u010danih podru\u010dja Isto\u010dnog i Azijskog prostora. Ulje crnog kumina postoji vi\u0161e od 3000 godina i vrlo je cijenjeno.  Egipatsko ulje crnog kumina ima visoki sadr\u017eaj vrijednih polinezasi\u0107enih masnih kiselina, posebno linolne kiseline (omega-6 masne kiseline). Linolna kiselina spada pod esencijalne masne kiseline.\" \/>\n<meta property=\"og:url\" content=\"https:\/\/sen-shop.com\/hr\/collections\/nekategorizirano-hr\/egipatsko-ulje-crnog-kima\/\" \/>\n<meta property=\"og:site_name\" content=\"SEN Shop\" \/>\n<meta property=\"article:publisher\" content=\"https:\/\/www.facebook.com\/Senshopslovenija\" \/>\n<meta property=\"article:modified_time\" content=\"2021-12-15T14:54:05+00:00\" \/>\n<meta property=\"og:image\" content=\"https:\/\/sen-shop.com\/wp-content\/uploads\/2021\/04\/Egipcansko-olje.jpg\" \/>\n\t<meta property=\"og:image:width\" content=\"1000\" \/>\n\t<meta property=\"og:image:height\" content=\"1200\" \/>\n\t<meta property=\"og:image:type\" content=\"image\/jpeg\" \/>\n<meta name=\"twitter:card\" content=\"summary_large_image\" \/>\n<meta name=\"twitter:label1\" content=\"Est. reading time\" \/>\n\t<meta name=\"twitter:data1\" content=\"1 minute\" \/>\n<script type=\"application\/ld+json\" class=\"yoast-schema-graph\">{\"@context\":\"https:\/\/schema.org\",\"@graph\":[{\"@type\":\"WebPage\",\"@id\":\"https:\/\/sen-shop.com\/hr\/collections\/nekategorizirano-hr\/egipatsko-ulje-crnog-kima\/\",\"url\":\"https:\/\/sen-shop.com\/hr\/collections\/nekategorizirano-hr\/egipatsko-ulje-crnog-kima\/\",\"name\":\"Egipatsko ulje crnog kima - SEN Shop\",\"isPartOf\":{\"@id\":\"https:\/\/sen-shop.com\/hr\/#website\"},\"datePublished\":\"2021-04-15T12:53:20+00:00\",\"dateModified\":\"2021-12-15T14:54:05+00:00\",\"breadcrumb\":{\"@id\":\"https:\/\/sen-shop.com\/hr\/collections\/nekategorizirano-hr\/egipatsko-ulje-crnog-kima\/#breadcrumb\"},\"inLanguage\":\"hr-HR\",\"potentialAction\":[{\"@type\":\"ReadAction\",\"target\":[\"https:\/\/sen-shop.com\/hr\/collections\/nekategorizirano-hr\/egipatsko-ulje-crnog-kima\/\"]}]},{\"@type\":\"BreadcrumbList\",\"@id\":\"https:\/\/sen-shop.com\/hr\/collections\/nekategorizirano-hr\/egipatsko-ulje-crnog-kima\/#breadcrumb\",\"itemListElement\":[{\"@type\":\"ListItem\",\"position\":1,\"name\":\"Home\",\"item\":\"https:\/\/sen-shop.com\/hr\/\"},{\"@type\":\"ListItem\",\"position\":2,\"name\":\"Egipatsko ulje crnog kima\"}]},{\"@type\":\"WebSite\",\"@id\":\"https:\/\/sen-shop.com\/hr\/#website\",\"url\":\"https:\/\/sen-shop.com\/hr\/\",\"name\":\"SEN Shop\",\"description\":\"Slovensko, Ekolo\u0161ko, Naravno\",\"publisher\":{\"@id\":\"https:\/\/sen-shop.com\/hr\/#organization\"},\"potentialAction\":[{\"@type\":\"SearchAction\",\"target\":{\"@type\":\"EntryPoint\",\"urlTemplate\":\"https:\/\/sen-shop.com\/hr\/?s={search_term_string}\"},\"query-input\":\"required name=search_term_string\"}],\"inLanguage\":\"hr-HR\"},{\"@type\":\"Organization\",\"@id\":\"https:\/\/sen-shop.com\/hr\/#organization\",\"name\":\"Mind trade d.o.o\",\"url\":\"https:\/\/sen-shop.com\/hr\/\",\"logo\":{\"@type\":\"ImageObject\",\"inLanguage\":\"hr-HR\",\"@id\":\"https:\/\/sen-shop.com\/hr\/#\/schema\/logo\/image\/\",\"url\":\"https:\/\/sen-shop.com\/wp-content\/uploads\/2018\/05\/header_logo.png\",\"contentUrl\":\"https:\/\/sen-shop.com\/wp-content\/uploads\/2018\/05\/header_logo.png\",\"width\":138,\"height\":70,\"caption\":\"Mind trade d.o.o\"},\"image\":{\"@id\":\"https:\/\/sen-shop.com\/hr\/#\/schema\/logo\/image\/\"},\"sameAs\":[\"https:\/\/www.instagram.com\/senslovenija\/\",\"https:\/\/www.facebook.com\/Senshopslovenija\"]}]}<\/script>\n<!-- \/ Yoast SEO plugin. -->","yoast_head_json":{"title":"Egipatsko ulje crnog kima - SEN Shop","robots":{"index":"index","follow":"follow","max-snippet":"max-snippet:-1","max-image-preview":"max-image-preview:large","max-video-preview":"max-video-preview:-1"},"canonical":"https:\/\/sen-shop.com\/hr\/collections\/nekategorizirano-hr\/egipatsko-ulje-crnog-kima\/","og_locale":"hr_HR","og_type":"article","og_title":"Egipatsko ulje crnog kima - SEN Shop","og_description":"Egipatsko ulje crnog kumina s esencijalnom linolnom kiselinom!\u00a0  Crni kumin potje\u010de iz sun\u010danih podru\u010dja Isto\u010dnog i Azijskog prostora. Ulje crnog kumina postoji vi\u0161e od 3000 godina i vrlo je cijenjeno.  Egipatsko ulje crnog kumina ima visoki sadr\u017eaj vrijednih polinezasi\u0107enih masnih kiselina, posebno linolne kiseline (omega-6 masne kiseline). Linolna kiselina spada pod esencijalne masne kiseline.","og_url":"https:\/\/sen-shop.com\/hr\/collections\/nekategorizirano-hr\/egipatsko-ulje-crnog-kima\/","og_site_name":"SEN Shop","article_publisher":"https:\/\/www.facebook.com\/Senshopslovenija","article_modified_time":"2021-12-15T14:54:05+00:00","og_image":[{"width":1000,"height":1200,"url":"https:\/\/sen-shop.com\/wp-content\/uploads\/2021\/04\/Egipcansko-olje.jpg","type":"image\/jpeg"}],"twitter_card":"summary_large_image","twitter_misc":{"Est. reading time":"1 minute"},"schema":{"@context":"https:\/\/schema.org","@graph":[{"@type":"WebPage","@id":"https:\/\/sen-shop.com\/hr\/collections\/nekategorizirano-hr\/egipatsko-ulje-crnog-kima\/","url":"https:\/\/sen-shop.com\/hr\/collections\/nekategorizirano-hr\/egipatsko-ulje-crnog-kima\/","name":"Egipatsko ulje crnog kima - SEN Shop","isPartOf":{"@id":"https:\/\/sen-shop.com\/hr\/#website"},"datePublished":"2021-04-15T12:53:20+00:00","dateModified":"2021-12-15T14:54:05+00:00","breadcrumb":{"@id":"https:\/\/sen-shop.com\/hr\/collections\/nekategorizirano-hr\/egipatsko-ulje-crnog-kima\/#breadcrumb"},"inLanguage":"hr-HR","potentialAction":[{"@type":"ReadAction","target":["https:\/\/sen-shop.com\/hr\/collections\/nekategorizirano-hr\/egipatsko-ulje-crnog-kima\/"]}]},{"@type":"BreadcrumbList","@id":"https:\/\/sen-shop.com\/hr\/collections\/nekategorizirano-hr\/egipatsko-ulje-crnog-kima\/#breadcrumb","itemListElement":[{"@type":"ListItem","position":1,"name":"Home","item":"https:\/\/sen-shop.com\/hr\/"},{"@type":"ListItem","position":2,"name":"Egipatsko ulje crnog kima"}]},{"@type":"WebSite","@id":"https:\/\/sen-shop.com\/hr\/#website","url":"https:\/\/sen-shop.com\/hr\/","name":"SEN Shop","description":"Slovensko, Ekolo\u0161ko, Naravno","publisher":{"@id":"https:\/\/sen-shop.com\/hr\/#organization"},"potentialAction":[{"@type":"SearchAction","target":{"@type":"EntryPoint","urlTemplate":"https:\/\/sen-shop.com\/hr\/?s={search_term_string}"},"query-input":"required name=search_term_string"}],"inLanguage":"hr-HR"},{"@type":"Organization","@id":"https:\/\/sen-shop.com\/hr\/#organization","name":"Mind trade d.o.o","url":"https:\/\/sen-shop.com\/hr\/","logo":{"@type":"ImageObject","inLanguage":"hr-HR","@id":"https:\/\/sen-shop.com\/hr\/#\/schema\/logo\/image\/","url":"https:\/\/sen-shop.com\/wp-content\/uploads\/2018\/05\/header_logo.png","contentUrl":"https:\/\/sen-shop.com\/wp-content\/uploads\/2018\/05\/header_logo.png","width":138,"height":70,"caption":"Mind trade d.o.o"},"image":{"@id":"https:\/\/sen-shop.com\/hr\/#\/schema\/logo\/image\/"},"sameAs":["https:\/\/www.instagram.com\/senslovenija\/","https:\/\/www.facebook.com\/Senshopslovenija"]}]}},"_links":{"self":[{"href":"https:\/\/sen-shop.com\/hr\/wp-json\/wp\/v2\/product\/27219","targetHints":{"allow":["GET"]}}],"collection":[{"href":"https:\/\/sen-shop.com\/hr\/wp-json\/wp\/v2\/product"}],"about":[{"href":"https:\/\/sen-shop.com\/hr\/wp-json\/wp\/v2\/types\/product"}],"replies":[{"embeddable":true,"href":"https:\/\/sen-shop.com\/hr\/wp-json\/wp\/v2\/comments?post=27219"}],"wp:featuredmedia":[{"embeddable":true,"href":"https:\/\/sen-shop.com\/hr\/wp-json\/wp\/v2\/media\/27220"}],"wp:attachment":[{"href":"https:\/\/sen-shop.com\/hr\/wp-json\/wp\/v2\/media?parent=27219"}],"wp:term":[{"taxonomy":"product_cat","embeddable":true,"href":"https:\/\/sen-shop.com\/hr\/wp-json\/wp\/v2\/product_cat?post=27219"},{"taxonomy":"product_tag","embeddable":true,"href":"https:\/\/sen-shop.com\/hr\/wp-json\/wp\/v2\/product_tag?post=27219"}],"curies":[{"name":"wp","href":"https:\/\/api.w.org\/{rel}","templated":true}]}}