{"id":27218,"date":"2021-04-15T14:47:15","date_gmt":"2021-04-15T12:47:15","guid":{"rendered":"https:\/\/www.sen-shop.com\/?post_type=product&#038;p=27218"},"modified":"2021-12-15T15:54:22","modified_gmt":"2021-12-15T14:54:22","slug":"prirodno-sredstvo-za-dezinfekciju","status":"publish","type":"product","link":"https:\/\/sen-shop.com\/hr\/collections\/nekategorizirano-hr\/prirodno-sredstvo-za-dezinfekciju\/","title":{"rendered":"Prirodno sredstvo za dezinfekciju"},"content":{"rendered":"<h3>Prirodno sredstvo za dezinfekciju<\/h3>\n<p><strong>Dezinfekcijsko sredstvo za ruke<\/strong> vrlo je prakti\u010dno jer nam je u pomo\u010d kada nam teku\u0107a voda i sapun nisu dostupni: trgovine, igrali\u0161ta, izleti. Higijena je klju\u010dna za za\u0161titu na\u0161eg zdravlja, jer se mnoge bolesti prenose izravno rukama koje dolaze u dodir sa sluznicom. Me\u0111utim, mnogi ljudi tako\u0111er su zabrinuti zbog uporabe proizvoda za dezinfekciju, jer oni \u010desto sadr\u017ee opasne kemikalije, a na\u0161a redovita upotreba obi\u010dno isu\u0161uje na\u0161u ko\u017eu &#8211; Triclosan &#8211; antibakterijsku tvar koja mo\u017ee biti opasna za va\u0161e zdravlje. Triklozan mo\u017ee negativno utjecati na va\u0161 \u017eiv\u010dani sustav, mi\u0161i\u0107ni sustav, \u017elijezde, unutarnju sekreciju, srce i mnoge druge organe u tijelu. Na\u0161 dezinficijens ne sadr\u017ei ni\u0161ta osim prirodnih tvari. Dezinfekcija ruku ima jo\u0161 ve\u0107i zna\u010daj u vrijeme virusa i bolesti.<\/p>\n<p>Dezinfekciju ruku ima smisla pri kretanju na javnim i prepunim mjestima: autobusne i \u017eeljezni\u010dke stanice, trgova\u010dki centri, bolnice i domovi zdravlja, zra\u010dne luke. Ne zaboravite da dezinficiens nije zamjena za dobru higijenu ruku.<\/p>\n<p>Sredstvo za dezinfekciju je tako\u0111er vrlo prakti\u010dan kada putujete, kampirate i kada nam teku\u0107a voda i sapun nisu dostupni.<\/p>\n<p>&nbsp;<\/p>\n<h3>Dezinfekcijsko sredstvo:<\/h3>\n<p><strong>\ud83c\udf3f UPOTREBA:<\/strong> Nanesite nekoliko puta dnevno na \u010diste ruke ili druge povr\u0161ine.<\/p>\n<p><strong>\ud83c\udf3f SASTAVI:<\/strong> 75% alkohol, voda, eteri\u010dna ulja BIO \u010dajevca, eukaliptusa, BIO ru\u017emarina, timijana i BIO limunske trave. <strong>100 ml.<\/strong><\/p>\n<p><strong>\ud83c\udf3f BEZ<\/strong> parabena, SLS sulfata, parfema, boja, sintetskih konzervansa<\/p>\n<p><strong>100% prirodno<\/strong> sredstvo za \u010di\u0161\u0107enje ruku, <strong>antivirusno, antibakterijsko <\/strong>i <strong>protiv gljivica.<\/strong><\/p>\n<p>&nbsp;<\/p>\n<p>Prvo isprobajte\u00a0na malom komadu ko\u017ee da vidite ho\u0107e li dezinfekcijsko sredstvo izazvati alergijsku reakciju na va\u0161oj ko\u017ei.<\/p>\n<p>Ako dezinficijens nema negativne reakcije, mo\u017eete bezbri\u017eno nastaviti s upotrebom.<\/p>\n<p>U ponudi imamo i cijeli paket za za\u0161titu od virusa: 2x Mati\u010dna mlije\u0107 + dezinficijens: <a href=\"https:\/\/www.sen.hr\/collections\/akcija\/komplet-maticna-mlijec-sredstvo-za-dezinfekciju\/\">Kliknite OVDJE<\/a>.<\/p>\n","protected":false},"excerpt":{"rendered":"<p><strong>100% prirodno<\/strong> sredstvo za \u010di\u0161\u0107enje ruku, <strong>antivirusno, antibakterijsko <\/strong>i <strong>protiv gljivica.<br \/>\n<\/strong><\/p>\n<p><strong>Dezinfekcijska sredstva za ruke<\/strong> vrlo su prakti\u010dna jer nam poma\u017eu kada teku\u0107a voda i sapun nisu dostupni.<\/p>\n<p>Ne ostavlja ljepljiv i neugodan osje\u0107aj na rukama. Antivirusna esencijalna ulja pru\u017eajo ugodan miris.<\/p>\n<p>75% alkohol i eteri\u010dna ulja. Ne isu\u0161uje rok.<\/p>\n<p>\ud83d\udd25 U ponudi imamo i cijeli paket za za\u0161titu od virusa: 2x Mati\u010dna mlije\u0107 + dezinficijens: <a href=\"https:\/\/www.sen.hr\/collections\/akcija\/komplet-maticna-mlijec-sredstvo-za-dezinfekciju\/\">Kliknite OVDJE<\/a>.<\/p>\n[banner_zeliscni]\n","protected":false},"featured_media":27604,"comment_status":"open","ping_status":"closed","template":"","meta":{"inline_featured_image":false},"product_cat":[810],"product_tag":[],"class_list":["post-27218","product","type-product","status-publish","has-post-thumbnail","hentry","product_cat-nekategorizirano-hr"],"acf":[],"yoast_head":"<!-- This site is optimized with the Yoast SEO plugin v19.13 - https:\/\/yoast.com\/wordpress\/plugins\/seo\/ -->\n<title>Prirodno sredstvo za dezinfekciju - SEN Shop<\/title>\n<meta name=\"robots\" content=\"index, follow, max-snippet:-1, max-image-preview:large, max-video-preview:-1\" \/>\n<link rel=\"canonical\" href=\"https:\/\/sen-shop.com\/hr\/collections\/nekategorizirano-hr\/prirodno-sredstvo-za-dezinfekciju\/\" \/>\n<meta property=\"og:locale\" content=\"hr_HR\" \/>\n<meta property=\"og:type\" content=\"article\" \/>\n<meta property=\"og:title\" content=\"Prirodno sredstvo za dezinfekciju - SEN Shop\" \/>\n<meta property=\"og:description\" content=\"100% prirodno sredstvo za \u010di\u0161\u0107enje ruku, antivirusno, antibakterijsko i protiv gljivica.   Dezinfekcijska sredstva za ruke vrlo su prakti\u010dna jer nam poma\u017eu kada teku\u0107a voda i sapun nisu dostupni.  Ne ostavlja ljepljiv i neugodan osje\u0107aj na rukama. Antivirusna esencijalna ulja pru\u017eajo ugodan miris.  75% alkohol i eteri\u010dna ulja. Ne isu\u0161uje rok.  \ud83d\udd25 U ponudi imamo i cijeli paket za za\u0161titu od virusa: 2x Mati\u010dna mlije\u0107 + dezinficijens: Kliknite OVDJE.\" \/>\n<meta property=\"og:url\" content=\"https:\/\/sen-shop.com\/hr\/collections\/nekategorizirano-hr\/prirodno-sredstvo-za-dezinfekciju\/\" \/>\n<meta property=\"og:site_name\" content=\"SEN Shop\" \/>\n<meta property=\"article:publisher\" content=\"https:\/\/www.facebook.com\/Senshopslovenija\" \/>\n<meta property=\"article:modified_time\" content=\"2021-12-15T14:54:22+00:00\" \/>\n<meta property=\"og:image\" content=\"https:\/\/sen-shop.com\/wp-content\/uploads\/2021\/04\/dezinfekcijsko-sredstvo-za-ruke.jpg\" \/>\n\t<meta property=\"og:image:width\" content=\"700\" \/>\n\t<meta property=\"og:image:height\" content=\"800\" \/>\n\t<meta property=\"og:image:type\" content=\"image\/jpeg\" \/>\n<meta name=\"twitter:card\" content=\"summary_large_image\" \/>\n<meta name=\"twitter:label1\" content=\"Est. reading time\" \/>\n\t<meta name=\"twitter:data1\" content=\"2 minutes\" \/>\n<script type=\"application\/ld+json\" class=\"yoast-schema-graph\">{\"@context\":\"https:\/\/schema.org\",\"@graph\":[{\"@type\":\"WebPage\",\"@id\":\"https:\/\/sen-shop.com\/hr\/collections\/nekategorizirano-hr\/prirodno-sredstvo-za-dezinfekciju\/\",\"url\":\"https:\/\/sen-shop.com\/hr\/collections\/nekategorizirano-hr\/prirodno-sredstvo-za-dezinfekciju\/\",\"name\":\"Prirodno sredstvo za dezinfekciju - SEN Shop\",\"isPartOf\":{\"@id\":\"https:\/\/sen-shop.com\/hr\/#website\"},\"datePublished\":\"2021-04-15T12:47:15+00:00\",\"dateModified\":\"2021-12-15T14:54:22+00:00\",\"breadcrumb\":{\"@id\":\"https:\/\/sen-shop.com\/hr\/collections\/nekategorizirano-hr\/prirodno-sredstvo-za-dezinfekciju\/#breadcrumb\"},\"inLanguage\":\"hr-HR\",\"potentialAction\":[{\"@type\":\"ReadAction\",\"target\":[\"https:\/\/sen-shop.com\/hr\/collections\/nekategorizirano-hr\/prirodno-sredstvo-za-dezinfekciju\/\"]}]},{\"@type\":\"BreadcrumbList\",\"@id\":\"https:\/\/sen-shop.com\/hr\/collections\/nekategorizirano-hr\/prirodno-sredstvo-za-dezinfekciju\/#breadcrumb\",\"itemListElement\":[{\"@type\":\"ListItem\",\"position\":1,\"name\":\"Home\",\"item\":\"https:\/\/sen-shop.com\/hr\/\"},{\"@type\":\"ListItem\",\"position\":2,\"name\":\"Prirodno sredstvo za dezinfekciju\"}]},{\"@type\":\"WebSite\",\"@id\":\"https:\/\/sen-shop.com\/hr\/#website\",\"url\":\"https:\/\/sen-shop.com\/hr\/\",\"name\":\"SEN Shop\",\"description\":\"Slovensko, Ekolo\u0161ko, Naravno\",\"publisher\":{\"@id\":\"https:\/\/sen-shop.com\/hr\/#organization\"},\"potentialAction\":[{\"@type\":\"SearchAction\",\"target\":{\"@type\":\"EntryPoint\",\"urlTemplate\":\"https:\/\/sen-shop.com\/hr\/?s={search_term_string}\"},\"query-input\":\"required name=search_term_string\"}],\"inLanguage\":\"hr-HR\"},{\"@type\":\"Organization\",\"@id\":\"https:\/\/sen-shop.com\/hr\/#organization\",\"name\":\"Mind trade d.o.o\",\"url\":\"https:\/\/sen-shop.com\/hr\/\",\"logo\":{\"@type\":\"ImageObject\",\"inLanguage\":\"hr-HR\",\"@id\":\"https:\/\/sen-shop.com\/hr\/#\/schema\/logo\/image\/\",\"url\":\"https:\/\/sen-shop.com\/wp-content\/uploads\/2018\/05\/header_logo.png\",\"contentUrl\":\"https:\/\/sen-shop.com\/wp-content\/uploads\/2018\/05\/header_logo.png\",\"width\":138,\"height\":70,\"caption\":\"Mind trade d.o.o\"},\"image\":{\"@id\":\"https:\/\/sen-shop.com\/hr\/#\/schema\/logo\/image\/\"},\"sameAs\":[\"https:\/\/www.instagram.com\/senslovenija\/\",\"https:\/\/www.facebook.com\/Senshopslovenija\"]}]}<\/script>\n<!-- \/ Yoast SEO plugin. -->","yoast_head_json":{"title":"Prirodno sredstvo za dezinfekciju - SEN Shop","robots":{"index":"index","follow":"follow","max-snippet":"max-snippet:-1","max-image-preview":"max-image-preview:large","max-video-preview":"max-video-preview:-1"},"canonical":"https:\/\/sen-shop.com\/hr\/collections\/nekategorizirano-hr\/prirodno-sredstvo-za-dezinfekciju\/","og_locale":"hr_HR","og_type":"article","og_title":"Prirodno sredstvo za dezinfekciju - SEN Shop","og_description":"100% prirodno sredstvo za \u010di\u0161\u0107enje ruku, antivirusno, antibakterijsko i protiv gljivica.   Dezinfekcijska sredstva za ruke vrlo su prakti\u010dna jer nam poma\u017eu kada teku\u0107a voda i sapun nisu dostupni.  Ne ostavlja ljepljiv i neugodan osje\u0107aj na rukama. Antivirusna esencijalna ulja pru\u017eajo ugodan miris.  75% alkohol i eteri\u010dna ulja. Ne isu\u0161uje rok.  \ud83d\udd25 U ponudi imamo i cijeli paket za za\u0161titu od virusa: 2x Mati\u010dna mlije\u0107 + dezinficijens: Kliknite OVDJE.","og_url":"https:\/\/sen-shop.com\/hr\/collections\/nekategorizirano-hr\/prirodno-sredstvo-za-dezinfekciju\/","og_site_name":"SEN Shop","article_publisher":"https:\/\/www.facebook.com\/Senshopslovenija","article_modified_time":"2021-12-15T14:54:22+00:00","og_image":[{"width":700,"height":800,"url":"https:\/\/sen-shop.com\/wp-content\/uploads\/2021\/04\/dezinfekcijsko-sredstvo-za-ruke.jpg","type":"image\/jpeg"}],"twitter_card":"summary_large_image","twitter_misc":{"Est. reading time":"2 minutes"},"schema":{"@context":"https:\/\/schema.org","@graph":[{"@type":"WebPage","@id":"https:\/\/sen-shop.com\/hr\/collections\/nekategorizirano-hr\/prirodno-sredstvo-za-dezinfekciju\/","url":"https:\/\/sen-shop.com\/hr\/collections\/nekategorizirano-hr\/prirodno-sredstvo-za-dezinfekciju\/","name":"Prirodno sredstvo za dezinfekciju - SEN Shop","isPartOf":{"@id":"https:\/\/sen-shop.com\/hr\/#website"},"datePublished":"2021-04-15T12:47:15+00:00","dateModified":"2021-12-15T14:54:22+00:00","breadcrumb":{"@id":"https:\/\/sen-shop.com\/hr\/collections\/nekategorizirano-hr\/prirodno-sredstvo-za-dezinfekciju\/#breadcrumb"},"inLanguage":"hr-HR","potentialAction":[{"@type":"ReadAction","target":["https:\/\/sen-shop.com\/hr\/collections\/nekategorizirano-hr\/prirodno-sredstvo-za-dezinfekciju\/"]}]},{"@type":"BreadcrumbList","@id":"https:\/\/sen-shop.com\/hr\/collections\/nekategorizirano-hr\/prirodno-sredstvo-za-dezinfekciju\/#breadcrumb","itemListElement":[{"@type":"ListItem","position":1,"name":"Home","item":"https:\/\/sen-shop.com\/hr\/"},{"@type":"ListItem","position":2,"name":"Prirodno sredstvo za dezinfekciju"}]},{"@type":"WebSite","@id":"https:\/\/sen-shop.com\/hr\/#website","url":"https:\/\/sen-shop.com\/hr\/","name":"SEN Shop","description":"Slovensko, Ekolo\u0161ko, Naravno","publisher":{"@id":"https:\/\/sen-shop.com\/hr\/#organization"},"potentialAction":[{"@type":"SearchAction","target":{"@type":"EntryPoint","urlTemplate":"https:\/\/sen-shop.com\/hr\/?s={search_term_string}"},"query-input":"required name=search_term_string"}],"inLanguage":"hr-HR"},{"@type":"Organization","@id":"https:\/\/sen-shop.com\/hr\/#organization","name":"Mind trade d.o.o","url":"https:\/\/sen-shop.com\/hr\/","logo":{"@type":"ImageObject","inLanguage":"hr-HR","@id":"https:\/\/sen-shop.com\/hr\/#\/schema\/logo\/image\/","url":"https:\/\/sen-shop.com\/wp-content\/uploads\/2018\/05\/header_logo.png","contentUrl":"https:\/\/sen-shop.com\/wp-content\/uploads\/2018\/05\/header_logo.png","width":138,"height":70,"caption":"Mind trade d.o.o"},"image":{"@id":"https:\/\/sen-shop.com\/hr\/#\/schema\/logo\/image\/"},"sameAs":["https:\/\/www.instagram.com\/senslovenija\/","https:\/\/www.facebook.com\/Senshopslovenija"]}]}},"_links":{"self":[{"href":"https:\/\/sen-shop.com\/hr\/wp-json\/wp\/v2\/product\/27218","targetHints":{"allow":["GET"]}}],"collection":[{"href":"https:\/\/sen-shop.com\/hr\/wp-json\/wp\/v2\/product"}],"about":[{"href":"https:\/\/sen-shop.com\/hr\/wp-json\/wp\/v2\/types\/product"}],"replies":[{"embeddable":true,"href":"https:\/\/sen-shop.com\/hr\/wp-json\/wp\/v2\/comments?post=27218"}],"wp:featuredmedia":[{"embeddable":true,"href":"https:\/\/sen-shop.com\/hr\/wp-json\/wp\/v2\/media\/27604"}],"wp:attachment":[{"href":"https:\/\/sen-shop.com\/hr\/wp-json\/wp\/v2\/media?parent=27218"}],"wp:term":[{"taxonomy":"product_cat","embeddable":true,"href":"https:\/\/sen-shop.com\/hr\/wp-json\/wp\/v2\/product_cat?post=27218"},{"taxonomy":"product_tag","embeddable":true,"href":"https:\/\/sen-shop.com\/hr\/wp-json\/wp\/v2\/product_tag?post=27218"}],"curies":[{"name":"wp","href":"https:\/\/api.w.org\/{rel}","templated":true}]}}