{"id":27205,"date":"2019-05-09T13:46:13","date_gmt":"2019-05-09T11:46:13","guid":{"rendered":"https:\/\/www.sen-shop.com\/collections\/uncategorized\/sampon-a-usi\/"},"modified":"2021-04-29T10:31:09","modified_gmt":"2021-04-29T08:31:09","slug":"sampon-a-usi","status":"publish","type":"product","link":"https:\/\/sen-shop.com\/hr\/collections\/nekategorizirano\/sampon-a-usi\/","title":{"rendered":"Komplet &#8211; Za\u0161tita od u\u0161iju"},"content":{"rendered":"<p>[vc_row][vc_column][vc_column_text]<\/p>\n<h2>Za\u0161tita od u\u0161iju<\/h2>\n<p>Na vrijeme se pripremite i za\u0161titite od u\u0161iju<\/p>\n<p>U paketu dolaze<strong> tri komada 100% prirodnog \u0161ampona i 1x 10 ml esencijalnog ulja \u010dajevca<\/strong>. \u0160ampon tako\u0111er sadr\u017ei ulje \u010dajevca i ulje lavande koji odbija u\u0161i i stvara nepovoljno okru\u017eenje za razvoj gnjida.<\/p>\n<p>Brinete da \u0107e i va\u0161e dijete dobiti u\u0161i?<\/p>\n<p>\u0160ampon je 100% prirodan i sadr\u017ei izuzetno blagi deterd\u017eent prirodnog podrijetla (od kukuruznog i kokosovog ulja). Dodana su mu organska prirodna esencijalna ulja. Pogodan je i za njegu svih vrsta kose (umiruje i \u0161titi vlasi\u0161te, uravnote\u017euje masno\u0107u na vlasi\u0161tu, ja\u010da i obnavlja kosu, poma\u017ee protiv gubitka i sijedenja kose).<\/p>\n<p>Proizvodi ne sadr\u017ee umjetne boje, parfeme, parabene i petrokemiju. Proizvodi su <strong>VEGANSKI I NISU TESTIRANI NA \u017dIVOTINJAMA<\/strong><\/p>\n<p>[\/vc_column_text][\/vc_column][\/vc_row][vc_row][vc_column][vc_column_text css=&#8221;.vc_custom_1574080881596{padding-top: 20px !important;padding-right: 20px !important;padding-bottom: 30px !important;padding-left: 20px !important;background-color: #e8e8e8 !important;}&#8221;]<br \/>\n<strong>Upotreba:<\/strong><\/p>\n<p>BIO \u0161ampon koristite kao klasi\u010dan \u0161ampon (<strong>\u0161ampon nanesite na vlasi\u0161te, pjenu\u00a0 isperite vodom)<\/strong>. Tako\u0111er mo\u017eete dodati <strong>nekoliko kapi esencijalnog ulja \u010dajevca<\/strong> u svoj \u0161ampon po potrebi.<\/p>\n<p>Prije ulaska u vrti\u0107 utrljajte 1 &#8211; 2 kapi esencijalnog ulja <strong>oko djetetovog vlasi\u0161ta.<\/strong><\/p>\n<p>Kori\u0161tenje \u0161ampona i esencijalnog ulja je sigurno i jednostavno.[\/vc_column_text][vc_column_text]<\/p>\n<h2>U\u0161i?<\/h2>\n<p>Ako va\u0161e dijete <strong>ve\u0107 ima u\u0161i,<\/strong> potrebno je u ljekarni potra\u017eiti kemijski \u0161ampon i ru\u010dno ukloniti sve gnjide. Da biste pomogli eliminiranju u\u0161iju, operite bebinu kosu \u0161amponom tako \u0161to \u0107ete<strong> istisnuti pravu koli\u010dinu \u0161ampona u dlan<\/strong> i <strong>dodati 5 kapi esencijalnog ulja \u010dajevca<\/strong>. Dodajte \u010dajevac u \u0161ampon, zatim nanesite \u0161ampon na kosu i <strong>ostavite da djeluje 2 minute.<\/strong> Nakon 2 minute isperite kosu.<\/p>\n<p><strong>Prirodni \u0161ampon nije zamjena za kemijski \u0161ampon koji ubija u\u0161i<\/strong>. <strong>\u0160ampon je samo potpora koja prirodno stvara nepovoljno okru\u017eenje za daljnji razvoj u\u0161iju u vlasi\u0161tu.<\/strong>[\/vc_column_text][\/vc_column][\/vc_row]<\/p>\n","protected":false},"excerpt":{"rendered":"<p><strong>100% prirodna za\u0161tita od u\u0161iju.<\/strong><\/p>\n<p>Da li vas brine informacija, da su se u \u0161koli ili vrti\u0107u pojavile u\u0161i? Kako bismo sprije\u010dili da ponovno morate \u010distiti cijeli stan ili automobil i tra\u017eiti svaku gnjidu u kosi djeteta posebno, za vas smo pripremili preventivni paket. U kompletu dolazi <strong>prirodni \u0161ampon od 3 x 200 ml i 1 x 10 ml esencijalnog ulja \u010dajevca<\/strong>.<\/p>\n<p>\u0160ampon tako\u0111er sadr\u017ei esencijalno ulje lavande i ulje \u010dajevca, koji uklanja u\u0161i i stvara nepovoljno okru\u017eenje za razvoj gnjida u kosi.<\/p>\n<p>&nbsp;<\/p>\n<p>\u0160ampon je Aromacert certificiran, ECO certificiran, veganskog je porijekla i nije testiran na \u017eivotinjama.<\/p>\n","protected":false},"featured_media":27215,"comment_status":"open","ping_status":"closed","template":"","meta":{"inline_featured_image":false},"product_cat":[170],"product_tag":[],"class_list":["post-27205","product","type-product","status-publish","has-post-thumbnail","hentry","product_cat-nekategorizirano","yith_product_brand-aromacert","yith_product_brand-eko-hr","yith_product_brand-ni-testirano-na-zivali-hr","yith_product_brand-vegan-hr"],"acf":[],"yoast_head":"<!-- This site is optimized with the Yoast SEO plugin v19.13 - https:\/\/yoast.com\/wordpress\/plugins\/seo\/ -->\n<title>Komplet protiv u\u0161iju - 100% prirodno uklanjanje u\u0161iju<\/title>\n<meta name=\"description\" content=\"Obavijest - U \u0161koli i vrti\u0107u prisutne u\u0161i. \u0160ampon sadr\u017ei BIO ulje lavande i ulje \u010dajevca, koji uklanja u\u0161i i stvara nepovoljno okru\u017eenje za razvoj gnjida.\" \/>\n<meta name=\"robots\" content=\"index, follow, max-snippet:-1, max-image-preview:large, max-video-preview:-1\" \/>\n<link rel=\"canonical\" href=\"https:\/\/sen-shop.com\/hr\/collections\/nekategorizirano\/sampon-a-usi\/\" \/>\n<meta property=\"og:locale\" content=\"hr_HR\" \/>\n<meta property=\"og:type\" content=\"article\" \/>\n<meta property=\"og:title\" content=\"Komplet protiv u\u0161iju - 100% prirodno uklanjanje u\u0161iju\" \/>\n<meta property=\"og:description\" content=\"Obavijest - U \u0161koli i vrti\u0107u prisutne u\u0161i. \u0160ampon sadr\u017ei BIO ulje lavande i ulje \u010dajevca, koji uklanja u\u0161i i stvara nepovoljno okru\u017eenje za razvoj gnjida.\" \/>\n<meta property=\"og:url\" content=\"https:\/\/sen-shop.com\/hr\/collections\/nekategorizirano\/sampon-a-usi\/\" \/>\n<meta property=\"og:site_name\" content=\"SEN Shop\" \/>\n<meta property=\"article:publisher\" content=\"https:\/\/www.facebook.com\/Senshopslovenija\" \/>\n<meta property=\"article:modified_time\" content=\"2021-04-29T08:31:09+00:00\" \/>\n<meta property=\"og:image\" content=\"https:\/\/sen-shop.com\/wp-content\/uploads\/2021\/04\/sampon-hr-zastita-od-usiju.png\" \/>\n\t<meta property=\"og:image:width\" content=\"697\" \/>\n\t<meta property=\"og:image:height\" content=\"797\" \/>\n\t<meta property=\"og:image:type\" content=\"image\/png\" \/>\n<meta name=\"twitter:card\" content=\"summary_large_image\" \/>\n<meta name=\"twitter:label1\" content=\"Est. reading time\" \/>\n\t<meta name=\"twitter:data1\" content=\"2 minutes\" \/>\n<script type=\"application\/ld+json\" class=\"yoast-schema-graph\">{\"@context\":\"https:\/\/schema.org\",\"@graph\":[{\"@type\":\"WebPage\",\"@id\":\"https:\/\/sen-shop.com\/hr\/collections\/nekategorizirano\/sampon-a-usi\/\",\"url\":\"https:\/\/sen-shop.com\/hr\/collections\/nekategorizirano\/sampon-a-usi\/\",\"name\":\"Komplet protiv u\u0161iju - 100% prirodno uklanjanje u\u0161iju\",\"isPartOf\":{\"@id\":\"https:\/\/sen-shop.com\/hr\/#website\"},\"datePublished\":\"2019-05-09T11:46:13+00:00\",\"dateModified\":\"2021-04-29T08:31:09+00:00\",\"description\":\"Obavijest - U \u0161koli i vrti\u0107u prisutne u\u0161i. \u0160ampon sadr\u017ei BIO ulje lavande i ulje \u010dajevca, koji uklanja u\u0161i i stvara nepovoljno okru\u017eenje za razvoj gnjida.\",\"breadcrumb\":{\"@id\":\"https:\/\/sen-shop.com\/hr\/collections\/nekategorizirano\/sampon-a-usi\/#breadcrumb\"},\"inLanguage\":\"hr-HR\",\"potentialAction\":[{\"@type\":\"ReadAction\",\"target\":[\"https:\/\/sen-shop.com\/hr\/collections\/nekategorizirano\/sampon-a-usi\/\"]}]},{\"@type\":\"BreadcrumbList\",\"@id\":\"https:\/\/sen-shop.com\/hr\/collections\/nekategorizirano\/sampon-a-usi\/#breadcrumb\",\"itemListElement\":[{\"@type\":\"ListItem\",\"position\":1,\"name\":\"Home\",\"item\":\"https:\/\/sen-shop.com\/hr\/\"},{\"@type\":\"ListItem\",\"position\":2,\"name\":\"Komplet &#8211; Za\u0161tita od u\u0161iju\"}]},{\"@type\":\"WebSite\",\"@id\":\"https:\/\/sen-shop.com\/hr\/#website\",\"url\":\"https:\/\/sen-shop.com\/hr\/\",\"name\":\"SEN Shop\",\"description\":\"Slovensko, Ekolo\u0161ko, Naravno\",\"publisher\":{\"@id\":\"https:\/\/sen-shop.com\/hr\/#organization\"},\"potentialAction\":[{\"@type\":\"SearchAction\",\"target\":{\"@type\":\"EntryPoint\",\"urlTemplate\":\"https:\/\/sen-shop.com\/hr\/?s={search_term_string}\"},\"query-input\":\"required name=search_term_string\"}],\"inLanguage\":\"hr-HR\"},{\"@type\":\"Organization\",\"@id\":\"https:\/\/sen-shop.com\/hr\/#organization\",\"name\":\"Mind trade d.o.o\",\"url\":\"https:\/\/sen-shop.com\/hr\/\",\"logo\":{\"@type\":\"ImageObject\",\"inLanguage\":\"hr-HR\",\"@id\":\"https:\/\/sen-shop.com\/hr\/#\/schema\/logo\/image\/\",\"url\":\"https:\/\/sen-shop.com\/wp-content\/uploads\/2018\/05\/header_logo.png\",\"contentUrl\":\"https:\/\/sen-shop.com\/wp-content\/uploads\/2018\/05\/header_logo.png\",\"width\":138,\"height\":70,\"caption\":\"Mind trade d.o.o\"},\"image\":{\"@id\":\"https:\/\/sen-shop.com\/hr\/#\/schema\/logo\/image\/\"},\"sameAs\":[\"https:\/\/www.instagram.com\/senslovenija\/\",\"https:\/\/www.facebook.com\/Senshopslovenija\"]}]}<\/script>\n<!-- \/ Yoast SEO plugin. -->","yoast_head_json":{"title":"Komplet protiv u\u0161iju - 100% prirodno uklanjanje u\u0161iju","description":"Obavijest - U \u0161koli i vrti\u0107u prisutne u\u0161i. \u0160ampon sadr\u017ei BIO ulje lavande i ulje \u010dajevca, koji uklanja u\u0161i i stvara nepovoljno okru\u017eenje za razvoj gnjida.","robots":{"index":"index","follow":"follow","max-snippet":"max-snippet:-1","max-image-preview":"max-image-preview:large","max-video-preview":"max-video-preview:-1"},"canonical":"https:\/\/sen-shop.com\/hr\/collections\/nekategorizirano\/sampon-a-usi\/","og_locale":"hr_HR","og_type":"article","og_title":"Komplet protiv u\u0161iju - 100% prirodno uklanjanje u\u0161iju","og_description":"Obavijest - U \u0161koli i vrti\u0107u prisutne u\u0161i. \u0160ampon sadr\u017ei BIO ulje lavande i ulje \u010dajevca, koji uklanja u\u0161i i stvara nepovoljno okru\u017eenje za razvoj gnjida.","og_url":"https:\/\/sen-shop.com\/hr\/collections\/nekategorizirano\/sampon-a-usi\/","og_site_name":"SEN Shop","article_publisher":"https:\/\/www.facebook.com\/Senshopslovenija","article_modified_time":"2021-04-29T08:31:09+00:00","og_image":[{"width":697,"height":797,"url":"https:\/\/sen-shop.com\/wp-content\/uploads\/2021\/04\/sampon-hr-zastita-od-usiju.png","type":"image\/png"}],"twitter_card":"summary_large_image","twitter_misc":{"Est. reading time":"2 minutes"},"schema":{"@context":"https:\/\/schema.org","@graph":[{"@type":"WebPage","@id":"https:\/\/sen-shop.com\/hr\/collections\/nekategorizirano\/sampon-a-usi\/","url":"https:\/\/sen-shop.com\/hr\/collections\/nekategorizirano\/sampon-a-usi\/","name":"Komplet protiv u\u0161iju - 100% prirodno uklanjanje u\u0161iju","isPartOf":{"@id":"https:\/\/sen-shop.com\/hr\/#website"},"datePublished":"2019-05-09T11:46:13+00:00","dateModified":"2021-04-29T08:31:09+00:00","description":"Obavijest - U \u0161koli i vrti\u0107u prisutne u\u0161i. \u0160ampon sadr\u017ei BIO ulje lavande i ulje \u010dajevca, koji uklanja u\u0161i i stvara nepovoljno okru\u017eenje za razvoj gnjida.","breadcrumb":{"@id":"https:\/\/sen-shop.com\/hr\/collections\/nekategorizirano\/sampon-a-usi\/#breadcrumb"},"inLanguage":"hr-HR","potentialAction":[{"@type":"ReadAction","target":["https:\/\/sen-shop.com\/hr\/collections\/nekategorizirano\/sampon-a-usi\/"]}]},{"@type":"BreadcrumbList","@id":"https:\/\/sen-shop.com\/hr\/collections\/nekategorizirano\/sampon-a-usi\/#breadcrumb","itemListElement":[{"@type":"ListItem","position":1,"name":"Home","item":"https:\/\/sen-shop.com\/hr\/"},{"@type":"ListItem","position":2,"name":"Komplet &#8211; Za\u0161tita od u\u0161iju"}]},{"@type":"WebSite","@id":"https:\/\/sen-shop.com\/hr\/#website","url":"https:\/\/sen-shop.com\/hr\/","name":"SEN Shop","description":"Slovensko, Ekolo\u0161ko, Naravno","publisher":{"@id":"https:\/\/sen-shop.com\/hr\/#organization"},"potentialAction":[{"@type":"SearchAction","target":{"@type":"EntryPoint","urlTemplate":"https:\/\/sen-shop.com\/hr\/?s={search_term_string}"},"query-input":"required name=search_term_string"}],"inLanguage":"hr-HR"},{"@type":"Organization","@id":"https:\/\/sen-shop.com\/hr\/#organization","name":"Mind trade d.o.o","url":"https:\/\/sen-shop.com\/hr\/","logo":{"@type":"ImageObject","inLanguage":"hr-HR","@id":"https:\/\/sen-shop.com\/hr\/#\/schema\/logo\/image\/","url":"https:\/\/sen-shop.com\/wp-content\/uploads\/2018\/05\/header_logo.png","contentUrl":"https:\/\/sen-shop.com\/wp-content\/uploads\/2018\/05\/header_logo.png","width":138,"height":70,"caption":"Mind trade d.o.o"},"image":{"@id":"https:\/\/sen-shop.com\/hr\/#\/schema\/logo\/image\/"},"sameAs":["https:\/\/www.instagram.com\/senslovenija\/","https:\/\/www.facebook.com\/Senshopslovenija"]}]}},"_links":{"self":[{"href":"https:\/\/sen-shop.com\/hr\/wp-json\/wp\/v2\/product\/27205","targetHints":{"allow":["GET"]}}],"collection":[{"href":"https:\/\/sen-shop.com\/hr\/wp-json\/wp\/v2\/product"}],"about":[{"href":"https:\/\/sen-shop.com\/hr\/wp-json\/wp\/v2\/types\/product"}],"replies":[{"embeddable":true,"href":"https:\/\/sen-shop.com\/hr\/wp-json\/wp\/v2\/comments?post=27205"}],"wp:featuredmedia":[{"embeddable":true,"href":"https:\/\/sen-shop.com\/hr\/wp-json\/wp\/v2\/media\/27215"}],"wp:attachment":[{"href":"https:\/\/sen-shop.com\/hr\/wp-json\/wp\/v2\/media?parent=27205"}],"wp:term":[{"taxonomy":"product_cat","embeddable":true,"href":"https:\/\/sen-shop.com\/hr\/wp-json\/wp\/v2\/product_cat?post=27205"},{"taxonomy":"product_tag","embeddable":true,"href":"https:\/\/sen-shop.com\/hr\/wp-json\/wp\/v2\/product_tag?post=27205"}],"curies":[{"name":"wp","href":"https:\/\/api.w.org\/{rel}","templated":true}]}}