{"id":27202,"date":"2019-07-05T09:55:13","date_gmt":"2019-07-05T07:55:13","guid":{"rendered":"https:\/\/www.sen-shop.com\/collections\/uncategorized\/prirodni-samponi-protiv-usiju\/"},"modified":"2021-04-29T10:33:07","modified_gmt":"2021-04-29T08:33:07","slug":"prirodni-samponi-protiv-usiju","status":"publish","type":"product","link":"https:\/\/sen-shop.com\/hr\/collections\/nekategorizirano\/prirodni-samponi-protiv-usiju\/","title":{"rendered":"Prirodni \u0161ampon protiv u\u0161iju 3+1"},"content":{"rendered":"<p>[vc_row][vc_column][vc_column_text]<\/p>\n<div class=\"wpb_wrapper\">\n<h2>BIO \u0161ampon za njegu kose<\/h2>\n<p>Da li vam svrbe\u017e vlasi\u0161ta uzrokuje pote\u0161ko\u0107e? Tra\u017eite prirodni \u0161ampon protiv peruti? BIO \u0161ampon sa svojim sastojcima pozitivno djeluje na vlasi\u0161te i kosu: umiruje i \u0161titi, prirodno regulira masno\u0107u i sprje\u010dava isu\u0161ivanje vlasi\u0161ta (BIO bosiljak, BIO lavanda, BIO menta, BIO kadulja), ima <strong>blagi antisepti\u010dki u\u010dinak<\/strong> (BIO \u010dajevac).<\/p>\n<h3>Spje\u010dava nastanek peruti<\/h3>\n<p>BIO biljni \u0161ampon SEN \u0107e umirit svrbe\u017e va\u0161ega vlasi\u0161ta. Sinteti\u010dki \u0161amponi sadr\u017ee pjenu koja naru\u0161ava ravnote\u017eu va\u0161eg vlasi\u0161ta. Prevladavaju\u0107e mi\u0161ljenje je da se kosa vi\u0161e pere kada se stvara vi\u0161e pjene, \u0161to nije istina. Pjena iritira vlasi\u0161te, \u0161to uzrokuje su\u0161enje vlasi\u0161ta, \u0161to dovodi do nastanka peruti. Svrbe\u017e vlasi\u0161ta mo\u017ee biti prouzrokovana zbog peruti. Perut tako\u0111er mo\u017ee biti znak razvoja gljivi\u010dne infekcije vlasi\u0161ta. <strong>BIO esencijalna ulja<\/strong> bosiljka, BIO lavanda, BIO menta i BIO kadulja sprje\u010davaju prirodno isu\u0161ivanje vlasi\u0161ta. <strong>BIO ulje \u010dajevca<\/strong> ima blagi antisepti\u010dki u\u010dinak na vlasi\u0161te i inhibira perut. <strong>100% prirodni \u0161ampon<\/strong> protiv peruti.<\/p>\n<h3>Spje\u010dava gubitak kose i sjedenje<\/h3>\n<p>Imate problem s gubitkom kose i sijedenjem? BIO \u0161ampon redovito poma\u017ee usporiti proces formiranja sive kose. \u0160ampon od prirodnih sastojaka ja\u010da korijenje kose, sprje\u010dava gubitak kose i o\u0161te\u0107enje strukture kose.<\/p>\n<h3>Spje\u010dava pote\u0161ko\u0107e s kosmi i vlasi\u0161tem<\/h3>\n<p>Sinteti\u010dki \u0161ampon na kosi stvara omota\u010d koji sprje\u010dava da kisik dospije u kosu, zbog \u010dega se vrhovi kose pretjerano osu\u0161e. Kosa postaje slamna i be\u017eivotna. Svrbe\u017e vlasi\u0161ta postaje stalan problem. Takve pote\u0161ko\u0107e \u0107ete izbje\u0107i kori\u0161tenjem prirodnog BIO \u0161ampona. Hidrolipidni premaz \u0161titi ko\u017eu od vanjskih utjecaja. Ph od 5,4 do 5,9 je garancija za zdravu ko\u017eu. Kori\u0161tenjem sinteti\u010dkih \u0161ampona, koji su uglavnom bazi\u010dni (Ph 7 ili vi\u0161i), ru\u0161ite ravnote\u017eu, \u0161to dovodi do razmno\u017eavanja bakterija i upale. Prirodni BIO \u0161ampon za kosu nje\u017eno uklanja ne\u010disto\u0107e s kose i odr\u017eava prirodnu ravnote\u017eu va\u0161eg vlasi\u0161ta.<\/p>\n<h3>Uklanja u\u0161i<\/h3>\n<p>\u0160ampon sadr\u017ei i esencijalno ulje lavande i ulje \u010dajevca, koji<strong> uklanja u\u0161i<\/strong> i<strong> stvara nepovoljno okru\u017eenje za razvoj gnjida. <\/strong>Ako va\u0161e dijete ve\u0107 ima u\u0161i, potrebno je u ljekarni potra\u017eiti kemijski \u0161ampon i ru\u010dno ukloniti sve gnjide. Da biste pomogli eliminiranju u\u0161iju, operite bebinu kosu \u0161amponom tako \u0161to \u0107ete istisnuti pravu koli\u010dinu \u0161ampona u dlan i dodati 5 kapi esencijalnog ulja \u010dajevca.\u00a0 <strong>Dodajte \u010dajevac u \u0161ampon<\/strong>, zatim nanesite \u0161ampon na kosu i ostavite da djeluje 2 minute. Nakon 2 minute isperite kosu. <strong>BIO ulje \u010dajevca<\/strong> mo\u017eete naru\u010diti <a href=\"https:\/\/www.sen.hr\/collections\/osobna-njega-cat\/njega-kose\/bio-ulje-cajevca-10ml\/\">OVDJE.<\/a><\/p>\n<p>Prirodni \u0161ampon nije zamjena za kemijski \u0161ampon koji ubija u\u0161i. \u0160ampon je samo potpora koja prirodno stvara nepovoljno okru\u017eenje za daljnji razvoj u\u0161iju u vlasi\u0161tu.<\/p>\n<\/div>\n<p>[\/vc_column_text][\/vc_column][\/vc_row][vc_row][vc_column][vc_column_text css=&#8221;.vc_custom_1570779893998{padding-top: 15px !important;padding-right: 10px !important;padding-bottom: 10px !important;padding-left: 30px !important;background-color: #c8d6c0 !important;}&#8221;]<\/p>\n<h3>Upotreba:<\/h3>\n<p>BIO \u0161ampon koristite kao klasi\u010dan \u0161ampon (\u0161ampon nanesite na vlasi\u0161te, pjenu\u00a0 isperite vodom). Tako\u0111er mo\u017eete dodati nekoliko kapi esencijalnog ulja \u010dajevca u svoj \u0161ampon po potrebi.<\/p>\n<p>Prije ulaska u vrti\u0107 utrljajte 1 \u2013 2 kapi esencijalnog ulja oko djetetovog vlasi\u0161ta.<\/p>\n<p>Kori\u0161tenje \u0161ampona i esencijalnog ulja je sigurno i jednostavno.[\/vc_column_text][vc_column_text]U paketu se nalaze 4 komada 100% <strong>prirodnog \u0161ampona<\/strong>. \u0160ampon sadr\u017ei eteri\u010dno ulje \u010dajevca i ulje lavande koje odbija u\u0161i i <strong>stvara nepovoljno okru\u017eenje za razvoj GNJIDA<\/strong>.[\/vc_column_text][\/vc_column][\/vc_row]<\/p>\n","protected":false},"excerpt":{"rendered":"<p><strong>100% PRIRODNI<\/strong> <strong>\u0161ampon,<\/strong> pogodan za njegu kose i odr\u017eavanje prirodne ravnote\u017ee vlasi\u0161ta. \u00a0Izuzetno blago sredstvo za pranje prirodnog podrijetla, napravljeno od kukuruznog i kokosovog ulja, uz dodatak organski uzgojenih esencijalnih ulja, sprje\u010dava probleme s vlasi\u0161tem poput <strong>peruti, svrbe\u017ea vlasi\u0161ta i upale.<\/strong> Eteri\u010dno ulje kadije sprje\u010dava <strong>sijedu kosu<\/strong> i <strong>gubitak kose<\/strong>. BIO \u0161ampon je pogodan za cijelu obitelj i mogu ga koristiti djeca. \u0160ampon <strong>protiv peruti<\/strong> koji tako\u0111er uklanja svrbe\u017e vlasi\u0161ta na prirodan na\u010din. \ufe0f\u0160ampon sadr\u017ei i esencijalno ulje lavande i ulje \u010dajevca, koji<strong> uklanja u\u0161i<\/strong> i<strong> stvara nepovoljno okru\u017eenje za razvoj gnjida.<\/strong><\/p>\n<p>\u0160ampon je Aromacert certificiran, ECO certificiran, veganskog je porijekla i nije testiran na \u017eivotinjama.<\/p>\n","protected":false},"featured_media":27203,"comment_status":"open","ping_status":"closed","template":"","meta":{"inline_featured_image":false},"product_cat":[170],"product_tag":[],"class_list":["post-27202","product","type-product","status-publish","has-post-thumbnail","hentry","product_cat-nekategorizirano","yith_product_brand-aromacert","yith_product_brand-eko-hr","yith_product_brand-ni-testirano-na-zivali-hr","yith_product_brand-vegan-hr"],"acf":[],"yoast_head":"<!-- This site is optimized with the Yoast SEO plugin v19.13 - https:\/\/yoast.com\/wordpress\/plugins\/seo\/ -->\n<title>\u0160ampon protiv u\u0161iju. Neka vas ne iznenade u\u0161i na glavi | 100% Prirodno<\/title>\n<meta name=\"description\" content=\"\u0160ampon protiv u\u0161iju - sadr\u017ei eteri\u010dno ulje \u010dajevca i lavande, koji odbijaju u\u0161i i sprje\u010davaju razvoj gnjida. Ne dozvolite, da va\u0161e dijete dobije u\u0161i u kosi\" \/>\n<meta name=\"robots\" content=\"index, follow, max-snippet:-1, max-image-preview:large, max-video-preview:-1\" \/>\n<link rel=\"canonical\" href=\"https:\/\/sen-shop.com\/hr\/collections\/nekategorizirano\/prirodni-samponi-protiv-usiju\/\" \/>\n<meta property=\"og:locale\" content=\"hr_HR\" \/>\n<meta property=\"og:type\" content=\"article\" \/>\n<meta property=\"og:title\" content=\"\u0160ampon protiv u\u0161iju. Neka vas ne iznenade u\u0161i na glavi | 100% Prirodno\" \/>\n<meta property=\"og:description\" content=\"\u0160ampon protiv u\u0161iju - sadr\u017ei eteri\u010dno ulje \u010dajevca i lavande, koji odbijaju u\u0161i i sprje\u010davaju razvoj gnjida. Ne dozvolite, da va\u0161e dijete dobije u\u0161i u kosi\" \/>\n<meta property=\"og:url\" content=\"https:\/\/sen-shop.com\/hr\/collections\/nekategorizirano\/prirodni-samponi-protiv-usiju\/\" \/>\n<meta property=\"og:site_name\" content=\"SEN Shop\" \/>\n<meta property=\"article:publisher\" content=\"https:\/\/www.facebook.com\/Senshopslovenija\" \/>\n<meta property=\"article:modified_time\" content=\"2021-04-29T08:33:07+00:00\" \/>\n<meta property=\"og:image\" content=\"https:\/\/sen-shop.com\/wp-content\/uploads\/2021\/04\/sampon-hr-31-gratis.png\" \/>\n\t<meta property=\"og:image:width\" content=\"854\" \/>\n\t<meta property=\"og:image:height\" content=\"853\" \/>\n\t<meta property=\"og:image:type\" content=\"image\/png\" \/>\n<meta name=\"twitter:card\" content=\"summary_large_image\" \/>\n<meta name=\"twitter:label1\" content=\"Est. reading time\" \/>\n\t<meta name=\"twitter:data1\" content=\"3 minutes\" \/>\n<script type=\"application\/ld+json\" class=\"yoast-schema-graph\">{\"@context\":\"https:\/\/schema.org\",\"@graph\":[{\"@type\":\"WebPage\",\"@id\":\"https:\/\/sen-shop.com\/hr\/collections\/nekategorizirano\/prirodni-samponi-protiv-usiju\/\",\"url\":\"https:\/\/sen-shop.com\/hr\/collections\/nekategorizirano\/prirodni-samponi-protiv-usiju\/\",\"name\":\"\u0160ampon protiv u\u0161iju. Neka vas ne iznenade u\u0161i na glavi | 100% Prirodno\",\"isPartOf\":{\"@id\":\"https:\/\/sen-shop.com\/hr\/#website\"},\"datePublished\":\"2019-07-05T07:55:13+00:00\",\"dateModified\":\"2021-04-29T08:33:07+00:00\",\"description\":\"\u0160ampon protiv u\u0161iju - sadr\u017ei eteri\u010dno ulje \u010dajevca i lavande, koji odbijaju u\u0161i i sprje\u010davaju razvoj gnjida. Ne dozvolite, da va\u0161e dijete dobije u\u0161i u kosi\",\"breadcrumb\":{\"@id\":\"https:\/\/sen-shop.com\/hr\/collections\/nekategorizirano\/prirodni-samponi-protiv-usiju\/#breadcrumb\"},\"inLanguage\":\"hr-HR\",\"potentialAction\":[{\"@type\":\"ReadAction\",\"target\":[\"https:\/\/sen-shop.com\/hr\/collections\/nekategorizirano\/prirodni-samponi-protiv-usiju\/\"]}]},{\"@type\":\"BreadcrumbList\",\"@id\":\"https:\/\/sen-shop.com\/hr\/collections\/nekategorizirano\/prirodni-samponi-protiv-usiju\/#breadcrumb\",\"itemListElement\":[{\"@type\":\"ListItem\",\"position\":1,\"name\":\"Home\",\"item\":\"https:\/\/sen-shop.com\/hr\/\"},{\"@type\":\"ListItem\",\"position\":2,\"name\":\"Prirodni \u0161ampon protiv u\u0161iju 3+1\"}]},{\"@type\":\"WebSite\",\"@id\":\"https:\/\/sen-shop.com\/hr\/#website\",\"url\":\"https:\/\/sen-shop.com\/hr\/\",\"name\":\"SEN Shop\",\"description\":\"Slovensko, Ekolo\u0161ko, Naravno\",\"publisher\":{\"@id\":\"https:\/\/sen-shop.com\/hr\/#organization\"},\"potentialAction\":[{\"@type\":\"SearchAction\",\"target\":{\"@type\":\"EntryPoint\",\"urlTemplate\":\"https:\/\/sen-shop.com\/hr\/?s={search_term_string}\"},\"query-input\":\"required name=search_term_string\"}],\"inLanguage\":\"hr-HR\"},{\"@type\":\"Organization\",\"@id\":\"https:\/\/sen-shop.com\/hr\/#organization\",\"name\":\"Mind trade d.o.o\",\"url\":\"https:\/\/sen-shop.com\/hr\/\",\"logo\":{\"@type\":\"ImageObject\",\"inLanguage\":\"hr-HR\",\"@id\":\"https:\/\/sen-shop.com\/hr\/#\/schema\/logo\/image\/\",\"url\":\"https:\/\/sen-shop.com\/wp-content\/uploads\/2018\/05\/header_logo.png\",\"contentUrl\":\"https:\/\/sen-shop.com\/wp-content\/uploads\/2018\/05\/header_logo.png\",\"width\":138,\"height\":70,\"caption\":\"Mind trade d.o.o\"},\"image\":{\"@id\":\"https:\/\/sen-shop.com\/hr\/#\/schema\/logo\/image\/\"},\"sameAs\":[\"https:\/\/www.instagram.com\/senslovenija\/\",\"https:\/\/www.facebook.com\/Senshopslovenija\"]}]}<\/script>\n<!-- \/ Yoast SEO plugin. -->","yoast_head_json":{"title":"\u0160ampon protiv u\u0161iju. Neka vas ne iznenade u\u0161i na glavi | 100% Prirodno","description":"\u0160ampon protiv u\u0161iju - sadr\u017ei eteri\u010dno ulje \u010dajevca i lavande, koji odbijaju u\u0161i i sprje\u010davaju razvoj gnjida. Ne dozvolite, da va\u0161e dijete dobije u\u0161i u kosi","robots":{"index":"index","follow":"follow","max-snippet":"max-snippet:-1","max-image-preview":"max-image-preview:large","max-video-preview":"max-video-preview:-1"},"canonical":"https:\/\/sen-shop.com\/hr\/collections\/nekategorizirano\/prirodni-samponi-protiv-usiju\/","og_locale":"hr_HR","og_type":"article","og_title":"\u0160ampon protiv u\u0161iju. Neka vas ne iznenade u\u0161i na glavi | 100% Prirodno","og_description":"\u0160ampon protiv u\u0161iju - sadr\u017ei eteri\u010dno ulje \u010dajevca i lavande, koji odbijaju u\u0161i i sprje\u010davaju razvoj gnjida. Ne dozvolite, da va\u0161e dijete dobije u\u0161i u kosi","og_url":"https:\/\/sen-shop.com\/hr\/collections\/nekategorizirano\/prirodni-samponi-protiv-usiju\/","og_site_name":"SEN Shop","article_publisher":"https:\/\/www.facebook.com\/Senshopslovenija","article_modified_time":"2021-04-29T08:33:07+00:00","og_image":[{"width":854,"height":853,"url":"https:\/\/sen-shop.com\/wp-content\/uploads\/2021\/04\/sampon-hr-31-gratis.png","type":"image\/png"}],"twitter_card":"summary_large_image","twitter_misc":{"Est. reading time":"3 minutes"},"schema":{"@context":"https:\/\/schema.org","@graph":[{"@type":"WebPage","@id":"https:\/\/sen-shop.com\/hr\/collections\/nekategorizirano\/prirodni-samponi-protiv-usiju\/","url":"https:\/\/sen-shop.com\/hr\/collections\/nekategorizirano\/prirodni-samponi-protiv-usiju\/","name":"\u0160ampon protiv u\u0161iju. Neka vas ne iznenade u\u0161i na glavi | 100% Prirodno","isPartOf":{"@id":"https:\/\/sen-shop.com\/hr\/#website"},"datePublished":"2019-07-05T07:55:13+00:00","dateModified":"2021-04-29T08:33:07+00:00","description":"\u0160ampon protiv u\u0161iju - sadr\u017ei eteri\u010dno ulje \u010dajevca i lavande, koji odbijaju u\u0161i i sprje\u010davaju razvoj gnjida. Ne dozvolite, da va\u0161e dijete dobije u\u0161i u kosi","breadcrumb":{"@id":"https:\/\/sen-shop.com\/hr\/collections\/nekategorizirano\/prirodni-samponi-protiv-usiju\/#breadcrumb"},"inLanguage":"hr-HR","potentialAction":[{"@type":"ReadAction","target":["https:\/\/sen-shop.com\/hr\/collections\/nekategorizirano\/prirodni-samponi-protiv-usiju\/"]}]},{"@type":"BreadcrumbList","@id":"https:\/\/sen-shop.com\/hr\/collections\/nekategorizirano\/prirodni-samponi-protiv-usiju\/#breadcrumb","itemListElement":[{"@type":"ListItem","position":1,"name":"Home","item":"https:\/\/sen-shop.com\/hr\/"},{"@type":"ListItem","position":2,"name":"Prirodni \u0161ampon protiv u\u0161iju 3+1"}]},{"@type":"WebSite","@id":"https:\/\/sen-shop.com\/hr\/#website","url":"https:\/\/sen-shop.com\/hr\/","name":"SEN Shop","description":"Slovensko, Ekolo\u0161ko, Naravno","publisher":{"@id":"https:\/\/sen-shop.com\/hr\/#organization"},"potentialAction":[{"@type":"SearchAction","target":{"@type":"EntryPoint","urlTemplate":"https:\/\/sen-shop.com\/hr\/?s={search_term_string}"},"query-input":"required name=search_term_string"}],"inLanguage":"hr-HR"},{"@type":"Organization","@id":"https:\/\/sen-shop.com\/hr\/#organization","name":"Mind trade d.o.o","url":"https:\/\/sen-shop.com\/hr\/","logo":{"@type":"ImageObject","inLanguage":"hr-HR","@id":"https:\/\/sen-shop.com\/hr\/#\/schema\/logo\/image\/","url":"https:\/\/sen-shop.com\/wp-content\/uploads\/2018\/05\/header_logo.png","contentUrl":"https:\/\/sen-shop.com\/wp-content\/uploads\/2018\/05\/header_logo.png","width":138,"height":70,"caption":"Mind trade d.o.o"},"image":{"@id":"https:\/\/sen-shop.com\/hr\/#\/schema\/logo\/image\/"},"sameAs":["https:\/\/www.instagram.com\/senslovenija\/","https:\/\/www.facebook.com\/Senshopslovenija"]}]}},"_links":{"self":[{"href":"https:\/\/sen-shop.com\/hr\/wp-json\/wp\/v2\/product\/27202","targetHints":{"allow":["GET"]}}],"collection":[{"href":"https:\/\/sen-shop.com\/hr\/wp-json\/wp\/v2\/product"}],"about":[{"href":"https:\/\/sen-shop.com\/hr\/wp-json\/wp\/v2\/types\/product"}],"replies":[{"embeddable":true,"href":"https:\/\/sen-shop.com\/hr\/wp-json\/wp\/v2\/comments?post=27202"}],"wp:featuredmedia":[{"embeddable":true,"href":"https:\/\/sen-shop.com\/hr\/wp-json\/wp\/v2\/media\/27203"}],"wp:attachment":[{"href":"https:\/\/sen-shop.com\/hr\/wp-json\/wp\/v2\/media?parent=27202"}],"wp:term":[{"taxonomy":"product_cat","embeddable":true,"href":"https:\/\/sen-shop.com\/hr\/wp-json\/wp\/v2\/product_cat?post=27202"},{"taxonomy":"product_tag","embeddable":true,"href":"https:\/\/sen-shop.com\/hr\/wp-json\/wp\/v2\/product_tag?post=27202"}],"curies":[{"name":"wp","href":"https:\/\/api.w.org\/{rel}","templated":true}]}}