{"id":27194,"date":"2020-02-03T13:57:00","date_gmt":"2020-02-03T12:57:00","guid":{"rendered":"https:\/\/www.sen-shop.com\/collections\/uncategorized\/cimet-za-regulaciju-secera-u-krvi-31-gratis\/"},"modified":"2021-04-22T10:38:03","modified_gmt":"2021-04-22T08:38:03","slug":"cimet-za-regulaciju-secera-u-krvi-31-gratis","status":"publish","type":"product","link":"https:\/\/sen-shop.com\/hr\/collections\/nekategorizirano\/cimet-za-regulaciju-secera-u-krvi-31-gratis\/","title":{"rendered":"Cimet 3+1 GRATIS"},"content":{"rendered":"<h1><strong>Cimet, za regulaciju \u0161e\u0107era u krvi<\/strong><\/h1>\n<p>Znanstveno utemeljena saznanja o korisnim u\u010dincima cimeta nastala su unazad nekoliko godina. Saznanje dr. Almama Khana je pokazalo da svakodnevno uzimanje cimeta pozitivno utje\u010de na razinu \u0161e\u0107era u krvi, kao i na razinu mnogih masti u krvi, poput triglicerida i kolesterola. Cejlonski cimet pove\u0107ava osjetljivost inzulinskih receptora. Na ovaj na\u010din, va\u0161 inzulin ponovno razvija svoja svojstva i radi u\u010dinkovito i optimalno.<\/p>\n<p>&nbsp;<\/p>\n<h4>Cimet i dijabetes<\/h4>\n<p>Kao rezultat mnogih analiza, sve vi\u0161e stru\u010dnjaka preporu\u010duje ljudima koji imaju dijabetes tipa II da uz hranu uzimaju dodatke cimeta, \u010dime \u0107e zna\u010dajno pobolj\u0161ati svoje zdravlje.<\/p>\n<p>Manje poznato je, da odre\u0111ene vrste cimeta sadr\u017ee jako puno kumarina. Kumarin nije \u0161tetan u malim koli\u010dinama, ali u velikim dozama mo\u017ee imati negativne u\u010dinke. Kada kupujete pripravke od cimeta, obratite pozornost na \u010dinjenicu da sadr\u017ee visokokvalitetni cimet koji sadr\u017ei minimalnu koli\u010dinu kumarina.<\/p>\n<p>Za proizvodnju Cimet kapsula koristimo samo najkvalitetniji ekstrakt cejlonskog cimeta. Sirovina prolazi kroz proces stroge kontrole kvalitete, gdje potvrdimo da je sadr\u017eaj kumarina ispod 0,005% (\u0161to je prema stru\u010dnjacima zanemarivo).<\/p>\n<h4>Kapsule tako\u0111er sadr\u017ee i vitamine C i E, cink i krom.<\/h4>\n<p>Vitamini C ,E i cink su antioksidanti koji \u0161tite tijelo od djelovanja \u0161tetnih radikala.<\/p>\n<p>Za dijabeti\u010dare je krom izuzetno va\u017ean jer doprinosi odr\u017eavanju normalne razine glukoze u krvi i prisutan je u metabolizmu makronutrijenata.<\/p>\n<p>Iz razloga \u0161to dijabeti\u010dari imaju pove\u0107anu potrebu za vitaminima C i E, cinkom i kromom, stru\u010dnjaci preporu\u010duju dodatni unos tih hranjivih sastojaka.<\/p>\n<p>&nbsp;<\/p>\n<p><strong>Cimet kapsule su pogodne:<\/strong><\/p>\n<ul>\n<li>za regulaciju \u0161e\u0107era u krvi,<\/li>\n<li>za stimulaciju inzulinskih receptora.<\/li>\n<\/ul>\n<p>&nbsp;<\/p>\n<p><strong>PREPORU\u010cENA DNEVNA KOLI\u010cINA<\/strong>: Jedna kapsula 2x dnevno, prije jela, s dovoljno teku\u0107ine.\u00a0Istra\u017eivanjem je utvr\u0111eno da u 40 dana konzumacije Hafesan kapsula, \u0161e\u0107er u krvi pada za 25-30%.<\/p>\n<p>&nbsp;<\/p>\n<p><strong>PAKET DOVOLJAN ZA 4 MJESECA<\/strong><\/p>\n<p>Ako \u017eelite kupiti samo jednu kutiju, <a href=\"https:\/\/www.sen.hr\/collections\/prehrambeni-dodaci\/srce-vene-i-hemoroidi\/cimet-za-regulaciju-secera-u-krvi\/\">kliknite ovdje.<\/a><\/p>\n<p>&nbsp;<\/p>\n<p><strong>SADR\u017dAJ:<\/strong> 4 boce = 240 kapsula\u00a0 kapsula<br \/>\n<strong>Neto koli\u010dina:<\/strong>\u00a028,0 g.<\/p>\n<p><strong>Sadr\u017eaj dvije kapsule:<\/strong>\u00a0ekstrakt cimeta (10: 1) 100 mg (= 1000 mg cimeta u prahu), vitamin E 20 mg (167% PDU *), cink 15 mg (150% PDU *), krom 125 \u00b5g (313% PDU *) ), Ekstrakt acerola 480 mg, standardizirani prirodni vitamin C 100 mg (125% PDU *). (* PDU: Preporu\u010deni dnevni unos u kapsuli)<\/p>\n","protected":false},"excerpt":{"rendered":"<p>Cimet se ve\u0107 tisu\u0107ama godina ne koristi samo kao za\u010din, ve\u0107 kao i prirodni lijek. Cimet poti\u010de djelovanje inzulinskih receptora i lu\u010denje inzulina. Rezultat toga je, da tijelo mo\u017ee bolje iskoristiti vlastiti inzulin. Vodite ra\u010duna o svom zdravlju i pobolj\u0161ajte svoje zdravlje s cimetom.<\/p>\n<p>\ud83c\udf3f Za razliku od kuhinjskog cimeta, Hafesan kapsule ne sadr\u017ee (toksi\u010dni) KUMARIN jer je pro\u010di\u0161\u0107en!<\/p>\n<p>\ud83c\udf3f Istra\u017eivanjem je utvr\u0111eno da u 40 dana konzumacije Hafesan kapsula, \u0161e\u0107er pada za 25-30%<\/p>\n<p>\ud83c\udf3f Dodan KROM \u2013 krom je va\u017ean za normalan metabolizam glukoze. Pove\u0107ava broj inzulinskih receptora, vezivanje receptora i pobolj\u0161ava aktiviranje inzulina.<\/p>\n<p><strong>Cimet kapsule su pogodne:<\/strong><\/p>\n<ul>\n<li>za regulaciju \u0161e\u0107era u krvi,<\/li>\n<li>za stimulaciju inzulinskih receptora.<\/li>\n<\/ul>\n<p><strong>PAKET JE DOVOLJAN ZA 4 MJESECA<\/strong><\/p>\n<p><strong>PREPORU\u010cENA DNEVNA KOLI\u010cINA:<\/strong>\u00a0Uzmite jednu kapsulu 2x dnevno, prije jela, s dovoljno teku\u0107ine.<\/p>\n<p><strong>SADR\u017dAJ PAKETA: 3 + 1 GRATIS = 240 KAPSULA. <\/strong>Ako \u017eelite kupiti samo jednu kutiju, <a href=\"https:\/\/www.sen.hr\/collections\/prehrambeni-dodaci\/srce-vene-i-hemoroidi\/cimet-za-regulaciju-secera-u-krvi\/\">kliknite ovdje.<\/a><\/p>\n","protected":false},"featured_media":27195,"comment_status":"closed","ping_status":"closed","template":"","meta":{"inline_featured_image":false},"product_cat":[170],"product_tag":[],"class_list":["post-27194","product","type-product","status-publish","has-post-thumbnail","hentry","product_cat-nekategorizirano"],"acf":[],"yoast_head":"<!-- This site is optimized with the Yoast SEO plugin v19.13 - https:\/\/yoast.com\/wordpress\/plugins\/seo\/ -->\n<title>Cimet 3+1 GRATIS - SEN Shop<\/title>\n<meta name=\"robots\" content=\"index, follow, max-snippet:-1, max-image-preview:large, max-video-preview:-1\" \/>\n<link rel=\"canonical\" href=\"https:\/\/sen-shop.com\/hr\/collections\/nekategorizirano\/cimet-za-regulaciju-secera-u-krvi-31-gratis\/\" \/>\n<meta property=\"og:locale\" content=\"hr_HR\" \/>\n<meta property=\"og:type\" content=\"article\" \/>\n<meta property=\"og:title\" content=\"Cimet 3+1 GRATIS - SEN Shop\" \/>\n<meta property=\"og:description\" content=\"Cimet se ve\u0107 tisu\u0107ama godina ne koristi samo kao za\u010din, ve\u0107 kao i prirodni lijek. Cimet poti\u010de djelovanje inzulinskih receptora i lu\u010denje inzulina. Rezultat toga je, da tijelo mo\u017ee bolje iskoristiti vlastiti inzulin. Vodite ra\u010duna o svom zdravlju i pobolj\u0161ajte svoje zdravlje s cimetom.  \ud83c\udf3f Za razliku od kuhinjskog cimeta, Hafesan kapsule ne sadr\u017ee (toksi\u010dni) KUMARIN jer je pro\u010di\u0161\u0107en!  \ud83c\udf3f Istra\u017eivanjem je utvr\u0111eno da u 40 dana konzumacije Hafesan kapsula, \u0161e\u0107er pada za 25-30%  \ud83c\udf3f Dodan KROM \u2013 krom je va\u017ean za normalan metabolizam glukoze. Pove\u0107ava broj inzulinskih receptora, vezivanje receptora i pobolj\u0161ava aktiviranje inzulina.  Cimet kapsule su pogodne:   za regulaciju \u0161e\u0107era u krvi,  za stimulaciju inzulinskih receptora.  PAKET JE DOVOLJAN ZA 4 MJESECA  PREPORU\u010cENA DNEVNA KOLI\u010cINA:\u00a0Uzmite jednu kapsulu 2x dnevno, prije jela, s dovoljno teku\u0107ine.  SADR\u017dAJ PAKETA: 3 + 1 GRATIS = 240 KAPSULA. Ako \u017eelite kupiti samo jednu kutiju, kliknite ovdje.\" \/>\n<meta property=\"og:url\" content=\"https:\/\/sen-shop.com\/hr\/collections\/nekategorizirano\/cimet-za-regulaciju-secera-u-krvi-31-gratis\/\" \/>\n<meta property=\"og:site_name\" content=\"SEN Shop\" \/>\n<meta property=\"article:publisher\" content=\"https:\/\/www.facebook.com\/Senshopslovenija\" \/>\n<meta property=\"article:modified_time\" content=\"2021-04-22T08:38:03+00:00\" \/>\n<meta property=\"og:image\" content=\"https:\/\/sen-shop.com\/wp-content\/uploads\/2021\/04\/cimet-gratis-diabetes.png\" \/>\n\t<meta property=\"og:image:width\" content=\"1080\" \/>\n\t<meta property=\"og:image:height\" content=\"1080\" \/>\n\t<meta property=\"og:image:type\" content=\"image\/png\" \/>\n<meta name=\"twitter:card\" content=\"summary_large_image\" \/>\n<meta name=\"twitter:label1\" content=\"Est. reading time\" \/>\n\t<meta name=\"twitter:data1\" content=\"2 minutes\" \/>\n<script type=\"application\/ld+json\" class=\"yoast-schema-graph\">{\"@context\":\"https:\/\/schema.org\",\"@graph\":[{\"@type\":\"WebPage\",\"@id\":\"https:\/\/sen-shop.com\/hr\/collections\/nekategorizirano\/cimet-za-regulaciju-secera-u-krvi-31-gratis\/\",\"url\":\"https:\/\/sen-shop.com\/hr\/collections\/nekategorizirano\/cimet-za-regulaciju-secera-u-krvi-31-gratis\/\",\"name\":\"Cimet 3+1 GRATIS - SEN Shop\",\"isPartOf\":{\"@id\":\"https:\/\/sen-shop.com\/hr\/#website\"},\"datePublished\":\"2020-02-03T12:57:00+00:00\",\"dateModified\":\"2021-04-22T08:38:03+00:00\",\"breadcrumb\":{\"@id\":\"https:\/\/sen-shop.com\/hr\/collections\/nekategorizirano\/cimet-za-regulaciju-secera-u-krvi-31-gratis\/#breadcrumb\"},\"inLanguage\":\"hr-HR\",\"potentialAction\":[{\"@type\":\"ReadAction\",\"target\":[\"https:\/\/sen-shop.com\/hr\/collections\/nekategorizirano\/cimet-za-regulaciju-secera-u-krvi-31-gratis\/\"]}]},{\"@type\":\"BreadcrumbList\",\"@id\":\"https:\/\/sen-shop.com\/hr\/collections\/nekategorizirano\/cimet-za-regulaciju-secera-u-krvi-31-gratis\/#breadcrumb\",\"itemListElement\":[{\"@type\":\"ListItem\",\"position\":1,\"name\":\"Home\",\"item\":\"https:\/\/sen-shop.com\/hr\/\"},{\"@type\":\"ListItem\",\"position\":2,\"name\":\"Cimet 3+1 GRATIS\"}]},{\"@type\":\"WebSite\",\"@id\":\"https:\/\/sen-shop.com\/hr\/#website\",\"url\":\"https:\/\/sen-shop.com\/hr\/\",\"name\":\"SEN Shop\",\"description\":\"Slovensko, Ekolo\u0161ko, Naravno\",\"publisher\":{\"@id\":\"https:\/\/sen-shop.com\/hr\/#organization\"},\"potentialAction\":[{\"@type\":\"SearchAction\",\"target\":{\"@type\":\"EntryPoint\",\"urlTemplate\":\"https:\/\/sen-shop.com\/hr\/?s={search_term_string}\"},\"query-input\":\"required name=search_term_string\"}],\"inLanguage\":\"hr-HR\"},{\"@type\":\"Organization\",\"@id\":\"https:\/\/sen-shop.com\/hr\/#organization\",\"name\":\"Mind trade d.o.o\",\"url\":\"https:\/\/sen-shop.com\/hr\/\",\"logo\":{\"@type\":\"ImageObject\",\"inLanguage\":\"hr-HR\",\"@id\":\"https:\/\/sen-shop.com\/hr\/#\/schema\/logo\/image\/\",\"url\":\"https:\/\/sen-shop.com\/wp-content\/uploads\/2018\/05\/header_logo.png\",\"contentUrl\":\"https:\/\/sen-shop.com\/wp-content\/uploads\/2018\/05\/header_logo.png\",\"width\":138,\"height\":70,\"caption\":\"Mind trade d.o.o\"},\"image\":{\"@id\":\"https:\/\/sen-shop.com\/hr\/#\/schema\/logo\/image\/\"},\"sameAs\":[\"https:\/\/www.instagram.com\/senslovenija\/\",\"https:\/\/www.facebook.com\/Senshopslovenija\"]}]}<\/script>\n<!-- \/ Yoast SEO plugin. -->","yoast_head_json":{"title":"Cimet 3+1 GRATIS - SEN Shop","robots":{"index":"index","follow":"follow","max-snippet":"max-snippet:-1","max-image-preview":"max-image-preview:large","max-video-preview":"max-video-preview:-1"},"canonical":"https:\/\/sen-shop.com\/hr\/collections\/nekategorizirano\/cimet-za-regulaciju-secera-u-krvi-31-gratis\/","og_locale":"hr_HR","og_type":"article","og_title":"Cimet 3+1 GRATIS - SEN Shop","og_description":"Cimet se ve\u0107 tisu\u0107ama godina ne koristi samo kao za\u010din, ve\u0107 kao i prirodni lijek. Cimet poti\u010de djelovanje inzulinskih receptora i lu\u010denje inzulina. Rezultat toga je, da tijelo mo\u017ee bolje iskoristiti vlastiti inzulin. Vodite ra\u010duna o svom zdravlju i pobolj\u0161ajte svoje zdravlje s cimetom.  \ud83c\udf3f Za razliku od kuhinjskog cimeta, Hafesan kapsule ne sadr\u017ee (toksi\u010dni) KUMARIN jer je pro\u010di\u0161\u0107en!  \ud83c\udf3f Istra\u017eivanjem je utvr\u0111eno da u 40 dana konzumacije Hafesan kapsula, \u0161e\u0107er pada za 25-30%  \ud83c\udf3f Dodan KROM \u2013 krom je va\u017ean za normalan metabolizam glukoze. Pove\u0107ava broj inzulinskih receptora, vezivanje receptora i pobolj\u0161ava aktiviranje inzulina.  Cimet kapsule su pogodne:   za regulaciju \u0161e\u0107era u krvi,  za stimulaciju inzulinskih receptora.  PAKET JE DOVOLJAN ZA 4 MJESECA  PREPORU\u010cENA DNEVNA KOLI\u010cINA:\u00a0Uzmite jednu kapsulu 2x dnevno, prije jela, s dovoljno teku\u0107ine.  SADR\u017dAJ PAKETA: 3 + 1 GRATIS = 240 KAPSULA. Ako \u017eelite kupiti samo jednu kutiju, kliknite ovdje.","og_url":"https:\/\/sen-shop.com\/hr\/collections\/nekategorizirano\/cimet-za-regulaciju-secera-u-krvi-31-gratis\/","og_site_name":"SEN Shop","article_publisher":"https:\/\/www.facebook.com\/Senshopslovenija","article_modified_time":"2021-04-22T08:38:03+00:00","og_image":[{"width":1080,"height":1080,"url":"https:\/\/sen-shop.com\/wp-content\/uploads\/2021\/04\/cimet-gratis-diabetes.png","type":"image\/png"}],"twitter_card":"summary_large_image","twitter_misc":{"Est. reading time":"2 minutes"},"schema":{"@context":"https:\/\/schema.org","@graph":[{"@type":"WebPage","@id":"https:\/\/sen-shop.com\/hr\/collections\/nekategorizirano\/cimet-za-regulaciju-secera-u-krvi-31-gratis\/","url":"https:\/\/sen-shop.com\/hr\/collections\/nekategorizirano\/cimet-za-regulaciju-secera-u-krvi-31-gratis\/","name":"Cimet 3+1 GRATIS - SEN Shop","isPartOf":{"@id":"https:\/\/sen-shop.com\/hr\/#website"},"datePublished":"2020-02-03T12:57:00+00:00","dateModified":"2021-04-22T08:38:03+00:00","breadcrumb":{"@id":"https:\/\/sen-shop.com\/hr\/collections\/nekategorizirano\/cimet-za-regulaciju-secera-u-krvi-31-gratis\/#breadcrumb"},"inLanguage":"hr-HR","potentialAction":[{"@type":"ReadAction","target":["https:\/\/sen-shop.com\/hr\/collections\/nekategorizirano\/cimet-za-regulaciju-secera-u-krvi-31-gratis\/"]}]},{"@type":"BreadcrumbList","@id":"https:\/\/sen-shop.com\/hr\/collections\/nekategorizirano\/cimet-za-regulaciju-secera-u-krvi-31-gratis\/#breadcrumb","itemListElement":[{"@type":"ListItem","position":1,"name":"Home","item":"https:\/\/sen-shop.com\/hr\/"},{"@type":"ListItem","position":2,"name":"Cimet 3+1 GRATIS"}]},{"@type":"WebSite","@id":"https:\/\/sen-shop.com\/hr\/#website","url":"https:\/\/sen-shop.com\/hr\/","name":"SEN Shop","description":"Slovensko, Ekolo\u0161ko, Naravno","publisher":{"@id":"https:\/\/sen-shop.com\/hr\/#organization"},"potentialAction":[{"@type":"SearchAction","target":{"@type":"EntryPoint","urlTemplate":"https:\/\/sen-shop.com\/hr\/?s={search_term_string}"},"query-input":"required name=search_term_string"}],"inLanguage":"hr-HR"},{"@type":"Organization","@id":"https:\/\/sen-shop.com\/hr\/#organization","name":"Mind trade d.o.o","url":"https:\/\/sen-shop.com\/hr\/","logo":{"@type":"ImageObject","inLanguage":"hr-HR","@id":"https:\/\/sen-shop.com\/hr\/#\/schema\/logo\/image\/","url":"https:\/\/sen-shop.com\/wp-content\/uploads\/2018\/05\/header_logo.png","contentUrl":"https:\/\/sen-shop.com\/wp-content\/uploads\/2018\/05\/header_logo.png","width":138,"height":70,"caption":"Mind trade d.o.o"},"image":{"@id":"https:\/\/sen-shop.com\/hr\/#\/schema\/logo\/image\/"},"sameAs":["https:\/\/www.instagram.com\/senslovenija\/","https:\/\/www.facebook.com\/Senshopslovenija"]}]}},"_links":{"self":[{"href":"https:\/\/sen-shop.com\/hr\/wp-json\/wp\/v2\/product\/27194","targetHints":{"allow":["GET"]}}],"collection":[{"href":"https:\/\/sen-shop.com\/hr\/wp-json\/wp\/v2\/product"}],"about":[{"href":"https:\/\/sen-shop.com\/hr\/wp-json\/wp\/v2\/types\/product"}],"replies":[{"embeddable":true,"href":"https:\/\/sen-shop.com\/hr\/wp-json\/wp\/v2\/comments?post=27194"}],"wp:featuredmedia":[{"embeddable":true,"href":"https:\/\/sen-shop.com\/hr\/wp-json\/wp\/v2\/media\/27195"}],"wp:attachment":[{"href":"https:\/\/sen-shop.com\/hr\/wp-json\/wp\/v2\/media?parent=27194"}],"wp:term":[{"taxonomy":"product_cat","embeddable":true,"href":"https:\/\/sen-shop.com\/hr\/wp-json\/wp\/v2\/product_cat?post=27194"},{"taxonomy":"product_tag","embeddable":true,"href":"https:\/\/sen-shop.com\/hr\/wp-json\/wp\/v2\/product_tag?post=27194"}],"curies":[{"name":"wp","href":"https:\/\/api.w.org\/{rel}","templated":true}]}}