{"id":27190,"date":"2020-09-01T15:10:21","date_gmt":"2020-09-01T13:10:21","guid":{"rendered":"https:\/\/www.sen-shop.com\/collections\/uncategorized\/komplet-savrsena-zastita\/"},"modified":"2020-09-01T15:10:21","modified_gmt":"2020-09-01T13:10:21","slug":"komplet-savrsena-zastita","status":"publish","type":"product","link":"https:\/\/sen-shop.com\/hr\/collections\/nekategorizirano\/komplet-savrsena-zastita\/","title":{"rendered":"Komplet savr\u0161ena za\u0161tita"},"content":{"rendered":"<p>100% prirodni proizvodi koji \u0161tite vlasi\u0161te va\u0161e djece.<\/p>\n<h3>Sastojci:<\/h3>\n<p>\ud83c\udf3f Prirodni \u0161ampon: Prirodna esencijalna ulja: BIO ulje \u010dajevca *, BIO ulje lavande, BIO ulje bosiljka, BIO ulje peperminta i BIO kadulje te blago prirodno sredstvo za pjenjenje (iz ulja kukuruza i kokosa).<\/p>\n<p>\ud83c\udf3f Sprej za kosu: Prirodna esencijalna ulja BIO lavanda, BIO \u010dajevac BIO limunska trava.<\/p>\n<p>\ud83c\udf3f Eteri\u010dno ulje \u010dajevca: 100% prirodno esencijalno ulje \u010dajevca.<\/p>\n","protected":false},"excerpt":{"rendered":"<p>U paketu savr\u0161ena za\u0161tita dobivate 3 proizvoda za potpunu za\u0161titu od u\u0161iju.<\/p>\n<ul>\n<li>2x prirodni \u0161ampon<\/li>\n<li>1x sprej za kosu<\/li>\n<li>1x esencijalno ulje \u010dajevca<\/li>\n<\/ul>\n<p>Koristite \u0161ampon najmanje jednom tjedno. Za ve\u0107u u\u010dinkovitost mo\u017eete mu dodati kap ili dvije esencijalnog ulja \u010dajevca. Neposredno prije ulaska u \u0161kolu ili vrti\u0107, raspr\u0161ite na kosu kako biste vlasi\u0161te za\u0161titili od u\u0161iju.<\/p>\n","protected":false},"featured_media":27193,"comment_status":"closed","ping_status":"closed","template":"","meta":{"inline_featured_image":false},"product_cat":[170],"product_tag":[],"class_list":["post-27190","product","type-product","status-publish","has-post-thumbnail","hentry","product_cat-nekategorizirano"],"acf":[],"yoast_head":"<!-- This site is optimized with the Yoast SEO plugin v19.13 - https:\/\/yoast.com\/wordpress\/plugins\/seo\/ -->\n<title>Komplet savr\u0161ena za\u0161tita - SEN Shop<\/title>\n<meta name=\"robots\" content=\"index, follow, max-snippet:-1, max-image-preview:large, max-video-preview:-1\" \/>\n<link rel=\"canonical\" href=\"https:\/\/sen-shop.com\/hr\/collections\/nekategorizirano\/komplet-savrsena-zastita\/\" \/>\n<meta property=\"og:locale\" content=\"hr_HR\" \/>\n<meta property=\"og:type\" content=\"article\" \/>\n<meta property=\"og:title\" content=\"Komplet savr\u0161ena za\u0161tita - SEN Shop\" \/>\n<meta property=\"og:description\" content=\"U paketu savr\u0161ena za\u0161tita dobivate 3 proizvoda za potpunu za\u0161titu od u\u0161iju.   2x prirodni \u0161ampon  1x sprej za kosu  1x esencijalno ulje \u010dajevca  Koristite \u0161ampon najmanje jednom tjedno. Za ve\u0107u u\u010dinkovitost mo\u017eete mu dodati kap ili dvije esencijalnog ulja \u010dajevca. Neposredno prije ulaska u \u0161kolu ili vrti\u0107, raspr\u0161ite na kosu kako biste vlasi\u0161te za\u0161titili od u\u0161iju.\" \/>\n<meta property=\"og:url\" content=\"https:\/\/sen-shop.com\/hr\/collections\/nekategorizirano\/komplet-savrsena-zastita\/\" \/>\n<meta property=\"og:site_name\" content=\"SEN Shop\" \/>\n<meta property=\"article:publisher\" content=\"https:\/\/www.facebook.com\/Senshopslovenija\" \/>\n<meta property=\"og:image\" content=\"https:\/\/sen-shop.com\/wp-content\/uploads\/2021\/04\/Komplet-savrsena-zastita.jpg\" \/>\n\t<meta property=\"og:image:width\" content=\"1134\" \/>\n\t<meta property=\"og:image:height\" content=\"1134\" \/>\n\t<meta property=\"og:image:type\" content=\"image\/jpeg\" \/>\n<meta name=\"twitter:card\" content=\"summary_large_image\" \/>\n<script type=\"application\/ld+json\" class=\"yoast-schema-graph\">{\"@context\":\"https:\/\/schema.org\",\"@graph\":[{\"@type\":\"WebPage\",\"@id\":\"https:\/\/sen-shop.com\/hr\/collections\/nekategorizirano\/komplet-savrsena-zastita\/\",\"url\":\"https:\/\/sen-shop.com\/hr\/collections\/nekategorizirano\/komplet-savrsena-zastita\/\",\"name\":\"Komplet savr\u0161ena za\u0161tita - SEN Shop\",\"isPartOf\":{\"@id\":\"https:\/\/sen-shop.com\/hr\/#website\"},\"datePublished\":\"2020-09-01T13:10:21+00:00\",\"dateModified\":\"2020-09-01T13:10:21+00:00\",\"breadcrumb\":{\"@id\":\"https:\/\/sen-shop.com\/hr\/collections\/nekategorizirano\/komplet-savrsena-zastita\/#breadcrumb\"},\"inLanguage\":\"hr-HR\",\"potentialAction\":[{\"@type\":\"ReadAction\",\"target\":[\"https:\/\/sen-shop.com\/hr\/collections\/nekategorizirano\/komplet-savrsena-zastita\/\"]}]},{\"@type\":\"BreadcrumbList\",\"@id\":\"https:\/\/sen-shop.com\/hr\/collections\/nekategorizirano\/komplet-savrsena-zastita\/#breadcrumb\",\"itemListElement\":[{\"@type\":\"ListItem\",\"position\":1,\"name\":\"Home\",\"item\":\"https:\/\/sen-shop.com\/hr\/\"},{\"@type\":\"ListItem\",\"position\":2,\"name\":\"Komplet savr\u0161ena za\u0161tita\"}]},{\"@type\":\"WebSite\",\"@id\":\"https:\/\/sen-shop.com\/hr\/#website\",\"url\":\"https:\/\/sen-shop.com\/hr\/\",\"name\":\"SEN Shop\",\"description\":\"Slovensko, Ekolo\u0161ko, Naravno\",\"publisher\":{\"@id\":\"https:\/\/sen-shop.com\/hr\/#organization\"},\"potentialAction\":[{\"@type\":\"SearchAction\",\"target\":{\"@type\":\"EntryPoint\",\"urlTemplate\":\"https:\/\/sen-shop.com\/hr\/?s={search_term_string}\"},\"query-input\":\"required name=search_term_string\"}],\"inLanguage\":\"hr-HR\"},{\"@type\":\"Organization\",\"@id\":\"https:\/\/sen-shop.com\/hr\/#organization\",\"name\":\"Mind trade d.o.o\",\"url\":\"https:\/\/sen-shop.com\/hr\/\",\"logo\":{\"@type\":\"ImageObject\",\"inLanguage\":\"hr-HR\",\"@id\":\"https:\/\/sen-shop.com\/hr\/#\/schema\/logo\/image\/\",\"url\":\"https:\/\/sen-shop.com\/wp-content\/uploads\/2018\/05\/header_logo.png\",\"contentUrl\":\"https:\/\/sen-shop.com\/wp-content\/uploads\/2018\/05\/header_logo.png\",\"width\":138,\"height\":70,\"caption\":\"Mind trade d.o.o\"},\"image\":{\"@id\":\"https:\/\/sen-shop.com\/hr\/#\/schema\/logo\/image\/\"},\"sameAs\":[\"https:\/\/www.instagram.com\/senslovenija\/\",\"https:\/\/www.facebook.com\/Senshopslovenija\"]}]}<\/script>\n<!-- \/ Yoast SEO plugin. -->","yoast_head_json":{"title":"Komplet savr\u0161ena za\u0161tita - SEN Shop","robots":{"index":"index","follow":"follow","max-snippet":"max-snippet:-1","max-image-preview":"max-image-preview:large","max-video-preview":"max-video-preview:-1"},"canonical":"https:\/\/sen-shop.com\/hr\/collections\/nekategorizirano\/komplet-savrsena-zastita\/","og_locale":"hr_HR","og_type":"article","og_title":"Komplet savr\u0161ena za\u0161tita - SEN Shop","og_description":"U paketu savr\u0161ena za\u0161tita dobivate 3 proizvoda za potpunu za\u0161titu od u\u0161iju.   2x prirodni \u0161ampon  1x sprej za kosu  1x esencijalno ulje \u010dajevca  Koristite \u0161ampon najmanje jednom tjedno. Za ve\u0107u u\u010dinkovitost mo\u017eete mu dodati kap ili dvije esencijalnog ulja \u010dajevca. Neposredno prije ulaska u \u0161kolu ili vrti\u0107, raspr\u0161ite na kosu kako biste vlasi\u0161te za\u0161titili od u\u0161iju.","og_url":"https:\/\/sen-shop.com\/hr\/collections\/nekategorizirano\/komplet-savrsena-zastita\/","og_site_name":"SEN Shop","article_publisher":"https:\/\/www.facebook.com\/Senshopslovenija","og_image":[{"width":1134,"height":1134,"url":"https:\/\/sen-shop.com\/wp-content\/uploads\/2021\/04\/Komplet-savrsena-zastita.jpg","type":"image\/jpeg"}],"twitter_card":"summary_large_image","schema":{"@context":"https:\/\/schema.org","@graph":[{"@type":"WebPage","@id":"https:\/\/sen-shop.com\/hr\/collections\/nekategorizirano\/komplet-savrsena-zastita\/","url":"https:\/\/sen-shop.com\/hr\/collections\/nekategorizirano\/komplet-savrsena-zastita\/","name":"Komplet savr\u0161ena za\u0161tita - SEN Shop","isPartOf":{"@id":"https:\/\/sen-shop.com\/hr\/#website"},"datePublished":"2020-09-01T13:10:21+00:00","dateModified":"2020-09-01T13:10:21+00:00","breadcrumb":{"@id":"https:\/\/sen-shop.com\/hr\/collections\/nekategorizirano\/komplet-savrsena-zastita\/#breadcrumb"},"inLanguage":"hr-HR","potentialAction":[{"@type":"ReadAction","target":["https:\/\/sen-shop.com\/hr\/collections\/nekategorizirano\/komplet-savrsena-zastita\/"]}]},{"@type":"BreadcrumbList","@id":"https:\/\/sen-shop.com\/hr\/collections\/nekategorizirano\/komplet-savrsena-zastita\/#breadcrumb","itemListElement":[{"@type":"ListItem","position":1,"name":"Home","item":"https:\/\/sen-shop.com\/hr\/"},{"@type":"ListItem","position":2,"name":"Komplet savr\u0161ena za\u0161tita"}]},{"@type":"WebSite","@id":"https:\/\/sen-shop.com\/hr\/#website","url":"https:\/\/sen-shop.com\/hr\/","name":"SEN Shop","description":"Slovensko, Ekolo\u0161ko, Naravno","publisher":{"@id":"https:\/\/sen-shop.com\/hr\/#organization"},"potentialAction":[{"@type":"SearchAction","target":{"@type":"EntryPoint","urlTemplate":"https:\/\/sen-shop.com\/hr\/?s={search_term_string}"},"query-input":"required name=search_term_string"}],"inLanguage":"hr-HR"},{"@type":"Organization","@id":"https:\/\/sen-shop.com\/hr\/#organization","name":"Mind trade d.o.o","url":"https:\/\/sen-shop.com\/hr\/","logo":{"@type":"ImageObject","inLanguage":"hr-HR","@id":"https:\/\/sen-shop.com\/hr\/#\/schema\/logo\/image\/","url":"https:\/\/sen-shop.com\/wp-content\/uploads\/2018\/05\/header_logo.png","contentUrl":"https:\/\/sen-shop.com\/wp-content\/uploads\/2018\/05\/header_logo.png","width":138,"height":70,"caption":"Mind trade d.o.o"},"image":{"@id":"https:\/\/sen-shop.com\/hr\/#\/schema\/logo\/image\/"},"sameAs":["https:\/\/www.instagram.com\/senslovenija\/","https:\/\/www.facebook.com\/Senshopslovenija"]}]}},"_links":{"self":[{"href":"https:\/\/sen-shop.com\/hr\/wp-json\/wp\/v2\/product\/27190","targetHints":{"allow":["GET"]}}],"collection":[{"href":"https:\/\/sen-shop.com\/hr\/wp-json\/wp\/v2\/product"}],"about":[{"href":"https:\/\/sen-shop.com\/hr\/wp-json\/wp\/v2\/types\/product"}],"replies":[{"embeddable":true,"href":"https:\/\/sen-shop.com\/hr\/wp-json\/wp\/v2\/comments?post=27190"}],"wp:featuredmedia":[{"embeddable":true,"href":"https:\/\/sen-shop.com\/hr\/wp-json\/wp\/v2\/media\/27193"}],"wp:attachment":[{"href":"https:\/\/sen-shop.com\/hr\/wp-json\/wp\/v2\/media?parent=27190"}],"wp:term":[{"taxonomy":"product_cat","embeddable":true,"href":"https:\/\/sen-shop.com\/hr\/wp-json\/wp\/v2\/product_cat?post=27190"},{"taxonomy":"product_tag","embeddable":true,"href":"https:\/\/sen-shop.com\/hr\/wp-json\/wp\/v2\/product_tag?post=27190"}],"curies":[{"name":"wp","href":"https:\/\/api.w.org\/{rel}","templated":true}]}}