{"id":27186,"date":"2020-10-26T15:54:06","date_gmt":"2020-10-26T14:54:06","guid":{"rendered":"https:\/\/www.sen-shop.com\/collections\/uncategorized\/vitamin-d-31\/"},"modified":"2020-10-26T15:54:06","modified_gmt":"2020-10-26T14:54:06","slug":"vitamin-d-31","status":"publish","type":"product","link":"https:\/\/sen-shop.com\/hr\/collections\/nekategorizirano-hr\/vitamin-d-31\/","title":{"rendered":"Vitamin D 3+1"},"content":{"rendered":"<p><strong>Upotreba:<\/strong> Uzimajte 1 kapsulu dnevno s puno teku\u0107ine.<\/p>\n<p>Jedna kapsula sadr\u017ei:<\/p>\n<ul>\n<li>1000 IU<\/li>\n<li>25 Jug<\/li>\n<li>500% preporu\u010denog dnevnog unosa<\/li>\n<\/ul>\n<p>Kapsule se sastoje od prirodne biljne ovojnice. Konstruiran za prirodnu razgradnju, lako su probavljivi i omogu\u0107uju bolju apsorpciju hranjivih sastojaka tijekom probave.<\/p>\n<p>Kapsule sadr\u017ee prirodni i \u010disti vitamin D, dobiven iz lanolina, koji je vlastiti izvor vitamina D.<\/p>\n<p>Koli\u010dina: 60 kapsula (dovoljno za 2 mjeseca)<\/p>\n","protected":false},"excerpt":{"rendered":"<p>U kompletu dobivate 4 boce vitamina D, a pla\u0107ate samo 3. Dovoljno za 8 mjeseci.<\/p>\n<p>Vitamin sunca,<strong>\u00a01000 IU, 25 \u00b5g<\/strong>, 500% preporu\u010denog dnevnog unosa u kapsuli.<\/p>\n<div class=\"woocommerce-product-details__short-description\">\n<p>Preporu\u010duje sve medicinsko osoblje u vrijeme virusnih razdobljih.<\/p>\n<ul>\n<li><strong>\u00a0za normalno funkcioniranje imunolo\u0161kog sustava<\/strong><\/li>\n<li>za odr\u017eavanje zdravih kostiju, zuba i mi\u0161i\u0107a<\/li>\n<li>doprinosi normalnom radu mi\u0161i\u0107a<\/li>\n<li>za apsorpciju kalcija i fosfora u krvi<\/li>\n<li>ima ulogu u dijeljenja stanica<\/li>\n<\/ul>\n<\/div>\n","protected":false},"featured_media":27189,"comment_status":"open","ping_status":"closed","template":"","meta":{"inline_featured_image":false},"product_cat":[810],"product_tag":[],"class_list":["post-27186","product","type-product","status-publish","has-post-thumbnail","hentry","product_cat-nekategorizirano-hr","yith_product_brand-eko-hr","yith_product_brand-ni-testirano-na-zivali-hr"],"acf":[],"yoast_head":"<!-- This site is optimized with the Yoast SEO plugin v19.13 - https:\/\/yoast.com\/wordpress\/plugins\/seo\/ -->\n<title>Vitamin D 3+1 - SEN Shop<\/title>\n<meta name=\"robots\" content=\"index, follow, max-snippet:-1, max-image-preview:large, max-video-preview:-1\" \/>\n<link rel=\"canonical\" href=\"https:\/\/sen-shop.com\/hr\/collections\/nekategorizirano-hr\/vitamin-d-31\/\" \/>\n<meta property=\"og:locale\" content=\"hr_HR\" \/>\n<meta property=\"og:type\" content=\"article\" \/>\n<meta property=\"og:title\" content=\"Vitamin D 3+1 - SEN Shop\" \/>\n<meta property=\"og:description\" content=\"U kompletu dobivate 4 boce vitamina D, a pla\u0107ate samo 3. Dovoljno za 8 mjeseci.  Vitamin sunca,\u00a01000 IU, 25 \u00b5g, 500% preporu\u010denog dnevnog unosa u kapsuli.   Preporu\u010duje sve medicinsko osoblje u vrijeme virusnih razdobljih.   \u00a0za normalno funkcioniranje imunolo\u0161kog sustava  za odr\u017eavanje zdravih kostiju, zuba i mi\u0161i\u0107a  doprinosi normalnom radu mi\u0161i\u0107a  za apsorpciju kalcija i fosfora u krvi  ima ulogu u dijeljenja stanica\" \/>\n<meta property=\"og:url\" content=\"https:\/\/sen-shop.com\/hr\/collections\/nekategorizirano-hr\/vitamin-d-31\/\" \/>\n<meta property=\"og:site_name\" content=\"SEN Shop\" \/>\n<meta property=\"article:publisher\" content=\"https:\/\/www.facebook.com\/Senshopslovenija\" \/>\n<meta property=\"og:image\" content=\"https:\/\/sen-shop.com\/wp-content\/uploads\/2021\/04\/Kopija-izd.-darila-z-razkuzilom.png\" \/>\n\t<meta property=\"og:image:width\" content=\"700\" \/>\n\t<meta property=\"og:image:height\" content=\"800\" \/>\n\t<meta property=\"og:image:type\" content=\"image\/png\" \/>\n<meta name=\"twitter:card\" content=\"summary_large_image\" \/>\n<script type=\"application\/ld+json\" class=\"yoast-schema-graph\">{\"@context\":\"https:\/\/schema.org\",\"@graph\":[{\"@type\":\"WebPage\",\"@id\":\"https:\/\/sen-shop.com\/hr\/collections\/nekategorizirano-hr\/vitamin-d-31\/\",\"url\":\"https:\/\/sen-shop.com\/hr\/collections\/nekategorizirano-hr\/vitamin-d-31\/\",\"name\":\"Vitamin D 3+1 - SEN Shop\",\"isPartOf\":{\"@id\":\"https:\/\/sen-shop.com\/hr\/#website\"},\"datePublished\":\"2020-10-26T14:54:06+00:00\",\"dateModified\":\"2020-10-26T14:54:06+00:00\",\"breadcrumb\":{\"@id\":\"https:\/\/sen-shop.com\/hr\/collections\/nekategorizirano-hr\/vitamin-d-31\/#breadcrumb\"},\"inLanguage\":\"hr-HR\",\"potentialAction\":[{\"@type\":\"ReadAction\",\"target\":[\"https:\/\/sen-shop.com\/hr\/collections\/nekategorizirano-hr\/vitamin-d-31\/\"]}]},{\"@type\":\"BreadcrumbList\",\"@id\":\"https:\/\/sen-shop.com\/hr\/collections\/nekategorizirano-hr\/vitamin-d-31\/#breadcrumb\",\"itemListElement\":[{\"@type\":\"ListItem\",\"position\":1,\"name\":\"Home\",\"item\":\"https:\/\/sen-shop.com\/hr\/\"},{\"@type\":\"ListItem\",\"position\":2,\"name\":\"Vitamin D 3+1\"}]},{\"@type\":\"WebSite\",\"@id\":\"https:\/\/sen-shop.com\/hr\/#website\",\"url\":\"https:\/\/sen-shop.com\/hr\/\",\"name\":\"SEN Shop\",\"description\":\"Slovensko, Ekolo\u0161ko, Naravno\",\"publisher\":{\"@id\":\"https:\/\/sen-shop.com\/hr\/#organization\"},\"potentialAction\":[{\"@type\":\"SearchAction\",\"target\":{\"@type\":\"EntryPoint\",\"urlTemplate\":\"https:\/\/sen-shop.com\/hr\/?s={search_term_string}\"},\"query-input\":\"required name=search_term_string\"}],\"inLanguage\":\"hr-HR\"},{\"@type\":\"Organization\",\"@id\":\"https:\/\/sen-shop.com\/hr\/#organization\",\"name\":\"Mind trade d.o.o\",\"url\":\"https:\/\/sen-shop.com\/hr\/\",\"logo\":{\"@type\":\"ImageObject\",\"inLanguage\":\"hr-HR\",\"@id\":\"https:\/\/sen-shop.com\/hr\/#\/schema\/logo\/image\/\",\"url\":\"https:\/\/sen-shop.com\/wp-content\/uploads\/2018\/05\/header_logo.png\",\"contentUrl\":\"https:\/\/sen-shop.com\/wp-content\/uploads\/2018\/05\/header_logo.png\",\"width\":138,\"height\":70,\"caption\":\"Mind trade d.o.o\"},\"image\":{\"@id\":\"https:\/\/sen-shop.com\/hr\/#\/schema\/logo\/image\/\"},\"sameAs\":[\"https:\/\/www.instagram.com\/senslovenija\/\",\"https:\/\/www.facebook.com\/Senshopslovenija\"]}]}<\/script>\n<!-- \/ Yoast SEO plugin. -->","yoast_head_json":{"title":"Vitamin D 3+1 - SEN Shop","robots":{"index":"index","follow":"follow","max-snippet":"max-snippet:-1","max-image-preview":"max-image-preview:large","max-video-preview":"max-video-preview:-1"},"canonical":"https:\/\/sen-shop.com\/hr\/collections\/nekategorizirano-hr\/vitamin-d-31\/","og_locale":"hr_HR","og_type":"article","og_title":"Vitamin D 3+1 - SEN Shop","og_description":"U kompletu dobivate 4 boce vitamina D, a pla\u0107ate samo 3. Dovoljno za 8 mjeseci.  Vitamin sunca,\u00a01000 IU, 25 \u00b5g, 500% preporu\u010denog dnevnog unosa u kapsuli.   Preporu\u010duje sve medicinsko osoblje u vrijeme virusnih razdobljih.   \u00a0za normalno funkcioniranje imunolo\u0161kog sustava  za odr\u017eavanje zdravih kostiju, zuba i mi\u0161i\u0107a  doprinosi normalnom radu mi\u0161i\u0107a  za apsorpciju kalcija i fosfora u krvi  ima ulogu u dijeljenja stanica","og_url":"https:\/\/sen-shop.com\/hr\/collections\/nekategorizirano-hr\/vitamin-d-31\/","og_site_name":"SEN Shop","article_publisher":"https:\/\/www.facebook.com\/Senshopslovenija","og_image":[{"width":700,"height":800,"url":"https:\/\/sen-shop.com\/wp-content\/uploads\/2021\/04\/Kopija-izd.-darila-z-razkuzilom.png","type":"image\/png"}],"twitter_card":"summary_large_image","schema":{"@context":"https:\/\/schema.org","@graph":[{"@type":"WebPage","@id":"https:\/\/sen-shop.com\/hr\/collections\/nekategorizirano-hr\/vitamin-d-31\/","url":"https:\/\/sen-shop.com\/hr\/collections\/nekategorizirano-hr\/vitamin-d-31\/","name":"Vitamin D 3+1 - SEN Shop","isPartOf":{"@id":"https:\/\/sen-shop.com\/hr\/#website"},"datePublished":"2020-10-26T14:54:06+00:00","dateModified":"2020-10-26T14:54:06+00:00","breadcrumb":{"@id":"https:\/\/sen-shop.com\/hr\/collections\/nekategorizirano-hr\/vitamin-d-31\/#breadcrumb"},"inLanguage":"hr-HR","potentialAction":[{"@type":"ReadAction","target":["https:\/\/sen-shop.com\/hr\/collections\/nekategorizirano-hr\/vitamin-d-31\/"]}]},{"@type":"BreadcrumbList","@id":"https:\/\/sen-shop.com\/hr\/collections\/nekategorizirano-hr\/vitamin-d-31\/#breadcrumb","itemListElement":[{"@type":"ListItem","position":1,"name":"Home","item":"https:\/\/sen-shop.com\/hr\/"},{"@type":"ListItem","position":2,"name":"Vitamin D 3+1"}]},{"@type":"WebSite","@id":"https:\/\/sen-shop.com\/hr\/#website","url":"https:\/\/sen-shop.com\/hr\/","name":"SEN Shop","description":"Slovensko, Ekolo\u0161ko, Naravno","publisher":{"@id":"https:\/\/sen-shop.com\/hr\/#organization"},"potentialAction":[{"@type":"SearchAction","target":{"@type":"EntryPoint","urlTemplate":"https:\/\/sen-shop.com\/hr\/?s={search_term_string}"},"query-input":"required name=search_term_string"}],"inLanguage":"hr-HR"},{"@type":"Organization","@id":"https:\/\/sen-shop.com\/hr\/#organization","name":"Mind trade d.o.o","url":"https:\/\/sen-shop.com\/hr\/","logo":{"@type":"ImageObject","inLanguage":"hr-HR","@id":"https:\/\/sen-shop.com\/hr\/#\/schema\/logo\/image\/","url":"https:\/\/sen-shop.com\/wp-content\/uploads\/2018\/05\/header_logo.png","contentUrl":"https:\/\/sen-shop.com\/wp-content\/uploads\/2018\/05\/header_logo.png","width":138,"height":70,"caption":"Mind trade d.o.o"},"image":{"@id":"https:\/\/sen-shop.com\/hr\/#\/schema\/logo\/image\/"},"sameAs":["https:\/\/www.instagram.com\/senslovenija\/","https:\/\/www.facebook.com\/Senshopslovenija"]}]}},"_links":{"self":[{"href":"https:\/\/sen-shop.com\/hr\/wp-json\/wp\/v2\/product\/27186","targetHints":{"allow":["GET"]}}],"collection":[{"href":"https:\/\/sen-shop.com\/hr\/wp-json\/wp\/v2\/product"}],"about":[{"href":"https:\/\/sen-shop.com\/hr\/wp-json\/wp\/v2\/types\/product"}],"replies":[{"embeddable":true,"href":"https:\/\/sen-shop.com\/hr\/wp-json\/wp\/v2\/comments?post=27186"}],"wp:featuredmedia":[{"embeddable":true,"href":"https:\/\/sen-shop.com\/hr\/wp-json\/wp\/v2\/media\/27189"}],"wp:attachment":[{"href":"https:\/\/sen-shop.com\/hr\/wp-json\/wp\/v2\/media?parent=27186"}],"wp:term":[{"taxonomy":"product_cat","embeddable":true,"href":"https:\/\/sen-shop.com\/hr\/wp-json\/wp\/v2\/product_cat?post=27186"},{"taxonomy":"product_tag","embeddable":true,"href":"https:\/\/sen-shop.com\/hr\/wp-json\/wp\/v2\/product_tag?post=27186"}],"curies":[{"name":"wp","href":"https:\/\/api.w.org\/{rel}","templated":true}]}}